{"id":9812,"date":"2022-10-15T19:55:14","date_gmt":"2022-10-15T18:55:14","guid":{"rendered":"https:\/\/leboxi.eu\/?post_type=product&#038;p=9812"},"modified":"2026-04-24T17:46:33","modified_gmt":"2026-04-24T16:46:33","slug":"set-za-nego-brade","status":"publish","type":"product","link":"https:\/\/leboxi.eu\/sl\/izdelek\/set-za-nego-brade\/","title":{"rendered":"Set za nego brade"},"content":{"rendered":"<p>Za\u010detni &#8220;brada\u010d&#8221; ali \u017ee dolgoletni lastnik ko\u0161ate brade &#8211; eno je gotovo &#8211; kvaliteten set za urejanje brade je obvezen! \u010ce i\u0161\u010dete darilo za mo\u017ea, fanta, brata ali prijatelja je to popolna ideja za prakti\u010dno darilo.<\/p>\n<p>&nbsp;<\/p>\n<p>Set za urejanje brade vsebuje vse kar se potrebuje za urejanje le te:<\/p>\n<p>&#8211; dvostranski lesen glavni\u010dek<\/p>\n<p>&#8211; kovinski glavni\u010dek<\/p>\n<p>&#8211; \u0161\u010detko<\/p>\n<p>&#8211; ostre \u0161karje<\/p>\n<p>\u010ce \u017eelite bomo va\u0161e darilo obdarovancu dostavili mi, seveda pa ob dostavi ne bomo prilo\u017eili ra\u010duna. Le-tega boste prejeli vi.<\/p>\n<p>&nbsp;<\/p>\n<p>&nbsp;<\/p>\n","protected":false},"excerpt":{"rendered":"<p>Na\u0161 visokokakovosten set za nego brade bo navdu\u0161il vse \u010dlane kluba &#8220;brada\u010dev&#8221;. S kvalitetnimi pripomo\u010dki bo urejanje brade enostavnej\u0161e. Set vsebuje vse kar potrebuje vsaka brada za lep izgled in negovan u\u010dinek &#8211; dva glavni\u010dka, \u0161\u010detko in ostre \u0161karje ter torbico za shranjevanje.<\/p>\n<p>Setu lahko dodate tudi <a href=\"https:\/\/leboxi.eu\/sl\/izdelki\/ogrinjalo-za-britje-brade\/\" target=\"_blank\" rel=\"noopener\">ogrinjalo za britje brade in las<\/a> ter persionalizirano usnjeno toaletno torbico.<\/p>\n<p>\u010ce \u017eelite bomo va\u0161e darilo obdarovancu dostavili mi, seveda pa ob dostavi ne bomo prilo\u017eili ra\u010duna. Le-tega boste prejeli vi.<\/p>\n<p>&nbsp;<\/p>\n","protected":false},"featured_media":9788,"comment_status":"open","ping_status":"closed","template":"","meta":{"site-sidebar-layout":"default","site-content-layout":"default","ast-site-content-layout":"default","site-content-style":"default","site-sidebar-style":"default","ast-global-header-display":"","ast-banner-title-visibility":"","ast-main-header-display":"","ast-hfb-above-header-display":"","ast-hfb-below-header-display":"","ast-hfb-mobile-header-display":"","site-post-title":"","ast-breadcrumbs-content":"","ast-featured-img":"","footer-sml-layout":"","ast-disable-related-posts":"","theme-transparent-header-meta":"default","adv-header-id-meta":"","stick-header-meta":"","header-above-stick-meta":"","header-main-stick-meta":"","header-below-stick-meta":"","astra-migrate-meta-layouts":"set","ast-page-background-enabled":"default","ast-page-background-meta":{"desktop":{"background-color":"","background-image":"","background-repeat":"repeat","background-position":"center center","background-size":"auto","background-attachment":"scroll","background-type":"","background-media":"","overlay-type":"","overlay-color":"","overlay-opacity":"","overlay-gradient":""},"tablet":{"background-color":"","background-image":"","background-repeat":"repeat","background-position":"center center","background-size":"auto","background-attachment":"scroll","background-type":"","background-media":"","overlay-type":"","overlay-color":"","overlay-opacity":"","overlay-gradient":""},"mobile":{"background-color":"","background-image":"","background-repeat":"repeat","background-position":"center center","background-size":"auto","background-attachment":"scroll","background-type":"","background-media":"","overlay-type":"","overlay-color":"","overlay-opacity":"","overlay-gradient":""}},"ast-content-background-meta":{"desktop":{"background-color":"var(--ast-global-color-5)","background-image":"","background-repeat":"repeat","background-position":"center center","background-size":"auto","background-attachment":"scroll","background-type":"","background-media":"","overlay-type":"","overlay-color":"","overlay-opacity":"","overlay-gradient":""},"tablet":{"background-color":"var(--ast-global-color-5)","background-image":"","background-repeat":"repeat","background-position":"center center","background-size":"auto","background-attachment":"scroll","background-type":"","background-media":"","overlay-type":"","overlay-color":"","overlay-opacity":"","overlay-gradient":""},"mobile":{"background-color":"var(--ast-global-color-5)","background-image":"","background-repeat":"repeat","background-position":"center center","background-size":"auto","background-attachment":"scroll","background-type":"","background-media":"","overlay-type":"","overlay-color":"","overlay-opacity":"","overlay-gradient":""}}},"product_brand":[],"product_cat":[160,184,118,116,164,176,162,180,24,146,15],"product_tag":[],"class_list":{"0":"post-9812","1":"product","2":"type-product","3":"status-publish","4":"has-post-thumbnail","6":"product_cat-darila-za-bozic","7":"product_cat-darila-za-bozic-za-moske","8":"product_cat-darila-za-fanta","9":"product_cat-darila-za-moske","10":"product_cat-darila-za-rojstni-dan","11":"product_cat-za-moske","12":"product_cat-darila-za-valentinovo","13":"product_cat-darila-za-valentinovo-za-moske","14":"product_cat-moski","15":"product_cat-priloznosti","16":"product_cat-splosna","17":"desktop-align-left","18":"tablet-align-left","19":"mobile-align-left","21":"first","22":"instock","23":"taxable","24":"shipping-taxable","25":"purchasable","26":"product-type-simple"},"yoast_head":"<!-- This site is optimized with the Yoast SEO plugin v27.4 - https:\/\/yoast.com\/product\/yoast-seo-wordpress\/ -->\n<title>Set za nego brade | Le Boxi<\/title>\n<meta name=\"description\" content=\"Set za nego brade bo navdu\u0161il vse \u010dlane kluba &quot;brada\u010dev&quot;. S kvalitetnimi pripomo\u010dki bo urejanje brade enostavnej\u0161e.\" \/>\n<meta name=\"robots\" content=\"index, follow, max-snippet:-1, max-image-preview:large, max-video-preview:-1\" \/>\n<link rel=\"canonical\" href=\"https:\/\/leboxi.eu\/sl\/izdelek\/set-za-nego-brade\/\" \/>\n<meta property=\"og:locale\" content=\"sl_SI\" \/>\n<meta property=\"og:type\" content=\"article\" \/>\n<meta property=\"og:title\" content=\"Set za nego brade | Le Boxi\" \/>\n<meta property=\"og:description\" content=\"Set za nego brade bo navdu\u0161il vse \u010dlane kluba &quot;brada\u010dev&quot;. S kvalitetnimi pripomo\u010dki bo urejanje brade enostavnej\u0161e.\" \/>\n<meta property=\"og:url\" content=\"https:\/\/leboxi.eu\/sl\/izdelek\/set-za-nego-brade\/\" \/>\n<meta property=\"og:site_name\" content=\"Le Boxi | Unikatna darila za vsakogar\" \/>\n<meta property=\"article:publisher\" content=\"https:\/\/www.facebook.com\/leboxi.eu\" \/>\n<meta property=\"article:modified_time\" content=\"2026-04-24T16:46:33+00:00\" \/>\n<meta property=\"og:image\" content=\"https:\/\/leboxi.eu\/wp-content\/uploads\/2022\/10\/set-za-nego-brade.jpg\" \/>\n\t<meta property=\"og:image:width\" content=\"800\" \/>\n\t<meta property=\"og:image:height\" content=\"800\" \/>\n\t<meta property=\"og:image:type\" content=\"image\/jpeg\" \/>\n<meta name=\"twitter:card\" content=\"summary_large_image\" \/>\n<meta name=\"twitter:label1\" content=\"Est. reading time\" \/>\n\t<meta name=\"twitter:data1\" content=\"1 minuta\" \/>\n<script type=\"application\/ld+json\" class=\"yoast-schema-graph\">{\"@context\":\"https:\\\/\\\/schema.org\",\"@graph\":[{\"@type\":\"WebPage\",\"@id\":\"https:\\\/\\\/leboxi.eu\\\/sl\\\/izdelek\\\/set-za-nego-brade\\\/\",\"url\":\"https:\\\/\\\/leboxi.eu\\\/sl\\\/izdelek\\\/set-za-nego-brade\\\/\",\"name\":\"Set za nego brade | Le Boxi\",\"isPartOf\":{\"@id\":\"https:\\\/\\\/leboxi.eu\\\/sl\\\/#website\"},\"primaryImageOfPage\":{\"@id\":\"https:\\\/\\\/leboxi.eu\\\/sl\\\/izdelek\\\/set-za-nego-brade\\\/#primaryimage\"},\"image\":{\"@id\":\"https:\\\/\\\/leboxi.eu\\\/sl\\\/izdelek\\\/set-za-nego-brade\\\/#primaryimage\"},\"thumbnailUrl\":\"https:\\\/\\\/leboxi.eu\\\/wp-content\\\/uploads\\\/2022\\\/10\\\/set-za-nego-brade.jpg\",\"datePublished\":\"2022-10-15T18:55:14+00:00\",\"dateModified\":\"2026-04-24T16:46:33+00:00\",\"description\":\"Set za nego brade bo navdu\u0161il vse \u010dlane kluba \\\"brada\u010dev\\\". S kvalitetnimi pripomo\u010dki bo urejanje brade enostavnej\u0161e.\",\"breadcrumb\":{\"@id\":\"https:\\\/\\\/leboxi.eu\\\/sl\\\/izdelek\\\/set-za-nego-brade\\\/#breadcrumb\"},\"inLanguage\":\"sl-SI\",\"potentialAction\":[{\"@type\":\"ReadAction\",\"target\":[\"https:\\\/\\\/leboxi.eu\\\/sl\\\/izdelek\\\/set-za-nego-brade\\\/\"]}]},{\"@type\":\"ImageObject\",\"inLanguage\":\"sl-SI\",\"@id\":\"https:\\\/\\\/leboxi.eu\\\/sl\\\/izdelek\\\/set-za-nego-brade\\\/#primaryimage\",\"url\":\"https:\\\/\\\/leboxi.eu\\\/wp-content\\\/uploads\\\/2022\\\/10\\\/set-za-nego-brade.jpg\",\"contentUrl\":\"https:\\\/\\\/leboxi.eu\\\/wp-content\\\/uploads\\\/2022\\\/10\\\/set-za-nego-brade.jpg\",\"width\":800,\"height\":800},{\"@type\":\"BreadcrumbList\",\"@id\":\"https:\\\/\\\/leboxi.eu\\\/sl\\\/izdelek\\\/set-za-nego-brade\\\/#breadcrumb\",\"itemListElement\":[{\"@type\":\"ListItem\",\"position\":1,\"name\":\"Doma\",\"item\":\"https:\\\/\\\/leboxi.eu\\\/sl\\\/\"},{\"@type\":\"ListItem\",\"position\":2,\"name\":\"Trgovina\",\"item\":\"https:\\\/\\\/leboxi.eu\\\/sl\\\/trgovina\\\/\"},{\"@type\":\"ListItem\",\"position\":3,\"name\":\"Set za nego brade\"}]},{\"@type\":\"WebSite\",\"@id\":\"https:\\\/\\\/leboxi.eu\\\/sl\\\/#website\",\"url\":\"https:\\\/\\\/leboxi.eu\\\/sl\\\/\",\"name\":\"Le Boxi | Unikatna darila za vsakogar\",\"description\":\"Unikatna darila in darilne \u0161katle za vse prilo\u017enosti.\",\"publisher\":{\"@id\":\"https:\\\/\\\/leboxi.eu\\\/sl\\\/#organization\"},\"potentialAction\":[{\"@type\":\"SearchAction\",\"target\":{\"@type\":\"EntryPoint\",\"urlTemplate\":\"https:\\\/\\\/leboxi.eu\\\/sl\\\/?s={search_term_string}\"},\"query-input\":{\"@type\":\"PropertyValueSpecification\",\"valueRequired\":true,\"valueName\":\"search_term_string\"}}],\"inLanguage\":\"sl-SI\"},{\"@type\":\"Organization\",\"@id\":\"https:\\\/\\\/leboxi.eu\\\/sl\\\/#organization\",\"name\":\"LE BOXI\",\"url\":\"https:\\\/\\\/leboxi.eu\\\/sl\\\/\",\"logo\":{\"@type\":\"ImageObject\",\"inLanguage\":\"sl-SI\",\"@id\":\"https:\\\/\\\/leboxi.eu\\\/sl\\\/#\\\/schema\\\/logo\\\/image\\\/\",\"url\":\"https:\\\/\\\/leboxi.eu\\\/wp-content\\\/uploads\\\/2021\\\/02\\\/LeBoxi-manjsi-png.png\",\"contentUrl\":\"https:\\\/\\\/leboxi.eu\\\/wp-content\\\/uploads\\\/2021\\\/02\\\/LeBoxi-manjsi-png.png\",\"width\":389,\"height\":164,\"caption\":\"LE BOXI\"},\"image\":{\"@id\":\"https:\\\/\\\/leboxi.eu\\\/sl\\\/#\\\/schema\\\/logo\\\/image\\\/\"},\"sameAs\":[\"https:\\\/\\\/www.facebook.com\\\/leboxi.eu\",\"https:\\\/\\\/www.instagram.com\\\/le.boxi\\\/\"]}]}<\/script>\n<!-- \/ Yoast SEO plugin. -->","yoast_head_json":{"title":"Set za nego brade | Le Boxi","description":"Set za nego brade bo navdu\u0161il vse \u010dlane kluba \"brada\u010dev\". S kvalitetnimi pripomo\u010dki bo urejanje brade enostavnej\u0161e.","robots":{"index":"index","follow":"follow","max-snippet":"max-snippet:-1","max-image-preview":"max-image-preview:large","max-video-preview":"max-video-preview:-1"},"canonical":"https:\/\/leboxi.eu\/sl\/izdelek\/set-za-nego-brade\/","og_locale":"sl_SI","og_type":"article","og_title":"Set za nego brade | Le Boxi","og_description":"Set za nego brade bo navdu\u0161il vse \u010dlane kluba \"brada\u010dev\". S kvalitetnimi pripomo\u010dki bo urejanje brade enostavnej\u0161e.","og_url":"https:\/\/leboxi.eu\/sl\/izdelek\/set-za-nego-brade\/","og_site_name":"Le Boxi | Unikatna darila za vsakogar","article_publisher":"https:\/\/www.facebook.com\/leboxi.eu","article_modified_time":"2026-04-24T16:46:33+00:00","og_image":[{"width":800,"height":800,"url":"https:\/\/leboxi.eu\/wp-content\/uploads\/2022\/10\/set-za-nego-brade.jpg","type":"image\/jpeg"}],"twitter_card":"summary_large_image","twitter_misc":{"Est. reading time":"1 minuta"},"schema":{"@context":"https:\/\/schema.org","@graph":[{"@type":"WebPage","@id":"https:\/\/leboxi.eu\/sl\/izdelek\/set-za-nego-brade\/","url":"https:\/\/leboxi.eu\/sl\/izdelek\/set-za-nego-brade\/","name":"Set za nego brade | Le Boxi","isPartOf":{"@id":"https:\/\/leboxi.eu\/sl\/#website"},"primaryImageOfPage":{"@id":"https:\/\/leboxi.eu\/sl\/izdelek\/set-za-nego-brade\/#primaryimage"},"image":{"@id":"https:\/\/leboxi.eu\/sl\/izdelek\/set-za-nego-brade\/#primaryimage"},"thumbnailUrl":"https:\/\/leboxi.eu\/wp-content\/uploads\/2022\/10\/set-za-nego-brade.jpg","datePublished":"2022-10-15T18:55:14+00:00","dateModified":"2026-04-24T16:46:33+00:00","description":"Set za nego brade bo navdu\u0161il vse \u010dlane kluba \"brada\u010dev\". S kvalitetnimi pripomo\u010dki bo urejanje brade enostavnej\u0161e.","breadcrumb":{"@id":"https:\/\/leboxi.eu\/sl\/izdelek\/set-za-nego-brade\/#breadcrumb"},"inLanguage":"sl-SI","potentialAction":[{"@type":"ReadAction","target":["https:\/\/leboxi.eu\/sl\/izdelek\/set-za-nego-brade\/"]}]},{"@type":"ImageObject","inLanguage":"sl-SI","@id":"https:\/\/leboxi.eu\/sl\/izdelek\/set-za-nego-brade\/#primaryimage","url":"https:\/\/leboxi.eu\/wp-content\/uploads\/2022\/10\/set-za-nego-brade.jpg","contentUrl":"https:\/\/leboxi.eu\/wp-content\/uploads\/2022\/10\/set-za-nego-brade.jpg","width":800,"height":800},{"@type":"BreadcrumbList","@id":"https:\/\/leboxi.eu\/sl\/izdelek\/set-za-nego-brade\/#breadcrumb","itemListElement":[{"@type":"ListItem","position":1,"name":"Doma","item":"https:\/\/leboxi.eu\/sl\/"},{"@type":"ListItem","position":2,"name":"Trgovina","item":"https:\/\/leboxi.eu\/sl\/trgovina\/"},{"@type":"ListItem","position":3,"name":"Set za nego brade"}]},{"@type":"WebSite","@id":"https:\/\/leboxi.eu\/sl\/#website","url":"https:\/\/leboxi.eu\/sl\/","name":"Le Boxi | Unikatna darila za vsakogar","description":"Unikatna darila in darilne \u0161katle za vse prilo\u017enosti.","publisher":{"@id":"https:\/\/leboxi.eu\/sl\/#organization"},"potentialAction":[{"@type":"SearchAction","target":{"@type":"EntryPoint","urlTemplate":"https:\/\/leboxi.eu\/sl\/?s={search_term_string}"},"query-input":{"@type":"PropertyValueSpecification","valueRequired":true,"valueName":"search_term_string"}}],"inLanguage":"sl-SI"},{"@type":"Organization","@id":"https:\/\/leboxi.eu\/sl\/#organization","name":"LE BOXI","url":"https:\/\/leboxi.eu\/sl\/","logo":{"@type":"ImageObject","inLanguage":"sl-SI","@id":"https:\/\/leboxi.eu\/sl\/#\/schema\/logo\/image\/","url":"https:\/\/leboxi.eu\/wp-content\/uploads\/2021\/02\/LeBoxi-manjsi-png.png","contentUrl":"https:\/\/leboxi.eu\/wp-content\/uploads\/2021\/02\/LeBoxi-manjsi-png.png","width":389,"height":164,"caption":"LE BOXI"},"image":{"@id":"https:\/\/leboxi.eu\/sl\/#\/schema\/logo\/image\/"},"sameAs":["https:\/\/www.facebook.com\/leboxi.eu","https:\/\/www.instagram.com\/le.boxi\/"]}]}},"tiered_pricing_type":"fixed","tiered_pricing_fixed_rules":[],"tiered_pricing_product_settings":{"layout":"default","base_unit_name":{"singular":null,"plural":null},"default_variation":null},"tiered_pricing_minimum_quantity":null,"tiered_pricing_roles_data":[],"tiered_pricing_percentage_rules":[],"_links":{"self":[{"href":"https:\/\/leboxi.eu\/sl\/wp-json\/wp\/v2\/product\/9812","targetHints":{"allow":["GET"]}}],"collection":[{"href":"https:\/\/leboxi.eu\/sl\/wp-json\/wp\/v2\/product"}],"about":[{"href":"https:\/\/leboxi.eu\/sl\/wp-json\/wp\/v2\/types\/product"}],"replies":[{"embeddable":true,"href":"https:\/\/leboxi.eu\/sl\/wp-json\/wp\/v2\/comments?post=9812"}],"version-history":[{"count":1,"href":"https:\/\/leboxi.eu\/sl\/wp-json\/wp\/v2\/product\/9812\/revisions"}],"predecessor-version":[{"id":28811,"href":"https:\/\/leboxi.eu\/sl\/wp-json\/wp\/v2\/product\/9812\/revisions\/28811"}],"wp:featuredmedia":[{"embeddable":true,"href":"https:\/\/leboxi.eu\/sl\/wp-json\/wp\/v2\/media\/9788"}],"wp:attachment":[{"href":"https:\/\/leboxi.eu\/sl\/wp-json\/wp\/v2\/media?parent=9812"}],"wp:term":[{"taxonomy":"product_brand","embeddable":true,"href":"https:\/\/leboxi.eu\/sl\/wp-json\/wp\/v2\/product_brand?post=9812"},{"taxonomy":"product_cat","embeddable":true,"href":"https:\/\/leboxi.eu\/sl\/wp-json\/wp\/v2\/product_cat?post=9812"},{"taxonomy":"product_tag","embeddable":true,"href":"https:\/\/leboxi.eu\/sl\/wp-json\/wp\/v2\/product_tag?post=9812"}],"curies":[{"name":"wp","href":"https:\/\/api.w.org\/{rel}","templated":true}]}}