{"id":9209,"date":"2022-08-20T10:17:44","date_gmt":"2022-08-20T09:17:44","guid":{"rendered":"https:\/\/leboxi.eu\/?post_type=product&#038;p=9209"},"modified":"2025-11-20T15:39:05","modified_gmt":"2025-11-20T14:39:05","slug":"prstan-julie-z-imenom","status":"publish","type":"product","link":"https:\/\/leboxi.eu\/sl\/izdelek\/prstan-julie-z-imenom\/","title":{"rendered":"Prstan JULIE z imenom"},"content":{"rendered":"<p><strong>Prstan JULIE z imenom<\/strong><\/p>\n<p>Prstan z imenom je unikatno darilo, ki se nikoli ne postara. Lahko izbirate tudi druge barve.<\/p>\n<p>Barva: zlata\/srebrna\/roza zlata<\/p>\n<p>Material: srebro 925<\/p>\n<p>Obseg: 17,3 mm (mo\u017enost regulacije obsega)<\/p>\n<p>Ni mo\u017ena personalizacija imen s \u0161umniki. Personalizacija dveh imen, vsako ima lahko najve\u010d 8 \u010drk.<\/p>\n<p>Prstan z imenom je odli\u010dno presene\u010denje za va\u0161o najdra\u017ejo. Prstan je iz nerjave\u010dega kirur\u0161kega jekla. \u010ce bi radi prstan podarili kot darilo vam ga lahko zapakiramo v li\u010dno darilno \u0161katlico<\/p>\n<p>Priporo\u010dila za uporabo: Priporo\u010damo, da nakit odstranite pred kopanjem\/tu\u0161iranjem, med spanjem ter pri \u0161portnih dejavnostih, da se ne bo po\u0161kodovalo in ostalo \u010dim bolj sijajno dalj \u010dasa. Nakit ne pu\u0161\u010da made\u017eev, se ne razbarva, ne obarva ko\u017ee zeleno ter je vodoodporno.<\/p>\n<p><strong>Celoten proces izdelave personalizirane veri\u017eice ter dostave na va\u0161 naslov traja 20 &#8211; 30 dni. Veri\u017eica ne bo dostavljena pred tem obdobjem. V primeru, da naro\u010dite \u0161e druge izdelke bodo dostavljeni v lo\u010deni po\u0161iljki. Zaradi trenutnih izrednih razmer na trgu so mo\u017ene zamude pri dostavi.<\/strong><\/p>\n<h6><\/h6>\n<h6>Dodatno:<\/h6>\n<p>Za piko na i lahko svoj darilni set nadgradite z\u00a0<a href=\"https:\/\/leboxi.eu\/blog\/posvetilo-darilni-listki\/\">darilnimi listi\u010di<\/a>\u00a0za izdelavo katerih navodila najdete na na\u0161em blogu.<\/p>\n<p>\u010ce \u017eelite bomo va\u0161e darilo obdarovancu dostavili mi, seveda pa ob dostavi ne bomo prilo\u017eili ra\u010duna. Le-tega boste prejeli vi.<\/p>\n<p>Pri personaliziranih izdelkih kupec <strong>nima pravice<\/strong> do odstopa od nakupne pogodbe. V praksi to pomeni, da za vse izdelke, ki so narejeni po \u017eelji kupca, potro\u0161nik ne vra\u010da izdelka, je pa zavezan k pla\u010dilu po sklenjeni pogodbi. Ponudnik ne odgovarja za nepravilno izbrane mo\u017enosti (npr. napa\u010dno izbranega tipa personaliziranega izdelka, napa\u010dna izbira vzorca personalizacije, napake \u010drkovanja, napake datuma ipd.) personalizacije pri nakupu.<\/p>\n<p>&nbsp;<\/p>\n","protected":false},"excerpt":{"rendered":"<p>Eleganten prstan JULIE s personaliziranim imenom je unikat. Prstan je izdelan iz srebra S925. Izberete lahko med zlato, srebrno in roza zlato barvo.<\/p>\n<p>Dodatne informacije:<\/p>\n<ul>\n<li>Premer: 17 mm (mo\u017enost regulacije premera)<\/li>\n<li>Material: srebro 925<\/li>\n<li>Zunanji sloj je dodatno pozla\u010den 14K oz. posrebren (odvisno od izbire)<\/li>\n<li>100% hipoalergena, 100% ne pu\u0161\u010da made\u017eev na ko\u017ei,<\/li>\n<li><strong>\u010cas dostave: 20- 30 dni (\u010das izdelave + dostava)<\/strong><\/li>\n<\/ul>\n<p>\u010ce bi radi prstan podarili kot darilo vam jo lahko zapakiramo v li\u010dno darilno \u0161katlico. Va\u0161e darilo lahko obdarovancu dostavimo mi, seveda pa ob dostavi ne bomo prilo\u017eili ra\u010duna. Le-tega boste prejeli vi.<\/p>\n","protected":false},"featured_media":14101,"comment_status":"open","ping_status":"closed","template":"","meta":{"site-sidebar-layout":"default","site-content-layout":"default","ast-site-content-layout":"default","site-content-style":"default","site-sidebar-style":"default","ast-global-header-display":"","ast-banner-title-visibility":"","ast-main-header-display":"","ast-hfb-above-header-display":"","ast-hfb-below-header-display":"","ast-hfb-mobile-header-display":"","site-post-title":"","ast-breadcrumbs-content":"","ast-featured-img":"","footer-sml-layout":"","ast-disable-related-posts":"","theme-transparent-header-meta":"default","adv-header-id-meta":"","stick-header-meta":"","header-above-stick-meta":"","header-main-stick-meta":"","header-below-stick-meta":"","astra-migrate-meta-layouts":"set","ast-page-background-enabled":"default","ast-page-background-meta":{"desktop":{"background-color":"","background-image":"","background-repeat":"repeat","background-position":"center center","background-size":"auto","background-attachment":"scroll","background-type":"","background-media":"","overlay-type":"","overlay-color":"","overlay-opacity":"","overlay-gradient":""},"tablet":{"background-color":"","background-image":"","background-repeat":"repeat","background-position":"center center","background-size":"auto","background-attachment":"scroll","background-type":"","background-media":"","overlay-type":"","overlay-color":"","overlay-opacity":"","overlay-gradient":""},"mobile":{"background-color":"","background-image":"","background-repeat":"repeat","background-position":"center center","background-size":"auto","background-attachment":"scroll","background-type":"","background-media":"","overlay-type":"","overlay-color":"","overlay-opacity":"","overlay-gradient":""}},"ast-content-background-meta":{"desktop":{"background-color":"var(--ast-global-color-5)","background-image":"","background-repeat":"repeat","background-position":"center center","background-size":"auto","background-attachment":"scroll","background-type":"","background-media":"","overlay-type":"","overlay-color":"","overlay-opacity":"","overlay-gradient":""},"tablet":{"background-color":"var(--ast-global-color-5)","background-image":"","background-repeat":"repeat","background-position":"center center","background-size":"auto","background-attachment":"scroll","background-type":"","background-media":"","overlay-type":"","overlay-color":"","overlay-opacity":"","overlay-gradient":""},"mobile":{"background-color":"var(--ast-global-color-5)","background-image":"","background-repeat":"repeat","background-position":"center center","background-size":"auto","background-attachment":"scroll","background-type":"","background-media":"","overlay-type":"","overlay-color":"","overlay-opacity":"","overlay-gradient":""}}},"product_brand":[],"product_cat":[160,186,156,126,154,148,130,164,178,162,182,122,170,146,27],"product_tag":[],"class_list":{"0":"post-9209","1":"product","2":"type-product","3":"status-publish","4":"has-post-thumbnail","6":"product_cat-darila-za-bozic","7":"product_cat-darila-za-bozic-za-zenske","8":"product_cat-darila-za-dan-zena","9":"product_cat-darila-za-mamo","10":"product_cat-darila-za-materinski-dan","11":"product_cat-darila-za-prijateljico","12":"product_cat-darila-za-punco","13":"product_cat-darila-za-rojstni-dan","14":"product_cat-za-zenske","15":"product_cat-darila-za-valentinovo","16":"product_cat-darila-za-valentinovo-za-zenske","17":"product_cat-darila-za-zenske","18":"product_cat-nakit","19":"product_cat-priloznosti","20":"product_cat-zenske","21":"pa_nakit-roza-zlato","22":"pa_nakit-roza-zlato-darilno","23":"pa_nakit-srebrno","24":"pa_nakit-srebrno-darilno","25":"pa_nakit-zlato","26":"pa_nakit-zlato-darilno","27":"desktop-align-left","28":"tablet-align-left","29":"mobile-align-left","31":"first","32":"instock","33":"taxable","34":"shipping-taxable","35":"purchasable","36":"product-type-variable"},"yoast_head":"<!-- This site is optimized with the Yoast SEO plugin v27.4 - https:\/\/yoast.com\/product\/yoast-seo-wordpress\/ -->\n<title>Prstan z imenom | Personaliziran nakit | Le Boxi<\/title>\n<meta name=\"description\" content=\"Eleganten prstan z imenom. Mo\u017enost zlate, srebrne oz. roza zlate barve. Odli\u010dno darilo zase oz. na\u0161e najbli\u017eje.\" \/>\n<meta name=\"robots\" content=\"index, follow, max-snippet:-1, max-image-preview:large, max-video-preview:-1\" \/>\n<link rel=\"canonical\" href=\"https:\/\/leboxi.eu\/sl\/izdelek\/prstan-julie-z-imenom\/\" \/>\n<meta property=\"og:locale\" content=\"sl_SI\" \/>\n<meta property=\"og:type\" content=\"article\" \/>\n<meta property=\"og:title\" content=\"Prstan z imenom | Personaliziran nakit | Le Boxi\" \/>\n<meta property=\"og:description\" content=\"Eleganten prstan z imenom. Mo\u017enost zlate, srebrne oz. roza zlate barve. Odli\u010dno darilo zase oz. na\u0161e najbli\u017eje.\" \/>\n<meta property=\"og:url\" content=\"https:\/\/leboxi.eu\/sl\/izdelek\/prstan-julie-z-imenom\/\" \/>\n<meta property=\"og:site_name\" content=\"Le Boxi | Unikatna darila za vsakogar\" \/>\n<meta property=\"article:publisher\" content=\"https:\/\/www.facebook.com\/leboxi.eu\" \/>\n<meta property=\"article:modified_time\" content=\"2025-11-20T14:39:05+00:00\" \/>\n<meta property=\"og:image\" content=\"https:\/\/leboxi.eu\/wp-content\/uploads\/2022\/08\/julie-2-roza-zlata.jpg\" \/>\n\t<meta property=\"og:image:width\" content=\"1000\" \/>\n\t<meta property=\"og:image:height\" content=\"1000\" \/>\n\t<meta property=\"og:image:type\" content=\"image\/jpeg\" \/>\n<meta name=\"twitter:card\" content=\"summary_large_image\" \/>\n<meta name=\"twitter:label1\" content=\"Est. reading time\" \/>\n\t<meta name=\"twitter:data1\" content=\"2 minuta\" \/>\n<script type=\"application\/ld+json\" class=\"yoast-schema-graph\">{\"@context\":\"https:\\\/\\\/schema.org\",\"@graph\":[{\"@type\":\"WebPage\",\"@id\":\"https:\\\/\\\/leboxi.eu\\\/sl\\\/izdelek\\\/prstan-julie-z-imenom\\\/\",\"url\":\"https:\\\/\\\/leboxi.eu\\\/sl\\\/izdelek\\\/prstan-julie-z-imenom\\\/\",\"name\":\"Prstan z imenom | Personaliziran nakit | Le Boxi\",\"isPartOf\":{\"@id\":\"https:\\\/\\\/leboxi.eu\\\/sl\\\/#website\"},\"primaryImageOfPage\":{\"@id\":\"https:\\\/\\\/leboxi.eu\\\/sl\\\/izdelek\\\/prstan-julie-z-imenom\\\/#primaryimage\"},\"image\":{\"@id\":\"https:\\\/\\\/leboxi.eu\\\/sl\\\/izdelek\\\/prstan-julie-z-imenom\\\/#primaryimage\"},\"thumbnailUrl\":\"https:\\\/\\\/leboxi.eu\\\/wp-content\\\/uploads\\\/2022\\\/08\\\/julie-2-roza-zlata.jpg\",\"datePublished\":\"2022-08-20T09:17:44+00:00\",\"dateModified\":\"2025-11-20T14:39:05+00:00\",\"description\":\"Eleganten prstan z imenom. Mo\u017enost zlate, srebrne oz. roza zlate barve. Odli\u010dno darilo zase oz. na\u0161e najbli\u017eje.\",\"breadcrumb\":{\"@id\":\"https:\\\/\\\/leboxi.eu\\\/sl\\\/izdelek\\\/prstan-julie-z-imenom\\\/#breadcrumb\"},\"inLanguage\":\"sl-SI\",\"potentialAction\":[{\"@type\":\"ReadAction\",\"target\":[\"https:\\\/\\\/leboxi.eu\\\/sl\\\/izdelek\\\/prstan-julie-z-imenom\\\/\"]}]},{\"@type\":\"ImageObject\",\"inLanguage\":\"sl-SI\",\"@id\":\"https:\\\/\\\/leboxi.eu\\\/sl\\\/izdelek\\\/prstan-julie-z-imenom\\\/#primaryimage\",\"url\":\"https:\\\/\\\/leboxi.eu\\\/wp-content\\\/uploads\\\/2022\\\/08\\\/julie-2-roza-zlata.jpg\",\"contentUrl\":\"https:\\\/\\\/leboxi.eu\\\/wp-content\\\/uploads\\\/2022\\\/08\\\/julie-2-roza-zlata.jpg\",\"width\":1000,\"height\":1000},{\"@type\":\"BreadcrumbList\",\"@id\":\"https:\\\/\\\/leboxi.eu\\\/sl\\\/izdelek\\\/prstan-julie-z-imenom\\\/#breadcrumb\",\"itemListElement\":[{\"@type\":\"ListItem\",\"position\":1,\"name\":\"Doma\",\"item\":\"https:\\\/\\\/leboxi.eu\\\/sl\\\/\"},{\"@type\":\"ListItem\",\"position\":2,\"name\":\"Trgovina\",\"item\":\"https:\\\/\\\/leboxi.eu\\\/sl\\\/trgovina\\\/\"},{\"@type\":\"ListItem\",\"position\":3,\"name\":\"Prstan JULIE z imenom\"}]},{\"@type\":\"WebSite\",\"@id\":\"https:\\\/\\\/leboxi.eu\\\/sl\\\/#website\",\"url\":\"https:\\\/\\\/leboxi.eu\\\/sl\\\/\",\"name\":\"Le Boxi | Unikatna darila za vsakogar\",\"description\":\"Unikatna darila in darilne \u0161katle za vse prilo\u017enosti.\",\"publisher\":{\"@id\":\"https:\\\/\\\/leboxi.eu\\\/sl\\\/#organization\"},\"potentialAction\":[{\"@type\":\"SearchAction\",\"target\":{\"@type\":\"EntryPoint\",\"urlTemplate\":\"https:\\\/\\\/leboxi.eu\\\/sl\\\/?s={search_term_string}\"},\"query-input\":{\"@type\":\"PropertyValueSpecification\",\"valueRequired\":true,\"valueName\":\"search_term_string\"}}],\"inLanguage\":\"sl-SI\"},{\"@type\":\"Organization\",\"@id\":\"https:\\\/\\\/leboxi.eu\\\/sl\\\/#organization\",\"name\":\"LE BOXI\",\"url\":\"https:\\\/\\\/leboxi.eu\\\/sl\\\/\",\"logo\":{\"@type\":\"ImageObject\",\"inLanguage\":\"sl-SI\",\"@id\":\"https:\\\/\\\/leboxi.eu\\\/sl\\\/#\\\/schema\\\/logo\\\/image\\\/\",\"url\":\"https:\\\/\\\/leboxi.eu\\\/wp-content\\\/uploads\\\/2021\\\/02\\\/LeBoxi-manjsi-png.png\",\"contentUrl\":\"https:\\\/\\\/leboxi.eu\\\/wp-content\\\/uploads\\\/2021\\\/02\\\/LeBoxi-manjsi-png.png\",\"width\":389,\"height\":164,\"caption\":\"LE BOXI\"},\"image\":{\"@id\":\"https:\\\/\\\/leboxi.eu\\\/sl\\\/#\\\/schema\\\/logo\\\/image\\\/\"},\"sameAs\":[\"https:\\\/\\\/www.facebook.com\\\/leboxi.eu\",\"https:\\\/\\\/www.instagram.com\\\/le.boxi\\\/\"]}]}<\/script>\n<!-- \/ Yoast SEO plugin. -->","yoast_head_json":{"title":"Prstan z imenom | Personaliziran nakit | Le Boxi","description":"Eleganten prstan z imenom. Mo\u017enost zlate, srebrne oz. roza zlate barve. Odli\u010dno darilo zase oz. na\u0161e najbli\u017eje.","robots":{"index":"index","follow":"follow","max-snippet":"max-snippet:-1","max-image-preview":"max-image-preview:large","max-video-preview":"max-video-preview:-1"},"canonical":"https:\/\/leboxi.eu\/sl\/izdelek\/prstan-julie-z-imenom\/","og_locale":"sl_SI","og_type":"article","og_title":"Prstan z imenom | Personaliziran nakit | Le Boxi","og_description":"Eleganten prstan z imenom. Mo\u017enost zlate, srebrne oz. roza zlate barve. Odli\u010dno darilo zase oz. na\u0161e najbli\u017eje.","og_url":"https:\/\/leboxi.eu\/sl\/izdelek\/prstan-julie-z-imenom\/","og_site_name":"Le Boxi | Unikatna darila za vsakogar","article_publisher":"https:\/\/www.facebook.com\/leboxi.eu","article_modified_time":"2025-11-20T14:39:05+00:00","og_image":[{"width":1000,"height":1000,"url":"https:\/\/leboxi.eu\/wp-content\/uploads\/2022\/08\/julie-2-roza-zlata.jpg","type":"image\/jpeg"}],"twitter_card":"summary_large_image","twitter_misc":{"Est. reading time":"2 minuta"},"schema":{"@context":"https:\/\/schema.org","@graph":[{"@type":"WebPage","@id":"https:\/\/leboxi.eu\/sl\/izdelek\/prstan-julie-z-imenom\/","url":"https:\/\/leboxi.eu\/sl\/izdelek\/prstan-julie-z-imenom\/","name":"Prstan z imenom | Personaliziran nakit | Le Boxi","isPartOf":{"@id":"https:\/\/leboxi.eu\/sl\/#website"},"primaryImageOfPage":{"@id":"https:\/\/leboxi.eu\/sl\/izdelek\/prstan-julie-z-imenom\/#primaryimage"},"image":{"@id":"https:\/\/leboxi.eu\/sl\/izdelek\/prstan-julie-z-imenom\/#primaryimage"},"thumbnailUrl":"https:\/\/leboxi.eu\/wp-content\/uploads\/2022\/08\/julie-2-roza-zlata.jpg","datePublished":"2022-08-20T09:17:44+00:00","dateModified":"2025-11-20T14:39:05+00:00","description":"Eleganten prstan z imenom. Mo\u017enost zlate, srebrne oz. roza zlate barve. Odli\u010dno darilo zase oz. na\u0161e najbli\u017eje.","breadcrumb":{"@id":"https:\/\/leboxi.eu\/sl\/izdelek\/prstan-julie-z-imenom\/#breadcrumb"},"inLanguage":"sl-SI","potentialAction":[{"@type":"ReadAction","target":["https:\/\/leboxi.eu\/sl\/izdelek\/prstan-julie-z-imenom\/"]}]},{"@type":"ImageObject","inLanguage":"sl-SI","@id":"https:\/\/leboxi.eu\/sl\/izdelek\/prstan-julie-z-imenom\/#primaryimage","url":"https:\/\/leboxi.eu\/wp-content\/uploads\/2022\/08\/julie-2-roza-zlata.jpg","contentUrl":"https:\/\/leboxi.eu\/wp-content\/uploads\/2022\/08\/julie-2-roza-zlata.jpg","width":1000,"height":1000},{"@type":"BreadcrumbList","@id":"https:\/\/leboxi.eu\/sl\/izdelek\/prstan-julie-z-imenom\/#breadcrumb","itemListElement":[{"@type":"ListItem","position":1,"name":"Doma","item":"https:\/\/leboxi.eu\/sl\/"},{"@type":"ListItem","position":2,"name":"Trgovina","item":"https:\/\/leboxi.eu\/sl\/trgovina\/"},{"@type":"ListItem","position":3,"name":"Prstan JULIE z imenom"}]},{"@type":"WebSite","@id":"https:\/\/leboxi.eu\/sl\/#website","url":"https:\/\/leboxi.eu\/sl\/","name":"Le Boxi | Unikatna darila za vsakogar","description":"Unikatna darila in darilne \u0161katle za vse prilo\u017enosti.","publisher":{"@id":"https:\/\/leboxi.eu\/sl\/#organization"},"potentialAction":[{"@type":"SearchAction","target":{"@type":"EntryPoint","urlTemplate":"https:\/\/leboxi.eu\/sl\/?s={search_term_string}"},"query-input":{"@type":"PropertyValueSpecification","valueRequired":true,"valueName":"search_term_string"}}],"inLanguage":"sl-SI"},{"@type":"Organization","@id":"https:\/\/leboxi.eu\/sl\/#organization","name":"LE BOXI","url":"https:\/\/leboxi.eu\/sl\/","logo":{"@type":"ImageObject","inLanguage":"sl-SI","@id":"https:\/\/leboxi.eu\/sl\/#\/schema\/logo\/image\/","url":"https:\/\/leboxi.eu\/wp-content\/uploads\/2021\/02\/LeBoxi-manjsi-png.png","contentUrl":"https:\/\/leboxi.eu\/wp-content\/uploads\/2021\/02\/LeBoxi-manjsi-png.png","width":389,"height":164,"caption":"LE BOXI"},"image":{"@id":"https:\/\/leboxi.eu\/sl\/#\/schema\/logo\/image\/"},"sameAs":["https:\/\/www.facebook.com\/leboxi.eu","https:\/\/www.instagram.com\/le.boxi\/"]}]}},"tiered_pricing_type":"fixed","tiered_pricing_fixed_rules":[],"tiered_pricing_product_settings":{"layout":"default","base_unit_name":{"singular":null,"plural":null},"default_variation":null},"tiered_pricing_minimum_quantity":null,"tiered_pricing_roles_data":[],"tiered_pricing_percentage_rules":[],"_links":{"self":[{"href":"https:\/\/leboxi.eu\/sl\/wp-json\/wp\/v2\/product\/9209","targetHints":{"allow":["GET"]}}],"collection":[{"href":"https:\/\/leboxi.eu\/sl\/wp-json\/wp\/v2\/product"}],"about":[{"href":"https:\/\/leboxi.eu\/sl\/wp-json\/wp\/v2\/types\/product"}],"replies":[{"embeddable":true,"href":"https:\/\/leboxi.eu\/sl\/wp-json\/wp\/v2\/comments?post=9209"}],"version-history":[{"count":0,"href":"https:\/\/leboxi.eu\/sl\/wp-json\/wp\/v2\/product\/9209\/revisions"}],"wp:featuredmedia":[{"embeddable":true,"href":"https:\/\/leboxi.eu\/sl\/wp-json\/wp\/v2\/media\/14101"}],"wp:attachment":[{"href":"https:\/\/leboxi.eu\/sl\/wp-json\/wp\/v2\/media?parent=9209"}],"wp:term":[{"taxonomy":"product_brand","embeddable":true,"href":"https:\/\/leboxi.eu\/sl\/wp-json\/wp\/v2\/product_brand?post=9209"},{"taxonomy":"product_cat","embeddable":true,"href":"https:\/\/leboxi.eu\/sl\/wp-json\/wp\/v2\/product_cat?post=9209"},{"taxonomy":"product_tag","embeddable":true,"href":"https:\/\/leboxi.eu\/sl\/wp-json\/wp\/v2\/product_tag?post=9209"}],"curies":[{"name":"wp","href":"https:\/\/api.w.org\/{rel}","templated":true}]}}