{"id":5964,"date":"2022-01-27T17:13:50","date_gmt":"2022-01-27T16:13:50","guid":{"rendered":"https:\/\/leboxi.eu\/?post_type=product&#038;p=5964"},"modified":"2026-02-11T19:41:25","modified_gmt":"2026-02-11T18:41:25","slug":"steklenica-v-obliki-lobanje","status":"publish","type":"product","link":"https:\/\/leboxi.eu\/sl\/izdelek\/steklenica-v-obliki-lobanje\/","title":{"rendered":"Steklenica v obliki lobanje"},"content":{"rendered":"<p>Edinstvena steklenica za pija\u010do v obliki \u010dlove\u0161ke lobanje.<\/p>\n<p>Prostornina: 1 L<\/p>\n<p>Material: steklo<\/p>\n<p>Dimenzije izdelka: 15.5 x 11 x 13 cm<\/p>\n<p>&nbsp;<\/p>\n<p>\u010ce \u017eelite bomo va\u0161e darilo obdarovancu dostavili mi, seveda pa ob dostavi ne bomo prilo\u017eili ra\u010duna. Le-tega boste prejeli vi.<\/p>\n<p>&nbsp;<\/p>\n","protected":false},"excerpt":{"rendered":"<p>O\u010darajte svoje prijatelje s to edinstveno steklenico za pija\u010do v obliki \u010dlove\u0161ke lobanje. Steklenica v obliki lobanje je idealno darilo za vsakogar, ki rad izkazuje svojo karizmo in dru\u017ebeno mo\u010d. Vanjo lahko nato\u010dite 1L va\u0161e najljub\u0161e pija\u010de.<\/p>\n<p>&nbsp;<\/p>\n<p>\u010ce \u017eelite bomo va\u0161e darilo obdarovancu dostavili mi, seveda pa ob dostavi ne bomo prilo\u017eili ra\u010duna. Le-tega boste prejeli vi.<\/p>\n<p>Podroben opis si lahko preberete spodaj.<\/p>\n<p><script type=\"application\/ld+json\">\n{\n  \"@context\": \"https:\/\/schema.org\/\", \n  \"@type\": \"Product\", \n  \"name\": \"Steklenica v obliki lobanje\",\n  \"image\": \"https:\/\/leboxi.eu\/wp-content\/uploads\/2022\/01\/steklenica-lobanja.jpg\",\n  \"description\": \"O\u010darajte svoje prijatelje s to edinstveno steklenico za pija\u010do v obliki \u010dlove\u0161ke lobanje. Steklenica v obliki lobanje je idealno darilo za vsakogar, ki rad izkazuje svojo karizmo in dru\u017ebeno mo\u010d. Vanjo lahko nato\u010dite 1L vase najljub\u0161e pija\u010de.<\/p>\n<p>\u010ce \u017eelite bomo va\u0161e darilo obdarovancu dostavili mi, seveda pa ob dostavi ne bomo prilo\u017eili ra\u010duna. Le-tega boste prejeli vi.\",\n  \"brand\": {\n    \"@type\": \"Brand\",\n    \"name\": \"Le Boxi\"\n  },\n  \"sku\": \"ST-1\",\n  \"offers\": {\n    \"@type\": \"Offer\",\n    \"url\": \"https:\/\/leboxi.eu\/izdelki\/steklenica-lobanja\/\",\n    \"priceCurrency\": \"EUR\",\n    \"price\": \"28.9\",\n    \"priceValidUntil\": \"2024-12-31\",\n    \"availability\": \"https:\/\/schema.org\/InStock\",\n    \"itemCondition\": \"https:\/\/schema.org\/NewCondition\"\n  },\n  \"aggregateRating\": {\n    \"@type\": \"AggregateRating\",\n    \"ratingValue\": \"4.6\",\n    \"bestRating\": \"5\",\n    \"worstRating\": \"1\",\n    \"ratingCount\": \"5\"\n  }\n}\n<\/script><\/p>\n","protected":false},"featured_media":5987,"comment_status":"open","ping_status":"closed","template":"","meta":{"site-sidebar-layout":"default","site-content-layout":"default","ast-site-content-layout":"default","site-content-style":"default","site-sidebar-style":"default","ast-global-header-display":"","ast-banner-title-visibility":"","ast-main-header-display":"","ast-hfb-above-header-display":"","ast-hfb-below-header-display":"","ast-hfb-mobile-header-display":"","site-post-title":"","ast-breadcrumbs-content":"","ast-featured-img":"","footer-sml-layout":"","ast-disable-related-posts":"","theme-transparent-header-meta":"default","adv-header-id-meta":"","stick-header-meta":"","header-above-stick-meta":"","header-main-stick-meta":"","header-below-stick-meta":"","astra-migrate-meta-layouts":"set","ast-page-background-enabled":"default","ast-page-background-meta":{"desktop":{"background-color":"","background-image":"","background-repeat":"repeat","background-position":"center center","background-size":"auto","background-attachment":"scroll","background-type":"","background-media":"","overlay-type":"","overlay-color":"","overlay-opacity":"","overlay-gradient":""},"tablet":{"background-color":"","background-image":"","background-repeat":"repeat","background-position":"center center","background-size":"auto","background-attachment":"scroll","background-type":"","background-media":"","overlay-type":"","overlay-color":"","overlay-opacity":"","overlay-gradient":""},"mobile":{"background-color":"","background-image":"","background-repeat":"repeat","background-position":"center center","background-size":"auto","background-attachment":"scroll","background-type":"","background-media":"","overlay-type":"","overlay-color":"","overlay-opacity":"","overlay-gradient":""}},"ast-content-background-meta":{"desktop":{"background-color":"var(--ast-global-color-5)","background-image":"","background-repeat":"repeat","background-position":"center center","background-size":"auto","background-attachment":"scroll","background-type":"","background-media":"","overlay-type":"","overlay-color":"","overlay-opacity":"","overlay-gradient":""},"tablet":{"background-color":"var(--ast-global-color-5)","background-image":"","background-repeat":"repeat","background-position":"center center","background-size":"auto","background-attachment":"scroll","background-type":"","background-media":"","overlay-type":"","overlay-color":"","overlay-opacity":"","overlay-gradient":""},"mobile":{"background-color":"var(--ast-global-color-5)","background-image":"","background-repeat":"repeat","background-position":"center center","background-size":"auto","background-attachment":"scroll","background-type":"","background-media":"","overlay-type":"","overlay-color":"","overlay-opacity":"","overlay-gradient":""}}},"product_brand":[],"product_cat":[309,160,184,118,116,164,176,24,146],"product_tag":[],"class_list":{"0":"post-5964","1":"product","2":"type-product","3":"status-publish","4":"has-post-thumbnail","6":"product_cat-black-friday","7":"product_cat-darila-za-bozic","8":"product_cat-darila-za-bozic-za-moske","9":"product_cat-darila-za-fanta","10":"product_cat-darila-za-moske","11":"product_cat-darila-za-rojstni-dan","12":"product_cat-za-moske","13":"product_cat-moski","14":"product_cat-priloznosti","15":"desktop-align-left","16":"tablet-align-left","17":"mobile-align-left","19":"first","20":"instock","21":"sale","22":"featured","23":"taxable","24":"shipping-taxable","25":"purchasable","26":"product-type-simple"},"yoast_head":"<!-- This site is optimized with the Yoast SEO plugin v27.4 - https:\/\/yoast.com\/product\/yoast-seo-wordpress\/ -->\n<title>Steklenica v obliki lobanje | Unikatna darila | Le Boxi<\/title>\n<meta name=\"description\" content=\"Ta edinstvena steklenica v obliki lobanje bo zagotovo o\u010darala vse va\u0161e prijatelje. Vanjo lahko kar nato\u010dite 1L va\u0161e najljub\u0161e pija\u010de.\" \/>\n<meta name=\"robots\" content=\"index, follow, max-snippet:-1, max-image-preview:large, max-video-preview:-1\" \/>\n<link rel=\"canonical\" href=\"https:\/\/leboxi.eu\/sl\/izdelek\/steklenica-v-obliki-lobanje\/\" \/>\n<meta property=\"og:locale\" content=\"sl_SI\" \/>\n<meta property=\"og:type\" content=\"article\" \/>\n<meta property=\"og:title\" content=\"Steklenica v obliki lobanje | Unikatna darila | Le Boxi\" \/>\n<meta property=\"og:description\" content=\"Ta edinstvena steklenica v obliki lobanje bo zagotovo o\u010darala vse va\u0161e prijatelje. Vanjo lahko kar nato\u010dite 1L va\u0161e najljub\u0161e pija\u010de.\" \/>\n<meta property=\"og:url\" content=\"https:\/\/leboxi.eu\/sl\/izdelek\/steklenica-v-obliki-lobanje\/\" \/>\n<meta property=\"og:site_name\" content=\"Le Boxi | Unikatna darila za vsakogar\" \/>\n<meta property=\"article:publisher\" content=\"https:\/\/www.facebook.com\/leboxi.eu\" \/>\n<meta property=\"article:modified_time\" content=\"2026-02-11T18:41:25+00:00\" \/>\n<meta property=\"og:image\" content=\"https:\/\/leboxi.eu\/wp-content\/uploads\/2022\/01\/steklenica-lobanja.jpg\" \/>\n\t<meta property=\"og:image:width\" content=\"1000\" \/>\n\t<meta property=\"og:image:height\" content=\"1000\" \/>\n\t<meta property=\"og:image:type\" content=\"image\/jpeg\" \/>\n<meta name=\"twitter:card\" content=\"summary_large_image\" \/>\n<meta name=\"twitter:label1\" content=\"Est. reading time\" \/>\n\t<meta name=\"twitter:data1\" content=\"1 minuta\" \/>\n<script type=\"application\/ld+json\" class=\"yoast-schema-graph\">{\"@context\":\"https:\\\/\\\/schema.org\",\"@graph\":[{\"@type\":\"WebPage\",\"@id\":\"https:\\\/\\\/leboxi.eu\\\/sl\\\/izdelek\\\/steklenica-v-obliki-lobanje\\\/\",\"url\":\"https:\\\/\\\/leboxi.eu\\\/sl\\\/izdelek\\\/steklenica-v-obliki-lobanje\\\/\",\"name\":\"Steklenica v obliki lobanje | Unikatna darila | Le Boxi\",\"isPartOf\":{\"@id\":\"https:\\\/\\\/leboxi.eu\\\/sl\\\/#website\"},\"primaryImageOfPage\":{\"@id\":\"https:\\\/\\\/leboxi.eu\\\/sl\\\/izdelek\\\/steklenica-v-obliki-lobanje\\\/#primaryimage\"},\"image\":{\"@id\":\"https:\\\/\\\/leboxi.eu\\\/sl\\\/izdelek\\\/steklenica-v-obliki-lobanje\\\/#primaryimage\"},\"thumbnailUrl\":\"https:\\\/\\\/leboxi.eu\\\/wp-content\\\/uploads\\\/2022\\\/01\\\/steklenica-lobanja.jpg\",\"datePublished\":\"2022-01-27T16:13:50+00:00\",\"dateModified\":\"2026-02-11T18:41:25+00:00\",\"description\":\"Ta edinstvena steklenica v obliki lobanje bo zagotovo o\u010darala vse va\u0161e prijatelje. Vanjo lahko kar nato\u010dite 1L va\u0161e najljub\u0161e pija\u010de.\",\"breadcrumb\":{\"@id\":\"https:\\\/\\\/leboxi.eu\\\/sl\\\/izdelek\\\/steklenica-v-obliki-lobanje\\\/#breadcrumb\"},\"inLanguage\":\"sl-SI\",\"potentialAction\":[{\"@type\":\"ReadAction\",\"target\":[\"https:\\\/\\\/leboxi.eu\\\/sl\\\/izdelek\\\/steklenica-v-obliki-lobanje\\\/\"]}]},{\"@type\":\"ImageObject\",\"inLanguage\":\"sl-SI\",\"@id\":\"https:\\\/\\\/leboxi.eu\\\/sl\\\/izdelek\\\/steklenica-v-obliki-lobanje\\\/#primaryimage\",\"url\":\"https:\\\/\\\/leboxi.eu\\\/wp-content\\\/uploads\\\/2022\\\/01\\\/steklenica-lobanja.jpg\",\"contentUrl\":\"https:\\\/\\\/leboxi.eu\\\/wp-content\\\/uploads\\\/2022\\\/01\\\/steklenica-lobanja.jpg\",\"width\":1000,\"height\":1000,\"caption\":\"steklenica v obliki lobanje\"},{\"@type\":\"BreadcrumbList\",\"@id\":\"https:\\\/\\\/leboxi.eu\\\/sl\\\/izdelek\\\/steklenica-v-obliki-lobanje\\\/#breadcrumb\",\"itemListElement\":[{\"@type\":\"ListItem\",\"position\":1,\"name\":\"Doma\",\"item\":\"https:\\\/\\\/leboxi.eu\\\/sl\\\/\"},{\"@type\":\"ListItem\",\"position\":2,\"name\":\"Trgovina\",\"item\":\"https:\\\/\\\/leboxi.eu\\\/sl\\\/trgovina\\\/\"},{\"@type\":\"ListItem\",\"position\":3,\"name\":\"Steklenica v obliki lobanje\"}]},{\"@type\":\"WebSite\",\"@id\":\"https:\\\/\\\/leboxi.eu\\\/sl\\\/#website\",\"url\":\"https:\\\/\\\/leboxi.eu\\\/sl\\\/\",\"name\":\"Le Boxi | Unikatna darila za vsakogar\",\"description\":\"Unikatna darila in darilne \u0161katle za vse prilo\u017enosti.\",\"publisher\":{\"@id\":\"https:\\\/\\\/leboxi.eu\\\/sl\\\/#organization\"},\"potentialAction\":[{\"@type\":\"SearchAction\",\"target\":{\"@type\":\"EntryPoint\",\"urlTemplate\":\"https:\\\/\\\/leboxi.eu\\\/sl\\\/?s={search_term_string}\"},\"query-input\":{\"@type\":\"PropertyValueSpecification\",\"valueRequired\":true,\"valueName\":\"search_term_string\"}}],\"inLanguage\":\"sl-SI\"},{\"@type\":\"Organization\",\"@id\":\"https:\\\/\\\/leboxi.eu\\\/sl\\\/#organization\",\"name\":\"LE BOXI\",\"url\":\"https:\\\/\\\/leboxi.eu\\\/sl\\\/\",\"logo\":{\"@type\":\"ImageObject\",\"inLanguage\":\"sl-SI\",\"@id\":\"https:\\\/\\\/leboxi.eu\\\/sl\\\/#\\\/schema\\\/logo\\\/image\\\/\",\"url\":\"https:\\\/\\\/leboxi.eu\\\/wp-content\\\/uploads\\\/2021\\\/02\\\/LeBoxi-manjsi-png.png\",\"contentUrl\":\"https:\\\/\\\/leboxi.eu\\\/wp-content\\\/uploads\\\/2021\\\/02\\\/LeBoxi-manjsi-png.png\",\"width\":389,\"height\":164,\"caption\":\"LE BOXI\"},\"image\":{\"@id\":\"https:\\\/\\\/leboxi.eu\\\/sl\\\/#\\\/schema\\\/logo\\\/image\\\/\"},\"sameAs\":[\"https:\\\/\\\/www.facebook.com\\\/leboxi.eu\",\"https:\\\/\\\/www.instagram.com\\\/le.boxi\\\/\"]}]}<\/script>\n<!-- \/ Yoast SEO plugin. -->","yoast_head_json":{"title":"Steklenica v obliki lobanje | Unikatna darila | Le Boxi","description":"Ta edinstvena steklenica v obliki lobanje bo zagotovo o\u010darala vse va\u0161e prijatelje. Vanjo lahko kar nato\u010dite 1L va\u0161e najljub\u0161e pija\u010de.","robots":{"index":"index","follow":"follow","max-snippet":"max-snippet:-1","max-image-preview":"max-image-preview:large","max-video-preview":"max-video-preview:-1"},"canonical":"https:\/\/leboxi.eu\/sl\/izdelek\/steklenica-v-obliki-lobanje\/","og_locale":"sl_SI","og_type":"article","og_title":"Steklenica v obliki lobanje | Unikatna darila | Le Boxi","og_description":"Ta edinstvena steklenica v obliki lobanje bo zagotovo o\u010darala vse va\u0161e prijatelje. Vanjo lahko kar nato\u010dite 1L va\u0161e najljub\u0161e pija\u010de.","og_url":"https:\/\/leboxi.eu\/sl\/izdelek\/steklenica-v-obliki-lobanje\/","og_site_name":"Le Boxi | Unikatna darila za vsakogar","article_publisher":"https:\/\/www.facebook.com\/leboxi.eu","article_modified_time":"2026-02-11T18:41:25+00:00","og_image":[{"width":1000,"height":1000,"url":"https:\/\/leboxi.eu\/wp-content\/uploads\/2022\/01\/steklenica-lobanja.jpg","type":"image\/jpeg"}],"twitter_card":"summary_large_image","twitter_misc":{"Est. reading time":"1 minuta"},"schema":{"@context":"https:\/\/schema.org","@graph":[{"@type":"WebPage","@id":"https:\/\/leboxi.eu\/sl\/izdelek\/steklenica-v-obliki-lobanje\/","url":"https:\/\/leboxi.eu\/sl\/izdelek\/steklenica-v-obliki-lobanje\/","name":"Steklenica v obliki lobanje | Unikatna darila | Le Boxi","isPartOf":{"@id":"https:\/\/leboxi.eu\/sl\/#website"},"primaryImageOfPage":{"@id":"https:\/\/leboxi.eu\/sl\/izdelek\/steklenica-v-obliki-lobanje\/#primaryimage"},"image":{"@id":"https:\/\/leboxi.eu\/sl\/izdelek\/steklenica-v-obliki-lobanje\/#primaryimage"},"thumbnailUrl":"https:\/\/leboxi.eu\/wp-content\/uploads\/2022\/01\/steklenica-lobanja.jpg","datePublished":"2022-01-27T16:13:50+00:00","dateModified":"2026-02-11T18:41:25+00:00","description":"Ta edinstvena steklenica v obliki lobanje bo zagotovo o\u010darala vse va\u0161e prijatelje. Vanjo lahko kar nato\u010dite 1L va\u0161e najljub\u0161e pija\u010de.","breadcrumb":{"@id":"https:\/\/leboxi.eu\/sl\/izdelek\/steklenica-v-obliki-lobanje\/#breadcrumb"},"inLanguage":"sl-SI","potentialAction":[{"@type":"ReadAction","target":["https:\/\/leboxi.eu\/sl\/izdelek\/steklenica-v-obliki-lobanje\/"]}]},{"@type":"ImageObject","inLanguage":"sl-SI","@id":"https:\/\/leboxi.eu\/sl\/izdelek\/steklenica-v-obliki-lobanje\/#primaryimage","url":"https:\/\/leboxi.eu\/wp-content\/uploads\/2022\/01\/steklenica-lobanja.jpg","contentUrl":"https:\/\/leboxi.eu\/wp-content\/uploads\/2022\/01\/steklenica-lobanja.jpg","width":1000,"height":1000,"caption":"steklenica v obliki lobanje"},{"@type":"BreadcrumbList","@id":"https:\/\/leboxi.eu\/sl\/izdelek\/steklenica-v-obliki-lobanje\/#breadcrumb","itemListElement":[{"@type":"ListItem","position":1,"name":"Doma","item":"https:\/\/leboxi.eu\/sl\/"},{"@type":"ListItem","position":2,"name":"Trgovina","item":"https:\/\/leboxi.eu\/sl\/trgovina\/"},{"@type":"ListItem","position":3,"name":"Steklenica v obliki lobanje"}]},{"@type":"WebSite","@id":"https:\/\/leboxi.eu\/sl\/#website","url":"https:\/\/leboxi.eu\/sl\/","name":"Le Boxi | Unikatna darila za vsakogar","description":"Unikatna darila in darilne \u0161katle za vse prilo\u017enosti.","publisher":{"@id":"https:\/\/leboxi.eu\/sl\/#organization"},"potentialAction":[{"@type":"SearchAction","target":{"@type":"EntryPoint","urlTemplate":"https:\/\/leboxi.eu\/sl\/?s={search_term_string}"},"query-input":{"@type":"PropertyValueSpecification","valueRequired":true,"valueName":"search_term_string"}}],"inLanguage":"sl-SI"},{"@type":"Organization","@id":"https:\/\/leboxi.eu\/sl\/#organization","name":"LE BOXI","url":"https:\/\/leboxi.eu\/sl\/","logo":{"@type":"ImageObject","inLanguage":"sl-SI","@id":"https:\/\/leboxi.eu\/sl\/#\/schema\/logo\/image\/","url":"https:\/\/leboxi.eu\/wp-content\/uploads\/2021\/02\/LeBoxi-manjsi-png.png","contentUrl":"https:\/\/leboxi.eu\/wp-content\/uploads\/2021\/02\/LeBoxi-manjsi-png.png","width":389,"height":164,"caption":"LE BOXI"},"image":{"@id":"https:\/\/leboxi.eu\/sl\/#\/schema\/logo\/image\/"},"sameAs":["https:\/\/www.facebook.com\/leboxi.eu","https:\/\/www.instagram.com\/le.boxi\/"]}]}},"tiered_pricing_type":"fixed","tiered_pricing_fixed_rules":[],"tiered_pricing_product_settings":{"layout":"default","base_unit_name":{"singular":null,"plural":null},"default_variation":null},"tiered_pricing_minimum_quantity":null,"tiered_pricing_roles_data":[],"tiered_pricing_percentage_rules":[],"_links":{"self":[{"href":"https:\/\/leboxi.eu\/sl\/wp-json\/wp\/v2\/product\/5964","targetHints":{"allow":["GET"]}}],"collection":[{"href":"https:\/\/leboxi.eu\/sl\/wp-json\/wp\/v2\/product"}],"about":[{"href":"https:\/\/leboxi.eu\/sl\/wp-json\/wp\/v2\/types\/product"}],"replies":[{"embeddable":true,"href":"https:\/\/leboxi.eu\/sl\/wp-json\/wp\/v2\/comments?post=5964"}],"version-history":[{"count":0,"href":"https:\/\/leboxi.eu\/sl\/wp-json\/wp\/v2\/product\/5964\/revisions"}],"wp:featuredmedia":[{"embeddable":true,"href":"https:\/\/leboxi.eu\/sl\/wp-json\/wp\/v2\/media\/5987"}],"wp:attachment":[{"href":"https:\/\/leboxi.eu\/sl\/wp-json\/wp\/v2\/media?parent=5964"}],"wp:term":[{"taxonomy":"product_brand","embeddable":true,"href":"https:\/\/leboxi.eu\/sl\/wp-json\/wp\/v2\/product_brand?post=5964"},{"taxonomy":"product_cat","embeddable":true,"href":"https:\/\/leboxi.eu\/sl\/wp-json\/wp\/v2\/product_cat?post=5964"},{"taxonomy":"product_tag","embeddable":true,"href":"https:\/\/leboxi.eu\/sl\/wp-json\/wp\/v2\/product_tag?post=5964"}],"curies":[{"name":"wp","href":"https:\/\/api.w.org\/{rel}","templated":true}]}}