{"id":5098,"date":"2021-12-28T09:02:12","date_gmt":"2021-12-28T08:02:12","guid":{"rendered":"https:\/\/leboxi.eu\/?post_type=product&#038;p=5098"},"modified":"2024-08-18T19:22:05","modified_gmt":"2024-08-18T18:22:05","slug":"darilo-za-prijateljico-milo-za-kraljice","status":"publish","type":"product","link":"https:\/\/leboxi.eu\/sl\/izdelek\/darilo-za-prijateljico-milo-za-kraljice\/","title":{"rendered":"Darilna \u0161katla \u2013 Milo za kraljice"},"content":{"rendered":"<p>Ta darilna \u0161katla je res odli\u010dno darilo za prijateljico &#8211; sme\u0161no in unikatno kot ona sama!<\/p>\n<h5><\/h5>\n<h5>Darilna \u0161katla vsebuje:<\/h5>\n<p>&nbsp;<\/p>\n<ul>\n<li><strong>Naravno, ro\u010dno izdelano milo NE\u017dNO MILO S KOKOSOVIM MLEKOM (120g)<\/strong><\/li>\n<\/ul>\n<p>Ne\u017eno milo za obraz in telo. Vla\u017eilna kombinacija iz kakavovega, karitejevega in mangovega masla so \u010dudovita kombinacija za suho in ob\u010dutljivo ko\u017eo. Ko\u017eo o\u010distijo in jo hkrati pustijo negovano in navla\u017eeno. Milu je dodano kokosovo mleko, ki je izjemno ne\u017eno in poskrbi, da je ko\u017ea po uporabi mehka. Kokosovo mleko poskrbi za izjemno vla\u017eilen efekt, \u0161e posebaj v suhih mesecih. Naravne sestavine kokosovega mleka lahko pomagajo pri zdravljenju suhe ko\u017ee in poskrbijo, da se iz ko\u017ee odstranijo vse \u0161kodljive bakterije. Ko\u017eo bo pustilo mehko, gladko, navla\u017eeno in popolnoma \u010dudovito.<\/p>\n<p>Sestavine: Olive Oil, Coconut oil, Shea Butter, Cococnut Milk, Cocoa Butter, Mango Butter,<br \/>\nSweet Almond Oil, Castor Oil.<\/p>\n<p>Di\u0161ava: brez di\u0161av<\/p>\n<p><strong>Nasvet: <\/strong><\/p>\n<p>Milo med uporabo hranite v podstavkih za mila, pri katerih voda lahko odteka in se milo po uporabi tudi posu\u0161i. \u0160e neuporabljeno milo pa hranite na hladnem, suhem in temnem prostoru.<\/p>\n<p><strong>Opombe:<\/strong><\/p>\n<p>\u27a4 Zaradi ro\u010dne izdelave, se lahko videz mila nekoliko razlikuje od tistega na sliki.<\/p>\n<p>\u27a4 Mila so pakirana v ve\u010djih koli\u010dinah, kot je obi\u010dajno za naravna, ro\u010dno izdelana mila \u2013 120g.<\/p>\n<p>&nbsp;<\/p>\n<ol start=\"2\">\n<li>\n<h6><strong>Sojina di\u0161e\u010da sve\u010dka<\/strong><\/h6>\n<\/li>\n<\/ol>\n<p>z vonjem vijolic, narejena iz sojinega voska, ki je obnovljiv vir in kar 3% di\u0161e\u010dega olja.<\/p>\n<p>Sojina sve\u010dka omogo\u010da ne\u017enej\u0161i plamen, \u010distej\u0161i vonj in dolgotrajnej\u0161e gorenje. Izdelane so iz visokokakovostnega \u010distega voska in olja hidrirane soje.<\/p>\n<p>NASVET: Ob prvi uporabi pustite sve\u010do goreti pribli\u017eno 2 uri, da bo va\u0161a sve\u010da ustvarila prvotni izgorevalni spomin. To bo pove\u010dalo vonj in celovitej\u0161e topljenje voska. Stenj naj bo vedno v sredini.<\/p>\n<h6><\/h6>\n<h6>Dodatno:<\/h6>\n<p>Darilnemu setu lahko prilo\u017eite tudi\u00a0<strong>personalizirano \u010destitko<\/strong>\u00a0(+2,95 eur).<\/p>\n<p>\u010ce \u017eelite bomo va\u0161e darilo obdarovancu dostavili mi, seveda pa ob dostavi ne bomo prilo\u017eili ra\u010duna. Le-tega boste prejeli vi.<\/p>\n<p>Za piko na i lahko svoj darilni set nadgradite z\u00a0<a href=\"https:\/\/leboxi.eu\/blog\/posvetilo-darilni-listki\/\">darilnimi listi\u010di<\/a> za izdelavo katerih navodila najdete na na\u0161em blogu. Podarite odli\u010dno darilo za prijateljico.<\/p>\n","protected":false},"excerpt":{"rendered":"<p>Kdo pravi, da darilo za prijateljico ne more biti kvalitetno, zabavno in hkrati tudi omamno di\u0161ati?<\/p>\n<p>Darilna \u0161katla \u201cMilo za kraljice\u201d je sestavljena iz v Franciji ro\u010dno narejenega mila in aromati\u010dno sve\u010dko z vonjem vijolic. Milo krasi ovitek s zabavnim napisom, tako da je smeh ob obdarovanju zagotovljen, \u010dudovite di\u0161ave pa o\u010darajo \u0161e tako zahtevnega obdarovanca. Popolna izbira za unikatno darilo, ki vsakemu nari\u0161e nasmeh na obrazu! Odli\u010dno in unikatno darilo za prijateljico.<\/p>\n<p>Na\u0161a naravna mila so pakirana v ve\u010djih koli\u010dinah, kot je obi\u010dajno za naravna, ro\u010dno izdelana mila \u2013 120g. V darilno \u0161katlo lahko prilo\u017eite tudi personalizirano darilno kartico (za dopla\u010dilo).<\/p>\n<p>Darilna \u0161katla vsebuje:<\/p>\n<ul>\n<li>1x naravno ro\u010dno izdelano milo (120g),<\/li>\n<li>1x sve\u010dko<\/li>\n<\/ul>\n<p>\u010ce \u017eelite bomo va\u0161e darilo obdarovancu dostavili mi, seveda pa ob dostavi ne bomo prilo\u017eili ra\u010duna. Le-tega boste prejeli vi.<\/p>\n<p>Podroben opis si lahko preberete spodaj. Milo se lahko razlikuje od prikazanega na sliki, za ve\u010d podrobnosti glej opis spodaj.<\/p>\n","protected":false},"featured_media":5863,"comment_status":"open","ping_status":"closed","template":"","meta":{"site-sidebar-layout":"default","site-content-layout":"default","ast-site-content-layout":"default","site-content-style":"default","site-sidebar-style":"default","ast-global-header-display":"","ast-banner-title-visibility":"","ast-main-header-display":"","ast-hfb-above-header-display":"","ast-hfb-below-header-display":"","ast-hfb-mobile-header-display":"","site-post-title":"","ast-breadcrumbs-content":"","ast-featured-img":"","footer-sml-layout":"","ast-disable-related-posts":"","theme-transparent-header-meta":"default","adv-header-id-meta":"","stick-header-meta":"","header-above-stick-meta":"","header-main-stick-meta":"","header-below-stick-meta":"","astra-migrate-meta-layouts":"set","ast-page-background-enabled":"default","ast-page-background-meta":{"desktop":{"background-color":"","background-image":"","background-repeat":"repeat","background-position":"center center","background-size":"auto","background-attachment":"scroll","background-type":"","background-media":"","overlay-type":"","overlay-color":"","overlay-opacity":"","overlay-gradient":""},"tablet":{"background-color":"","background-image":"","background-repeat":"repeat","background-position":"center center","background-size":"auto","background-attachment":"scroll","background-type":"","background-media":"","overlay-type":"","overlay-color":"","overlay-opacity":"","overlay-gradient":""},"mobile":{"background-color":"","background-image":"","background-repeat":"repeat","background-position":"center center","background-size":"auto","background-attachment":"scroll","background-type":"","background-media":"","overlay-type":"","overlay-color":"","overlay-opacity":"","overlay-gradient":""}},"ast-content-background-meta":{"desktop":{"background-color":"var(--ast-global-color-5)","background-image":"","background-repeat":"repeat","background-position":"center center","background-size":"auto","background-attachment":"scroll","background-type":"","background-media":"","overlay-type":"","overlay-color":"","overlay-opacity":"","overlay-gradient":""},"tablet":{"background-color":"var(--ast-global-color-5)","background-image":"","background-repeat":"repeat","background-position":"center center","background-size":"auto","background-attachment":"scroll","background-type":"","background-media":"","overlay-type":"","overlay-color":"","overlay-opacity":"","overlay-gradient":""},"mobile":{"background-color":"var(--ast-global-color-5)","background-image":"","background-repeat":"repeat","background-position":"center center","background-size":"auto","background-attachment":"scroll","background-type":"","background-media":"","overlay-type":"","overlay-color":"","overlay-opacity":"","overlay-gradient":""}}},"product_brand":[],"product_cat":[357],"product_tag":[],"class_list":{"0":"post-5098","1":"product","2":"type-product","3":"status-publish","4":"has-post-thumbnail","6":"product_cat-ni-na-zalogi","7":"desktop-align-left","8":"tablet-align-left","9":"mobile-align-left","11":"first","12":"outofstock","13":"taxable","14":"shipping-taxable","15":"purchasable","16":"product-type-simple"},"yoast_head":"<!-- This site is optimized with the Yoast SEO plugin v27.3 - https:\/\/yoast.com\/product\/yoast-seo-wordpress\/ -->\n<title>Darilo za prijateljico | Darilna \u0161katla - Milo za kraljice | Le Boxi<\/title>\n<meta name=\"description\" content=\"Kdo pravi, da sme\u0161no darilo ne more biti tudi kvalitetno, omamno di\u0161ati in biti ro\u010dno narejeno v Franciji? Top darilo za prijateljico.\" \/>\n<meta name=\"robots\" content=\"index, follow, max-snippet:-1, max-image-preview:large, max-video-preview:-1\" \/>\n<link rel=\"canonical\" href=\"https:\/\/leboxi.eu\/sl\/izdelek\/darilo-za-prijateljico-milo-za-kraljice\/\" \/>\n<meta property=\"og:locale\" content=\"sl_SI\" \/>\n<meta property=\"og:type\" content=\"article\" \/>\n<meta property=\"og:title\" content=\"Darilo za prijateljico | Darilna \u0161katla - Milo za kraljice | Le Boxi\" \/>\n<meta property=\"og:description\" content=\"Kdo pravi, da sme\u0161no darilo ne more biti tudi kvalitetno, omamno di\u0161ati in biti ro\u010dno narejeno v Franciji? Top darilo za prijateljico.\" \/>\n<meta property=\"og:url\" content=\"https:\/\/leboxi.eu\/sl\/izdelek\/darilo-za-prijateljico-milo-za-kraljice\/\" \/>\n<meta property=\"og:site_name\" content=\"Le Boxi | Unikatna darila za vsakogar\" \/>\n<meta property=\"article:publisher\" content=\"https:\/\/www.facebook.com\/leboxi.eu\" \/>\n<meta property=\"article:modified_time\" content=\"2024-08-18T18:22:05+00:00\" \/>\n<meta property=\"og:image\" content=\"https:\/\/leboxi.eu\/wp-content\/uploads\/2022\/01\/Milo-kraljica.jpg\" \/>\n\t<meta property=\"og:image:width\" content=\"1000\" \/>\n\t<meta property=\"og:image:height\" content=\"1000\" \/>\n\t<meta property=\"og:image:type\" content=\"image\/jpeg\" \/>\n<meta name=\"twitter:card\" content=\"summary_large_image\" \/>\n<meta name=\"twitter:label1\" content=\"Est. reading time\" \/>\n\t<meta name=\"twitter:data1\" content=\"3 minuta\" \/>\n<script type=\"application\/ld+json\" class=\"yoast-schema-graph\">{\"@context\":\"https:\\\/\\\/schema.org\",\"@graph\":[{\"@type\":\"WebPage\",\"@id\":\"https:\\\/\\\/leboxi.eu\\\/sl\\\/izdelek\\\/darilo-za-prijateljico-milo-za-kraljice\\\/\",\"url\":\"https:\\\/\\\/leboxi.eu\\\/sl\\\/izdelek\\\/darilo-za-prijateljico-milo-za-kraljice\\\/\",\"name\":\"Darilo za prijateljico | Darilna \u0161katla - Milo za kraljice | Le Boxi\",\"isPartOf\":{\"@id\":\"https:\\\/\\\/leboxi.eu\\\/sl\\\/#website\"},\"primaryImageOfPage\":{\"@id\":\"https:\\\/\\\/leboxi.eu\\\/sl\\\/izdelek\\\/darilo-za-prijateljico-milo-za-kraljice\\\/#primaryimage\"},\"image\":{\"@id\":\"https:\\\/\\\/leboxi.eu\\\/sl\\\/izdelek\\\/darilo-za-prijateljico-milo-za-kraljice\\\/#primaryimage\"},\"thumbnailUrl\":\"https:\\\/\\\/leboxi.eu\\\/wp-content\\\/uploads\\\/2022\\\/01\\\/Milo-kraljica.jpg\",\"datePublished\":\"2021-12-28T08:02:12+00:00\",\"dateModified\":\"2024-08-18T18:22:05+00:00\",\"description\":\"Kdo pravi, da sme\u0161no darilo ne more biti tudi kvalitetno, omamno di\u0161ati in biti ro\u010dno narejeno v Franciji? Top darilo za prijateljico.\",\"breadcrumb\":{\"@id\":\"https:\\\/\\\/leboxi.eu\\\/sl\\\/izdelek\\\/darilo-za-prijateljico-milo-za-kraljice\\\/#breadcrumb\"},\"inLanguage\":\"sl-SI\",\"potentialAction\":[{\"@type\":\"ReadAction\",\"target\":[\"https:\\\/\\\/leboxi.eu\\\/sl\\\/izdelek\\\/darilo-za-prijateljico-milo-za-kraljice\\\/\"]}]},{\"@type\":\"ImageObject\",\"inLanguage\":\"sl-SI\",\"@id\":\"https:\\\/\\\/leboxi.eu\\\/sl\\\/izdelek\\\/darilo-za-prijateljico-milo-za-kraljice\\\/#primaryimage\",\"url\":\"https:\\\/\\\/leboxi.eu\\\/wp-content\\\/uploads\\\/2022\\\/01\\\/Milo-kraljica.jpg\",\"contentUrl\":\"https:\\\/\\\/leboxi.eu\\\/wp-content\\\/uploads\\\/2022\\\/01\\\/Milo-kraljica.jpg\",\"width\":1000,\"height\":1000,\"caption\":\"darilo za prijateljico: Darilna \u0161katla z naravnim milom\"},{\"@type\":\"BreadcrumbList\",\"@id\":\"https:\\\/\\\/leboxi.eu\\\/sl\\\/izdelek\\\/darilo-za-prijateljico-milo-za-kraljice\\\/#breadcrumb\",\"itemListElement\":[{\"@type\":\"ListItem\",\"position\":1,\"name\":\"Doma\",\"item\":\"https:\\\/\\\/leboxi.eu\\\/sl\\\/\"},{\"@type\":\"ListItem\",\"position\":2,\"name\":\"Trgovina\",\"item\":\"https:\\\/\\\/leboxi.eu\\\/sl\\\/trgovina\\\/\"},{\"@type\":\"ListItem\",\"position\":3,\"name\":\"Darilna \u0161katla \u2013 Milo za kraljice\"}]},{\"@type\":\"WebSite\",\"@id\":\"https:\\\/\\\/leboxi.eu\\\/sl\\\/#website\",\"url\":\"https:\\\/\\\/leboxi.eu\\\/sl\\\/\",\"name\":\"Le Boxi | Unikatna darila za vsakogar\",\"description\":\"Unikatna darila in darilne \u0161katle za vse prilo\u017enosti.\",\"publisher\":{\"@id\":\"https:\\\/\\\/leboxi.eu\\\/sl\\\/#organization\"},\"potentialAction\":[{\"@type\":\"SearchAction\",\"target\":{\"@type\":\"EntryPoint\",\"urlTemplate\":\"https:\\\/\\\/leboxi.eu\\\/sl\\\/?s={search_term_string}\"},\"query-input\":{\"@type\":\"PropertyValueSpecification\",\"valueRequired\":true,\"valueName\":\"search_term_string\"}}],\"inLanguage\":\"sl-SI\"},{\"@type\":\"Organization\",\"@id\":\"https:\\\/\\\/leboxi.eu\\\/sl\\\/#organization\",\"name\":\"LE BOXI\",\"url\":\"https:\\\/\\\/leboxi.eu\\\/sl\\\/\",\"logo\":{\"@type\":\"ImageObject\",\"inLanguage\":\"sl-SI\",\"@id\":\"https:\\\/\\\/leboxi.eu\\\/sl\\\/#\\\/schema\\\/logo\\\/image\\\/\",\"url\":\"https:\\\/\\\/leboxi.eu\\\/wp-content\\\/uploads\\\/2021\\\/02\\\/LeBoxi-manjsi-png.png\",\"contentUrl\":\"https:\\\/\\\/leboxi.eu\\\/wp-content\\\/uploads\\\/2021\\\/02\\\/LeBoxi-manjsi-png.png\",\"width\":389,\"height\":164,\"caption\":\"LE BOXI\"},\"image\":{\"@id\":\"https:\\\/\\\/leboxi.eu\\\/sl\\\/#\\\/schema\\\/logo\\\/image\\\/\"},\"sameAs\":[\"https:\\\/\\\/www.facebook.com\\\/leboxi.eu\",\"https:\\\/\\\/www.instagram.com\\\/le.boxi\\\/\"]}]}<\/script>\n<!-- \/ Yoast SEO plugin. -->","yoast_head_json":{"title":"Darilo za prijateljico | Darilna \u0161katla - Milo za kraljice | Le Boxi","description":"Kdo pravi, da sme\u0161no darilo ne more biti tudi kvalitetno, omamno di\u0161ati in biti ro\u010dno narejeno v Franciji? Top darilo za prijateljico.","robots":{"index":"index","follow":"follow","max-snippet":"max-snippet:-1","max-image-preview":"max-image-preview:large","max-video-preview":"max-video-preview:-1"},"canonical":"https:\/\/leboxi.eu\/sl\/izdelek\/darilo-za-prijateljico-milo-za-kraljice\/","og_locale":"sl_SI","og_type":"article","og_title":"Darilo za prijateljico | Darilna \u0161katla - Milo za kraljice | Le Boxi","og_description":"Kdo pravi, da sme\u0161no darilo ne more biti tudi kvalitetno, omamno di\u0161ati in biti ro\u010dno narejeno v Franciji? Top darilo za prijateljico.","og_url":"https:\/\/leboxi.eu\/sl\/izdelek\/darilo-za-prijateljico-milo-za-kraljice\/","og_site_name":"Le Boxi | Unikatna darila za vsakogar","article_publisher":"https:\/\/www.facebook.com\/leboxi.eu","article_modified_time":"2024-08-18T18:22:05+00:00","og_image":[{"width":1000,"height":1000,"url":"https:\/\/leboxi.eu\/wp-content\/uploads\/2022\/01\/Milo-kraljica.jpg","type":"image\/jpeg"}],"twitter_card":"summary_large_image","twitter_misc":{"Est. reading time":"3 minuta"},"schema":{"@context":"https:\/\/schema.org","@graph":[{"@type":"WebPage","@id":"https:\/\/leboxi.eu\/sl\/izdelek\/darilo-za-prijateljico-milo-za-kraljice\/","url":"https:\/\/leboxi.eu\/sl\/izdelek\/darilo-za-prijateljico-milo-za-kraljice\/","name":"Darilo za prijateljico | Darilna \u0161katla - Milo za kraljice | Le Boxi","isPartOf":{"@id":"https:\/\/leboxi.eu\/sl\/#website"},"primaryImageOfPage":{"@id":"https:\/\/leboxi.eu\/sl\/izdelek\/darilo-za-prijateljico-milo-za-kraljice\/#primaryimage"},"image":{"@id":"https:\/\/leboxi.eu\/sl\/izdelek\/darilo-za-prijateljico-milo-za-kraljice\/#primaryimage"},"thumbnailUrl":"https:\/\/leboxi.eu\/wp-content\/uploads\/2022\/01\/Milo-kraljica.jpg","datePublished":"2021-12-28T08:02:12+00:00","dateModified":"2024-08-18T18:22:05+00:00","description":"Kdo pravi, da sme\u0161no darilo ne more biti tudi kvalitetno, omamno di\u0161ati in biti ro\u010dno narejeno v Franciji? Top darilo za prijateljico.","breadcrumb":{"@id":"https:\/\/leboxi.eu\/sl\/izdelek\/darilo-za-prijateljico-milo-za-kraljice\/#breadcrumb"},"inLanguage":"sl-SI","potentialAction":[{"@type":"ReadAction","target":["https:\/\/leboxi.eu\/sl\/izdelek\/darilo-za-prijateljico-milo-za-kraljice\/"]}]},{"@type":"ImageObject","inLanguage":"sl-SI","@id":"https:\/\/leboxi.eu\/sl\/izdelek\/darilo-za-prijateljico-milo-za-kraljice\/#primaryimage","url":"https:\/\/leboxi.eu\/wp-content\/uploads\/2022\/01\/Milo-kraljica.jpg","contentUrl":"https:\/\/leboxi.eu\/wp-content\/uploads\/2022\/01\/Milo-kraljica.jpg","width":1000,"height":1000,"caption":"darilo za prijateljico: Darilna \u0161katla z naravnim milom"},{"@type":"BreadcrumbList","@id":"https:\/\/leboxi.eu\/sl\/izdelek\/darilo-za-prijateljico-milo-za-kraljice\/#breadcrumb","itemListElement":[{"@type":"ListItem","position":1,"name":"Doma","item":"https:\/\/leboxi.eu\/sl\/"},{"@type":"ListItem","position":2,"name":"Trgovina","item":"https:\/\/leboxi.eu\/sl\/trgovina\/"},{"@type":"ListItem","position":3,"name":"Darilna \u0161katla \u2013 Milo za kraljice"}]},{"@type":"WebSite","@id":"https:\/\/leboxi.eu\/sl\/#website","url":"https:\/\/leboxi.eu\/sl\/","name":"Le Boxi | Unikatna darila za vsakogar","description":"Unikatna darila in darilne \u0161katle za vse prilo\u017enosti.","publisher":{"@id":"https:\/\/leboxi.eu\/sl\/#organization"},"potentialAction":[{"@type":"SearchAction","target":{"@type":"EntryPoint","urlTemplate":"https:\/\/leboxi.eu\/sl\/?s={search_term_string}"},"query-input":{"@type":"PropertyValueSpecification","valueRequired":true,"valueName":"search_term_string"}}],"inLanguage":"sl-SI"},{"@type":"Organization","@id":"https:\/\/leboxi.eu\/sl\/#organization","name":"LE BOXI","url":"https:\/\/leboxi.eu\/sl\/","logo":{"@type":"ImageObject","inLanguage":"sl-SI","@id":"https:\/\/leboxi.eu\/sl\/#\/schema\/logo\/image\/","url":"https:\/\/leboxi.eu\/wp-content\/uploads\/2021\/02\/LeBoxi-manjsi-png.png","contentUrl":"https:\/\/leboxi.eu\/wp-content\/uploads\/2021\/02\/LeBoxi-manjsi-png.png","width":389,"height":164,"caption":"LE BOXI"},"image":{"@id":"https:\/\/leboxi.eu\/sl\/#\/schema\/logo\/image\/"},"sameAs":["https:\/\/www.facebook.com\/leboxi.eu","https:\/\/www.instagram.com\/le.boxi\/"]}]}},"tiered_pricing_type":"fixed","tiered_pricing_fixed_rules":[],"tiered_pricing_product_settings":{"layout":"default","base_unit_name":{"singular":null,"plural":null},"default_variation":null},"tiered_pricing_minimum_quantity":null,"tiered_pricing_roles_data":[],"tiered_pricing_percentage_rules":[],"_links":{"self":[{"href":"https:\/\/leboxi.eu\/sl\/wp-json\/wp\/v2\/product\/5098","targetHints":{"allow":["GET"]}}],"collection":[{"href":"https:\/\/leboxi.eu\/sl\/wp-json\/wp\/v2\/product"}],"about":[{"href":"https:\/\/leboxi.eu\/sl\/wp-json\/wp\/v2\/types\/product"}],"replies":[{"embeddable":true,"href":"https:\/\/leboxi.eu\/sl\/wp-json\/wp\/v2\/comments?post=5098"}],"version-history":[{"count":0,"href":"https:\/\/leboxi.eu\/sl\/wp-json\/wp\/v2\/product\/5098\/revisions"}],"wp:featuredmedia":[{"embeddable":true,"href":"https:\/\/leboxi.eu\/sl\/wp-json\/wp\/v2\/media\/5863"}],"wp:attachment":[{"href":"https:\/\/leboxi.eu\/sl\/wp-json\/wp\/v2\/media?parent=5098"}],"wp:term":[{"taxonomy":"product_brand","embeddable":true,"href":"https:\/\/leboxi.eu\/sl\/wp-json\/wp\/v2\/product_brand?post=5098"},{"taxonomy":"product_cat","embeddable":true,"href":"https:\/\/leboxi.eu\/sl\/wp-json\/wp\/v2\/product_cat?post=5098"},{"taxonomy":"product_tag","embeddable":true,"href":"https:\/\/leboxi.eu\/sl\/wp-json\/wp\/v2\/product_tag?post=5098"}],"curies":[{"name":"wp","href":"https:\/\/api.w.org\/{rel}","templated":true}]}}