{"id":3739,"date":"2021-08-26T17:48:08","date_gmt":"2021-08-26T16:48:08","guid":{"rendered":"https:\/\/leboxi.eu\/?post_type=product&#038;p=3739"},"modified":"2026-02-15T18:00:11","modified_gmt":"2026-02-15T17:00:11","slug":"verizica-my-z-imenom","status":"publish","type":"product","link":"https:\/\/leboxi.eu\/sl\/izdelek\/verizica-my-z-imenom\/","title":{"rendered":"Veri\u017eica MY z imenom"},"content":{"rendered":"<p><strong>Veri\u017eica MY z imenom<\/strong><\/p>\n<p>Barva: zlata 14K\/srebrna\/roza zlata<\/p>\n<p>Material: Srebro 925<\/p>\n<p>Dol\u017eina veri\u017eice: 37 cm\u00a0 &#8211; 45 cm (mo\u017enost regulacije dol\u017eine 37 cm + 2 cm + 2 cm + 3 cm)<\/p>\n<p>Ni mo\u017ena personalizacija imen s \u0161umniki.<\/p>\n<p>Veri\u017eica s personaliziranim imenom je odli\u010dno presene\u010denje za va\u0161o najdra\u017ejo. Veri\u017eica je iz pravega srebra 925. \u010ce bi radi veri\u017eico podarili kot darilo vam jo lahko zapakiramo v li\u010dno darilno \u0161katlico<\/p>\n<p><a href=\"https:\/\/leboxi.eu\/wp-content\/uploads\/2021\/08\/VerizicaMY.vse-skupaj-1.jpg\"><img fetchpriority=\"high\" decoding=\"async\" class=\"alignnone wp-image-15214\" src=\"https:\/\/leboxi.eu\/wp-content\/uploads\/2021\/08\/VerizicaMY.vse-skupaj-1-1024x1024.jpg\" alt=\"\" width=\"653\" height=\"653\" srcset=\"https:\/\/leboxi.eu\/wp-content\/uploads\/2021\/08\/VerizicaMY.vse-skupaj-1-1024x1024.jpg 1024w, https:\/\/leboxi.eu\/wp-content\/uploads\/2021\/08\/VerizicaMY.vse-skupaj-1-300x300.jpg 300w, https:\/\/leboxi.eu\/wp-content\/uploads\/2021\/08\/VerizicaMY.vse-skupaj-1-100x100.jpg 100w, https:\/\/leboxi.eu\/wp-content\/uploads\/2021\/08\/VerizicaMY.vse-skupaj-1-600x600.jpg 600w, https:\/\/leboxi.eu\/wp-content\/uploads\/2021\/08\/VerizicaMY.vse-skupaj-1-150x150.jpg 150w, https:\/\/leboxi.eu\/wp-content\/uploads\/2021\/08\/VerizicaMY.vse-skupaj-1-768x768.jpg 768w, https:\/\/leboxi.eu\/wp-content\/uploads\/2021\/08\/VerizicaMY.vse-skupaj-1.jpg 1080w\" sizes=\"(max-width: 653px) 100vw, 653px\" \/><\/a><\/p>\n<p><a href=\"https:\/\/leboxi.eu\/wp-content\/uploads\/2021\/08\/Verizice-My.jpg\"><img decoding=\"async\" class=\"alignnone wp-image-17655\" src=\"https:\/\/leboxi.eu\/wp-content\/uploads\/2021\/08\/Verizice-My.jpg\" alt=\"\" width=\"651\" height=\"651\" srcset=\"https:\/\/leboxi.eu\/wp-content\/uploads\/2021\/08\/Verizice-My.jpg 1000w, https:\/\/leboxi.eu\/wp-content\/uploads\/2021\/08\/Verizice-My-300x300.jpg 300w, https:\/\/leboxi.eu\/wp-content\/uploads\/2021\/08\/Verizice-My-100x100.jpg 100w, https:\/\/leboxi.eu\/wp-content\/uploads\/2021\/08\/Verizice-My-600x600.jpg 600w, https:\/\/leboxi.eu\/wp-content\/uploads\/2021\/08\/Verizice-My-150x150.jpg 150w, https:\/\/leboxi.eu\/wp-content\/uploads\/2021\/08\/Verizice-My-768x768.jpg 768w\" sizes=\"(max-width: 651px) 100vw, 651px\" \/><\/a><\/p>\n<p>Priporo\u010dila za uporabo: Priporo\u010damo, da nakit odstranite pred kopanjem\/tu\u0161iranjem, med spanjem ter pri \u0161portnih dejavnostih, da se ne bo po\u0161kodovalo in ostalo \u010dim bolj sijajno dalj \u010dasa. Nakit ne pu\u0161\u010da made\u017eev, se ne razbarva, ne obarva ko\u017ee zeleno ter je vodoodporno.<\/p>\n<p><strong>Celoten proces izdelave personalizirane veri\u017eice ter dostave na va\u0161 naslov traja 20 &#8211; 30 dni. Veri\u017eica ne bo dostavljena pred tem obdobjem. V primeru, da naro\u010dite \u0161e druge izdelke bodo dostavljeni v lo\u010deni po\u0161iljki. Zaradi trenutnih izrednih razmer na trgu so mo\u017ene zamude pri dostavi.<\/strong><\/p>\n<h6><\/h6>\n<h6>Dodatno:<\/h6>\n<p>Za piko na i lahko svoj darilni set nadgradite z\u00a0<a href=\"https:\/\/leboxi.eu\/blog\/posvetilo-darilni-listki\/\">darilnimi listi\u010di<\/a>\u00a0za izdelavo katerih navodila najdete na na\u0161em blogu.<\/p>\n<p>\u010ce \u017eelite bomo va\u0161e darilo obdarovancu dostavili mi, seveda pa ob dostavi ne bomo prilo\u017eili ra\u010duna. Le-tega boste prejeli vi.<\/p>\n<p>Pri personaliziranih izdelkih kupec <strong>nima pravice<\/strong> do odstopa od nakupne pogodbe. V praksi to pomeni, da za vse izdelke, ki so narejeni po \u017eelji kupca, potro\u0161nik ne vra\u010da izdelka, je pa zavezan k pla\u010dilu po sklenjeni pogodbi. Ponudnik ne odgovarja za nepravilno izbrane mo\u017enosti (npr. napa\u010dno izbranega tipa personaliziranega izdelka, napa\u010dna izbira vzorca personalizacije, napake \u010drkovanja, napake datuma ipd.) personalizacije pri nakupu.<\/p>\n","protected":false},"excerpt":{"rendered":"<p>Ponosno vam predstavljamo na\u0161o \u010dudovito veri\u017eico iz pravega srebra, obogateno s prefinjenim obeskom v s personaliziranim imenom. Ta izdelek ni le nakit, temve\u010d je tudi simbol ljubezni, elegance in trajnosti.<\/p>\n<p><img decoding=\"async\" class=\"emoji\" role=\"img\" draggable=\"false\" src=\"https:\/\/s.w.org\/images\/core\/emoji\/14.0.0\/svg\/1f338.svg\" alt=\"????\" \/>\u00a0 SREBRO NAJVI\u0160JE KAKOVOSTI<\/p>\n<p>Na\u0161a veri\u017eica je narejena iz pravega srebra, ki zagotavlja trajnost, odpornost na rjavenje in ohranja svoj sijaj skozi leta.<\/p>\n<p><img decoding=\"async\" class=\"emoji\" role=\"img\" draggable=\"false\" src=\"https:\/\/s.w.org\/images\/core\/emoji\/14.0.0\/svg\/1f338.svg\" alt=\"????\" \/>\u00a0 POPOLNO DARILO<\/p>\n<p>Ali i\u0161\u010dete popolno darilo za posebno osebo? Na\u0161a veri\u017eica je idealna izbira, ki bo zagotovo pri\u010darala iskrice v o\u010deh obdarovanca. Elegantna veri\u017eica MY s personaliziranim imenom je unikat. Izberete lahko med zlato, srebrno in roza zlato barvo.<\/p>\n<p>Dodatne informacije:<\/p>\n<ul>\n<li>Dol\u017eina veri\u017eice: 38 cm\u00a0 &#8211; 45 cm (mo\u017enost regulacije dol\u017eine)<\/li>\n<li>Material: srebro 925<\/li>\n<li>Zunanji sloj je dodatno pozla\u010den 14K oz. posrebren (odvisno od izbire)<\/li>\n<li>100% hipoalergena, 100% ne pu\u0161\u010da made\u017eev na ko\u017ei<\/li>\n<li><strong>\u010cas dostave: 20 &#8211; 30 dni (\u010das izdelave + dostava)<\/strong><\/li>\n<\/ul>\n<div style=\"padding: 100% 0 0 0; position: relative;\"><iframe style=\"position: absolute; top: 0; left: 0; width: 100%; height: 100%;\" title=\"Veri\u017eica z imenom\" src=\"https:\/\/player.vimeo.com\/video\/881159802?badge=0&amp;autopause=0&amp;quality_selector=1&amp;player_id=0&amp;app_id=58479\" frameborder=\"0\"><\/iframe><\/div>\n<p><script src=\"https:\/\/player.vimeo.com\/api\/player.js\"><\/script><br \/>\n\u010ce bi radi veri\u017eico podarili kot darilo vam jo lahko zapakiramo v li\u010dno darilno \u0161katlico. Va\u0161e darilo lahko obdarovancu dostavimo mi, seveda pa ob dostavi ne bomo prilo\u017eili ra\u010duna. Le-tega boste prejeli vi.<\/p>\n","protected":false},"featured_media":3789,"comment_status":"open","ping_status":"closed","template":"","meta":{"site-sidebar-layout":"default","site-content-layout":"default","ast-site-content-layout":"default","site-content-style":"default","site-sidebar-style":"default","ast-global-header-display":"","ast-banner-title-visibility":"","ast-main-header-display":"","ast-hfb-above-header-display":"","ast-hfb-below-header-display":"","ast-hfb-mobile-header-display":"","site-post-title":"","ast-breadcrumbs-content":"","ast-featured-img":"","footer-sml-layout":"","ast-disable-related-posts":"","theme-transparent-header-meta":"default","adv-header-id-meta":"","stick-header-meta":"","header-above-stick-meta":"","header-main-stick-meta":"","header-below-stick-meta":"","astra-migrate-meta-layouts":"set","ast-page-background-enabled":"default","ast-page-background-meta":{"desktop":{"background-color":"","background-image":"","background-repeat":"repeat","background-position":"center center","background-size":"auto","background-attachment":"scroll","background-type":"","background-media":"","overlay-type":"","overlay-color":"","overlay-opacity":"","overlay-gradient":""},"tablet":{"background-color":"","background-image":"","background-repeat":"repeat","background-position":"center center","background-size":"auto","background-attachment":"scroll","background-type":"","background-media":"","overlay-type":"","overlay-color":"","overlay-opacity":"","overlay-gradient":""},"mobile":{"background-color":"","background-image":"","background-repeat":"repeat","background-position":"center center","background-size":"auto","background-attachment":"scroll","background-type":"","background-media":"","overlay-type":"","overlay-color":"","overlay-opacity":"","overlay-gradient":""}},"ast-content-background-meta":{"desktop":{"background-color":"var(--ast-global-color-5)","background-image":"","background-repeat":"repeat","background-position":"center center","background-size":"auto","background-attachment":"scroll","background-type":"","background-media":"","overlay-type":"","overlay-color":"","overlay-opacity":"","overlay-gradient":""},"tablet":{"background-color":"var(--ast-global-color-5)","background-image":"","background-repeat":"repeat","background-position":"center center","background-size":"auto","background-attachment":"scroll","background-type":"","background-media":"","overlay-type":"","overlay-color":"","overlay-opacity":"","overlay-gradient":""},"mobile":{"background-color":"var(--ast-global-color-5)","background-image":"","background-repeat":"repeat","background-position":"center center","background-size":"auto","background-attachment":"scroll","background-type":"","background-media":"","overlay-type":"","overlay-color":"","overlay-opacity":"","overlay-gradient":""}}},"product_brand":[],"product_cat":[273,160,186,156,126,154,148,130,164,178,162,182,122,297,170,146,15,319,172,174,27,313],"product_tag":[],"class_list":{"0":"post-3739","1":"product","2":"type-product","3":"status-publish","4":"has-post-thumbnail","6":"product_cat-akcija","7":"product_cat-darila-za-bozic","8":"product_cat-darila-za-bozic-za-zenske","9":"product_cat-darila-za-dan-zena","10":"product_cat-darila-za-mamo","11":"product_cat-darila-za-materinski-dan","12":"product_cat-darila-za-prijateljico","13":"product_cat-darila-za-punco","14":"product_cat-darila-za-rojstni-dan","15":"product_cat-za-zenske","16":"product_cat-darila-za-valentinovo","17":"product_cat-darila-za-valentinovo-za-zenske","18":"product_cat-darila-za-zenske","19":"product_cat-najbolj-prodajano","20":"product_cat-nakit","21":"product_cat-priloznosti","22":"product_cat-splosna","23":"product_cat-spomladanska-razprodaja","24":"product_cat-verizice","25":"product_cat-verizice-z-imenom","26":"product_cat-zenske","27":"product_cat-zimska-razprodaja","28":"pa_nakit-roza-zlato","29":"pa_nakit-roza-zlato-darilno","30":"pa_nakit-srebrno","31":"pa_nakit-srebrno-darilno","32":"pa_nakit-zlato","33":"pa_nakit-zlato-darilno","34":"desktop-align-left","35":"tablet-align-left","36":"mobile-align-left","38":"first","39":"outofstock","40":"taxable","41":"shipping-taxable","42":"purchasable","43":"product-type-variable"},"yoast_head":"<!-- This site is optimized with the Yoast SEO plugin v27.4 - https:\/\/yoast.com\/product\/yoast-seo-wordpress\/ -->\n<title>Veri\u017eica z imenom | Personalizirana veri\u017eica | Le Boxi<\/title>\n<meta name=\"description\" content=\"Elegantna veri\u017eica z imenom. Mo\u017enost zlate, srebrne oz. roza zlate barve. Odli\u010dno darilo zase oz. na\u0161e najbli\u017eje. Mo\u017enost nakupa z li\u010dno darilno \u0161katlico.\" \/>\n<meta name=\"robots\" content=\"index, follow, max-snippet:-1, max-image-preview:large, max-video-preview:-1\" \/>\n<link rel=\"canonical\" href=\"https:\/\/leboxi.eu\/sl\/izdelek\/verizica-my-z-imenom\/\" \/>\n<meta property=\"og:locale\" content=\"sl_SI\" \/>\n<meta property=\"og:type\" content=\"article\" \/>\n<meta property=\"og:title\" content=\"Veri\u017eica z imenom | Personalizirana veri\u017eica | Le Boxi\" \/>\n<meta property=\"og:description\" content=\"Elegantna veri\u017eica z imenom. Mo\u017enost zlate, srebrne oz. roza zlate barve. Odli\u010dno darilo zase oz. na\u0161e najbli\u017eje. Mo\u017enost nakupa z li\u010dno darilno \u0161katlico.\" \/>\n<meta property=\"og:url\" content=\"https:\/\/leboxi.eu\/sl\/izdelek\/verizica-my-z-imenom\/\" \/>\n<meta property=\"og:site_name\" content=\"Le Boxi | Unikatna darila za vsakogar\" \/>\n<meta property=\"article:publisher\" content=\"https:\/\/www.facebook.com\/leboxi.eu\" \/>\n<meta property=\"article:modified_time\" content=\"2026-02-15T17:00:11+00:00\" \/>\n<meta property=\"og:image\" content=\"https:\/\/leboxi.eu\/wp-content\/uploads\/2021\/08\/DSC0819-1.jpg\" \/>\n\t<meta property=\"og:image:width\" content=\"1000\" \/>\n\t<meta property=\"og:image:height\" content=\"1000\" \/>\n\t<meta property=\"og:image:type\" content=\"image\/jpeg\" \/>\n<meta name=\"twitter:card\" content=\"summary_large_image\" \/>\n<meta name=\"twitter:label1\" content=\"Est. reading time\" \/>\n\t<meta name=\"twitter:data1\" content=\"2 minuta\" \/>\n<script type=\"application\/ld+json\" class=\"yoast-schema-graph\">{\"@context\":\"https:\\\/\\\/schema.org\",\"@graph\":[{\"@type\":\"WebPage\",\"@id\":\"https:\\\/\\\/leboxi.eu\\\/sl\\\/izdelek\\\/verizica-my-z-imenom\\\/\",\"url\":\"https:\\\/\\\/leboxi.eu\\\/sl\\\/izdelek\\\/verizica-my-z-imenom\\\/\",\"name\":\"Veri\u017eica z imenom | Personalizirana veri\u017eica | Le Boxi\",\"isPartOf\":{\"@id\":\"https:\\\/\\\/leboxi.eu\\\/sl\\\/#website\"},\"primaryImageOfPage\":{\"@id\":\"https:\\\/\\\/leboxi.eu\\\/sl\\\/izdelek\\\/verizica-my-z-imenom\\\/#primaryimage\"},\"image\":{\"@id\":\"https:\\\/\\\/leboxi.eu\\\/sl\\\/izdelek\\\/verizica-my-z-imenom\\\/#primaryimage\"},\"thumbnailUrl\":\"https:\\\/\\\/leboxi.eu\\\/wp-content\\\/uploads\\\/2021\\\/08\\\/DSC0819-1.jpg\",\"datePublished\":\"2021-08-26T16:48:08+00:00\",\"dateModified\":\"2026-02-15T17:00:11+00:00\",\"description\":\"Elegantna veri\u017eica z imenom. Mo\u017enost zlate, srebrne oz. roza zlate barve. Odli\u010dno darilo zase oz. na\u0161e najbli\u017eje. Mo\u017enost nakupa z li\u010dno darilno \u0161katlico.\",\"breadcrumb\":{\"@id\":\"https:\\\/\\\/leboxi.eu\\\/sl\\\/izdelek\\\/verizica-my-z-imenom\\\/#breadcrumb\"},\"inLanguage\":\"sl-SI\",\"potentialAction\":[{\"@type\":\"ReadAction\",\"target\":[\"https:\\\/\\\/leboxi.eu\\\/sl\\\/izdelek\\\/verizica-my-z-imenom\\\/\"]}]},{\"@type\":\"ImageObject\",\"inLanguage\":\"sl-SI\",\"@id\":\"https:\\\/\\\/leboxi.eu\\\/sl\\\/izdelek\\\/verizica-my-z-imenom\\\/#primaryimage\",\"url\":\"https:\\\/\\\/leboxi.eu\\\/wp-content\\\/uploads\\\/2021\\\/08\\\/DSC0819-1.jpg\",\"contentUrl\":\"https:\\\/\\\/leboxi.eu\\\/wp-content\\\/uploads\\\/2021\\\/08\\\/DSC0819-1.jpg\",\"width\":1000,\"height\":1000,\"caption\":\"srebrna veri\u017eica z imenom\"},{\"@type\":\"BreadcrumbList\",\"@id\":\"https:\\\/\\\/leboxi.eu\\\/sl\\\/izdelek\\\/verizica-my-z-imenom\\\/#breadcrumb\",\"itemListElement\":[{\"@type\":\"ListItem\",\"position\":1,\"name\":\"Doma\",\"item\":\"https:\\\/\\\/leboxi.eu\\\/sl\\\/\"},{\"@type\":\"ListItem\",\"position\":2,\"name\":\"Trgovina\",\"item\":\"https:\\\/\\\/leboxi.eu\\\/sl\\\/trgovina\\\/\"},{\"@type\":\"ListItem\",\"position\":3,\"name\":\"Veri\u017eica MY z imenom\"}]},{\"@type\":\"WebSite\",\"@id\":\"https:\\\/\\\/leboxi.eu\\\/sl\\\/#website\",\"url\":\"https:\\\/\\\/leboxi.eu\\\/sl\\\/\",\"name\":\"Le Boxi | Unikatna darila za vsakogar\",\"description\":\"Unikatna darila in darilne \u0161katle za vse prilo\u017enosti.\",\"publisher\":{\"@id\":\"https:\\\/\\\/leboxi.eu\\\/sl\\\/#organization\"},\"potentialAction\":[{\"@type\":\"SearchAction\",\"target\":{\"@type\":\"EntryPoint\",\"urlTemplate\":\"https:\\\/\\\/leboxi.eu\\\/sl\\\/?s={search_term_string}\"},\"query-input\":{\"@type\":\"PropertyValueSpecification\",\"valueRequired\":true,\"valueName\":\"search_term_string\"}}],\"inLanguage\":\"sl-SI\"},{\"@type\":\"Organization\",\"@id\":\"https:\\\/\\\/leboxi.eu\\\/sl\\\/#organization\",\"name\":\"LE BOXI\",\"url\":\"https:\\\/\\\/leboxi.eu\\\/sl\\\/\",\"logo\":{\"@type\":\"ImageObject\",\"inLanguage\":\"sl-SI\",\"@id\":\"https:\\\/\\\/leboxi.eu\\\/sl\\\/#\\\/schema\\\/logo\\\/image\\\/\",\"url\":\"https:\\\/\\\/leboxi.eu\\\/wp-content\\\/uploads\\\/2021\\\/02\\\/LeBoxi-manjsi-png.png\",\"contentUrl\":\"https:\\\/\\\/leboxi.eu\\\/wp-content\\\/uploads\\\/2021\\\/02\\\/LeBoxi-manjsi-png.png\",\"width\":389,\"height\":164,\"caption\":\"LE BOXI\"},\"image\":{\"@id\":\"https:\\\/\\\/leboxi.eu\\\/sl\\\/#\\\/schema\\\/logo\\\/image\\\/\"},\"sameAs\":[\"https:\\\/\\\/www.facebook.com\\\/leboxi.eu\",\"https:\\\/\\\/www.instagram.com\\\/le.boxi\\\/\"]}]}<\/script>\n<!-- \/ Yoast SEO plugin. -->","yoast_head_json":{"title":"Veri\u017eica z imenom | Personalizirana veri\u017eica | Le Boxi","description":"Elegantna veri\u017eica z imenom. Mo\u017enost zlate, srebrne oz. roza zlate barve. Odli\u010dno darilo zase oz. na\u0161e najbli\u017eje. Mo\u017enost nakupa z li\u010dno darilno \u0161katlico.","robots":{"index":"index","follow":"follow","max-snippet":"max-snippet:-1","max-image-preview":"max-image-preview:large","max-video-preview":"max-video-preview:-1"},"canonical":"https:\/\/leboxi.eu\/sl\/izdelek\/verizica-my-z-imenom\/","og_locale":"sl_SI","og_type":"article","og_title":"Veri\u017eica z imenom | Personalizirana veri\u017eica | Le Boxi","og_description":"Elegantna veri\u017eica z imenom. Mo\u017enost zlate, srebrne oz. roza zlate barve. Odli\u010dno darilo zase oz. na\u0161e najbli\u017eje. Mo\u017enost nakupa z li\u010dno darilno \u0161katlico.","og_url":"https:\/\/leboxi.eu\/sl\/izdelek\/verizica-my-z-imenom\/","og_site_name":"Le Boxi | Unikatna darila za vsakogar","article_publisher":"https:\/\/www.facebook.com\/leboxi.eu","article_modified_time":"2026-02-15T17:00:11+00:00","og_image":[{"width":1000,"height":1000,"url":"https:\/\/leboxi.eu\/wp-content\/uploads\/2021\/08\/DSC0819-1.jpg","type":"image\/jpeg"}],"twitter_card":"summary_large_image","twitter_misc":{"Est. reading time":"2 minuta"},"schema":{"@context":"https:\/\/schema.org","@graph":[{"@type":"WebPage","@id":"https:\/\/leboxi.eu\/sl\/izdelek\/verizica-my-z-imenom\/","url":"https:\/\/leboxi.eu\/sl\/izdelek\/verizica-my-z-imenom\/","name":"Veri\u017eica z imenom | Personalizirana veri\u017eica | Le Boxi","isPartOf":{"@id":"https:\/\/leboxi.eu\/sl\/#website"},"primaryImageOfPage":{"@id":"https:\/\/leboxi.eu\/sl\/izdelek\/verizica-my-z-imenom\/#primaryimage"},"image":{"@id":"https:\/\/leboxi.eu\/sl\/izdelek\/verizica-my-z-imenom\/#primaryimage"},"thumbnailUrl":"https:\/\/leboxi.eu\/wp-content\/uploads\/2021\/08\/DSC0819-1.jpg","datePublished":"2021-08-26T16:48:08+00:00","dateModified":"2026-02-15T17:00:11+00:00","description":"Elegantna veri\u017eica z imenom. Mo\u017enost zlate, srebrne oz. roza zlate barve. Odli\u010dno darilo zase oz. na\u0161e najbli\u017eje. Mo\u017enost nakupa z li\u010dno darilno \u0161katlico.","breadcrumb":{"@id":"https:\/\/leboxi.eu\/sl\/izdelek\/verizica-my-z-imenom\/#breadcrumb"},"inLanguage":"sl-SI","potentialAction":[{"@type":"ReadAction","target":["https:\/\/leboxi.eu\/sl\/izdelek\/verizica-my-z-imenom\/"]}]},{"@type":"ImageObject","inLanguage":"sl-SI","@id":"https:\/\/leboxi.eu\/sl\/izdelek\/verizica-my-z-imenom\/#primaryimage","url":"https:\/\/leboxi.eu\/wp-content\/uploads\/2021\/08\/DSC0819-1.jpg","contentUrl":"https:\/\/leboxi.eu\/wp-content\/uploads\/2021\/08\/DSC0819-1.jpg","width":1000,"height":1000,"caption":"srebrna veri\u017eica z imenom"},{"@type":"BreadcrumbList","@id":"https:\/\/leboxi.eu\/sl\/izdelek\/verizica-my-z-imenom\/#breadcrumb","itemListElement":[{"@type":"ListItem","position":1,"name":"Doma","item":"https:\/\/leboxi.eu\/sl\/"},{"@type":"ListItem","position":2,"name":"Trgovina","item":"https:\/\/leboxi.eu\/sl\/trgovina\/"},{"@type":"ListItem","position":3,"name":"Veri\u017eica MY z imenom"}]},{"@type":"WebSite","@id":"https:\/\/leboxi.eu\/sl\/#website","url":"https:\/\/leboxi.eu\/sl\/","name":"Le Boxi | Unikatna darila za vsakogar","description":"Unikatna darila in darilne \u0161katle za vse prilo\u017enosti.","publisher":{"@id":"https:\/\/leboxi.eu\/sl\/#organization"},"potentialAction":[{"@type":"SearchAction","target":{"@type":"EntryPoint","urlTemplate":"https:\/\/leboxi.eu\/sl\/?s={search_term_string}"},"query-input":{"@type":"PropertyValueSpecification","valueRequired":true,"valueName":"search_term_string"}}],"inLanguage":"sl-SI"},{"@type":"Organization","@id":"https:\/\/leboxi.eu\/sl\/#organization","name":"LE BOXI","url":"https:\/\/leboxi.eu\/sl\/","logo":{"@type":"ImageObject","inLanguage":"sl-SI","@id":"https:\/\/leboxi.eu\/sl\/#\/schema\/logo\/image\/","url":"https:\/\/leboxi.eu\/wp-content\/uploads\/2021\/02\/LeBoxi-manjsi-png.png","contentUrl":"https:\/\/leboxi.eu\/wp-content\/uploads\/2021\/02\/LeBoxi-manjsi-png.png","width":389,"height":164,"caption":"LE BOXI"},"image":{"@id":"https:\/\/leboxi.eu\/sl\/#\/schema\/logo\/image\/"},"sameAs":["https:\/\/www.facebook.com\/leboxi.eu","https:\/\/www.instagram.com\/le.boxi\/"]}]}},"tiered_pricing_type":"fixed","tiered_pricing_fixed_rules":[],"tiered_pricing_product_settings":{"layout":"default","base_unit_name":{"singular":null,"plural":null},"default_variation":null},"tiered_pricing_minimum_quantity":null,"tiered_pricing_roles_data":[],"tiered_pricing_percentage_rules":[],"_links":{"self":[{"href":"https:\/\/leboxi.eu\/sl\/wp-json\/wp\/v2\/product\/3739","targetHints":{"allow":["GET"]}}],"collection":[{"href":"https:\/\/leboxi.eu\/sl\/wp-json\/wp\/v2\/product"}],"about":[{"href":"https:\/\/leboxi.eu\/sl\/wp-json\/wp\/v2\/types\/product"}],"replies":[{"embeddable":true,"href":"https:\/\/leboxi.eu\/sl\/wp-json\/wp\/v2\/comments?post=3739"}],"version-history":[{"count":1,"href":"https:\/\/leboxi.eu\/sl\/wp-json\/wp\/v2\/product\/3739\/revisions"}],"predecessor-version":[{"id":30037,"href":"https:\/\/leboxi.eu\/sl\/wp-json\/wp\/v2\/product\/3739\/revisions\/30037"}],"wp:featuredmedia":[{"embeddable":true,"href":"https:\/\/leboxi.eu\/sl\/wp-json\/wp\/v2\/media\/3789"}],"wp:attachment":[{"href":"https:\/\/leboxi.eu\/sl\/wp-json\/wp\/v2\/media?parent=3739"}],"wp:term":[{"taxonomy":"product_brand","embeddable":true,"href":"https:\/\/leboxi.eu\/sl\/wp-json\/wp\/v2\/product_brand?post=3739"},{"taxonomy":"product_cat","embeddable":true,"href":"https:\/\/leboxi.eu\/sl\/wp-json\/wp\/v2\/product_cat?post=3739"},{"taxonomy":"product_tag","embeddable":true,"href":"https:\/\/leboxi.eu\/sl\/wp-json\/wp\/v2\/product_tag?post=3739"}],"curies":[{"name":"wp","href":"https:\/\/api.w.org\/{rel}","templated":true}]}}