{"id":2623,"date":"2021-04-10T08:56:09","date_gmt":"2021-04-10T07:56:09","guid":{"rendered":"https:\/\/leboxi.eu\/?post_type=product&#038;p=2623"},"modified":"2026-03-27T16:31:39","modified_gmt":"2026-03-27T15:31:39","slug":"prisrcnica-s-kozarcki","status":"publish","type":"product","link":"https:\/\/leboxi.eu\/sl\/izdelek\/prisrcnica-s-kozarcki\/","title":{"rendered":"Prisr\u010dnica kovinska + set kozar\u010dkov"},"content":{"rendered":"<p><strong>Prisr\u010dnica s kozar\u010dki<\/strong><\/p>\n<p>Ko pomislimo na tisto posebno osebo v svojem \u017eivljenju, \u017eelimo jim podariti nekaj, kar bo odra\u017ealo na\u0161o ljubezen, skrb in ob\u010dudovanje. Na\u0161a prisr\u010dnica s kozar\u010dki ni le obi\u010dajen izdelek, temve\u010d izraz va\u0161e naklonjenosti, zaveze in spo\u0161tovanja. Z graviranimi za\u010detnicami ali imenom na prisr\u010dnici ji dodajte osebno noto, ki bo izra\u017eala va\u0161o posebno povezavo. Dajte jim darilo, ki bo sporo\u010dilo, kako pomembni so v va\u0161em \u017eivljenju.<\/p>\n<p>Elegantna mat prisr\u010dnica v \u010drni barvi, na katero lahko vgravirate svoje za\u010detnice ali ime, prihaja v \u010dudovitem darilnem kompletu, ki vklju\u010duje tudi kovinske kozar\u010dke in lij. Izdelana je iz trpe\u017enega nerjave\u010dega jekla, zagotavljajo\u010d dolgo \u017eivljenjsko dobo in brezskrbno uporabo. Prisr\u010dnica je lepo polo\u017eena v \u010drno darilno \u0161katlo z vzdr\u017eljivim ohi\u0161jem, oblo\u017eenim s peno, kar ji daje \u0161e ve\u010dji \u0161arm in presti\u017e.<\/p>\n<p>Z na\u0161o prisr\u010dnico s kozar\u010dki lahko vedno in povsod vzamete s seboj svojo najljub\u0161o pija\u010do. Pritrjen jekleni pokrov\u010dek zagotavlja, da se pija\u010da nikoli ne razlije, hkrati pa prepre\u010duje izgubo pokrov\u010dka, kar pomeni, da je vedno pri roki.<\/p>\n<p>Barva: \u010drna<\/p>\n<p>Material: Nerjave\u010de jeklo<\/p>\n<p>Kapaciteta: 150ml<\/p>\n<p>\u0160irina: 9 cm<\/p>\n<p>Vi\u0161ina: 11cm<\/p>\n<p>Debelina: 2cm<\/p>\n<p>Te\u017ea bu\u010dke: 90g<\/p>\n<p>Embala\u017ea &#8211; darilna \u0161katla, skupaj s kovinskim lijem in 4 kovinskimi kozar\u010dki<\/p>\n<p>Dimenzije darilne \u0161katle: \u0160irina: 24cm, Dol\u017eina: 17,5cm, Vi\u0161ina \/ Debelina: 4cm<\/p>\n<p>Te\u017ea darilne \u0161katle: 317g<\/p>\n<p>Ta prisr\u010dnica s kozar\u010dki je odli\u010dno darilo za fanta, mo\u017ea ali prijatelja.<\/p>\n<h6><\/h6>\n<h6>Dodatno:<\/h6>\n<p>Darilu lahko prilo\u017eite tudi <a href=\"https:\/\/leboxi.eu\/izdelki\/personalizirana-cestitka\/\"><strong>personalizirano \u010destitko<\/strong><\/a> (+3,95 eur).<\/p>\n<p>Za piko na i lahko svoj darilni set nadgradite z\u00a0<a href=\"https:\/\/leboxi.eu\/blog\/posvetilo-darilni-listki\/\">darilnimi listi\u010di<\/a>\u00a0za izdelavo katerih navodila najdete na na\u0161em blogu.<\/p>\n<p>\u010ce \u017eelite bomo va\u0161e darilo obdarovancu dostavili mi, seveda pa ob dostavi ne bomo prilo\u017eili ra\u010duna. Le-tega boste prejeli vi.<\/p>\n<p>Pri personaliziranih izdelkih kupec <strong>nima pravice<\/strong> do odstopa od nakupne pogodbe. V praksi to pomeni, da za vse izdelke, ki so narejeni po \u017eelji kupca, potro\u0161nik ne vra\u010da izdelka, je pa zavezan k pla\u010dilu po sklenjeni pogodbi. Ponudnik ne odgovarja za nepravilno izbrane mo\u017enosti (npr. napa\u010dno izbranega tipa personaliziranega izdelka, napa\u010dna izbira vzorca personalizacije, napake \u010drkovanja, napake datuma ipd.) personalizacije pri nakupu.<\/p>\n<p>&nbsp;<\/p>\n","protected":false},"excerpt":{"rendered":"<p>Predstavljamo vam na\u0161o Personalizirano Prisr\u010dnico s Kozar\u010dki &#8211; popolno darilo za vsakega pravega gospoda. Na\u0161a prisr\u010dnica zdru\u017euje vrhunsko kakovost, uporabnost in ekskluzivnost, ter je prava pa\u0161a za o\u010di.<\/p>\n<p>Ta elegantna mat prisr\u010dnica v \u010drni barvi, na katero lahko vgravirate svoje za\u010detnice ali ime, prihaja v \u010dudovitem darilnem kompletu, ki vklju\u010duje tudi kovinske kozar\u010dke in lij. Izdelana je iz trpe\u017enega nerjave\u010dega jekla, zagotavljajo\u010d dolgo \u017eivljenjsko dobo in brezskrbno uporabo. Prisr\u010dnica je lepo polo\u017eena v \u010drno darilno \u0161katlo z vzdr\u017eljivim ohi\u0161jem, oblo\u017eenim s peno, kar ji daje \u0161e ve\u010dji \u0161arm in presti\u017e.<\/p>\n<p>Ko se odlo\u010dite za to \u010dudovito darilo, izbirate ve\u010d kot le kovinsko prisr\u010dnico. Izbirate kakovost, ki traja. Izbirate uporabnost, ki bo spremljala va\u0161ega ljubljenega kamorkoli gre. In izbirate ekskluzivnost, ki bo izstopala med mno\u017eico. Dajte svojemu dragemu ali prijatelju v dar to edinstveno in prefinjeno prisr\u010dnico s kozar\u010dki in ga navdu\u0161ite s tem ekskluzivnim darilom, ki bo zagotovo pritegnilo poglede. Personalizirajte jo z imenom ali za\u010detnicami in dodajte pridih osebne note. Za vsakega gospoda, ki ceni kakovost in dober izgled, je to nepogre\u0161ljiv dodatek.<\/p>\n<p><iframe title=\"YouTube video player\" src=\"https:\/\/www.youtube.com\/embed\/LqJqxXrswWA?si=FHwj2BZ8xxBJaAMW\" width=\"560\" height=\"315\" frameborder=\"0\" allowfullscreen=\"allowfullscreen\"><\/iframe><\/p>\n<p>Darilu lahko prilo\u017eite tudi <a href=\"https:\/\/leboxi.eu\/izdelki\/personalizirana-cestitka\/\">personalizirano darilno kartico<\/a> (za dopla\u010dilo).<\/p>\n<p>&nbsp;<\/p>\n<p>\u010ce \u017eelite bomo va\u0161e darilo obdarovancu dostavili mi, seveda pa ob dostavi ne bomo prilo\u017eili ra\u010duna. Le-tega boste prejeli vi.<\/p>\n","protected":false},"featured_media":2576,"comment_status":"open","ping_status":"closed","template":"","meta":{"site-sidebar-layout":"default","site-content-layout":"default","ast-site-content-layout":"default","site-content-style":"default","site-sidebar-style":"default","ast-global-header-display":"","ast-banner-title-visibility":"","ast-main-header-display":"","ast-hfb-above-header-display":"","ast-hfb-below-header-display":"","ast-hfb-mobile-header-display":"","site-post-title":"","ast-breadcrumbs-content":"","ast-featured-img":"","footer-sml-layout":"","ast-disable-related-posts":"","theme-transparent-header-meta":"default","adv-header-id-meta":"","stick-header-meta":"","header-above-stick-meta":"","header-main-stick-meta":"","header-below-stick-meta":"","astra-migrate-meta-layouts":"set","ast-page-background-enabled":"default","ast-page-background-meta":{"desktop":{"background-color":"","background-image":"","background-repeat":"repeat","background-position":"center center","background-size":"auto","background-attachment":"scroll","background-type":"","background-media":"","overlay-type":"","overlay-color":"","overlay-opacity":"","overlay-gradient":""},"tablet":{"background-color":"","background-image":"","background-repeat":"repeat","background-position":"center center","background-size":"auto","background-attachment":"scroll","background-type":"","background-media":"","overlay-type":"","overlay-color":"","overlay-opacity":"","overlay-gradient":""},"mobile":{"background-color":"","background-image":"","background-repeat":"repeat","background-position":"center center","background-size":"auto","background-attachment":"scroll","background-type":"","background-media":"","overlay-type":"","overlay-color":"","overlay-opacity":"","overlay-gradient":""}},"ast-content-background-meta":{"desktop":{"background-color":"var(--ast-global-color-5)","background-image":"","background-repeat":"repeat","background-position":"center center","background-size":"auto","background-attachment":"scroll","background-type":"","background-media":"","overlay-type":"","overlay-color":"","overlay-opacity":"","overlay-gradient":""},"tablet":{"background-color":"var(--ast-global-color-5)","background-image":"","background-repeat":"repeat","background-position":"center center","background-size":"auto","background-attachment":"scroll","background-type":"","background-media":"","overlay-type":"","overlay-color":"","overlay-opacity":"","overlay-gradient":""},"mobile":{"background-color":"var(--ast-global-color-5)","background-image":"","background-repeat":"repeat","background-position":"center center","background-size":"auto","background-attachment":"scroll","background-type":"","background-media":"","overlay-type":"","overlay-color":"","overlay-opacity":"","overlay-gradient":""}}},"product_brand":[],"product_cat":[309,160,184,118,116,164,176,162,180,24,297,146,120,15],"product_tag":[],"class_list":{"0":"post-2623","1":"product","2":"type-product","3":"status-publish","4":"has-post-thumbnail","6":"product_cat-black-friday","7":"product_cat-darila-za-bozic","8":"product_cat-darila-za-bozic-za-moske","9":"product_cat-darila-za-fanta","10":"product_cat-darila-za-moske","11":"product_cat-darila-za-rojstni-dan","12":"product_cat-za-moske","13":"product_cat-darila-za-valentinovo","14":"product_cat-darila-za-valentinovo-za-moske","15":"product_cat-moski","16":"product_cat-najbolj-prodajano","17":"product_cat-priloznosti","18":"product_cat-prisrcnica","19":"product_cat-splosna","20":"pa_prisrcnica-personalizacija-brez-personalizacije-darilna-skatla","21":"pa_prisrcnica-personalizacija-s-personalizacijo-darilna-skatla","22":"desktop-align-left","23":"tablet-align-left","24":"mobile-align-left","26":"first","27":"instock","28":"sale","29":"taxable","30":"shipping-taxable","31":"purchasable","32":"product-type-variable"},"yoast_head":"<!-- This site is optimized with the Yoast SEO plugin v27.3 - https:\/\/yoast.com\/product\/yoast-seo-wordpress\/ -->\n<title>Prisr\u010dnica s kozar\u010dki | Personalizirana prisr\u010dnica | Le Boxi<\/title>\n<meta name=\"description\" content=\"Elegantna mat prisr\u010dnica s kozar\u010dki \u010drne barve, na katero lahko vgravirate svoje za\u010detnice ali ime, lahko pa jo podarite tudi prijatelju. V kompletu s \u0161tirimi kovinskimi kozar\u010dki in lijem.\" \/>\n<meta name=\"robots\" content=\"index, follow, max-snippet:-1, max-image-preview:large, max-video-preview:-1\" \/>\n<link rel=\"canonical\" href=\"https:\/\/leboxi.eu\/sl\/izdelek\/prisrcnica-s-kozarcki\/\" \/>\n<meta property=\"og:locale\" content=\"sl_SI\" \/>\n<meta property=\"og:type\" content=\"article\" \/>\n<meta property=\"og:title\" content=\"Prisr\u010dnica s kozar\u010dki | Personalizirana prisr\u010dnica | Le Boxi\" \/>\n<meta property=\"og:description\" content=\"Elegantna mat prisr\u010dnica s kozar\u010dki \u010drne barve, na katero lahko vgravirate svoje za\u010detnice ali ime, lahko pa jo podarite tudi prijatelju. V kompletu s \u0161tirimi kovinskimi kozar\u010dki in lijem.\" \/>\n<meta property=\"og:url\" content=\"https:\/\/leboxi.eu\/sl\/izdelek\/prisrcnica-s-kozarcki\/\" \/>\n<meta property=\"og:site_name\" content=\"Le Boxi | Unikatna darila za vsakogar\" \/>\n<meta property=\"article:publisher\" content=\"https:\/\/www.facebook.com\/leboxi.eu\" \/>\n<meta property=\"article:modified_time\" content=\"2026-03-27T15:31:39+00:00\" \/>\n<meta property=\"og:image\" content=\"https:\/\/leboxi.eu\/wp-content\/uploads\/2021\/04\/Izdelek-42-of-43.jpg\" \/>\n\t<meta property=\"og:image:width\" content=\"1000\" \/>\n\t<meta property=\"og:image:height\" content=\"1000\" \/>\n\t<meta property=\"og:image:type\" content=\"image\/jpeg\" \/>\n<meta name=\"twitter:card\" content=\"summary_large_image\" \/>\n<meta name=\"twitter:label1\" content=\"Est. reading time\" \/>\n\t<meta name=\"twitter:data1\" content=\"1 minuta\" \/>\n<script type=\"application\/ld+json\" class=\"yoast-schema-graph\">{\"@context\":\"https:\\\/\\\/schema.org\",\"@graph\":[{\"@type\":\"WebPage\",\"@id\":\"https:\\\/\\\/leboxi.eu\\\/sl\\\/izdelek\\\/prisrcnica-s-kozarcki\\\/\",\"url\":\"https:\\\/\\\/leboxi.eu\\\/sl\\\/izdelek\\\/prisrcnica-s-kozarcki\\\/\",\"name\":\"Prisr\u010dnica s kozar\u010dki | Personalizirana prisr\u010dnica | Le Boxi\",\"isPartOf\":{\"@id\":\"https:\\\/\\\/leboxi.eu\\\/sl\\\/#website\"},\"primaryImageOfPage\":{\"@id\":\"https:\\\/\\\/leboxi.eu\\\/sl\\\/izdelek\\\/prisrcnica-s-kozarcki\\\/#primaryimage\"},\"image\":{\"@id\":\"https:\\\/\\\/leboxi.eu\\\/sl\\\/izdelek\\\/prisrcnica-s-kozarcki\\\/#primaryimage\"},\"thumbnailUrl\":\"https:\\\/\\\/leboxi.eu\\\/wp-content\\\/uploads\\\/2021\\\/04\\\/Izdelek-42-of-43.jpg\",\"datePublished\":\"2021-04-10T07:56:09+00:00\",\"dateModified\":\"2026-03-27T15:31:39+00:00\",\"description\":\"Elegantna mat prisr\u010dnica s kozar\u010dki \u010drne barve, na katero lahko vgravirate svoje za\u010detnice ali ime, lahko pa jo podarite tudi prijatelju. V kompletu s \u0161tirimi kovinskimi kozar\u010dki in lijem.\",\"breadcrumb\":{\"@id\":\"https:\\\/\\\/leboxi.eu\\\/sl\\\/izdelek\\\/prisrcnica-s-kozarcki\\\/#breadcrumb\"},\"inLanguage\":\"sl-SI\",\"potentialAction\":[{\"@type\":\"ReadAction\",\"target\":[\"https:\\\/\\\/leboxi.eu\\\/sl\\\/izdelek\\\/prisrcnica-s-kozarcki\\\/\"]}]},{\"@type\":\"ImageObject\",\"inLanguage\":\"sl-SI\",\"@id\":\"https:\\\/\\\/leboxi.eu\\\/sl\\\/izdelek\\\/prisrcnica-s-kozarcki\\\/#primaryimage\",\"url\":\"https:\\\/\\\/leboxi.eu\\\/wp-content\\\/uploads\\\/2021\\\/04\\\/Izdelek-42-of-43.jpg\",\"contentUrl\":\"https:\\\/\\\/leboxi.eu\\\/wp-content\\\/uploads\\\/2021\\\/04\\\/Izdelek-42-of-43.jpg\",\"width\":1000,\"height\":1000,\"caption\":\"\u010crna kovinska prisr\u010dnica s \u0161tirimi kovinskimi kozar\u010dki in kovinskim lijem ter personaliziranim napisom\"},{\"@type\":\"BreadcrumbList\",\"@id\":\"https:\\\/\\\/leboxi.eu\\\/sl\\\/izdelek\\\/prisrcnica-s-kozarcki\\\/#breadcrumb\",\"itemListElement\":[{\"@type\":\"ListItem\",\"position\":1,\"name\":\"Doma\",\"item\":\"https:\\\/\\\/leboxi.eu\\\/sl\\\/\"},{\"@type\":\"ListItem\",\"position\":2,\"name\":\"Trgovina\",\"item\":\"https:\\\/\\\/leboxi.eu\\\/sl\\\/trgovina\\\/\"},{\"@type\":\"ListItem\",\"position\":3,\"name\":\"Prisr\u010dnica kovinska + set kozar\u010dkov\"}]},{\"@type\":\"WebSite\",\"@id\":\"https:\\\/\\\/leboxi.eu\\\/sl\\\/#website\",\"url\":\"https:\\\/\\\/leboxi.eu\\\/sl\\\/\",\"name\":\"Le Boxi | Unikatna darila za vsakogar\",\"description\":\"Unikatna darila in darilne \u0161katle za vse prilo\u017enosti.\",\"publisher\":{\"@id\":\"https:\\\/\\\/leboxi.eu\\\/sl\\\/#organization\"},\"potentialAction\":[{\"@type\":\"SearchAction\",\"target\":{\"@type\":\"EntryPoint\",\"urlTemplate\":\"https:\\\/\\\/leboxi.eu\\\/sl\\\/?s={search_term_string}\"},\"query-input\":{\"@type\":\"PropertyValueSpecification\",\"valueRequired\":true,\"valueName\":\"search_term_string\"}}],\"inLanguage\":\"sl-SI\"},{\"@type\":\"Organization\",\"@id\":\"https:\\\/\\\/leboxi.eu\\\/sl\\\/#organization\",\"name\":\"LE BOXI\",\"url\":\"https:\\\/\\\/leboxi.eu\\\/sl\\\/\",\"logo\":{\"@type\":\"ImageObject\",\"inLanguage\":\"sl-SI\",\"@id\":\"https:\\\/\\\/leboxi.eu\\\/sl\\\/#\\\/schema\\\/logo\\\/image\\\/\",\"url\":\"https:\\\/\\\/leboxi.eu\\\/wp-content\\\/uploads\\\/2021\\\/02\\\/LeBoxi-manjsi-png.png\",\"contentUrl\":\"https:\\\/\\\/leboxi.eu\\\/wp-content\\\/uploads\\\/2021\\\/02\\\/LeBoxi-manjsi-png.png\",\"width\":389,\"height\":164,\"caption\":\"LE BOXI\"},\"image\":{\"@id\":\"https:\\\/\\\/leboxi.eu\\\/sl\\\/#\\\/schema\\\/logo\\\/image\\\/\"},\"sameAs\":[\"https:\\\/\\\/www.facebook.com\\\/leboxi.eu\",\"https:\\\/\\\/www.instagram.com\\\/le.boxi\\\/\"]}]}<\/script>\n<!-- \/ Yoast SEO plugin. -->","yoast_head_json":{"title":"Prisr\u010dnica s kozar\u010dki | Personalizirana prisr\u010dnica | Le Boxi","description":"Elegantna mat prisr\u010dnica s kozar\u010dki \u010drne barve, na katero lahko vgravirate svoje za\u010detnice ali ime, lahko pa jo podarite tudi prijatelju. V kompletu s \u0161tirimi kovinskimi kozar\u010dki in lijem.","robots":{"index":"index","follow":"follow","max-snippet":"max-snippet:-1","max-image-preview":"max-image-preview:large","max-video-preview":"max-video-preview:-1"},"canonical":"https:\/\/leboxi.eu\/sl\/izdelek\/prisrcnica-s-kozarcki\/","og_locale":"sl_SI","og_type":"article","og_title":"Prisr\u010dnica s kozar\u010dki | Personalizirana prisr\u010dnica | Le Boxi","og_description":"Elegantna mat prisr\u010dnica s kozar\u010dki \u010drne barve, na katero lahko vgravirate svoje za\u010detnice ali ime, lahko pa jo podarite tudi prijatelju. V kompletu s \u0161tirimi kovinskimi kozar\u010dki in lijem.","og_url":"https:\/\/leboxi.eu\/sl\/izdelek\/prisrcnica-s-kozarcki\/","og_site_name":"Le Boxi | Unikatna darila za vsakogar","article_publisher":"https:\/\/www.facebook.com\/leboxi.eu","article_modified_time":"2026-03-27T15:31:39+00:00","og_image":[{"width":1000,"height":1000,"url":"https:\/\/leboxi.eu\/wp-content\/uploads\/2021\/04\/Izdelek-42-of-43.jpg","type":"image\/jpeg"}],"twitter_card":"summary_large_image","twitter_misc":{"Est. reading time":"1 minuta"},"schema":{"@context":"https:\/\/schema.org","@graph":[{"@type":"WebPage","@id":"https:\/\/leboxi.eu\/sl\/izdelek\/prisrcnica-s-kozarcki\/","url":"https:\/\/leboxi.eu\/sl\/izdelek\/prisrcnica-s-kozarcki\/","name":"Prisr\u010dnica s kozar\u010dki | Personalizirana prisr\u010dnica | Le Boxi","isPartOf":{"@id":"https:\/\/leboxi.eu\/sl\/#website"},"primaryImageOfPage":{"@id":"https:\/\/leboxi.eu\/sl\/izdelek\/prisrcnica-s-kozarcki\/#primaryimage"},"image":{"@id":"https:\/\/leboxi.eu\/sl\/izdelek\/prisrcnica-s-kozarcki\/#primaryimage"},"thumbnailUrl":"https:\/\/leboxi.eu\/wp-content\/uploads\/2021\/04\/Izdelek-42-of-43.jpg","datePublished":"2021-04-10T07:56:09+00:00","dateModified":"2026-03-27T15:31:39+00:00","description":"Elegantna mat prisr\u010dnica s kozar\u010dki \u010drne barve, na katero lahko vgravirate svoje za\u010detnice ali ime, lahko pa jo podarite tudi prijatelju. V kompletu s \u0161tirimi kovinskimi kozar\u010dki in lijem.","breadcrumb":{"@id":"https:\/\/leboxi.eu\/sl\/izdelek\/prisrcnica-s-kozarcki\/#breadcrumb"},"inLanguage":"sl-SI","potentialAction":[{"@type":"ReadAction","target":["https:\/\/leboxi.eu\/sl\/izdelek\/prisrcnica-s-kozarcki\/"]}]},{"@type":"ImageObject","inLanguage":"sl-SI","@id":"https:\/\/leboxi.eu\/sl\/izdelek\/prisrcnica-s-kozarcki\/#primaryimage","url":"https:\/\/leboxi.eu\/wp-content\/uploads\/2021\/04\/Izdelek-42-of-43.jpg","contentUrl":"https:\/\/leboxi.eu\/wp-content\/uploads\/2021\/04\/Izdelek-42-of-43.jpg","width":1000,"height":1000,"caption":"\u010crna kovinska prisr\u010dnica s \u0161tirimi kovinskimi kozar\u010dki in kovinskim lijem ter personaliziranim napisom"},{"@type":"BreadcrumbList","@id":"https:\/\/leboxi.eu\/sl\/izdelek\/prisrcnica-s-kozarcki\/#breadcrumb","itemListElement":[{"@type":"ListItem","position":1,"name":"Doma","item":"https:\/\/leboxi.eu\/sl\/"},{"@type":"ListItem","position":2,"name":"Trgovina","item":"https:\/\/leboxi.eu\/sl\/trgovina\/"},{"@type":"ListItem","position":3,"name":"Prisr\u010dnica kovinska + set kozar\u010dkov"}]},{"@type":"WebSite","@id":"https:\/\/leboxi.eu\/sl\/#website","url":"https:\/\/leboxi.eu\/sl\/","name":"Le Boxi | Unikatna darila za vsakogar","description":"Unikatna darila in darilne \u0161katle za vse prilo\u017enosti.","publisher":{"@id":"https:\/\/leboxi.eu\/sl\/#organization"},"potentialAction":[{"@type":"SearchAction","target":{"@type":"EntryPoint","urlTemplate":"https:\/\/leboxi.eu\/sl\/?s={search_term_string}"},"query-input":{"@type":"PropertyValueSpecification","valueRequired":true,"valueName":"search_term_string"}}],"inLanguage":"sl-SI"},{"@type":"Organization","@id":"https:\/\/leboxi.eu\/sl\/#organization","name":"LE BOXI","url":"https:\/\/leboxi.eu\/sl\/","logo":{"@type":"ImageObject","inLanguage":"sl-SI","@id":"https:\/\/leboxi.eu\/sl\/#\/schema\/logo\/image\/","url":"https:\/\/leboxi.eu\/wp-content\/uploads\/2021\/02\/LeBoxi-manjsi-png.png","contentUrl":"https:\/\/leboxi.eu\/wp-content\/uploads\/2021\/02\/LeBoxi-manjsi-png.png","width":389,"height":164,"caption":"LE BOXI"},"image":{"@id":"https:\/\/leboxi.eu\/sl\/#\/schema\/logo\/image\/"},"sameAs":["https:\/\/www.facebook.com\/leboxi.eu","https:\/\/www.instagram.com\/le.boxi\/"]}]}},"tiered_pricing_type":"fixed","tiered_pricing_fixed_rules":[],"tiered_pricing_product_settings":{"layout":"default","base_unit_name":{"singular":null,"plural":null},"default_variation":null},"tiered_pricing_minimum_quantity":null,"tiered_pricing_roles_data":[],"tiered_pricing_percentage_rules":[],"_links":{"self":[{"href":"https:\/\/leboxi.eu\/sl\/wp-json\/wp\/v2\/product\/2623","targetHints":{"allow":["GET"]}}],"collection":[{"href":"https:\/\/leboxi.eu\/sl\/wp-json\/wp\/v2\/product"}],"about":[{"href":"https:\/\/leboxi.eu\/sl\/wp-json\/wp\/v2\/types\/product"}],"replies":[{"embeddable":true,"href":"https:\/\/leboxi.eu\/sl\/wp-json\/wp\/v2\/comments?post=2623"}],"version-history":[{"count":1,"href":"https:\/\/leboxi.eu\/sl\/wp-json\/wp\/v2\/product\/2623\/revisions"}],"predecessor-version":[{"id":30034,"href":"https:\/\/leboxi.eu\/sl\/wp-json\/wp\/v2\/product\/2623\/revisions\/30034"}],"wp:featuredmedia":[{"embeddable":true,"href":"https:\/\/leboxi.eu\/sl\/wp-json\/wp\/v2\/media\/2576"}],"wp:attachment":[{"href":"https:\/\/leboxi.eu\/sl\/wp-json\/wp\/v2\/media?parent=2623"}],"wp:term":[{"taxonomy":"product_brand","embeddable":true,"href":"https:\/\/leboxi.eu\/sl\/wp-json\/wp\/v2\/product_brand?post=2623"},{"taxonomy":"product_cat","embeddable":true,"href":"https:\/\/leboxi.eu\/sl\/wp-json\/wp\/v2\/product_cat?post=2623"},{"taxonomy":"product_tag","embeddable":true,"href":"https:\/\/leboxi.eu\/sl\/wp-json\/wp\/v2\/product_tag?post=2623"}],"curies":[{"name":"wp","href":"https:\/\/api.w.org\/{rel}","templated":true}]}}