{"id":2536,"date":"2021-04-08T17:58:31","date_gmt":"2021-04-08T16:58:31","guid":{"rendered":"https:\/\/leboxi.eu\/?post_type=product&#038;p=2536"},"modified":"2024-08-12T19:17:42","modified_gmt":"2024-08-12T18:17:42","slug":"darilo-za-novorojencka-in-mamico","status":"publish","type":"product","link":"https:\/\/leboxi.eu\/sl\/izdelek\/darilo-za-novorojencka-in-mamico\/","title":{"rendered":"Darilna \u0161katla \u2013 Sivi je\u017eek"},"content":{"rendered":"<p>\u010cudovito darilo za novorojen\u010dka in mamico, ki bo razveselilo oba \ud83d\ude42 Novorojen\u010dek bo \u010dudovit v mehkem bomba\u017enem kompletku, mamica pa bo lahko u\u017eivala ob shranjevanju otrokovih spominov v priro\u010dnem sivem kov\u010dku, ki ga bo \u010dez nekaj lahko pokazala otroku.<\/p>\n<p>Darilni komplet sestavljajo:<\/p>\n<ul>\n<li>4-delni siv bomba\u017eni komplet za novorojen\u010dka s vezenim motivom je\u017eka. Komplet vsebuje bodi, slin\u010dek in nogavi\u010dke iz mehkega bomba\u017ea ter medvedka. Primerno za 0-3 mesece. Sestava: obla\u010dila: 100% bomba\u017e in igra\u010dka: 100%polyester<\/li>\n<\/ul>\n<ul>\n<li><strong>Kov\u010dek <\/strong>sive barve z belimi zvezdicami, ki slu\u017ei kot \u0161katla v katerega so zlo\u017eeni izdelki. Star\u0161i ga lahko kasneje uporabijo kot \u0161katlo za shranjevanje otro\u0161kih spominov. Dimenzije: (D x \u0160 x V) 20cm x 8 cm x14,5 cm.<\/li>\n<li>Dodatno: Darilu lahko prilo\u017eite tudi <strong>personalizirano \u010destitko, <\/strong>ki jo lahko izberete na strani izbrane darilne \u0161katle (+2,95 eur)<\/li>\n<\/ul>\n<p>Za piko na i lahko svojemu darilu dodate tudi <a href=\"https:\/\/leboxi.eu\/blog\/posvetilo-darilni-listki\/\">darilne listi\u010de<\/a> za izdelavo katerih navodila najdete na na\u0161em blogu. Naj iskanje darilo za novorojen\u010dka in mamico nebo ve\u010d problem.\u010ce \u017eelite bomo va\u0161e darilo obdarovancu dostavili mi, seveda pa ob dostavi ne bomo prilo\u017eili ra\u010duna. Le-tega boste prejeli vi.<\/p>\n","protected":false},"excerpt":{"rendered":"<p>Ta \u010dudoviti 4-delni komplet nevtralno sive barve in z motivom je\u017eka je idealno darilo za novorojen\u010dka, saj vsebuje osnovne kose. Darilni set vsebuje dojen\u010dkovega prvega pli\u0161astega medvedka ter bodi, slin\u010dek in nogavi\u010dke iz mehkega bomba\u017ea, z enotnim motivom ljubkega je\u017eka. Darilna \u0161katla je idealno darilo za novorojen\u010dka in mamico.<\/p>\n<p>V \u0161katlo lahko prilo\u017eite tudi personalizirano \u010destitko (za dopla\u010dilo).<\/p>\n<p>Podroben opis darilne \u0161katle si poglejte spodaj.<\/p>\n<p>&nbsp;<\/p>\n<p>\u010ce \u017eelite bomo va\u0161e darilo obdarovancu dostavili mi, seveda pa ob dostavi ne bomo prilo\u017eili ra\u010duna. Le-tega boste prejeli vi.<\/p>\n","protected":false},"featured_media":2537,"comment_status":"open","ping_status":"closed","template":"","meta":{"site-sidebar-layout":"default","site-content-layout":"default","ast-site-content-layout":"default","site-content-style":"default","site-sidebar-style":"default","ast-global-header-display":"","ast-banner-title-visibility":"","ast-main-header-display":"","ast-hfb-above-header-display":"","ast-hfb-below-header-display":"","ast-hfb-mobile-header-display":"","site-post-title":"","ast-breadcrumbs-content":"","ast-featured-img":"","footer-sml-layout":"","ast-disable-related-posts":"","theme-transparent-header-meta":"default","adv-header-id-meta":"","stick-header-meta":"","header-above-stick-meta":"","header-main-stick-meta":"","header-below-stick-meta":"","astra-migrate-meta-layouts":"set","ast-page-background-enabled":"default","ast-page-background-meta":{"desktop":{"background-color":"","background-image":"","background-repeat":"repeat","background-position":"center center","background-size":"auto","background-attachment":"scroll","background-type":"","background-media":"","overlay-type":"","overlay-color":"","overlay-opacity":"","overlay-gradient":""},"tablet":{"background-color":"","background-image":"","background-repeat":"repeat","background-position":"center center","background-size":"auto","background-attachment":"scroll","background-type":"","background-media":"","overlay-type":"","overlay-color":"","overlay-opacity":"","overlay-gradient":""},"mobile":{"background-color":"","background-image":"","background-repeat":"repeat","background-position":"center center","background-size":"auto","background-attachment":"scroll","background-type":"","background-media":"","overlay-type":"","overlay-color":"","overlay-opacity":"","overlay-gradient":""}},"ast-content-background-meta":{"desktop":{"background-color":"var(--ast-global-color-5)","background-image":"","background-repeat":"repeat","background-position":"center center","background-size":"auto","background-attachment":"scroll","background-type":"","background-media":"","overlay-type":"","overlay-color":"","overlay-opacity":"","overlay-gradient":""},"tablet":{"background-color":"var(--ast-global-color-5)","background-image":"","background-repeat":"repeat","background-position":"center center","background-size":"auto","background-attachment":"scroll","background-type":"","background-media":"","overlay-type":"","overlay-color":"","overlay-opacity":"","overlay-gradient":""},"mobile":{"background-color":"var(--ast-global-color-5)","background-image":"","background-repeat":"repeat","background-position":"center center","background-size":"auto","background-attachment":"scroll","background-type":"","background-media":"","overlay-type":"","overlay-color":"","overlay-opacity":"","overlay-gradient":""}}},"product_brand":[],"product_cat":[357],"product_tag":[],"class_list":{"0":"post-2536","1":"product","2":"type-product","3":"status-publish","4":"has-post-thumbnail","6":"product_cat-ni-na-zalogi","7":"desktop-align-left","8":"tablet-align-left","9":"mobile-align-left","11":"first","12":"outofstock","13":"taxable","14":"shipping-taxable","15":"purchasable","16":"product-type-simple"},"yoast_head":"<!-- This site is optimized with the Yoast SEO plugin v27.3 - https:\/\/yoast.com\/product\/yoast-seo-wordpress\/ -->\n<title>Darilo za novorojen\u010dka in mamico | Darilna \u0161katla - Sivi je\u017eek | Le Boxi<\/title>\n<meta name=\"description\" content=\"Ta darilni set: vsebuje 4-delni komplet nevtralno sive barve z motivom je\u017eka in je idealno darilo za novorojen\u010dka in mamico.\" \/>\n<meta name=\"robots\" content=\"index, follow, max-snippet:-1, max-image-preview:large, max-video-preview:-1\" \/>\n<link rel=\"canonical\" href=\"https:\/\/leboxi.eu\/sl\/izdelek\/darilo-za-novorojencka-in-mamico\/\" \/>\n<meta property=\"og:locale\" content=\"sl_SI\" \/>\n<meta property=\"og:type\" content=\"article\" \/>\n<meta property=\"og:title\" content=\"Darilo za novorojen\u010dka in mamico | Darilna \u0161katla - Sivi je\u017eek | Le Boxi\" \/>\n<meta property=\"og:description\" content=\"Ta darilni set: vsebuje 4-delni komplet nevtralno sive barve z motivom je\u017eka in je idealno darilo za novorojen\u010dka in mamico.\" \/>\n<meta property=\"og:url\" content=\"https:\/\/leboxi.eu\/sl\/izdelek\/darilo-za-novorojencka-in-mamico\/\" \/>\n<meta property=\"og:site_name\" content=\"Le Boxi | Unikatna darila za vsakogar\" \/>\n<meta property=\"article:publisher\" content=\"https:\/\/www.facebook.com\/leboxi.eu\" \/>\n<meta property=\"article:modified_time\" content=\"2024-08-12T18:17:42+00:00\" \/>\n<meta property=\"og:image\" content=\"https:\/\/leboxi.eu\/wp-content\/uploads\/2021\/04\/Izdelek-250-of-339.jpg\" \/>\n\t<meta property=\"og:image:width\" content=\"1000\" \/>\n\t<meta property=\"og:image:height\" content=\"1000\" \/>\n\t<meta property=\"og:image:type\" content=\"image\/jpeg\" \/>\n<meta name=\"twitter:card\" content=\"summary_large_image\" \/>\n<meta name=\"twitter:label1\" content=\"Est. reading time\" \/>\n\t<meta name=\"twitter:data1\" content=\"1 minuta\" \/>\n<script type=\"application\/ld+json\" class=\"yoast-schema-graph\">{\"@context\":\"https:\\\/\\\/schema.org\",\"@graph\":[{\"@type\":\"WebPage\",\"@id\":\"https:\\\/\\\/leboxi.eu\\\/sl\\\/izdelek\\\/darilo-za-novorojencka-in-mamico\\\/\",\"url\":\"https:\\\/\\\/leboxi.eu\\\/sl\\\/izdelek\\\/darilo-za-novorojencka-in-mamico\\\/\",\"name\":\"Darilo za novorojen\u010dka in mamico | Darilna \u0161katla - Sivi je\u017eek | Le Boxi\",\"isPartOf\":{\"@id\":\"https:\\\/\\\/leboxi.eu\\\/sl\\\/#website\"},\"primaryImageOfPage\":{\"@id\":\"https:\\\/\\\/leboxi.eu\\\/sl\\\/izdelek\\\/darilo-za-novorojencka-in-mamico\\\/#primaryimage\"},\"image\":{\"@id\":\"https:\\\/\\\/leboxi.eu\\\/sl\\\/izdelek\\\/darilo-za-novorojencka-in-mamico\\\/#primaryimage\"},\"thumbnailUrl\":\"https:\\\/\\\/leboxi.eu\\\/wp-content\\\/uploads\\\/2021\\\/04\\\/Izdelek-250-of-339.jpg\",\"datePublished\":\"2021-04-08T16:58:31+00:00\",\"dateModified\":\"2024-08-12T18:17:42+00:00\",\"description\":\"Ta darilni set: vsebuje 4-delni komplet nevtralno sive barve z motivom je\u017eka in je idealno darilo za novorojen\u010dka in mamico.\",\"breadcrumb\":{\"@id\":\"https:\\\/\\\/leboxi.eu\\\/sl\\\/izdelek\\\/darilo-za-novorojencka-in-mamico\\\/#breadcrumb\"},\"inLanguage\":\"sl-SI\",\"potentialAction\":[{\"@type\":\"ReadAction\",\"target\":[\"https:\\\/\\\/leboxi.eu\\\/sl\\\/izdelek\\\/darilo-za-novorojencka-in-mamico\\\/\"]}]},{\"@type\":\"ImageObject\",\"inLanguage\":\"sl-SI\",\"@id\":\"https:\\\/\\\/leboxi.eu\\\/sl\\\/izdelek\\\/darilo-za-novorojencka-in-mamico\\\/#primaryimage\",\"url\":\"https:\\\/\\\/leboxi.eu\\\/wp-content\\\/uploads\\\/2021\\\/04\\\/Izdelek-250-of-339.jpg\",\"contentUrl\":\"https:\\\/\\\/leboxi.eu\\\/wp-content\\\/uploads\\\/2021\\\/04\\\/Izdelek-250-of-339.jpg\",\"width\":1000,\"height\":1000,\"caption\":\"Darilo za novorojen\u010dka in mamico. Siv darilni kov\u010dek z belimi zvezdicami vsebuje bomba\u017eni siv komplet z motivom je\u017eka z bodijem, slin\u010dkom in nogavi\u010dkami iz mehkega bomba\u017ea ter pli\u0161astim medvedkom\"},{\"@type\":\"BreadcrumbList\",\"@id\":\"https:\\\/\\\/leboxi.eu\\\/sl\\\/izdelek\\\/darilo-za-novorojencka-in-mamico\\\/#breadcrumb\",\"itemListElement\":[{\"@type\":\"ListItem\",\"position\":1,\"name\":\"Doma\",\"item\":\"https:\\\/\\\/leboxi.eu\\\/sl\\\/\"},{\"@type\":\"ListItem\",\"position\":2,\"name\":\"Trgovina\",\"item\":\"https:\\\/\\\/leboxi.eu\\\/sl\\\/trgovina\\\/\"},{\"@type\":\"ListItem\",\"position\":3,\"name\":\"Darilna \u0161katla \u2013 Sivi je\u017eek\"}]},{\"@type\":\"WebSite\",\"@id\":\"https:\\\/\\\/leboxi.eu\\\/sl\\\/#website\",\"url\":\"https:\\\/\\\/leboxi.eu\\\/sl\\\/\",\"name\":\"Le Boxi | Unikatna darila za vsakogar\",\"description\":\"Unikatna darila in darilne \u0161katle za vse prilo\u017enosti.\",\"publisher\":{\"@id\":\"https:\\\/\\\/leboxi.eu\\\/sl\\\/#organization\"},\"potentialAction\":[{\"@type\":\"SearchAction\",\"target\":{\"@type\":\"EntryPoint\",\"urlTemplate\":\"https:\\\/\\\/leboxi.eu\\\/sl\\\/?s={search_term_string}\"},\"query-input\":{\"@type\":\"PropertyValueSpecification\",\"valueRequired\":true,\"valueName\":\"search_term_string\"}}],\"inLanguage\":\"sl-SI\"},{\"@type\":\"Organization\",\"@id\":\"https:\\\/\\\/leboxi.eu\\\/sl\\\/#organization\",\"name\":\"LE BOXI\",\"url\":\"https:\\\/\\\/leboxi.eu\\\/sl\\\/\",\"logo\":{\"@type\":\"ImageObject\",\"inLanguage\":\"sl-SI\",\"@id\":\"https:\\\/\\\/leboxi.eu\\\/sl\\\/#\\\/schema\\\/logo\\\/image\\\/\",\"url\":\"https:\\\/\\\/leboxi.eu\\\/wp-content\\\/uploads\\\/2021\\\/02\\\/LeBoxi-manjsi-png.png\",\"contentUrl\":\"https:\\\/\\\/leboxi.eu\\\/wp-content\\\/uploads\\\/2021\\\/02\\\/LeBoxi-manjsi-png.png\",\"width\":389,\"height\":164,\"caption\":\"LE BOXI\"},\"image\":{\"@id\":\"https:\\\/\\\/leboxi.eu\\\/sl\\\/#\\\/schema\\\/logo\\\/image\\\/\"},\"sameAs\":[\"https:\\\/\\\/www.facebook.com\\\/leboxi.eu\",\"https:\\\/\\\/www.instagram.com\\\/le.boxi\\\/\"]}]}<\/script>\n<!-- \/ Yoast SEO plugin. -->","yoast_head_json":{"title":"Darilo za novorojen\u010dka in mamico | Darilna \u0161katla - Sivi je\u017eek | Le Boxi","description":"Ta darilni set: vsebuje 4-delni komplet nevtralno sive barve z motivom je\u017eka in je idealno darilo za novorojen\u010dka in mamico.","robots":{"index":"index","follow":"follow","max-snippet":"max-snippet:-1","max-image-preview":"max-image-preview:large","max-video-preview":"max-video-preview:-1"},"canonical":"https:\/\/leboxi.eu\/sl\/izdelek\/darilo-za-novorojencka-in-mamico\/","og_locale":"sl_SI","og_type":"article","og_title":"Darilo za novorojen\u010dka in mamico | Darilna \u0161katla - Sivi je\u017eek | Le Boxi","og_description":"Ta darilni set: vsebuje 4-delni komplet nevtralno sive barve z motivom je\u017eka in je idealno darilo za novorojen\u010dka in mamico.","og_url":"https:\/\/leboxi.eu\/sl\/izdelek\/darilo-za-novorojencka-in-mamico\/","og_site_name":"Le Boxi | Unikatna darila za vsakogar","article_publisher":"https:\/\/www.facebook.com\/leboxi.eu","article_modified_time":"2024-08-12T18:17:42+00:00","og_image":[{"width":1000,"height":1000,"url":"https:\/\/leboxi.eu\/wp-content\/uploads\/2021\/04\/Izdelek-250-of-339.jpg","type":"image\/jpeg"}],"twitter_card":"summary_large_image","twitter_misc":{"Est. reading time":"1 minuta"},"schema":{"@context":"https:\/\/schema.org","@graph":[{"@type":"WebPage","@id":"https:\/\/leboxi.eu\/sl\/izdelek\/darilo-za-novorojencka-in-mamico\/","url":"https:\/\/leboxi.eu\/sl\/izdelek\/darilo-za-novorojencka-in-mamico\/","name":"Darilo za novorojen\u010dka in mamico | Darilna \u0161katla - Sivi je\u017eek | Le Boxi","isPartOf":{"@id":"https:\/\/leboxi.eu\/sl\/#website"},"primaryImageOfPage":{"@id":"https:\/\/leboxi.eu\/sl\/izdelek\/darilo-za-novorojencka-in-mamico\/#primaryimage"},"image":{"@id":"https:\/\/leboxi.eu\/sl\/izdelek\/darilo-za-novorojencka-in-mamico\/#primaryimage"},"thumbnailUrl":"https:\/\/leboxi.eu\/wp-content\/uploads\/2021\/04\/Izdelek-250-of-339.jpg","datePublished":"2021-04-08T16:58:31+00:00","dateModified":"2024-08-12T18:17:42+00:00","description":"Ta darilni set: vsebuje 4-delni komplet nevtralno sive barve z motivom je\u017eka in je idealno darilo za novorojen\u010dka in mamico.","breadcrumb":{"@id":"https:\/\/leboxi.eu\/sl\/izdelek\/darilo-za-novorojencka-in-mamico\/#breadcrumb"},"inLanguage":"sl-SI","potentialAction":[{"@type":"ReadAction","target":["https:\/\/leboxi.eu\/sl\/izdelek\/darilo-za-novorojencka-in-mamico\/"]}]},{"@type":"ImageObject","inLanguage":"sl-SI","@id":"https:\/\/leboxi.eu\/sl\/izdelek\/darilo-za-novorojencka-in-mamico\/#primaryimage","url":"https:\/\/leboxi.eu\/wp-content\/uploads\/2021\/04\/Izdelek-250-of-339.jpg","contentUrl":"https:\/\/leboxi.eu\/wp-content\/uploads\/2021\/04\/Izdelek-250-of-339.jpg","width":1000,"height":1000,"caption":"Darilo za novorojen\u010dka in mamico. Siv darilni kov\u010dek z belimi zvezdicami vsebuje bomba\u017eni siv komplet z motivom je\u017eka z bodijem, slin\u010dkom in nogavi\u010dkami iz mehkega bomba\u017ea ter pli\u0161astim medvedkom"},{"@type":"BreadcrumbList","@id":"https:\/\/leboxi.eu\/sl\/izdelek\/darilo-za-novorojencka-in-mamico\/#breadcrumb","itemListElement":[{"@type":"ListItem","position":1,"name":"Doma","item":"https:\/\/leboxi.eu\/sl\/"},{"@type":"ListItem","position":2,"name":"Trgovina","item":"https:\/\/leboxi.eu\/sl\/trgovina\/"},{"@type":"ListItem","position":3,"name":"Darilna \u0161katla \u2013 Sivi je\u017eek"}]},{"@type":"WebSite","@id":"https:\/\/leboxi.eu\/sl\/#website","url":"https:\/\/leboxi.eu\/sl\/","name":"Le Boxi | Unikatna darila za vsakogar","description":"Unikatna darila in darilne \u0161katle za vse prilo\u017enosti.","publisher":{"@id":"https:\/\/leboxi.eu\/sl\/#organization"},"potentialAction":[{"@type":"SearchAction","target":{"@type":"EntryPoint","urlTemplate":"https:\/\/leboxi.eu\/sl\/?s={search_term_string}"},"query-input":{"@type":"PropertyValueSpecification","valueRequired":true,"valueName":"search_term_string"}}],"inLanguage":"sl-SI"},{"@type":"Organization","@id":"https:\/\/leboxi.eu\/sl\/#organization","name":"LE BOXI","url":"https:\/\/leboxi.eu\/sl\/","logo":{"@type":"ImageObject","inLanguage":"sl-SI","@id":"https:\/\/leboxi.eu\/sl\/#\/schema\/logo\/image\/","url":"https:\/\/leboxi.eu\/wp-content\/uploads\/2021\/02\/LeBoxi-manjsi-png.png","contentUrl":"https:\/\/leboxi.eu\/wp-content\/uploads\/2021\/02\/LeBoxi-manjsi-png.png","width":389,"height":164,"caption":"LE BOXI"},"image":{"@id":"https:\/\/leboxi.eu\/sl\/#\/schema\/logo\/image\/"},"sameAs":["https:\/\/www.facebook.com\/leboxi.eu","https:\/\/www.instagram.com\/le.boxi\/"]}]}},"tiered_pricing_type":"fixed","tiered_pricing_fixed_rules":[],"tiered_pricing_product_settings":{"layout":"default","base_unit_name":{"singular":null,"plural":null},"default_variation":null},"tiered_pricing_minimum_quantity":null,"tiered_pricing_roles_data":[],"tiered_pricing_percentage_rules":[],"_links":{"self":[{"href":"https:\/\/leboxi.eu\/sl\/wp-json\/wp\/v2\/product\/2536","targetHints":{"allow":["GET"]}}],"collection":[{"href":"https:\/\/leboxi.eu\/sl\/wp-json\/wp\/v2\/product"}],"about":[{"href":"https:\/\/leboxi.eu\/sl\/wp-json\/wp\/v2\/types\/product"}],"replies":[{"embeddable":true,"href":"https:\/\/leboxi.eu\/sl\/wp-json\/wp\/v2\/comments?post=2536"}],"version-history":[{"count":0,"href":"https:\/\/leboxi.eu\/sl\/wp-json\/wp\/v2\/product\/2536\/revisions"}],"wp:featuredmedia":[{"embeddable":true,"href":"https:\/\/leboxi.eu\/sl\/wp-json\/wp\/v2\/media\/2537"}],"wp:attachment":[{"href":"https:\/\/leboxi.eu\/sl\/wp-json\/wp\/v2\/media?parent=2536"}],"wp:term":[{"taxonomy":"product_brand","embeddable":true,"href":"https:\/\/leboxi.eu\/sl\/wp-json\/wp\/v2\/product_brand?post=2536"},{"taxonomy":"product_cat","embeddable":true,"href":"https:\/\/leboxi.eu\/sl\/wp-json\/wp\/v2\/product_cat?post=2536"},{"taxonomy":"product_tag","embeddable":true,"href":"https:\/\/leboxi.eu\/sl\/wp-json\/wp\/v2\/product_tag?post=2536"}],"curies":[{"name":"wp","href":"https:\/\/api.w.org\/{rel}","templated":true}]}}