{"id":2520,"date":"2021-04-08T17:48:25","date_gmt":"2021-04-08T16:48:25","guid":{"rendered":"https:\/\/leboxi.eu\/?post_type=product&#038;p=2520"},"modified":"2024-08-12T19:18:47","modified_gmt":"2024-08-12T18:18:47","slug":"prvi-copatki","status":"publish","type":"product","link":"https:\/\/leboxi.eu\/sl\/izdelek\/prvi-copatki\/","title":{"rendered":"Prvi copatki"},"content":{"rendered":"<p>Komplet sestavljajo:<\/p>\n<ul>\n<li><strong>Beli bomba\u017eni pleteni copatki<\/strong> &#8211; par belih pletenih copatk iz 100% bomba\u017ea za novorojen\u010dka, ki bodo v hladnih dneh pomagali, da bodo nogice va\u0161ega dojen\u010dka ostale tople. Sestava: 100% bomba\u017e<\/li>\n<\/ul>\n<ul>\n<li><strong>Kov\u010dek <\/strong>sive barve z belimi zvezdicami, ki slu\u017ei kot \u0161katla v katerega so zlo\u017eeni izdelki. Star\u0161i ga lahko kasneje uporabijo kot \u0161katlo za shranjevanje otro\u0161kih spominov. Dimenzije: (D x \u0160 x V) 20cm x 8 cm x14,5 cm.<\/li>\n<li>Dodatno: Darilu lahko prilo\u017eite tudi <strong>personalizirano \u010destitko, <\/strong>ki jo lahko izberete na strani izbrane darilne \u0161katle (+2,95 eur)<\/li>\n<\/ul>\n<p>\u010ce \u017eelite bomo va\u0161e darilo obdarovancu dostavili mi, seveda pa ob dostavi ne bomo prilo\u017eili ra\u010duna. Le-tega boste prejeli vi.<\/p>\n","protected":false},"excerpt":{"rendered":"<p>Podarite mehke pletene copatke iz 100% bomba\u017ea, ki bodo varovali dojen\u010dkove nogice pred mrazom in jim hkrati nudili udobje. Copatke so zapakirane v \u010dudoviti \u0161katli v obliki kov\u010dka, ki jo dru\u017eina lahko kasneje uporablja za shranjevanje dragocenih spominov.<\/p>\n<p>V \u0161katlo lahko prilo\u017eite tudi personalizirano \u010destitko (za dopla\u010dilo).<\/p>\n<p>Podroben opis si poglejte spodaj.<\/p>\n<p>&nbsp;<\/p>\n<p>\u010ce \u017eelite bomo va\u0161e darilo obdarovancu dostavili mi, seveda pa ob dostavi ne bomo prilo\u017eili ra\u010duna. Le-tega boste prejeli vi.<\/p>\n","protected":false},"featured_media":2521,"comment_status":"open","ping_status":"closed","template":"","meta":{"site-sidebar-layout":"default","site-content-layout":"default","ast-site-content-layout":"default","site-content-style":"default","site-sidebar-style":"default","ast-global-header-display":"","ast-banner-title-visibility":"","ast-main-header-display":"","ast-hfb-above-header-display":"","ast-hfb-below-header-display":"","ast-hfb-mobile-header-display":"","site-post-title":"","ast-breadcrumbs-content":"","ast-featured-img":"","footer-sml-layout":"","ast-disable-related-posts":"","theme-transparent-header-meta":"default","adv-header-id-meta":"","stick-header-meta":"","header-above-stick-meta":"","header-main-stick-meta":"","header-below-stick-meta":"","astra-migrate-meta-layouts":"set","ast-page-background-enabled":"default","ast-page-background-meta":{"desktop":{"background-color":"","background-image":"","background-repeat":"repeat","background-position":"center center","background-size":"auto","background-attachment":"scroll","background-type":"","background-media":"","overlay-type":"","overlay-color":"","overlay-opacity":"","overlay-gradient":""},"tablet":{"background-color":"","background-image":"","background-repeat":"repeat","background-position":"center center","background-size":"auto","background-attachment":"scroll","background-type":"","background-media":"","overlay-type":"","overlay-color":"","overlay-opacity":"","overlay-gradient":""},"mobile":{"background-color":"","background-image":"","background-repeat":"repeat","background-position":"center center","background-size":"auto","background-attachment":"scroll","background-type":"","background-media":"","overlay-type":"","overlay-color":"","overlay-opacity":"","overlay-gradient":""}},"ast-content-background-meta":{"desktop":{"background-color":"var(--ast-global-color-5)","background-image":"","background-repeat":"repeat","background-position":"center center","background-size":"auto","background-attachment":"scroll","background-type":"","background-media":"","overlay-type":"","overlay-color":"","overlay-opacity":"","overlay-gradient":""},"tablet":{"background-color":"var(--ast-global-color-5)","background-image":"","background-repeat":"repeat","background-position":"center center","background-size":"auto","background-attachment":"scroll","background-type":"","background-media":"","overlay-type":"","overlay-color":"","overlay-opacity":"","overlay-gradient":""},"mobile":{"background-color":"var(--ast-global-color-5)","background-image":"","background-repeat":"repeat","background-position":"center center","background-size":"auto","background-attachment":"scroll","background-type":"","background-media":"","overlay-type":"","overlay-color":"","overlay-opacity":"","overlay-gradient":""}}},"product_brand":[],"product_cat":[357],"product_tag":[],"class_list":{"0":"post-2520","1":"product","2":"type-product","3":"status-publish","4":"has-post-thumbnail","6":"product_cat-ni-na-zalogi","7":"desktop-align-left","8":"tablet-align-left","9":"mobile-align-left","11":"first","12":"outofstock","13":"taxable","14":"shipping-taxable","15":"purchasable","16":"product-type-simple"},"yoast_head":"<!-- This site is optimized with the Yoast SEO plugin v27.3 - https:\/\/yoast.com\/product\/yoast-seo-wordpress\/ -->\n<title>Le Boxi | Unikatna darila za vsakogar<\/title>\n<meta name=\"description\" content=\"Podarite mehke pletene copatke iz 100% bomba\u017ea, ki bodo varovali dojen\u010dkove nogice pred mrazom in jim hkrati nudili udobje. Copatke so zapakirane v \u010dudoviti \u0161katli v obliki kov\u010dka, ki jo dru\u017eina lahko kasneje uporablja za shranjevanje dragocenih spominov.\" \/>\n<meta name=\"robots\" content=\"index, follow, max-snippet:-1, max-image-preview:large, max-video-preview:-1\" \/>\n<link rel=\"canonical\" href=\"https:\/\/leboxi.eu\/sl\/izdelek\/prvi-copatki\/\" \/>\n<meta property=\"og:locale\" content=\"sl_SI\" \/>\n<meta property=\"og:type\" content=\"article\" \/>\n<meta property=\"og:title\" content=\"Le Boxi | Unikatna darila za vsakogar\" \/>\n<meta property=\"og:description\" content=\"Podarite mehke pletene copatke iz 100% bomba\u017ea, ki bodo varovali dojen\u010dkove nogice pred mrazom in jim hkrati nudili udobje. Copatke so zapakirane v \u010dudoviti \u0161katli v obliki kov\u010dka, ki jo dru\u017eina lahko kasneje uporablja za shranjevanje dragocenih spominov.\" \/>\n<meta property=\"og:url\" content=\"https:\/\/leboxi.eu\/sl\/izdelek\/prvi-copatki\/\" \/>\n<meta property=\"og:site_name\" content=\"Le Boxi | Unikatna darila za vsakogar\" \/>\n<meta property=\"article:publisher\" content=\"https:\/\/www.facebook.com\/leboxi.eu\" \/>\n<meta property=\"article:modified_time\" content=\"2024-08-12T18:18:47+00:00\" \/>\n<meta property=\"og:image\" content=\"https:\/\/leboxi.eu\/wp-content\/uploads\/2021\/04\/Izdelek-184-of-339.jpg\" \/>\n\t<meta property=\"og:image:width\" content=\"1000\" \/>\n\t<meta property=\"og:image:height\" content=\"1000\" \/>\n\t<meta property=\"og:image:type\" content=\"image\/jpeg\" \/>\n<meta name=\"twitter:card\" content=\"summary_large_image\" \/>\n<meta name=\"twitter:label1\" content=\"Est. reading time\" \/>\n\t<meta name=\"twitter:data1\" content=\"1 minuta\" \/>\n<script type=\"application\/ld+json\" class=\"yoast-schema-graph\">{\"@context\":\"https:\\\/\\\/schema.org\",\"@graph\":[{\"@type\":\"WebPage\",\"@id\":\"https:\\\/\\\/leboxi.eu\\\/sl\\\/izdelek\\\/prvi-copatki\\\/\",\"url\":\"https:\\\/\\\/leboxi.eu\\\/sl\\\/izdelek\\\/prvi-copatki\\\/\",\"name\":\"Le Boxi | Unikatna darila za vsakogar\",\"isPartOf\":{\"@id\":\"https:\\\/\\\/leboxi.eu\\\/sl\\\/#website\"},\"primaryImageOfPage\":{\"@id\":\"https:\\\/\\\/leboxi.eu\\\/sl\\\/izdelek\\\/prvi-copatki\\\/#primaryimage\"},\"image\":{\"@id\":\"https:\\\/\\\/leboxi.eu\\\/sl\\\/izdelek\\\/prvi-copatki\\\/#primaryimage\"},\"thumbnailUrl\":\"https:\\\/\\\/leboxi.eu\\\/wp-content\\\/uploads\\\/2021\\\/04\\\/Izdelek-184-of-339.jpg\",\"datePublished\":\"2021-04-08T16:48:25+00:00\",\"dateModified\":\"2024-08-12T18:18:47+00:00\",\"description\":\"Podarite mehke pletene copatke iz 100% bomba\u017ea, ki bodo varovali dojen\u010dkove nogice pred mrazom in jim hkrati nudili udobje. Copatke so zapakirane v \u010dudoviti \u0161katli v obliki kov\u010dka, ki jo dru\u017eina lahko kasneje uporablja za shranjevanje dragocenih spominov.\",\"breadcrumb\":{\"@id\":\"https:\\\/\\\/leboxi.eu\\\/sl\\\/izdelek\\\/prvi-copatki\\\/#breadcrumb\"},\"inLanguage\":\"sl-SI\",\"potentialAction\":[{\"@type\":\"ReadAction\",\"target\":[\"https:\\\/\\\/leboxi.eu\\\/sl\\\/izdelek\\\/prvi-copatki\\\/\"]}]},{\"@type\":\"ImageObject\",\"inLanguage\":\"sl-SI\",\"@id\":\"https:\\\/\\\/leboxi.eu\\\/sl\\\/izdelek\\\/prvi-copatki\\\/#primaryimage\",\"url\":\"https:\\\/\\\/leboxi.eu\\\/wp-content\\\/uploads\\\/2021\\\/04\\\/Izdelek-184-of-339.jpg\",\"contentUrl\":\"https:\\\/\\\/leboxi.eu\\\/wp-content\\\/uploads\\\/2021\\\/04\\\/Izdelek-184-of-339.jpg\",\"width\":1000,\"height\":1000,\"caption\":\"Siv darilni kov\u010dek z belimi zvezdicami z belimi pletenimi copatki\"},{\"@type\":\"BreadcrumbList\",\"@id\":\"https:\\\/\\\/leboxi.eu\\\/sl\\\/izdelek\\\/prvi-copatki\\\/#breadcrumb\",\"itemListElement\":[{\"@type\":\"ListItem\",\"position\":1,\"name\":\"Doma\",\"item\":\"https:\\\/\\\/leboxi.eu\\\/sl\\\/\"},{\"@type\":\"ListItem\",\"position\":2,\"name\":\"Trgovina\",\"item\":\"https:\\\/\\\/leboxi.eu\\\/sl\\\/trgovina\\\/\"},{\"@type\":\"ListItem\",\"position\":3,\"name\":\"Prvi copatki\"}]},{\"@type\":\"WebSite\",\"@id\":\"https:\\\/\\\/leboxi.eu\\\/sl\\\/#website\",\"url\":\"https:\\\/\\\/leboxi.eu\\\/sl\\\/\",\"name\":\"Le Boxi | Unikatna darila za vsakogar\",\"description\":\"Unikatna darila in darilne \u0161katle za vse prilo\u017enosti.\",\"publisher\":{\"@id\":\"https:\\\/\\\/leboxi.eu\\\/sl\\\/#organization\"},\"potentialAction\":[{\"@type\":\"SearchAction\",\"target\":{\"@type\":\"EntryPoint\",\"urlTemplate\":\"https:\\\/\\\/leboxi.eu\\\/sl\\\/?s={search_term_string}\"},\"query-input\":{\"@type\":\"PropertyValueSpecification\",\"valueRequired\":true,\"valueName\":\"search_term_string\"}}],\"inLanguage\":\"sl-SI\"},{\"@type\":\"Organization\",\"@id\":\"https:\\\/\\\/leboxi.eu\\\/sl\\\/#organization\",\"name\":\"LE BOXI\",\"url\":\"https:\\\/\\\/leboxi.eu\\\/sl\\\/\",\"logo\":{\"@type\":\"ImageObject\",\"inLanguage\":\"sl-SI\",\"@id\":\"https:\\\/\\\/leboxi.eu\\\/sl\\\/#\\\/schema\\\/logo\\\/image\\\/\",\"url\":\"https:\\\/\\\/leboxi.eu\\\/wp-content\\\/uploads\\\/2021\\\/02\\\/LeBoxi-manjsi-png.png\",\"contentUrl\":\"https:\\\/\\\/leboxi.eu\\\/wp-content\\\/uploads\\\/2021\\\/02\\\/LeBoxi-manjsi-png.png\",\"width\":389,\"height\":164,\"caption\":\"LE BOXI\"},\"image\":{\"@id\":\"https:\\\/\\\/leboxi.eu\\\/sl\\\/#\\\/schema\\\/logo\\\/image\\\/\"},\"sameAs\":[\"https:\\\/\\\/www.facebook.com\\\/leboxi.eu\",\"https:\\\/\\\/www.instagram.com\\\/le.boxi\\\/\"]}]}<\/script>\n<!-- \/ Yoast SEO plugin. -->","yoast_head_json":{"title":"Le Boxi | Unikatna darila za vsakogar","description":"Podarite mehke pletene copatke iz 100% bomba\u017ea, ki bodo varovali dojen\u010dkove nogice pred mrazom in jim hkrati nudili udobje. Copatke so zapakirane v \u010dudoviti \u0161katli v obliki kov\u010dka, ki jo dru\u017eina lahko kasneje uporablja za shranjevanje dragocenih spominov.","robots":{"index":"index","follow":"follow","max-snippet":"max-snippet:-1","max-image-preview":"max-image-preview:large","max-video-preview":"max-video-preview:-1"},"canonical":"https:\/\/leboxi.eu\/sl\/izdelek\/prvi-copatki\/","og_locale":"sl_SI","og_type":"article","og_title":"Le Boxi | Unikatna darila za vsakogar","og_description":"Podarite mehke pletene copatke iz 100% bomba\u017ea, ki bodo varovali dojen\u010dkove nogice pred mrazom in jim hkrati nudili udobje. Copatke so zapakirane v \u010dudoviti \u0161katli v obliki kov\u010dka, ki jo dru\u017eina lahko kasneje uporablja za shranjevanje dragocenih spominov.","og_url":"https:\/\/leboxi.eu\/sl\/izdelek\/prvi-copatki\/","og_site_name":"Le Boxi | Unikatna darila za vsakogar","article_publisher":"https:\/\/www.facebook.com\/leboxi.eu","article_modified_time":"2024-08-12T18:18:47+00:00","og_image":[{"width":1000,"height":1000,"url":"https:\/\/leboxi.eu\/wp-content\/uploads\/2021\/04\/Izdelek-184-of-339.jpg","type":"image\/jpeg"}],"twitter_card":"summary_large_image","twitter_misc":{"Est. reading time":"1 minuta"},"schema":{"@context":"https:\/\/schema.org","@graph":[{"@type":"WebPage","@id":"https:\/\/leboxi.eu\/sl\/izdelek\/prvi-copatki\/","url":"https:\/\/leboxi.eu\/sl\/izdelek\/prvi-copatki\/","name":"Le Boxi | Unikatna darila za vsakogar","isPartOf":{"@id":"https:\/\/leboxi.eu\/sl\/#website"},"primaryImageOfPage":{"@id":"https:\/\/leboxi.eu\/sl\/izdelek\/prvi-copatki\/#primaryimage"},"image":{"@id":"https:\/\/leboxi.eu\/sl\/izdelek\/prvi-copatki\/#primaryimage"},"thumbnailUrl":"https:\/\/leboxi.eu\/wp-content\/uploads\/2021\/04\/Izdelek-184-of-339.jpg","datePublished":"2021-04-08T16:48:25+00:00","dateModified":"2024-08-12T18:18:47+00:00","description":"Podarite mehke pletene copatke iz 100% bomba\u017ea, ki bodo varovali dojen\u010dkove nogice pred mrazom in jim hkrati nudili udobje. Copatke so zapakirane v \u010dudoviti \u0161katli v obliki kov\u010dka, ki jo dru\u017eina lahko kasneje uporablja za shranjevanje dragocenih spominov.","breadcrumb":{"@id":"https:\/\/leboxi.eu\/sl\/izdelek\/prvi-copatki\/#breadcrumb"},"inLanguage":"sl-SI","potentialAction":[{"@type":"ReadAction","target":["https:\/\/leboxi.eu\/sl\/izdelek\/prvi-copatki\/"]}]},{"@type":"ImageObject","inLanguage":"sl-SI","@id":"https:\/\/leboxi.eu\/sl\/izdelek\/prvi-copatki\/#primaryimage","url":"https:\/\/leboxi.eu\/wp-content\/uploads\/2021\/04\/Izdelek-184-of-339.jpg","contentUrl":"https:\/\/leboxi.eu\/wp-content\/uploads\/2021\/04\/Izdelek-184-of-339.jpg","width":1000,"height":1000,"caption":"Siv darilni kov\u010dek z belimi zvezdicami z belimi pletenimi copatki"},{"@type":"BreadcrumbList","@id":"https:\/\/leboxi.eu\/sl\/izdelek\/prvi-copatki\/#breadcrumb","itemListElement":[{"@type":"ListItem","position":1,"name":"Doma","item":"https:\/\/leboxi.eu\/sl\/"},{"@type":"ListItem","position":2,"name":"Trgovina","item":"https:\/\/leboxi.eu\/sl\/trgovina\/"},{"@type":"ListItem","position":3,"name":"Prvi copatki"}]},{"@type":"WebSite","@id":"https:\/\/leboxi.eu\/sl\/#website","url":"https:\/\/leboxi.eu\/sl\/","name":"Le Boxi | Unikatna darila za vsakogar","description":"Unikatna darila in darilne \u0161katle za vse prilo\u017enosti.","publisher":{"@id":"https:\/\/leboxi.eu\/sl\/#organization"},"potentialAction":[{"@type":"SearchAction","target":{"@type":"EntryPoint","urlTemplate":"https:\/\/leboxi.eu\/sl\/?s={search_term_string}"},"query-input":{"@type":"PropertyValueSpecification","valueRequired":true,"valueName":"search_term_string"}}],"inLanguage":"sl-SI"},{"@type":"Organization","@id":"https:\/\/leboxi.eu\/sl\/#organization","name":"LE BOXI","url":"https:\/\/leboxi.eu\/sl\/","logo":{"@type":"ImageObject","inLanguage":"sl-SI","@id":"https:\/\/leboxi.eu\/sl\/#\/schema\/logo\/image\/","url":"https:\/\/leboxi.eu\/wp-content\/uploads\/2021\/02\/LeBoxi-manjsi-png.png","contentUrl":"https:\/\/leboxi.eu\/wp-content\/uploads\/2021\/02\/LeBoxi-manjsi-png.png","width":389,"height":164,"caption":"LE BOXI"},"image":{"@id":"https:\/\/leboxi.eu\/sl\/#\/schema\/logo\/image\/"},"sameAs":["https:\/\/www.facebook.com\/leboxi.eu","https:\/\/www.instagram.com\/le.boxi\/"]}]}},"tiered_pricing_type":"fixed","tiered_pricing_fixed_rules":[],"tiered_pricing_product_settings":{"layout":"default","base_unit_name":{"singular":null,"plural":null},"default_variation":null},"tiered_pricing_minimum_quantity":null,"tiered_pricing_roles_data":[],"tiered_pricing_percentage_rules":[],"_links":{"self":[{"href":"https:\/\/leboxi.eu\/sl\/wp-json\/wp\/v2\/product\/2520","targetHints":{"allow":["GET"]}}],"collection":[{"href":"https:\/\/leboxi.eu\/sl\/wp-json\/wp\/v2\/product"}],"about":[{"href":"https:\/\/leboxi.eu\/sl\/wp-json\/wp\/v2\/types\/product"}],"replies":[{"embeddable":true,"href":"https:\/\/leboxi.eu\/sl\/wp-json\/wp\/v2\/comments?post=2520"}],"version-history":[{"count":0,"href":"https:\/\/leboxi.eu\/sl\/wp-json\/wp\/v2\/product\/2520\/revisions"}],"wp:featuredmedia":[{"embeddable":true,"href":"https:\/\/leboxi.eu\/sl\/wp-json\/wp\/v2\/media\/2521"}],"wp:attachment":[{"href":"https:\/\/leboxi.eu\/sl\/wp-json\/wp\/v2\/media?parent=2520"}],"wp:term":[{"taxonomy":"product_brand","embeddable":true,"href":"https:\/\/leboxi.eu\/sl\/wp-json\/wp\/v2\/product_brand?post=2520"},{"taxonomy":"product_cat","embeddable":true,"href":"https:\/\/leboxi.eu\/sl\/wp-json\/wp\/v2\/product_cat?post=2520"},{"taxonomy":"product_tag","embeddable":true,"href":"https:\/\/leboxi.eu\/sl\/wp-json\/wp\/v2\/product_tag?post=2520"}],"curies":[{"name":"wp","href":"https:\/\/api.w.org\/{rel}","templated":true}]}}