{"id":2440,"date":"2021-04-07T20:28:23","date_gmt":"2021-04-07T19:28:23","guid":{"rendered":"https:\/\/leboxi.eu\/?post_type=product&#038;p=2440"},"modified":"2024-12-20T18:07:30","modified_gmt":"2024-12-20T17:07:30","slug":"bozicno-darilo-za-zeno","status":"publish","type":"product","link":"https:\/\/leboxi.eu\/sl\/izdelek\/bozicno-darilo-za-zeno\/","title":{"rendered":"Darilna \u0161katla \u2013 Super trio"},"content":{"rendered":"<p>Le Boxi-jev darilni set primeren za rojstnodnevno darilo, darilo za obletnico, kot bo\u017ei\u010dno darilo za \u017eeno ali drugo posebno prilo\u017enost.<\/p>\n<h5>Obdarovanka bo v darilni \u0161katli na\u0161la:<\/h5>\n<p>&nbsp;<\/p>\n<ol>\n<li>\n<h6><strong>Naravno, ro\u010dno izdelano milo NE\u017dNO MILO S KOKOSOVIM MLEKOM (120g)<\/strong><\/h6>\n<\/li>\n<\/ol>\n<p>Ne\u017eno milo za obraz in telo. Vla\u017eilna kombinacija iz kakavovega, karitejevega in mangovega masla so \u010dudovita kombinacija za suho in ob\u010dutljivo ko\u017eo. Ko\u017eo o\u010distijo in jo hkrati pustijo negovano in navla\u017eeno. Milu je dodano kokosovo mleko, ki je izjemno ne\u017eno in poskrbi, da je ko\u017ea po uporabi mehka. Kokosovo mleko poskrbi za izjemno vla\u017eilen efekt, \u0161e posebaj v suhih mesecih. Naravne sestavine kokosovega mleka lahko pomagajo pri zdravljenju suhe ko\u017ee in poskrbijo, da se iz ko\u017ee odstranijo vse \u0161kodljive bakterije. Ko\u017eo bo pustilo mehko, gladko, navla\u017eeno in popolnoma \u010dudovito.<\/p>\n<p>Sestavine: Olive Oil, Coconut oil, Shea Butter, Cococnut Milk, Cocoa Butter, Mango Butter,<br \/>\nSweet Almond Oil, Castor Oil.<\/p>\n<p>Di\u0161ava: brez di\u0161av<\/p>\n<p><strong>Nasvet: <\/strong><\/p>\n<p>Milo med uporabo hranite v podstavkih za mila, pri katerih voda lahko odteka in se milo po uporabi tudi posu\u0161i. \u0160e neuporabljeno milo pa hranite na hladnem, suhem in temnem prostoru.<\/p>\n<p><strong>Opombe:<\/strong><\/p>\n<p>\u27a4 Zaradi ro\u010dne izdelave, se lahko videz mila nekoliko razlikuje od tistega na sliki.<\/p>\n<p>\u27a4 Mila so pakirana v ve\u010djih koli\u010dinah, kot je obi\u010dajno za naravna, ro\u010dno izdelana mila \u2013 120g.<\/p>\n<p>&nbsp;<\/p>\n<ol start=\"2\">\n<li>\n<h6><strong>Mehka gobica za piling iz sisala<\/strong><\/h6>\n<\/li>\n<\/ol>\n<p>Ta 100% biolo\u0161ko razgradljiva gobica iz sisala, je odli\u010dna za piling celotnega telesa, predvsem pa odstranjevanje vra\u0161\u010denih dlak in boj proti celulitu, zaradi svojih masa\u017enih in po\u017eivljajo\u010dih lastnosti. Va\u0161a ko\u017ea bo po uporabi mehka in obnovljena. Naravna mo\u010d pilinga z gobico iz sisala bo izbolj\u0161ala pretok krvi, ter s tem pospe\u0161ila odstranjevanje toksinov iz ko\u017ee in spro\u017eila spro\u0161\u010danje energije od od glave do pet. Izdelki iz sisala so 100% naravni, zelo trajnostni in okolju prijazni.<\/p>\n<p>&nbsp;<\/p>\n<ol start=\"3\">\n<li>\n<h6><strong>Krta\u010dka in strgalo za pete<\/strong><\/h6>\n<\/li>\n<\/ol>\n<p>2 v 1! Ni\u010d ve\u010d \u0161tevilnih pripomo\u010dkov v va\u0161i kopalnici, s tem strgalom in hkrati krta\u010dko iz naravnih materialov boste povrnili mehkobo va\u0161ih petam. Na eni strani je strgalo, ki u\u010dinkovito drgne keratinizirano ko\u017eo, druga stran pa z ne\u017enimi \u0161\u010detinami gladi ko\u017eo in ji povrne mehkobo.<\/p>\n<h6>Dodatno:<\/h6>\n<p>Darilnemu setu lahko prilo\u017eite tudi\u00a0<strong>personalizirano \u010destitko<\/strong>\u00a0(+2,95 eur).<\/p>\n<p>\u010ce \u017eelite bomo va\u0161e darilo obdarovancu dostavili mi, seveda pa ob dostavi ne bomo prilo\u017eili ra\u010duna. Le-tega boste prejeli vi.<\/p>\n<p>Za piko na i lahko svoj darilni set nadgradite z\u00a0<a href=\"https:\/\/leboxi.eu\/blog\/posvetilo-darilni-listki\/\">darilnimi listi\u010di<\/a> za izdelavo katerih navodila najdete na na\u0161em blogu. Unikatno darilo bo\u017ei\u010dno darilo za \u017eeno ali drugo posebno prilo\u017enost.<\/p>\n<p>&nbsp;<\/p>\n","protected":false},"excerpt":{"rendered":"<p>Na\u0161 Super trio izbor predstavlja tri najpomembnej\u0161e izdelke, ki jih bo obdarovanka potebovala za nego svoje ko\u017ee! V posteljici iz ne\u017ene slame bo prejela naravno ro\u010dno izdelano milo iz pode\u017eelja ju\u017ene Francije za mehko in di\u0161e\u010do ko\u017eo, 100% biolo\u0161ko razgradljivo gobico iz sisala za ne\u017een piling odmrle ko\u017ee in strgalo s krta\u010dko iz naravnih materialov za povrnitev mehkobe va\u0161ih stopal. Odli\u010dna ideja za bo\u017ei\u010dno darilo za \u017eeno, punco ali h\u010der ali drugo posebno prilo\u017enost.<\/p>\n<p>Na\u0161a mila so pakirana v ve\u010djih koli\u010dinah, kot je obi\u010dajno za naravna, ro\u010dno izdelana mila \u2013 120g. V \u0161katlo lahko prilo\u017eite tudi personalizirano \u010destitko (za dopla\u010dilo).<\/p>\n<p>Darilna \u0161katla vsebuje:<\/p>\n<ul>\n<li>1x naravno ro\u010dno izdelano milo (120g)<\/li>\n<li>1x gobica za umivanje iz sisala<\/li>\n<li>1x krta\u010dka in strgalo za pete<\/li>\n<\/ul>\n<p>&nbsp;<\/p>\n<p>\u010ce \u017eelite bomo va\u0161e darilo obdarovancu dostavili mi, seveda pa ob dostavi ne bomo prilo\u017eili ra\u010duna. Le-tega boste prejeli vi.<\/p>\n<p>Podroben opis si lahko preberete spodaj.<\/p>\n","protected":false},"featured_media":2438,"comment_status":"open","ping_status":"closed","template":"","meta":{"site-sidebar-layout":"default","site-content-layout":"default","ast-site-content-layout":"default","site-content-style":"default","site-sidebar-style":"default","ast-global-header-display":"","ast-banner-title-visibility":"","ast-main-header-display":"","ast-hfb-above-header-display":"","ast-hfb-below-header-display":"","ast-hfb-mobile-header-display":"","site-post-title":"","ast-breadcrumbs-content":"","ast-featured-img":"","footer-sml-layout":"","ast-disable-related-posts":"","theme-transparent-header-meta":"default","adv-header-id-meta":"","stick-header-meta":"","header-above-stick-meta":"","header-main-stick-meta":"","header-below-stick-meta":"","astra-migrate-meta-layouts":"set","ast-page-background-enabled":"default","ast-page-background-meta":{"desktop":{"background-color":"","background-image":"","background-repeat":"repeat","background-position":"center center","background-size":"auto","background-attachment":"scroll","background-type":"","background-media":"","overlay-type":"","overlay-color":"","overlay-opacity":"","overlay-gradient":""},"tablet":{"background-color":"","background-image":"","background-repeat":"repeat","background-position":"center center","background-size":"auto","background-attachment":"scroll","background-type":"","background-media":"","overlay-type":"","overlay-color":"","overlay-opacity":"","overlay-gradient":""},"mobile":{"background-color":"","background-image":"","background-repeat":"repeat","background-position":"center center","background-size":"auto","background-attachment":"scroll","background-type":"","background-media":"","overlay-type":"","overlay-color":"","overlay-opacity":"","overlay-gradient":""}},"ast-content-background-meta":{"desktop":{"background-color":"var(--ast-global-color-5)","background-image":"","background-repeat":"repeat","background-position":"center center","background-size":"auto","background-attachment":"scroll","background-type":"","background-media":"","overlay-type":"","overlay-color":"","overlay-opacity":"","overlay-gradient":""},"tablet":{"background-color":"var(--ast-global-color-5)","background-image":"","background-repeat":"repeat","background-position":"center center","background-size":"auto","background-attachment":"scroll","background-type":"","background-media":"","overlay-type":"","overlay-color":"","overlay-opacity":"","overlay-gradient":""},"mobile":{"background-color":"var(--ast-global-color-5)","background-image":"","background-repeat":"repeat","background-position":"center center","background-size":"auto","background-attachment":"scroll","background-type":"","background-media":"","overlay-type":"","overlay-color":"","overlay-opacity":"","overlay-gradient":""}}},"product_brand":[],"product_cat":[357],"product_tag":[],"class_list":{"0":"post-2440","1":"product","2":"type-product","3":"status-publish","4":"has-post-thumbnail","6":"product_cat-ni-na-zalogi","7":"desktop-align-left","8":"tablet-align-left","9":"mobile-align-left","11":"first","12":"outofstock","13":"taxable","14":"shipping-taxable","15":"purchasable","16":"product-type-simple"},"yoast_head":"<!-- This site is optimized with the Yoast SEO plugin v27.4 - https:\/\/yoast.com\/product\/yoast-seo-wordpress\/ -->\n<title>Bo\u017ei\u010dno darilo za \u017eeno | Darilna \u0161katla - Super trio | Le Boxi<\/title>\n<meta name=\"description\" content=\"Set vsebuje naravno izdelano milo iz pode\u017eelja ju\u017ene Francije, 100% biolo\u0161ko razgradljivo gobico iz sisala in strgalo s krta\u010dko iz naravnih materialov. \u010cudovito bo\u017ei\u010dno darilo za \u017eeno.\" \/>\n<meta name=\"robots\" content=\"index, follow, max-snippet:-1, max-image-preview:large, max-video-preview:-1\" \/>\n<link rel=\"canonical\" href=\"https:\/\/leboxi.eu\/sl\/izdelek\/bozicno-darilo-za-zeno\/\" \/>\n<meta property=\"og:locale\" content=\"sl_SI\" \/>\n<meta property=\"og:type\" content=\"article\" \/>\n<meta property=\"og:title\" content=\"Bo\u017ei\u010dno darilo za \u017eeno | Darilna \u0161katla - Super trio | Le Boxi\" \/>\n<meta property=\"og:description\" content=\"Set vsebuje naravno izdelano milo iz pode\u017eelja ju\u017ene Francije, 100% biolo\u0161ko razgradljivo gobico iz sisala in strgalo s krta\u010dko iz naravnih materialov. \u010cudovito bo\u017ei\u010dno darilo za \u017eeno.\" \/>\n<meta property=\"og:url\" content=\"https:\/\/leboxi.eu\/sl\/izdelek\/bozicno-darilo-za-zeno\/\" \/>\n<meta property=\"og:site_name\" content=\"Le Boxi | Unikatna darila za vsakogar\" \/>\n<meta property=\"article:publisher\" content=\"https:\/\/www.facebook.com\/leboxi.eu\" \/>\n<meta property=\"article:modified_time\" content=\"2024-12-20T17:07:30+00:00\" \/>\n<meta property=\"og:image\" content=\"https:\/\/leboxi.eu\/wp-content\/uploads\/2021\/04\/Izdelek-115-of-339.jpg\" \/>\n\t<meta property=\"og:image:width\" content=\"1000\" \/>\n\t<meta property=\"og:image:height\" content=\"1000\" \/>\n\t<meta property=\"og:image:type\" content=\"image\/jpeg\" \/>\n<meta name=\"twitter:card\" content=\"summary_large_image\" \/>\n<meta name=\"twitter:label1\" content=\"Est. reading time\" \/>\n\t<meta name=\"twitter:data1\" content=\"4 minuta\" \/>\n<script type=\"application\/ld+json\" class=\"yoast-schema-graph\">{\"@context\":\"https:\\\/\\\/schema.org\",\"@graph\":[{\"@type\":\"WebPage\",\"@id\":\"https:\\\/\\\/leboxi.eu\\\/sl\\\/izdelek\\\/bozicno-darilo-za-zeno\\\/\",\"url\":\"https:\\\/\\\/leboxi.eu\\\/sl\\\/izdelek\\\/bozicno-darilo-za-zeno\\\/\",\"name\":\"Bo\u017ei\u010dno darilo za \u017eeno | Darilna \u0161katla - Super trio | Le Boxi\",\"isPartOf\":{\"@id\":\"https:\\\/\\\/leboxi.eu\\\/sl\\\/#website\"},\"primaryImageOfPage\":{\"@id\":\"https:\\\/\\\/leboxi.eu\\\/sl\\\/izdelek\\\/bozicno-darilo-za-zeno\\\/#primaryimage\"},\"image\":{\"@id\":\"https:\\\/\\\/leboxi.eu\\\/sl\\\/izdelek\\\/bozicno-darilo-za-zeno\\\/#primaryimage\"},\"thumbnailUrl\":\"https:\\\/\\\/leboxi.eu\\\/wp-content\\\/uploads\\\/2021\\\/04\\\/Izdelek-115-of-339.jpg\",\"datePublished\":\"2021-04-07T19:28:23+00:00\",\"dateModified\":\"2024-12-20T17:07:30+00:00\",\"description\":\"Set vsebuje naravno izdelano milo iz pode\u017eelja ju\u017ene Francije, 100% biolo\u0161ko razgradljivo gobico iz sisala in strgalo s krta\u010dko iz naravnih materialov. \u010cudovito bo\u017ei\u010dno darilo za \u017eeno.\",\"breadcrumb\":{\"@id\":\"https:\\\/\\\/leboxi.eu\\\/sl\\\/izdelek\\\/bozicno-darilo-za-zeno\\\/#breadcrumb\"},\"inLanguage\":\"sl-SI\",\"potentialAction\":[{\"@type\":\"ReadAction\",\"target\":[\"https:\\\/\\\/leboxi.eu\\\/sl\\\/izdelek\\\/bozicno-darilo-za-zeno\\\/\"]}]},{\"@type\":\"ImageObject\",\"inLanguage\":\"sl-SI\",\"@id\":\"https:\\\/\\\/leboxi.eu\\\/sl\\\/izdelek\\\/bozicno-darilo-za-zeno\\\/#primaryimage\",\"url\":\"https:\\\/\\\/leboxi.eu\\\/wp-content\\\/uploads\\\/2021\\\/04\\\/Izdelek-115-of-339.jpg\",\"contentUrl\":\"https:\\\/\\\/leboxi.eu\\\/wp-content\\\/uploads\\\/2021\\\/04\\\/Izdelek-115-of-339.jpg\",\"width\":1000,\"height\":1000,\"caption\":\"Darilna \u0161katla s krta\u010dko in strgalom za pete, gobico za umivanje iz sisala ter naravnim ro\u010dno izdelanim milom-bo\u017ei\u010dno darilo za \u017eeno\"},{\"@type\":\"BreadcrumbList\",\"@id\":\"https:\\\/\\\/leboxi.eu\\\/sl\\\/izdelek\\\/bozicno-darilo-za-zeno\\\/#breadcrumb\",\"itemListElement\":[{\"@type\":\"ListItem\",\"position\":1,\"name\":\"Doma\",\"item\":\"https:\\\/\\\/leboxi.eu\\\/sl\\\/\"},{\"@type\":\"ListItem\",\"position\":2,\"name\":\"Trgovina\",\"item\":\"https:\\\/\\\/leboxi.eu\\\/sl\\\/trgovina\\\/\"},{\"@type\":\"ListItem\",\"position\":3,\"name\":\"Darilna \u0161katla \u2013 Super trio\"}]},{\"@type\":\"WebSite\",\"@id\":\"https:\\\/\\\/leboxi.eu\\\/sl\\\/#website\",\"url\":\"https:\\\/\\\/leboxi.eu\\\/sl\\\/\",\"name\":\"Le Boxi | Unikatna darila za vsakogar\",\"description\":\"Unikatna darila in darilne \u0161katle za vse prilo\u017enosti.\",\"publisher\":{\"@id\":\"https:\\\/\\\/leboxi.eu\\\/sl\\\/#organization\"},\"potentialAction\":[{\"@type\":\"SearchAction\",\"target\":{\"@type\":\"EntryPoint\",\"urlTemplate\":\"https:\\\/\\\/leboxi.eu\\\/sl\\\/?s={search_term_string}\"},\"query-input\":{\"@type\":\"PropertyValueSpecification\",\"valueRequired\":true,\"valueName\":\"search_term_string\"}}],\"inLanguage\":\"sl-SI\"},{\"@type\":\"Organization\",\"@id\":\"https:\\\/\\\/leboxi.eu\\\/sl\\\/#organization\",\"name\":\"LE BOXI\",\"url\":\"https:\\\/\\\/leboxi.eu\\\/sl\\\/\",\"logo\":{\"@type\":\"ImageObject\",\"inLanguage\":\"sl-SI\",\"@id\":\"https:\\\/\\\/leboxi.eu\\\/sl\\\/#\\\/schema\\\/logo\\\/image\\\/\",\"url\":\"https:\\\/\\\/leboxi.eu\\\/wp-content\\\/uploads\\\/2021\\\/02\\\/LeBoxi-manjsi-png.png\",\"contentUrl\":\"https:\\\/\\\/leboxi.eu\\\/wp-content\\\/uploads\\\/2021\\\/02\\\/LeBoxi-manjsi-png.png\",\"width\":389,\"height\":164,\"caption\":\"LE BOXI\"},\"image\":{\"@id\":\"https:\\\/\\\/leboxi.eu\\\/sl\\\/#\\\/schema\\\/logo\\\/image\\\/\"},\"sameAs\":[\"https:\\\/\\\/www.facebook.com\\\/leboxi.eu\",\"https:\\\/\\\/www.instagram.com\\\/le.boxi\\\/\"]}]}<\/script>\n<!-- \/ Yoast SEO plugin. -->","yoast_head_json":{"title":"Bo\u017ei\u010dno darilo za \u017eeno | Darilna \u0161katla - Super trio | Le Boxi","description":"Set vsebuje naravno izdelano milo iz pode\u017eelja ju\u017ene Francije, 100% biolo\u0161ko razgradljivo gobico iz sisala in strgalo s krta\u010dko iz naravnih materialov. \u010cudovito bo\u017ei\u010dno darilo za \u017eeno.","robots":{"index":"index","follow":"follow","max-snippet":"max-snippet:-1","max-image-preview":"max-image-preview:large","max-video-preview":"max-video-preview:-1"},"canonical":"https:\/\/leboxi.eu\/sl\/izdelek\/bozicno-darilo-za-zeno\/","og_locale":"sl_SI","og_type":"article","og_title":"Bo\u017ei\u010dno darilo za \u017eeno | Darilna \u0161katla - Super trio | Le Boxi","og_description":"Set vsebuje naravno izdelano milo iz pode\u017eelja ju\u017ene Francije, 100% biolo\u0161ko razgradljivo gobico iz sisala in strgalo s krta\u010dko iz naravnih materialov. \u010cudovito bo\u017ei\u010dno darilo za \u017eeno.","og_url":"https:\/\/leboxi.eu\/sl\/izdelek\/bozicno-darilo-za-zeno\/","og_site_name":"Le Boxi | Unikatna darila za vsakogar","article_publisher":"https:\/\/www.facebook.com\/leboxi.eu","article_modified_time":"2024-12-20T17:07:30+00:00","og_image":[{"width":1000,"height":1000,"url":"https:\/\/leboxi.eu\/wp-content\/uploads\/2021\/04\/Izdelek-115-of-339.jpg","type":"image\/jpeg"}],"twitter_card":"summary_large_image","twitter_misc":{"Est. reading time":"4 minuta"},"schema":{"@context":"https:\/\/schema.org","@graph":[{"@type":"WebPage","@id":"https:\/\/leboxi.eu\/sl\/izdelek\/bozicno-darilo-za-zeno\/","url":"https:\/\/leboxi.eu\/sl\/izdelek\/bozicno-darilo-za-zeno\/","name":"Bo\u017ei\u010dno darilo za \u017eeno | Darilna \u0161katla - Super trio | Le Boxi","isPartOf":{"@id":"https:\/\/leboxi.eu\/sl\/#website"},"primaryImageOfPage":{"@id":"https:\/\/leboxi.eu\/sl\/izdelek\/bozicno-darilo-za-zeno\/#primaryimage"},"image":{"@id":"https:\/\/leboxi.eu\/sl\/izdelek\/bozicno-darilo-za-zeno\/#primaryimage"},"thumbnailUrl":"https:\/\/leboxi.eu\/wp-content\/uploads\/2021\/04\/Izdelek-115-of-339.jpg","datePublished":"2021-04-07T19:28:23+00:00","dateModified":"2024-12-20T17:07:30+00:00","description":"Set vsebuje naravno izdelano milo iz pode\u017eelja ju\u017ene Francije, 100% biolo\u0161ko razgradljivo gobico iz sisala in strgalo s krta\u010dko iz naravnih materialov. \u010cudovito bo\u017ei\u010dno darilo za \u017eeno.","breadcrumb":{"@id":"https:\/\/leboxi.eu\/sl\/izdelek\/bozicno-darilo-za-zeno\/#breadcrumb"},"inLanguage":"sl-SI","potentialAction":[{"@type":"ReadAction","target":["https:\/\/leboxi.eu\/sl\/izdelek\/bozicno-darilo-za-zeno\/"]}]},{"@type":"ImageObject","inLanguage":"sl-SI","@id":"https:\/\/leboxi.eu\/sl\/izdelek\/bozicno-darilo-za-zeno\/#primaryimage","url":"https:\/\/leboxi.eu\/wp-content\/uploads\/2021\/04\/Izdelek-115-of-339.jpg","contentUrl":"https:\/\/leboxi.eu\/wp-content\/uploads\/2021\/04\/Izdelek-115-of-339.jpg","width":1000,"height":1000,"caption":"Darilna \u0161katla s krta\u010dko in strgalom za pete, gobico za umivanje iz sisala ter naravnim ro\u010dno izdelanim milom-bo\u017ei\u010dno darilo za \u017eeno"},{"@type":"BreadcrumbList","@id":"https:\/\/leboxi.eu\/sl\/izdelek\/bozicno-darilo-za-zeno\/#breadcrumb","itemListElement":[{"@type":"ListItem","position":1,"name":"Doma","item":"https:\/\/leboxi.eu\/sl\/"},{"@type":"ListItem","position":2,"name":"Trgovina","item":"https:\/\/leboxi.eu\/sl\/trgovina\/"},{"@type":"ListItem","position":3,"name":"Darilna \u0161katla \u2013 Super trio"}]},{"@type":"WebSite","@id":"https:\/\/leboxi.eu\/sl\/#website","url":"https:\/\/leboxi.eu\/sl\/","name":"Le Boxi | Unikatna darila za vsakogar","description":"Unikatna darila in darilne \u0161katle za vse prilo\u017enosti.","publisher":{"@id":"https:\/\/leboxi.eu\/sl\/#organization"},"potentialAction":[{"@type":"SearchAction","target":{"@type":"EntryPoint","urlTemplate":"https:\/\/leboxi.eu\/sl\/?s={search_term_string}"},"query-input":{"@type":"PropertyValueSpecification","valueRequired":true,"valueName":"search_term_string"}}],"inLanguage":"sl-SI"},{"@type":"Organization","@id":"https:\/\/leboxi.eu\/sl\/#organization","name":"LE BOXI","url":"https:\/\/leboxi.eu\/sl\/","logo":{"@type":"ImageObject","inLanguage":"sl-SI","@id":"https:\/\/leboxi.eu\/sl\/#\/schema\/logo\/image\/","url":"https:\/\/leboxi.eu\/wp-content\/uploads\/2021\/02\/LeBoxi-manjsi-png.png","contentUrl":"https:\/\/leboxi.eu\/wp-content\/uploads\/2021\/02\/LeBoxi-manjsi-png.png","width":389,"height":164,"caption":"LE BOXI"},"image":{"@id":"https:\/\/leboxi.eu\/sl\/#\/schema\/logo\/image\/"},"sameAs":["https:\/\/www.facebook.com\/leboxi.eu","https:\/\/www.instagram.com\/le.boxi\/"]}]}},"tiered_pricing_type":"fixed","tiered_pricing_fixed_rules":[],"tiered_pricing_product_settings":{"layout":"default","base_unit_name":{"singular":null,"plural":null},"default_variation":null},"tiered_pricing_minimum_quantity":null,"tiered_pricing_roles_data":[],"tiered_pricing_percentage_rules":[],"_links":{"self":[{"href":"https:\/\/leboxi.eu\/sl\/wp-json\/wp\/v2\/product\/2440","targetHints":{"allow":["GET"]}}],"collection":[{"href":"https:\/\/leboxi.eu\/sl\/wp-json\/wp\/v2\/product"}],"about":[{"href":"https:\/\/leboxi.eu\/sl\/wp-json\/wp\/v2\/types\/product"}],"replies":[{"embeddable":true,"href":"https:\/\/leboxi.eu\/sl\/wp-json\/wp\/v2\/comments?post=2440"}],"version-history":[{"count":0,"href":"https:\/\/leboxi.eu\/sl\/wp-json\/wp\/v2\/product\/2440\/revisions"}],"wp:featuredmedia":[{"embeddable":true,"href":"https:\/\/leboxi.eu\/sl\/wp-json\/wp\/v2\/media\/2438"}],"wp:attachment":[{"href":"https:\/\/leboxi.eu\/sl\/wp-json\/wp\/v2\/media?parent=2440"}],"wp:term":[{"taxonomy":"product_brand","embeddable":true,"href":"https:\/\/leboxi.eu\/sl\/wp-json\/wp\/v2\/product_brand?post=2440"},{"taxonomy":"product_cat","embeddable":true,"href":"https:\/\/leboxi.eu\/sl\/wp-json\/wp\/v2\/product_cat?post=2440"},{"taxonomy":"product_tag","embeddable":true,"href":"https:\/\/leboxi.eu\/sl\/wp-json\/wp\/v2\/product_tag?post=2440"}],"curies":[{"name":"wp","href":"https:\/\/api.w.org\/{rel}","templated":true}]}}