{"id":24399,"date":"2025-03-23T10:44:37","date_gmt":"2025-03-23T09:44:37","guid":{"rendered":"https:\/\/leboxi.eu\/?post_type=product&#038;p=24399"},"modified":"2025-12-17T09:08:52","modified_gmt":"2025-12-17T08:08:52","slug":"vodoodporno-pokrivalo-za-sedez-nomad-dry","status":"publish","type":"product","link":"https:\/\/leboxi.eu\/sl\/izdelek\/vodoodporno-pokrivalo-za-sedez-nomad-dry\/","title":{"rendered":"Vodoodporno pokrivalo za sede\u017e &#8211; Nomad Dry"},"content":{"rendered":"<p><strong>Ohranite sede\u017e kot nov!<\/strong><\/p>\n<div>\n<p>Ne dovolite, da znoj, prah, mivka ali blato uni\u010dijo va\u0161 avto. Ohranite svoj sede\u017e sve\u017e in \u010dist, ne glede na va\u0161e aktivnosti!<\/p>\n<p><a href=\"https:\/\/leboxi.eu\/wp-content\/uploads\/2025\/03\/Pokrivalo-za-sedez13.jpg\"><img fetchpriority=\"high\" decoding=\"async\" class=\"alignnone wp-image-24330 \" src=\"https:\/\/leboxi.eu\/wp-content\/uploads\/2025\/03\/Pokrivalo-za-sedez13.jpg\" alt=\"\" width=\"751\" height=\"751\" srcset=\"https:\/\/leboxi.eu\/wp-content\/uploads\/2025\/03\/Pokrivalo-za-sedez13.jpg 1000w, https:\/\/leboxi.eu\/wp-content\/uploads\/2025\/03\/Pokrivalo-za-sedez13-300x300.jpg 300w, https:\/\/leboxi.eu\/wp-content\/uploads\/2025\/03\/Pokrivalo-za-sedez13-150x150.jpg 150w, https:\/\/leboxi.eu\/wp-content\/uploads\/2025\/03\/Pokrivalo-za-sedez13-768x768.jpg 768w, https:\/\/leboxi.eu\/wp-content\/uploads\/2025\/03\/Pokrivalo-za-sedez13-600x600.jpg 600w, https:\/\/leboxi.eu\/wp-content\/uploads\/2025\/03\/Pokrivalo-za-sedez13-100x100.jpg 100w\" sizes=\"(max-width: 751px) 100vw, 751px\" \/><\/a><\/p>\n<p><strong>Trojna za\u0161\u010dita za brezskrbno vo\u017enjo<\/strong><\/p>\n<p>Higienska vo\u017enja brez kompromisov! Neprepustna za vlago, odporna na made\u017ee in izjemno udobna. Protizdrsna podloga poskrbi za popolno stabilnost.<\/p>\n<\/div>\n<p><a href=\"https:\/\/leboxi.eu\/wp-content\/uploads\/2025\/03\/Pokrivalo-za-sedez16.jpg\"><img decoding=\"async\" class=\"alignnone wp-image-24333 \" src=\"https:\/\/leboxi.eu\/wp-content\/uploads\/2025\/03\/Pokrivalo-za-sedez16.jpg\" alt=\"\" width=\"744\" height=\"744\" srcset=\"https:\/\/leboxi.eu\/wp-content\/uploads\/2025\/03\/Pokrivalo-za-sedez16.jpg 1000w, https:\/\/leboxi.eu\/wp-content\/uploads\/2025\/03\/Pokrivalo-za-sedez16-300x300.jpg 300w, https:\/\/leboxi.eu\/wp-content\/uploads\/2025\/03\/Pokrivalo-za-sedez16-150x150.jpg 150w, https:\/\/leboxi.eu\/wp-content\/uploads\/2025\/03\/Pokrivalo-za-sedez16-768x768.jpg 768w, https:\/\/leboxi.eu\/wp-content\/uploads\/2025\/03\/elementor\/thumbs\/Pokrivalo-za-sedez16-r38joxa5hn941pkoezdr1jnzug0xj813rxflmbmvsg.jpg 600w, https:\/\/leboxi.eu\/wp-content\/uploads\/2025\/03\/Pokrivalo-za-sedez16-100x100.jpg 100w\" sizes=\"(max-width: 744px) 100vw, 744px\" \/><\/a><\/p>\n<p>&nbsp;<\/p>\n<p><strong>Brez dlak in nesnage v avtu!<\/strong><\/p>\n<p>Brezskrbno preva\u017eajte svojega kosmatinca \u2013 dlake, mokre ta\u010dke in umazanija ne bodo ve\u010d problem!<\/p>\n<p><a href=\"https:\/\/leboxi.eu\/wp-content\/uploads\/2025\/03\/Pokrivalo-za-sedez10.jpg\"><img decoding=\"async\" class=\"alignnone wp-image-24327 \" src=\"https:\/\/leboxi.eu\/wp-content\/uploads\/2025\/03\/Pokrivalo-za-sedez10.jpg\" alt=\"\" width=\"737\" height=\"737\" srcset=\"https:\/\/leboxi.eu\/wp-content\/uploads\/2025\/03\/Pokrivalo-za-sedez10.jpg 1000w, https:\/\/leboxi.eu\/wp-content\/uploads\/2025\/03\/Pokrivalo-za-sedez10-300x300.jpg 300w, https:\/\/leboxi.eu\/wp-content\/uploads\/2025\/03\/Pokrivalo-za-sedez10-150x150.jpg 150w, https:\/\/leboxi.eu\/wp-content\/uploads\/2025\/03\/Pokrivalo-za-sedez10-768x768.jpg 768w, https:\/\/leboxi.eu\/wp-content\/uploads\/2025\/03\/Pokrivalo-za-sedez10-600x600.jpg 600w, https:\/\/leboxi.eu\/wp-content\/uploads\/2025\/03\/Pokrivalo-za-sedez10-100x100.jpg 100w\" sizes=\"(max-width: 737px) 100vw, 737px\" \/><\/a><\/p>\n<p>&nbsp;<\/p>\n<p><strong>Hitra uporaba \u2013 brez napora!<\/strong><\/p>\n<p>Brez zapletenih trakov in nastavitev! Pregrinjalo preprosto polo\u017eite na sede\u017e in ga v sekundi pritrdite.<\/p>\n<p><a href=\"https:\/\/leboxi.eu\/wp-content\/uploads\/2025\/03\/Pokrivalo-za-sedez7.jpg\"><img loading=\"lazy\" decoding=\"async\" class=\"alignnone wp-image-24324 \" src=\"https:\/\/leboxi.eu\/wp-content\/uploads\/2025\/03\/Pokrivalo-za-sedez7.jpg\" alt=\"\" width=\"745\" height=\"745\" srcset=\"https:\/\/leboxi.eu\/wp-content\/uploads\/2025\/03\/Pokrivalo-za-sedez7.jpg 1000w, https:\/\/leboxi.eu\/wp-content\/uploads\/2025\/03\/Pokrivalo-za-sedez7-300x300.jpg 300w, https:\/\/leboxi.eu\/wp-content\/uploads\/2025\/03\/Pokrivalo-za-sedez7-150x150.jpg 150w, https:\/\/leboxi.eu\/wp-content\/uploads\/2025\/03\/Pokrivalo-za-sedez7-768x768.jpg 768w, https:\/\/leboxi.eu\/wp-content\/uploads\/2025\/03\/Pokrivalo-za-sedez7-600x600.jpg 600w, https:\/\/leboxi.eu\/wp-content\/uploads\/2025\/03\/Pokrivalo-za-sedez7-100x100.jpg 100w\" sizes=\"(max-width: 745px) 100vw, 745px\" \/><\/a><\/p>\n<p><strong>Kompaktno in vedno pri roki<\/strong><\/p>\n<p>Zlo\u017eite, zvijte in pospravite! Tako kompaktno, da ga imate lahko vedno s sabo v prtlja\u017eniku.<\/p>\n<p><a href=\"https:\/\/leboxi.eu\/wp-content\/uploads\/2025\/03\/Pokrivalo-za-sedez4.jpg\"><img loading=\"lazy\" decoding=\"async\" class=\"alignnone wp-image-24321 \" src=\"https:\/\/leboxi.eu\/wp-content\/uploads\/2025\/03\/Pokrivalo-za-sedez4.jpg\" alt=\"\" width=\"741\" height=\"741\" srcset=\"https:\/\/leboxi.eu\/wp-content\/uploads\/2025\/03\/Pokrivalo-za-sedez4.jpg 1000w, https:\/\/leboxi.eu\/wp-content\/uploads\/2025\/03\/Pokrivalo-za-sedez4-300x300.jpg 300w, https:\/\/leboxi.eu\/wp-content\/uploads\/2025\/03\/Pokrivalo-za-sedez4-150x150.jpg 150w, https:\/\/leboxi.eu\/wp-content\/uploads\/2025\/03\/Pokrivalo-za-sedez4-768x768.jpg 768w, https:\/\/leboxi.eu\/wp-content\/uploads\/2025\/03\/Pokrivalo-za-sedez4-600x600.jpg 600w, https:\/\/leboxi.eu\/wp-content\/uploads\/2025\/03\/Pokrivalo-za-sedez4-100x100.jpg 100w\" sizes=\"(max-width: 741px) 100vw, 741px\" \/><\/a><\/p>\n<p><strong>Standardne dimenzije Nomad Dry!<\/strong><\/p>\n<p>Dimenzije 140 cm x 75 cm se prilegajo vsakemu vozilu. Mo\u017ena uporaba tako na sprednjih kot na zadnjih sede\u017eih.<\/p>\n<p><a href=\"https:\/\/leboxi.eu\/wp-content\/uploads\/2025\/03\/PRIROCNO-SHRANJEVANJE.jpg\"><img loading=\"lazy\" decoding=\"async\" class=\"alignnone wp-image-24377 \" src=\"https:\/\/leboxi.eu\/wp-content\/uploads\/2025\/03\/PRIROCNO-SHRANJEVANJE.jpg\" alt=\"\" width=\"752\" height=\"465\" srcset=\"https:\/\/leboxi.eu\/wp-content\/uploads\/2025\/03\/PRIROCNO-SHRANJEVANJE.jpg 970w, https:\/\/leboxi.eu\/wp-content\/uploads\/2025\/03\/PRIROCNO-SHRANJEVANJE-300x186.jpg 300w, https:\/\/leboxi.eu\/wp-content\/uploads\/2025\/03\/PRIROCNO-SHRANJEVANJE-768x475.jpg 768w, https:\/\/leboxi.eu\/wp-content\/uploads\/2025\/03\/PRIROCNO-SHRANJEVANJE-600x371.jpg 600w\" sizes=\"(max-width: 752px) 100vw, 752px\" \/><\/a><\/p>\n<p><a href=\"https:\/\/leboxi.eu\/wp-content\/uploads\/2025\/03\/Pokrivalo-za-sedez19.jpg\"><img loading=\"lazy\" decoding=\"async\" class=\"alignnone wp-image-24336 \" src=\"https:\/\/leboxi.eu\/wp-content\/uploads\/2025\/03\/Pokrivalo-za-sedez19.jpg\" alt=\"\" width=\"761\" height=\"761\" srcset=\"https:\/\/leboxi.eu\/wp-content\/uploads\/2025\/03\/Pokrivalo-za-sedez19.jpg 1000w, https:\/\/leboxi.eu\/wp-content\/uploads\/2025\/03\/Pokrivalo-za-sedez19-300x300.jpg 300w, https:\/\/leboxi.eu\/wp-content\/uploads\/2025\/03\/Pokrivalo-za-sedez19-150x150.jpg 150w, https:\/\/leboxi.eu\/wp-content\/uploads\/2025\/03\/Pokrivalo-za-sedez19-768x768.jpg 768w, https:\/\/leboxi.eu\/wp-content\/uploads\/2025\/03\/Pokrivalo-za-sedez19-600x600.jpg 600w, https:\/\/leboxi.eu\/wp-content\/uploads\/2025\/03\/Pokrivalo-za-sedez19-100x100.jpg 100w\" sizes=\"(max-width: 761px) 100vw, 761px\" \/><\/a><\/p>\n","protected":false},"excerpt":{"rendered":"<p>\u2605 <strong>ULTIMATIVNO vodoodporno pregrinjalo NOMAD DRY<\/strong>, ki \u0161\u010diti va\u0161 sede\u017e pred umazanijo in neprijetnimi vonjavami.<img decoding=\"async\" class=\"emoji\" style=\"font-style: inherit; font-weight: inherit; background-color: #ffffff;\" role=\"img\" draggable=\"false\" src=\"https:\/\/s.w.org\/images\/core\/emoji\/15.0.3\/svg\/2714.svg\" alt=\"\u2714\" \/> <strong style=\"font-size: 16px;\" data-start=\"365\" data-end=\"382\">100 % za\u0161\u010dita<\/strong><span style=\"font-size: 16px;\"> \u2013 blokira vlago, znoj, mivko in umazanijo<\/span><\/p>\n<p><img decoding=\"async\" class=\"emoji\" style=\"font-style: inherit; font-weight: inherit; background-color: #ffffff;\" role=\"img\" draggable=\"false\" src=\"https:\/\/s.w.org\/images\/core\/emoji\/15.0.3\/svg\/2714.svg\" alt=\"\u2714\" \/> <strong style=\"font-size: 16px;\" data-start=\"365\" data-end=\"382\">100 % za\u0161\u010dita<\/strong><span style=\"font-size: 16px;\"> \u2013 blokira vlago, znoj, mivko in umazanijo<\/span><\/p>\n<p><img decoding=\"async\" class=\"emoji\" style=\"font-style: inherit; font-weight: inherit; background-color: #ffffff;\" role=\"img\" draggable=\"false\" src=\"https:\/\/s.w.org\/images\/core\/emoji\/15.0.3\/svg\/2714.svg\" alt=\"\u2714\" \/> <strong style=\"font-size: 16px;\" data-start=\"429\" data-end=\"453\">Univerzalna velikost<\/strong> <strong style=\"font-size: 16px;\">(75cm x 142cm)<\/strong><span style=\"font-size: 16px;\">\u00a0\u2013 popolno prileganje za vse tipe vozil\u00a0 <\/span><\/p>\n<p><img decoding=\"async\" class=\"emoji\" style=\"font-style: inherit; font-weight: inherit; background-color: #ffffff;\" role=\"img\" draggable=\"false\" src=\"https:\/\/s.w.org\/images\/core\/emoji\/15.0.3\/svg\/2714.svg\" alt=\"\u2714\" \/> <strong style=\"font-size: 16px;\" data-start=\"511\" data-end=\"532\">Troslojna za\u0161\u010dita<\/strong><span style=\"font-size: 16px;\"> \u2013 protizdrsna podloga in vodoodporna povr\u0161ina<\/span><\/p>\n<p><span style=\"font-size: 16px;\"><img decoding=\"async\" class=\"emoji\" style=\"font-style: inherit; font-weight: inherit; background-color: #ffffff;\" role=\"img\" draggable=\"false\" src=\"https:\/\/s.w.org\/images\/core\/emoji\/15.0.3\/svg\/2714.svg\" alt=\"\u2714\" \/>\u00a0<\/span><strong style=\"font-size: 16px;\" data-start=\"598\" data-end=\"633\">Hitra namestitev in odstranitev<\/strong><span style=\"font-size: 16px;\"> \u2013 preprosto pritrdite in \u017ee ste pripravljeni!<\/span><\/p>\n<p><strong data-start=\"684\" data-end=\"711\"><img decoding=\"async\" class=\"emoji\" style=\"font-style: inherit; font-weight: inherit; background-color: #ffffff;\" role=\"img\" draggable=\"false\" src=\"https:\/\/s.w.org\/images\/core\/emoji\/15.0.3\/svg\/2714.svg\" alt=\"\u2714\" \/>Pralno v pralnem stroju<\/strong> \u2013 brez skrbi glede \u010di\u0161\u010denja!<\/p>\n","protected":false},"featured_media":24387,"comment_status":"open","ping_status":"closed","template":"","meta":{"site-sidebar-layout":"default","site-content-layout":"default","ast-site-content-layout":"default","site-content-style":"default","site-sidebar-style":"default","ast-global-header-display":"","ast-banner-title-visibility":"","ast-main-header-display":"","ast-hfb-above-header-display":"","ast-hfb-below-header-display":"","ast-hfb-mobile-header-display":"","site-post-title":"","ast-breadcrumbs-content":"","ast-featured-img":"","footer-sml-layout":"","ast-disable-related-posts":"","theme-transparent-header-meta":"default","adv-header-id-meta":"","stick-header-meta":"","header-above-stick-meta":"","header-main-stick-meta":"","header-below-stick-meta":"","astra-migrate-meta-layouts":"set","ast-page-background-enabled":"default","ast-page-background-meta":{"desktop":{"background-color":"","background-image":"","background-repeat":"repeat","background-position":"center center","background-size":"auto","background-attachment":"scroll","background-type":"","background-media":"","overlay-type":"","overlay-color":"","overlay-opacity":"","overlay-gradient":""},"tablet":{"background-color":"","background-image":"","background-repeat":"repeat","background-position":"center center","background-size":"auto","background-attachment":"scroll","background-type":"","background-media":"","overlay-type":"","overlay-color":"","overlay-opacity":"","overlay-gradient":""},"mobile":{"background-color":"","background-image":"","background-repeat":"repeat","background-position":"center center","background-size":"auto","background-attachment":"scroll","background-type":"","background-media":"","overlay-type":"","overlay-color":"","overlay-opacity":"","overlay-gradient":""}},"ast-content-background-meta":{"desktop":{"background-color":"var(--ast-global-color-5)","background-image":"","background-repeat":"repeat","background-position":"center center","background-size":"auto","background-attachment":"scroll","background-type":"","background-media":"","overlay-type":"","overlay-color":"","overlay-opacity":"","overlay-gradient":""},"tablet":{"background-color":"var(--ast-global-color-5)","background-image":"","background-repeat":"repeat","background-position":"center center","background-size":"auto","background-attachment":"scroll","background-type":"","background-media":"","overlay-type":"","overlay-color":"","overlay-opacity":"","overlay-gradient":""},"mobile":{"background-color":"var(--ast-global-color-5)","background-image":"","background-repeat":"repeat","background-position":"center center","background-size":"auto","background-attachment":"scroll","background-type":"","background-media":"","overlay-type":"","overlay-color":"","overlay-opacity":"","overlay-gradient":""}}},"product_brand":[],"product_cat":[160,184,186,156,118,126,116,148,130,164,176,178,162,180,182,122,24,146,27],"product_tag":[],"class_list":{"0":"post-24399","1":"product","2":"type-product","3":"status-publish","4":"has-post-thumbnail","6":"product_cat-darila-za-bozic","7":"product_cat-darila-za-bozic-za-moske","8":"product_cat-darila-za-bozic-za-zenske","9":"product_cat-darila-za-dan-zena","10":"product_cat-darila-za-fanta","11":"product_cat-darila-za-mamo","12":"product_cat-darila-za-moske","13":"product_cat-darila-za-prijateljico","14":"product_cat-darila-za-punco","15":"product_cat-darila-za-rojstni-dan","16":"product_cat-za-moske","17":"product_cat-za-zenske","18":"product_cat-darila-za-valentinovo","19":"product_cat-darila-za-valentinovo-za-moske","20":"product_cat-darila-za-valentinovo-za-zenske","21":"product_cat-darila-za-zenske","22":"product_cat-moski","23":"product_cat-priloznosti","24":"product_cat-zenske","25":"desktop-align-left","26":"tablet-align-left","27":"mobile-align-left","29":"first","30":"instock","31":"taxable","32":"shipping-taxable","33":"purchasable","34":"product-type-simple"},"yoast_head":"<!-- This site is optimized with the Yoast SEO plugin v27.4 - https:\/\/yoast.com\/product\/yoast-seo-wordpress\/ -->\n<title>Pokrivalo za sede\u017e | Le Boxi<\/title>\n<meta name=\"description\" content=\"Vodoodporno pregrinjalo NOMAD DRY, ki \u0161\u010diti va\u0161 sede\u017e pred umazanijo in neprijetnimi vonjavami.\" \/>\n<meta name=\"robots\" content=\"index, follow, max-snippet:-1, max-image-preview:large, max-video-preview:-1\" \/>\n<link rel=\"canonical\" href=\"https:\/\/leboxi.eu\/sl\/izdelek\/vodoodporno-pokrivalo-za-sedez-nomad-dry\/\" \/>\n<meta property=\"og:locale\" content=\"sl_SI\" \/>\n<meta property=\"og:type\" content=\"article\" \/>\n<meta property=\"og:title\" content=\"Pokrivalo za sede\u017e | Le Boxi\" \/>\n<meta property=\"og:description\" content=\"Vodoodporno pregrinjalo NOMAD DRY, ki \u0161\u010diti va\u0161 sede\u017e pred umazanijo in neprijetnimi vonjavami.\" \/>\n<meta property=\"og:url\" content=\"https:\/\/leboxi.eu\/sl\/izdelek\/vodoodporno-pokrivalo-za-sedez-nomad-dry\/\" \/>\n<meta property=\"og:site_name\" content=\"Le Boxi | Unikatna darila za vsakogar\" \/>\n<meta property=\"article:publisher\" content=\"https:\/\/www.facebook.com\/leboxi.eu\" \/>\n<meta property=\"article:modified_time\" content=\"2025-12-17T08:08:52+00:00\" \/>\n<meta property=\"og:image\" content=\"https:\/\/leboxi.eu\/wp-content\/uploads\/2025\/03\/22-2.jpg\" \/>\n\t<meta property=\"og:image:width\" content=\"1000\" \/>\n\t<meta property=\"og:image:height\" content=\"1000\" \/>\n\t<meta property=\"og:image:type\" content=\"image\/jpeg\" \/>\n<meta name=\"twitter:card\" content=\"summary_large_image\" \/>\n<meta name=\"twitter:label1\" content=\"Est. reading time\" \/>\n\t<meta name=\"twitter:data1\" content=\"2 minuta\" \/>\n<script type=\"application\/ld+json\" class=\"yoast-schema-graph\">{\"@context\":\"https:\\\/\\\/schema.org\",\"@graph\":[{\"@type\":\"WebPage\",\"@id\":\"https:\\\/\\\/leboxi.eu\\\/sl\\\/izdelek\\\/vodoodporno-pokrivalo-za-sedez-nomad-dry\\\/\",\"url\":\"https:\\\/\\\/leboxi.eu\\\/sl\\\/izdelek\\\/vodoodporno-pokrivalo-za-sedez-nomad-dry\\\/\",\"name\":\"Pokrivalo za sede\u017e | Le Boxi\",\"isPartOf\":{\"@id\":\"https:\\\/\\\/leboxi.eu\\\/sl\\\/#website\"},\"primaryImageOfPage\":{\"@id\":\"https:\\\/\\\/leboxi.eu\\\/sl\\\/izdelek\\\/vodoodporno-pokrivalo-za-sedez-nomad-dry\\\/#primaryimage\"},\"image\":{\"@id\":\"https:\\\/\\\/leboxi.eu\\\/sl\\\/izdelek\\\/vodoodporno-pokrivalo-za-sedez-nomad-dry\\\/#primaryimage\"},\"thumbnailUrl\":\"https:\\\/\\\/leboxi.eu\\\/wp-content\\\/uploads\\\/2025\\\/03\\\/22-2.jpg\",\"datePublished\":\"2025-03-23T09:44:37+00:00\",\"dateModified\":\"2025-12-17T08:08:52+00:00\",\"description\":\"Vodoodporno pregrinjalo NOMAD DRY, ki \u0161\u010diti va\u0161 sede\u017e pred umazanijo in neprijetnimi vonjavami.\",\"breadcrumb\":{\"@id\":\"https:\\\/\\\/leboxi.eu\\\/sl\\\/izdelek\\\/vodoodporno-pokrivalo-za-sedez-nomad-dry\\\/#breadcrumb\"},\"inLanguage\":\"sl-SI\",\"potentialAction\":[{\"@type\":\"ReadAction\",\"target\":[\"https:\\\/\\\/leboxi.eu\\\/sl\\\/izdelek\\\/vodoodporno-pokrivalo-za-sedez-nomad-dry\\\/\"]}]},{\"@type\":\"ImageObject\",\"inLanguage\":\"sl-SI\",\"@id\":\"https:\\\/\\\/leboxi.eu\\\/sl\\\/izdelek\\\/vodoodporno-pokrivalo-za-sedez-nomad-dry\\\/#primaryimage\",\"url\":\"https:\\\/\\\/leboxi.eu\\\/wp-content\\\/uploads\\\/2025\\\/03\\\/22-2.jpg\",\"contentUrl\":\"https:\\\/\\\/leboxi.eu\\\/wp-content\\\/uploads\\\/2025\\\/03\\\/22-2.jpg\",\"width\":1000,\"height\":1000},{\"@type\":\"BreadcrumbList\",\"@id\":\"https:\\\/\\\/leboxi.eu\\\/sl\\\/izdelek\\\/vodoodporno-pokrivalo-za-sedez-nomad-dry\\\/#breadcrumb\",\"itemListElement\":[{\"@type\":\"ListItem\",\"position\":1,\"name\":\"Doma\",\"item\":\"https:\\\/\\\/leboxi.eu\\\/sl\\\/\"},{\"@type\":\"ListItem\",\"position\":2,\"name\":\"Trgovina\",\"item\":\"https:\\\/\\\/leboxi.eu\\\/sl\\\/trgovina\\\/\"},{\"@type\":\"ListItem\",\"position\":3,\"name\":\"Vodoodporno pokrivalo za sede\u017e &#8211; Nomad Dry\"}]},{\"@type\":\"WebSite\",\"@id\":\"https:\\\/\\\/leboxi.eu\\\/sl\\\/#website\",\"url\":\"https:\\\/\\\/leboxi.eu\\\/sl\\\/\",\"name\":\"Le Boxi | Unikatna darila za vsakogar\",\"description\":\"Unikatna darila in darilne \u0161katle za vse prilo\u017enosti.\",\"publisher\":{\"@id\":\"https:\\\/\\\/leboxi.eu\\\/sl\\\/#organization\"},\"potentialAction\":[{\"@type\":\"SearchAction\",\"target\":{\"@type\":\"EntryPoint\",\"urlTemplate\":\"https:\\\/\\\/leboxi.eu\\\/sl\\\/?s={search_term_string}\"},\"query-input\":{\"@type\":\"PropertyValueSpecification\",\"valueRequired\":true,\"valueName\":\"search_term_string\"}}],\"inLanguage\":\"sl-SI\"},{\"@type\":\"Organization\",\"@id\":\"https:\\\/\\\/leboxi.eu\\\/sl\\\/#organization\",\"name\":\"LE BOXI\",\"url\":\"https:\\\/\\\/leboxi.eu\\\/sl\\\/\",\"logo\":{\"@type\":\"ImageObject\",\"inLanguage\":\"sl-SI\",\"@id\":\"https:\\\/\\\/leboxi.eu\\\/sl\\\/#\\\/schema\\\/logo\\\/image\\\/\",\"url\":\"https:\\\/\\\/leboxi.eu\\\/wp-content\\\/uploads\\\/2021\\\/02\\\/LeBoxi-manjsi-png.png\",\"contentUrl\":\"https:\\\/\\\/leboxi.eu\\\/wp-content\\\/uploads\\\/2021\\\/02\\\/LeBoxi-manjsi-png.png\",\"width\":389,\"height\":164,\"caption\":\"LE BOXI\"},\"image\":{\"@id\":\"https:\\\/\\\/leboxi.eu\\\/sl\\\/#\\\/schema\\\/logo\\\/image\\\/\"},\"sameAs\":[\"https:\\\/\\\/www.facebook.com\\\/leboxi.eu\",\"https:\\\/\\\/www.instagram.com\\\/le.boxi\\\/\"]}]}<\/script>\n<!-- \/ Yoast SEO plugin. -->","yoast_head_json":{"title":"Pokrivalo za sede\u017e | Le Boxi","description":"Vodoodporno pregrinjalo NOMAD DRY, ki \u0161\u010diti va\u0161 sede\u017e pred umazanijo in neprijetnimi vonjavami.","robots":{"index":"index","follow":"follow","max-snippet":"max-snippet:-1","max-image-preview":"max-image-preview:large","max-video-preview":"max-video-preview:-1"},"canonical":"https:\/\/leboxi.eu\/sl\/izdelek\/vodoodporno-pokrivalo-za-sedez-nomad-dry\/","og_locale":"sl_SI","og_type":"article","og_title":"Pokrivalo za sede\u017e | Le Boxi","og_description":"Vodoodporno pregrinjalo NOMAD DRY, ki \u0161\u010diti va\u0161 sede\u017e pred umazanijo in neprijetnimi vonjavami.","og_url":"https:\/\/leboxi.eu\/sl\/izdelek\/vodoodporno-pokrivalo-za-sedez-nomad-dry\/","og_site_name":"Le Boxi | Unikatna darila za vsakogar","article_publisher":"https:\/\/www.facebook.com\/leboxi.eu","article_modified_time":"2025-12-17T08:08:52+00:00","og_image":[{"width":1000,"height":1000,"url":"https:\/\/leboxi.eu\/wp-content\/uploads\/2025\/03\/22-2.jpg","type":"image\/jpeg"}],"twitter_card":"summary_large_image","twitter_misc":{"Est. reading time":"2 minuta"},"schema":{"@context":"https:\/\/schema.org","@graph":[{"@type":"WebPage","@id":"https:\/\/leboxi.eu\/sl\/izdelek\/vodoodporno-pokrivalo-za-sedez-nomad-dry\/","url":"https:\/\/leboxi.eu\/sl\/izdelek\/vodoodporno-pokrivalo-za-sedez-nomad-dry\/","name":"Pokrivalo za sede\u017e | Le Boxi","isPartOf":{"@id":"https:\/\/leboxi.eu\/sl\/#website"},"primaryImageOfPage":{"@id":"https:\/\/leboxi.eu\/sl\/izdelek\/vodoodporno-pokrivalo-za-sedez-nomad-dry\/#primaryimage"},"image":{"@id":"https:\/\/leboxi.eu\/sl\/izdelek\/vodoodporno-pokrivalo-za-sedez-nomad-dry\/#primaryimage"},"thumbnailUrl":"https:\/\/leboxi.eu\/wp-content\/uploads\/2025\/03\/22-2.jpg","datePublished":"2025-03-23T09:44:37+00:00","dateModified":"2025-12-17T08:08:52+00:00","description":"Vodoodporno pregrinjalo NOMAD DRY, ki \u0161\u010diti va\u0161 sede\u017e pred umazanijo in neprijetnimi vonjavami.","breadcrumb":{"@id":"https:\/\/leboxi.eu\/sl\/izdelek\/vodoodporno-pokrivalo-za-sedez-nomad-dry\/#breadcrumb"},"inLanguage":"sl-SI","potentialAction":[{"@type":"ReadAction","target":["https:\/\/leboxi.eu\/sl\/izdelek\/vodoodporno-pokrivalo-za-sedez-nomad-dry\/"]}]},{"@type":"ImageObject","inLanguage":"sl-SI","@id":"https:\/\/leboxi.eu\/sl\/izdelek\/vodoodporno-pokrivalo-za-sedez-nomad-dry\/#primaryimage","url":"https:\/\/leboxi.eu\/wp-content\/uploads\/2025\/03\/22-2.jpg","contentUrl":"https:\/\/leboxi.eu\/wp-content\/uploads\/2025\/03\/22-2.jpg","width":1000,"height":1000},{"@type":"BreadcrumbList","@id":"https:\/\/leboxi.eu\/sl\/izdelek\/vodoodporno-pokrivalo-za-sedez-nomad-dry\/#breadcrumb","itemListElement":[{"@type":"ListItem","position":1,"name":"Doma","item":"https:\/\/leboxi.eu\/sl\/"},{"@type":"ListItem","position":2,"name":"Trgovina","item":"https:\/\/leboxi.eu\/sl\/trgovina\/"},{"@type":"ListItem","position":3,"name":"Vodoodporno pokrivalo za sede\u017e &#8211; Nomad Dry"}]},{"@type":"WebSite","@id":"https:\/\/leboxi.eu\/sl\/#website","url":"https:\/\/leboxi.eu\/sl\/","name":"Le Boxi | Unikatna darila za vsakogar","description":"Unikatna darila in darilne \u0161katle za vse prilo\u017enosti.","publisher":{"@id":"https:\/\/leboxi.eu\/sl\/#organization"},"potentialAction":[{"@type":"SearchAction","target":{"@type":"EntryPoint","urlTemplate":"https:\/\/leboxi.eu\/sl\/?s={search_term_string}"},"query-input":{"@type":"PropertyValueSpecification","valueRequired":true,"valueName":"search_term_string"}}],"inLanguage":"sl-SI"},{"@type":"Organization","@id":"https:\/\/leboxi.eu\/sl\/#organization","name":"LE BOXI","url":"https:\/\/leboxi.eu\/sl\/","logo":{"@type":"ImageObject","inLanguage":"sl-SI","@id":"https:\/\/leboxi.eu\/sl\/#\/schema\/logo\/image\/","url":"https:\/\/leboxi.eu\/wp-content\/uploads\/2021\/02\/LeBoxi-manjsi-png.png","contentUrl":"https:\/\/leboxi.eu\/wp-content\/uploads\/2021\/02\/LeBoxi-manjsi-png.png","width":389,"height":164,"caption":"LE BOXI"},"image":{"@id":"https:\/\/leboxi.eu\/sl\/#\/schema\/logo\/image\/"},"sameAs":["https:\/\/www.facebook.com\/leboxi.eu","https:\/\/www.instagram.com\/le.boxi\/"]}]}},"tiered_pricing_type":"fixed","tiered_pricing_fixed_rules":{"2":35.2,"3":34.7},"tiered_pricing_product_settings":{"layout":"default","base_unit_name":{"singular":null,"plural":null},"default_variation":null},"tiered_pricing_minimum_quantity":null,"tiered_pricing_roles_data":[],"tiered_pricing_percentage_rules":[],"_links":{"self":[{"href":"https:\/\/leboxi.eu\/sl\/wp-json\/wp\/v2\/product\/24399","targetHints":{"allow":["GET"]}}],"collection":[{"href":"https:\/\/leboxi.eu\/sl\/wp-json\/wp\/v2\/product"}],"about":[{"href":"https:\/\/leboxi.eu\/sl\/wp-json\/wp\/v2\/types\/product"}],"replies":[{"embeddable":true,"href":"https:\/\/leboxi.eu\/sl\/wp-json\/wp\/v2\/comments?post=24399"}],"version-history":[{"count":1,"href":"https:\/\/leboxi.eu\/sl\/wp-json\/wp\/v2\/product\/24399\/revisions"}],"predecessor-version":[{"id":28690,"href":"https:\/\/leboxi.eu\/sl\/wp-json\/wp\/v2\/product\/24399\/revisions\/28690"}],"wp:featuredmedia":[{"embeddable":true,"href":"https:\/\/leboxi.eu\/sl\/wp-json\/wp\/v2\/media\/24387"}],"wp:attachment":[{"href":"https:\/\/leboxi.eu\/sl\/wp-json\/wp\/v2\/media?parent=24399"}],"wp:term":[{"taxonomy":"product_brand","embeddable":true,"href":"https:\/\/leboxi.eu\/sl\/wp-json\/wp\/v2\/product_brand?post=24399"},{"taxonomy":"product_cat","embeddable":true,"href":"https:\/\/leboxi.eu\/sl\/wp-json\/wp\/v2\/product_cat?post=24399"},{"taxonomy":"product_tag","embeddable":true,"href":"https:\/\/leboxi.eu\/sl\/wp-json\/wp\/v2\/product_tag?post=24399"}],"curies":[{"name":"wp","href":"https:\/\/api.w.org\/{rel}","templated":true}]}}