{"id":2364,"date":"2021-04-06T20:08:27","date_gmt":"2021-04-06T19:08:27","guid":{"rendered":"https:\/\/leboxi.eu\/?post_type=product&#038;p=2364"},"modified":"2024-10-09T16:01:11","modified_gmt":"2024-10-09T15:01:11","slug":"izvirna-darila-zanjo","status":"publish","type":"product","link":"https:\/\/leboxi.eu\/sl\/izdelek\/izvirna-darila-zanjo\/","title":{"rendered":"Darilna \u0161katla \u2013 Pregre\u0161no dobra"},"content":{"rendered":"<p>Le Boxi-jeva izvirna darila zanjo &#8211; darilna \u0161katla razvajanja in sprostitve:<\/p>\n<p>&nbsp;<\/p>\n<ol>\n<li>\n<h6><strong>Strgalo iz vulkanskega kamna <\/strong><\/h6>\n<\/li>\n<\/ol>\n<p>nikoli ne izgubi svoje oblike. Naraven vulkanski kamen varno pomaga pri lu\u0161\u010denju suhe, odmrle ko\u017ee s telesa, rok in \u0161e posebej stopal. Terapevtska me\u0161anica mineralov in kisika zlahka odstrani suho in odmrlo ko\u017eo s telesa, rok in nog. S kro\u017enimi gibi ne\u017eno podrgnite po ko\u017ei telesa, rok, nog in \u0161e posebej stopal in u\u017eivajte v svoji mehki ko\u017ei.<\/p>\n<p>&nbsp;<\/p>\n<ol start=\"2\">\n<li>\n<h6><strong>Himalajska kopalna sol (35g)\/ \u010cUTNOST: eteri\u010dna olja Ylang Ylang + kokosovo olje <\/strong><\/h6>\n<\/li>\n<\/ol>\n<p>Himalajska sol bogata z minerali, pre\u017eeta s 100% eteri\u010dnimi olji, kokosovim oljem in suhimi cvetnimi listi vrtnic. Ker je himalajska sol tako bogata z minerali (natan\u010dneje 84 minerali), namakanje v slani vodi pomirja in obnavlja po\u0161kodovano ko\u017eo ter spodbuja obnovo celic. Dodana olja pa ko\u017eo \u0161e dodatno nahranijo in navla\u017eijo. Ko si za\u017eelite razvajanja le dodajte 2-3 \u010dajne \u017eli\u010dke kopalne soli v toplo vodo v va\u0161i kadi in u\u017eivajte v aromateri\u010dni kopeli.<\/p>\n<p>&nbsp;<\/p>\n<p>SESTAVINE: Sodium Chloride, Rose Centifolia Flowers, Cananga Odorata Oil, Cocos Nucifera oil, *Linalool, *Benzyl Benzoate, Farnesol. *Naravne sestavine eteri\u010dnih olj<\/p>\n<p>&nbsp;<\/p>\n<ol start=\"3\">\n<li>\n<h6><strong>Naravno, ro\u010dno izdelano milo KAKAVOVO MASLO (120g)<\/strong><\/h6>\n<\/li>\n<\/ol>\n<p>Milo za lase, obraz in telo iz kombinacije izvrstnih, hranljivih masel in olj, je odli\u010dno za ob\u010dutljivo ko\u017eo. Va\u0161o ko\u017eo in lase bo pustilo popolnoma mehko in navla\u017eeno. Milo iz kakavovega masla proizvaja tako bogato, kremasto peno, da se boste le ste\u017eka umaknili izpod tu\u0161a. Izdelano je iz organskega kakavovega masla, ki je odli\u010den za ob\u010dutljivo ko\u017eo. To milo je odli\u010dno tudi za umivanje obraza, hkrati pa je popolno darilo za vse \u00bb\u010dokoholike\u00ab. Ko\u017eo bo pustilo mehko, gladko, navla\u017eeno in popolnoma \u010dudovito.<\/p>\n<p>SESTAVINE: Sodium olivate, sodium cocoate, sodium sheabutterate, sodium sweet almondate, sodium castorate, sodium cocoa butterate, Cocoa Powder (bio)<\/p>\n<p>&nbsp;<\/p>\n<p>Di\u0161ava: brez di\u0161av<\/p>\n<p>&nbsp;<\/p>\n<ol start=\"4\">\n<li>\n<h6><strong>Aromati\u010dna sojina di\u0161e\u010da sve\u010dka<\/strong><\/h6>\n<p>z vonjem vijolic, narejena iz sojinega voska, ki je obnovljiv vir in kar 3% di\u0161e\u010dega olja, ki bo priklicala v spomin pomladne vonjave cveto\u010dih vijolic. Sojina sve\u010dka omogo\u010da ne\u017enej\u0161i plamen, \u010distej\u0161i vonj in dolgotrajnej\u0161e gorenje. Izdelane so iz visokokakovostnega \u010distega voska in olja hidrirane soje.<\/li>\n<\/ol>\n<p>NASVET: Ob prvem uporabi pustite sve\u010do goreti pribli\u017eno 2 uri, da bo va\u0161a sve\u010da ustvarila prvotni izgorevalni spomin. To bo pove\u010dalo vonj in celovitej\u0161e topljenje voska. Stenj imejte vedno v sredini.<\/p>\n<p><strong>\u00a0<\/strong><\/p>\n<ol start=\"5\">\n<li>\n<h6><strong>Kopalna bombica \u2013 MANDELJ<\/strong><\/h6>\n<\/li>\n<\/ol>\n<p>Privo\u0161\u010dite si razko\u0161no spa sprostitev znotraj doma z ro\u010dno izdelano kopalno bombico, ki bo s svojo aromo mandlja sprostila vse va\u0161e napete mi\u0161ice in misli ter pustila va\u0161o ko\u017eo mehko kot svila.<\/p>\n<p>SESTAVINE: sodium bicarbonate, citric acid, sodium chloride, persea gratissima (avocado) oil, parfum, aqua, cinnamyl alcohol, CI 19140, CI 16255, CI 28440<\/p>\n<p>&nbsp;<\/p>\n<ol start=\"6\">\n<li>\n<h6><strong>V\u017eigalice.<\/strong><\/h6>\n<\/li>\n<\/ol>\n<p>&nbsp;<\/p>\n<ol start=\"7\">\n<li>\n<h6><strong>Vre\u010dka iz jute.<\/strong><\/h6>\n<\/li>\n<\/ol>\n<h6>Dodatno:<\/h6>\n<p>Darilu lahko prilo\u017eite tudi\u00a0<strong>personalizirano \u010destitko<\/strong>\u00a0(+2,95 eur).<\/p>\n<p>\u010ce \u017eelite bomo va\u0161e darilo obdarovancu dostavili mi, seveda pa ob dostavi ne bomo prilo\u017eili ra\u010duna. Le-tega boste prejeli vi.<\/p>\n<p>&nbsp;<\/p>\n<p>\u010ce resni\u010dno i\u0161\u010dete izvirna darila zanjo in \u017eelite dodati lastni pe\u010dat, lahko za piko na i lahko dodate tudi <a href=\"https:\/\/leboxi.eu\/blog\/posvetilo-darilni-listki\/\">darilne listi\u010de<\/a> za izdelavo katerih navodila najdete na na\u0161em blogu.<\/p>\n<p>&nbsp;<\/p>\n","protected":false},"excerpt":{"rendered":"<p>\u2665 Darilna \u0161katla razvajanja in sprostitve zanjo! V tem luksuznem darilnem setu dobite le najbolj\u0161e &#8211; naravno ro\u010dno izdelano milo iz pode\u017eelja ju\u017ene Francije, ro\u010dno izdelano kopalno bombico, di\u0161e\u010do sve\u010do z opojnim vonjem, himalajsko kopalno sol v li\u010dni epruveti, naravno strgalo za pete iz vulkanskega kamna in v\u017eigalice v dekorativni vre\u010dki iz jute. Privo\u0161\u010dite si (ali pa nekomu podarite) razko\u0161no spa sprostitev znotraj doma! Darilna \u0161katla spada med izvirna darila zanjo, s katero boste izpolnili vsa pri\u010dakovanja.<\/p>\n<p>Vse skupaj je zapakirano v li\u010dni darilni \u0161katli, oblo\u017eeni s slamo.<\/p>\n<p>V darilno \u0161katlo lahko prilo\u017eite tudi personalizirano darilno kartico (za dopla\u010dilo).<\/p>\n<p>Na\u0161a mila so pakirana v ve\u010djih koli\u010dinah, kot je obi\u010dajno za naravna, ro\u010dno izdelana mila \u2013 120g.<\/p>\n<p>Darilna \u0161katla vsebuje:<\/p>\n<ul>\n<li>1x naravno ro\u010dno izdelano milo (120g)<\/li>\n<li>1x ro\u010dna izdelana kopalna bombica,<\/li>\n<li>1x di\u0161e\u010da sojina sve\u010dka,<\/li>\n<li>1x himalajska kopalna sol v li\u010dni epruveti (35g),<\/li>\n<li>1x naravno strgalo za pete iz vulkanskega kamna,<\/li>\n<li>v\u017eigalice,<\/li>\n<li>1x dekorativno vre\u010dko iz jute.<\/li>\n<\/ul>\n<p>&nbsp;<\/p>\n<p>\u010ce \u017eelite bomo va\u0161e darilo obdarovancu dostavili mi, seveda pa ob dostavi ne bomo prilo\u017eili ra\u010duna. Le-tega boste prejeli vi.<\/p>\n<p>Podroben opis si lahko preberete spodaj.<\/p>\n","protected":false},"featured_media":2362,"comment_status":"open","ping_status":"closed","template":"","meta":{"site-sidebar-layout":"default","site-content-layout":"default","ast-site-content-layout":"default","site-content-style":"default","site-sidebar-style":"default","ast-global-header-display":"","ast-banner-title-visibility":"","ast-main-header-display":"","ast-hfb-above-header-display":"","ast-hfb-below-header-display":"","ast-hfb-mobile-header-display":"","site-post-title":"","ast-breadcrumbs-content":"","ast-featured-img":"","footer-sml-layout":"","ast-disable-related-posts":"","theme-transparent-header-meta":"default","adv-header-id-meta":"","stick-header-meta":"","header-above-stick-meta":"","header-main-stick-meta":"","header-below-stick-meta":"","astra-migrate-meta-layouts":"set","ast-page-background-enabled":"default","ast-page-background-meta":{"desktop":{"background-color":"","background-image":"","background-repeat":"repeat","background-position":"center center","background-size":"auto","background-attachment":"scroll","background-type":"","background-media":"","overlay-type":"","overlay-color":"","overlay-opacity":"","overlay-gradient":""},"tablet":{"background-color":"","background-image":"","background-repeat":"repeat","background-position":"center center","background-size":"auto","background-attachment":"scroll","background-type":"","background-media":"","overlay-type":"","overlay-color":"","overlay-opacity":"","overlay-gradient":""},"mobile":{"background-color":"","background-image":"","background-repeat":"repeat","background-position":"center center","background-size":"auto","background-attachment":"scroll","background-type":"","background-media":"","overlay-type":"","overlay-color":"","overlay-opacity":"","overlay-gradient":""}},"ast-content-background-meta":{"desktop":{"background-color":"var(--ast-global-color-5)","background-image":"","background-repeat":"repeat","background-position":"center center","background-size":"auto","background-attachment":"scroll","background-type":"","background-media":"","overlay-type":"","overlay-color":"","overlay-opacity":"","overlay-gradient":""},"tablet":{"background-color":"var(--ast-global-color-5)","background-image":"","background-repeat":"repeat","background-position":"center center","background-size":"auto","background-attachment":"scroll","background-type":"","background-media":"","overlay-type":"","overlay-color":"","overlay-opacity":"","overlay-gradient":""},"mobile":{"background-color":"var(--ast-global-color-5)","background-image":"","background-repeat":"repeat","background-position":"center center","background-size":"auto","background-attachment":"scroll","background-type":"","background-media":"","overlay-type":"","overlay-color":"","overlay-opacity":"","overlay-gradient":""}}},"product_brand":[],"product_cat":[357],"product_tag":[],"class_list":{"0":"post-2364","1":"product","2":"type-product","3":"status-publish","4":"has-post-thumbnail","6":"product_cat-ni-na-zalogi","7":"desktop-align-left","8":"tablet-align-left","9":"mobile-align-left","11":"first","12":"outofstock","13":"taxable","14":"shipping-taxable","15":"purchasable","16":"product-type-simple"},"yoast_head":"<!-- This site is optimized with the Yoast SEO plugin v27.4 - https:\/\/yoast.com\/product\/yoast-seo-wordpress\/ -->\n<title>Izvirna darila zanjo | Darilna \u0161katla - Pregre\u0161no dobra | Le Boxi<\/title>\n<meta name=\"description\" content=\"\u2665 Darilna \u0161katla razvajanja in sprostitve zanjo! V tem luksuznem darilnem kompletu dobite le najbolj\u0161e za razvajanje telesa in uma. Na Le Boxi dobite ideja za izvirna darila zanjo.\" \/>\n<meta name=\"robots\" content=\"index, follow, max-snippet:-1, max-image-preview:large, max-video-preview:-1\" \/>\n<link rel=\"canonical\" href=\"https:\/\/leboxi.eu\/sl\/izdelek\/izvirna-darila-zanjo\/\" \/>\n<meta property=\"og:locale\" content=\"sl_SI\" \/>\n<meta property=\"og:type\" content=\"article\" \/>\n<meta property=\"og:title\" content=\"Izvirna darila zanjo | Darilna \u0161katla - Pregre\u0161no dobra | Le Boxi\" \/>\n<meta property=\"og:description\" content=\"\u2665 Darilna \u0161katla razvajanja in sprostitve zanjo! V tem luksuznem darilnem kompletu dobite le najbolj\u0161e za razvajanje telesa in uma. Na Le Boxi dobite ideja za izvirna darila zanjo.\" \/>\n<meta property=\"og:url\" content=\"https:\/\/leboxi.eu\/sl\/izdelek\/izvirna-darila-zanjo\/\" \/>\n<meta property=\"og:site_name\" content=\"Le Boxi | Unikatna darila za vsakogar\" \/>\n<meta property=\"article:publisher\" content=\"https:\/\/www.facebook.com\/leboxi.eu\" \/>\n<meta property=\"article:modified_time\" content=\"2024-10-09T15:01:11+00:00\" \/>\n<meta property=\"og:image\" content=\"https:\/\/leboxi.eu\/wp-content\/uploads\/2021\/04\/Izdelek-98-of-339.jpg\" \/>\n\t<meta property=\"og:image:width\" content=\"1000\" \/>\n\t<meta property=\"og:image:height\" content=\"1000\" \/>\n\t<meta property=\"og:image:type\" content=\"image\/jpeg\" \/>\n<meta name=\"twitter:card\" content=\"summary_large_image\" \/>\n<meta name=\"twitter:label1\" content=\"Est. reading time\" \/>\n\t<meta name=\"twitter:data1\" content=\"3 minuta\" \/>\n<script type=\"application\/ld+json\" class=\"yoast-schema-graph\">{\"@context\":\"https:\\\/\\\/schema.org\",\"@graph\":[{\"@type\":\"WebPage\",\"@id\":\"https:\\\/\\\/leboxi.eu\\\/sl\\\/izdelek\\\/izvirna-darila-zanjo\\\/\",\"url\":\"https:\\\/\\\/leboxi.eu\\\/sl\\\/izdelek\\\/izvirna-darila-zanjo\\\/\",\"name\":\"Izvirna darila zanjo | Darilna \u0161katla - Pregre\u0161no dobra | Le Boxi\",\"isPartOf\":{\"@id\":\"https:\\\/\\\/leboxi.eu\\\/sl\\\/#website\"},\"primaryImageOfPage\":{\"@id\":\"https:\\\/\\\/leboxi.eu\\\/sl\\\/izdelek\\\/izvirna-darila-zanjo\\\/#primaryimage\"},\"image\":{\"@id\":\"https:\\\/\\\/leboxi.eu\\\/sl\\\/izdelek\\\/izvirna-darila-zanjo\\\/#primaryimage\"},\"thumbnailUrl\":\"https:\\\/\\\/leboxi.eu\\\/wp-content\\\/uploads\\\/2021\\\/04\\\/Izdelek-98-of-339.jpg\",\"datePublished\":\"2021-04-06T19:08:27+00:00\",\"dateModified\":\"2024-10-09T15:01:11+00:00\",\"description\":\"\u2665 Darilna \u0161katla razvajanja in sprostitve zanjo! V tem luksuznem darilnem kompletu dobite le najbolj\u0161e za razvajanje telesa in uma. Na Le Boxi dobite ideja za izvirna darila zanjo.\",\"breadcrumb\":{\"@id\":\"https:\\\/\\\/leboxi.eu\\\/sl\\\/izdelek\\\/izvirna-darila-zanjo\\\/#breadcrumb\"},\"inLanguage\":\"sl-SI\",\"potentialAction\":[{\"@type\":\"ReadAction\",\"target\":[\"https:\\\/\\\/leboxi.eu\\\/sl\\\/izdelek\\\/izvirna-darila-zanjo\\\/\"]}]},{\"@type\":\"ImageObject\",\"inLanguage\":\"sl-SI\",\"@id\":\"https:\\\/\\\/leboxi.eu\\\/sl\\\/izdelek\\\/izvirna-darila-zanjo\\\/#primaryimage\",\"url\":\"https:\\\/\\\/leboxi.eu\\\/wp-content\\\/uploads\\\/2021\\\/04\\\/Izdelek-98-of-339.jpg\",\"contentUrl\":\"https:\\\/\\\/leboxi.eu\\\/wp-content\\\/uploads\\\/2021\\\/04\\\/Izdelek-98-of-339.jpg\",\"width\":1000,\"height\":1000,\"caption\":\"darilna \u0161katla z naravnim milom, strgalom za pete, kopalno bombico, sve\u010do, kopalno sov v stekleni epruveti ter vre\u010dko iz jute s v\u017eigalicami\"},{\"@type\":\"BreadcrumbList\",\"@id\":\"https:\\\/\\\/leboxi.eu\\\/sl\\\/izdelek\\\/izvirna-darila-zanjo\\\/#breadcrumb\",\"itemListElement\":[{\"@type\":\"ListItem\",\"position\":1,\"name\":\"Doma\",\"item\":\"https:\\\/\\\/leboxi.eu\\\/sl\\\/\"},{\"@type\":\"ListItem\",\"position\":2,\"name\":\"Trgovina\",\"item\":\"https:\\\/\\\/leboxi.eu\\\/sl\\\/trgovina\\\/\"},{\"@type\":\"ListItem\",\"position\":3,\"name\":\"Darilna \u0161katla \u2013 Pregre\u0161no dobra\"}]},{\"@type\":\"WebSite\",\"@id\":\"https:\\\/\\\/leboxi.eu\\\/sl\\\/#website\",\"url\":\"https:\\\/\\\/leboxi.eu\\\/sl\\\/\",\"name\":\"Le Boxi | Unikatna darila za vsakogar\",\"description\":\"Unikatna darila in darilne \u0161katle za vse prilo\u017enosti.\",\"publisher\":{\"@id\":\"https:\\\/\\\/leboxi.eu\\\/sl\\\/#organization\"},\"potentialAction\":[{\"@type\":\"SearchAction\",\"target\":{\"@type\":\"EntryPoint\",\"urlTemplate\":\"https:\\\/\\\/leboxi.eu\\\/sl\\\/?s={search_term_string}\"},\"query-input\":{\"@type\":\"PropertyValueSpecification\",\"valueRequired\":true,\"valueName\":\"search_term_string\"}}],\"inLanguage\":\"sl-SI\"},{\"@type\":\"Organization\",\"@id\":\"https:\\\/\\\/leboxi.eu\\\/sl\\\/#organization\",\"name\":\"LE BOXI\",\"url\":\"https:\\\/\\\/leboxi.eu\\\/sl\\\/\",\"logo\":{\"@type\":\"ImageObject\",\"inLanguage\":\"sl-SI\",\"@id\":\"https:\\\/\\\/leboxi.eu\\\/sl\\\/#\\\/schema\\\/logo\\\/image\\\/\",\"url\":\"https:\\\/\\\/leboxi.eu\\\/wp-content\\\/uploads\\\/2021\\\/02\\\/LeBoxi-manjsi-png.png\",\"contentUrl\":\"https:\\\/\\\/leboxi.eu\\\/wp-content\\\/uploads\\\/2021\\\/02\\\/LeBoxi-manjsi-png.png\",\"width\":389,\"height\":164,\"caption\":\"LE BOXI\"},\"image\":{\"@id\":\"https:\\\/\\\/leboxi.eu\\\/sl\\\/#\\\/schema\\\/logo\\\/image\\\/\"},\"sameAs\":[\"https:\\\/\\\/www.facebook.com\\\/leboxi.eu\",\"https:\\\/\\\/www.instagram.com\\\/le.boxi\\\/\"]}]}<\/script>\n<!-- \/ Yoast SEO plugin. -->","yoast_head_json":{"title":"Izvirna darila zanjo | Darilna \u0161katla - Pregre\u0161no dobra | Le Boxi","description":"\u2665 Darilna \u0161katla razvajanja in sprostitve zanjo! V tem luksuznem darilnem kompletu dobite le najbolj\u0161e za razvajanje telesa in uma. Na Le Boxi dobite ideja za izvirna darila zanjo.","robots":{"index":"index","follow":"follow","max-snippet":"max-snippet:-1","max-image-preview":"max-image-preview:large","max-video-preview":"max-video-preview:-1"},"canonical":"https:\/\/leboxi.eu\/sl\/izdelek\/izvirna-darila-zanjo\/","og_locale":"sl_SI","og_type":"article","og_title":"Izvirna darila zanjo | Darilna \u0161katla - Pregre\u0161no dobra | Le Boxi","og_description":"\u2665 Darilna \u0161katla razvajanja in sprostitve zanjo! V tem luksuznem darilnem kompletu dobite le najbolj\u0161e za razvajanje telesa in uma. Na Le Boxi dobite ideja za izvirna darila zanjo.","og_url":"https:\/\/leboxi.eu\/sl\/izdelek\/izvirna-darila-zanjo\/","og_site_name":"Le Boxi | Unikatna darila za vsakogar","article_publisher":"https:\/\/www.facebook.com\/leboxi.eu","article_modified_time":"2024-10-09T15:01:11+00:00","og_image":[{"width":1000,"height":1000,"url":"https:\/\/leboxi.eu\/wp-content\/uploads\/2021\/04\/Izdelek-98-of-339.jpg","type":"image\/jpeg"}],"twitter_card":"summary_large_image","twitter_misc":{"Est. reading time":"3 minuta"},"schema":{"@context":"https:\/\/schema.org","@graph":[{"@type":"WebPage","@id":"https:\/\/leboxi.eu\/sl\/izdelek\/izvirna-darila-zanjo\/","url":"https:\/\/leboxi.eu\/sl\/izdelek\/izvirna-darila-zanjo\/","name":"Izvirna darila zanjo | Darilna \u0161katla - Pregre\u0161no dobra | Le Boxi","isPartOf":{"@id":"https:\/\/leboxi.eu\/sl\/#website"},"primaryImageOfPage":{"@id":"https:\/\/leboxi.eu\/sl\/izdelek\/izvirna-darila-zanjo\/#primaryimage"},"image":{"@id":"https:\/\/leboxi.eu\/sl\/izdelek\/izvirna-darila-zanjo\/#primaryimage"},"thumbnailUrl":"https:\/\/leboxi.eu\/wp-content\/uploads\/2021\/04\/Izdelek-98-of-339.jpg","datePublished":"2021-04-06T19:08:27+00:00","dateModified":"2024-10-09T15:01:11+00:00","description":"\u2665 Darilna \u0161katla razvajanja in sprostitve zanjo! V tem luksuznem darilnem kompletu dobite le najbolj\u0161e za razvajanje telesa in uma. Na Le Boxi dobite ideja za izvirna darila zanjo.","breadcrumb":{"@id":"https:\/\/leboxi.eu\/sl\/izdelek\/izvirna-darila-zanjo\/#breadcrumb"},"inLanguage":"sl-SI","potentialAction":[{"@type":"ReadAction","target":["https:\/\/leboxi.eu\/sl\/izdelek\/izvirna-darila-zanjo\/"]}]},{"@type":"ImageObject","inLanguage":"sl-SI","@id":"https:\/\/leboxi.eu\/sl\/izdelek\/izvirna-darila-zanjo\/#primaryimage","url":"https:\/\/leboxi.eu\/wp-content\/uploads\/2021\/04\/Izdelek-98-of-339.jpg","contentUrl":"https:\/\/leboxi.eu\/wp-content\/uploads\/2021\/04\/Izdelek-98-of-339.jpg","width":1000,"height":1000,"caption":"darilna \u0161katla z naravnim milom, strgalom za pete, kopalno bombico, sve\u010do, kopalno sov v stekleni epruveti ter vre\u010dko iz jute s v\u017eigalicami"},{"@type":"BreadcrumbList","@id":"https:\/\/leboxi.eu\/sl\/izdelek\/izvirna-darila-zanjo\/#breadcrumb","itemListElement":[{"@type":"ListItem","position":1,"name":"Doma","item":"https:\/\/leboxi.eu\/sl\/"},{"@type":"ListItem","position":2,"name":"Trgovina","item":"https:\/\/leboxi.eu\/sl\/trgovina\/"},{"@type":"ListItem","position":3,"name":"Darilna \u0161katla \u2013 Pregre\u0161no dobra"}]},{"@type":"WebSite","@id":"https:\/\/leboxi.eu\/sl\/#website","url":"https:\/\/leboxi.eu\/sl\/","name":"Le Boxi | Unikatna darila za vsakogar","description":"Unikatna darila in darilne \u0161katle za vse prilo\u017enosti.","publisher":{"@id":"https:\/\/leboxi.eu\/sl\/#organization"},"potentialAction":[{"@type":"SearchAction","target":{"@type":"EntryPoint","urlTemplate":"https:\/\/leboxi.eu\/sl\/?s={search_term_string}"},"query-input":{"@type":"PropertyValueSpecification","valueRequired":true,"valueName":"search_term_string"}}],"inLanguage":"sl-SI"},{"@type":"Organization","@id":"https:\/\/leboxi.eu\/sl\/#organization","name":"LE BOXI","url":"https:\/\/leboxi.eu\/sl\/","logo":{"@type":"ImageObject","inLanguage":"sl-SI","@id":"https:\/\/leboxi.eu\/sl\/#\/schema\/logo\/image\/","url":"https:\/\/leboxi.eu\/wp-content\/uploads\/2021\/02\/LeBoxi-manjsi-png.png","contentUrl":"https:\/\/leboxi.eu\/wp-content\/uploads\/2021\/02\/LeBoxi-manjsi-png.png","width":389,"height":164,"caption":"LE BOXI"},"image":{"@id":"https:\/\/leboxi.eu\/sl\/#\/schema\/logo\/image\/"},"sameAs":["https:\/\/www.facebook.com\/leboxi.eu","https:\/\/www.instagram.com\/le.boxi\/"]}]}},"tiered_pricing_type":"fixed","tiered_pricing_fixed_rules":[],"tiered_pricing_product_settings":{"layout":"default","base_unit_name":{"singular":null,"plural":null},"default_variation":null},"tiered_pricing_minimum_quantity":null,"tiered_pricing_roles_data":[],"tiered_pricing_percentage_rules":[],"_links":{"self":[{"href":"https:\/\/leboxi.eu\/sl\/wp-json\/wp\/v2\/product\/2364","targetHints":{"allow":["GET"]}}],"collection":[{"href":"https:\/\/leboxi.eu\/sl\/wp-json\/wp\/v2\/product"}],"about":[{"href":"https:\/\/leboxi.eu\/sl\/wp-json\/wp\/v2\/types\/product"}],"replies":[{"embeddable":true,"href":"https:\/\/leboxi.eu\/sl\/wp-json\/wp\/v2\/comments?post=2364"}],"version-history":[{"count":0,"href":"https:\/\/leboxi.eu\/sl\/wp-json\/wp\/v2\/product\/2364\/revisions"}],"wp:featuredmedia":[{"embeddable":true,"href":"https:\/\/leboxi.eu\/sl\/wp-json\/wp\/v2\/media\/2362"}],"wp:attachment":[{"href":"https:\/\/leboxi.eu\/sl\/wp-json\/wp\/v2\/media?parent=2364"}],"wp:term":[{"taxonomy":"product_brand","embeddable":true,"href":"https:\/\/leboxi.eu\/sl\/wp-json\/wp\/v2\/product_brand?post=2364"},{"taxonomy":"product_cat","embeddable":true,"href":"https:\/\/leboxi.eu\/sl\/wp-json\/wp\/v2\/product_cat?post=2364"},{"taxonomy":"product_tag","embeddable":true,"href":"https:\/\/leboxi.eu\/sl\/wp-json\/wp\/v2\/product_tag?post=2364"}],"curies":[{"name":"wp","href":"https:\/\/api.w.org\/{rel}","templated":true}]}}