{"id":18400,"date":"2024-06-01T13:37:43","date_gmt":"2024-06-01T12:37:43","guid":{"rendered":"https:\/\/leboxi.eu\/?post_type=product&#038;p=18400"},"modified":"2025-12-07T22:59:15","modified_gmt":"2025-12-07T21:59:15","slug":"prisrcnica-temno-rjava-150-ml","status":"publish","type":"product","link":"https:\/\/leboxi.eu\/sl\/izdelek\/prisrcnica-temno-rjava-150-ml\/","title":{"rendered":"Prisr\u010dnica temno rjava \u2013 150 ml"},"content":{"rendered":"<p><strong>Prisr\u010dnica<\/strong><\/p>\n<p>Barva: Temno rjava<\/p>\n<p>Material: Nerjave\u010de jeklo in pravo usnje<\/p>\n<p>Kapaciteta: 150ml<\/p>\n<p>\u0160irina: 9,5 cm<\/p>\n<p>Globina: 11cm<\/p>\n<p>Debelina: 2,2 cm<\/p>\n<p>Te\u017ea: 101g<\/p>\n<p>V primeru, da ne izberete elegantne darilne \u0161katle v imitaciji lesa, prisr\u010dnico prejmete v originalni embala\u017ei (kartonasta \u0161katlica).<\/p>\n<p>&nbsp;<\/p>\n<p><strong>Kakovostna in elegantna darilna \u0161katla<\/strong><\/p>\n<p>Primerna za na\u0161o ponudbo prisr\u010dnic, 150ml.<\/p>\n<p>Oblo\u017eena s \u010drno-sivim vlo\u017ekom iz pene za namestitev lija in prisr\u010dnice.<\/p>\n<p>Dimenzije \u0161katle: 16,5 cm dolga, 14,5 cm \u0161iroka, 4,5 cm globoka.<\/p>\n<p>Kovinski zati\u010d za zapiranje.<\/p>\n<p>Kovinski lij za polnjenje prisr\u010dnice.<\/p>\n<h6>Dodatno:<\/h6>\n<p>Darilnemu setu lahko prilo\u017eite tudi\u00a0<strong>personalizirano \u010destitko<\/strong>\u00a0(+2,95 eur).<\/p>\n<p>\u010ce \u017eelite bomo va\u0161e darilo obdarovancu dostavili mi, seveda pa ob dostavi ne bomo prilo\u017eili ra\u010duna. Le-tega boste prejeli vi.<\/p>\n<p>Za piko na i lahko svoj darilni set nadgradite z\u00a0<a href=\"https:\/\/leboxi.eu\/blog\/posvetilo-darilni-listki\/\">darilnimi listi\u010di<\/a>\u00a0za izdelavo katerih navodila najdete na na\u0161em blogu.<\/p>\n<p>Pri personaliziranih izdelkih kupec <strong>nima pravice<\/strong> do odstopa od nakupne pogodbe. V praksi to pomeni, da za vse izdelke, ki so narejeni po \u017eelji kupca, potro\u0161nik ne vra\u010da izdelka, je pa zavezan k pla\u010dilu po sklenjeni pogodbi. Ponudnik ne odgovarja za nepravilno izbrane mo\u017enosti (npr. napa\u010dno izbranega tipa personaliziranega izdelka, napa\u010dna izbira vzorca personalizacije, napake \u010drkovanja, napake datuma ipd.) personalizacije pri nakupu.<\/p>\n","protected":false},"excerpt":{"rendered":"<p>Temno rjava prisr\u010dnica iz pravega usnja s kovinskim pokrov\u010dkom. Lahko se odlo\u010dite tudi za elegantno graviranje za\u010detnic ali imena obdarovanca in tako bo prisr\u010dnica postala darilo, ki ga obarovanec ne bo nikoli pozabil. Prisr\u010dnica je izdelana iz trpe\u017enega nerjave\u010dega jekla in usnja, vanjo pa lahko nalijete do 150ml najljub\u0161e pija\u010de, tako da lahko s seboj prinesete svojo pija\u010do kamorkoli greste. Pritrjeni jekleni pokrov\u010dek zagotavlja, da se pija\u010da nikoli ne razlije in da se pokrov\u010dek nikoli ne izgubi.<\/p>\n<p>Personalizirano prisr\u010dnico lahko podarite v kakovostni elegantni darilni \u0161katli v imitaciji lesa. V darilni \u0161katli je prilo\u017een kovinski lij za pretakanje teko\u010dine v prisr\u010dnico.<\/p>\n<p>Darilu lahko prilo\u017eite tudi\u00a0<a href=\"https:\/\/leboxi.eu\/izdelki\/personalizirana-cestitka\/\">personalizirano darilno kartico<\/a>\u00a0(za dopla\u010dilo).<\/p>\n<p>&nbsp;<\/p>\n<p>\u010ce \u017eelite bomo va\u0161e darilo obdarovancu dostavili mi, seveda pa ob dostavi ne bomo prilo\u017eili ra\u010duna. Le-tega boste prejeli vi.<\/p>\n","protected":false},"featured_media":18423,"comment_status":"open","ping_status":"closed","template":"","meta":{"site-sidebar-layout":"default","site-content-layout":"default","ast-site-content-layout":"default","site-content-style":"default","site-sidebar-style":"default","ast-global-header-display":"","ast-banner-title-visibility":"","ast-main-header-display":"","ast-hfb-above-header-display":"","ast-hfb-below-header-display":"","ast-hfb-mobile-header-display":"","site-post-title":"","ast-breadcrumbs-content":"","ast-featured-img":"","footer-sml-layout":"","ast-disable-related-posts":"","theme-transparent-header-meta":"default","adv-header-id-meta":"","stick-header-meta":"","header-above-stick-meta":"","header-main-stick-meta":"","header-below-stick-meta":"","astra-migrate-meta-layouts":"set","ast-page-background-enabled":"default","ast-page-background-meta":{"desktop":{"background-color":"","background-image":"","background-repeat":"repeat","background-position":"center center","background-size":"auto","background-attachment":"scroll","background-type":"","background-media":"","overlay-type":"","overlay-color":"","overlay-opacity":"","overlay-gradient":""},"tablet":{"background-color":"","background-image":"","background-repeat":"repeat","background-position":"center center","background-size":"auto","background-attachment":"scroll","background-type":"","background-media":"","overlay-type":"","overlay-color":"","overlay-opacity":"","overlay-gradient":""},"mobile":{"background-color":"","background-image":"","background-repeat":"repeat","background-position":"center center","background-size":"auto","background-attachment":"scroll","background-type":"","background-media":"","overlay-type":"","overlay-color":"","overlay-opacity":"","overlay-gradient":""}},"ast-content-background-meta":{"desktop":{"background-color":"var(--ast-global-color-5)","background-image":"","background-repeat":"repeat","background-position":"center center","background-size":"auto","background-attachment":"scroll","background-type":"","background-media":"","overlay-type":"","overlay-color":"","overlay-opacity":"","overlay-gradient":""},"tablet":{"background-color":"var(--ast-global-color-5)","background-image":"","background-repeat":"repeat","background-position":"center center","background-size":"auto","background-attachment":"scroll","background-type":"","background-media":"","overlay-type":"","overlay-color":"","overlay-opacity":"","overlay-gradient":""},"mobile":{"background-color":"var(--ast-global-color-5)","background-image":"","background-repeat":"repeat","background-position":"center center","background-size":"auto","background-attachment":"scroll","background-type":"","background-media":"","overlay-type":"","overlay-color":"","overlay-opacity":"","overlay-gradient":""}}},"product_brand":[],"product_cat":[357],"product_tag":[],"class_list":{"0":"post-18400","1":"product","2":"type-product","3":"status-publish","4":"has-post-thumbnail","6":"product_cat-ni-na-zalogi","7":"pa_prisrcnica-personalizacija-brez-personalizacije","8":"pa_prisrcnica-personalizacija-brez-personalizacije-darilna-skatla","9":"pa_prisrcnica-personalizacija-brez-personalizacije-kovinska-darilna-skatla","10":"pa_prisrcnica-personalizacija-s-personalizacijo-brez-darilne-skatle","11":"pa_prisrcnica-personalizacija-s-personalizacijo-darilna-skatla","12":"pa_prisrcnica-personalizacija-s-personalizacijo-kovinska-darilna-skatla","13":"desktop-align-left","14":"tablet-align-left","15":"mobile-align-left","17":"first","18":"outofstock","19":"sale","20":"taxable","21":"shipping-taxable","22":"purchasable","23":"product-type-variable"},"yoast_head":"<!-- This site is optimized with the Yoast SEO plugin v27.3 - https:\/\/yoast.com\/product\/yoast-seo-wordpress\/ -->\n<title>Prisr\u010dnica | Prisr\u010dnica rjavo usnje | Le Boxi<\/title>\n<meta name=\"description\" content=\"Rjava prisr\u010dnica iz usnja s kovinskim pokrov\u010dkom. Lahko se odlo\u010dite tudi za elegantno graviranje za\u010detnic ali imena obdarovanca.\" \/>\n<meta name=\"robots\" content=\"index, follow, max-snippet:-1, max-image-preview:large, max-video-preview:-1\" \/>\n<link rel=\"canonical\" href=\"https:\/\/leboxi.eu\/sl\/izdelek\/prisrcnica-temno-rjava-150-ml\/\" \/>\n<meta property=\"og:locale\" content=\"sl_SI\" \/>\n<meta property=\"og:type\" content=\"article\" \/>\n<meta property=\"og:title\" content=\"Prisr\u010dnica | Prisr\u010dnica rjavo usnje | Le Boxi\" \/>\n<meta property=\"og:description\" content=\"Rjava prisr\u010dnica iz usnja s kovinskim pokrov\u010dkom. Lahko se odlo\u010dite tudi za elegantno graviranje za\u010detnic ali imena obdarovanca.\" \/>\n<meta property=\"og:url\" content=\"https:\/\/leboxi.eu\/sl\/izdelek\/prisrcnica-temno-rjava-150-ml\/\" \/>\n<meta property=\"og:site_name\" content=\"Le Boxi | Unikatna darila za vsakogar\" \/>\n<meta property=\"article:publisher\" content=\"https:\/\/www.facebook.com\/leboxi.eu\" \/>\n<meta property=\"article:modified_time\" content=\"2025-12-07T21:59:15+00:00\" \/>\n<meta property=\"og:image\" content=\"https:\/\/leboxi.eu\/wp-content\/uploads\/2024\/06\/DSC0220.jpg\" \/>\n\t<meta property=\"og:image:width\" content=\"1000\" \/>\n\t<meta property=\"og:image:height\" content=\"1000\" \/>\n\t<meta property=\"og:image:type\" content=\"image\/jpeg\" \/>\n<meta name=\"twitter:card\" content=\"summary_large_image\" \/>\n<meta name=\"twitter:label1\" content=\"Est. reading time\" \/>\n\t<meta name=\"twitter:data1\" content=\"2 minuta\" \/>\n<script type=\"application\/ld+json\" class=\"yoast-schema-graph\">{\"@context\":\"https:\\\/\\\/schema.org\",\"@graph\":[{\"@type\":\"WebPage\",\"@id\":\"https:\\\/\\\/leboxi.eu\\\/sl\\\/izdelek\\\/prisrcnica-temno-rjava-150-ml\\\/\",\"url\":\"https:\\\/\\\/leboxi.eu\\\/sl\\\/izdelek\\\/prisrcnica-temno-rjava-150-ml\\\/\",\"name\":\"Prisr\u010dnica | Prisr\u010dnica rjavo usnje | Le Boxi\",\"isPartOf\":{\"@id\":\"https:\\\/\\\/leboxi.eu\\\/sl\\\/#website\"},\"primaryImageOfPage\":{\"@id\":\"https:\\\/\\\/leboxi.eu\\\/sl\\\/izdelek\\\/prisrcnica-temno-rjava-150-ml\\\/#primaryimage\"},\"image\":{\"@id\":\"https:\\\/\\\/leboxi.eu\\\/sl\\\/izdelek\\\/prisrcnica-temno-rjava-150-ml\\\/#primaryimage\"},\"thumbnailUrl\":\"https:\\\/\\\/leboxi.eu\\\/wp-content\\\/uploads\\\/2024\\\/06\\\/DSC0220.jpg\",\"datePublished\":\"2024-06-01T12:37:43+00:00\",\"dateModified\":\"2025-12-07T21:59:15+00:00\",\"description\":\"Rjava prisr\u010dnica iz usnja s kovinskim pokrov\u010dkom. Lahko se odlo\u010dite tudi za elegantno graviranje za\u010detnic ali imena obdarovanca.\",\"breadcrumb\":{\"@id\":\"https:\\\/\\\/leboxi.eu\\\/sl\\\/izdelek\\\/prisrcnica-temno-rjava-150-ml\\\/#breadcrumb\"},\"inLanguage\":\"sl-SI\",\"potentialAction\":[{\"@type\":\"ReadAction\",\"target\":[\"https:\\\/\\\/leboxi.eu\\\/sl\\\/izdelek\\\/prisrcnica-temno-rjava-150-ml\\\/\"]}]},{\"@type\":\"ImageObject\",\"inLanguage\":\"sl-SI\",\"@id\":\"https:\\\/\\\/leboxi.eu\\\/sl\\\/izdelek\\\/prisrcnica-temno-rjava-150-ml\\\/#primaryimage\",\"url\":\"https:\\\/\\\/leboxi.eu\\\/wp-content\\\/uploads\\\/2024\\\/06\\\/DSC0220.jpg\",\"contentUrl\":\"https:\\\/\\\/leboxi.eu\\\/wp-content\\\/uploads\\\/2024\\\/06\\\/DSC0220.jpg\",\"width\":1000,\"height\":1000},{\"@type\":\"BreadcrumbList\",\"@id\":\"https:\\\/\\\/leboxi.eu\\\/sl\\\/izdelek\\\/prisrcnica-temno-rjava-150-ml\\\/#breadcrumb\",\"itemListElement\":[{\"@type\":\"ListItem\",\"position\":1,\"name\":\"Doma\",\"item\":\"https:\\\/\\\/leboxi.eu\\\/sl\\\/\"},{\"@type\":\"ListItem\",\"position\":2,\"name\":\"Trgovina\",\"item\":\"https:\\\/\\\/leboxi.eu\\\/sl\\\/trgovina\\\/\"},{\"@type\":\"ListItem\",\"position\":3,\"name\":\"Prisr\u010dnica temno rjava \u2013 150 ml\"}]},{\"@type\":\"WebSite\",\"@id\":\"https:\\\/\\\/leboxi.eu\\\/sl\\\/#website\",\"url\":\"https:\\\/\\\/leboxi.eu\\\/sl\\\/\",\"name\":\"Le Boxi | Unikatna darila za vsakogar\",\"description\":\"Unikatna darila in darilne \u0161katle za vse prilo\u017enosti.\",\"publisher\":{\"@id\":\"https:\\\/\\\/leboxi.eu\\\/sl\\\/#organization\"},\"potentialAction\":[{\"@type\":\"SearchAction\",\"target\":{\"@type\":\"EntryPoint\",\"urlTemplate\":\"https:\\\/\\\/leboxi.eu\\\/sl\\\/?s={search_term_string}\"},\"query-input\":{\"@type\":\"PropertyValueSpecification\",\"valueRequired\":true,\"valueName\":\"search_term_string\"}}],\"inLanguage\":\"sl-SI\"},{\"@type\":\"Organization\",\"@id\":\"https:\\\/\\\/leboxi.eu\\\/sl\\\/#organization\",\"name\":\"LE BOXI\",\"url\":\"https:\\\/\\\/leboxi.eu\\\/sl\\\/\",\"logo\":{\"@type\":\"ImageObject\",\"inLanguage\":\"sl-SI\",\"@id\":\"https:\\\/\\\/leboxi.eu\\\/sl\\\/#\\\/schema\\\/logo\\\/image\\\/\",\"url\":\"https:\\\/\\\/leboxi.eu\\\/wp-content\\\/uploads\\\/2021\\\/02\\\/LeBoxi-manjsi-png.png\",\"contentUrl\":\"https:\\\/\\\/leboxi.eu\\\/wp-content\\\/uploads\\\/2021\\\/02\\\/LeBoxi-manjsi-png.png\",\"width\":389,\"height\":164,\"caption\":\"LE BOXI\"},\"image\":{\"@id\":\"https:\\\/\\\/leboxi.eu\\\/sl\\\/#\\\/schema\\\/logo\\\/image\\\/\"},\"sameAs\":[\"https:\\\/\\\/www.facebook.com\\\/leboxi.eu\",\"https:\\\/\\\/www.instagram.com\\\/le.boxi\\\/\"]}]}<\/script>\n<!-- \/ Yoast SEO plugin. -->","yoast_head_json":{"title":"Prisr\u010dnica | Prisr\u010dnica rjavo usnje | Le Boxi","description":"Rjava prisr\u010dnica iz usnja s kovinskim pokrov\u010dkom. Lahko se odlo\u010dite tudi za elegantno graviranje za\u010detnic ali imena obdarovanca.","robots":{"index":"index","follow":"follow","max-snippet":"max-snippet:-1","max-image-preview":"max-image-preview:large","max-video-preview":"max-video-preview:-1"},"canonical":"https:\/\/leboxi.eu\/sl\/izdelek\/prisrcnica-temno-rjava-150-ml\/","og_locale":"sl_SI","og_type":"article","og_title":"Prisr\u010dnica | Prisr\u010dnica rjavo usnje | Le Boxi","og_description":"Rjava prisr\u010dnica iz usnja s kovinskim pokrov\u010dkom. Lahko se odlo\u010dite tudi za elegantno graviranje za\u010detnic ali imena obdarovanca.","og_url":"https:\/\/leboxi.eu\/sl\/izdelek\/prisrcnica-temno-rjava-150-ml\/","og_site_name":"Le Boxi | Unikatna darila za vsakogar","article_publisher":"https:\/\/www.facebook.com\/leboxi.eu","article_modified_time":"2025-12-07T21:59:15+00:00","og_image":[{"width":1000,"height":1000,"url":"https:\/\/leboxi.eu\/wp-content\/uploads\/2024\/06\/DSC0220.jpg","type":"image\/jpeg"}],"twitter_card":"summary_large_image","twitter_misc":{"Est. reading time":"2 minuta"},"schema":{"@context":"https:\/\/schema.org","@graph":[{"@type":"WebPage","@id":"https:\/\/leboxi.eu\/sl\/izdelek\/prisrcnica-temno-rjava-150-ml\/","url":"https:\/\/leboxi.eu\/sl\/izdelek\/prisrcnica-temno-rjava-150-ml\/","name":"Prisr\u010dnica | Prisr\u010dnica rjavo usnje | Le Boxi","isPartOf":{"@id":"https:\/\/leboxi.eu\/sl\/#website"},"primaryImageOfPage":{"@id":"https:\/\/leboxi.eu\/sl\/izdelek\/prisrcnica-temno-rjava-150-ml\/#primaryimage"},"image":{"@id":"https:\/\/leboxi.eu\/sl\/izdelek\/prisrcnica-temno-rjava-150-ml\/#primaryimage"},"thumbnailUrl":"https:\/\/leboxi.eu\/wp-content\/uploads\/2024\/06\/DSC0220.jpg","datePublished":"2024-06-01T12:37:43+00:00","dateModified":"2025-12-07T21:59:15+00:00","description":"Rjava prisr\u010dnica iz usnja s kovinskim pokrov\u010dkom. Lahko se odlo\u010dite tudi za elegantno graviranje za\u010detnic ali imena obdarovanca.","breadcrumb":{"@id":"https:\/\/leboxi.eu\/sl\/izdelek\/prisrcnica-temno-rjava-150-ml\/#breadcrumb"},"inLanguage":"sl-SI","potentialAction":[{"@type":"ReadAction","target":["https:\/\/leboxi.eu\/sl\/izdelek\/prisrcnica-temno-rjava-150-ml\/"]}]},{"@type":"ImageObject","inLanguage":"sl-SI","@id":"https:\/\/leboxi.eu\/sl\/izdelek\/prisrcnica-temno-rjava-150-ml\/#primaryimage","url":"https:\/\/leboxi.eu\/wp-content\/uploads\/2024\/06\/DSC0220.jpg","contentUrl":"https:\/\/leboxi.eu\/wp-content\/uploads\/2024\/06\/DSC0220.jpg","width":1000,"height":1000},{"@type":"BreadcrumbList","@id":"https:\/\/leboxi.eu\/sl\/izdelek\/prisrcnica-temno-rjava-150-ml\/#breadcrumb","itemListElement":[{"@type":"ListItem","position":1,"name":"Doma","item":"https:\/\/leboxi.eu\/sl\/"},{"@type":"ListItem","position":2,"name":"Trgovina","item":"https:\/\/leboxi.eu\/sl\/trgovina\/"},{"@type":"ListItem","position":3,"name":"Prisr\u010dnica temno rjava \u2013 150 ml"}]},{"@type":"WebSite","@id":"https:\/\/leboxi.eu\/sl\/#website","url":"https:\/\/leboxi.eu\/sl\/","name":"Le Boxi | Unikatna darila za vsakogar","description":"Unikatna darila in darilne \u0161katle za vse prilo\u017enosti.","publisher":{"@id":"https:\/\/leboxi.eu\/sl\/#organization"},"potentialAction":[{"@type":"SearchAction","target":{"@type":"EntryPoint","urlTemplate":"https:\/\/leboxi.eu\/sl\/?s={search_term_string}"},"query-input":{"@type":"PropertyValueSpecification","valueRequired":true,"valueName":"search_term_string"}}],"inLanguage":"sl-SI"},{"@type":"Organization","@id":"https:\/\/leboxi.eu\/sl\/#organization","name":"LE BOXI","url":"https:\/\/leboxi.eu\/sl\/","logo":{"@type":"ImageObject","inLanguage":"sl-SI","@id":"https:\/\/leboxi.eu\/sl\/#\/schema\/logo\/image\/","url":"https:\/\/leboxi.eu\/wp-content\/uploads\/2021\/02\/LeBoxi-manjsi-png.png","contentUrl":"https:\/\/leboxi.eu\/wp-content\/uploads\/2021\/02\/LeBoxi-manjsi-png.png","width":389,"height":164,"caption":"LE BOXI"},"image":{"@id":"https:\/\/leboxi.eu\/sl\/#\/schema\/logo\/image\/"},"sameAs":["https:\/\/www.facebook.com\/leboxi.eu","https:\/\/www.instagram.com\/le.boxi\/"]}]}},"tiered_pricing_type":"fixed","tiered_pricing_fixed_rules":[],"tiered_pricing_product_settings":{"layout":"default","base_unit_name":{"singular":null,"plural":null},"default_variation":null},"tiered_pricing_minimum_quantity":null,"tiered_pricing_roles_data":[],"tiered_pricing_percentage_rules":[],"_links":{"self":[{"href":"https:\/\/leboxi.eu\/sl\/wp-json\/wp\/v2\/product\/18400","targetHints":{"allow":["GET"]}}],"collection":[{"href":"https:\/\/leboxi.eu\/sl\/wp-json\/wp\/v2\/product"}],"about":[{"href":"https:\/\/leboxi.eu\/sl\/wp-json\/wp\/v2\/types\/product"}],"replies":[{"embeddable":true,"href":"https:\/\/leboxi.eu\/sl\/wp-json\/wp\/v2\/comments?post=18400"}],"version-history":[{"count":0,"href":"https:\/\/leboxi.eu\/sl\/wp-json\/wp\/v2\/product\/18400\/revisions"}],"wp:featuredmedia":[{"embeddable":true,"href":"https:\/\/leboxi.eu\/sl\/wp-json\/wp\/v2\/media\/18423"}],"wp:attachment":[{"href":"https:\/\/leboxi.eu\/sl\/wp-json\/wp\/v2\/media?parent=18400"}],"wp:term":[{"taxonomy":"product_brand","embeddable":true,"href":"https:\/\/leboxi.eu\/sl\/wp-json\/wp\/v2\/product_brand?post=18400"},{"taxonomy":"product_cat","embeddable":true,"href":"https:\/\/leboxi.eu\/sl\/wp-json\/wp\/v2\/product_cat?post=18400"},{"taxonomy":"product_tag","embeddable":true,"href":"https:\/\/leboxi.eu\/sl\/wp-json\/wp\/v2\/product_tag?post=18400"}],"curies":[{"name":"wp","href":"https:\/\/api.w.org\/{rel}","templated":true}]}}