{"id":17591,"date":"2024-03-09T18:20:42","date_gmt":"2024-03-09T17:20:42","guid":{"rendered":"https:\/\/leboxi.eu\/?post_type=product&#038;p=17591"},"modified":"2024-08-18T19:20:43","modified_gmt":"2024-08-18T18:20:43","slug":"darilna-skatla-4-peresna-deteljica","status":"publish","type":"product","link":"https:\/\/leboxi.eu\/sl\/izdelek\/darilna-skatla-4-peresna-deteljica\/","title":{"rendered":"Darilna \u0161katla \u2013 4 peresna deteljica"},"content":{"rendered":"<p>Darilna \u0161katla primerna za valentinovo darilo ali druge posebne prilo\u017enosti vsebuje:<\/p>\n<p>&nbsp;<\/p>\n<ol>\n<li>\n<h6><strong> Naravno, ro\u010dno izdelano milo KURKUMA S POMARAN\u010cO, NAGELJNOVE \u017dBICE IN PA\u010cULI (120g)<\/strong><\/h6>\n<\/li>\n<\/ol>\n<p>Di\u0161e\u010de milo za obraz in telo. Kurkuma ima mo\u010dne antioksidativne in zdravilne lastnosti in je zelo u\u010dinkovita pri zdravljenju \u0161tevilnih ko\u017enih te\u017eav. Znanstveno je dokazano, da je u\u010dinkovita pri zdravljenju aken, ekcemov, izpu\u0161\u010dajev, vnetij in podplutb. Kurkuma ima tudi antibakterijske lastnosti, ki pomagajo zdraviti rane in pospe\u0161ijo celjenje, zato prepre\u010dujejo \u0161irjenje oku\u017ebe. \u010cudovita aroma mila vas bo na ko\u017ei spremljala \u0161e ure po kopanju.<\/p>\n<p>Sestavine: Sodium olivate, sodium cocoate, sodium sheabutterate, sodium sweet almondate, sodium castorate, sodium hempate, Turmeric\/Tumeric\/Haldi Curcuma Longa (Turmeric), Citrus Sinesis (Orange) Peel Oil, Pogostemon Cablin (Patchuli) Oil, Eugenia Caryophyllus (Clove) Flower Oil, Cinnamomum Cassia (Cinnamon) Bark, Citrus Aurantium Dulcis (Orange) Peel, Pimpinella Anisum<\/p>\n<p>Di\u0161ava: Eteri\u010dna olja pomaran\u010de, nageljnovih \u017ebic in pa\u010dulija<\/p>\n<p>&nbsp;<\/p>\n<ul>\n<li>\n<h6><strong> Naravno, ro\u010dno izdelano milo KAKAVOVO MASLO (120g)<\/strong><\/h6>\n<\/li>\n<\/ul>\n<p>Milo za lase, obraz in telo iz kombinacije izvrstnih, hranljivih masel in olj, je odli\u010dno za ob\u010dutljivo ko\u017eo. Va\u0161o ko\u017eo in lase bo pustilo popolnoma mehko in navla\u017eeno. Milo iz kakavovega masla proizvaja tako bogato, kremasto peno, da se boste le ste\u017eka umaknili izpod tu\u0161a. Izdelano je iz organskega kakavovega masla, ki je odli\u010den za ob\u010dutljivo ko\u017eo. To milo je odli\u010dno tudi za umivanje obraza, hkrati pa je popolno darilo za vse \u00bb\u010dokoholike\u00ab. Ko\u017eo bo pustilo mehko, gladko, navla\u017eeno in popolnoma \u010dudovito.<\/p>\n<p>Sestavine: Sodium olivate, sodium cocoate, sodium sheabutterate, sodium sweet almondate, sodium castorate, sodium cocoa butterate, Cocoa Powder (bio)<\/p>\n<p>Di\u0161ava: brez di\u0161av<\/p>\n<p>&nbsp;<\/p>\n<ol start=\"4\">\n<li>\n<h6><strong> Naravno, ro\u010dno izdelano milo KOZJE MLEKO IN KOREN\u010cEK (120g)<\/strong><\/h6>\n<\/li>\n<\/ol>\n<p>Ne\u017eno in kremasto milo za obraz in telo z le kan\u010dkom eteri\u010dnega olja sivke, je odli\u010dno za ob\u010dutljivo ko\u017eo. Milo iz kozjega mleka, ki je naravni vla\u017eilec, je primerno za ljudi s suho ali ob\u010dutljivo ko\u017eo ali boleznimi kot sta ekcem in luskavica. Beta karoten v korenju je odli\u010den dodatek k va\u0161i negi ko\u017ee, korenje pa deluje tudi antisepti\u010dno in bo pomagalo tonirati ter pomladiti va\u0161o ko\u017eo. Pri izdelavi se uporablja nepredelano, surovo kozje mleko z lokalne ekolo\u0161ke kmetije.<\/p>\n<p>Sestavine: Sodium olivate, sodium cocoate, sodium shea butterate, sodium sweet almondate, sodium castorate, Carrot puree, Goat&#8217;s Milk, Lavander Essential Oil.<\/p>\n<p>Di\u0161ava: Eteri\u010dna olja prave sivke<\/p>\n<p>&nbsp;<\/p>\n<p><strong>Nasvet: <\/strong><\/p>\n<p>Milo med uporabo hranite v podstavkih za mila, pri katerih voda lahko odteka in se milo po uporabi tudi posu\u0161i. \u0160e neuporabljeno milo pa hranite na hladnem, suhem in temnem prostoru.<\/p>\n<p>&nbsp;<\/p>\n<p><strong>Opombe:<\/strong><\/p>\n<p>\u27a4 Zaradi ro\u010dne izdelave, se lahko videz mila nekoliko razlikuje od tistega na sliki.<\/p>\n<p>\u27a4 Mila so pakirana v ve\u010djih koli\u010dinah, kot je obi\u010dajno za naravna, ro\u010dno izdelana mila \u2013 120g.<\/p>\n<p><strong>\u00a0 \u00a0 \u00a0 \u00a0 \u00a0 \u00a05. Ro\u010dno narejen podstavek za milo iz mahagonija<\/strong><\/p>\n<p>&#8211; Edinstvena oblika omogo\u010da milu hitrej\u0161e su\u0161enje in podalj\u0161ano \u017eivljenjsko dobo. Va\u0161e pene\u010de milnate izdelke privzdigne s kopalni\u0161kega pulta in prepre\u010duje njihovo raztapljanje, ko jih ne uporabljate! Ta ro\u010dno izdelana \u010dudovita posodica iz mahagonijevega lesa, je prijetna na pogled in nudi u\u010dinkovito za\u0161\u010dito va\u0161im povr\u0161inam.<\/p>\n<p>&nbsp;<\/p>\n<h6>Dodatno:<\/h6>\n<p>Darilnemu setu lahko prilo\u017eite tudi\u00a0<strong>personalizirano \u010destitko<\/strong>\u00a0(+2,95 eur).<\/p>\n<p>\u010ce \u017eelite bomo va\u0161e darilo obdarovancu dostavili mi, seveda pa ob dostavi ne bomo prilo\u017eili ra\u010duna. Le-tega boste prejeli vi.<\/p>\n<p>Za piko na i lahko svoj darilni set nadgradite z\u00a0<a href=\"https:\/\/leboxi.eu\/blog\/posvetilo-darilni-listki\/\">darilnimi listi\u010di<\/a> za izdelavo katerih navodila najdete na na\u0161em blogu. Darilna \u0161katla je \u010dudovito valentinovo darilo ali darilo za drugo posebno prilo\u017enost.<\/p>\n<p><script type=\"application\/ld+json\">\n{\n  \"@context\": \"https:\/\/schema.org\/\", \n  \"@type\": \"Product\", \n  \"name\": \"Darilna \u0161katla \u2013 4 peresna deteljica\",\n  \"image\": \"https:\/\/leboxi.eu\/wp-content\/uploads\/2021\/04\/Izdelek-97-of-339.jpg\",\n  \"description\": \"Tako kot \u0161tiri peresna deteljica, tudi ta darilni set prina\u0161a sre\u010do za va\u0161o ko\u017eo! Tri ro\u010dno narejena naravna negovalna mila bodo va\u0161o ko\u017eo naredila neverjetno mehko, \u010dudovita naravna aroma eteri\u010dnih olj pa vas bo spremljala \u0161e ure po kopanju. Prilo\u017een je ro\u010dno narejen podstavek, ki omogo\u010da, da se mila primerno posu\u0161ijo in tako podalj\u0161uje njihovo \u017eivljenjsko dobo. Tako so tri ro\u010dno izdelana mila najbolj\u0161ih naravnih sestavin pode\u017eelja ju\u017ene Francije in ro\u010dno narejen podstavek za mila \u010dudovito darilo za ljubitelja vsega naravnega. Odli\u010dna ideja za valentinovo darilo.<\/p>\n<p>Na\u0161a naravna mila so pakirana v ve\u010djih koli\u010dinah, kot je obi\u010dajno za naravna, ro\u010dno izdelana mila \u2013 120g.\",\n  \"brand\": \"Le Boxi\",\n  \"sku\": \"K-13\",\n  \"offers\": {\n    \"@type\": \"Offer\",\n    \"url\": \"https:\/\/leboxi.eu\/izdelki\/valentinovo-darilo\/\",\n    \"priceCurrency\": \"EUR\",\n    \"price\": \"38.5\",\n    \"priceValidUntil\": \"2023-12-31\",\n    \"availability\": \"https:\/\/schema.org\/InStock\",\n    \"itemCondition\": \"https:\/\/schema.org\/NewCondition\"\n  },\n  \"aggregateRating\": {\n    \"@type\": \"AggregateRating\",\n    \"ratingValue\": \"4.8\",\n    \"bestRating\": \"5\",\n    \"worstRating\": \"1\",\n    \"ratingCount\": \"2\"\n  }\n}\n<\/script><\/p>\n<p>&nbsp;<\/p>\n","protected":false},"excerpt":{"rendered":"<p>Tako kot \u0161tiri peresna deteljica, tudi ta darilni set prina\u0161a sre\u010do za va\u0161o ko\u017eo! Tri ro\u010dno narejena naravna negovalna mila bodo va\u0161o ko\u017eo naredila neverjetno mehko, \u010dudovita naravna aroma eteri\u010dnih olj pa vas bo spremljala \u0161e ure po kopanju. Prilo\u017een je ro\u010dno narejen podstavek, ki omogo\u010da, da se mila primerno posu\u0161ijo in tako podalj\u0161uje njihovo \u017eivljenjsko dobo. Tako so tri ro\u010dno izdelana mila najbolj\u0161ih naravnih sestavin pode\u017eelja ju\u017ene Francije in ro\u010dno narejen podstavek za mila \u010dudovito darilo za ljubitelja vsega naravnega. Odli\u010dna ideja za valentinovo darilo.<\/p>\n<p>Na\u0161a naravna mila so pakirana v ve\u010djih koli\u010dinah, kot je obi\u010dajno za naravna, ro\u010dno izdelana mila \u2013 120g.<\/p>\n<p>V darilno \u0161katlo lahko prilo\u017eite tudi personalizirano \u010destitko (za dopla\u010dilo).<\/p>\n<p>Darilna \u0161katla vsebuje:<\/p>\n<ul>\n<li>3x naravno ro\u010dno izdelano milo (3x 120g), kakav, kurkuma, kozje mleko<\/li>\n<li>Posodica za milo<\/li>\n<\/ul>\n<p>\u010ce \u017eelite bomo va\u0161e darilo obdarovancu dostavili mi, seveda pa ob dostavi ne bomo prilo\u017eili ra\u010duna. Le-tega boste prejeli vi.<\/p>\n<p>Podroben opis si lahko preberete spodaj.<\/p>\n","protected":false},"featured_media":2423,"comment_status":"open","ping_status":"closed","template":"","meta":{"site-sidebar-layout":"default","site-content-layout":"default","ast-site-content-layout":"default","site-content-style":"default","site-sidebar-style":"default","ast-global-header-display":"","ast-banner-title-visibility":"","ast-main-header-display":"","ast-hfb-above-header-display":"","ast-hfb-below-header-display":"","ast-hfb-mobile-header-display":"","site-post-title":"","ast-breadcrumbs-content":"","ast-featured-img":"","footer-sml-layout":"","ast-disable-related-posts":"","theme-transparent-header-meta":"default","adv-header-id-meta":"","stick-header-meta":"","header-above-stick-meta":"","header-main-stick-meta":"","header-below-stick-meta":"","astra-migrate-meta-layouts":"set","ast-page-background-enabled":"default","ast-page-background-meta":{"desktop":{"background-color":"","background-image":"","background-repeat":"repeat","background-position":"center center","background-size":"auto","background-attachment":"scroll","background-type":"","background-media":"","overlay-type":"","overlay-color":"","overlay-opacity":"","overlay-gradient":""},"tablet":{"background-color":"","background-image":"","background-repeat":"repeat","background-position":"center center","background-size":"auto","background-attachment":"scroll","background-type":"","background-media":"","overlay-type":"","overlay-color":"","overlay-opacity":"","overlay-gradient":""},"mobile":{"background-color":"","background-image":"","background-repeat":"repeat","background-position":"center center","background-size":"auto","background-attachment":"scroll","background-type":"","background-media":"","overlay-type":"","overlay-color":"","overlay-opacity":"","overlay-gradient":""}},"ast-content-background-meta":{"desktop":{"background-color":"var(--ast-global-color-5)","background-image":"","background-repeat":"repeat","background-position":"center center","background-size":"auto","background-attachment":"scroll","background-type":"","background-media":"","overlay-type":"","overlay-color":"","overlay-opacity":"","overlay-gradient":""},"tablet":{"background-color":"var(--ast-global-color-5)","background-image":"","background-repeat":"repeat","background-position":"center center","background-size":"auto","background-attachment":"scroll","background-type":"","background-media":"","overlay-type":"","overlay-color":"","overlay-opacity":"","overlay-gradient":""},"mobile":{"background-color":"var(--ast-global-color-5)","background-image":"","background-repeat":"repeat","background-position":"center center","background-size":"auto","background-attachment":"scroll","background-type":"","background-media":"","overlay-type":"","overlay-color":"","overlay-opacity":"","overlay-gradient":""}}},"product_brand":[],"product_cat":[178,357],"product_tag":[],"class_list":{"0":"post-17591","1":"product","2":"type-product","3":"status-publish","4":"has-post-thumbnail","6":"product_cat-za-zenske","7":"product_cat-ni-na-zalogi","8":"desktop-align-left","9":"tablet-align-left","10":"mobile-align-left","12":"first","13":"outofstock","14":"taxable","15":"shipping-taxable","16":"purchasable","17":"product-type-simple"},"yoast_head":"<!-- This site is optimized with the Yoast SEO plugin v27.3 - https:\/\/yoast.com\/product\/yoast-seo-wordpress\/ -->\n<title>Valentinovo darilo | Darilna \u0161katla - 4 peresna deteljica | Le Boxi<\/title>\n<meta name=\"description\" content=\"Tako kot \u0161tiri peresna deteljica, tudi ta darilni set prina\u0161a sre\u010do za va\u0161o ko\u017eo! Tri naravna negovalna mila bodo va\u0161o ko\u017eo naredila neverjetno mehko. Unikatno valentinovo darilo.\" \/>\n<meta name=\"robots\" content=\"index, follow, max-snippet:-1, max-image-preview:large, max-video-preview:-1\" \/>\n<link rel=\"canonical\" href=\"https:\/\/leboxi.eu\/sl\/izdelek\/darilna-skatla-4-peresna-deteljica\/\" \/>\n<meta property=\"og:locale\" content=\"sl_SI\" \/>\n<meta property=\"og:type\" content=\"article\" \/>\n<meta property=\"og:title\" content=\"Valentinovo darilo | Darilna \u0161katla - 4 peresna deteljica | Le Boxi\" \/>\n<meta property=\"og:description\" content=\"Tako kot \u0161tiri peresna deteljica, tudi ta darilni set prina\u0161a sre\u010do za va\u0161o ko\u017eo! Tri naravna negovalna mila bodo va\u0161o ko\u017eo naredila neverjetno mehko. Unikatno valentinovo darilo.\" \/>\n<meta property=\"og:url\" content=\"https:\/\/leboxi.eu\/sl\/izdelek\/darilna-skatla-4-peresna-deteljica\/\" \/>\n<meta property=\"og:site_name\" content=\"Le Boxi | Unikatna darila za vsakogar\" \/>\n<meta property=\"article:publisher\" content=\"https:\/\/www.facebook.com\/leboxi.eu\" \/>\n<meta property=\"article:modified_time\" content=\"2024-08-18T18:20:43+00:00\" \/>\n<meta property=\"og:image\" content=\"https:\/\/leboxi.eu\/wp-content\/uploads\/2021\/04\/Izdelek-97-of-339.jpg\" \/>\n\t<meta property=\"og:image:width\" content=\"1000\" \/>\n\t<meta property=\"og:image:height\" content=\"1000\" \/>\n\t<meta property=\"og:image:type\" content=\"image\/jpeg\" \/>\n<meta name=\"twitter:card\" content=\"summary_large_image\" \/>\n<meta name=\"twitter:label1\" content=\"Est. reading time\" \/>\n\t<meta name=\"twitter:data1\" content=\"3 minuta\" \/>\n<script type=\"application\/ld+json\" class=\"yoast-schema-graph\">{\"@context\":\"https:\\\/\\\/schema.org\",\"@graph\":[{\"@type\":\"WebPage\",\"@id\":\"https:\\\/\\\/leboxi.eu\\\/sl\\\/izdelek\\\/darilna-skatla-4-peresna-deteljica\\\/\",\"url\":\"https:\\\/\\\/leboxi.eu\\\/sl\\\/izdelek\\\/darilna-skatla-4-peresna-deteljica\\\/\",\"name\":\"Valentinovo darilo | Darilna \u0161katla - 4 peresna deteljica | Le Boxi\",\"isPartOf\":{\"@id\":\"https:\\\/\\\/leboxi.eu\\\/sl\\\/#website\"},\"primaryImageOfPage\":{\"@id\":\"https:\\\/\\\/leboxi.eu\\\/sl\\\/izdelek\\\/darilna-skatla-4-peresna-deteljica\\\/#primaryimage\"},\"image\":{\"@id\":\"https:\\\/\\\/leboxi.eu\\\/sl\\\/izdelek\\\/darilna-skatla-4-peresna-deteljica\\\/#primaryimage\"},\"thumbnailUrl\":\"https:\\\/\\\/leboxi.eu\\\/wp-content\\\/uploads\\\/2021\\\/04\\\/Izdelek-97-of-339.jpg\",\"datePublished\":\"2024-03-09T17:20:42+00:00\",\"dateModified\":\"2024-08-18T18:20:43+00:00\",\"description\":\"Tako kot \u0161tiri peresna deteljica, tudi ta darilni set prina\u0161a sre\u010do za va\u0161o ko\u017eo! Tri naravna negovalna mila bodo va\u0161o ko\u017eo naredila neverjetno mehko. Unikatno valentinovo darilo.\",\"breadcrumb\":{\"@id\":\"https:\\\/\\\/leboxi.eu\\\/sl\\\/izdelek\\\/darilna-skatla-4-peresna-deteljica\\\/#breadcrumb\"},\"inLanguage\":\"sl-SI\",\"potentialAction\":[{\"@type\":\"ReadAction\",\"target\":[\"https:\\\/\\\/leboxi.eu\\\/sl\\\/izdelek\\\/darilna-skatla-4-peresna-deteljica\\\/\"]}]},{\"@type\":\"ImageObject\",\"inLanguage\":\"sl-SI\",\"@id\":\"https:\\\/\\\/leboxi.eu\\\/sl\\\/izdelek\\\/darilna-skatla-4-peresna-deteljica\\\/#primaryimage\",\"url\":\"https:\\\/\\\/leboxi.eu\\\/wp-content\\\/uploads\\\/2021\\\/04\\\/Izdelek-97-of-339.jpg\",\"contentUrl\":\"https:\\\/\\\/leboxi.eu\\\/wp-content\\\/uploads\\\/2021\\\/04\\\/Izdelek-97-of-339.jpg\",\"width\":1000,\"height\":1000,\"caption\":\"Darilna \u0161katla s tremi naravnimi mili ter podstavkom za milo iz magahonija\"},{\"@type\":\"BreadcrumbList\",\"@id\":\"https:\\\/\\\/leboxi.eu\\\/sl\\\/izdelek\\\/darilna-skatla-4-peresna-deteljica\\\/#breadcrumb\",\"itemListElement\":[{\"@type\":\"ListItem\",\"position\":1,\"name\":\"Doma\",\"item\":\"https:\\\/\\\/leboxi.eu\\\/sl\\\/\"},{\"@type\":\"ListItem\",\"position\":2,\"name\":\"Trgovina\",\"item\":\"https:\\\/\\\/leboxi.eu\\\/sl\\\/trgovina\\\/\"},{\"@type\":\"ListItem\",\"position\":3,\"name\":\"Darilna \u0161katla \u2013 4 peresna deteljica\"}]},{\"@type\":\"WebSite\",\"@id\":\"https:\\\/\\\/leboxi.eu\\\/sl\\\/#website\",\"url\":\"https:\\\/\\\/leboxi.eu\\\/sl\\\/\",\"name\":\"Le Boxi | Unikatna darila za vsakogar\",\"description\":\"Unikatna darila in darilne \u0161katle za vse prilo\u017enosti.\",\"publisher\":{\"@id\":\"https:\\\/\\\/leboxi.eu\\\/sl\\\/#organization\"},\"potentialAction\":[{\"@type\":\"SearchAction\",\"target\":{\"@type\":\"EntryPoint\",\"urlTemplate\":\"https:\\\/\\\/leboxi.eu\\\/sl\\\/?s={search_term_string}\"},\"query-input\":{\"@type\":\"PropertyValueSpecification\",\"valueRequired\":true,\"valueName\":\"search_term_string\"}}],\"inLanguage\":\"sl-SI\"},{\"@type\":\"Organization\",\"@id\":\"https:\\\/\\\/leboxi.eu\\\/sl\\\/#organization\",\"name\":\"LE BOXI\",\"url\":\"https:\\\/\\\/leboxi.eu\\\/sl\\\/\",\"logo\":{\"@type\":\"ImageObject\",\"inLanguage\":\"sl-SI\",\"@id\":\"https:\\\/\\\/leboxi.eu\\\/sl\\\/#\\\/schema\\\/logo\\\/image\\\/\",\"url\":\"https:\\\/\\\/leboxi.eu\\\/wp-content\\\/uploads\\\/2021\\\/02\\\/LeBoxi-manjsi-png.png\",\"contentUrl\":\"https:\\\/\\\/leboxi.eu\\\/wp-content\\\/uploads\\\/2021\\\/02\\\/LeBoxi-manjsi-png.png\",\"width\":389,\"height\":164,\"caption\":\"LE BOXI\"},\"image\":{\"@id\":\"https:\\\/\\\/leboxi.eu\\\/sl\\\/#\\\/schema\\\/logo\\\/image\\\/\"},\"sameAs\":[\"https:\\\/\\\/www.facebook.com\\\/leboxi.eu\",\"https:\\\/\\\/www.instagram.com\\\/le.boxi\\\/\"]}]}<\/script>\n<!-- \/ Yoast SEO plugin. -->","yoast_head_json":{"title":"Valentinovo darilo | Darilna \u0161katla - 4 peresna deteljica | Le Boxi","description":"Tako kot \u0161tiri peresna deteljica, tudi ta darilni set prina\u0161a sre\u010do za va\u0161o ko\u017eo! Tri naravna negovalna mila bodo va\u0161o ko\u017eo naredila neverjetno mehko. Unikatno valentinovo darilo.","robots":{"index":"index","follow":"follow","max-snippet":"max-snippet:-1","max-image-preview":"max-image-preview:large","max-video-preview":"max-video-preview:-1"},"canonical":"https:\/\/leboxi.eu\/sl\/izdelek\/darilna-skatla-4-peresna-deteljica\/","og_locale":"sl_SI","og_type":"article","og_title":"Valentinovo darilo | Darilna \u0161katla - 4 peresna deteljica | Le Boxi","og_description":"Tako kot \u0161tiri peresna deteljica, tudi ta darilni set prina\u0161a sre\u010do za va\u0161o ko\u017eo! Tri naravna negovalna mila bodo va\u0161o ko\u017eo naredila neverjetno mehko. Unikatno valentinovo darilo.","og_url":"https:\/\/leboxi.eu\/sl\/izdelek\/darilna-skatla-4-peresna-deteljica\/","og_site_name":"Le Boxi | Unikatna darila za vsakogar","article_publisher":"https:\/\/www.facebook.com\/leboxi.eu","article_modified_time":"2024-08-18T18:20:43+00:00","og_image":[{"width":1000,"height":1000,"url":"https:\/\/leboxi.eu\/wp-content\/uploads\/2021\/04\/Izdelek-97-of-339.jpg","type":"image\/jpeg"}],"twitter_card":"summary_large_image","twitter_misc":{"Est. reading time":"3 minuta"},"schema":{"@context":"https:\/\/schema.org","@graph":[{"@type":"WebPage","@id":"https:\/\/leboxi.eu\/sl\/izdelek\/darilna-skatla-4-peresna-deteljica\/","url":"https:\/\/leboxi.eu\/sl\/izdelek\/darilna-skatla-4-peresna-deteljica\/","name":"Valentinovo darilo | Darilna \u0161katla - 4 peresna deteljica | Le Boxi","isPartOf":{"@id":"https:\/\/leboxi.eu\/sl\/#website"},"primaryImageOfPage":{"@id":"https:\/\/leboxi.eu\/sl\/izdelek\/darilna-skatla-4-peresna-deteljica\/#primaryimage"},"image":{"@id":"https:\/\/leboxi.eu\/sl\/izdelek\/darilna-skatla-4-peresna-deteljica\/#primaryimage"},"thumbnailUrl":"https:\/\/leboxi.eu\/wp-content\/uploads\/2021\/04\/Izdelek-97-of-339.jpg","datePublished":"2024-03-09T17:20:42+00:00","dateModified":"2024-08-18T18:20:43+00:00","description":"Tako kot \u0161tiri peresna deteljica, tudi ta darilni set prina\u0161a sre\u010do za va\u0161o ko\u017eo! Tri naravna negovalna mila bodo va\u0161o ko\u017eo naredila neverjetno mehko. Unikatno valentinovo darilo.","breadcrumb":{"@id":"https:\/\/leboxi.eu\/sl\/izdelek\/darilna-skatla-4-peresna-deteljica\/#breadcrumb"},"inLanguage":"sl-SI","potentialAction":[{"@type":"ReadAction","target":["https:\/\/leboxi.eu\/sl\/izdelek\/darilna-skatla-4-peresna-deteljica\/"]}]},{"@type":"ImageObject","inLanguage":"sl-SI","@id":"https:\/\/leboxi.eu\/sl\/izdelek\/darilna-skatla-4-peresna-deteljica\/#primaryimage","url":"https:\/\/leboxi.eu\/wp-content\/uploads\/2021\/04\/Izdelek-97-of-339.jpg","contentUrl":"https:\/\/leboxi.eu\/wp-content\/uploads\/2021\/04\/Izdelek-97-of-339.jpg","width":1000,"height":1000,"caption":"Darilna \u0161katla s tremi naravnimi mili ter podstavkom za milo iz magahonija"},{"@type":"BreadcrumbList","@id":"https:\/\/leboxi.eu\/sl\/izdelek\/darilna-skatla-4-peresna-deteljica\/#breadcrumb","itemListElement":[{"@type":"ListItem","position":1,"name":"Doma","item":"https:\/\/leboxi.eu\/sl\/"},{"@type":"ListItem","position":2,"name":"Trgovina","item":"https:\/\/leboxi.eu\/sl\/trgovina\/"},{"@type":"ListItem","position":3,"name":"Darilna \u0161katla \u2013 4 peresna deteljica"}]},{"@type":"WebSite","@id":"https:\/\/leboxi.eu\/sl\/#website","url":"https:\/\/leboxi.eu\/sl\/","name":"Le Boxi | Unikatna darila za vsakogar","description":"Unikatna darila in darilne \u0161katle za vse prilo\u017enosti.","publisher":{"@id":"https:\/\/leboxi.eu\/sl\/#organization"},"potentialAction":[{"@type":"SearchAction","target":{"@type":"EntryPoint","urlTemplate":"https:\/\/leboxi.eu\/sl\/?s={search_term_string}"},"query-input":{"@type":"PropertyValueSpecification","valueRequired":true,"valueName":"search_term_string"}}],"inLanguage":"sl-SI"},{"@type":"Organization","@id":"https:\/\/leboxi.eu\/sl\/#organization","name":"LE BOXI","url":"https:\/\/leboxi.eu\/sl\/","logo":{"@type":"ImageObject","inLanguage":"sl-SI","@id":"https:\/\/leboxi.eu\/sl\/#\/schema\/logo\/image\/","url":"https:\/\/leboxi.eu\/wp-content\/uploads\/2021\/02\/LeBoxi-manjsi-png.png","contentUrl":"https:\/\/leboxi.eu\/wp-content\/uploads\/2021\/02\/LeBoxi-manjsi-png.png","width":389,"height":164,"caption":"LE BOXI"},"image":{"@id":"https:\/\/leboxi.eu\/sl\/#\/schema\/logo\/image\/"},"sameAs":["https:\/\/www.facebook.com\/leboxi.eu","https:\/\/www.instagram.com\/le.boxi\/"]}]}},"tiered_pricing_type":"fixed","tiered_pricing_fixed_rules":[],"tiered_pricing_product_settings":{"layout":"default","base_unit_name":{"singular":null,"plural":null},"default_variation":null},"tiered_pricing_minimum_quantity":null,"tiered_pricing_roles_data":[],"tiered_pricing_percentage_rules":[],"_links":{"self":[{"href":"https:\/\/leboxi.eu\/sl\/wp-json\/wp\/v2\/product\/17591","targetHints":{"allow":["GET"]}}],"collection":[{"href":"https:\/\/leboxi.eu\/sl\/wp-json\/wp\/v2\/product"}],"about":[{"href":"https:\/\/leboxi.eu\/sl\/wp-json\/wp\/v2\/types\/product"}],"replies":[{"embeddable":true,"href":"https:\/\/leboxi.eu\/sl\/wp-json\/wp\/v2\/comments?post=17591"}],"version-history":[{"count":0,"href":"https:\/\/leboxi.eu\/sl\/wp-json\/wp\/v2\/product\/17591\/revisions"}],"wp:featuredmedia":[{"embeddable":true,"href":"https:\/\/leboxi.eu\/sl\/wp-json\/wp\/v2\/media\/2423"}],"wp:attachment":[{"href":"https:\/\/leboxi.eu\/sl\/wp-json\/wp\/v2\/media?parent=17591"}],"wp:term":[{"taxonomy":"product_brand","embeddable":true,"href":"https:\/\/leboxi.eu\/sl\/wp-json\/wp\/v2\/product_brand?post=17591"},{"taxonomy":"product_cat","embeddable":true,"href":"https:\/\/leboxi.eu\/sl\/wp-json\/wp\/v2\/product_cat?post=17591"},{"taxonomy":"product_tag","embeddable":true,"href":"https:\/\/leboxi.eu\/sl\/wp-json\/wp\/v2\/product_tag?post=17591"}],"curies":[{"name":"wp","href":"https:\/\/api.w.org\/{rel}","templated":true}]}}