{"id":15334,"date":"2023-11-21T14:35:09","date_gmt":"2023-11-21T13:35:09","guid":{"rendered":"https:\/\/leboxi.eu\/?post_type=product&#038;p=15334"},"modified":"2026-01-08T16:08:00","modified_gmt":"2026-01-08T15:08:00","slug":"bozicni-loto-podrgni-me-cestitka","status":"publish","type":"product","link":"https:\/\/leboxi.eu\/sl\/izdelek\/bozicni-loto-podrgni-me-cestitka\/","title":{"rendered":"Bo\u017ei\u010dni LOTO \u2013 podrgni me \u010destitka"},"content":{"rendered":"<p>Ta &#8220;podrgni me&#8221; \u010destitka za bo\u017ei\u010d bo zagotovo darilo, ki ga \u0161e dolgo ne bo pozabil\/a <img decoding=\"async\" class=\"emoji\" role=\"img\" src=\"https:\/\/s.w.org\/images\/core\/emoji\/13.1.0\/svg\/1f609.svg\" alt=\"????\" \/><\/p>\n<p>Naj se zabaven, unikaten in seksi\u00a0 bo\u017ei\u010dni\u00a0<span style=\"font-size: 16px; font-style: normal; font-weight: 400;\">ve\u010der <\/span><span style=\"font-size: 16px;\">pri\u010dne ZDAJ! <\/span><span class=\"emoji\">????<\/span><\/p>\n","protected":false},"excerpt":{"rendered":"<p style=\"font-weight: 400;\">Ta \u201cpodrgni me\u201d neprimerna bo\u017ei\u010dna vizitka je zabavna, unikatna in seksi popestritev bo\u017ei\u010dnega ve\u010dera!<\/p>\n<p style=\"font-weight: 400;\">Podarite jo kot samostojno darilo ali kot piko na i va\u0161emu bo\u017ei\u010dnemu darilu. Zagotovo je to bo\u017ei\u010dno darilo, ki ga \u0161e dolgo ne bosta pozabila. Kartica je velikost 148 x 105 mm in prilo\u017eena v kuverti. Na zadnji (prazni) strani lahko pripi\u0161ete \u0161e svoje vro\u010de sporo\u010dilo. 100% seksi, 100% zabavno in 100% nepozabno darilo za oba!<\/p>\n<p style=\"font-weight: 400;\">\u010ce \u017eelite bomo va\u0161e darilo obdarovancu dostavili mi, seveda pa ob dostavi ne bomo prilo\u017eili ra\u010duna. Le-tega boste prejeli vi.<\/p>\n<p>&nbsp;<\/p>\n","protected":false},"featured_media":4672,"comment_status":"open","ping_status":"closed","template":"","meta":{"site-sidebar-layout":"default","site-content-layout":"","ast-site-content-layout":"default","site-content-style":"default","site-sidebar-style":"default","ast-global-header-display":"","ast-banner-title-visibility":"","ast-main-header-display":"","ast-hfb-above-header-display":"","ast-hfb-below-header-display":"","ast-hfb-mobile-header-display":"","site-post-title":"","ast-breadcrumbs-content":"","ast-featured-img":"","footer-sml-layout":"","ast-disable-related-posts":"","theme-transparent-header-meta":"default","adv-header-id-meta":"","stick-header-meta":"","header-above-stick-meta":"","header-main-stick-meta":"","header-below-stick-meta":"","astra-migrate-meta-layouts":"set","ast-page-background-enabled":"default","ast-page-background-meta":{"desktop":{"background-color":"","background-image":"","background-repeat":"repeat","background-position":"center center","background-size":"auto","background-attachment":"scroll","background-type":"","background-media":"","overlay-type":"","overlay-color":"","overlay-opacity":"","overlay-gradient":""},"tablet":{"background-color":"","background-image":"","background-repeat":"repeat","background-position":"center center","background-size":"auto","background-attachment":"scroll","background-type":"","background-media":"","overlay-type":"","overlay-color":"","overlay-opacity":"","overlay-gradient":""},"mobile":{"background-color":"","background-image":"","background-repeat":"repeat","background-position":"center center","background-size":"auto","background-attachment":"scroll","background-type":"","background-media":"","overlay-type":"","overlay-color":"","overlay-opacity":"","overlay-gradient":""}},"ast-content-background-meta":{"desktop":{"background-color":"var(--ast-global-color-5)","background-image":"","background-repeat":"repeat","background-position":"center center","background-size":"auto","background-attachment":"scroll","background-type":"","background-media":"","overlay-type":"","overlay-color":"","overlay-opacity":"","overlay-gradient":""},"tablet":{"background-color":"var(--ast-global-color-5)","background-image":"","background-repeat":"repeat","background-position":"center center","background-size":"auto","background-attachment":"scroll","background-type":"","background-media":"","overlay-type":"","overlay-color":"","overlay-opacity":"","overlay-gradient":""},"mobile":{"background-color":"var(--ast-global-color-5)","background-image":"","background-repeat":"repeat","background-position":"center center","background-size":"auto","background-attachment":"scroll","background-type":"","background-media":"","overlay-type":"","overlay-color":"","overlay-opacity":"","overlay-gradient":""}}},"product_brand":[],"product_cat":[160,184,186,118,116,130,164,176,178,122,24,49,187,146,132,142,15,27],"product_tag":[],"class_list":{"0":"post-15334","1":"product","2":"type-product","3":"status-publish","4":"has-post-thumbnail","6":"product_cat-darila-za-bozic","7":"product_cat-darila-za-bozic-za-moske","8":"product_cat-darila-za-bozic-za-zenske","9":"product_cat-darila-za-fanta","10":"product_cat-darila-za-moske","11":"product_cat-darila-za-punco","12":"product_cat-darila-za-rojstni-dan","13":"product_cat-za-moske","14":"product_cat-za-zenske","15":"product_cat-darila-za-zenske","16":"product_cat-moski","17":"product_cat-neprimerna","18":"product_cat-neprimerne-cestitke","19":"product_cat-priloznosti","20":"product_cat-smesna-darila","21":"product_cat-smesna-darila-za-bozic","22":"product_cat-splosna","23":"product_cat-zenske","24":"desktop-align-left","25":"tablet-align-left","26":"mobile-align-left","28":"first","29":"instock","30":"taxable","31":"shipping-taxable","32":"purchasable","33":"product-type-simple"},"yoast_head":"<!-- This site is optimized with the Yoast SEO plugin v27.3 - https:\/\/yoast.com\/product\/yoast-seo-wordpress\/ -->\n<title>Le Boxi | Unikatna darila za vsakogar<\/title>\n<meta name=\"robots\" content=\"index, follow, max-snippet:-1, max-image-preview:large, max-video-preview:-1\" \/>\n<link rel=\"canonical\" href=\"https:\/\/leboxi.eu\/sl\/izdelek\/bozicni-loto-podrgni-me-cestitka\/\" \/>\n<meta property=\"og:locale\" content=\"sl_SI\" \/>\n<meta property=\"og:type\" content=\"article\" \/>\n<meta property=\"og:title\" content=\"Le Boxi | Unikatna darila za vsakogar\" \/>\n<meta property=\"og:description\" content=\"Ta \u201cpodrgni me\u201d neprimerna bo\u017ei\u010dna vizitka je zabavna, unikatna in seksi popestritev bo\u017ei\u010dnega ve\u010dera! Podarite jo kot samostojno darilo ali kot piko na i va\u0161emu bo\u017ei\u010dnemu darilu. Zagotovo je to bo\u017ei\u010dno darilo, ki ga \u0161e dolgo ne bosta pozabila. Kartica je velikost 148 x 105 mm in prilo\u017eena v kuverti. Na zadnji (prazni) strani lahko pripi\u0161ete \u0161e svoje vro\u010de sporo\u010dilo. 100% seksi, 100% zabavno in 100% nepozabno darilo za oba! \u010ce \u017eelite bomo va\u0161e darilo obdarovancu dostavili mi, seveda pa ob dostavi ne bomo prilo\u017eili ra\u010duna. Le-tega boste prejeli vi. &nbsp;\" \/>\n<meta property=\"og:url\" content=\"https:\/\/leboxi.eu\/sl\/izdelek\/bozicni-loto-podrgni-me-cestitka\/\" \/>\n<meta property=\"og:site_name\" content=\"Le Boxi | Unikatna darila za vsakogar\" \/>\n<meta property=\"article:publisher\" content=\"https:\/\/www.facebook.com\/leboxi.eu\" \/>\n<meta property=\"article:modified_time\" content=\"2026-01-08T15:08:00+00:00\" \/>\n<meta property=\"og:image\" content=\"https:\/\/leboxi.eu\/wp-content\/uploads\/2021\/12\/Bozicni-loto.jpg\" \/>\n\t<meta property=\"og:image:width\" content=\"1000\" \/>\n\t<meta property=\"og:image:height\" content=\"1000\" \/>\n\t<meta property=\"og:image:type\" content=\"image\/jpeg\" \/>\n<meta name=\"twitter:card\" content=\"summary_large_image\" \/>\n<script type=\"application\/ld+json\" class=\"yoast-schema-graph\">{\"@context\":\"https:\\\/\\\/schema.org\",\"@graph\":[{\"@type\":\"WebPage\",\"@id\":\"https:\\\/\\\/leboxi.eu\\\/sl\\\/izdelek\\\/bozicni-loto-podrgni-me-cestitka\\\/\",\"url\":\"https:\\\/\\\/leboxi.eu\\\/sl\\\/izdelek\\\/bozicni-loto-podrgni-me-cestitka\\\/\",\"name\":\"Le Boxi | Unikatna darila za vsakogar\",\"isPartOf\":{\"@id\":\"https:\\\/\\\/leboxi.eu\\\/sl\\\/#website\"},\"primaryImageOfPage\":{\"@id\":\"https:\\\/\\\/leboxi.eu\\\/sl\\\/izdelek\\\/bozicni-loto-podrgni-me-cestitka\\\/#primaryimage\"},\"image\":{\"@id\":\"https:\\\/\\\/leboxi.eu\\\/sl\\\/izdelek\\\/bozicni-loto-podrgni-me-cestitka\\\/#primaryimage\"},\"thumbnailUrl\":\"https:\\\/\\\/leboxi.eu\\\/wp-content\\\/uploads\\\/2021\\\/12\\\/Bozicni-loto.jpg\",\"datePublished\":\"2023-11-21T13:35:09+00:00\",\"dateModified\":\"2026-01-08T15:08:00+00:00\",\"breadcrumb\":{\"@id\":\"https:\\\/\\\/leboxi.eu\\\/sl\\\/izdelek\\\/bozicni-loto-podrgni-me-cestitka\\\/#breadcrumb\"},\"inLanguage\":\"sl-SI\",\"potentialAction\":[{\"@type\":\"ReadAction\",\"target\":[\"https:\\\/\\\/leboxi.eu\\\/sl\\\/izdelek\\\/bozicni-loto-podrgni-me-cestitka\\\/\"]}]},{\"@type\":\"ImageObject\",\"inLanguage\":\"sl-SI\",\"@id\":\"https:\\\/\\\/leboxi.eu\\\/sl\\\/izdelek\\\/bozicni-loto-podrgni-me-cestitka\\\/#primaryimage\",\"url\":\"https:\\\/\\\/leboxi.eu\\\/wp-content\\\/uploads\\\/2021\\\/12\\\/Bozicni-loto.jpg\",\"contentUrl\":\"https:\\\/\\\/leboxi.eu\\\/wp-content\\\/uploads\\\/2021\\\/12\\\/Bozicni-loto.jpg\",\"width\":1000,\"height\":1000,\"caption\":\"Bo\u017ei\u010dna vizitka bo\u017ei\u010dni loto\"},{\"@type\":\"BreadcrumbList\",\"@id\":\"https:\\\/\\\/leboxi.eu\\\/sl\\\/izdelek\\\/bozicni-loto-podrgni-me-cestitka\\\/#breadcrumb\",\"itemListElement\":[{\"@type\":\"ListItem\",\"position\":1,\"name\":\"Doma\",\"item\":\"https:\\\/\\\/leboxi.eu\\\/sl\\\/\"},{\"@type\":\"ListItem\",\"position\":2,\"name\":\"Trgovina\",\"item\":\"https:\\\/\\\/leboxi.eu\\\/sl\\\/trgovina\\\/\"},{\"@type\":\"ListItem\",\"position\":3,\"name\":\"Bo\u017ei\u010dni LOTO \u2013 podrgni me \u010destitka\"}]},{\"@type\":\"WebSite\",\"@id\":\"https:\\\/\\\/leboxi.eu\\\/sl\\\/#website\",\"url\":\"https:\\\/\\\/leboxi.eu\\\/sl\\\/\",\"name\":\"Le Boxi | Unikatna darila za vsakogar\",\"description\":\"Unikatna darila in darilne \u0161katle za vse prilo\u017enosti.\",\"publisher\":{\"@id\":\"https:\\\/\\\/leboxi.eu\\\/sl\\\/#organization\"},\"potentialAction\":[{\"@type\":\"SearchAction\",\"target\":{\"@type\":\"EntryPoint\",\"urlTemplate\":\"https:\\\/\\\/leboxi.eu\\\/sl\\\/?s={search_term_string}\"},\"query-input\":{\"@type\":\"PropertyValueSpecification\",\"valueRequired\":true,\"valueName\":\"search_term_string\"}}],\"inLanguage\":\"sl-SI\"},{\"@type\":\"Organization\",\"@id\":\"https:\\\/\\\/leboxi.eu\\\/sl\\\/#organization\",\"name\":\"LE BOXI\",\"url\":\"https:\\\/\\\/leboxi.eu\\\/sl\\\/\",\"logo\":{\"@type\":\"ImageObject\",\"inLanguage\":\"sl-SI\",\"@id\":\"https:\\\/\\\/leboxi.eu\\\/sl\\\/#\\\/schema\\\/logo\\\/image\\\/\",\"url\":\"https:\\\/\\\/leboxi.eu\\\/wp-content\\\/uploads\\\/2021\\\/02\\\/LeBoxi-manjsi-png.png\",\"contentUrl\":\"https:\\\/\\\/leboxi.eu\\\/wp-content\\\/uploads\\\/2021\\\/02\\\/LeBoxi-manjsi-png.png\",\"width\":389,\"height\":164,\"caption\":\"LE BOXI\"},\"image\":{\"@id\":\"https:\\\/\\\/leboxi.eu\\\/sl\\\/#\\\/schema\\\/logo\\\/image\\\/\"},\"sameAs\":[\"https:\\\/\\\/www.facebook.com\\\/leboxi.eu\",\"https:\\\/\\\/www.instagram.com\\\/le.boxi\\\/\"]}]}<\/script>\n<!-- \/ Yoast SEO plugin. -->","yoast_head_json":{"title":"Le Boxi | Unikatna darila za vsakogar","robots":{"index":"index","follow":"follow","max-snippet":"max-snippet:-1","max-image-preview":"max-image-preview:large","max-video-preview":"max-video-preview:-1"},"canonical":"https:\/\/leboxi.eu\/sl\/izdelek\/bozicni-loto-podrgni-me-cestitka\/","og_locale":"sl_SI","og_type":"article","og_title":"Le Boxi | Unikatna darila za vsakogar","og_description":"Ta \u201cpodrgni me\u201d neprimerna bo\u017ei\u010dna vizitka je zabavna, unikatna in seksi popestritev bo\u017ei\u010dnega ve\u010dera! Podarite jo kot samostojno darilo ali kot piko na i va\u0161emu bo\u017ei\u010dnemu darilu. Zagotovo je to bo\u017ei\u010dno darilo, ki ga \u0161e dolgo ne bosta pozabila. Kartica je velikost 148 x 105 mm in prilo\u017eena v kuverti. Na zadnji (prazni) strani lahko pripi\u0161ete \u0161e svoje vro\u010de sporo\u010dilo. 100% seksi, 100% zabavno in 100% nepozabno darilo za oba! \u010ce \u017eelite bomo va\u0161e darilo obdarovancu dostavili mi, seveda pa ob dostavi ne bomo prilo\u017eili ra\u010duna. Le-tega boste prejeli vi. &nbsp;","og_url":"https:\/\/leboxi.eu\/sl\/izdelek\/bozicni-loto-podrgni-me-cestitka\/","og_site_name":"Le Boxi | Unikatna darila za vsakogar","article_publisher":"https:\/\/www.facebook.com\/leboxi.eu","article_modified_time":"2026-01-08T15:08:00+00:00","og_image":[{"width":1000,"height":1000,"url":"https:\/\/leboxi.eu\/wp-content\/uploads\/2021\/12\/Bozicni-loto.jpg","type":"image\/jpeg"}],"twitter_card":"summary_large_image","schema":{"@context":"https:\/\/schema.org","@graph":[{"@type":"WebPage","@id":"https:\/\/leboxi.eu\/sl\/izdelek\/bozicni-loto-podrgni-me-cestitka\/","url":"https:\/\/leboxi.eu\/sl\/izdelek\/bozicni-loto-podrgni-me-cestitka\/","name":"Le Boxi | Unikatna darila za vsakogar","isPartOf":{"@id":"https:\/\/leboxi.eu\/sl\/#website"},"primaryImageOfPage":{"@id":"https:\/\/leboxi.eu\/sl\/izdelek\/bozicni-loto-podrgni-me-cestitka\/#primaryimage"},"image":{"@id":"https:\/\/leboxi.eu\/sl\/izdelek\/bozicni-loto-podrgni-me-cestitka\/#primaryimage"},"thumbnailUrl":"https:\/\/leboxi.eu\/wp-content\/uploads\/2021\/12\/Bozicni-loto.jpg","datePublished":"2023-11-21T13:35:09+00:00","dateModified":"2026-01-08T15:08:00+00:00","breadcrumb":{"@id":"https:\/\/leboxi.eu\/sl\/izdelek\/bozicni-loto-podrgni-me-cestitka\/#breadcrumb"},"inLanguage":"sl-SI","potentialAction":[{"@type":"ReadAction","target":["https:\/\/leboxi.eu\/sl\/izdelek\/bozicni-loto-podrgni-me-cestitka\/"]}]},{"@type":"ImageObject","inLanguage":"sl-SI","@id":"https:\/\/leboxi.eu\/sl\/izdelek\/bozicni-loto-podrgni-me-cestitka\/#primaryimage","url":"https:\/\/leboxi.eu\/wp-content\/uploads\/2021\/12\/Bozicni-loto.jpg","contentUrl":"https:\/\/leboxi.eu\/wp-content\/uploads\/2021\/12\/Bozicni-loto.jpg","width":1000,"height":1000,"caption":"Bo\u017ei\u010dna vizitka bo\u017ei\u010dni loto"},{"@type":"BreadcrumbList","@id":"https:\/\/leboxi.eu\/sl\/izdelek\/bozicni-loto-podrgni-me-cestitka\/#breadcrumb","itemListElement":[{"@type":"ListItem","position":1,"name":"Doma","item":"https:\/\/leboxi.eu\/sl\/"},{"@type":"ListItem","position":2,"name":"Trgovina","item":"https:\/\/leboxi.eu\/sl\/trgovina\/"},{"@type":"ListItem","position":3,"name":"Bo\u017ei\u010dni LOTO \u2013 podrgni me \u010destitka"}]},{"@type":"WebSite","@id":"https:\/\/leboxi.eu\/sl\/#website","url":"https:\/\/leboxi.eu\/sl\/","name":"Le Boxi | Unikatna darila za vsakogar","description":"Unikatna darila in darilne \u0161katle za vse prilo\u017enosti.","publisher":{"@id":"https:\/\/leboxi.eu\/sl\/#organization"},"potentialAction":[{"@type":"SearchAction","target":{"@type":"EntryPoint","urlTemplate":"https:\/\/leboxi.eu\/sl\/?s={search_term_string}"},"query-input":{"@type":"PropertyValueSpecification","valueRequired":true,"valueName":"search_term_string"}}],"inLanguage":"sl-SI"},{"@type":"Organization","@id":"https:\/\/leboxi.eu\/sl\/#organization","name":"LE BOXI","url":"https:\/\/leboxi.eu\/sl\/","logo":{"@type":"ImageObject","inLanguage":"sl-SI","@id":"https:\/\/leboxi.eu\/sl\/#\/schema\/logo\/image\/","url":"https:\/\/leboxi.eu\/wp-content\/uploads\/2021\/02\/LeBoxi-manjsi-png.png","contentUrl":"https:\/\/leboxi.eu\/wp-content\/uploads\/2021\/02\/LeBoxi-manjsi-png.png","width":389,"height":164,"caption":"LE BOXI"},"image":{"@id":"https:\/\/leboxi.eu\/sl\/#\/schema\/logo\/image\/"},"sameAs":["https:\/\/www.facebook.com\/leboxi.eu","https:\/\/www.instagram.com\/le.boxi\/"]}]}},"tiered_pricing_type":"fixed","tiered_pricing_fixed_rules":[],"tiered_pricing_product_settings":{"layout":"default","base_unit_name":{"singular":null,"plural":null},"default_variation":null},"tiered_pricing_minimum_quantity":null,"tiered_pricing_roles_data":[],"tiered_pricing_percentage_rules":[],"_links":{"self":[{"href":"https:\/\/leboxi.eu\/sl\/wp-json\/wp\/v2\/product\/15334","targetHints":{"allow":["GET"]}}],"collection":[{"href":"https:\/\/leboxi.eu\/sl\/wp-json\/wp\/v2\/product"}],"about":[{"href":"https:\/\/leboxi.eu\/sl\/wp-json\/wp\/v2\/types\/product"}],"replies":[{"embeddable":true,"href":"https:\/\/leboxi.eu\/sl\/wp-json\/wp\/v2\/comments?post=15334"}],"version-history":[{"count":1,"href":"https:\/\/leboxi.eu\/sl\/wp-json\/wp\/v2\/product\/15334\/revisions"}],"predecessor-version":[{"id":28583,"href":"https:\/\/leboxi.eu\/sl\/wp-json\/wp\/v2\/product\/15334\/revisions\/28583"}],"wp:featuredmedia":[{"embeddable":true,"href":"https:\/\/leboxi.eu\/sl\/wp-json\/wp\/v2\/media\/4672"}],"wp:attachment":[{"href":"https:\/\/leboxi.eu\/sl\/wp-json\/wp\/v2\/media?parent=15334"}],"wp:term":[{"taxonomy":"product_brand","embeddable":true,"href":"https:\/\/leboxi.eu\/sl\/wp-json\/wp\/v2\/product_brand?post=15334"},{"taxonomy":"product_cat","embeddable":true,"href":"https:\/\/leboxi.eu\/sl\/wp-json\/wp\/v2\/product_cat?post=15334"},{"taxonomy":"product_tag","embeddable":true,"href":"https:\/\/leboxi.eu\/sl\/wp-json\/wp\/v2\/product_tag?post=15334"}],"curies":[{"name":"wp","href":"https:\/\/api.w.org\/{rel}","templated":true}]}}