{"id":29984,"date":"2021-03-08T20:23:46","date_gmt":"2021-03-08T19:23:46","guid":{"rendered":"https:\/\/leboxi.eu\/izdelek\/slonik-pre-babatka\/"},"modified":"2026-02-08T21:22:28","modified_gmt":"2026-02-08T20:22:28","slug":"slonik-pre-babatka","status":"publish","type":"product","link":"https:\/\/leboxi.eu\/sk\/produkt\/slonik-pre-babatka\/","title":{"rendered":"Slon\u00edk pre b\u00e1b\u00e4tk\u00e1"},"content":{"rendered":"<p><strong>Slon\u00edk pre b\u00e1b\u00e4tk\u00e1 \u2013 Nech v\u00e1\u0161 drob\u010dek zasp\u00e1va \u0161\u0165astne a bezpe\u010dne!<\/strong><\/p>\n<p>M\u00e1te probl\u00e9my s usp\u00e1van\u00edm svojho b\u00e1b\u00e4tka? N\u00e1\u0161 mimoriadne pohodln\u00fd a roztomil\u00fd slon\u00edk bude va\u0161\u00edm vyslobodite\u013eom! Tento sympatick\u00fd slon\u00edk pre b\u00e1b\u00e4tk\u00e1 poskytne v\u00e1\u0161mu die\u0165a\u0165u po\u010das sp\u00e1nku vhodn\u00fa oporu. Mimoriadne pohodln\u00fd a roztomil\u00fd detsk\u00fd vank\u00fa\u0161 v tvare slon\u00edka m\u00f4\u017ee by\u0165 aj kr\u00e1snym narodeninov\u00fdm dar\u010dekom pre star\u0161ie die\u0165a.   <\/p>\n<p><strong>Podrobnosti:<\/strong><\/p>\n<p>Zlo\u017eenie: Polyester<\/p>\n<p>Rozmery: 60 x 20 x 40 cm<\/p>\n<p>Hmotnos\u0165: 765 g<\/p>\n<p>K dar\u010deku m\u00f4\u017eete prilo\u017ei\u0165 aj <strong><a href=\"https:\/\/leboxi.eu\/izdelki\/cestitka-ob-rojstvu\/\">personalizovan\u00e9 blaho\u017eelanie <\/a><\/strong>(+3,95 eur).<\/p>\n<p>Ak chcete, doru\u010d\u00edme v\u00e1\u0161 dar\u010dek obdarovan\u00e9mu, samozrejme bez prilo\u017eenia fakt\u00fary. T\u00fa obdr\u017e\u00edte iba vy. <\/p>\n<p>&nbsp;<\/p>\n<p>Ako \u010dere\u0161ni\u010dku na torte m\u00f4\u017eete svoj dar\u010dek vylep\u0161i\u0165 <a href=\"https:\/\/leboxi.eu\/blog\/posvetilo-darilni-listki\/\">dar\u010dekov\u00fdmi karti\u010dkami<\/a>, na ktor\u00fdch v\u00fdrobu n\u00e1jdete n\u00e1vod na na\u0161om blogu.<\/p>\n","protected":false},"excerpt":{"rendered":"<p>O\u010darte svoje die\u0165a t\u00fdmto mimoriadne roztomil\u00fdm a u\u017eito\u010dn\u00fdm slon\u00edkom. Zaistite mu \u0161\u0165astn\u00e9 a bezpe\u010dn\u00e9 noci a obdarujte ho priate\u013eom, ktor\u00fd ho bude v\u017edy sprev\u00e1dza\u0165. Nech v\u00e1\u0161 drob\u010dek z\u00edska najlep\u0161ieho priate\u013ea \u2013 slon\u00edka pre b\u00e1b\u00e4tk\u00e1.  <\/p>\n<p><strong>M\u00e4kk\u00e1 opora pre najmen\u0161\u00edch<\/strong>. Slon\u00edk pre b\u00e1b\u00e4tk\u00e1 je viac ne\u017e len hra\u010dka. Je to priate\u013e, ktor\u00fd v\u00e1\u0161mu die\u0165a\u0165u poskytne pocit pohodlia a bezpe\u010dia po\u010das sp\u00e1nku. V\u010faka jeho roztomil\u00e9mu tvaru a jemnej text\u00fare sa k nemu v\u00e1\u0161 drob\u010dek \u013eahko prit\u00fali, tak\u017ee zasp\u00ed \u0161\u0165astn\u00fd a pokojn\u00fd.  <\/p>\n<p><strong>Pokojn\u00fd sp\u00e1nok pre v\u00e1\u0161ho drob\u010deka<\/strong>. Slon\u00edk je viac ne\u017e len ply\u0161ov\u00e1 hra\u010dka. Je to skvel\u00e1 opora pre b\u00e1b\u00e4tk\u00e1 po\u010das sp\u00e1nku, preto\u017ee zabra\u0148uje zbyto\u010dn\u00e9mu ot\u00e1\u010daniu a pom\u00e1ha udr\u017eiava\u0165 va\u0161e die\u0165a v pohodlnej a bezpe\u010dnej polohe. V\u010faka tomu budete m\u00f4c\u0165 by\u0165 aj vy pokojnej\u0161\u00ed, preto\u017ee budete vedie\u0165, \u017ee je va\u0161e b\u00e1b\u00e4tko v bezpe\u010d\u00ed a \u0161\u0165astn\u00e9.  <\/p>\n<p><strong>Nezabudnute\u013en\u00fd dar\u010dek<\/strong>. Slon\u00edk m\u00f4\u017ee by\u0165 aj nezabudnute\u013en\u00fdm dar\u010dekom, ktor\u00fd zanech\u00e1 trval\u00fd dojem. Nielen\u017ee je u\u017eito\u010dn\u00fd, ale stane sa aj vern\u00fdm spolo\u010dn\u00edkom die\u0165a\u0165a, ktor\u00e9ho nebude chcie\u0165 pusti\u0165. Je to viac ne\u017e len hra\u010dka; je to k\u00fasok detstva, ktor\u00fd zostane v\u00e1\u0161mu drob\u010dekovi v trvalej spomienke.  <\/p>\n<p><strong><a href=\"https:\/\/leboxi.eu\/izdelki\/cestitka-ob-rojstvu\/\">Vhodn\u00fd pre deti v\u0161etk\u00fdch vekov\u00fdch kateg\u00f3ri\u00ed.<\/a><\/strong> Okrem toho, \u017ee je skvelou oporou pre b\u00e1b\u00e4tk\u00e1, je tento sympatick\u00fd slon\u00edk aj v\u00fdbornou hra\u010dkou pre star\u0161ie deti. Jeho roztomil\u00fd tvar a jemn\u00e1 text\u00fara prines\u00fa rados\u0165 a z\u00e1bavu do ka\u017edej dom\u00e1cnosti. <\/p>\n<p>&nbsp;<\/p>\n<p>Objednajte teraz a zaistite svojmu die\u0165a\u0165u pokojn\u00e9 noci a \u0161\u0165astn\u00e9 dni!<\/p>\n<p>&nbsp;<\/p>\n<p>K dar\u010deku m\u00f4\u017eete prilo\u017ei\u0165 aj <a href=\"https:\/\/leboxi.eu\/izdelki\/cestitka-ob-rojstvu\/\">personalizovan\u00e9 blaho\u017eelanie<\/a>.<\/p>\n<p>&nbsp;<\/p>\n<p>Ak chcete, doru\u010d\u00edme v\u00e1\u0161 dar\u010dek obdarovan\u00e9mu, samozrejme bez prilo\u017eenia fakt\u00fary. T\u00fa obdr\u017e\u00edte iba vy. <\/p>\n<p>&nbsp;<\/p>\n","protected":false},"featured_media":29985,"comment_status":"open","ping_status":"closed","template":"","meta":{"site-sidebar-layout":"default","site-content-layout":"default","ast-site-content-layout":"default","site-content-style":"default","site-sidebar-style":"default","ast-global-header-display":"","ast-banner-title-visibility":"","ast-main-header-display":"","ast-hfb-above-header-display":"","ast-hfb-below-header-display":"","ast-hfb-mobile-header-display":"","site-post-title":"","ast-breadcrumbs-content":"","ast-featured-img":"","footer-sml-layout":"","ast-disable-related-posts":"","theme-transparent-header-meta":"default","adv-header-id-meta":"","stick-header-meta":"","header-above-stick-meta":"","header-main-stick-meta":"","header-below-stick-meta":"","astra-migrate-meta-layouts":"default","ast-page-background-enabled":"default","ast-page-background-meta":{"desktop":{"background-color":"","background-image":"","background-repeat":"repeat","background-position":"center center","background-size":"auto","background-attachment":"scroll","background-type":"","background-media":"","overlay-type":"","overlay-color":"","overlay-opacity":"","overlay-gradient":""},"tablet":{"background-color":"","background-image":"","background-repeat":"repeat","background-position":"center center","background-size":"auto","background-attachment":"scroll","background-type":"","background-media":"","overlay-type":"","overlay-color":"","overlay-opacity":"","overlay-gradient":""},"mobile":{"background-color":"","background-image":"","background-repeat":"repeat","background-position":"center center","background-size":"auto","background-attachment":"scroll","background-type":"","background-media":"","overlay-type":"","overlay-color":"","overlay-opacity":"","overlay-gradient":""}},"ast-content-background-meta":{"desktop":{"background-color":"var(--ast-global-color-5)","background-image":"","background-repeat":"repeat","background-position":"center center","background-size":"auto","background-attachment":"scroll","background-type":"","background-media":"","overlay-type":"","overlay-color":"","overlay-opacity":"","overlay-gradient":""},"tablet":{"background-color":"var(--ast-global-color-5)","background-image":"","background-repeat":"repeat","background-position":"center center","background-size":"auto","background-attachment":"scroll","background-type":"","background-media":"","overlay-type":"","overlay-color":"","overlay-opacity":"","overlay-gradient":""},"mobile":{"background-color":"var(--ast-global-color-5)","background-image":"","background-repeat":"repeat","background-position":"center center","background-size":"auto","background-attachment":"scroll","background-type":"","background-media":"","overlay-type":"","overlay-color":"","overlay-opacity":"","overlay-gradient":""}}},"product_brand":[],"product_cat":[458,455,454,447],"product_tag":[],"class_list":{"0":"post-29984","1":"product","2":"type-product","3":"status-publish","4":"has-post-thumbnail","6":"product_cat-darceky-pre-novorodencov","7":"product_cat-darceky-pri-narodeni","8":"product_cat-novorodenci","9":"product_cat-vseobecne","10":"desktop-align-left","11":"tablet-align-left","12":"mobile-align-left","14":"first","15":"instock","16":"taxable","17":"shipping-taxable","18":"purchasable","19":"product-type-simple"},"yoast_head":"<!-- This site is optimized with the Yoast SEO plugin v27.3 - https:\/\/yoast.com\/product\/yoast-seo-wordpress\/ -->\n<title>Slon\u00edk pre b\u00e1b\u00e4tk\u00e1 | Le Boxi<\/title>\n<meta name=\"description\" content=\"Tento sympatick\u00fd slon\u00edk pre b\u00e1b\u00e4tk\u00e1 poskytne vhodn\u00fa oporu po\u010das sp\u00e1nku. Vank\u00fa\u0161u v tvare slon\u00edka sa pote\u0161ia aj v\u00e4\u010d\u0161ie deti.\" \/>\n<meta name=\"robots\" content=\"index, follow, max-snippet:-1, max-image-preview:large, max-video-preview:-1\" \/>\n<link rel=\"canonical\" href=\"https:\/\/leboxi.eu\/sk\/produkt\/slonik-pre-babatka\/\" \/>\n<meta property=\"og:locale\" content=\"sk_SK\" \/>\n<meta property=\"og:type\" content=\"article\" \/>\n<meta property=\"og:title\" content=\"Slon\u00edk pre b\u00e1b\u00e4tk\u00e1 | Le Boxi\" \/>\n<meta property=\"og:description\" content=\"Tento sympatick\u00fd slon\u00edk pre b\u00e1b\u00e4tk\u00e1 poskytne vhodn\u00fa oporu po\u010das sp\u00e1nku. Vank\u00fa\u0161u v tvare slon\u00edka sa pote\u0161ia aj v\u00e4\u010d\u0161ie deti.\" \/>\n<meta property=\"og:url\" content=\"https:\/\/leboxi.eu\/sk\/produkt\/slonik-pre-babatka\/\" \/>\n<meta property=\"og:site_name\" content=\"Le Boxi | Unikatna darila za vsakogar\" \/>\n<meta property=\"article:publisher\" content=\"https:\/\/www.facebook.com\/leboxi.eu\" \/>\n<meta property=\"article:modified_time\" content=\"2026-02-08T20:22:28+00:00\" \/>\n<meta property=\"og:image\" content=\"https:\/\/leboxi.eu\/wp-content\/uploads\/2021\/03\/plisasti-slon.jpg\" \/>\n\t<meta property=\"og:image:width\" content=\"1000\" \/>\n\t<meta property=\"og:image:height\" content=\"1000\" \/>\n\t<meta property=\"og:image:type\" content=\"image\/jpeg\" \/>\n<meta name=\"twitter:card\" content=\"summary_large_image\" \/>\n<meta name=\"twitter:label1\" content=\"Predpokladan\u00fd \u010das \u010d\u00edtania\" \/>\n\t<meta name=\"twitter:data1\" content=\"1 min\u00fata\" \/>\n<script type=\"application\/ld+json\" class=\"yoast-schema-graph\">{\"@context\":\"https:\\\/\\\/schema.org\",\"@graph\":[{\"@type\":\"WebPage\",\"@id\":\"https:\\\/\\\/leboxi.eu\\\/sk\\\/produkt\\\/slonik-pre-babatka\\\/\",\"url\":\"https:\\\/\\\/leboxi.eu\\\/sk\\\/produkt\\\/slonik-pre-babatka\\\/\",\"name\":\"Slon\u00edk pre b\u00e1b\u00e4tk\u00e1 | Le Boxi\",\"isPartOf\":{\"@id\":\"https:\\\/\\\/leboxi.eu\\\/sk\\\/#website\"},\"primaryImageOfPage\":{\"@id\":\"https:\\\/\\\/leboxi.eu\\\/sk\\\/produkt\\\/slonik-pre-babatka\\\/#primaryimage\"},\"image\":{\"@id\":\"https:\\\/\\\/leboxi.eu\\\/sk\\\/produkt\\\/slonik-pre-babatka\\\/#primaryimage\"},\"thumbnailUrl\":\"https:\\\/\\\/leboxi.eu\\\/wp-content\\\/uploads\\\/2021\\\/03\\\/plisasti-slon.jpg\",\"datePublished\":\"2021-03-08T19:23:46+00:00\",\"dateModified\":\"2026-02-08T20:22:28+00:00\",\"description\":\"Tento sympatick\u00fd slon\u00edk pre b\u00e1b\u00e4tk\u00e1 poskytne vhodn\u00fa oporu po\u010das sp\u00e1nku. Vank\u00fa\u0161u v tvare slon\u00edka sa pote\u0161ia aj v\u00e4\u010d\u0161ie deti.\",\"breadcrumb\":{\"@id\":\"https:\\\/\\\/leboxi.eu\\\/sk\\\/produkt\\\/slonik-pre-babatka\\\/#breadcrumb\"},\"inLanguage\":\"sk-SK\",\"potentialAction\":[{\"@type\":\"ReadAction\",\"target\":[\"https:\\\/\\\/leboxi.eu\\\/sk\\\/produkt\\\/slonik-pre-babatka\\\/\"]}]},{\"@type\":\"ImageObject\",\"inLanguage\":\"sk-SK\",\"@id\":\"https:\\\/\\\/leboxi.eu\\\/sk\\\/produkt\\\/slonik-pre-babatka\\\/#primaryimage\",\"url\":\"https:\\\/\\\/leboxi.eu\\\/wp-content\\\/uploads\\\/2021\\\/03\\\/plisasti-slon.jpg\",\"contentUrl\":\"https:\\\/\\\/leboxi.eu\\\/wp-content\\\/uploads\\\/2021\\\/03\\\/plisasti-slon.jpg\",\"width\":1000,\"height\":1000,\"caption\":\"Slon\u010dek za dojen\u010dke\"},{\"@type\":\"BreadcrumbList\",\"@id\":\"https:\\\/\\\/leboxi.eu\\\/sk\\\/produkt\\\/slonik-pre-babatka\\\/#breadcrumb\",\"itemListElement\":[{\"@type\":\"ListItem\",\"position\":1,\"name\":\"Doma\",\"item\":\"https:\\\/\\\/leboxi.eu\\\/sk\\\/originalne-darceky-k-narodeninam-urcene-pre-zeny-muzov-a-novorodencov\\\/\"},{\"@type\":\"ListItem\",\"position\":2,\"name\":\"Obchod\",\"item\":\"https:\\\/\\\/leboxi.eu\\\/sk\\\/obchod\\\/\"},{\"@type\":\"ListItem\",\"position\":3,\"name\":\"Slon\u00edk pre b\u00e1b\u00e4tk\u00e1\"}]},{\"@type\":\"WebSite\",\"@id\":\"https:\\\/\\\/leboxi.eu\\\/sk\\\/#website\",\"url\":\"https:\\\/\\\/leboxi.eu\\\/sk\\\/\",\"name\":\"Le Boxi | Unikatna darila za vsakogar\",\"description\":\"Unikatna darila in darilne \u0161katle za vse prilo\u017enosti.\",\"publisher\":{\"@id\":\"https:\\\/\\\/leboxi.eu\\\/sk\\\/#organization\"},\"potentialAction\":[{\"@type\":\"SearchAction\",\"target\":{\"@type\":\"EntryPoint\",\"urlTemplate\":\"https:\\\/\\\/leboxi.eu\\\/sk\\\/?s={search_term_string}\"},\"query-input\":{\"@type\":\"PropertyValueSpecification\",\"valueRequired\":true,\"valueName\":\"search_term_string\"}}],\"inLanguage\":\"sk-SK\"},{\"@type\":\"Organization\",\"@id\":\"https:\\\/\\\/leboxi.eu\\\/sk\\\/#organization\",\"name\":\"LE BOXI\",\"url\":\"https:\\\/\\\/leboxi.eu\\\/sk\\\/\",\"logo\":{\"@type\":\"ImageObject\",\"inLanguage\":\"sk-SK\",\"@id\":\"https:\\\/\\\/leboxi.eu\\\/sk\\\/#\\\/schema\\\/logo\\\/image\\\/\",\"url\":\"https:\\\/\\\/leboxi.eu\\\/wp-content\\\/uploads\\\/2021\\\/02\\\/LeBoxi-manjsi-png.png\",\"contentUrl\":\"https:\\\/\\\/leboxi.eu\\\/wp-content\\\/uploads\\\/2021\\\/02\\\/LeBoxi-manjsi-png.png\",\"width\":389,\"height\":164,\"caption\":\"LE BOXI\"},\"image\":{\"@id\":\"https:\\\/\\\/leboxi.eu\\\/sk\\\/#\\\/schema\\\/logo\\\/image\\\/\"},\"sameAs\":[\"https:\\\/\\\/www.facebook.com\\\/leboxi.eu\",\"https:\\\/\\\/www.instagram.com\\\/le.boxi\\\/\"]}]}<\/script>\n<!-- \/ Yoast SEO plugin. -->","yoast_head_json":{"title":"Slon\u00edk pre b\u00e1b\u00e4tk\u00e1 | Le Boxi","description":"Tento sympatick\u00fd slon\u00edk pre b\u00e1b\u00e4tk\u00e1 poskytne vhodn\u00fa oporu po\u010das sp\u00e1nku. Vank\u00fa\u0161u v tvare slon\u00edka sa pote\u0161ia aj v\u00e4\u010d\u0161ie deti.","robots":{"index":"index","follow":"follow","max-snippet":"max-snippet:-1","max-image-preview":"max-image-preview:large","max-video-preview":"max-video-preview:-1"},"canonical":"https:\/\/leboxi.eu\/sk\/produkt\/slonik-pre-babatka\/","og_locale":"sk_SK","og_type":"article","og_title":"Slon\u00edk pre b\u00e1b\u00e4tk\u00e1 | Le Boxi","og_description":"Tento sympatick\u00fd slon\u00edk pre b\u00e1b\u00e4tk\u00e1 poskytne vhodn\u00fa oporu po\u010das sp\u00e1nku. Vank\u00fa\u0161u v tvare slon\u00edka sa pote\u0161ia aj v\u00e4\u010d\u0161ie deti.","og_url":"https:\/\/leboxi.eu\/sk\/produkt\/slonik-pre-babatka\/","og_site_name":"Le Boxi | Unikatna darila za vsakogar","article_publisher":"https:\/\/www.facebook.com\/leboxi.eu","article_modified_time":"2026-02-08T20:22:28+00:00","og_image":[{"width":1000,"height":1000,"url":"https:\/\/leboxi.eu\/wp-content\/uploads\/2021\/03\/plisasti-slon.jpg","type":"image\/jpeg"}],"twitter_card":"summary_large_image","twitter_misc":{"Predpokladan\u00fd \u010das \u010d\u00edtania":"1 min\u00fata"},"schema":{"@context":"https:\/\/schema.org","@graph":[{"@type":"WebPage","@id":"https:\/\/leboxi.eu\/sk\/produkt\/slonik-pre-babatka\/","url":"https:\/\/leboxi.eu\/sk\/produkt\/slonik-pre-babatka\/","name":"Slon\u00edk pre b\u00e1b\u00e4tk\u00e1 | Le Boxi","isPartOf":{"@id":"https:\/\/leboxi.eu\/sk\/#website"},"primaryImageOfPage":{"@id":"https:\/\/leboxi.eu\/sk\/produkt\/slonik-pre-babatka\/#primaryimage"},"image":{"@id":"https:\/\/leboxi.eu\/sk\/produkt\/slonik-pre-babatka\/#primaryimage"},"thumbnailUrl":"https:\/\/leboxi.eu\/wp-content\/uploads\/2021\/03\/plisasti-slon.jpg","datePublished":"2021-03-08T19:23:46+00:00","dateModified":"2026-02-08T20:22:28+00:00","description":"Tento sympatick\u00fd slon\u00edk pre b\u00e1b\u00e4tk\u00e1 poskytne vhodn\u00fa oporu po\u010das sp\u00e1nku. Vank\u00fa\u0161u v tvare slon\u00edka sa pote\u0161ia aj v\u00e4\u010d\u0161ie deti.","breadcrumb":{"@id":"https:\/\/leboxi.eu\/sk\/produkt\/slonik-pre-babatka\/#breadcrumb"},"inLanguage":"sk-SK","potentialAction":[{"@type":"ReadAction","target":["https:\/\/leboxi.eu\/sk\/produkt\/slonik-pre-babatka\/"]}]},{"@type":"ImageObject","inLanguage":"sk-SK","@id":"https:\/\/leboxi.eu\/sk\/produkt\/slonik-pre-babatka\/#primaryimage","url":"https:\/\/leboxi.eu\/wp-content\/uploads\/2021\/03\/plisasti-slon.jpg","contentUrl":"https:\/\/leboxi.eu\/wp-content\/uploads\/2021\/03\/plisasti-slon.jpg","width":1000,"height":1000,"caption":"Slon\u010dek za dojen\u010dke"},{"@type":"BreadcrumbList","@id":"https:\/\/leboxi.eu\/sk\/produkt\/slonik-pre-babatka\/#breadcrumb","itemListElement":[{"@type":"ListItem","position":1,"name":"Doma","item":"https:\/\/leboxi.eu\/sk\/originalne-darceky-k-narodeninam-urcene-pre-zeny-muzov-a-novorodencov\/"},{"@type":"ListItem","position":2,"name":"Obchod","item":"https:\/\/leboxi.eu\/sk\/obchod\/"},{"@type":"ListItem","position":3,"name":"Slon\u00edk pre b\u00e1b\u00e4tk\u00e1"}]},{"@type":"WebSite","@id":"https:\/\/leboxi.eu\/sk\/#website","url":"https:\/\/leboxi.eu\/sk\/","name":"Le Boxi | Unikatna darila za vsakogar","description":"Unikatna darila in darilne \u0161katle za vse prilo\u017enosti.","publisher":{"@id":"https:\/\/leboxi.eu\/sk\/#organization"},"potentialAction":[{"@type":"SearchAction","target":{"@type":"EntryPoint","urlTemplate":"https:\/\/leboxi.eu\/sk\/?s={search_term_string}"},"query-input":{"@type":"PropertyValueSpecification","valueRequired":true,"valueName":"search_term_string"}}],"inLanguage":"sk-SK"},{"@type":"Organization","@id":"https:\/\/leboxi.eu\/sk\/#organization","name":"LE BOXI","url":"https:\/\/leboxi.eu\/sk\/","logo":{"@type":"ImageObject","inLanguage":"sk-SK","@id":"https:\/\/leboxi.eu\/sk\/#\/schema\/logo\/image\/","url":"https:\/\/leboxi.eu\/wp-content\/uploads\/2021\/02\/LeBoxi-manjsi-png.png","contentUrl":"https:\/\/leboxi.eu\/wp-content\/uploads\/2021\/02\/LeBoxi-manjsi-png.png","width":389,"height":164,"caption":"LE BOXI"},"image":{"@id":"https:\/\/leboxi.eu\/sk\/#\/schema\/logo\/image\/"},"sameAs":["https:\/\/www.facebook.com\/leboxi.eu","https:\/\/www.instagram.com\/le.boxi\/"]}]}},"tiered_pricing_type":"fixed","tiered_pricing_fixed_rules":[],"tiered_pricing_product_settings":{"layout":"default","base_unit_name":{"singular":null,"plural":null},"default_variation":null},"tiered_pricing_minimum_quantity":null,"tiered_pricing_roles_data":[],"tiered_pricing_percentage_rules":[],"_links":{"self":[{"href":"https:\/\/leboxi.eu\/sk\/wp-json\/wp\/v2\/product\/29984","targetHints":{"allow":["GET"]}}],"collection":[{"href":"https:\/\/leboxi.eu\/sk\/wp-json\/wp\/v2\/product"}],"about":[{"href":"https:\/\/leboxi.eu\/sk\/wp-json\/wp\/v2\/types\/product"}],"replies":[{"embeddable":true,"href":"https:\/\/leboxi.eu\/sk\/wp-json\/wp\/v2\/comments?post=29984"}],"version-history":[{"count":0,"href":"https:\/\/leboxi.eu\/sk\/wp-json\/wp\/v2\/product\/29984\/revisions"}],"wp:featuredmedia":[{"embeddable":true,"href":"https:\/\/leboxi.eu\/sk\/wp-json\/wp\/v2\/media\/29985"}],"wp:attachment":[{"href":"https:\/\/leboxi.eu\/sk\/wp-json\/wp\/v2\/media?parent=29984"}],"wp:term":[{"taxonomy":"product_brand","embeddable":true,"href":"https:\/\/leboxi.eu\/sk\/wp-json\/wp\/v2\/product_brand?post=29984"},{"taxonomy":"product_cat","embeddable":true,"href":"https:\/\/leboxi.eu\/sk\/wp-json\/wp\/v2\/product_cat?post=29984"},{"taxonomy":"product_tag","embeddable":true,"href":"https:\/\/leboxi.eu\/sk\/wp-json\/wp\/v2\/product_tag?post=29984"}],"curies":[{"name":"wp","href":"https:\/\/api.w.org\/{rel}","templated":true}]}}