{"id":29447,"date":"2023-03-26T19:57:37","date_gmt":"2023-03-26T18:57:37","guid":{"rendered":"https:\/\/leboxi.eu\/izdelek\/retiazka-elle-s-fotkou\/"},"modified":"2026-01-20T21:19:01","modified_gmt":"2026-01-20T20:19:01","slug":"retiazka-elle-s-fotkou","status":"publish","type":"product","link":"https:\/\/leboxi.eu\/sk\/produkt\/retiazka-elle-s-fotkou\/","title":{"rendered":"Retiazka ELLE s fotkou"},"content":{"rendered":"<p><strong>Retiazka ELLE<\/strong><\/p>\n<p>Farba: strieborn\u00e1, ru\u017eov\u00e9 zlato, zlat\u00e1<\/p>\n<p>Materi\u00e1l: nehrdzavej\u00faca chirurgick\u00e1 oce\u013e<\/p>\n<p>D\u013a\u017eka retiazky: 50 cm + 5 cm<\/p>\n<p>Ve\u013ekos\u0165 pr\u00edvesku: 2 cm x 1,35 cm<\/p>\n<p>Retiazka ELLE je skvel\u00fdm prekvapen\u00edm pre va\u0161u najdrah\u0161iu. Retiazka je vyroben\u00e1 z nehrdzavej\u00facej chirurgickej ocele. V\u010faka svojmu zlo\u017eeniu je ve\u013emi odoln\u00e1 vo\u010di vonkaj\u0161\u00edm vplyvom. Ak by ste chceli retiazku darova\u0165 ako dar\u010dek, m\u00f4\u017eeme v\u00e1m ju zabali\u0165 do vkusnej dar\u010dekovej krabi\u010dky. Ak by ste chceli retiazku darova\u0165 ako dar\u010dek, m\u00f4\u017eeme v\u00e1m ju zabali\u0165 do vkusnej dar\u010dekovej krabi\u010dky.    <\/p>\n<p>Odpor\u00fa\u010dania na pou\u017eitie: Odpor\u00fa\u010dame \u0161perk odlo\u017ei\u0165 pred k\u00fapan\u00edm\/sprchovan\u00edm, po\u010das sp\u00e1nku a pri \u0161portov\u00fdch aktivit\u00e1ch, aby sa nepo\u0161kodil a zostal \u010do najdlh\u0161ie \u017eiariv\u00fd. \u0160perky nezanech\u00e1vaj\u00fa \u0161kvrny, nemenia farbu, nefarbia poko\u017eku na zeleno a s\u00fa vodoodoln\u00e9. <\/p>\n<h6><strong>Cel\u00fd proces v\u00fdroby personalizovanej retiazky a doru\u010denia na va\u0161u adresu trv\u00e1 20 \u2013 30 dn\u00ed. Retiazka nebude doru\u010den\u00e1 pred t\u00fdmto obdob\u00edm. V pr\u00edpade, \u017ee si objedn\u00e1te aj in\u00e9 produkty, bud\u00fa doru\u010den\u00e9 v samostatnej z\u00e1sielke.   Vzh\u013eadom na s\u00fa\u010dasn\u00fa mimoriadnu situ\u00e1ciu na trhu s\u00fa mo\u017en\u00e9 oneskorenia v doru\u010den\u00ed.<\/strong><\/h6>\n<p>&nbsp;<\/p>\n<h6>\u010eal\u0161ie:<\/h6>\n<p>Ako \u010dere\u0161ni\u010dku na torte m\u00f4\u017eete svoj dar\u010dekov\u00fd set vylep\u0161i\u0165 <a href=\"https:\/\/leboxi.eu\/blog\/posvetilo-darilni-listki\/\">dar\u010dekov\u00fdmi karti\u010dkami,<\/a> na ktor\u00fdch v\u00fdrobu n\u00e1jdete n\u00e1vod na na\u0161om blogu.<\/p>\n<p>Ak chcete, doru\u010d\u00edme v\u00e1\u0161 dar\u010dek obdarovan\u00e9mu, samozrejme bez prilo\u017eenia fakt\u00fary. T\u00fa obdr\u017e\u00edte iba vy. <\/p>\n<p>&nbsp;<\/p>\n<p>Pri personalizovan\u00fdch produktoch kupuj\u00faci <strong>nem\u00e1 pr\u00e1vo<\/strong> na odst\u00fapenie od k\u00fapnej zmluvy. V praxi to znamen\u00e1, \u017ee pri v\u0161etk\u00fdch produktoch vyroben\u00fdch pod\u013ea priania kupuj\u00faceho spotrebite\u013e tovar nevracia, je v\u0161ak povinn\u00fd uhradi\u0165 platbu pod\u013ea uzavretej zmluvy. Pred\u00e1vaj\u00faci nezodpoved\u00e1 za nespr\u00e1vne zvolen\u00e9 mo\u017enosti personaliz\u00e1cie pri n\u00e1kupe (napr. nespr\u00e1vne zvolen\u00fd typ personalizovan\u00e9ho produktu, nespr\u00e1vny v\u00fdber vzoru personaliz\u00e1cie, chyby v pravopise, chyby v d\u00e1tume a pod.).  <\/p>\n","protected":false},"excerpt":{"rendered":"<p>Elegantn\u00e1 retiazka ELLE je unik\u00e1tnym dar\u010dekom pre ka\u017ed\u00fa \u017eenu. Je vyroben\u00e1 z nehrdzavej\u00facej chirurgickej ocele. Ak by ste chceli retiazku darova\u0165 ako dar\u010dek, m\u00f4\u017eeme v\u00e1m ju zabali\u0165 do vkusnej dar\u010dekovej krabi\u010dky.  <\/p>\n<ul>\n<li>D\u013a\u017eka retiazky: 50 cm + 5 cm<\/li>\n<li>Ve\u013ekos\u0165 pr\u00edvesku: 2 cm x 1,35 cm<\/li>\n<li>Materi\u00e1l: nehrdzavej\u00faca oce\u013e<\/li>\n<li>100% hypoalerg\u00e9nne, 100% nezanech\u00e1va \u0161kvrny na poko\u017eke<\/li>\n<li><strong>Dodacia lehota: 20 \u2013 30 dn\u00ed (\u010das v\u00fdroby + doru\u010denie)<\/strong><\/li>\n<\/ul>\n<p>Va\u0161e darilo m\u00f4\u017eeme obdarovan\u00e9mu doru\u010di\u0165 my, pri\u010dom pri doru\u010den\u00ed samozrejme neprilo\u017e\u00edme fakt\u00faru. T\u00fa dostanete vy. <\/p>\n<p>K dar\u010deku m\u00f4\u017eete prilo\u017ei\u0165 aj <strong><a href=\"https:\/\/leboxi.eu\/izdelki\/personalizirana-cestitka\/\">personalizovan\u00e9 blaho\u017eelanie<\/a><\/strong>.<\/p>\n<p>&nbsp;<\/p>\n","protected":false},"featured_media":29448,"comment_status":"open","ping_status":"closed","template":"","meta":{"site-sidebar-layout":"default","site-content-layout":"default","ast-site-content-layout":"default","site-content-style":"default","site-sidebar-style":"default","ast-global-header-display":"","ast-banner-title-visibility":"","ast-main-header-display":"","ast-hfb-above-header-display":"","ast-hfb-below-header-display":"","ast-hfb-mobile-header-display":"","site-post-title":"","ast-breadcrumbs-content":"","ast-featured-img":"","footer-sml-layout":"","ast-disable-related-posts":"","theme-transparent-header-meta":"default","adv-header-id-meta":"","stick-header-meta":"","header-above-stick-meta":"","header-main-stick-meta":"","header-below-stick-meta":"","astra-migrate-meta-layouts":"default","ast-page-background-enabled":"default","ast-page-background-meta":{"desktop":{"background-color":"","background-image":"","background-repeat":"repeat","background-position":"center center","background-size":"auto","background-attachment":"scroll","background-type":"","background-media":"","overlay-type":"","overlay-color":"","overlay-opacity":"","overlay-gradient":""},"tablet":{"background-color":"","background-image":"","background-repeat":"repeat","background-position":"center center","background-size":"auto","background-attachment":"scroll","background-type":"","background-media":"","overlay-type":"","overlay-color":"","overlay-opacity":"","overlay-gradient":""},"mobile":{"background-color":"","background-image":"","background-repeat":"repeat","background-position":"center center","background-size":"auto","background-attachment":"scroll","background-type":"","background-media":"","overlay-type":"","overlay-color":"","overlay-opacity":"","overlay-gradient":""}},"ast-content-background-meta":{"desktop":{"background-color":"var(--ast-global-color-5)","background-image":"","background-repeat":"repeat","background-position":"center center","background-size":"auto","background-attachment":"scroll","background-type":"","background-media":"","overlay-type":"","overlay-color":"","overlay-opacity":"","overlay-gradient":""},"tablet":{"background-color":"var(--ast-global-color-5)","background-image":"","background-repeat":"repeat","background-position":"center center","background-size":"auto","background-attachment":"scroll","background-type":"","background-media":"","overlay-type":"","overlay-color":"","overlay-opacity":"","overlay-gradient":""},"mobile":{"background-color":"var(--ast-global-color-5)","background-image":"","background-repeat":"repeat","background-position":"center center","background-size":"auto","background-attachment":"scroll","background-type":"","background-media":"","overlay-type":"","overlay-color":"","overlay-opacity":"","overlay-gradient":""}}},"product_brand":[],"product_cat":[448,438,440,435,437,442,436,444,434,431,430,432,457,449,433,468,456,447,427],"product_tag":[],"class_list":{"0":"post-29447","1":"product","2":"type-product","3":"status-publish","4":"has-post-thumbnail","6":"product_cat-darceky-k-maternemu-dnu","7":"product_cat-darceky-k-narodeninam","8":"product_cat-darceky-k-narodeninam-pre-zeny","9":"product_cat-darceky-na-den-zien","10":"product_cat-darceky-na-valentina","11":"product_cat-darceky-na-valentina-pre-zeny","12":"product_cat-darceky-na-vianoce","13":"product_cat-darceky-na-vianoce-pre-zeny","14":"product_cat-darceky-pre-kamaratku","15":"product_cat-darceky-pre-mamu","16":"product_cat-darceky-pre-zeny","17":"product_cat-darila-pre-priatelku","18":"product_cat-nahrdelniky","19":"product_cat-najpredavanejsie-pocas-mesiaca-zien","20":"product_cat-prilezitosti","21":"product_cat-s-obrazkom","22":"product_cat-sperky","23":"product_cat-vseobecne","24":"product_cat-zeny","25":"pa_nakit-ruzove-zlato-bez-darcekovej-krabicky","26":"pa_nakit-ruzove-zlato-s-darcekovou-krabickou","27":"pa_nakit-strieborne-bez-darcekovej-krabicky","28":"pa_nakit-strieborne-s-darcekovou-krabickou","29":"pa_nakit-zlate-bez-darcekovej-krabicky","30":"pa_nakit-zlate-s-darcekovou-krabickou","31":"desktop-align-left","32":"tablet-align-left","33":"mobile-align-left","35":"first","36":"instock","37":"featured","38":"taxable","39":"shipping-taxable","40":"purchasable","41":"product-type-variable"},"yoast_head":"<!-- This site is optimized with the Yoast SEO plugin v27.3 - https:\/\/yoast.com\/product\/yoast-seo-wordpress\/ -->\n<title>Retiazka ELLE | Unik\u00e1tne dar\u010deky pre ka\u017ed\u00e9ho | Le Boxi<\/title>\n<meta name=\"description\" content=\"Retiazka ELLE je skvel\u00fdm prekvapen\u00edm pre va\u0161u najdrah\u0161iu. Retiazka je vyroben\u00e1 z nehrdzavej\u00facej ocele.\" \/>\n<meta name=\"robots\" content=\"index, follow, max-snippet:-1, max-image-preview:large, max-video-preview:-1\" \/>\n<link rel=\"canonical\" href=\"https:\/\/leboxi.eu\/sk\/produkt\/retiazka-elle-s-fotkou\/\" \/>\n<meta property=\"og:locale\" content=\"sk_SK\" \/>\n<meta property=\"og:type\" content=\"article\" \/>\n<meta property=\"og:title\" content=\"Retiazka ELLE | Unik\u00e1tne dar\u010deky pre ka\u017ed\u00e9ho | Le Boxi\" \/>\n<meta property=\"og:description\" content=\"Retiazka ELLE je skvel\u00fdm prekvapen\u00edm pre va\u0161u najdrah\u0161iu. Retiazka je vyroben\u00e1 z nehrdzavej\u00facej ocele.\" \/>\n<meta property=\"og:url\" content=\"https:\/\/leboxi.eu\/sk\/produkt\/retiazka-elle-s-fotkou\/\" \/>\n<meta property=\"og:site_name\" content=\"Le Boxi | Unikatna darila za vsakogar\" \/>\n<meta property=\"article:publisher\" content=\"https:\/\/www.facebook.com\/leboxi.eu\" \/>\n<meta property=\"article:modified_time\" content=\"2026-01-20T20:19:01+00:00\" \/>\n<meta property=\"og:image\" content=\"https:\/\/leboxi.eu\/wp-content\/uploads\/2023\/03\/Verizica-ELLE-2.webp\" \/>\n\t<meta property=\"og:image:width\" content=\"1000\" \/>\n\t<meta property=\"og:image:height\" content=\"1000\" \/>\n\t<meta property=\"og:image:type\" content=\"image\/webp\" \/>\n<meta name=\"twitter:card\" content=\"summary_large_image\" \/>\n<meta name=\"twitter:label1\" content=\"Predpokladan\u00fd \u010das \u010d\u00edtania\" \/>\n\t<meta name=\"twitter:data1\" content=\"2 min\u00faty\" \/>\n<script type=\"application\/ld+json\" class=\"yoast-schema-graph\">{\"@context\":\"https:\\\/\\\/schema.org\",\"@graph\":[{\"@type\":\"WebPage\",\"@id\":\"https:\\\/\\\/leboxi.eu\\\/sk\\\/produkt\\\/retiazka-elle-s-fotkou\\\/\",\"url\":\"https:\\\/\\\/leboxi.eu\\\/sk\\\/produkt\\\/retiazka-elle-s-fotkou\\\/\",\"name\":\"Retiazka ELLE | Unik\u00e1tne dar\u010deky pre ka\u017ed\u00e9ho | Le Boxi\",\"isPartOf\":{\"@id\":\"https:\\\/\\\/leboxi.eu\\\/sk\\\/#website\"},\"primaryImageOfPage\":{\"@id\":\"https:\\\/\\\/leboxi.eu\\\/sk\\\/produkt\\\/retiazka-elle-s-fotkou\\\/#primaryimage\"},\"image\":{\"@id\":\"https:\\\/\\\/leboxi.eu\\\/sk\\\/produkt\\\/retiazka-elle-s-fotkou\\\/#primaryimage\"},\"thumbnailUrl\":\"https:\\\/\\\/leboxi.eu\\\/wp-content\\\/uploads\\\/2023\\\/03\\\/Verizica-ELLE-2.webp\",\"datePublished\":\"2023-03-26T18:57:37+00:00\",\"dateModified\":\"2026-01-20T20:19:01+00:00\",\"description\":\"Retiazka ELLE je skvel\u00fdm prekvapen\u00edm pre va\u0161u najdrah\u0161iu. Retiazka je vyroben\u00e1 z nehrdzavej\u00facej ocele.\",\"breadcrumb\":{\"@id\":\"https:\\\/\\\/leboxi.eu\\\/sk\\\/produkt\\\/retiazka-elle-s-fotkou\\\/#breadcrumb\"},\"inLanguage\":\"sk-SK\",\"potentialAction\":[{\"@type\":\"ReadAction\",\"target\":[\"https:\\\/\\\/leboxi.eu\\\/sk\\\/produkt\\\/retiazka-elle-s-fotkou\\\/\"]}]},{\"@type\":\"ImageObject\",\"inLanguage\":\"sk-SK\",\"@id\":\"https:\\\/\\\/leboxi.eu\\\/sk\\\/produkt\\\/retiazka-elle-s-fotkou\\\/#primaryimage\",\"url\":\"https:\\\/\\\/leboxi.eu\\\/wp-content\\\/uploads\\\/2023\\\/03\\\/Verizica-ELLE-2.webp\",\"contentUrl\":\"https:\\\/\\\/leboxi.eu\\\/wp-content\\\/uploads\\\/2023\\\/03\\\/Verizica-ELLE-2.webp\",\"width\":1000,\"height\":1000,\"caption\":\"veri\u017eica v obliki \u010destitke\"},{\"@type\":\"BreadcrumbList\",\"@id\":\"https:\\\/\\\/leboxi.eu\\\/sk\\\/produkt\\\/retiazka-elle-s-fotkou\\\/#breadcrumb\",\"itemListElement\":[{\"@type\":\"ListItem\",\"position\":1,\"name\":\"Doma\",\"item\":\"https:\\\/\\\/leboxi.eu\\\/sk\\\/originalne-darceky-k-narodeninam-urcene-pre-zeny-muzov-a-novorodencov\\\/\"},{\"@type\":\"ListItem\",\"position\":2,\"name\":\"Obchod\",\"item\":\"https:\\\/\\\/leboxi.eu\\\/sk\\\/obchod\\\/\"},{\"@type\":\"ListItem\",\"position\":3,\"name\":\"Retiazka ELLE s fotkou\"}]},{\"@type\":\"WebSite\",\"@id\":\"https:\\\/\\\/leboxi.eu\\\/sk\\\/#website\",\"url\":\"https:\\\/\\\/leboxi.eu\\\/sk\\\/\",\"name\":\"Le Boxi | Unikatna darila za vsakogar\",\"description\":\"Unikatna darila in darilne \u0161katle za vse prilo\u017enosti.\",\"publisher\":{\"@id\":\"https:\\\/\\\/leboxi.eu\\\/sk\\\/#organization\"},\"potentialAction\":[{\"@type\":\"SearchAction\",\"target\":{\"@type\":\"EntryPoint\",\"urlTemplate\":\"https:\\\/\\\/leboxi.eu\\\/sk\\\/?s={search_term_string}\"},\"query-input\":{\"@type\":\"PropertyValueSpecification\",\"valueRequired\":true,\"valueName\":\"search_term_string\"}}],\"inLanguage\":\"sk-SK\"},{\"@type\":\"Organization\",\"@id\":\"https:\\\/\\\/leboxi.eu\\\/sk\\\/#organization\",\"name\":\"LE BOXI\",\"url\":\"https:\\\/\\\/leboxi.eu\\\/sk\\\/\",\"logo\":{\"@type\":\"ImageObject\",\"inLanguage\":\"sk-SK\",\"@id\":\"https:\\\/\\\/leboxi.eu\\\/sk\\\/#\\\/schema\\\/logo\\\/image\\\/\",\"url\":\"https:\\\/\\\/leboxi.eu\\\/wp-content\\\/uploads\\\/2021\\\/02\\\/LeBoxi-manjsi-png.png\",\"contentUrl\":\"https:\\\/\\\/leboxi.eu\\\/wp-content\\\/uploads\\\/2021\\\/02\\\/LeBoxi-manjsi-png.png\",\"width\":389,\"height\":164,\"caption\":\"LE BOXI\"},\"image\":{\"@id\":\"https:\\\/\\\/leboxi.eu\\\/sk\\\/#\\\/schema\\\/logo\\\/image\\\/\"},\"sameAs\":[\"https:\\\/\\\/www.facebook.com\\\/leboxi.eu\",\"https:\\\/\\\/www.instagram.com\\\/le.boxi\\\/\"]}]}<\/script>\n<!-- \/ Yoast SEO plugin. -->","yoast_head_json":{"title":"Retiazka ELLE | Unik\u00e1tne dar\u010deky pre ka\u017ed\u00e9ho | Le Boxi","description":"Retiazka ELLE je skvel\u00fdm prekvapen\u00edm pre va\u0161u najdrah\u0161iu. Retiazka je vyroben\u00e1 z nehrdzavej\u00facej ocele.","robots":{"index":"index","follow":"follow","max-snippet":"max-snippet:-1","max-image-preview":"max-image-preview:large","max-video-preview":"max-video-preview:-1"},"canonical":"https:\/\/leboxi.eu\/sk\/produkt\/retiazka-elle-s-fotkou\/","og_locale":"sk_SK","og_type":"article","og_title":"Retiazka ELLE | Unik\u00e1tne dar\u010deky pre ka\u017ed\u00e9ho | Le Boxi","og_description":"Retiazka ELLE je skvel\u00fdm prekvapen\u00edm pre va\u0161u najdrah\u0161iu. Retiazka je vyroben\u00e1 z nehrdzavej\u00facej ocele.","og_url":"https:\/\/leboxi.eu\/sk\/produkt\/retiazka-elle-s-fotkou\/","og_site_name":"Le Boxi | Unikatna darila za vsakogar","article_publisher":"https:\/\/www.facebook.com\/leboxi.eu","article_modified_time":"2026-01-20T20:19:01+00:00","og_image":[{"width":1000,"height":1000,"url":"https:\/\/leboxi.eu\/wp-content\/uploads\/2023\/03\/Verizica-ELLE-2.webp","type":"image\/webp"}],"twitter_card":"summary_large_image","twitter_misc":{"Predpokladan\u00fd \u010das \u010d\u00edtania":"2 min\u00faty"},"schema":{"@context":"https:\/\/schema.org","@graph":[{"@type":"WebPage","@id":"https:\/\/leboxi.eu\/sk\/produkt\/retiazka-elle-s-fotkou\/","url":"https:\/\/leboxi.eu\/sk\/produkt\/retiazka-elle-s-fotkou\/","name":"Retiazka ELLE | Unik\u00e1tne dar\u010deky pre ka\u017ed\u00e9ho | Le Boxi","isPartOf":{"@id":"https:\/\/leboxi.eu\/sk\/#website"},"primaryImageOfPage":{"@id":"https:\/\/leboxi.eu\/sk\/produkt\/retiazka-elle-s-fotkou\/#primaryimage"},"image":{"@id":"https:\/\/leboxi.eu\/sk\/produkt\/retiazka-elle-s-fotkou\/#primaryimage"},"thumbnailUrl":"https:\/\/leboxi.eu\/wp-content\/uploads\/2023\/03\/Verizica-ELLE-2.webp","datePublished":"2023-03-26T18:57:37+00:00","dateModified":"2026-01-20T20:19:01+00:00","description":"Retiazka ELLE je skvel\u00fdm prekvapen\u00edm pre va\u0161u najdrah\u0161iu. Retiazka je vyroben\u00e1 z nehrdzavej\u00facej ocele.","breadcrumb":{"@id":"https:\/\/leboxi.eu\/sk\/produkt\/retiazka-elle-s-fotkou\/#breadcrumb"},"inLanguage":"sk-SK","potentialAction":[{"@type":"ReadAction","target":["https:\/\/leboxi.eu\/sk\/produkt\/retiazka-elle-s-fotkou\/"]}]},{"@type":"ImageObject","inLanguage":"sk-SK","@id":"https:\/\/leboxi.eu\/sk\/produkt\/retiazka-elle-s-fotkou\/#primaryimage","url":"https:\/\/leboxi.eu\/wp-content\/uploads\/2023\/03\/Verizica-ELLE-2.webp","contentUrl":"https:\/\/leboxi.eu\/wp-content\/uploads\/2023\/03\/Verizica-ELLE-2.webp","width":1000,"height":1000,"caption":"veri\u017eica v obliki \u010destitke"},{"@type":"BreadcrumbList","@id":"https:\/\/leboxi.eu\/sk\/produkt\/retiazka-elle-s-fotkou\/#breadcrumb","itemListElement":[{"@type":"ListItem","position":1,"name":"Doma","item":"https:\/\/leboxi.eu\/sk\/originalne-darceky-k-narodeninam-urcene-pre-zeny-muzov-a-novorodencov\/"},{"@type":"ListItem","position":2,"name":"Obchod","item":"https:\/\/leboxi.eu\/sk\/obchod\/"},{"@type":"ListItem","position":3,"name":"Retiazka ELLE s fotkou"}]},{"@type":"WebSite","@id":"https:\/\/leboxi.eu\/sk\/#website","url":"https:\/\/leboxi.eu\/sk\/","name":"Le Boxi | Unikatna darila za vsakogar","description":"Unikatna darila in darilne \u0161katle za vse prilo\u017enosti.","publisher":{"@id":"https:\/\/leboxi.eu\/sk\/#organization"},"potentialAction":[{"@type":"SearchAction","target":{"@type":"EntryPoint","urlTemplate":"https:\/\/leboxi.eu\/sk\/?s={search_term_string}"},"query-input":{"@type":"PropertyValueSpecification","valueRequired":true,"valueName":"search_term_string"}}],"inLanguage":"sk-SK"},{"@type":"Organization","@id":"https:\/\/leboxi.eu\/sk\/#organization","name":"LE BOXI","url":"https:\/\/leboxi.eu\/sk\/","logo":{"@type":"ImageObject","inLanguage":"sk-SK","@id":"https:\/\/leboxi.eu\/sk\/#\/schema\/logo\/image\/","url":"https:\/\/leboxi.eu\/wp-content\/uploads\/2021\/02\/LeBoxi-manjsi-png.png","contentUrl":"https:\/\/leboxi.eu\/wp-content\/uploads\/2021\/02\/LeBoxi-manjsi-png.png","width":389,"height":164,"caption":"LE BOXI"},"image":{"@id":"https:\/\/leboxi.eu\/sk\/#\/schema\/logo\/image\/"},"sameAs":["https:\/\/www.facebook.com\/leboxi.eu","https:\/\/www.instagram.com\/le.boxi\/"]}]}},"tiered_pricing_type":"fixed","tiered_pricing_fixed_rules":[],"tiered_pricing_product_settings":{"layout":"default","base_unit_name":{"singular":null,"plural":null},"default_variation":null},"tiered_pricing_minimum_quantity":null,"tiered_pricing_roles_data":[],"tiered_pricing_percentage_rules":[],"_links":{"self":[{"href":"https:\/\/leboxi.eu\/sk\/wp-json\/wp\/v2\/product\/29447","targetHints":{"allow":["GET"]}}],"collection":[{"href":"https:\/\/leboxi.eu\/sk\/wp-json\/wp\/v2\/product"}],"about":[{"href":"https:\/\/leboxi.eu\/sk\/wp-json\/wp\/v2\/types\/product"}],"replies":[{"embeddable":true,"href":"https:\/\/leboxi.eu\/sk\/wp-json\/wp\/v2\/comments?post=29447"}],"version-history":[{"count":0,"href":"https:\/\/leboxi.eu\/sk\/wp-json\/wp\/v2\/product\/29447\/revisions"}],"wp:featuredmedia":[{"embeddable":true,"href":"https:\/\/leboxi.eu\/sk\/wp-json\/wp\/v2\/media\/29448"}],"wp:attachment":[{"href":"https:\/\/leboxi.eu\/sk\/wp-json\/wp\/v2\/media?parent=29447"}],"wp:term":[{"taxonomy":"product_brand","embeddable":true,"href":"https:\/\/leboxi.eu\/sk\/wp-json\/wp\/v2\/product_brand?post=29447"},{"taxonomy":"product_cat","embeddable":true,"href":"https:\/\/leboxi.eu\/sk\/wp-json\/wp\/v2\/product_cat?post=29447"},{"taxonomy":"product_tag","embeddable":true,"href":"https:\/\/leboxi.eu\/sk\/wp-json\/wp\/v2\/product_tag?post=29447"}],"curies":[{"name":"wp","href":"https:\/\/api.w.org\/{rel}","templated":true}]}}