{"id":29261,"date":"2022-01-27T18:01:52","date_gmt":"2022-01-27T17:01:52","guid":{"rendered":"https:\/\/leboxi.eu\/izdelek\/pohare-z-himalajskej-soli\/"},"modified":"2026-02-28T22:14:24","modified_gmt":"2026-02-28T21:14:24","slug":"pohare-z-himalajskej-soli","status":"publish","type":"product","link":"https:\/\/leboxi.eu\/sk\/produkt\/pohare-z-himalajskej-soli\/","title":{"rendered":"Poh\u00e1re z himal\u00e1jskej soli"},"content":{"rendered":"<h4>Set poh\u00e1rov z himal\u00e1jskej soli, ide\u00e1lny pre v\u0161etk\u00fdch milovn\u00edkov tequily a in\u00fdch destil\u00e1tov.<\/h4>\n<p>Tieto unik\u00e1tne poh\u00e1re z himal\u00e1jskej soli s\u00fa elegantne osaden\u00e9 na kr\u00e1snom drevenom podstavci.<\/p>\n<p>Po ka\u017edom vypit\u00ed obsahu poh\u00e1rik oto\u010dte dnom nahor alebo ho vysu\u0161te papierovou utierkou, aby ste zabr\u00e1nili er\u00f3zii soli. \u010cistenie: R\u00fdchlo opl\u00e1chnite pod studenou vodou a osu\u0161te papierovou utierkou. Poh\u00e1re skladujte na chladnom a suchom mieste. UPOZORNENIE: Poh\u00e1re z himal\u00e1jskej soli nie s\u00fa vhodn\u00e9 do um\u00fdva\u010dky riadu.   <\/p>\n<p>Rozmery poh\u00e1ra: v\u00fd\u0161ka: 7,5 cm, priemer: 3 cm<\/p>\n<p>Ak chcete, doru\u010d\u00edme v\u00e1\u0161 dar\u010dek obdarovan\u00e9mu, samozrejme bez prilo\u017eenia fakt\u00fary. T\u00fa obdr\u017e\u00edte iba vy. <\/p>\n<p>&nbsp;<\/p>\n","protected":false},"excerpt":{"rendered":"<p>Patr\u00edte aj vy k milovn\u00edkom tequily alebo in\u00fdch destil\u00e1tov? Tieto ru\u010dne vyroben\u00e9 p\u00e1rty poh\u00e1re z pr\u00edrodnej himal\u00e1jskej soli zanechaj\u00fa pri pit\u00ed vo va\u0161ich \u00fastach pr\u00edjemn\u00fa slan\u00fa dochu\u0165. Tento set poh\u00e1rov z himal\u00e1jskej soli dostanete v komplete s dreven\u00fdm podstavcom. Teraz u\u017e len sta\u010d\u00ed nalia\u0165 si poh\u00e1rik tequily, na okraj prida\u0165 citr\u00f3n a pripi\u0165 si. Na zdravie!    <\/p>\n<p><iframe width=\"560\" height=\"315\" src=\"https:\/\/www.youtube.com\/embed\/Xh5nx9d73mI?si=oLiwg5ekbKO_77zw\" title=\"Prehr\u00e1va\u010d videa YouTube\" frameborder=\"0\" allow=\"accelerometer; autoplay; clipboard-write; encrypted-media; gyroscope; picture-in-picture; web-share\" allowfullscreen=\"\"><\/iframe><\/p>\n<p>Ak chcete, doru\u010d\u00edme v\u00e1\u0161 dar\u010dek obdarovan\u00e9mu, samozrejme bez prilo\u017eenia fakt\u00fary. T\u00fa obdr\u017e\u00edte iba vy. <\/p>\n<p>Podrobn\u00fd popis si m\u00f4\u017eete pre\u010d\u00edta\u0165 ni\u017e\u0161ie.<\/p>\n","protected":false},"featured_media":29264,"comment_status":"open","ping_status":"closed","template":"","meta":{"site-sidebar-layout":"default","site-content-layout":"default","ast-site-content-layout":"default","site-content-style":"default","site-sidebar-style":"default","ast-global-header-display":"","ast-banner-title-visibility":"","ast-main-header-display":"","ast-hfb-above-header-display":"","ast-hfb-below-header-display":"","ast-hfb-mobile-header-display":"","site-post-title":"","ast-breadcrumbs-content":"","ast-featured-img":"","footer-sml-layout":"","ast-disable-related-posts":"","theme-transparent-header-meta":"default","adv-header-id-meta":"","stick-header-meta":"","header-above-stick-meta":"","header-main-stick-meta":"","header-below-stick-meta":"","astra-migrate-meta-layouts":"default","ast-page-background-enabled":"default","ast-page-background-meta":{"desktop":{"background-color":"","background-image":"","background-repeat":"repeat","background-position":"center center","background-size":"auto","background-attachment":"scroll","background-type":"","background-media":"","overlay-type":"","overlay-color":"","overlay-opacity":"","overlay-gradient":""},"tablet":{"background-color":"","background-image":"","background-repeat":"repeat","background-position":"center center","background-size":"auto","background-attachment":"scroll","background-type":"","background-media":"","overlay-type":"","overlay-color":"","overlay-opacity":"","overlay-gradient":""},"mobile":{"background-color":"","background-image":"","background-repeat":"repeat","background-position":"center center","background-size":"auto","background-attachment":"scroll","background-type":"","background-media":"","overlay-type":"","overlay-color":"","overlay-opacity":"","overlay-gradient":""}},"ast-content-background-meta":{"desktop":{"background-color":"var(--ast-global-color-5)","background-image":"","background-repeat":"repeat","background-position":"center center","background-size":"auto","background-attachment":"scroll","background-type":"","background-media":"","overlay-type":"","overlay-color":"","overlay-opacity":"","overlay-gradient":""},"tablet":{"background-color":"var(--ast-global-color-5)","background-image":"","background-repeat":"repeat","background-position":"center center","background-size":"auto","background-attachment":"scroll","background-type":"","background-media":"","overlay-type":"","overlay-color":"","overlay-opacity":"","overlay-gradient":""},"mobile":{"background-color":"var(--ast-global-color-5)","background-image":"","background-repeat":"repeat","background-position":"center center","background-size":"auto","background-attachment":"scroll","background-type":"","background-media":"","overlay-type":"","overlay-color":"","overlay-opacity":"","overlay-gradient":""}}},"product_brand":[],"product_cat":[438,439,440,436,443,444,434,428,429,430,426,433,427],"product_tag":[],"class_list":{"0":"post-29261","1":"product","2":"type-product","3":"status-publish","4":"has-post-thumbnail","6":"product_cat-darceky-k-narodeninam","7":"product_cat-darceky-k-narodeninam-pre-muzov","8":"product_cat-darceky-k-narodeninam-pre-zeny","9":"product_cat-darceky-na-vianoce","10":"product_cat-darceky-na-vianoce-pre-muzov","11":"product_cat-darceky-na-vianoce-pre-zeny","12":"product_cat-darceky-pre-kamaratku","13":"product_cat-darceky-pre-muzov","14":"product_cat-darceky-pre-priatela","15":"product_cat-darceky-pre-zeny","16":"product_cat-muzi","17":"product_cat-prilezitosti","18":"product_cat-zeny","19":"desktop-align-left","20":"tablet-align-left","21":"mobile-align-left","23":"first","24":"instock","25":"taxable","26":"shipping-taxable","27":"purchasable","28":"product-type-simple"},"yoast_head":"<!-- This site is optimized with the Yoast SEO plugin v27.3 - https:\/\/yoast.com\/product\/yoast-seo-wordpress\/ -->\n<title>Poh\u00e1re z himal\u00e1jskej soli | Unik\u00e1tne dar\u010deky | Le Boxi<\/title>\n<meta name=\"description\" content=\"Patr\u00edte aj vy k milovn\u00edkom tequily alebo in\u00fdch destil\u00e1tov? Tieto poh\u00e1re z pr\u00edrodnej himal\u00e1jskej soli zanechaj\u00fa pri pit\u00ed vo va\u0161ich \u00fastach pr\u00edjemn\u00fa slan\u00fa dochu\u0165.\" \/>\n<meta name=\"robots\" content=\"index, follow, max-snippet:-1, max-image-preview:large, max-video-preview:-1\" \/>\n<link rel=\"canonical\" href=\"https:\/\/leboxi.eu\/sk\/produkt\/pohare-z-himalajskej-soli\/\" \/>\n<meta property=\"og:locale\" content=\"sk_SK\" \/>\n<meta property=\"og:type\" content=\"article\" \/>\n<meta property=\"og:title\" content=\"Poh\u00e1re z himal\u00e1jskej soli | Unik\u00e1tne dar\u010deky | Le Boxi\" \/>\n<meta property=\"og:description\" content=\"Patr\u00edte aj vy k milovn\u00edkom tequily alebo in\u00fdch destil\u00e1tov? Tieto poh\u00e1re z pr\u00edrodnej himal\u00e1jskej soli zanechaj\u00fa pri pit\u00ed vo va\u0161ich \u00fastach pr\u00edjemn\u00fa slan\u00fa dochu\u0165.\" \/>\n<meta property=\"og:url\" content=\"https:\/\/leboxi.eu\/sk\/produkt\/pohare-z-himalajskej-soli\/\" \/>\n<meta property=\"og:site_name\" content=\"Le Boxi | Unikatna darila za vsakogar\" \/>\n<meta property=\"article:publisher\" content=\"https:\/\/www.facebook.com\/leboxi.eu\" \/>\n<meta property=\"article:modified_time\" content=\"2026-02-28T21:14:24+00:00\" \/>\n<meta property=\"og:image\" content=\"https:\/\/leboxi.eu\/wp-content\/uploads\/2022\/01\/kozarec-himalajska-sol.jpg\" \/>\n\t<meta property=\"og:image:width\" content=\"1022\" \/>\n\t<meta property=\"og:image:height\" content=\"1024\" \/>\n\t<meta property=\"og:image:type\" content=\"image\/jpeg\" \/>\n<meta name=\"twitter:card\" content=\"summary_large_image\" \/>\n<meta name=\"twitter:label1\" content=\"Predpokladan\u00fd \u010das \u010d\u00edtania\" \/>\n\t<meta name=\"twitter:data1\" content=\"1 min\u00fata\" \/>\n<script type=\"application\/ld+json\" class=\"yoast-schema-graph\">{\"@context\":\"https:\\\/\\\/schema.org\",\"@graph\":[{\"@type\":\"WebPage\",\"@id\":\"https:\\\/\\\/leboxi.eu\\\/sk\\\/produkt\\\/pohare-z-himalajskej-soli\\\/\",\"url\":\"https:\\\/\\\/leboxi.eu\\\/sk\\\/produkt\\\/pohare-z-himalajskej-soli\\\/\",\"name\":\"Poh\u00e1re z himal\u00e1jskej soli | Unik\u00e1tne dar\u010deky | Le Boxi\",\"isPartOf\":{\"@id\":\"https:\\\/\\\/leboxi.eu\\\/sk\\\/#website\"},\"primaryImageOfPage\":{\"@id\":\"https:\\\/\\\/leboxi.eu\\\/sk\\\/produkt\\\/pohare-z-himalajskej-soli\\\/#primaryimage\"},\"image\":{\"@id\":\"https:\\\/\\\/leboxi.eu\\\/sk\\\/produkt\\\/pohare-z-himalajskej-soli\\\/#primaryimage\"},\"thumbnailUrl\":\"https:\\\/\\\/leboxi.eu\\\/wp-content\\\/uploads\\\/2022\\\/01\\\/kozarec-himalajska-sol.jpg\",\"datePublished\":\"2022-01-27T17:01:52+00:00\",\"dateModified\":\"2026-02-28T21:14:24+00:00\",\"description\":\"Patr\u00edte aj vy k milovn\u00edkom tequily alebo in\u00fdch destil\u00e1tov? Tieto poh\u00e1re z pr\u00edrodnej himal\u00e1jskej soli zanechaj\u00fa pri pit\u00ed vo va\u0161ich \u00fastach pr\u00edjemn\u00fa slan\u00fa dochu\u0165.\",\"breadcrumb\":{\"@id\":\"https:\\\/\\\/leboxi.eu\\\/sk\\\/produkt\\\/pohare-z-himalajskej-soli\\\/#breadcrumb\"},\"inLanguage\":\"sk-SK\",\"potentialAction\":[{\"@type\":\"ReadAction\",\"target\":[\"https:\\\/\\\/leboxi.eu\\\/sk\\\/produkt\\\/pohare-z-himalajskej-soli\\\/\"]}]},{\"@type\":\"ImageObject\",\"inLanguage\":\"sk-SK\",\"@id\":\"https:\\\/\\\/leboxi.eu\\\/sk\\\/produkt\\\/pohare-z-himalajskej-soli\\\/#primaryimage\",\"url\":\"https:\\\/\\\/leboxi.eu\\\/wp-content\\\/uploads\\\/2022\\\/01\\\/kozarec-himalajska-sol.jpg\",\"contentUrl\":\"https:\\\/\\\/leboxi.eu\\\/wp-content\\\/uploads\\\/2022\\\/01\\\/kozarec-himalajska-sol.jpg\",\"width\":1022,\"height\":1024,\"caption\":\"Kozarci iz himalajske soli\"},{\"@type\":\"BreadcrumbList\",\"@id\":\"https:\\\/\\\/leboxi.eu\\\/sk\\\/produkt\\\/pohare-z-himalajskej-soli\\\/#breadcrumb\",\"itemListElement\":[{\"@type\":\"ListItem\",\"position\":1,\"name\":\"Doma\",\"item\":\"https:\\\/\\\/leboxi.eu\\\/sk\\\/originalne-darceky-k-narodeninam-urcene-pre-zeny-muzov-a-novorodencov\\\/\"},{\"@type\":\"ListItem\",\"position\":2,\"name\":\"Obchod\",\"item\":\"https:\\\/\\\/leboxi.eu\\\/sk\\\/obchod\\\/\"},{\"@type\":\"ListItem\",\"position\":3,\"name\":\"Poh\u00e1re z himal\u00e1jskej soli\"}]},{\"@type\":\"WebSite\",\"@id\":\"https:\\\/\\\/leboxi.eu\\\/sk\\\/#website\",\"url\":\"https:\\\/\\\/leboxi.eu\\\/sk\\\/\",\"name\":\"Le Boxi | Unikatna darila za vsakogar\",\"description\":\"Unikatna darila in darilne \u0161katle za vse prilo\u017enosti.\",\"publisher\":{\"@id\":\"https:\\\/\\\/leboxi.eu\\\/sk\\\/#organization\"},\"potentialAction\":[{\"@type\":\"SearchAction\",\"target\":{\"@type\":\"EntryPoint\",\"urlTemplate\":\"https:\\\/\\\/leboxi.eu\\\/sk\\\/?s={search_term_string}\"},\"query-input\":{\"@type\":\"PropertyValueSpecification\",\"valueRequired\":true,\"valueName\":\"search_term_string\"}}],\"inLanguage\":\"sk-SK\"},{\"@type\":\"Organization\",\"@id\":\"https:\\\/\\\/leboxi.eu\\\/sk\\\/#organization\",\"name\":\"LE BOXI\",\"url\":\"https:\\\/\\\/leboxi.eu\\\/sk\\\/\",\"logo\":{\"@type\":\"ImageObject\",\"inLanguage\":\"sk-SK\",\"@id\":\"https:\\\/\\\/leboxi.eu\\\/sk\\\/#\\\/schema\\\/logo\\\/image\\\/\",\"url\":\"https:\\\/\\\/leboxi.eu\\\/wp-content\\\/uploads\\\/2021\\\/02\\\/LeBoxi-manjsi-png.png\",\"contentUrl\":\"https:\\\/\\\/leboxi.eu\\\/wp-content\\\/uploads\\\/2021\\\/02\\\/LeBoxi-manjsi-png.png\",\"width\":389,\"height\":164,\"caption\":\"LE BOXI\"},\"image\":{\"@id\":\"https:\\\/\\\/leboxi.eu\\\/sk\\\/#\\\/schema\\\/logo\\\/image\\\/\"},\"sameAs\":[\"https:\\\/\\\/www.facebook.com\\\/leboxi.eu\",\"https:\\\/\\\/www.instagram.com\\\/le.boxi\\\/\"]}]}<\/script>\n<!-- \/ Yoast SEO plugin. -->","yoast_head_json":{"title":"Poh\u00e1re z himal\u00e1jskej soli | Unik\u00e1tne dar\u010deky | Le Boxi","description":"Patr\u00edte aj vy k milovn\u00edkom tequily alebo in\u00fdch destil\u00e1tov? Tieto poh\u00e1re z pr\u00edrodnej himal\u00e1jskej soli zanechaj\u00fa pri pit\u00ed vo va\u0161ich \u00fastach pr\u00edjemn\u00fa slan\u00fa dochu\u0165.","robots":{"index":"index","follow":"follow","max-snippet":"max-snippet:-1","max-image-preview":"max-image-preview:large","max-video-preview":"max-video-preview:-1"},"canonical":"https:\/\/leboxi.eu\/sk\/produkt\/pohare-z-himalajskej-soli\/","og_locale":"sk_SK","og_type":"article","og_title":"Poh\u00e1re z himal\u00e1jskej soli | Unik\u00e1tne dar\u010deky | Le Boxi","og_description":"Patr\u00edte aj vy k milovn\u00edkom tequily alebo in\u00fdch destil\u00e1tov? Tieto poh\u00e1re z pr\u00edrodnej himal\u00e1jskej soli zanechaj\u00fa pri pit\u00ed vo va\u0161ich \u00fastach pr\u00edjemn\u00fa slan\u00fa dochu\u0165.","og_url":"https:\/\/leboxi.eu\/sk\/produkt\/pohare-z-himalajskej-soli\/","og_site_name":"Le Boxi | Unikatna darila za vsakogar","article_publisher":"https:\/\/www.facebook.com\/leboxi.eu","article_modified_time":"2026-02-28T21:14:24+00:00","og_image":[{"width":1022,"height":1024,"url":"https:\/\/leboxi.eu\/wp-content\/uploads\/2022\/01\/kozarec-himalajska-sol.jpg","type":"image\/jpeg"}],"twitter_card":"summary_large_image","twitter_misc":{"Predpokladan\u00fd \u010das \u010d\u00edtania":"1 min\u00fata"},"schema":{"@context":"https:\/\/schema.org","@graph":[{"@type":"WebPage","@id":"https:\/\/leboxi.eu\/sk\/produkt\/pohare-z-himalajskej-soli\/","url":"https:\/\/leboxi.eu\/sk\/produkt\/pohare-z-himalajskej-soli\/","name":"Poh\u00e1re z himal\u00e1jskej soli | Unik\u00e1tne dar\u010deky | Le Boxi","isPartOf":{"@id":"https:\/\/leboxi.eu\/sk\/#website"},"primaryImageOfPage":{"@id":"https:\/\/leboxi.eu\/sk\/produkt\/pohare-z-himalajskej-soli\/#primaryimage"},"image":{"@id":"https:\/\/leboxi.eu\/sk\/produkt\/pohare-z-himalajskej-soli\/#primaryimage"},"thumbnailUrl":"https:\/\/leboxi.eu\/wp-content\/uploads\/2022\/01\/kozarec-himalajska-sol.jpg","datePublished":"2022-01-27T17:01:52+00:00","dateModified":"2026-02-28T21:14:24+00:00","description":"Patr\u00edte aj vy k milovn\u00edkom tequily alebo in\u00fdch destil\u00e1tov? Tieto poh\u00e1re z pr\u00edrodnej himal\u00e1jskej soli zanechaj\u00fa pri pit\u00ed vo va\u0161ich \u00fastach pr\u00edjemn\u00fa slan\u00fa dochu\u0165.","breadcrumb":{"@id":"https:\/\/leboxi.eu\/sk\/produkt\/pohare-z-himalajskej-soli\/#breadcrumb"},"inLanguage":"sk-SK","potentialAction":[{"@type":"ReadAction","target":["https:\/\/leboxi.eu\/sk\/produkt\/pohare-z-himalajskej-soli\/"]}]},{"@type":"ImageObject","inLanguage":"sk-SK","@id":"https:\/\/leboxi.eu\/sk\/produkt\/pohare-z-himalajskej-soli\/#primaryimage","url":"https:\/\/leboxi.eu\/wp-content\/uploads\/2022\/01\/kozarec-himalajska-sol.jpg","contentUrl":"https:\/\/leboxi.eu\/wp-content\/uploads\/2022\/01\/kozarec-himalajska-sol.jpg","width":1022,"height":1024,"caption":"Kozarci iz himalajske soli"},{"@type":"BreadcrumbList","@id":"https:\/\/leboxi.eu\/sk\/produkt\/pohare-z-himalajskej-soli\/#breadcrumb","itemListElement":[{"@type":"ListItem","position":1,"name":"Doma","item":"https:\/\/leboxi.eu\/sk\/originalne-darceky-k-narodeninam-urcene-pre-zeny-muzov-a-novorodencov\/"},{"@type":"ListItem","position":2,"name":"Obchod","item":"https:\/\/leboxi.eu\/sk\/obchod\/"},{"@type":"ListItem","position":3,"name":"Poh\u00e1re z himal\u00e1jskej soli"}]},{"@type":"WebSite","@id":"https:\/\/leboxi.eu\/sk\/#website","url":"https:\/\/leboxi.eu\/sk\/","name":"Le Boxi | Unikatna darila za vsakogar","description":"Unikatna darila in darilne \u0161katle za vse prilo\u017enosti.","publisher":{"@id":"https:\/\/leboxi.eu\/sk\/#organization"},"potentialAction":[{"@type":"SearchAction","target":{"@type":"EntryPoint","urlTemplate":"https:\/\/leboxi.eu\/sk\/?s={search_term_string}"},"query-input":{"@type":"PropertyValueSpecification","valueRequired":true,"valueName":"search_term_string"}}],"inLanguage":"sk-SK"},{"@type":"Organization","@id":"https:\/\/leboxi.eu\/sk\/#organization","name":"LE BOXI","url":"https:\/\/leboxi.eu\/sk\/","logo":{"@type":"ImageObject","inLanguage":"sk-SK","@id":"https:\/\/leboxi.eu\/sk\/#\/schema\/logo\/image\/","url":"https:\/\/leboxi.eu\/wp-content\/uploads\/2021\/02\/LeBoxi-manjsi-png.png","contentUrl":"https:\/\/leboxi.eu\/wp-content\/uploads\/2021\/02\/LeBoxi-manjsi-png.png","width":389,"height":164,"caption":"LE BOXI"},"image":{"@id":"https:\/\/leboxi.eu\/sk\/#\/schema\/logo\/image\/"},"sameAs":["https:\/\/www.facebook.com\/leboxi.eu","https:\/\/www.instagram.com\/le.boxi\/"]}]}},"tiered_pricing_type":"fixed","tiered_pricing_fixed_rules":[],"tiered_pricing_product_settings":{"layout":"default","base_unit_name":{"singular":null,"plural":null},"default_variation":null},"tiered_pricing_minimum_quantity":null,"tiered_pricing_roles_data":[],"tiered_pricing_percentage_rules":[],"_links":{"self":[{"href":"https:\/\/leboxi.eu\/sk\/wp-json\/wp\/v2\/product\/29261","targetHints":{"allow":["GET"]}}],"collection":[{"href":"https:\/\/leboxi.eu\/sk\/wp-json\/wp\/v2\/product"}],"about":[{"href":"https:\/\/leboxi.eu\/sk\/wp-json\/wp\/v2\/types\/product"}],"replies":[{"embeddable":true,"href":"https:\/\/leboxi.eu\/sk\/wp-json\/wp\/v2\/comments?post=29261"}],"version-history":[{"count":0,"href":"https:\/\/leboxi.eu\/sk\/wp-json\/wp\/v2\/product\/29261\/revisions"}],"wp:featuredmedia":[{"embeddable":true,"href":"https:\/\/leboxi.eu\/sk\/wp-json\/wp\/v2\/media\/29264"}],"wp:attachment":[{"href":"https:\/\/leboxi.eu\/sk\/wp-json\/wp\/v2\/media?parent=29261"}],"wp:term":[{"taxonomy":"product_brand","embeddable":true,"href":"https:\/\/leboxi.eu\/sk\/wp-json\/wp\/v2\/product_brand?post=29261"},{"taxonomy":"product_cat","embeddable":true,"href":"https:\/\/leboxi.eu\/sk\/wp-json\/wp\/v2\/product_cat?post=29261"},{"taxonomy":"product_tag","embeddable":true,"href":"https:\/\/leboxi.eu\/sk\/wp-json\/wp\/v2\/product_tag?post=29261"}],"curies":[{"name":"wp","href":"https:\/\/api.w.org\/{rel}","templated":true}]}}