{"id":20893,"date":"2021-05-01T19:46:46","date_gmt":"2021-05-01T18:46:46","guid":{"rendered":"https:\/\/leboxi.eu\/izdelki\/szexi-jackpot-kaparos-udvozlolap-ferfiaknak\/"},"modified":"2025-12-08T08:21:19","modified_gmt":"2025-12-08T07:21:19","slug":"szexi-jackpot-kaparos-udvozlolap-ferfiaknak","status":"publish","type":"product","link":"https:\/\/leboxi.eu\/hu\/termekek\/szexi-jackpot-kaparos-udvozlolap-ferfiaknak\/","title":{"rendered":"Szexi Jackpot &#8211; kapar\u00f3s \u00fcdv\u00f6zl\u0151lap f\u00e9rfiaknak"},"content":{"rendered":"<p>Ez a kapar\u00f3s szexi \u00fcdv\u00f6zl\u0151lap biztosan nem mer\u00fcl feled\u00e9sbe. <span class=\"emoji\">\ud83d\ude09<\/span><\/p>\n<p>Kezd\u0151dj\u00f6n h\u00e1t a kettesben t\u00f6lt\u00f6tt sz\u00f3rakoztat\u00f3, egyedi \u00e9s szexi sz\u00fclet\u00e9snapi este!\ud83d\ude08<\/p>\n","protected":false},"excerpt":{"rendered":"<p>Ez a kapar\u00f3s illetlen \u00fcdv\u00f6zl\u0151lap nagyszer\u0171 m\u00f3dja a kettesben t\u00f6lt\u00f6tt este felpezsd\u00edt\u00e9s\u00e9hez!<\/p>\n<p>A t\u00f6k\u00e9letes aj\u00e1nd\u00e9k, ami sok\u00e1ig nem mer\u00fcl feled\u00e9sbe. Az \u00fcdv\u00f6zl\u0151lap 148 x 105 mm m\u00e9ret\u0171, \u00e9s feh\u00e9r bor\u00edt\u00e9kban \u00e9rkezik. Az utols\u00f3 (\u00fcres) oldalon saj\u00e1t forr\u00f3 \u00e9s szexi \u00fczenet\u00e9t is csatolhatja. 100% szexi, 100% sz\u00f3rakoztat\u00f3 \u00e9s 100% eml\u00e9kezetes aj\u00e1nd\u00e9k mindkettej\u00fcknek!<\/p>\n<p>&nbsp;<\/p>\n<p>Ha szeretn\u00e9, az aj\u00e1nd\u00e9k\u00e1t mi k\u00e9zbes\u00edtj\u00fck a c\u00edmzettnek, de a sz\u00e1ml\u00e1t term\u00e9szetesen nem mell\u00e9kelj\u00fck a sz\u00e1ll\u00edt\u00e1skor. A sz\u00e1ml\u00e1t \u00f6n kapja meg.<\/p>\n<p>&nbsp;<\/p>\n","protected":false},"featured_media":20894,"comment_status":"open","ping_status":"closed","template":"","meta":{"site-sidebar-layout":"default","site-content-layout":"default","ast-site-content-layout":"default","site-content-style":"default","site-sidebar-style":"default","ast-global-header-display":"","ast-banner-title-visibility":"","ast-main-header-display":"","ast-hfb-above-header-display":"","ast-hfb-below-header-display":"","ast-hfb-mobile-header-display":"","site-post-title":"","ast-breadcrumbs-content":"","ast-featured-img":"","footer-sml-layout":"","ast-disable-related-posts":"","theme-transparent-header-meta":"default","adv-header-id-meta":"","stick-header-meta":"","header-above-stick-meta":"","header-main-stick-meta":"","header-below-stick-meta":"","astra-migrate-meta-layouts":"default","ast-page-background-enabled":"default","ast-page-background-meta":{"desktop":{"background-color":"","background-image":"","background-repeat":"repeat","background-position":"center center","background-size":"auto","background-attachment":"scroll","background-type":"","background-media":"","overlay-type":"","overlay-color":"","overlay-opacity":"","overlay-gradient":""},"tablet":{"background-color":"","background-image":"","background-repeat":"repeat","background-position":"center center","background-size":"auto","background-attachment":"scroll","background-type":"","background-media":"","overlay-type":"","overlay-color":"","overlay-opacity":"","overlay-gradient":""},"mobile":{"background-color":"","background-image":"","background-repeat":"repeat","background-position":"center center","background-size":"auto","background-attachment":"scroll","background-type":"","background-media":"","overlay-type":"","overlay-color":"","overlay-opacity":"","overlay-gradient":""}},"ast-content-background-meta":{"desktop":{"background-color":"var(--ast-global-color-5)","background-image":"","background-repeat":"repeat","background-position":"center center","background-size":"auto","background-attachment":"scroll","background-type":"","background-media":"","overlay-type":"","overlay-color":"","overlay-opacity":"","overlay-gradient":""},"tablet":{"background-color":"var(--ast-global-color-5)","background-image":"","background-repeat":"repeat","background-position":"center center","background-size":"auto","background-attachment":"scroll","background-type":"","background-media":"","overlay-type":"","overlay-color":"","overlay-opacity":"","overlay-gradient":""},"mobile":{"background-color":"var(--ast-global-color-5)","background-image":"","background-repeat":"repeat","background-position":"center center","background-size":"auto","background-attachment":"scroll","background-type":"","background-media":"","overlay-type":"","overlay-color":"","overlay-opacity":"","overlay-gradient":""}}},"product_brand":[],"product_cat":[367,369,385,372,373],"product_tag":[],"class_list":{"0":"post-20893","1":"product","2":"type-product","3":"status-publish","4":"has-post-thumbnail","6":"product_cat-illetlen","7":"product_cat-illetlen-udvozlolapok","8":"product_cat-udvozlolap","9":"product_cat-vicces-ajandekok","10":"product_cat-vicces-karacsonyi-ajandekok","11":"desktop-align-left","12":"tablet-align-left","13":"mobile-align-left","15":"first","16":"instock","17":"taxable","18":"shipping-taxable","19":"purchasable","20":"product-type-simple"},"yoast_head":"<!-- This site is optimized with the Yoast SEO plugin v27.4 - https:\/\/yoast.com\/product\/yoast-seo-wordpress\/ -->\n<title>Kapar\u00f3s \u00fcdv\u00f6zl\u0151lap f\u00e9rfiaknak - Szexi Jackpot FORR\u00d3\u00d3\u00d3!<\/title>\n<meta name=\"description\" content=\"Ez az illetlen sz\u00fclet\u00e9snapi \u00fcdv\u00f6zl\u0151lap t\u00f6k\u00e9letes a kettesben t\u00f6lt\u00f6tt este megf\u0171szerez\u00e9s\u00e9hez! 100% szexi, 100% sz\u00f3rakoztat\u00f3 \u00e9s 100% eml\u00e9kezetes aj\u00e1nd\u00e9k mindkettej\u00fcknek!\" \/>\n<meta name=\"robots\" content=\"index, follow, max-snippet:-1, max-image-preview:large, max-video-preview:-1\" \/>\n<link rel=\"canonical\" href=\"https:\/\/leboxi.eu\/hu\/termekek\/szexi-jackpot-kaparos-udvozlolap-ferfiaknak\/\" \/>\n<meta property=\"og:locale\" content=\"hu_HU\" \/>\n<meta property=\"og:type\" content=\"article\" \/>\n<meta property=\"og:title\" content=\"Kapar\u00f3s \u00fcdv\u00f6zl\u0151lap f\u00e9rfiaknak - Szexi Jackpot FORR\u00d3\u00d3\u00d3!\" \/>\n<meta property=\"og:description\" content=\"Ez az illetlen sz\u00fclet\u00e9snapi \u00fcdv\u00f6zl\u0151lap t\u00f6k\u00e9letes a kettesben t\u00f6lt\u00f6tt este megf\u0171szerez\u00e9s\u00e9hez! 100% szexi, 100% sz\u00f3rakoztat\u00f3 \u00e9s 100% eml\u00e9kezetes aj\u00e1nd\u00e9k mindkettej\u00fcknek!\" \/>\n<meta property=\"og:url\" content=\"https:\/\/leboxi.eu\/hu\/termekek\/szexi-jackpot-kaparos-udvozlolap-ferfiaknak\/\" \/>\n<meta property=\"og:site_name\" content=\"Le Boxi | Unikatna darila za vsakogar\" \/>\n<meta property=\"article:publisher\" content=\"https:\/\/www.facebook.com\/leboxi.eu\" \/>\n<meta property=\"article:modified_time\" content=\"2025-12-08T07:21:19+00:00\" \/>\n<meta property=\"og:image\" content=\"https:\/\/leboxi.eu\/wp-content\/uploads\/2024\/10\/5-1.jpg\" \/>\n\t<meta property=\"og:image:width\" content=\"1050\" \/>\n\t<meta property=\"og:image:height\" content=\"1050\" \/>\n\t<meta property=\"og:image:type\" content=\"image\/jpeg\" \/>\n<meta name=\"twitter:card\" content=\"summary_large_image\" \/>\n<script type=\"application\/ld+json\" class=\"yoast-schema-graph\">{\"@context\":\"https:\\\/\\\/schema.org\",\"@graph\":[{\"@type\":\"WebPage\",\"@id\":\"https:\\\/\\\/leboxi.eu\\\/hu\\\/termekek\\\/szexi-jackpot-kaparos-udvozlolap-ferfiaknak\\\/\",\"url\":\"https:\\\/\\\/leboxi.eu\\\/hu\\\/termekek\\\/szexi-jackpot-kaparos-udvozlolap-ferfiaknak\\\/\",\"name\":\"Kapar\u00f3s \u00fcdv\u00f6zl\u0151lap f\u00e9rfiaknak - Szexi Jackpot FORR\u00d3\u00d3\u00d3!\",\"isPartOf\":{\"@id\":\"https:\\\/\\\/leboxi.eu\\\/hu\\\/#website\"},\"primaryImageOfPage\":{\"@id\":\"https:\\\/\\\/leboxi.eu\\\/hu\\\/termekek\\\/szexi-jackpot-kaparos-udvozlolap-ferfiaknak\\\/#primaryimage\"},\"image\":{\"@id\":\"https:\\\/\\\/leboxi.eu\\\/hu\\\/termekek\\\/szexi-jackpot-kaparos-udvozlolap-ferfiaknak\\\/#primaryimage\"},\"thumbnailUrl\":\"https:\\\/\\\/leboxi.eu\\\/wp-content\\\/uploads\\\/2024\\\/10\\\/5-1.jpg\",\"datePublished\":\"2021-05-01T18:46:46+00:00\",\"dateModified\":\"2025-12-08T07:21:19+00:00\",\"description\":\"Ez az illetlen sz\u00fclet\u00e9snapi \u00fcdv\u00f6zl\u0151lap t\u00f6k\u00e9letes a kettesben t\u00f6lt\u00f6tt este megf\u0171szerez\u00e9s\u00e9hez! 100% szexi, 100% sz\u00f3rakoztat\u00f3 \u00e9s 100% eml\u00e9kezetes aj\u00e1nd\u00e9k mindkettej\u00fcknek!\",\"breadcrumb\":{\"@id\":\"https:\\\/\\\/leboxi.eu\\\/hu\\\/termekek\\\/szexi-jackpot-kaparos-udvozlolap-ferfiaknak\\\/#breadcrumb\"},\"inLanguage\":\"hu\",\"potentialAction\":[{\"@type\":\"ReadAction\",\"target\":[\"https:\\\/\\\/leboxi.eu\\\/hu\\\/termekek\\\/szexi-jackpot-kaparos-udvozlolap-ferfiaknak\\\/\"]}]},{\"@type\":\"ImageObject\",\"inLanguage\":\"hu\",\"@id\":\"https:\\\/\\\/leboxi.eu\\\/hu\\\/termekek\\\/szexi-jackpot-kaparos-udvozlolap-ferfiaknak\\\/#primaryimage\",\"url\":\"https:\\\/\\\/leboxi.eu\\\/wp-content\\\/uploads\\\/2024\\\/10\\\/5-1.jpg\",\"contentUrl\":\"https:\\\/\\\/leboxi.eu\\\/wp-content\\\/uploads\\\/2024\\\/10\\\/5-1.jpg\",\"width\":1050,\"height\":1050},{\"@type\":\"BreadcrumbList\",\"@id\":\"https:\\\/\\\/leboxi.eu\\\/hu\\\/termekek\\\/szexi-jackpot-kaparos-udvozlolap-ferfiaknak\\\/#breadcrumb\",\"itemListElement\":[{\"@type\":\"ListItem\",\"position\":1,\"name\":\"Doma\",\"item\":\"https:\\\/\\\/leboxi.eu\\\/hu\\\/egyedi-szuletesnapi-ajandekok-noknek-ferfiaknak-es-ujszulotteknek\\\/\"},{\"@type\":\"ListItem\",\"position\":2,\"name\":\"\u00fczlet\",\"item\":\"https:\\\/\\\/leboxi.eu\\\/hu\\\/uzlet\\\/\"},{\"@type\":\"ListItem\",\"position\":3,\"name\":\"Szexi Jackpot &#8211; kapar\u00f3s \u00fcdv\u00f6zl\u0151lap f\u00e9rfiaknak\"}]},{\"@type\":\"WebSite\",\"@id\":\"https:\\\/\\\/leboxi.eu\\\/hu\\\/#website\",\"url\":\"https:\\\/\\\/leboxi.eu\\\/hu\\\/\",\"name\":\"Le Boxi | Unikatna darila za vsakogar\",\"description\":\"Unikatna darila in darilne \u0161katle za vse prilo\u017enosti.\",\"publisher\":{\"@id\":\"https:\\\/\\\/leboxi.eu\\\/hu\\\/#organization\"},\"potentialAction\":[{\"@type\":\"SearchAction\",\"target\":{\"@type\":\"EntryPoint\",\"urlTemplate\":\"https:\\\/\\\/leboxi.eu\\\/hu\\\/?s={search_term_string}\"},\"query-input\":{\"@type\":\"PropertyValueSpecification\",\"valueRequired\":true,\"valueName\":\"search_term_string\"}}],\"inLanguage\":\"hu\"},{\"@type\":\"Organization\",\"@id\":\"https:\\\/\\\/leboxi.eu\\\/hu\\\/#organization\",\"name\":\"LE BOXI\",\"url\":\"https:\\\/\\\/leboxi.eu\\\/hu\\\/\",\"logo\":{\"@type\":\"ImageObject\",\"inLanguage\":\"hu\",\"@id\":\"https:\\\/\\\/leboxi.eu\\\/hu\\\/#\\\/schema\\\/logo\\\/image\\\/\",\"url\":\"https:\\\/\\\/leboxi.eu\\\/wp-content\\\/uploads\\\/2021\\\/02\\\/LeBoxi-manjsi-png.png\",\"contentUrl\":\"https:\\\/\\\/leboxi.eu\\\/wp-content\\\/uploads\\\/2021\\\/02\\\/LeBoxi-manjsi-png.png\",\"width\":389,\"height\":164,\"caption\":\"LE BOXI\"},\"image\":{\"@id\":\"https:\\\/\\\/leboxi.eu\\\/hu\\\/#\\\/schema\\\/logo\\\/image\\\/\"},\"sameAs\":[\"https:\\\/\\\/www.facebook.com\\\/leboxi.eu\",\"https:\\\/\\\/www.instagram.com\\\/le.boxi\\\/\"]}]}<\/script>\n<!-- \/ Yoast SEO plugin. -->","yoast_head_json":{"title":"Kapar\u00f3s \u00fcdv\u00f6zl\u0151lap f\u00e9rfiaknak - Szexi Jackpot FORR\u00d3\u00d3\u00d3!","description":"Ez az illetlen sz\u00fclet\u00e9snapi \u00fcdv\u00f6zl\u0151lap t\u00f6k\u00e9letes a kettesben t\u00f6lt\u00f6tt este megf\u0171szerez\u00e9s\u00e9hez! 100% szexi, 100% sz\u00f3rakoztat\u00f3 \u00e9s 100% eml\u00e9kezetes aj\u00e1nd\u00e9k mindkettej\u00fcknek!","robots":{"index":"index","follow":"follow","max-snippet":"max-snippet:-1","max-image-preview":"max-image-preview:large","max-video-preview":"max-video-preview:-1"},"canonical":"https:\/\/leboxi.eu\/hu\/termekek\/szexi-jackpot-kaparos-udvozlolap-ferfiaknak\/","og_locale":"hu_HU","og_type":"article","og_title":"Kapar\u00f3s \u00fcdv\u00f6zl\u0151lap f\u00e9rfiaknak - Szexi Jackpot FORR\u00d3\u00d3\u00d3!","og_description":"Ez az illetlen sz\u00fclet\u00e9snapi \u00fcdv\u00f6zl\u0151lap t\u00f6k\u00e9letes a kettesben t\u00f6lt\u00f6tt este megf\u0171szerez\u00e9s\u00e9hez! 100% szexi, 100% sz\u00f3rakoztat\u00f3 \u00e9s 100% eml\u00e9kezetes aj\u00e1nd\u00e9k mindkettej\u00fcknek!","og_url":"https:\/\/leboxi.eu\/hu\/termekek\/szexi-jackpot-kaparos-udvozlolap-ferfiaknak\/","og_site_name":"Le Boxi | Unikatna darila za vsakogar","article_publisher":"https:\/\/www.facebook.com\/leboxi.eu","article_modified_time":"2025-12-08T07:21:19+00:00","og_image":[{"width":1050,"height":1050,"url":"https:\/\/leboxi.eu\/wp-content\/uploads\/2024\/10\/5-1.jpg","type":"image\/jpeg"}],"twitter_card":"summary_large_image","schema":{"@context":"https:\/\/schema.org","@graph":[{"@type":"WebPage","@id":"https:\/\/leboxi.eu\/hu\/termekek\/szexi-jackpot-kaparos-udvozlolap-ferfiaknak\/","url":"https:\/\/leboxi.eu\/hu\/termekek\/szexi-jackpot-kaparos-udvozlolap-ferfiaknak\/","name":"Kapar\u00f3s \u00fcdv\u00f6zl\u0151lap f\u00e9rfiaknak - Szexi Jackpot FORR\u00d3\u00d3\u00d3!","isPartOf":{"@id":"https:\/\/leboxi.eu\/hu\/#website"},"primaryImageOfPage":{"@id":"https:\/\/leboxi.eu\/hu\/termekek\/szexi-jackpot-kaparos-udvozlolap-ferfiaknak\/#primaryimage"},"image":{"@id":"https:\/\/leboxi.eu\/hu\/termekek\/szexi-jackpot-kaparos-udvozlolap-ferfiaknak\/#primaryimage"},"thumbnailUrl":"https:\/\/leboxi.eu\/wp-content\/uploads\/2024\/10\/5-1.jpg","datePublished":"2021-05-01T18:46:46+00:00","dateModified":"2025-12-08T07:21:19+00:00","description":"Ez az illetlen sz\u00fclet\u00e9snapi \u00fcdv\u00f6zl\u0151lap t\u00f6k\u00e9letes a kettesben t\u00f6lt\u00f6tt este megf\u0171szerez\u00e9s\u00e9hez! 100% szexi, 100% sz\u00f3rakoztat\u00f3 \u00e9s 100% eml\u00e9kezetes aj\u00e1nd\u00e9k mindkettej\u00fcknek!","breadcrumb":{"@id":"https:\/\/leboxi.eu\/hu\/termekek\/szexi-jackpot-kaparos-udvozlolap-ferfiaknak\/#breadcrumb"},"inLanguage":"hu","potentialAction":[{"@type":"ReadAction","target":["https:\/\/leboxi.eu\/hu\/termekek\/szexi-jackpot-kaparos-udvozlolap-ferfiaknak\/"]}]},{"@type":"ImageObject","inLanguage":"hu","@id":"https:\/\/leboxi.eu\/hu\/termekek\/szexi-jackpot-kaparos-udvozlolap-ferfiaknak\/#primaryimage","url":"https:\/\/leboxi.eu\/wp-content\/uploads\/2024\/10\/5-1.jpg","contentUrl":"https:\/\/leboxi.eu\/wp-content\/uploads\/2024\/10\/5-1.jpg","width":1050,"height":1050},{"@type":"BreadcrumbList","@id":"https:\/\/leboxi.eu\/hu\/termekek\/szexi-jackpot-kaparos-udvozlolap-ferfiaknak\/#breadcrumb","itemListElement":[{"@type":"ListItem","position":1,"name":"Doma","item":"https:\/\/leboxi.eu\/hu\/egyedi-szuletesnapi-ajandekok-noknek-ferfiaknak-es-ujszulotteknek\/"},{"@type":"ListItem","position":2,"name":"\u00fczlet","item":"https:\/\/leboxi.eu\/hu\/uzlet\/"},{"@type":"ListItem","position":3,"name":"Szexi Jackpot &#8211; kapar\u00f3s \u00fcdv\u00f6zl\u0151lap f\u00e9rfiaknak"}]},{"@type":"WebSite","@id":"https:\/\/leboxi.eu\/hu\/#website","url":"https:\/\/leboxi.eu\/hu\/","name":"Le Boxi | Unikatna darila za vsakogar","description":"Unikatna darila in darilne \u0161katle za vse prilo\u017enosti.","publisher":{"@id":"https:\/\/leboxi.eu\/hu\/#organization"},"potentialAction":[{"@type":"SearchAction","target":{"@type":"EntryPoint","urlTemplate":"https:\/\/leboxi.eu\/hu\/?s={search_term_string}"},"query-input":{"@type":"PropertyValueSpecification","valueRequired":true,"valueName":"search_term_string"}}],"inLanguage":"hu"},{"@type":"Organization","@id":"https:\/\/leboxi.eu\/hu\/#organization","name":"LE BOXI","url":"https:\/\/leboxi.eu\/hu\/","logo":{"@type":"ImageObject","inLanguage":"hu","@id":"https:\/\/leboxi.eu\/hu\/#\/schema\/logo\/image\/","url":"https:\/\/leboxi.eu\/wp-content\/uploads\/2021\/02\/LeBoxi-manjsi-png.png","contentUrl":"https:\/\/leboxi.eu\/wp-content\/uploads\/2021\/02\/LeBoxi-manjsi-png.png","width":389,"height":164,"caption":"LE BOXI"},"image":{"@id":"https:\/\/leboxi.eu\/hu\/#\/schema\/logo\/image\/"},"sameAs":["https:\/\/www.facebook.com\/leboxi.eu","https:\/\/www.instagram.com\/le.boxi\/"]}]}},"tiered_pricing_type":"fixed","tiered_pricing_fixed_rules":[],"tiered_pricing_product_settings":{"layout":"default","base_unit_name":{"singular":null,"plural":null},"default_variation":null},"tiered_pricing_minimum_quantity":null,"tiered_pricing_roles_data":[],"tiered_pricing_percentage_rules":[],"_links":{"self":[{"href":"https:\/\/leboxi.eu\/hu\/wp-json\/wp\/v2\/product\/20893","targetHints":{"allow":["GET"]}}],"collection":[{"href":"https:\/\/leboxi.eu\/hu\/wp-json\/wp\/v2\/product"}],"about":[{"href":"https:\/\/leboxi.eu\/hu\/wp-json\/wp\/v2\/types\/product"}],"replies":[{"embeddable":true,"href":"https:\/\/leboxi.eu\/hu\/wp-json\/wp\/v2\/comments?post=20893"}],"version-history":[{"count":0,"href":"https:\/\/leboxi.eu\/hu\/wp-json\/wp\/v2\/product\/20893\/revisions"}],"wp:featuredmedia":[{"embeddable":true,"href":"https:\/\/leboxi.eu\/hu\/wp-json\/wp\/v2\/media\/20894"}],"wp:attachment":[{"href":"https:\/\/leboxi.eu\/hu\/wp-json\/wp\/v2\/media?parent=20893"}],"wp:term":[{"taxonomy":"product_brand","embeddable":true,"href":"https:\/\/leboxi.eu\/hu\/wp-json\/wp\/v2\/product_brand?post=20893"},{"taxonomy":"product_cat","embeddable":true,"href":"https:\/\/leboxi.eu\/hu\/wp-json\/wp\/v2\/product_cat?post=20893"},{"taxonomy":"product_tag","embeddable":true,"href":"https:\/\/leboxi.eu\/hu\/wp-json\/wp\/v2\/product_tag?post=20893"}],"curies":[{"name":"wp","href":"https:\/\/api.w.org\/{rel}","templated":true}]}}