{"id":20876,"date":"2023-11-21T14:30:40","date_gmt":"2023-11-21T13:30:40","guid":{"rendered":"https:\/\/leboxi.eu\/?post_type=product&#038;p=20876"},"modified":"2025-02-23T16:45:07","modified_gmt":"2025-02-23T15:45:07","slug":"boldog-karacsonyt-kaparos-udvozlolap","status":"publish","type":"product","link":"https:\/\/leboxi.eu\/hu\/termekek\/boldog-karacsonyt-kaparos-udvozlolap\/","title":{"rendered":"Boldog kar\u00e1csonyt! \u2013 kapar\u00f3s \u00fcdv\u00f6zl\u0151lap"},"content":{"rendered":"<p>Ez a kapar\u00f3s kar\u00e1csonyi \u00fcdv\u00f6zl\u0151lap biztosan olyan aj\u00e1nd\u00e9k lesz, amelyet az aj\u00e1nd\u00e9kozott sok\u00e1ig nem fog elfelejteni<br \/>\n <img decoding=\"async\" class=\"emoji\" role=\"img\" src=\"https:\/\/s.w.org\/images\/core\/emoji\/13.1.0\/svg\/1f609.svg\" alt=\"\ud83d\ude09\" \/><\/p>\n<p>Kezd\u0151dj\u00f6n a sz\u00f3rakoztat\u00f3, egyedi \u00e9s szexi kar\u00e1csonyi\u00a0<span style=\"font-size: 16px; font-style: normal; font-weight: 400;\">este <\/span><span style=\"font-size: 16px;\">MOST! <\/span><span class=\"emoji\">\ud83d\ude08<\/span><\/p>\n","protected":false},"excerpt":{"rendered":"<p style=\"font-weight: 400;\">Ez a kapar\u00f3s illetlen kar\u00e1csonyi \u00fcdv\u00f6zl\u0151lap sz\u00f3rakoztat\u00f3, egyedi \u00e9s szexi felpezsd\u00edt\u00e9se a kar\u00e1csonyi est\u00e9nek!<\/p>\n<p style=\"font-weight: 400;\">Aj\u00e1nd\u00e9kozd oda \u00f6n\u00e1ll\u00f3 aj\u00e1nd\u00e9kk\u00e9nt vagy a kar\u00e1csonyi aj\u00e1nd\u00e9kod utols\u00f3 sim\u00edt\u00e1sak\u00e9nt. Ez egy olyan kar\u00e1csonyi aj\u00e1nd\u00e9k, amit sok\u00e1ig nem fognak elfelejteni. Az \u00fcdv\u00f6zl\u0151lap 148 x 105 mm m\u00e9ret\u0171, \u00e9s bor\u00edt\u00e9kban \u00e9rkezik. Az utols\u00f3 (\u00fcres) oldalon saj\u00e1t forr\u00f3 \u00e9s szexi \u00fczenet\u00e9t is csatolhatja. 100% szexi, 100% sz\u00f3rakoztat\u00f3 \u00e9s 100% eml\u00e9kezetes aj\u00e1nd\u00e9k mindkettej\u00fcknek!<\/p>\n<p style=\"font-weight: 400;\">Ha szeretn\u00e9, az aj\u00e1nd\u00e9k\u00e1t mi k\u00e9zbes\u00edtj\u00fck a c\u00edmzettnek, de term\u00e9szetesen nem mell\u00e9kelj\u00fck a sz\u00e1ml\u00e1t a sz\u00e1ll\u00edt\u00e1skor. A sz\u00e1ml\u00e1t \u00f6n kapja meg.<\/p>\n<p>&nbsp;<\/p>\n<p>&nbsp;<\/p>\n","protected":false},"featured_media":20877,"comment_status":"open","ping_status":"closed","template":"","meta":{"site-sidebar-layout":"default","site-content-layout":"","ast-site-content-layout":"default","site-content-style":"default","site-sidebar-style":"default","ast-global-header-display":"","ast-banner-title-visibility":"","ast-main-header-display":"","ast-hfb-above-header-display":"","ast-hfb-below-header-display":"","ast-hfb-mobile-header-display":"","site-post-title":"","ast-breadcrumbs-content":"","ast-featured-img":"","footer-sml-layout":"","ast-disable-related-posts":"","theme-transparent-header-meta":"default","adv-header-id-meta":"","stick-header-meta":"","header-above-stick-meta":"","header-main-stick-meta":"","header-below-stick-meta":"","astra-migrate-meta-layouts":"default","ast-page-background-enabled":"default","ast-page-background-meta":{"desktop":{"background-color":"","background-image":"","background-repeat":"repeat","background-position":"center center","background-size":"auto","background-attachment":"scroll","background-type":"","background-media":"","overlay-type":"","overlay-color":"","overlay-opacity":"","overlay-gradient":""},"tablet":{"background-color":"","background-image":"","background-repeat":"repeat","background-position":"center center","background-size":"auto","background-attachment":"scroll","background-type":"","background-media":"","overlay-type":"","overlay-color":"","overlay-opacity":"","overlay-gradient":""},"mobile":{"background-color":"","background-image":"","background-repeat":"repeat","background-position":"center center","background-size":"auto","background-attachment":"scroll","background-type":"","background-media":"","overlay-type":"","overlay-color":"","overlay-opacity":"","overlay-gradient":""}},"ast-content-background-meta":{"desktop":{"background-color":"var(--ast-global-color-5)","background-image":"","background-repeat":"repeat","background-position":"center center","background-size":"auto","background-attachment":"scroll","background-type":"","background-media":"","overlay-type":"","overlay-color":"","overlay-opacity":"","overlay-gradient":""},"tablet":{"background-color":"var(--ast-global-color-5)","background-image":"","background-repeat":"repeat","background-position":"center center","background-size":"auto","background-attachment":"scroll","background-type":"","background-media":"","overlay-type":"","overlay-color":"","overlay-opacity":"","overlay-gradient":""},"mobile":{"background-color":"var(--ast-global-color-5)","background-image":"","background-repeat":"repeat","background-position":"center center","background-size":"auto","background-attachment":"scroll","background-type":"","background-media":"","overlay-type":"","overlay-color":"","overlay-opacity":"","overlay-gradient":""}}},"product_brand":[],"product_cat":[333,328,327,389,390,329,326,367,369,330,335,379,339,332,383,325,372,373],"product_tag":[],"class_list":{"0":"post-20876","1":"product","2":"type-product","3":"status-publish","4":"has-post-thumbnail","6":"product_cat-szuletesnapi-ajandekok-ferfiaknak","7":"product_cat-ajandekok-ferfi-partnernek","8":"product_cat-ajandekok-ferfiaknak","9":"product_cat-ajandekok-noi-partnernek","10":"product_cat-ajandekok-noknek","11":"product_cat-alkalmak","12":"product_cat-ferfi","13":"product_cat-illetlen","14":"product_cat-illetlen-udvozlolapok","15":"product_cat-karacsonyi-ajandekok","16":"product_cat-karacsonyi-ajandekok-ferfiaknak","17":"product_cat-karacsonyi-ajandekok-noknek","18":"product_cat-nok","19":"product_cat-szuletesnapi-ajandekok-hu","20":"product_cat-szuletesnapi-ajandekok-noknek","21":"product_cat-tabornok","22":"product_cat-vicces-ajandekok","23":"product_cat-vicces-karacsonyi-ajandekok","24":"desktop-align-left","25":"tablet-align-left","26":"mobile-align-left","28":"first","29":"instock","30":"taxable","31":"shipping-taxable","32":"purchasable","33":"product-type-simple"},"yoast_head":"<!-- This site is optimized with the Yoast SEO plugin v27.3 - https:\/\/yoast.com\/product\/yoast-seo-wordpress\/ -->\n<title>Le Boxi | Unikatna darila za vsakogar<\/title>\n<meta name=\"robots\" content=\"index, follow, max-snippet:-1, max-image-preview:large, max-video-preview:-1\" \/>\n<link rel=\"canonical\" href=\"https:\/\/leboxi.eu\/hu\/termekek\/boldog-karacsonyt-kaparos-udvozlolap\/\" \/>\n<meta property=\"og:locale\" content=\"hu_HU\" \/>\n<meta property=\"og:type\" content=\"article\" \/>\n<meta property=\"og:title\" content=\"Le Boxi | Unikatna darila za vsakogar\" \/>\n<meta property=\"og:description\" content=\"Ez a kapar\u00f3s illetlen kar\u00e1csonyi \u00fcdv\u00f6zl\u0151lap sz\u00f3rakoztat\u00f3, egyedi \u00e9s szexi felpezsd\u00edt\u00e9se a kar\u00e1csonyi est\u00e9nek! Aj\u00e1nd\u00e9kozd oda \u00f6n\u00e1ll\u00f3 aj\u00e1nd\u00e9kk\u00e9nt vagy a kar\u00e1csonyi aj\u00e1nd\u00e9kod utols\u00f3 sim\u00edt\u00e1sak\u00e9nt. Ez egy olyan kar\u00e1csonyi aj\u00e1nd\u00e9k, amit sok\u00e1ig nem fognak elfelejteni. Az \u00fcdv\u00f6zl\u0151lap 148 x 105 mm m\u00e9ret\u0171, \u00e9s bor\u00edt\u00e9kban \u00e9rkezik. Az utols\u00f3 (\u00fcres) oldalon saj\u00e1t forr\u00f3 \u00e9s szexi \u00fczenet\u00e9t is csatolhatja. 100% szexi, 100% sz\u00f3rakoztat\u00f3 \u00e9s 100% eml\u00e9kezetes aj\u00e1nd\u00e9k mindkettej\u00fcknek! Ha szeretn\u00e9, az aj\u00e1nd\u00e9k\u00e1t mi k\u00e9zbes\u00edtj\u00fck a c\u00edmzettnek, de term\u00e9szetesen nem mell\u00e9kelj\u00fck a sz\u00e1ml\u00e1t a sz\u00e1ll\u00edt\u00e1skor. A sz\u00e1ml\u00e1t \u00f6n kapja meg. &nbsp; &nbsp;\" \/>\n<meta property=\"og:url\" content=\"https:\/\/leboxi.eu\/hu\/termekek\/boldog-karacsonyt-kaparos-udvozlolap\/\" \/>\n<meta property=\"og:site_name\" content=\"Le Boxi | Unikatna darila za vsakogar\" \/>\n<meta property=\"article:publisher\" content=\"https:\/\/www.facebook.com\/leboxi.eu\" \/>\n<meta property=\"article:modified_time\" content=\"2025-02-23T15:45:07+00:00\" \/>\n<meta property=\"og:image\" content=\"https:\/\/leboxi.eu\/wp-content\/uploads\/2021\/12\/Izberi-darilo-cestitka.jpg\" \/>\n\t<meta property=\"og:image:width\" content=\"1000\" \/>\n\t<meta property=\"og:image:height\" content=\"1000\" \/>\n\t<meta property=\"og:image:type\" content=\"image\/jpeg\" \/>\n<meta name=\"twitter:card\" content=\"summary_large_image\" \/>\n<script type=\"application\/ld+json\" class=\"yoast-schema-graph\">{\"@context\":\"https:\\\/\\\/schema.org\",\"@graph\":[{\"@type\":\"WebPage\",\"@id\":\"https:\\\/\\\/leboxi.eu\\\/hu\\\/termekek\\\/boldog-karacsonyt-kaparos-udvozlolap\\\/\",\"url\":\"https:\\\/\\\/leboxi.eu\\\/hu\\\/termekek\\\/boldog-karacsonyt-kaparos-udvozlolap\\\/\",\"name\":\"Le Boxi | Unikatna darila za vsakogar\",\"isPartOf\":{\"@id\":\"https:\\\/\\\/leboxi.eu\\\/hu\\\/#website\"},\"primaryImageOfPage\":{\"@id\":\"https:\\\/\\\/leboxi.eu\\\/hu\\\/termekek\\\/boldog-karacsonyt-kaparos-udvozlolap\\\/#primaryimage\"},\"image\":{\"@id\":\"https:\\\/\\\/leboxi.eu\\\/hu\\\/termekek\\\/boldog-karacsonyt-kaparos-udvozlolap\\\/#primaryimage\"},\"thumbnailUrl\":\"https:\\\/\\\/leboxi.eu\\\/wp-content\\\/uploads\\\/2021\\\/12\\\/Izberi-darilo-cestitka.jpg\",\"datePublished\":\"2023-11-21T13:30:40+00:00\",\"dateModified\":\"2025-02-23T15:45:07+00:00\",\"breadcrumb\":{\"@id\":\"https:\\\/\\\/leboxi.eu\\\/hu\\\/termekek\\\/boldog-karacsonyt-kaparos-udvozlolap\\\/#breadcrumb\"},\"inLanguage\":\"hu\",\"potentialAction\":[{\"@type\":\"ReadAction\",\"target\":[\"https:\\\/\\\/leboxi.eu\\\/hu\\\/termekek\\\/boldog-karacsonyt-kaparos-udvozlolap\\\/\"]}]},{\"@type\":\"ImageObject\",\"inLanguage\":\"hu\",\"@id\":\"https:\\\/\\\/leboxi.eu\\\/hu\\\/termekek\\\/boldog-karacsonyt-kaparos-udvozlolap\\\/#primaryimage\",\"url\":\"https:\\\/\\\/leboxi.eu\\\/wp-content\\\/uploads\\\/2021\\\/12\\\/Izberi-darilo-cestitka.jpg\",\"contentUrl\":\"https:\\\/\\\/leboxi.eu\\\/wp-content\\\/uploads\\\/2021\\\/12\\\/Izberi-darilo-cestitka.jpg\",\"width\":1000,\"height\":1000},{\"@type\":\"BreadcrumbList\",\"@id\":\"https:\\\/\\\/leboxi.eu\\\/hu\\\/termekek\\\/boldog-karacsonyt-kaparos-udvozlolap\\\/#breadcrumb\",\"itemListElement\":[{\"@type\":\"ListItem\",\"position\":1,\"name\":\"Doma\",\"item\":\"https:\\\/\\\/leboxi.eu\\\/hu\\\/egyedi-szuletesnapi-ajandekok-noknek-ferfiaknak-es-ujszulotteknek\\\/\"},{\"@type\":\"ListItem\",\"position\":2,\"name\":\"\u00fczlet\",\"item\":\"https:\\\/\\\/leboxi.eu\\\/hu\\\/uzlet\\\/\"},{\"@type\":\"ListItem\",\"position\":3,\"name\":\"Boldog kar\u00e1csonyt! \u2013 kapar\u00f3s \u00fcdv\u00f6zl\u0151lap\"}]},{\"@type\":\"WebSite\",\"@id\":\"https:\\\/\\\/leboxi.eu\\\/hu\\\/#website\",\"url\":\"https:\\\/\\\/leboxi.eu\\\/hu\\\/\",\"name\":\"Le Boxi | Unikatna darila za vsakogar\",\"description\":\"Unikatna darila in darilne \u0161katle za vse prilo\u017enosti.\",\"publisher\":{\"@id\":\"https:\\\/\\\/leboxi.eu\\\/hu\\\/#organization\"},\"potentialAction\":[{\"@type\":\"SearchAction\",\"target\":{\"@type\":\"EntryPoint\",\"urlTemplate\":\"https:\\\/\\\/leboxi.eu\\\/hu\\\/?s={search_term_string}\"},\"query-input\":{\"@type\":\"PropertyValueSpecification\",\"valueRequired\":true,\"valueName\":\"search_term_string\"}}],\"inLanguage\":\"hu\"},{\"@type\":\"Organization\",\"@id\":\"https:\\\/\\\/leboxi.eu\\\/hu\\\/#organization\",\"name\":\"LE BOXI\",\"url\":\"https:\\\/\\\/leboxi.eu\\\/hu\\\/\",\"logo\":{\"@type\":\"ImageObject\",\"inLanguage\":\"hu\",\"@id\":\"https:\\\/\\\/leboxi.eu\\\/hu\\\/#\\\/schema\\\/logo\\\/image\\\/\",\"url\":\"https:\\\/\\\/leboxi.eu\\\/wp-content\\\/uploads\\\/2021\\\/02\\\/LeBoxi-manjsi-png.png\",\"contentUrl\":\"https:\\\/\\\/leboxi.eu\\\/wp-content\\\/uploads\\\/2021\\\/02\\\/LeBoxi-manjsi-png.png\",\"width\":389,\"height\":164,\"caption\":\"LE BOXI\"},\"image\":{\"@id\":\"https:\\\/\\\/leboxi.eu\\\/hu\\\/#\\\/schema\\\/logo\\\/image\\\/\"},\"sameAs\":[\"https:\\\/\\\/www.facebook.com\\\/leboxi.eu\",\"https:\\\/\\\/www.instagram.com\\\/le.boxi\\\/\"]}]}<\/script>\n<!-- \/ Yoast SEO plugin. -->","yoast_head_json":{"title":"Le Boxi | Unikatna darila za vsakogar","robots":{"index":"index","follow":"follow","max-snippet":"max-snippet:-1","max-image-preview":"max-image-preview:large","max-video-preview":"max-video-preview:-1"},"canonical":"https:\/\/leboxi.eu\/hu\/termekek\/boldog-karacsonyt-kaparos-udvozlolap\/","og_locale":"hu_HU","og_type":"article","og_title":"Le Boxi | Unikatna darila za vsakogar","og_description":"Ez a kapar\u00f3s illetlen kar\u00e1csonyi \u00fcdv\u00f6zl\u0151lap sz\u00f3rakoztat\u00f3, egyedi \u00e9s szexi felpezsd\u00edt\u00e9se a kar\u00e1csonyi est\u00e9nek! Aj\u00e1nd\u00e9kozd oda \u00f6n\u00e1ll\u00f3 aj\u00e1nd\u00e9kk\u00e9nt vagy a kar\u00e1csonyi aj\u00e1nd\u00e9kod utols\u00f3 sim\u00edt\u00e1sak\u00e9nt. Ez egy olyan kar\u00e1csonyi aj\u00e1nd\u00e9k, amit sok\u00e1ig nem fognak elfelejteni. Az \u00fcdv\u00f6zl\u0151lap 148 x 105 mm m\u00e9ret\u0171, \u00e9s bor\u00edt\u00e9kban \u00e9rkezik. Az utols\u00f3 (\u00fcres) oldalon saj\u00e1t forr\u00f3 \u00e9s szexi \u00fczenet\u00e9t is csatolhatja. 100% szexi, 100% sz\u00f3rakoztat\u00f3 \u00e9s 100% eml\u00e9kezetes aj\u00e1nd\u00e9k mindkettej\u00fcknek! Ha szeretn\u00e9, az aj\u00e1nd\u00e9k\u00e1t mi k\u00e9zbes\u00edtj\u00fck a c\u00edmzettnek, de term\u00e9szetesen nem mell\u00e9kelj\u00fck a sz\u00e1ml\u00e1t a sz\u00e1ll\u00edt\u00e1skor. A sz\u00e1ml\u00e1t \u00f6n kapja meg. &nbsp; &nbsp;","og_url":"https:\/\/leboxi.eu\/hu\/termekek\/boldog-karacsonyt-kaparos-udvozlolap\/","og_site_name":"Le Boxi | Unikatna darila za vsakogar","article_publisher":"https:\/\/www.facebook.com\/leboxi.eu","article_modified_time":"2025-02-23T15:45:07+00:00","og_image":[{"width":1000,"height":1000,"url":"https:\/\/leboxi.eu\/wp-content\/uploads\/2021\/12\/Izberi-darilo-cestitka.jpg","type":"image\/jpeg"}],"twitter_card":"summary_large_image","schema":{"@context":"https:\/\/schema.org","@graph":[{"@type":"WebPage","@id":"https:\/\/leboxi.eu\/hu\/termekek\/boldog-karacsonyt-kaparos-udvozlolap\/","url":"https:\/\/leboxi.eu\/hu\/termekek\/boldog-karacsonyt-kaparos-udvozlolap\/","name":"Le Boxi | Unikatna darila za vsakogar","isPartOf":{"@id":"https:\/\/leboxi.eu\/hu\/#website"},"primaryImageOfPage":{"@id":"https:\/\/leboxi.eu\/hu\/termekek\/boldog-karacsonyt-kaparos-udvozlolap\/#primaryimage"},"image":{"@id":"https:\/\/leboxi.eu\/hu\/termekek\/boldog-karacsonyt-kaparos-udvozlolap\/#primaryimage"},"thumbnailUrl":"https:\/\/leboxi.eu\/wp-content\/uploads\/2021\/12\/Izberi-darilo-cestitka.jpg","datePublished":"2023-11-21T13:30:40+00:00","dateModified":"2025-02-23T15:45:07+00:00","breadcrumb":{"@id":"https:\/\/leboxi.eu\/hu\/termekek\/boldog-karacsonyt-kaparos-udvozlolap\/#breadcrumb"},"inLanguage":"hu","potentialAction":[{"@type":"ReadAction","target":["https:\/\/leboxi.eu\/hu\/termekek\/boldog-karacsonyt-kaparos-udvozlolap\/"]}]},{"@type":"ImageObject","inLanguage":"hu","@id":"https:\/\/leboxi.eu\/hu\/termekek\/boldog-karacsonyt-kaparos-udvozlolap\/#primaryimage","url":"https:\/\/leboxi.eu\/wp-content\/uploads\/2021\/12\/Izberi-darilo-cestitka.jpg","contentUrl":"https:\/\/leboxi.eu\/wp-content\/uploads\/2021\/12\/Izberi-darilo-cestitka.jpg","width":1000,"height":1000},{"@type":"BreadcrumbList","@id":"https:\/\/leboxi.eu\/hu\/termekek\/boldog-karacsonyt-kaparos-udvozlolap\/#breadcrumb","itemListElement":[{"@type":"ListItem","position":1,"name":"Doma","item":"https:\/\/leboxi.eu\/hu\/egyedi-szuletesnapi-ajandekok-noknek-ferfiaknak-es-ujszulotteknek\/"},{"@type":"ListItem","position":2,"name":"\u00fczlet","item":"https:\/\/leboxi.eu\/hu\/uzlet\/"},{"@type":"ListItem","position":3,"name":"Boldog kar\u00e1csonyt! \u2013 kapar\u00f3s \u00fcdv\u00f6zl\u0151lap"}]},{"@type":"WebSite","@id":"https:\/\/leboxi.eu\/hu\/#website","url":"https:\/\/leboxi.eu\/hu\/","name":"Le Boxi | Unikatna darila za vsakogar","description":"Unikatna darila in darilne \u0161katle za vse prilo\u017enosti.","publisher":{"@id":"https:\/\/leboxi.eu\/hu\/#organization"},"potentialAction":[{"@type":"SearchAction","target":{"@type":"EntryPoint","urlTemplate":"https:\/\/leboxi.eu\/hu\/?s={search_term_string}"},"query-input":{"@type":"PropertyValueSpecification","valueRequired":true,"valueName":"search_term_string"}}],"inLanguage":"hu"},{"@type":"Organization","@id":"https:\/\/leboxi.eu\/hu\/#organization","name":"LE BOXI","url":"https:\/\/leboxi.eu\/hu\/","logo":{"@type":"ImageObject","inLanguage":"hu","@id":"https:\/\/leboxi.eu\/hu\/#\/schema\/logo\/image\/","url":"https:\/\/leboxi.eu\/wp-content\/uploads\/2021\/02\/LeBoxi-manjsi-png.png","contentUrl":"https:\/\/leboxi.eu\/wp-content\/uploads\/2021\/02\/LeBoxi-manjsi-png.png","width":389,"height":164,"caption":"LE BOXI"},"image":{"@id":"https:\/\/leboxi.eu\/hu\/#\/schema\/logo\/image\/"},"sameAs":["https:\/\/www.facebook.com\/leboxi.eu","https:\/\/www.instagram.com\/le.boxi\/"]}]}},"tiered_pricing_type":"fixed","tiered_pricing_fixed_rules":[],"tiered_pricing_product_settings":{"layout":"default","base_unit_name":{"singular":null,"plural":null},"default_variation":null},"tiered_pricing_minimum_quantity":null,"tiered_pricing_roles_data":[],"tiered_pricing_percentage_rules":[],"_links":{"self":[{"href":"https:\/\/leboxi.eu\/hu\/wp-json\/wp\/v2\/product\/20876","targetHints":{"allow":["GET"]}}],"collection":[{"href":"https:\/\/leboxi.eu\/hu\/wp-json\/wp\/v2\/product"}],"about":[{"href":"https:\/\/leboxi.eu\/hu\/wp-json\/wp\/v2\/types\/product"}],"replies":[{"embeddable":true,"href":"https:\/\/leboxi.eu\/hu\/wp-json\/wp\/v2\/comments?post=20876"}],"version-history":[{"count":0,"href":"https:\/\/leboxi.eu\/hu\/wp-json\/wp\/v2\/product\/20876\/revisions"}],"wp:featuredmedia":[{"embeddable":true,"href":"https:\/\/leboxi.eu\/hu\/wp-json\/wp\/v2\/media\/20877"}],"wp:attachment":[{"href":"https:\/\/leboxi.eu\/hu\/wp-json\/wp\/v2\/media?parent=20876"}],"wp:term":[{"taxonomy":"product_brand","embeddable":true,"href":"https:\/\/leboxi.eu\/hu\/wp-json\/wp\/v2\/product_brand?post=20876"},{"taxonomy":"product_cat","embeddable":true,"href":"https:\/\/leboxi.eu\/hu\/wp-json\/wp\/v2\/product_cat?post=20876"},{"taxonomy":"product_tag","embeddable":true,"href":"https:\/\/leboxi.eu\/hu\/wp-json\/wp\/v2\/product_tag?post=20876"}],"curies":[{"name":"wp","href":"https:\/\/api.w.org\/{rel}","templated":true}]}}