{"id":20860,"date":"2021-03-08T20:23:46","date_gmt":"2021-03-08T19:23:46","guid":{"rendered":"https:\/\/leboxi.eu\/izdelki\/elefant-babaknak\/"},"modified":"2025-02-23T16:44:39","modified_gmt":"2025-02-23T15:44:39","slug":"elefant-babaknak","status":"publish","type":"product","link":"https:\/\/leboxi.eu\/hu\/termekek\/elefant-babaknak\/","title":{"rendered":"Elef\u00e1nt bab\u00e1knak"},"content":{"rendered":"<p><strong>Elef\u00e1nt bab\u00e1knak \u2013 Hogy a kicsi boldogan \u00e9s nyugodtan aludjon!<\/strong><\/p>\n<p>Neh\u00e9z elaltatni a bab\u00e1t? Rendk\u00edv\u00fcl k\u00e9nyelmes \u00e9s cuki elef\u00e1ntunk lesz a megment\u0151! Ez az aranyos bab\u00e1knak sz\u00e1nt elef\u00e1nt megfelel\u0151 t\u00e1mogat\u00e1st ny\u00fajt alv\u00e1s k\u00f6zben a gyereknek. A rendk\u00edv\u00fcl k\u00e9nyelmes \u00e9s aranyos elef\u00e1nt alak\u00fa p\u00e1rna sz\u00fclet\u00e9snapi aj\u00e1nd\u00e9k is lehet egy id\u0151sebb gyermek sz\u00e1m\u00e1ra.<\/p>\n<p>\ud83d\udcd0 <strong>Tulajdons\u00e1gok:<\/p>\n<p><\/strong>\u00d6sszet\u00e9tel: Poli\u00e9szter<\/p>\n<p>M\u00e9retek: 60 x 20 x 40 cm<\/p>\n<p>S\u00faly: 765 g<\/p>\n<p>Az aj\u00e1nd\u00e9khoz <a href=\"https:\/\/leboxi.eu\/izdelki\/cestitka-ob-rojstvu\/\"><strong>szem\u00e9lyre sz\u00f3l\u00f3 \u00fcdv\u00f6zl\u0151lapot is csatolhat<\/strong><\/a> (+3,95 eur).<\/p>\n<p>Ha szeretn\u00e9, az aj\u00e1nd\u00e9k\u00e1t mi k\u00e9zbes\u00edtj\u00fck a c\u00edmzettnek, de a sz\u00e1ml\u00e1t term\u00e9szetesen nem mell\u00e9kelj\u00fck a sz\u00e1ll\u00edt\u00e1skor. A sz\u00e1ml\u00e1t \u00f6n kapja meg.<\/p>\n<p>&nbsp;<\/p>\n<p>Utols\u00f3 sim\u00edt\u00e1sk\u00e9nt <a href=\"https:\/\/leboxi.eu\/blog\/posvetilo-darilni-listki\/\"> aj\u00e1nd\u00e9kos c\u00edmk\u00e9kkel <\/a>is feldobhatja az aj\u00e1nd\u00e9kcsomagj\u00e1t, melyek elk\u00e9sz\u00edt\u00e9s\u00e9hez a blogunkon tal\u00e1l \u00fatmutat\u00f3t.<\/p>\n","protected":false},"excerpt":{"rendered":"<p>Var\u00e1zsolja el gyermek\u00e9t ezzel a rendk\u00edv\u00fcl aranyos \u00e9s hasznos elef\u00e1nttal. Biztos\u00edtson neki boldog \u00e9s nyugodt \u00e9jszak\u00e1kat, \u00e9s adjon neki egy bar\u00e1tot, aki mindenhova elk\u00eds\u00e9ri. Hagyja, hogy kisgyermek\u00e9nek egy elef\u00e1nt legyen a legjobb bar\u00e1tja.<\/p>\n<p><strong>\ud83d\udc76 Gyeng\u00e9d t\u00e1masz a legkisebbeknek<\/strong> A bab\u00e1knak sz\u00e1nt elef\u00e1nt t\u00f6bb, mint egy j\u00e1t\u00e9k. Ez egy olyan bar\u00e1t, aki k\u00e9nyelmes \u00e9s biztons\u00e1gos \u00e9rz\u00e9st ad gyermek\u00e9nek alv\u00e1s k\u00f6zben. Aranyos alakja \u00e9s gyeng\u00e9d text\u00far\u00e1ja lehet\u0151v\u00e9 teszi a kisgyermeknek, hogy k\u00f6nnyen hozz\u00e1b\u00fajjon, \u00e9s boldogan \u00e9s nyugodtan aludjon el.<\/p>\n<p>\ud83d\udca4<strong>Nyugodt \u00e1lom<\/strong>Ez az elef\u00e1nt t\u00f6bb, mint egy pl\u00fcssj\u00e1t\u00e9k. Kiv\u00e1l\u00f3an t\u00e1mogatja a bab\u00e1kat alv\u00e1s k\u00f6zben, mivel megakad\u00e1lyozza a felesleges fordul\u00e1st, \u00e9s seg\u00edt abban is, hogy a baba k\u00e9nyelmes \u00e9s biztons\u00e1gos poz\u00edci\u00f3ban maradjon alv\u00e1s k\u00f6zben. \u00c9s \u00f6n is nyugodtabb lesz, mert tudni fogja, hogy a bab\u00e1ja biztons\u00e1gban van \u00e9s boldog.<\/p>\n<p>\ud83c\udf81 <strong>Felejthetetlen aj\u00e1nd\u00e9k<\/strong> Az elef\u00e1nt felejthetetlen aj\u00e1nd\u00e9k is lehet, amely egy \u00e9leten \u00e1t v\u00e9gigk\u00eds\u00e9ri gyermek\u00e9t. Nemcsak hasznos, hanem a gyermek h\u0171s\u00e9ges t\u00e1rsa is lesz, amelyet nem fog akarni elengedni. Ez t\u00f6bb, mint egy j\u00e1t\u00e9k; ez a gyermekkor fontos r\u00e9sze, amely \u00f6r\u00f6kre a kisgyermek eml\u00e9kezet\u00e9ben marad.<\/p>\n<p>\ud83d\udc95 <strong>Minden koroszt\u00e1ly sz\u00e1m\u00e1ra alkalmas<\/strong> Amellett, hogy kiv\u00e1l\u00f3 t\u00e1maszt ny\u00fajt a bab\u00e1knak, nagyszer\u0171 j\u00e1t\u00e9k lehet az id\u0151sebb gyermekek sz\u00e1m\u00e1ra is. Aranyos form\u00e1ja \u00e9s gyeng\u00e9d text\u00far\u00e1ja \u00f6r\u00f6met \u00e9s sz\u00f3rakoz\u00e1st hoz minden otthonba.<\/p>\n<p>&nbsp;<\/p>\n<p>Rendeljen most, \u00e9s biztos\u00edtson gyermek\u00e9nek b\u00e9k\u00e9s \u00e9jszak\u00e1kat \u00e9s boldog napokat!<\/p>\n<p>Az aj\u00e1nd\u00e9khoz\u00a0<a href=\"https:\/\/leboxi.eu\/izdelki\/cestitka-ob-rojstvu\/\">szem\u00e9lyre sz\u00f3l\u00f3 \u00fcdv\u00f6zl\u0151lapot is csatolhat<\/a>.<\/p>\n<p>&nbsp;<\/p>\n<p>Ha szeretn\u00e9, az aj\u00e1nd\u00e9kot mi k\u00e9zbes\u00edtj\u00fck a c\u00edmzettnek, de term\u00e9szetesen nem mell\u00e9kelj\u00fck a sz\u00e1ml\u00e1t a k\u00e9zbes\u00edt\u00e9skor. A sz\u00e1ml\u00e1t \u00f6n kapja meg.<\/p>\n<p>&nbsp;<\/p>\n","protected":false},"featured_media":20861,"comment_status":"open","ping_status":"closed","template":"","meta":{"site-sidebar-layout":"default","site-content-layout":"default","ast-site-content-layout":"default","site-content-style":"default","site-sidebar-style":"default","ast-global-header-display":"","ast-banner-title-visibility":"","ast-main-header-display":"","ast-hfb-above-header-display":"","ast-hfb-below-header-display":"","ast-hfb-mobile-header-display":"","site-post-title":"","ast-breadcrumbs-content":"","ast-featured-img":"","footer-sml-layout":"","ast-disable-related-posts":"","theme-transparent-header-meta":"default","adv-header-id-meta":"","stick-header-meta":"","header-above-stick-meta":"","header-main-stick-meta":"","header-below-stick-meta":"","astra-migrate-meta-layouts":"default","ast-page-background-enabled":"default","ast-page-background-meta":{"desktop":{"background-color":"","background-image":"","background-repeat":"repeat","background-position":"center center","background-size":"auto","background-attachment":"scroll","background-type":"","background-media":"","overlay-type":"","overlay-color":"","overlay-opacity":"","overlay-gradient":""},"tablet":{"background-color":"","background-image":"","background-repeat":"repeat","background-position":"center center","background-size":"auto","background-attachment":"scroll","background-type":"","background-media":"","overlay-type":"","overlay-color":"","overlay-opacity":"","overlay-gradient":""},"mobile":{"background-color":"","background-image":"","background-repeat":"repeat","background-position":"center center","background-size":"auto","background-attachment":"scroll","background-type":"","background-media":"","overlay-type":"","overlay-color":"","overlay-opacity":"","overlay-gradient":""}},"ast-content-background-meta":{"desktop":{"background-color":"var(--ast-global-color-5)","background-image":"","background-repeat":"repeat","background-position":"center center","background-size":"auto","background-attachment":"scroll","background-type":"","background-media":"","overlay-type":"","overlay-color":"","overlay-opacity":"","overlay-gradient":""},"tablet":{"background-color":"var(--ast-global-color-5)","background-image":"","background-repeat":"repeat","background-position":"center center","background-size":"auto","background-attachment":"scroll","background-type":"","background-media":"","overlay-type":"","overlay-color":"","overlay-opacity":"","overlay-gradient":""},"mobile":{"background-color":"var(--ast-global-color-5)","background-image":"","background-repeat":"repeat","background-position":"center center","background-size":"auto","background-attachment":"scroll","background-type":"","background-media":"","overlay-type":"","overlay-color":"","overlay-opacity":"","overlay-gradient":""}}},"product_brand":[],"product_cat":[377,378,325,376],"product_tag":[],"class_list":{"0":"post-20860","1":"product","2":"type-product","3":"status-publish","4":"has-post-thumbnail","6":"product_cat-ajandekok-ujszulotteknek","7":"product_cat-szuletesnapi-ajandekok","8":"product_cat-tabornok","9":"product_cat-ujszulottek","10":"desktop-align-left","11":"tablet-align-left","12":"mobile-align-left","14":"first","15":"instock","16":"taxable","17":"shipping-taxable","18":"purchasable","19":"product-type-simple"},"yoast_head":"<!-- This site is optimized with the Yoast SEO plugin v27.5 - https:\/\/yoast.com\/product\/yoast-seo-wordpress\/ -->\n<title>Elef\u00e1nt bab\u00e1knak | Le Boxi<\/title>\n<meta name=\"description\" content=\"Ez az aranyos bab\u00e1knak sz\u00e1nt elef\u00e1nt megfelel\u0151 t\u00e1mogat\u00e1st ny\u00fajt alv\u00e1s k\u00f6zben. Az elef\u00e1nt alak\u00fa p\u00e1rna a nagyobb gyermekeket is leny\u0171g\u00f6zi.\" \/>\n<meta name=\"robots\" content=\"index, follow, max-snippet:-1, max-image-preview:large, max-video-preview:-1\" \/>\n<link rel=\"canonical\" href=\"https:\/\/leboxi.eu\/hu\/termekek\/elefant-babaknak\/\" \/>\n<meta property=\"og:locale\" content=\"hu_HU\" \/>\n<meta property=\"og:type\" content=\"article\" \/>\n<meta property=\"og:title\" content=\"Elef\u00e1nt bab\u00e1knak | Le Boxi\" \/>\n<meta property=\"og:description\" content=\"Ez az aranyos bab\u00e1knak sz\u00e1nt elef\u00e1nt megfelel\u0151 t\u00e1mogat\u00e1st ny\u00fajt alv\u00e1s k\u00f6zben. Az elef\u00e1nt alak\u00fa p\u00e1rna a nagyobb gyermekeket is leny\u0171g\u00f6zi.\" \/>\n<meta property=\"og:url\" content=\"https:\/\/leboxi.eu\/hu\/termekek\/elefant-babaknak\/\" \/>\n<meta property=\"og:site_name\" content=\"Le Boxi | Unikatna darila za vsakogar\" \/>\n<meta property=\"article:publisher\" content=\"https:\/\/www.facebook.com\/leboxi.eu\" \/>\n<meta property=\"article:modified_time\" content=\"2025-02-23T15:44:39+00:00\" \/>\n<meta property=\"og:image\" content=\"https:\/\/leboxi.eu\/wp-content\/uploads\/2021\/03\/plisasti-slon.jpg\" \/>\n\t<meta property=\"og:image:width\" content=\"1000\" \/>\n\t<meta property=\"og:image:height\" content=\"1000\" \/>\n\t<meta property=\"og:image:type\" content=\"image\/jpeg\" \/>\n<meta name=\"twitter:card\" content=\"summary_large_image\" \/>\n<meta name=\"twitter:label1\" content=\"Becs\u00fclt olvas\u00e1si id\u0151\" \/>\n\t<meta name=\"twitter:data1\" content=\"1 perc\" \/>\n<script type=\"application\/ld+json\" class=\"yoast-schema-graph\">{\"@context\":\"https:\\\/\\\/schema.org\",\"@graph\":[{\"@type\":\"WebPage\",\"@id\":\"https:\\\/\\\/leboxi.eu\\\/hu\\\/termekek\\\/elefant-babaknak\\\/\",\"url\":\"https:\\\/\\\/leboxi.eu\\\/hu\\\/termekek\\\/elefant-babaknak\\\/\",\"name\":\"Elef\u00e1nt bab\u00e1knak | Le Boxi\",\"isPartOf\":{\"@id\":\"https:\\\/\\\/leboxi.eu\\\/hu\\\/#website\"},\"primaryImageOfPage\":{\"@id\":\"https:\\\/\\\/leboxi.eu\\\/hu\\\/termekek\\\/elefant-babaknak\\\/#primaryimage\"},\"image\":{\"@id\":\"https:\\\/\\\/leboxi.eu\\\/hu\\\/termekek\\\/elefant-babaknak\\\/#primaryimage\"},\"thumbnailUrl\":\"https:\\\/\\\/leboxi.eu\\\/wp-content\\\/uploads\\\/2021\\\/03\\\/plisasti-slon.jpg\",\"datePublished\":\"2021-03-08T19:23:46+00:00\",\"dateModified\":\"2025-02-23T15:44:39+00:00\",\"description\":\"Ez az aranyos bab\u00e1knak sz\u00e1nt elef\u00e1nt megfelel\u0151 t\u00e1mogat\u00e1st ny\u00fajt alv\u00e1s k\u00f6zben. Az elef\u00e1nt alak\u00fa p\u00e1rna a nagyobb gyermekeket is leny\u0171g\u00f6zi.\",\"breadcrumb\":{\"@id\":\"https:\\\/\\\/leboxi.eu\\\/hu\\\/termekek\\\/elefant-babaknak\\\/#breadcrumb\"},\"inLanguage\":\"hu\",\"potentialAction\":[{\"@type\":\"ReadAction\",\"target\":[\"https:\\\/\\\/leboxi.eu\\\/hu\\\/termekek\\\/elefant-babaknak\\\/\"]}]},{\"@type\":\"ImageObject\",\"inLanguage\":\"hu\",\"@id\":\"https:\\\/\\\/leboxi.eu\\\/hu\\\/termekek\\\/elefant-babaknak\\\/#primaryimage\",\"url\":\"https:\\\/\\\/leboxi.eu\\\/wp-content\\\/uploads\\\/2021\\\/03\\\/plisasti-slon.jpg\",\"contentUrl\":\"https:\\\/\\\/leboxi.eu\\\/wp-content\\\/uploads\\\/2021\\\/03\\\/plisasti-slon.jpg\",\"width\":1000,\"height\":1000},{\"@type\":\"BreadcrumbList\",\"@id\":\"https:\\\/\\\/leboxi.eu\\\/hu\\\/termekek\\\/elefant-babaknak\\\/#breadcrumb\",\"itemListElement\":[{\"@type\":\"ListItem\",\"position\":1,\"name\":\"Doma\",\"item\":\"https:\\\/\\\/leboxi.eu\\\/hu\\\/egyedi-szuletesnapi-ajandekok-noknek-ferfiaknak-es-ujszulotteknek\\\/\"},{\"@type\":\"ListItem\",\"position\":2,\"name\":\"\u00fczlet\",\"item\":\"https:\\\/\\\/leboxi.eu\\\/hu\\\/uzlet\\\/\"},{\"@type\":\"ListItem\",\"position\":3,\"name\":\"Elef\u00e1nt bab\u00e1knak\"}]},{\"@type\":\"WebSite\",\"@id\":\"https:\\\/\\\/leboxi.eu\\\/hu\\\/#website\",\"url\":\"https:\\\/\\\/leboxi.eu\\\/hu\\\/\",\"name\":\"Le Boxi | Unikatna darila za vsakogar\",\"description\":\"Unikatna darila in darilne \u0161katle za vse prilo\u017enosti.\",\"publisher\":{\"@id\":\"https:\\\/\\\/leboxi.eu\\\/hu\\\/#organization\"},\"potentialAction\":[{\"@type\":\"SearchAction\",\"target\":{\"@type\":\"EntryPoint\",\"urlTemplate\":\"https:\\\/\\\/leboxi.eu\\\/hu\\\/?s={search_term_string}\"},\"query-input\":{\"@type\":\"PropertyValueSpecification\",\"valueRequired\":true,\"valueName\":\"search_term_string\"}}],\"inLanguage\":\"hu\"},{\"@type\":\"Organization\",\"@id\":\"https:\\\/\\\/leboxi.eu\\\/hu\\\/#organization\",\"name\":\"LE BOXI\",\"url\":\"https:\\\/\\\/leboxi.eu\\\/hu\\\/\",\"logo\":{\"@type\":\"ImageObject\",\"inLanguage\":\"hu\",\"@id\":\"https:\\\/\\\/leboxi.eu\\\/hu\\\/#\\\/schema\\\/logo\\\/image\\\/\",\"url\":\"https:\\\/\\\/leboxi.eu\\\/wp-content\\\/uploads\\\/2021\\\/02\\\/LeBoxi-manjsi-png.png\",\"contentUrl\":\"https:\\\/\\\/leboxi.eu\\\/wp-content\\\/uploads\\\/2021\\\/02\\\/LeBoxi-manjsi-png.png\",\"width\":389,\"height\":164,\"caption\":\"LE BOXI\"},\"image\":{\"@id\":\"https:\\\/\\\/leboxi.eu\\\/hu\\\/#\\\/schema\\\/logo\\\/image\\\/\"},\"sameAs\":[\"https:\\\/\\\/www.facebook.com\\\/leboxi.eu\",\"https:\\\/\\\/www.instagram.com\\\/le.boxi\\\/\"]}]}<\/script>\n<!-- \/ Yoast SEO plugin. -->","yoast_head_json":{"title":"Elef\u00e1nt bab\u00e1knak | Le Boxi","description":"Ez az aranyos bab\u00e1knak sz\u00e1nt elef\u00e1nt megfelel\u0151 t\u00e1mogat\u00e1st ny\u00fajt alv\u00e1s k\u00f6zben. Az elef\u00e1nt alak\u00fa p\u00e1rna a nagyobb gyermekeket is leny\u0171g\u00f6zi.","robots":{"index":"index","follow":"follow","max-snippet":"max-snippet:-1","max-image-preview":"max-image-preview:large","max-video-preview":"max-video-preview:-1"},"canonical":"https:\/\/leboxi.eu\/hu\/termekek\/elefant-babaknak\/","og_locale":"hu_HU","og_type":"article","og_title":"Elef\u00e1nt bab\u00e1knak | Le Boxi","og_description":"Ez az aranyos bab\u00e1knak sz\u00e1nt elef\u00e1nt megfelel\u0151 t\u00e1mogat\u00e1st ny\u00fajt alv\u00e1s k\u00f6zben. Az elef\u00e1nt alak\u00fa p\u00e1rna a nagyobb gyermekeket is leny\u0171g\u00f6zi.","og_url":"https:\/\/leboxi.eu\/hu\/termekek\/elefant-babaknak\/","og_site_name":"Le Boxi | Unikatna darila za vsakogar","article_publisher":"https:\/\/www.facebook.com\/leboxi.eu","article_modified_time":"2025-02-23T15:44:39+00:00","og_image":[{"width":1000,"height":1000,"url":"https:\/\/leboxi.eu\/wp-content\/uploads\/2021\/03\/plisasti-slon.jpg","type":"image\/jpeg"}],"twitter_card":"summary_large_image","twitter_misc":{"Becs\u00fclt olvas\u00e1si id\u0151":"1 perc"},"schema":{"@context":"https:\/\/schema.org","@graph":[{"@type":"WebPage","@id":"https:\/\/leboxi.eu\/hu\/termekek\/elefant-babaknak\/","url":"https:\/\/leboxi.eu\/hu\/termekek\/elefant-babaknak\/","name":"Elef\u00e1nt bab\u00e1knak | Le Boxi","isPartOf":{"@id":"https:\/\/leboxi.eu\/hu\/#website"},"primaryImageOfPage":{"@id":"https:\/\/leboxi.eu\/hu\/termekek\/elefant-babaknak\/#primaryimage"},"image":{"@id":"https:\/\/leboxi.eu\/hu\/termekek\/elefant-babaknak\/#primaryimage"},"thumbnailUrl":"https:\/\/leboxi.eu\/wp-content\/uploads\/2021\/03\/plisasti-slon.jpg","datePublished":"2021-03-08T19:23:46+00:00","dateModified":"2025-02-23T15:44:39+00:00","description":"Ez az aranyos bab\u00e1knak sz\u00e1nt elef\u00e1nt megfelel\u0151 t\u00e1mogat\u00e1st ny\u00fajt alv\u00e1s k\u00f6zben. Az elef\u00e1nt alak\u00fa p\u00e1rna a nagyobb gyermekeket is leny\u0171g\u00f6zi.","breadcrumb":{"@id":"https:\/\/leboxi.eu\/hu\/termekek\/elefant-babaknak\/#breadcrumb"},"inLanguage":"hu","potentialAction":[{"@type":"ReadAction","target":["https:\/\/leboxi.eu\/hu\/termekek\/elefant-babaknak\/"]}]},{"@type":"ImageObject","inLanguage":"hu","@id":"https:\/\/leboxi.eu\/hu\/termekek\/elefant-babaknak\/#primaryimage","url":"https:\/\/leboxi.eu\/wp-content\/uploads\/2021\/03\/plisasti-slon.jpg","contentUrl":"https:\/\/leboxi.eu\/wp-content\/uploads\/2021\/03\/plisasti-slon.jpg","width":1000,"height":1000},{"@type":"BreadcrumbList","@id":"https:\/\/leboxi.eu\/hu\/termekek\/elefant-babaknak\/#breadcrumb","itemListElement":[{"@type":"ListItem","position":1,"name":"Doma","item":"https:\/\/leboxi.eu\/hu\/egyedi-szuletesnapi-ajandekok-noknek-ferfiaknak-es-ujszulotteknek\/"},{"@type":"ListItem","position":2,"name":"\u00fczlet","item":"https:\/\/leboxi.eu\/hu\/uzlet\/"},{"@type":"ListItem","position":3,"name":"Elef\u00e1nt bab\u00e1knak"}]},{"@type":"WebSite","@id":"https:\/\/leboxi.eu\/hu\/#website","url":"https:\/\/leboxi.eu\/hu\/","name":"Le Boxi | Unikatna darila za vsakogar","description":"Unikatna darila in darilne \u0161katle za vse prilo\u017enosti.","publisher":{"@id":"https:\/\/leboxi.eu\/hu\/#organization"},"potentialAction":[{"@type":"SearchAction","target":{"@type":"EntryPoint","urlTemplate":"https:\/\/leboxi.eu\/hu\/?s={search_term_string}"},"query-input":{"@type":"PropertyValueSpecification","valueRequired":true,"valueName":"search_term_string"}}],"inLanguage":"hu"},{"@type":"Organization","@id":"https:\/\/leboxi.eu\/hu\/#organization","name":"LE BOXI","url":"https:\/\/leboxi.eu\/hu\/","logo":{"@type":"ImageObject","inLanguage":"hu","@id":"https:\/\/leboxi.eu\/hu\/#\/schema\/logo\/image\/","url":"https:\/\/leboxi.eu\/wp-content\/uploads\/2021\/02\/LeBoxi-manjsi-png.png","contentUrl":"https:\/\/leboxi.eu\/wp-content\/uploads\/2021\/02\/LeBoxi-manjsi-png.png","width":389,"height":164,"caption":"LE BOXI"},"image":{"@id":"https:\/\/leboxi.eu\/hu\/#\/schema\/logo\/image\/"},"sameAs":["https:\/\/www.facebook.com\/leboxi.eu","https:\/\/www.instagram.com\/le.boxi\/"]}]}},"tiered_pricing_type":"fixed","tiered_pricing_fixed_rules":[],"tiered_pricing_product_settings":{"layout":"default","base_unit_name":{"singular":null,"plural":null},"default_variation":null},"tiered_pricing_minimum_quantity":null,"tiered_pricing_roles_data":[],"tiered_pricing_percentage_rules":[],"_links":{"self":[{"href":"https:\/\/leboxi.eu\/hu\/wp-json\/wp\/v2\/product\/20860","targetHints":{"allow":["GET"]}}],"collection":[{"href":"https:\/\/leboxi.eu\/hu\/wp-json\/wp\/v2\/product"}],"about":[{"href":"https:\/\/leboxi.eu\/hu\/wp-json\/wp\/v2\/types\/product"}],"replies":[{"embeddable":true,"href":"https:\/\/leboxi.eu\/hu\/wp-json\/wp\/v2\/comments?post=20860"}],"version-history":[{"count":0,"href":"https:\/\/leboxi.eu\/hu\/wp-json\/wp\/v2\/product\/20860\/revisions"}],"wp:featuredmedia":[{"embeddable":true,"href":"https:\/\/leboxi.eu\/hu\/wp-json\/wp\/v2\/media\/20861"}],"wp:attachment":[{"href":"https:\/\/leboxi.eu\/hu\/wp-json\/wp\/v2\/media?parent=20860"}],"wp:term":[{"taxonomy":"product_brand","embeddable":true,"href":"https:\/\/leboxi.eu\/hu\/wp-json\/wp\/v2\/product_brand?post=20860"},{"taxonomy":"product_cat","embeddable":true,"href":"https:\/\/leboxi.eu\/hu\/wp-json\/wp\/v2\/product_cat?post=20860"},{"taxonomy":"product_tag","embeddable":true,"href":"https:\/\/leboxi.eu\/hu\/wp-json\/wp\/v2\/product_tag?post=20860"}],"curies":[{"name":"wp","href":"https:\/\/api.w.org\/{rel}","templated":true}]}}