{"id":20853,"date":"2021-04-07T19:31:29","date_gmt":"2021-04-07T18:31:29","guid":{"rendered":"https:\/\/leboxi.eu\/izdelki\/ajandekdoboz-az-en-5-percem\/"},"modified":"2025-02-23T16:44:28","modified_gmt":"2025-02-23T15:44:28","slug":"ajandekdoboz-az-en-5-percem","status":"publish","type":"product","link":"https:\/\/leboxi.eu\/hu\/termekek\/ajandekdoboz-az-en-5-percem\/","title":{"rendered":"Aj\u00e1nd\u00e9kdoboz \u2013 az \u00e9n 5 percem"},"content":{"rendered":"<p><strong>A Le Boxi any\u00e1knak, bar\u00e1tn\u0151knek \u00e9s minden n\u0151nek sz\u00f3l\u00f3 aj\u00e1nd\u00e9kai \u00f6r\u00f6met okoznak m\u00e9g a legig\u00e9nyesebb c\u00edmzetteknek is. Az &#8222;Az \u00e9n 5 percem&#8221; k\u00e9szlet tartalma:<\/strong><\/p>\n<p>A5 perces k\u00e9szlet sz\u00e1momra, amely a k\u00f6vetkez\u0151ket tartalmazza:\u00e1lis t\u00e1rsak az utaz\u00e1sokhoz, \u00edgy b\u00e1rhov\u00e1 mag\u00e1val vihet egy kis luxust. A f\u00fcrd\u0151z\u00e9s ritu\u00e1l\u00e9ja mostant\u00f3l \u00fati c\u00e9lt\u00f3l f\u00fcggetlen\u00fcl elk\u00eds\u00e9rheti, ak\u00e1r h\u00e9tv\u00e9gi kiruccan\u00e1sra, ak\u00e1r \u00fczleti \u00fatra indul. Egyszer\u0171en \u00f6ntse a k\u00edv\u00e1nt mennyis\u00e9g\u0171 f\u00fcrd\u0151s\u00f3t a cs\u0151b\u0151l meleg v\u00edzbe, \u00e9s figyelje az \u00e1talakul\u00e1st. A s\u00f3k eleg\u00e1nsan elolvadnak \u00e9s eloszlatj\u00e1k az arom\u00e1s esszenci\u00e1t a v\u00edzben. Ez a k\u00e9mcs\u0151be rejtett f\u00fcrd\u0151s\u00f3 megfiatal\u00edt\u00f3 \u00e9lm\u00e9nyt ny\u00fajt, amely a nyugalom birodalm\u00e1ba vezet.<\/p>\n<h6><\/h6>\n<h6>Kieg\u00e9sz\u00edt\u0151 szolg\u00e1ltat\u00e1s:<br \/>\n<\/h6>\n<p>Az aj\u00e1nd\u00e9kcsomaghoz\u00a0<strong>szem\u00e9lyre sz\u00f3l\u00f3 \u00fcdv\u00f6zl\u0151k\u00e1rty\u00e1t<\/strong>\u00a0is csatolhat.<\/p>\n<p>Ha szeretn\u00e9, az aj\u00e1nd\u00e9k\u00e1t mi k\u00e9zbes\u00edtj\u00fck a c\u00edmzettnek, de a sz\u00e1ml\u00e1t term\u00e9szetesen nem mell\u00e9kelj\u00fck a sz\u00e1ll\u00edt\u00e1skor. A sz\u00e1ml\u00e1t \u00f6n kapja meg.<\/p>\n<p>&nbsp;<\/p>\n<p>Utols\u00f3 sim\u00edt\u00e1sk\u00e9nt <a href=\"https:\/\/leboxi.eu\/blog\/posvetilo-darilni-listki\/\"> aj\u00e1nd\u00e9kos c\u00edmk\u00e9kkel <\/a>is feldobhatja az aj\u00e1nd\u00e9kcsomagj\u00e1t, melyek elk\u00e9sz\u00edt\u00e9s\u00e9hez a blogunkon tal\u00e1l \u00fatmutat\u00f3t. Az aj\u00e1nd\u00e9kcsomagok nagyszer\u0171 aj\u00e1nd\u00e9k\u00f6tletek anyuk\u00e1knak, bar\u00e1tn\u0151knek vagy n\u0151i partnereknek.<\/p>\n","protected":false},"excerpt":{"rendered":"<p>\u00c9lvezze szerettei teljes kikapcsol\u00f3d\u00e1s\u00e1t \u00e9s k\u00e9nyeztet\u00e9s\u00e9t a 7 k\u00fcl\u00f6nb\u00f6z\u0151 f\u00fcrd\u0151s\u00f3t tartalmaz\u00f3 v\u00e1logatott aj\u00e1nd\u00e9kcsomagunkkal. Bar\u00e1tai \u00e9s csal\u00e1dja im\u00e1dni fogj\u00e1k ennek a felejthetetlen \u00e9lvezetet ny\u00fajt\u00f3 luxusaj\u00e1nd\u00e9knak az el\u0151nyeit. A kiv\u00e1lasztott s\u00f3k nem csak csod\u00e1latos k\u00e9nyeztet\u00e9st biztos\u00edtanak, hanem a kifinomults\u00e1g \u00e9rzet\u00e9t is.<\/p>\n<p>Az eleg\u00e1ns csomagol\u00e1s nemcsak az \u00e9rt\u00e9kes tartalom v\u00e9delm\u00e9t szolg\u00e1lja, hanem az aj\u00e1nd\u00e9k eleganci\u00e1j\u00e1t is kieg\u00e9sz\u00edti. Ez az aj\u00e1nd\u00e9kdoboz nagyszer\u0171 aj\u00e1nd\u00e9k lehet anyuk\u00e1nak, nagymam\u00e1nak vagy m\u00e1s fontos n\u0151nek az \u00e9let\u00e9ben.<\/p>\n<p>Az aj\u00e1nd\u00e9kdobozban 7 k\u00fcl\u00f6nb\u00f6z\u0151 f\u00fcrd\u0151s\u00f3t tal\u00e1l, amelyek m\u00e9g a legig\u00e9nyesebb felhaszn\u00e1l\u00f3k ig\u00e9nyeit is kiel\u00e9g\u00edtik.<\/p>\n<p>&nbsp;<\/p>\n<p>Az aj\u00e1nd\u00e9kdobozhoz szem\u00e9lyre sz\u00f3l\u00f3 \u00fcdv\u00f6zl\u0151k\u00e1rty\u00e1t is csatolhat (fel\u00e1ras). Az aj\u00e1nd\u00e9kdoboz nagyszer\u0171 aj\u00e1nd\u00e9k lehet anyuk\u00e1knak, bar\u00e1tn\u0151knek vagy n\u0151i partnereknek.<\/p>\n<p>&nbsp;<\/p>\n<p>Ha szeretn\u00e9, az aj\u00e1nd\u00e9kot mi k\u00e9zbes\u00edtj\u00fck a c\u00edmzettnek, de term\u00e9szetesen nem mell\u00e9kelj\u00fck a sz\u00e1ml\u00e1t a k\u00e9zbes\u00edt\u00e9skor. A sz\u00e1ml\u00e1t \u00f6n kapja meg.<\/p>\n<p>A r\u00e9szletes le\u00edr\u00e1st az al\u00e1bbiakban olvashatja el.<\/p>\n","protected":false},"featured_media":20854,"comment_status":"open","ping_status":"closed","template":"","meta":{"site-sidebar-layout":"default","site-content-layout":"default","ast-site-content-layout":"default","site-content-style":"default","site-sidebar-style":"default","ast-global-header-display":"","ast-banner-title-visibility":"","ast-main-header-display":"","ast-hfb-above-header-display":"","ast-hfb-below-header-display":"","ast-hfb-mobile-header-display":"","site-post-title":"","ast-breadcrumbs-content":"","ast-featured-img":"","footer-sml-layout":"","ast-disable-related-posts":"","theme-transparent-header-meta":"default","adv-header-id-meta":"","stick-header-meta":"","header-above-stick-meta":"","header-main-stick-meta":"","header-below-stick-meta":"","astra-migrate-meta-layouts":"default","ast-page-background-enabled":"default","ast-page-background-meta":{"desktop":{"background-color":"","background-image":"","background-repeat":"repeat","background-position":"center center","background-size":"auto","background-attachment":"scroll","background-type":"","background-media":"","overlay-type":"","overlay-color":"","overlay-opacity":"","overlay-gradient":""},"tablet":{"background-color":"","background-image":"","background-repeat":"repeat","background-position":"center center","background-size":"auto","background-attachment":"scroll","background-type":"","background-media":"","overlay-type":"","overlay-color":"","overlay-opacity":"","overlay-gradient":""},"mobile":{"background-color":"","background-image":"","background-repeat":"repeat","background-position":"center center","background-size":"auto","background-attachment":"scroll","background-type":"","background-media":"","overlay-type":"","overlay-color":"","overlay-opacity":"","overlay-gradient":""}},"ast-content-background-meta":{"desktop":{"background-color":"var(--ast-global-color-5)","background-image":"","background-repeat":"repeat","background-position":"center center","background-size":"auto","background-attachment":"scroll","background-type":"","background-media":"","overlay-type":"","overlay-color":"","overlay-opacity":"","overlay-gradient":""},"tablet":{"background-color":"var(--ast-global-color-5)","background-image":"","background-repeat":"repeat","background-position":"center center","background-size":"auto","background-attachment":"scroll","background-type":"","background-media":"","overlay-type":"","overlay-color":"","overlay-opacity":"","overlay-gradient":""},"mobile":{"background-color":"var(--ast-global-color-5)","background-image":"","background-repeat":"repeat","background-position":"center center","background-size":"auto","background-attachment":"scroll","background-type":"","background-media":"","overlay-type":"","overlay-color":"","overlay-opacity":"","overlay-gradient":""}}},"product_brand":[],"product_cat":[391,387,388,389,390,329,382,330,379,339,380,332,383,325,331,384],"product_tag":[],"class_list":{"0":"post-20853","1":"product","2":"type-product","3":"status-publish","4":"has-post-thumbnail","6":"product_cat-ajandekcsomagok","7":"product_cat-ajandekok-anyanak","8":"product_cat-ajandekok-baratnonek","9":"product_cat-ajandekok-noi-partnernek","10":"product_cat-ajandekok-noknek","11":"product_cat-alkalmak","12":"product_cat-anyak-napi-ajandekok","13":"product_cat-karacsonyi-ajandekok","14":"product_cat-karacsonyi-ajandekok-noknek","15":"product_cat-nok","16":"product_cat-nonapi-ajandekok","17":"product_cat-szuletesnapi-ajandekok-hu","18":"product_cat-szuletesnapi-ajandekok-noknek","19":"product_cat-tabornok","20":"product_cat-valentin-napi-ajandekok","21":"product_cat-valentin-napi-ajandekok-noknek","22":"desktop-align-left","23":"tablet-align-left","24":"mobile-align-left","26":"first","27":"instock","28":"sale","29":"taxable","30":"shipping-taxable","31":"purchasable","32":"product-type-simple"},"yoast_head":"<!-- This site is optimized with the Yoast SEO plugin v27.4 - https:\/\/yoast.com\/product\/yoast-seo-wordpress\/ -->\n<title>Aj\u00e1nd\u00e9kok anyuk\u00e1knak | Aj\u00e1nd\u00e9kdoboz - az \u00e9n 5 percem | Le Boxi<\/title>\n<meta name=\"description\" content=\"Kezdje el utaz\u00e1s\u00e1t a term\u00e9szetes b\u0151r\u00e1pol\u00e1s vil\u00e1g\u00e1ba! Ez a k\u00e9szlet h\u00e9t k\u00e9mcs\u0151be rejtett kifinomult f\u00fcrd\u0151s\u00f3t tartalmaz. Csod\u00e1latos aj\u00e1nd\u00e9kok anyuk\u00e1knak.\" \/>\n<meta name=\"robots\" content=\"index, follow, max-snippet:-1, max-image-preview:large, max-video-preview:-1\" \/>\n<link rel=\"canonical\" href=\"https:\/\/leboxi.eu\/hu\/termekek\/ajandekdoboz-az-en-5-percem\/\" \/>\n<meta property=\"og:locale\" content=\"hu_HU\" \/>\n<meta property=\"og:type\" content=\"article\" \/>\n<meta property=\"og:title\" content=\"Aj\u00e1nd\u00e9kok anyuk\u00e1knak | Aj\u00e1nd\u00e9kdoboz - az \u00e9n 5 percem | Le Boxi\" \/>\n<meta property=\"og:description\" content=\"Kezdje el utaz\u00e1s\u00e1t a term\u00e9szetes b\u0151r\u00e1pol\u00e1s vil\u00e1g\u00e1ba! Ez a k\u00e9szlet h\u00e9t k\u00e9mcs\u0151be rejtett kifinomult f\u00fcrd\u0151s\u00f3t tartalmaz. Csod\u00e1latos aj\u00e1nd\u00e9kok anyuk\u00e1knak.\" \/>\n<meta property=\"og:url\" content=\"https:\/\/leboxi.eu\/hu\/termekek\/ajandekdoboz-az-en-5-percem\/\" \/>\n<meta property=\"og:site_name\" content=\"Le Boxi | Unikatna darila za vsakogar\" \/>\n<meta property=\"article:publisher\" content=\"https:\/\/www.facebook.com\/leboxi.eu\" \/>\n<meta property=\"article:modified_time\" content=\"2025-02-23T15:44:28+00:00\" \/>\n<meta property=\"og:image\" content=\"https:\/\/leboxi.eu\/wp-content\/uploads\/2021\/04\/mix-soli-3.jpg\" \/>\n\t<meta property=\"og:image:width\" content=\"1000\" \/>\n\t<meta property=\"og:image:height\" content=\"1000\" \/>\n\t<meta property=\"og:image:type\" content=\"image\/jpeg\" \/>\n<meta name=\"twitter:card\" content=\"summary_large_image\" \/>\n<meta name=\"twitter:label1\" content=\"Becs\u00fclt olvas\u00e1si id\u0151\" \/>\n\t<meta name=\"twitter:data1\" content=\"1 perc\" \/>\n<script type=\"application\/ld+json\" class=\"yoast-schema-graph\">{\"@context\":\"https:\\\/\\\/schema.org\",\"@graph\":[{\"@type\":\"WebPage\",\"@id\":\"https:\\\/\\\/leboxi.eu\\\/hu\\\/termekek\\\/ajandekdoboz-az-en-5-percem\\\/\",\"url\":\"https:\\\/\\\/leboxi.eu\\\/hu\\\/termekek\\\/ajandekdoboz-az-en-5-percem\\\/\",\"name\":\"Aj\u00e1nd\u00e9kok anyuk\u00e1knak | Aj\u00e1nd\u00e9kdoboz - az \u00e9n 5 percem | Le Boxi\",\"isPartOf\":{\"@id\":\"https:\\\/\\\/leboxi.eu\\\/hu\\\/#website\"},\"primaryImageOfPage\":{\"@id\":\"https:\\\/\\\/leboxi.eu\\\/hu\\\/termekek\\\/ajandekdoboz-az-en-5-percem\\\/#primaryimage\"},\"image\":{\"@id\":\"https:\\\/\\\/leboxi.eu\\\/hu\\\/termekek\\\/ajandekdoboz-az-en-5-percem\\\/#primaryimage\"},\"thumbnailUrl\":\"https:\\\/\\\/leboxi.eu\\\/wp-content\\\/uploads\\\/2021\\\/04\\\/mix-soli-3.jpg\",\"datePublished\":\"2021-04-07T18:31:29+00:00\",\"dateModified\":\"2025-02-23T15:44:28+00:00\",\"description\":\"Kezdje el utaz\u00e1s\u00e1t a term\u00e9szetes b\u0151r\u00e1pol\u00e1s vil\u00e1g\u00e1ba! Ez a k\u00e9szlet h\u00e9t k\u00e9mcs\u0151be rejtett kifinomult f\u00fcrd\u0151s\u00f3t tartalmaz. Csod\u00e1latos aj\u00e1nd\u00e9kok anyuk\u00e1knak.\",\"breadcrumb\":{\"@id\":\"https:\\\/\\\/leboxi.eu\\\/hu\\\/termekek\\\/ajandekdoboz-az-en-5-percem\\\/#breadcrumb\"},\"inLanguage\":\"hu\",\"potentialAction\":[{\"@type\":\"ReadAction\",\"target\":[\"https:\\\/\\\/leboxi.eu\\\/hu\\\/termekek\\\/ajandekdoboz-az-en-5-percem\\\/\"]}]},{\"@type\":\"ImageObject\",\"inLanguage\":\"hu\",\"@id\":\"https:\\\/\\\/leboxi.eu\\\/hu\\\/termekek\\\/ajandekdoboz-az-en-5-percem\\\/#primaryimage\",\"url\":\"https:\\\/\\\/leboxi.eu\\\/wp-content\\\/uploads\\\/2021\\\/04\\\/mix-soli-3.jpg\",\"contentUrl\":\"https:\\\/\\\/leboxi.eu\\\/wp-content\\\/uploads\\\/2021\\\/04\\\/mix-soli-3.jpg\",\"width\":1000,\"height\":1000},{\"@type\":\"BreadcrumbList\",\"@id\":\"https:\\\/\\\/leboxi.eu\\\/hu\\\/termekek\\\/ajandekdoboz-az-en-5-percem\\\/#breadcrumb\",\"itemListElement\":[{\"@type\":\"ListItem\",\"position\":1,\"name\":\"Doma\",\"item\":\"https:\\\/\\\/leboxi.eu\\\/hu\\\/egyedi-szuletesnapi-ajandekok-noknek-ferfiaknak-es-ujszulotteknek\\\/\"},{\"@type\":\"ListItem\",\"position\":2,\"name\":\"\u00fczlet\",\"item\":\"https:\\\/\\\/leboxi.eu\\\/hu\\\/uzlet\\\/\"},{\"@type\":\"ListItem\",\"position\":3,\"name\":\"Aj\u00e1nd\u00e9kdoboz \u2013 az \u00e9n 5 percem\"}]},{\"@type\":\"WebSite\",\"@id\":\"https:\\\/\\\/leboxi.eu\\\/hu\\\/#website\",\"url\":\"https:\\\/\\\/leboxi.eu\\\/hu\\\/\",\"name\":\"Le Boxi | Unikatna darila za vsakogar\",\"description\":\"Unikatna darila in darilne \u0161katle za vse prilo\u017enosti.\",\"publisher\":{\"@id\":\"https:\\\/\\\/leboxi.eu\\\/hu\\\/#organization\"},\"potentialAction\":[{\"@type\":\"SearchAction\",\"target\":{\"@type\":\"EntryPoint\",\"urlTemplate\":\"https:\\\/\\\/leboxi.eu\\\/hu\\\/?s={search_term_string}\"},\"query-input\":{\"@type\":\"PropertyValueSpecification\",\"valueRequired\":true,\"valueName\":\"search_term_string\"}}],\"inLanguage\":\"hu\"},{\"@type\":\"Organization\",\"@id\":\"https:\\\/\\\/leboxi.eu\\\/hu\\\/#organization\",\"name\":\"LE BOXI\",\"url\":\"https:\\\/\\\/leboxi.eu\\\/hu\\\/\",\"logo\":{\"@type\":\"ImageObject\",\"inLanguage\":\"hu\",\"@id\":\"https:\\\/\\\/leboxi.eu\\\/hu\\\/#\\\/schema\\\/logo\\\/image\\\/\",\"url\":\"https:\\\/\\\/leboxi.eu\\\/wp-content\\\/uploads\\\/2021\\\/02\\\/LeBoxi-manjsi-png.png\",\"contentUrl\":\"https:\\\/\\\/leboxi.eu\\\/wp-content\\\/uploads\\\/2021\\\/02\\\/LeBoxi-manjsi-png.png\",\"width\":389,\"height\":164,\"caption\":\"LE BOXI\"},\"image\":{\"@id\":\"https:\\\/\\\/leboxi.eu\\\/hu\\\/#\\\/schema\\\/logo\\\/image\\\/\"},\"sameAs\":[\"https:\\\/\\\/www.facebook.com\\\/leboxi.eu\",\"https:\\\/\\\/www.instagram.com\\\/le.boxi\\\/\"]}]}<\/script>\n<!-- \/ Yoast SEO plugin. -->","yoast_head_json":{"title":"Aj\u00e1nd\u00e9kok anyuk\u00e1knak | Aj\u00e1nd\u00e9kdoboz - az \u00e9n 5 percem | Le Boxi","description":"Kezdje el utaz\u00e1s\u00e1t a term\u00e9szetes b\u0151r\u00e1pol\u00e1s vil\u00e1g\u00e1ba! Ez a k\u00e9szlet h\u00e9t k\u00e9mcs\u0151be rejtett kifinomult f\u00fcrd\u0151s\u00f3t tartalmaz. Csod\u00e1latos aj\u00e1nd\u00e9kok anyuk\u00e1knak.","robots":{"index":"index","follow":"follow","max-snippet":"max-snippet:-1","max-image-preview":"max-image-preview:large","max-video-preview":"max-video-preview:-1"},"canonical":"https:\/\/leboxi.eu\/hu\/termekek\/ajandekdoboz-az-en-5-percem\/","og_locale":"hu_HU","og_type":"article","og_title":"Aj\u00e1nd\u00e9kok anyuk\u00e1knak | Aj\u00e1nd\u00e9kdoboz - az \u00e9n 5 percem | Le Boxi","og_description":"Kezdje el utaz\u00e1s\u00e1t a term\u00e9szetes b\u0151r\u00e1pol\u00e1s vil\u00e1g\u00e1ba! Ez a k\u00e9szlet h\u00e9t k\u00e9mcs\u0151be rejtett kifinomult f\u00fcrd\u0151s\u00f3t tartalmaz. Csod\u00e1latos aj\u00e1nd\u00e9kok anyuk\u00e1knak.","og_url":"https:\/\/leboxi.eu\/hu\/termekek\/ajandekdoboz-az-en-5-percem\/","og_site_name":"Le Boxi | Unikatna darila za vsakogar","article_publisher":"https:\/\/www.facebook.com\/leboxi.eu","article_modified_time":"2025-02-23T15:44:28+00:00","og_image":[{"width":1000,"height":1000,"url":"https:\/\/leboxi.eu\/wp-content\/uploads\/2021\/04\/mix-soli-3.jpg","type":"image\/jpeg"}],"twitter_card":"summary_large_image","twitter_misc":{"Becs\u00fclt olvas\u00e1si id\u0151":"1 perc"},"schema":{"@context":"https:\/\/schema.org","@graph":[{"@type":"WebPage","@id":"https:\/\/leboxi.eu\/hu\/termekek\/ajandekdoboz-az-en-5-percem\/","url":"https:\/\/leboxi.eu\/hu\/termekek\/ajandekdoboz-az-en-5-percem\/","name":"Aj\u00e1nd\u00e9kok anyuk\u00e1knak | Aj\u00e1nd\u00e9kdoboz - az \u00e9n 5 percem | Le Boxi","isPartOf":{"@id":"https:\/\/leboxi.eu\/hu\/#website"},"primaryImageOfPage":{"@id":"https:\/\/leboxi.eu\/hu\/termekek\/ajandekdoboz-az-en-5-percem\/#primaryimage"},"image":{"@id":"https:\/\/leboxi.eu\/hu\/termekek\/ajandekdoboz-az-en-5-percem\/#primaryimage"},"thumbnailUrl":"https:\/\/leboxi.eu\/wp-content\/uploads\/2021\/04\/mix-soli-3.jpg","datePublished":"2021-04-07T18:31:29+00:00","dateModified":"2025-02-23T15:44:28+00:00","description":"Kezdje el utaz\u00e1s\u00e1t a term\u00e9szetes b\u0151r\u00e1pol\u00e1s vil\u00e1g\u00e1ba! Ez a k\u00e9szlet h\u00e9t k\u00e9mcs\u0151be rejtett kifinomult f\u00fcrd\u0151s\u00f3t tartalmaz. Csod\u00e1latos aj\u00e1nd\u00e9kok anyuk\u00e1knak.","breadcrumb":{"@id":"https:\/\/leboxi.eu\/hu\/termekek\/ajandekdoboz-az-en-5-percem\/#breadcrumb"},"inLanguage":"hu","potentialAction":[{"@type":"ReadAction","target":["https:\/\/leboxi.eu\/hu\/termekek\/ajandekdoboz-az-en-5-percem\/"]}]},{"@type":"ImageObject","inLanguage":"hu","@id":"https:\/\/leboxi.eu\/hu\/termekek\/ajandekdoboz-az-en-5-percem\/#primaryimage","url":"https:\/\/leboxi.eu\/wp-content\/uploads\/2021\/04\/mix-soli-3.jpg","contentUrl":"https:\/\/leboxi.eu\/wp-content\/uploads\/2021\/04\/mix-soli-3.jpg","width":1000,"height":1000},{"@type":"BreadcrumbList","@id":"https:\/\/leboxi.eu\/hu\/termekek\/ajandekdoboz-az-en-5-percem\/#breadcrumb","itemListElement":[{"@type":"ListItem","position":1,"name":"Doma","item":"https:\/\/leboxi.eu\/hu\/egyedi-szuletesnapi-ajandekok-noknek-ferfiaknak-es-ujszulotteknek\/"},{"@type":"ListItem","position":2,"name":"\u00fczlet","item":"https:\/\/leboxi.eu\/hu\/uzlet\/"},{"@type":"ListItem","position":3,"name":"Aj\u00e1nd\u00e9kdoboz \u2013 az \u00e9n 5 percem"}]},{"@type":"WebSite","@id":"https:\/\/leboxi.eu\/hu\/#website","url":"https:\/\/leboxi.eu\/hu\/","name":"Le Boxi | Unikatna darila za vsakogar","description":"Unikatna darila in darilne \u0161katle za vse prilo\u017enosti.","publisher":{"@id":"https:\/\/leboxi.eu\/hu\/#organization"},"potentialAction":[{"@type":"SearchAction","target":{"@type":"EntryPoint","urlTemplate":"https:\/\/leboxi.eu\/hu\/?s={search_term_string}"},"query-input":{"@type":"PropertyValueSpecification","valueRequired":true,"valueName":"search_term_string"}}],"inLanguage":"hu"},{"@type":"Organization","@id":"https:\/\/leboxi.eu\/hu\/#organization","name":"LE BOXI","url":"https:\/\/leboxi.eu\/hu\/","logo":{"@type":"ImageObject","inLanguage":"hu","@id":"https:\/\/leboxi.eu\/hu\/#\/schema\/logo\/image\/","url":"https:\/\/leboxi.eu\/wp-content\/uploads\/2021\/02\/LeBoxi-manjsi-png.png","contentUrl":"https:\/\/leboxi.eu\/wp-content\/uploads\/2021\/02\/LeBoxi-manjsi-png.png","width":389,"height":164,"caption":"LE BOXI"},"image":{"@id":"https:\/\/leboxi.eu\/hu\/#\/schema\/logo\/image\/"},"sameAs":["https:\/\/www.facebook.com\/leboxi.eu","https:\/\/www.instagram.com\/le.boxi\/"]}]}},"tiered_pricing_type":"fixed","tiered_pricing_fixed_rules":[],"tiered_pricing_product_settings":{"layout":"default","base_unit_name":{"singular":null,"plural":null},"default_variation":null},"tiered_pricing_minimum_quantity":null,"tiered_pricing_roles_data":[],"tiered_pricing_percentage_rules":[],"_links":{"self":[{"href":"https:\/\/leboxi.eu\/hu\/wp-json\/wp\/v2\/product\/20853","targetHints":{"allow":["GET"]}}],"collection":[{"href":"https:\/\/leboxi.eu\/hu\/wp-json\/wp\/v2\/product"}],"about":[{"href":"https:\/\/leboxi.eu\/hu\/wp-json\/wp\/v2\/types\/product"}],"replies":[{"embeddable":true,"href":"https:\/\/leboxi.eu\/hu\/wp-json\/wp\/v2\/comments?post=20853"}],"version-history":[{"count":0,"href":"https:\/\/leboxi.eu\/hu\/wp-json\/wp\/v2\/product\/20853\/revisions"}],"wp:featuredmedia":[{"embeddable":true,"href":"https:\/\/leboxi.eu\/hu\/wp-json\/wp\/v2\/media\/20854"}],"wp:attachment":[{"href":"https:\/\/leboxi.eu\/hu\/wp-json\/wp\/v2\/media?parent=20853"}],"wp:term":[{"taxonomy":"product_brand","embeddable":true,"href":"https:\/\/leboxi.eu\/hu\/wp-json\/wp\/v2\/product_brand?post=20853"},{"taxonomy":"product_cat","embeddable":true,"href":"https:\/\/leboxi.eu\/hu\/wp-json\/wp\/v2\/product_cat?post=20853"},{"taxonomy":"product_tag","embeddable":true,"href":"https:\/\/leboxi.eu\/hu\/wp-json\/wp\/v2\/product_tag?post=20853"}],"curies":[{"name":"wp","href":"https:\/\/api.w.org\/{rel}","templated":true}]}}