{"id":20851,"date":"2021-04-07T19:47:59","date_gmt":"2021-04-07T18:47:59","guid":{"rendered":"https:\/\/leboxi.eu\/izdelki\/ajandekdoboz-belso-boldogsag\/"},"modified":"2026-01-17T18:16:10","modified_gmt":"2026-01-17T17:16:10","slug":"ajandekdoboz-belso-boldogsag","status":"publish","type":"product","link":"https:\/\/leboxi.eu\/hu\/termekek\/ajandekdoboz-belso-boldogsag\/","title":{"rendered":"Aj\u00e1nd\u00e9kdoboz \u2013 bels\u0151 boldogs\u00e1g"},"content":{"rendered":"<p><strong>Ez az aj\u00e1nd\u00e9kdoboz aj\u00e1nd\u00e9kk\u00e9nt adhat\u00f3 Valentin-napra vagy m\u00e1s alkalomra, amikor egyedi aj\u00e1nd\u00e9kot szeretne adni. Az bels\u0151 boldogs\u00e1got kiv\u00e1lt\u00f3 k\u00e9szlet tartalma:<br \/>\n<\/strong><strong>\u00a0 \u00a0 \u00a0 \u00a0 \u00a0 \u00a0 <\/strong><\/p>\n<h5><strong>\u00a0 \u00a0 \u00a0 \u00a0 \u00a0 \u00a0 \u00a0 \u00a0 \u00a0 \u00a0 \u00a0 \u00a0 \u00a0 \u00a0 \u00a0\u00a0<\/strong><\/h5>\n<p>Alak\u00edtsa \u00e1t a f\u00fcrd\u0151z\u00e9st igazi spa \u00e9lm\u00e9nny\u00e9 ezekkel a k\u00e9zzel k\u00e9sz\u00edtett f\u00fcrd\u0151bomb\u00e1kkal. Nemcsak t\u00e1pl\u00e1lj\u00e1k a b\u0151rt, hanem pihentet\u0151 \u00e9s nyugtat\u00f3 k\u00f6rnyezetet teremtenek, amely lehet\u0151v\u00e9 teszi, hogy frissnek \u00e9s fiatalosnak \u00e9rezze mag\u00e1t. Minden f\u00fcrd\u0151bomb\u00e1ban egy gy\u00f6ny\u00f6r\u0171, dr\u00e1gak\u00f6vekkel (ametiszttel) d\u00edsz\u00edtett kark\u00f6t\u0151t tal\u00e1l.<\/p>\n<p>Az ametiszt egy er\u0151s v\u00e9d\u0151k\u0151, amely megtiszt\u00edtja a teret a negat\u00edv energi\u00e1kt\u00f3l \u00e9s v\u00e9di az energiamez\u0151nket. Emellett megsz\u00fcnteti a stresszt, \u00e9s nyugalmat \u00e9s harm\u00f3ni\u00e1t hoz az \u00e9let\u00fcnkbe. Ennek a krist\u00e1lynak a rezg\u00e9sei fizikai, \u00e9rzelmi \u00e9s pszichikai szinten is hatnak r\u00e1nk. A m\u00faltban az \u0151si civiliz\u00e1ci\u00f3k a m\u00e9regtelen\u00edt\u00e9s \u00e9s a j\u00f3zans\u00e1g k\u00f6v\u00e9nek nevezt\u00e9k, mivel \u00fagy hitt\u00e9k, hogy az ametisztpoh\u00e1rb\u00f3l val\u00f3 iv\u00e1s megv\u00e9di \u0151ket a r\u00e9szegs\u00e9gt\u0151l. Az ametiszt az egyik f\u00e9ldr\u00e1gak\u0151, \u00e9s egyed\u00fcl\u00e1ll\u00f3 lila sz\u00edn\u00e9r\u0151l ismerhet\u0151 fel, aminek k\u00f6sz\u00f6nhet\u0151en az \u00e9kszerk\u00e9sz\u00edt\u0151k \u00f6r\u00f6mmel haszn\u00e1lj\u00e1k fel az alkot\u00e1saikhoz.<\/p>\n<h6><\/h6>\n<h6>Kieg\u00e9sz\u00edt\u0151 szolg\u00e1ltat\u00e1s:<br \/>\n<\/h6>\n<p>Az aj\u00e1nd\u00e9kcsomaghoz\u00a0<strong>szem\u00e9lyre szabott \u00fcdv\u00f6zl\u0151k\u00e1rty\u00e1t<\/strong>\u00a0(+ 2,95 \u20ac) is csatolhat. Az aj\u00e1nd\u00e9kdoboz nagyszer\u0171 aj\u00e1nd\u00e9k Valentin-napra vagy m\u00e1s alkalomra.<\/p>\n<p>Ha szeretn\u00e9, az aj\u00e1nd\u00e9k\u00e1t mi k\u00e9zbes\u00edtj\u00fck a c\u00edmzettnek, de a sz\u00e1ml\u00e1t term\u00e9szetesen nem mell\u00e9kelj\u00fck a sz\u00e1ll\u00edt\u00e1skor. A sz\u00e1ml\u00e1t \u00f6n kapja meg.<\/p>\n<p>&nbsp;<\/p>\n<p>Utols\u00f3 sim\u00edt\u00e1sk\u00e9nt <a href=\"https:\/\/leboxi.eu\/blog\/posvetilo-darilni-listki\/\"> aj\u00e1nd\u00e9kos c\u00edmk\u00e9kkel <\/a>is feldobhatja az aj\u00e1nd\u00e9kcsomagj\u00e1t, melyek elk\u00e9sz\u00edt\u00e9s\u00e9hez a blogunkon tal\u00e1l \u00fatmutat\u00f3t. <\/p>\n<p>&nbsp;<\/p>\n<p>&nbsp;<\/p>\n","protected":false},"excerpt":{"rendered":"<p>V\u00e1ltoztassa a f\u00fcrd\u0151id\u0151t luxus spa \u00e9lm\u00e9nny\u00e9 ezzel a k\u00e9zm\u0171ves f\u00fcrd\u0151bomb\u00e1val, amely nemcsak t\u00e1pl\u00e1lja a b\u0151rt, hanem pihentet\u0151 \u00e9s nyugtat\u00f3 l\u00e9gk\u00f6rt teremt, \u00edgy az aj\u00e1nd\u00e9kozott felfriss\u00fcl \u00e9s megfiatalodik.<\/p>\n<p>\u00c9s mi a legjobb? Minden f\u00fcrd\u0151bomb\u00e1ban egy leny\u0171g\u00f6z\u0151 dr\u00e1gak\u00f6ves kark\u00f6t\u0151 rejlik. Egyszer\u0171en dobja a f\u00fcrd\u0151bomb\u00e1t a f\u00fcrd\u0151k\u00e1dba, \u00e9s figyelje, ahogy susog, \u00e9s elereszti mennyei illat\u00e1t. K\u00e9nyeztesse az aj\u00e1nd\u00e9kozottat var\u00e1zslatos v\u00edzben, mik\u00f6zben egy dr\u00e1gak\u00f6ves kark\u00f6t\u0151 lebeg a felsz\u00ednen. Amikor a f\u00fcrd\u0151z\u00e9s befejez\u0151d\u00f6tt, vegye fel az \u00faj dr\u00e1gak\u00f6ves kark\u00f6t\u0151t, \u00e9s \u00e9rezze a dr\u00e1gak\u00f6vek (ametiszt) term\u00e9szetes tulajdons\u00e1gainak el\u0151nyeit. Az ametiszt egy er\u0151s v\u00e9d\u0151k\u0151, amely megtiszt\u00edtja a teret a negat\u00edv energi\u00e1kt\u00f3l \u00e9s v\u00e9di az energiamez\u0151nket. Emellett megsz\u00fcnteti a stresszt, \u00e9s nyugalmat \u00e9s harm\u00f3ni\u00e1t hoz az \u00e9let\u00fcnkbe. Nagyszer\u0171 aj\u00e1nd\u00e9k szerelm\u00e9nek egy olyan alkalomra, mint a Valentin-nap.<\/p>\n<p>Az aj\u00e1nd\u00e9kdoboz tartalma:<\/p>\n<ul>\n<li>f\u00fcrd\u0151bomba &#8211; levendula \u00e9s teafa tengeri s\u00f3val (140g)\n<\/li>\n<li>Dr\u00e1gak\u00f6ves kark\u00f6t\u0151 (ametiszt)\n<\/li>\n<\/ul>\n<p>Ha szeretn\u00e9, az aj\u00e1nd\u00e9k\u00e1t mi k\u00e9zbes\u00edtj\u00fck a c\u00edmzettnek, de a sz\u00e1ml\u00e1t term\u00e9szetesen nem mell\u00e9kelj\u00fck a sz\u00e1ll\u00edt\u00e1skor. A sz\u00e1ml\u00e1t \u00f6n kapja meg.<\/p>\n<p>A r\u00e9szletes le\u00edr\u00e1st az al\u00e1bbiakban olvashatja el.<\/p>\n","protected":false},"featured_media":20852,"comment_status":"open","ping_status":"closed","template":"","meta":{"site-sidebar-layout":"default","site-content-layout":"default","ast-site-content-layout":"default","site-content-style":"default","site-sidebar-style":"default","ast-global-header-display":"","ast-banner-title-visibility":"","ast-main-header-display":"","ast-hfb-above-header-display":"","ast-hfb-below-header-display":"","ast-hfb-mobile-header-display":"","site-post-title":"","ast-breadcrumbs-content":"","ast-featured-img":"","footer-sml-layout":"","ast-disable-related-posts":"","theme-transparent-header-meta":"default","adv-header-id-meta":"","stick-header-meta":"","header-above-stick-meta":"","header-main-stick-meta":"","header-below-stick-meta":"","astra-migrate-meta-layouts":"default","ast-page-background-enabled":"default","ast-page-background-meta":{"desktop":{"background-color":"","background-image":"","background-repeat":"repeat","background-position":"center center","background-size":"auto","background-attachment":"scroll","background-type":"","background-media":"","overlay-type":"","overlay-color":"","overlay-opacity":"","overlay-gradient":""},"tablet":{"background-color":"","background-image":"","background-repeat":"repeat","background-position":"center center","background-size":"auto","background-attachment":"scroll","background-type":"","background-media":"","overlay-type":"","overlay-color":"","overlay-opacity":"","overlay-gradient":""},"mobile":{"background-color":"","background-image":"","background-repeat":"repeat","background-position":"center center","background-size":"auto","background-attachment":"scroll","background-type":"","background-media":"","overlay-type":"","overlay-color":"","overlay-opacity":"","overlay-gradient":""}},"ast-content-background-meta":{"desktop":{"background-color":"var(--ast-global-color-5)","background-image":"","background-repeat":"repeat","background-position":"center center","background-size":"auto","background-attachment":"scroll","background-type":"","background-media":"","overlay-type":"","overlay-color":"","overlay-opacity":"","overlay-gradient":""},"tablet":{"background-color":"var(--ast-global-color-5)","background-image":"","background-repeat":"repeat","background-position":"center center","background-size":"auto","background-attachment":"scroll","background-type":"","background-media":"","overlay-type":"","overlay-color":"","overlay-opacity":"","overlay-gradient":""},"mobile":{"background-color":"var(--ast-global-color-5)","background-image":"","background-repeat":"repeat","background-position":"center center","background-size":"auto","background-attachment":"scroll","background-type":"","background-media":"","overlay-type":"","overlay-color":"","overlay-opacity":"","overlay-gradient":""}}},"product_brand":[],"product_cat":[391,387,388,389,390,329,382,330,379,339,380,383,325,384],"product_tag":[],"class_list":{"0":"post-20851","1":"product","2":"type-product","3":"status-publish","4":"has-post-thumbnail","6":"product_cat-ajandekcsomagok","7":"product_cat-ajandekok-anyanak","8":"product_cat-ajandekok-baratnonek","9":"product_cat-ajandekok-noi-partnernek","10":"product_cat-ajandekok-noknek","11":"product_cat-alkalmak","12":"product_cat-anyak-napi-ajandekok","13":"product_cat-karacsonyi-ajandekok","14":"product_cat-karacsonyi-ajandekok-noknek","15":"product_cat-nok","16":"product_cat-nonapi-ajandekok","17":"product_cat-szuletesnapi-ajandekok-noknek","18":"product_cat-tabornok","19":"product_cat-valentin-napi-ajandekok-noknek","20":"desktop-align-left","21":"tablet-align-left","22":"mobile-align-left","24":"first","25":"instock","26":"taxable","27":"shipping-taxable","28":"purchasable","29":"product-type-simple"},"yoast_head":"<!-- This site is optimized with the Yoast SEO plugin v27.3 - https:\/\/yoast.com\/product\/yoast-seo-wordpress\/ -->\n<title>Valentin-napi aj\u00e1nd\u00e9k | Aj\u00e1nd\u00e9kdoboz - Bels\u0151 boldogs\u00e1g | Le Boxi<\/title>\n<meta name=\"description\" content=\"A k\u00e9szlet egy f\u00fcrd\u0151bomb\u00e1t tartalmaz. Minden f\u00fcrd\u0151bomb\u00e1ban egy leny\u0171g\u00f6z\u0151 dr\u00e1gak\u00f6ves kark\u00f6t\u0151 rejlik. Nagyszer\u0171 Valentin-napi aj\u00e1nd\u00e9k.\" \/>\n<meta name=\"robots\" content=\"index, follow, max-snippet:-1, max-image-preview:large, max-video-preview:-1\" \/>\n<link rel=\"canonical\" href=\"https:\/\/leboxi.eu\/hu\/termekek\/ajandekdoboz-belso-boldogsag\/\" \/>\n<meta property=\"og:locale\" content=\"hu_HU\" \/>\n<meta property=\"og:type\" content=\"article\" \/>\n<meta property=\"og:title\" content=\"Valentin-napi aj\u00e1nd\u00e9k | Aj\u00e1nd\u00e9kdoboz - Bels\u0151 boldogs\u00e1g | Le Boxi\" \/>\n<meta property=\"og:description\" content=\"A k\u00e9szlet egy f\u00fcrd\u0151bomb\u00e1t tartalmaz. Minden f\u00fcrd\u0151bomb\u00e1ban egy leny\u0171g\u00f6z\u0151 dr\u00e1gak\u00f6ves kark\u00f6t\u0151 rejlik. Nagyszer\u0171 Valentin-napi aj\u00e1nd\u00e9k.\" \/>\n<meta property=\"og:url\" content=\"https:\/\/leboxi.eu\/hu\/termekek\/ajandekdoboz-belso-boldogsag\/\" \/>\n<meta property=\"og:site_name\" content=\"Le Boxi | Unikatna darila za vsakogar\" \/>\n<meta property=\"article:publisher\" content=\"https:\/\/www.facebook.com\/leboxi.eu\" \/>\n<meta property=\"article:modified_time\" content=\"2026-01-17T17:16:10+00:00\" \/>\n<meta property=\"og:image\" content=\"https:\/\/leboxi.eu\/wp-content\/uploads\/2021\/04\/set-bombica-plus-zapestnica-2.jpg\" \/>\n\t<meta property=\"og:image:width\" content=\"1000\" \/>\n\t<meta property=\"og:image:height\" content=\"1000\" \/>\n\t<meta property=\"og:image:type\" content=\"image\/jpeg\" \/>\n<meta name=\"twitter:card\" content=\"summary_large_image\" \/>\n<meta name=\"twitter:label1\" content=\"Becs\u00fclt olvas\u00e1si id\u0151\" \/>\n\t<meta name=\"twitter:data1\" content=\"2 perc\" \/>\n<script type=\"application\/ld+json\" class=\"yoast-schema-graph\">{\"@context\":\"https:\\\/\\\/schema.org\",\"@graph\":[{\"@type\":\"WebPage\",\"@id\":\"https:\\\/\\\/leboxi.eu\\\/hu\\\/termekek\\\/ajandekdoboz-belso-boldogsag\\\/\",\"url\":\"https:\\\/\\\/leboxi.eu\\\/hu\\\/termekek\\\/ajandekdoboz-belso-boldogsag\\\/\",\"name\":\"Valentin-napi aj\u00e1nd\u00e9k | Aj\u00e1nd\u00e9kdoboz - Bels\u0151 boldogs\u00e1g | Le Boxi\",\"isPartOf\":{\"@id\":\"https:\\\/\\\/leboxi.eu\\\/hu\\\/#website\"},\"primaryImageOfPage\":{\"@id\":\"https:\\\/\\\/leboxi.eu\\\/hu\\\/termekek\\\/ajandekdoboz-belso-boldogsag\\\/#primaryimage\"},\"image\":{\"@id\":\"https:\\\/\\\/leboxi.eu\\\/hu\\\/termekek\\\/ajandekdoboz-belso-boldogsag\\\/#primaryimage\"},\"thumbnailUrl\":\"https:\\\/\\\/leboxi.eu\\\/wp-content\\\/uploads\\\/2021\\\/04\\\/set-bombica-plus-zapestnica-2.jpg\",\"datePublished\":\"2021-04-07T18:47:59+00:00\",\"dateModified\":\"2026-01-17T17:16:10+00:00\",\"description\":\"A k\u00e9szlet egy f\u00fcrd\u0151bomb\u00e1t tartalmaz. Minden f\u00fcrd\u0151bomb\u00e1ban egy leny\u0171g\u00f6z\u0151 dr\u00e1gak\u00f6ves kark\u00f6t\u0151 rejlik. Nagyszer\u0171 Valentin-napi aj\u00e1nd\u00e9k.\",\"breadcrumb\":{\"@id\":\"https:\\\/\\\/leboxi.eu\\\/hu\\\/termekek\\\/ajandekdoboz-belso-boldogsag\\\/#breadcrumb\"},\"inLanguage\":\"hu\",\"potentialAction\":[{\"@type\":\"ReadAction\",\"target\":[\"https:\\\/\\\/leboxi.eu\\\/hu\\\/termekek\\\/ajandekdoboz-belso-boldogsag\\\/\"]}]},{\"@type\":\"ImageObject\",\"inLanguage\":\"hu\",\"@id\":\"https:\\\/\\\/leboxi.eu\\\/hu\\\/termekek\\\/ajandekdoboz-belso-boldogsag\\\/#primaryimage\",\"url\":\"https:\\\/\\\/leboxi.eu\\\/wp-content\\\/uploads\\\/2021\\\/04\\\/set-bombica-plus-zapestnica-2.jpg\",\"contentUrl\":\"https:\\\/\\\/leboxi.eu\\\/wp-content\\\/uploads\\\/2021\\\/04\\\/set-bombica-plus-zapestnica-2.jpg\",\"width\":1000,\"height\":1000},{\"@type\":\"BreadcrumbList\",\"@id\":\"https:\\\/\\\/leboxi.eu\\\/hu\\\/termekek\\\/ajandekdoboz-belso-boldogsag\\\/#breadcrumb\",\"itemListElement\":[{\"@type\":\"ListItem\",\"position\":1,\"name\":\"Doma\",\"item\":\"https:\\\/\\\/leboxi.eu\\\/hu\\\/egyedi-szuletesnapi-ajandekok-noknek-ferfiaknak-es-ujszulotteknek\\\/\"},{\"@type\":\"ListItem\",\"position\":2,\"name\":\"\u00fczlet\",\"item\":\"https:\\\/\\\/leboxi.eu\\\/hu\\\/uzlet\\\/\"},{\"@type\":\"ListItem\",\"position\":3,\"name\":\"Aj\u00e1nd\u00e9kdoboz \u2013 bels\u0151 boldogs\u00e1g\"}]},{\"@type\":\"WebSite\",\"@id\":\"https:\\\/\\\/leboxi.eu\\\/hu\\\/#website\",\"url\":\"https:\\\/\\\/leboxi.eu\\\/hu\\\/\",\"name\":\"Le Boxi | Unikatna darila za vsakogar\",\"description\":\"Unikatna darila in darilne \u0161katle za vse prilo\u017enosti.\",\"publisher\":{\"@id\":\"https:\\\/\\\/leboxi.eu\\\/hu\\\/#organization\"},\"potentialAction\":[{\"@type\":\"SearchAction\",\"target\":{\"@type\":\"EntryPoint\",\"urlTemplate\":\"https:\\\/\\\/leboxi.eu\\\/hu\\\/?s={search_term_string}\"},\"query-input\":{\"@type\":\"PropertyValueSpecification\",\"valueRequired\":true,\"valueName\":\"search_term_string\"}}],\"inLanguage\":\"hu\"},{\"@type\":\"Organization\",\"@id\":\"https:\\\/\\\/leboxi.eu\\\/hu\\\/#organization\",\"name\":\"LE BOXI\",\"url\":\"https:\\\/\\\/leboxi.eu\\\/hu\\\/\",\"logo\":{\"@type\":\"ImageObject\",\"inLanguage\":\"hu\",\"@id\":\"https:\\\/\\\/leboxi.eu\\\/hu\\\/#\\\/schema\\\/logo\\\/image\\\/\",\"url\":\"https:\\\/\\\/leboxi.eu\\\/wp-content\\\/uploads\\\/2021\\\/02\\\/LeBoxi-manjsi-png.png\",\"contentUrl\":\"https:\\\/\\\/leboxi.eu\\\/wp-content\\\/uploads\\\/2021\\\/02\\\/LeBoxi-manjsi-png.png\",\"width\":389,\"height\":164,\"caption\":\"LE BOXI\"},\"image\":{\"@id\":\"https:\\\/\\\/leboxi.eu\\\/hu\\\/#\\\/schema\\\/logo\\\/image\\\/\"},\"sameAs\":[\"https:\\\/\\\/www.facebook.com\\\/leboxi.eu\",\"https:\\\/\\\/www.instagram.com\\\/le.boxi\\\/\"]}]}<\/script>\n<!-- \/ Yoast SEO plugin. -->","yoast_head_json":{"title":"Valentin-napi aj\u00e1nd\u00e9k | Aj\u00e1nd\u00e9kdoboz - Bels\u0151 boldogs\u00e1g | Le Boxi","description":"A k\u00e9szlet egy f\u00fcrd\u0151bomb\u00e1t tartalmaz. Minden f\u00fcrd\u0151bomb\u00e1ban egy leny\u0171g\u00f6z\u0151 dr\u00e1gak\u00f6ves kark\u00f6t\u0151 rejlik. Nagyszer\u0171 Valentin-napi aj\u00e1nd\u00e9k.","robots":{"index":"index","follow":"follow","max-snippet":"max-snippet:-1","max-image-preview":"max-image-preview:large","max-video-preview":"max-video-preview:-1"},"canonical":"https:\/\/leboxi.eu\/hu\/termekek\/ajandekdoboz-belso-boldogsag\/","og_locale":"hu_HU","og_type":"article","og_title":"Valentin-napi aj\u00e1nd\u00e9k | Aj\u00e1nd\u00e9kdoboz - Bels\u0151 boldogs\u00e1g | Le Boxi","og_description":"A k\u00e9szlet egy f\u00fcrd\u0151bomb\u00e1t tartalmaz. Minden f\u00fcrd\u0151bomb\u00e1ban egy leny\u0171g\u00f6z\u0151 dr\u00e1gak\u00f6ves kark\u00f6t\u0151 rejlik. Nagyszer\u0171 Valentin-napi aj\u00e1nd\u00e9k.","og_url":"https:\/\/leboxi.eu\/hu\/termekek\/ajandekdoboz-belso-boldogsag\/","og_site_name":"Le Boxi | Unikatna darila za vsakogar","article_publisher":"https:\/\/www.facebook.com\/leboxi.eu","article_modified_time":"2026-01-17T17:16:10+00:00","og_image":[{"width":1000,"height":1000,"url":"https:\/\/leboxi.eu\/wp-content\/uploads\/2021\/04\/set-bombica-plus-zapestnica-2.jpg","type":"image\/jpeg"}],"twitter_card":"summary_large_image","twitter_misc":{"Becs\u00fclt olvas\u00e1si id\u0151":"2 perc"},"schema":{"@context":"https:\/\/schema.org","@graph":[{"@type":"WebPage","@id":"https:\/\/leboxi.eu\/hu\/termekek\/ajandekdoboz-belso-boldogsag\/","url":"https:\/\/leboxi.eu\/hu\/termekek\/ajandekdoboz-belso-boldogsag\/","name":"Valentin-napi aj\u00e1nd\u00e9k | Aj\u00e1nd\u00e9kdoboz - Bels\u0151 boldogs\u00e1g | Le Boxi","isPartOf":{"@id":"https:\/\/leboxi.eu\/hu\/#website"},"primaryImageOfPage":{"@id":"https:\/\/leboxi.eu\/hu\/termekek\/ajandekdoboz-belso-boldogsag\/#primaryimage"},"image":{"@id":"https:\/\/leboxi.eu\/hu\/termekek\/ajandekdoboz-belso-boldogsag\/#primaryimage"},"thumbnailUrl":"https:\/\/leboxi.eu\/wp-content\/uploads\/2021\/04\/set-bombica-plus-zapestnica-2.jpg","datePublished":"2021-04-07T18:47:59+00:00","dateModified":"2026-01-17T17:16:10+00:00","description":"A k\u00e9szlet egy f\u00fcrd\u0151bomb\u00e1t tartalmaz. Minden f\u00fcrd\u0151bomb\u00e1ban egy leny\u0171g\u00f6z\u0151 dr\u00e1gak\u00f6ves kark\u00f6t\u0151 rejlik. Nagyszer\u0171 Valentin-napi aj\u00e1nd\u00e9k.","breadcrumb":{"@id":"https:\/\/leboxi.eu\/hu\/termekek\/ajandekdoboz-belso-boldogsag\/#breadcrumb"},"inLanguage":"hu","potentialAction":[{"@type":"ReadAction","target":["https:\/\/leboxi.eu\/hu\/termekek\/ajandekdoboz-belso-boldogsag\/"]}]},{"@type":"ImageObject","inLanguage":"hu","@id":"https:\/\/leboxi.eu\/hu\/termekek\/ajandekdoboz-belso-boldogsag\/#primaryimage","url":"https:\/\/leboxi.eu\/wp-content\/uploads\/2021\/04\/set-bombica-plus-zapestnica-2.jpg","contentUrl":"https:\/\/leboxi.eu\/wp-content\/uploads\/2021\/04\/set-bombica-plus-zapestnica-2.jpg","width":1000,"height":1000},{"@type":"BreadcrumbList","@id":"https:\/\/leboxi.eu\/hu\/termekek\/ajandekdoboz-belso-boldogsag\/#breadcrumb","itemListElement":[{"@type":"ListItem","position":1,"name":"Doma","item":"https:\/\/leboxi.eu\/hu\/egyedi-szuletesnapi-ajandekok-noknek-ferfiaknak-es-ujszulotteknek\/"},{"@type":"ListItem","position":2,"name":"\u00fczlet","item":"https:\/\/leboxi.eu\/hu\/uzlet\/"},{"@type":"ListItem","position":3,"name":"Aj\u00e1nd\u00e9kdoboz \u2013 bels\u0151 boldogs\u00e1g"}]},{"@type":"WebSite","@id":"https:\/\/leboxi.eu\/hu\/#website","url":"https:\/\/leboxi.eu\/hu\/","name":"Le Boxi | Unikatna darila za vsakogar","description":"Unikatna darila in darilne \u0161katle za vse prilo\u017enosti.","publisher":{"@id":"https:\/\/leboxi.eu\/hu\/#organization"},"potentialAction":[{"@type":"SearchAction","target":{"@type":"EntryPoint","urlTemplate":"https:\/\/leboxi.eu\/hu\/?s={search_term_string}"},"query-input":{"@type":"PropertyValueSpecification","valueRequired":true,"valueName":"search_term_string"}}],"inLanguage":"hu"},{"@type":"Organization","@id":"https:\/\/leboxi.eu\/hu\/#organization","name":"LE BOXI","url":"https:\/\/leboxi.eu\/hu\/","logo":{"@type":"ImageObject","inLanguage":"hu","@id":"https:\/\/leboxi.eu\/hu\/#\/schema\/logo\/image\/","url":"https:\/\/leboxi.eu\/wp-content\/uploads\/2021\/02\/LeBoxi-manjsi-png.png","contentUrl":"https:\/\/leboxi.eu\/wp-content\/uploads\/2021\/02\/LeBoxi-manjsi-png.png","width":389,"height":164,"caption":"LE BOXI"},"image":{"@id":"https:\/\/leboxi.eu\/hu\/#\/schema\/logo\/image\/"},"sameAs":["https:\/\/www.facebook.com\/leboxi.eu","https:\/\/www.instagram.com\/le.boxi\/"]}]}},"tiered_pricing_type":"fixed","tiered_pricing_fixed_rules":[],"tiered_pricing_product_settings":{"layout":"default","base_unit_name":{"singular":null,"plural":null},"default_variation":null},"tiered_pricing_minimum_quantity":null,"tiered_pricing_roles_data":[],"tiered_pricing_percentage_rules":[],"_links":{"self":[{"href":"https:\/\/leboxi.eu\/hu\/wp-json\/wp\/v2\/product\/20851","targetHints":{"allow":["GET"]}}],"collection":[{"href":"https:\/\/leboxi.eu\/hu\/wp-json\/wp\/v2\/product"}],"about":[{"href":"https:\/\/leboxi.eu\/hu\/wp-json\/wp\/v2\/types\/product"}],"replies":[{"embeddable":true,"href":"https:\/\/leboxi.eu\/hu\/wp-json\/wp\/v2\/comments?post=20851"}],"version-history":[{"count":0,"href":"https:\/\/leboxi.eu\/hu\/wp-json\/wp\/v2\/product\/20851\/revisions"}],"wp:featuredmedia":[{"embeddable":true,"href":"https:\/\/leboxi.eu\/hu\/wp-json\/wp\/v2\/media\/20852"}],"wp:attachment":[{"href":"https:\/\/leboxi.eu\/hu\/wp-json\/wp\/v2\/media?parent=20851"}],"wp:term":[{"taxonomy":"product_brand","embeddable":true,"href":"https:\/\/leboxi.eu\/hu\/wp-json\/wp\/v2\/product_brand?post=20851"},{"taxonomy":"product_cat","embeddable":true,"href":"https:\/\/leboxi.eu\/hu\/wp-json\/wp\/v2\/product_cat?post=20851"},{"taxonomy":"product_tag","embeddable":true,"href":"https:\/\/leboxi.eu\/hu\/wp-json\/wp\/v2\/product_tag?post=20851"}],"curies":[{"name":"wp","href":"https:\/\/api.w.org\/{rel}","templated":true}]}}