{"id":20842,"date":"2021-04-10T11:14:40","date_gmt":"2024-10-08T07:29:31","guid":{"rendered":"https:\/\/leboxi.eu\/izdelki\/flaska-karkoto-fekete-100-ml\/"},"modified":"2025-02-23T16:43:53","modified_gmt":"2025-02-23T15:43:53","slug":"flaska-karkoto-fekete-100-ml","status":"publish","type":"product","link":"https:\/\/leboxi.eu\/hu\/termekek\/flaska-karkoto-fekete-100-ml\/","title":{"rendered":"Flaska kark\u00f6t\u0151 \u2013 fekete, 100 ml"},"content":{"rendered":"<p><strong>A flaska kark\u00f6t\u0151 egy n\u0151i flaska, amelyet kark\u00f6t\u0151k\u00e9nt lehet viselni.<\/p>\n<p><\/strong>Sz\u00edn: F\u00e9mes fekete<\/p>\n<p>Kapacit\u00e1s: 100 ml<\/p>\n<p>Bels\u0151 \u00e1tm\u00e9r\u0151: 7 cm<\/p>\n<p>K\u00fcls\u0151 \u00e1tm\u00e9r\u0151: 9,5 cm<\/p>\n<p>Magass\u00e1g: 12cm<\/p>\n<p>Anyag: Ac\u00e9l<\/p>\n<p>&nbsp;<\/p>\n<p>Figyelmeztet\u00e9s:<\/p>\n<p>K\u00e9rj\u00fck, gondosan ellen\u0151rizze a m\u00e9retet, mivel el\u0151fordulhat, hogy a kark\u00f6t\u0151 nem lesz megfelel\u0151 nagy vagy kis csukl\u00f3khoz.<\/p>\n<h6><\/h6>\n<h6>Kieg\u00e9sz\u00edt\u0151 szolg\u00e1ltat\u00e1s:<br \/>\n<\/h6>\n<p>Az aj\u00e1nd\u00e9kcsomaghoz\u00a0<strong>szem\u00e9lyre szabott \u00fcdv\u00f6zl\u0151k\u00e1rty\u00e1t<\/strong>\u00a0(+ 2,95 \u20ac) is csatolhat.<\/p>\n<p>Ha szeretn\u00e9, az aj\u00e1nd\u00e9k\u00e1t mi k\u00e9zbes\u00edtj\u00fck a c\u00edmzettnek, de a sz\u00e1ml\u00e1t term\u00e9szetesen nem mell\u00e9kelj\u00fck a sz\u00e1ll\u00edt\u00e1skor. A sz\u00e1ml\u00e1t \u00f6n kapja meg.<\/p>\n<p>Utols\u00f3 sim\u00edt\u00e1sk\u00e9nt<a href=\"https:\/\/leboxi.eu\/blog\/posvetilo-darilni-listki\/\">aj\u00e1nd\u00e9kos c\u00edmk\u00e9kkel<\/a> is feldobhatja az aj\u00e1nd\u00e9kcsomagj\u00e1t, melyek elk\u00e9sz\u00edt\u00e9s\u00e9hez a blogunkon tal\u00e1l \u00fatmutat\u00f3t.<\/p>\n<p>&nbsp;<\/p>\n","protected":false},"excerpt":{"rendered":"<p>Ez a leny\u0171g\u00f6z\u0151 fekete f\u00e9mb\u0151l k\u00e9sz\u00fclt luxus n\u0151i flaska kark\u00f6t\u0151 minden partin a legjobb bar\u00e1t lesz. A kulacs tart\u00f3s tart\u00f3s ac\u00e9lb\u00f3l k\u00e9sz\u00fcl, \u00e9s 100 ml-t \u00f6nthet bele kedvenc ital\u00e1b\u00f3l, hogy azt b\u00e1rhov\u00e1 mag\u00e1val vigye. Aj\u00e1nd\u00e9kdobozban \u00e9rkezik, ez\u00fcst szat\u00e9n b\u00e9l\u00e9ssel \u00e9s f\u00e9m ki\u00f6nt\u0151vel.<\/p>\n<p> <a href=\"https:\/\/leboxi.eu\/izdelki\/personalizirana-cestitka\/\">Szem\u00e9lyre sz\u00f3l\u00f3 \u00fcdv\u00f6zl\u0151lapot<\/a>\u00a0(fel\u00e1ras) is mell\u00e9kelhet az aj\u00e1nd\u00e9khoz.<\/p>\n<p>&nbsp;<\/p>\n<p>Ha szeretn\u00e9, az aj\u00e1nd\u00e9kot mi k\u00e9zbes\u00edtj\u00fck a c\u00edmzettnek, de term\u00e9szetesen nem mell\u00e9kelj\u00fck a sz\u00e1ml\u00e1t a k\u00e9zbes\u00edt\u00e9skor. A sz\u00e1ml\u00e1t \u00f6n kapja meg.<\/p>\n","protected":false},"featured_media":20843,"comment_status":"open","ping_status":"closed","template":"","meta":{"site-sidebar-layout":"default","site-content-layout":"default","ast-site-content-layout":"default","site-content-style":"default","site-sidebar-style":"default","ast-global-header-display":"","ast-banner-title-visibility":"","ast-main-header-display":"","ast-hfb-above-header-display":"","ast-hfb-below-header-display":"","ast-hfb-mobile-header-display":"","site-post-title":"","ast-breadcrumbs-content":"","ast-featured-img":"","footer-sml-layout":"","ast-disable-related-posts":"","theme-transparent-header-meta":"default","adv-header-id-meta":"","stick-header-meta":"","header-above-stick-meta":"","header-main-stick-meta":"","header-below-stick-meta":"","astra-migrate-meta-layouts":"default","ast-page-background-enabled":"default","ast-page-background-meta":{"desktop":{"background-color":"","background-image":"","background-repeat":"repeat","background-position":"center center","background-size":"auto","background-attachment":"scroll","background-type":"","background-media":"","overlay-type":"","overlay-color":"","overlay-opacity":"","overlay-gradient":""},"tablet":{"background-color":"","background-image":"","background-repeat":"repeat","background-position":"center center","background-size":"auto","background-attachment":"scroll","background-type":"","background-media":"","overlay-type":"","overlay-color":"","overlay-opacity":"","overlay-gradient":""},"mobile":{"background-color":"","background-image":"","background-repeat":"repeat","background-position":"center center","background-size":"auto","background-attachment":"scroll","background-type":"","background-media":"","overlay-type":"","overlay-color":"","overlay-opacity":"","overlay-gradient":""}},"ast-content-background-meta":{"desktop":{"background-color":"var(--ast-global-color-5)","background-image":"","background-repeat":"repeat","background-position":"center center","background-size":"auto","background-attachment":"scroll","background-type":"","background-media":"","overlay-type":"","overlay-color":"","overlay-opacity":"","overlay-gradient":""},"tablet":{"background-color":"var(--ast-global-color-5)","background-image":"","background-repeat":"repeat","background-position":"center center","background-size":"auto","background-attachment":"scroll","background-type":"","background-media":"","overlay-type":"","overlay-color":"","overlay-opacity":"","overlay-gradient":""},"mobile":{"background-color":"var(--ast-global-color-5)","background-image":"","background-repeat":"repeat","background-position":"center center","background-size":"auto","background-attachment":"scroll","background-type":"","background-media":"","overlay-type":"","overlay-color":"","overlay-opacity":"","overlay-gradient":""}}},"product_brand":[],"product_cat":[387,388,389,390,359,329,326,361,330,379,339,332,383,325],"product_tag":[],"class_list":{"0":"post-20842","1":"product","2":"type-product","3":"status-publish","4":"has-post-thumbnail","6":"product_cat-ajandekok-anyanak","7":"product_cat-ajandekok-baratnonek","8":"product_cat-ajandekok-noi-partnernek","9":"product_cat-ajandekok-noknek","10":"product_cat-akcio","11":"product_cat-alkalmak","12":"product_cat-ferfi","13":"product_cat-flaska","14":"product_cat-karacsonyi-ajandekok","15":"product_cat-karacsonyi-ajandekok-noknek","16":"product_cat-nok","17":"product_cat-szuletesnapi-ajandekok-hu","18":"product_cat-szuletesnapi-ajandekok-noknek","19":"product_cat-tabornok","20":"pa_prisrcnica-personalizacija-szemelyre-szabas-nelkul-diszdoboz","21":"pa_prisrcnica-personalizacija-szemelyre-szabassal-diszdoboz","22":"desktop-align-left","23":"tablet-align-left","24":"mobile-align-left","26":"first","27":"outofstock","28":"sale","29":"taxable","30":"shipping-taxable","31":"purchasable","32":"product-type-simple"},"yoast_head":"<!-- This site is optimized with the Yoast SEO plugin v27.3 - https:\/\/yoast.com\/product\/yoast-seo-wordpress\/ -->\n<title>Flaska kark\u00f6t\u0151 | N\u0151i kark\u00f6t\u0151 | Le Boxi<\/title>\n<meta name=\"description\" content=\"Ez a leny\u0171g\u00f6z\u0151 fekete f\u00e9mb\u0151l k\u00e9sz\u00fclt luxus flaska kark\u00f6t\u0151 minden partin a legjobb bar\u00e1t lesz.\" \/>\n<meta name=\"robots\" content=\"index, follow, max-snippet:-1, max-image-preview:large, max-video-preview:-1\" \/>\n<link rel=\"canonical\" href=\"https:\/\/leboxi.eu\/hu\/termekek\/flaska-karkoto-fekete-100-ml\/\" \/>\n<meta property=\"og:locale\" content=\"hu_HU\" \/>\n<meta property=\"og:type\" content=\"article\" \/>\n<meta property=\"og:title\" content=\"Flaska kark\u00f6t\u0151 | N\u0151i kark\u00f6t\u0151 | Le Boxi\" \/>\n<meta property=\"og:description\" content=\"Ez a leny\u0171g\u00f6z\u0151 fekete f\u00e9mb\u0151l k\u00e9sz\u00fclt luxus flaska kark\u00f6t\u0151 minden partin a legjobb bar\u00e1t lesz.\" \/>\n<meta property=\"og:url\" content=\"https:\/\/leboxi.eu\/hu\/termekek\/flaska-karkoto-fekete-100-ml\/\" \/>\n<meta property=\"og:site_name\" content=\"Le Boxi | Unikatna darila za vsakogar\" \/>\n<meta property=\"article:publisher\" content=\"https:\/\/www.facebook.com\/leboxi.eu\" \/>\n<meta property=\"article:modified_time\" content=\"2025-02-23T15:43:53+00:00\" \/>\n<meta property=\"og:image\" content=\"https:\/\/leboxi.eu\/wp-content\/uploads\/2021\/04\/zapestnica6.jpg\" \/>\n\t<meta property=\"og:image:width\" content=\"1000\" \/>\n\t<meta property=\"og:image:height\" content=\"1000\" \/>\n\t<meta property=\"og:image:type\" content=\"image\/jpeg\" \/>\n<meta name=\"twitter:card\" content=\"summary_large_image\" \/>\n<meta name=\"twitter:label1\" content=\"Becs\u00fclt olvas\u00e1si id\u0151\" \/>\n\t<meta name=\"twitter:data1\" content=\"1 perc\" \/>\n<script type=\"application\/ld+json\" class=\"yoast-schema-graph\">{\"@context\":\"https:\\\/\\\/schema.org\",\"@graph\":[{\"@type\":\"WebPage\",\"@id\":\"https:\\\/\\\/leboxi.eu\\\/hu\\\/termekek\\\/flaska-karkoto-fekete-100-ml\\\/\",\"url\":\"https:\\\/\\\/leboxi.eu\\\/hu\\\/termekek\\\/flaska-karkoto-fekete-100-ml\\\/\",\"name\":\"Flaska kark\u00f6t\u0151 | N\u0151i kark\u00f6t\u0151 | Le Boxi\",\"isPartOf\":{\"@id\":\"https:\\\/\\\/leboxi.eu\\\/hu\\\/#website\"},\"primaryImageOfPage\":{\"@id\":\"https:\\\/\\\/leboxi.eu\\\/hu\\\/termekek\\\/flaska-karkoto-fekete-100-ml\\\/#primaryimage\"},\"image\":{\"@id\":\"https:\\\/\\\/leboxi.eu\\\/hu\\\/termekek\\\/flaska-karkoto-fekete-100-ml\\\/#primaryimage\"},\"thumbnailUrl\":\"https:\\\/\\\/leboxi.eu\\\/wp-content\\\/uploads\\\/2021\\\/04\\\/zapestnica6.jpg\",\"datePublished\":\"2024-10-08T07:29:31+00:00\",\"dateModified\":\"2025-02-23T15:43:53+00:00\",\"description\":\"Ez a leny\u0171g\u00f6z\u0151 fekete f\u00e9mb\u0151l k\u00e9sz\u00fclt luxus flaska kark\u00f6t\u0151 minden partin a legjobb bar\u00e1t lesz.\",\"breadcrumb\":{\"@id\":\"https:\\\/\\\/leboxi.eu\\\/hu\\\/termekek\\\/flaska-karkoto-fekete-100-ml\\\/#breadcrumb\"},\"inLanguage\":\"hu\",\"potentialAction\":[{\"@type\":\"ReadAction\",\"target\":[\"https:\\\/\\\/leboxi.eu\\\/hu\\\/termekek\\\/flaska-karkoto-fekete-100-ml\\\/\"]}]},{\"@type\":\"ImageObject\",\"inLanguage\":\"hu\",\"@id\":\"https:\\\/\\\/leboxi.eu\\\/hu\\\/termekek\\\/flaska-karkoto-fekete-100-ml\\\/#primaryimage\",\"url\":\"https:\\\/\\\/leboxi.eu\\\/wp-content\\\/uploads\\\/2021\\\/04\\\/zapestnica6.jpg\",\"contentUrl\":\"https:\\\/\\\/leboxi.eu\\\/wp-content\\\/uploads\\\/2021\\\/04\\\/zapestnica6.jpg\",\"width\":1000,\"height\":1000},{\"@type\":\"BreadcrumbList\",\"@id\":\"https:\\\/\\\/leboxi.eu\\\/hu\\\/termekek\\\/flaska-karkoto-fekete-100-ml\\\/#breadcrumb\",\"itemListElement\":[{\"@type\":\"ListItem\",\"position\":1,\"name\":\"Doma\",\"item\":\"https:\\\/\\\/leboxi.eu\\\/hu\\\/egyedi-szuletesnapi-ajandekok-noknek-ferfiaknak-es-ujszulotteknek\\\/\"},{\"@type\":\"ListItem\",\"position\":2,\"name\":\"\u00fczlet\",\"item\":\"https:\\\/\\\/leboxi.eu\\\/hu\\\/uzlet\\\/\"},{\"@type\":\"ListItem\",\"position\":3,\"name\":\"Flaska kark\u00f6t\u0151 \u2013 fekete, 100 ml\"}]},{\"@type\":\"WebSite\",\"@id\":\"https:\\\/\\\/leboxi.eu\\\/hu\\\/#website\",\"url\":\"https:\\\/\\\/leboxi.eu\\\/hu\\\/\",\"name\":\"Le Boxi | Unikatna darila za vsakogar\",\"description\":\"Unikatna darila in darilne \u0161katle za vse prilo\u017enosti.\",\"publisher\":{\"@id\":\"https:\\\/\\\/leboxi.eu\\\/hu\\\/#organization\"},\"potentialAction\":[{\"@type\":\"SearchAction\",\"target\":{\"@type\":\"EntryPoint\",\"urlTemplate\":\"https:\\\/\\\/leboxi.eu\\\/hu\\\/?s={search_term_string}\"},\"query-input\":{\"@type\":\"PropertyValueSpecification\",\"valueRequired\":true,\"valueName\":\"search_term_string\"}}],\"inLanguage\":\"hu\"},{\"@type\":\"Organization\",\"@id\":\"https:\\\/\\\/leboxi.eu\\\/hu\\\/#organization\",\"name\":\"LE BOXI\",\"url\":\"https:\\\/\\\/leboxi.eu\\\/hu\\\/\",\"logo\":{\"@type\":\"ImageObject\",\"inLanguage\":\"hu\",\"@id\":\"https:\\\/\\\/leboxi.eu\\\/hu\\\/#\\\/schema\\\/logo\\\/image\\\/\",\"url\":\"https:\\\/\\\/leboxi.eu\\\/wp-content\\\/uploads\\\/2021\\\/02\\\/LeBoxi-manjsi-png.png\",\"contentUrl\":\"https:\\\/\\\/leboxi.eu\\\/wp-content\\\/uploads\\\/2021\\\/02\\\/LeBoxi-manjsi-png.png\",\"width\":389,\"height\":164,\"caption\":\"LE BOXI\"},\"image\":{\"@id\":\"https:\\\/\\\/leboxi.eu\\\/hu\\\/#\\\/schema\\\/logo\\\/image\\\/\"},\"sameAs\":[\"https:\\\/\\\/www.facebook.com\\\/leboxi.eu\",\"https:\\\/\\\/www.instagram.com\\\/le.boxi\\\/\"]}]}<\/script>\n<!-- \/ Yoast SEO plugin. -->","yoast_head_json":{"title":"Flaska kark\u00f6t\u0151 | N\u0151i kark\u00f6t\u0151 | Le Boxi","description":"Ez a leny\u0171g\u00f6z\u0151 fekete f\u00e9mb\u0151l k\u00e9sz\u00fclt luxus flaska kark\u00f6t\u0151 minden partin a legjobb bar\u00e1t lesz.","robots":{"index":"index","follow":"follow","max-snippet":"max-snippet:-1","max-image-preview":"max-image-preview:large","max-video-preview":"max-video-preview:-1"},"canonical":"https:\/\/leboxi.eu\/hu\/termekek\/flaska-karkoto-fekete-100-ml\/","og_locale":"hu_HU","og_type":"article","og_title":"Flaska kark\u00f6t\u0151 | N\u0151i kark\u00f6t\u0151 | Le Boxi","og_description":"Ez a leny\u0171g\u00f6z\u0151 fekete f\u00e9mb\u0151l k\u00e9sz\u00fclt luxus flaska kark\u00f6t\u0151 minden partin a legjobb bar\u00e1t lesz.","og_url":"https:\/\/leboxi.eu\/hu\/termekek\/flaska-karkoto-fekete-100-ml\/","og_site_name":"Le Boxi | Unikatna darila za vsakogar","article_publisher":"https:\/\/www.facebook.com\/leboxi.eu","article_modified_time":"2025-02-23T15:43:53+00:00","og_image":[{"width":1000,"height":1000,"url":"https:\/\/leboxi.eu\/wp-content\/uploads\/2021\/04\/zapestnica6.jpg","type":"image\/jpeg"}],"twitter_card":"summary_large_image","twitter_misc":{"Becs\u00fclt olvas\u00e1si id\u0151":"1 perc"},"schema":{"@context":"https:\/\/schema.org","@graph":[{"@type":"WebPage","@id":"https:\/\/leboxi.eu\/hu\/termekek\/flaska-karkoto-fekete-100-ml\/","url":"https:\/\/leboxi.eu\/hu\/termekek\/flaska-karkoto-fekete-100-ml\/","name":"Flaska kark\u00f6t\u0151 | N\u0151i kark\u00f6t\u0151 | Le Boxi","isPartOf":{"@id":"https:\/\/leboxi.eu\/hu\/#website"},"primaryImageOfPage":{"@id":"https:\/\/leboxi.eu\/hu\/termekek\/flaska-karkoto-fekete-100-ml\/#primaryimage"},"image":{"@id":"https:\/\/leboxi.eu\/hu\/termekek\/flaska-karkoto-fekete-100-ml\/#primaryimage"},"thumbnailUrl":"https:\/\/leboxi.eu\/wp-content\/uploads\/2021\/04\/zapestnica6.jpg","datePublished":"2024-10-08T07:29:31+00:00","dateModified":"2025-02-23T15:43:53+00:00","description":"Ez a leny\u0171g\u00f6z\u0151 fekete f\u00e9mb\u0151l k\u00e9sz\u00fclt luxus flaska kark\u00f6t\u0151 minden partin a legjobb bar\u00e1t lesz.","breadcrumb":{"@id":"https:\/\/leboxi.eu\/hu\/termekek\/flaska-karkoto-fekete-100-ml\/#breadcrumb"},"inLanguage":"hu","potentialAction":[{"@type":"ReadAction","target":["https:\/\/leboxi.eu\/hu\/termekek\/flaska-karkoto-fekete-100-ml\/"]}]},{"@type":"ImageObject","inLanguage":"hu","@id":"https:\/\/leboxi.eu\/hu\/termekek\/flaska-karkoto-fekete-100-ml\/#primaryimage","url":"https:\/\/leboxi.eu\/wp-content\/uploads\/2021\/04\/zapestnica6.jpg","contentUrl":"https:\/\/leboxi.eu\/wp-content\/uploads\/2021\/04\/zapestnica6.jpg","width":1000,"height":1000},{"@type":"BreadcrumbList","@id":"https:\/\/leboxi.eu\/hu\/termekek\/flaska-karkoto-fekete-100-ml\/#breadcrumb","itemListElement":[{"@type":"ListItem","position":1,"name":"Doma","item":"https:\/\/leboxi.eu\/hu\/egyedi-szuletesnapi-ajandekok-noknek-ferfiaknak-es-ujszulotteknek\/"},{"@type":"ListItem","position":2,"name":"\u00fczlet","item":"https:\/\/leboxi.eu\/hu\/uzlet\/"},{"@type":"ListItem","position":3,"name":"Flaska kark\u00f6t\u0151 \u2013 fekete, 100 ml"}]},{"@type":"WebSite","@id":"https:\/\/leboxi.eu\/hu\/#website","url":"https:\/\/leboxi.eu\/hu\/","name":"Le Boxi | Unikatna darila za vsakogar","description":"Unikatna darila in darilne \u0161katle za vse prilo\u017enosti.","publisher":{"@id":"https:\/\/leboxi.eu\/hu\/#organization"},"potentialAction":[{"@type":"SearchAction","target":{"@type":"EntryPoint","urlTemplate":"https:\/\/leboxi.eu\/hu\/?s={search_term_string}"},"query-input":{"@type":"PropertyValueSpecification","valueRequired":true,"valueName":"search_term_string"}}],"inLanguage":"hu"},{"@type":"Organization","@id":"https:\/\/leboxi.eu\/hu\/#organization","name":"LE BOXI","url":"https:\/\/leboxi.eu\/hu\/","logo":{"@type":"ImageObject","inLanguage":"hu","@id":"https:\/\/leboxi.eu\/hu\/#\/schema\/logo\/image\/","url":"https:\/\/leboxi.eu\/wp-content\/uploads\/2021\/02\/LeBoxi-manjsi-png.png","contentUrl":"https:\/\/leboxi.eu\/wp-content\/uploads\/2021\/02\/LeBoxi-manjsi-png.png","width":389,"height":164,"caption":"LE BOXI"},"image":{"@id":"https:\/\/leboxi.eu\/hu\/#\/schema\/logo\/image\/"},"sameAs":["https:\/\/www.facebook.com\/leboxi.eu","https:\/\/www.instagram.com\/le.boxi\/"]}]}},"tiered_pricing_type":"fixed","tiered_pricing_fixed_rules":[],"tiered_pricing_product_settings":{"layout":"default","base_unit_name":{"singular":null,"plural":null},"default_variation":null},"tiered_pricing_minimum_quantity":null,"tiered_pricing_roles_data":[],"tiered_pricing_percentage_rules":[],"_links":{"self":[{"href":"https:\/\/leboxi.eu\/hu\/wp-json\/wp\/v2\/product\/20842","targetHints":{"allow":["GET"]}}],"collection":[{"href":"https:\/\/leboxi.eu\/hu\/wp-json\/wp\/v2\/product"}],"about":[{"href":"https:\/\/leboxi.eu\/hu\/wp-json\/wp\/v2\/types\/product"}],"replies":[{"embeddable":true,"href":"https:\/\/leboxi.eu\/hu\/wp-json\/wp\/v2\/comments?post=20842"}],"version-history":[{"count":0,"href":"https:\/\/leboxi.eu\/hu\/wp-json\/wp\/v2\/product\/20842\/revisions"}],"wp:featuredmedia":[{"embeddable":true,"href":"https:\/\/leboxi.eu\/hu\/wp-json\/wp\/v2\/media\/20843"}],"wp:attachment":[{"href":"https:\/\/leboxi.eu\/hu\/wp-json\/wp\/v2\/media?parent=20842"}],"wp:term":[{"taxonomy":"product_brand","embeddable":true,"href":"https:\/\/leboxi.eu\/hu\/wp-json\/wp\/v2\/product_brand?post=20842"},{"taxonomy":"product_cat","embeddable":true,"href":"https:\/\/leboxi.eu\/hu\/wp-json\/wp\/v2\/product_cat?post=20842"},{"taxonomy":"product_tag","embeddable":true,"href":"https:\/\/leboxi.eu\/hu\/wp-json\/wp\/v2\/product_tag?post=20842"}],"curies":[{"name":"wp","href":"https:\/\/api.w.org\/{rel}","templated":true}]}}