{"id":20764,"date":"2021-08-31T19:43:49","date_gmt":"2024-10-08T07:27:52","guid":{"rendered":"https:\/\/leboxi.eu\/izdelki\/louise-fulbevalok-nevvel\/"},"modified":"2025-02-23T16:42:43","modified_gmt":"2025-02-23T15:42:43","slug":"louise-fulbevalok-nevvel","status":"publish","type":"product","link":"https:\/\/leboxi.eu\/hu\/termekek\/louise-fulbevalok-nevvel\/","title":{"rendered":"LOUISE f\u00fclbeval\u00f3k n\u00e9vvel"},"content":{"rendered":"<p>|||UNTRANSLATED_CONTENT_START|||<strong>Unikatni uhani LOUISE z imenom<\/strong><\/p>\n<p>Barva: zlata\/srebrna\/roza zlata<\/p>\n<p>Material: Srebro 925<\/p>\n<p>Unikatni uhani s personaliziranim imenom so odli\u010dno presene\u010denje za va\u0161o najdra\u017ejo ali zase. Uhani so iz srebra 925, dodatno pozla\u010deni (v primeru zlate barve). \u010ce bi radi uhane podarili kot darilo vam jo lahko zapakiramo v li\u010dno darilno \u0161katlico<\/p>\n<p>Priporo\u010dila za uporabo: Priporo\u010damo, da nakit odstranite pred kopanjem\/tu\u0161iranjem in spanjem, da bo ostalo \u010dim bolj sijajno dalj \u010dasa. Nakit ne pu\u0161\u010da made\u017eev, se ne razbarva, ne obarva ko\u017ee zeleno ter je vodoodporno.<\/p>\n<p><strong>Celoten proces izdelave personaliziranih uhanov ter dostave na va\u0161 naslov traja 20 &#8211; 30 dni. Uhani ne bodo dostavljeni pred tem obdobjem. V primeru, da naro\u010dite \u0161e druge izdelke bodo dostavljeni v lo\u010deni po\u0161iljki.<\/strong><\/p>\n<h6><\/h6>\n<h6>Dodatno:<\/h6>\n<p>Za piko na i lahko svoj darilni set nadgradite z\u00a0<a href=\"https:\/\/leboxi.eu\/blog\/posvetilo-darilni-listki\/\">darilnimi listi\u010di<\/a>\u00a0za izdelavo katerih navodila najdete na na\u0161em blogu.<\/p>\n<p>\u010ce \u017eelite bomo va\u0161e darilo obdarovancu dostavili mi, seveda pa ob dostavi ne bomo prilo\u017eili ra\u010duna. Le-tega boste prejeli vi.<\/p>\n<p>Pri personaliziranih izdelkih kupec <strong>nima pravice<\/strong> do odstopa od nakupne pogodbe. V praksi to pomeni, da za vse izdelke, ki so narejeni po \u017eelji kupca, potro\u0161nik ne vra\u010da izdelka, je pa zavezan k pla\u010dilu po sklenjeni pogodbi. Ponudnik ne odgovarja za nepravilno izbrane mo\u017enosti (npr. napa\u010dno izbranega tipa personaliziranega izdelka, napa\u010dna izbira vzorca personalizacije, napake \u010drkovanja, napake datuma ipd.) personalizacije pri nakupu.<\/p>\n<p><script type=\"application\/ld+json\">\n{\n  \"@context\": \"https:\/\/schema.org\/\", \n  \"@type\": \"Product\", \n  \"name\": \"Uhani LOUISE z imenom\",\n  \"image\": \"https:\/\/leboxi.eu\/wp-content\/uploads\/2021\/08\/Uhani-LOUISE-6.jpg\",\n  \"description\": \"Elegantni uhani LOUISE s personaliziranim imenom so unikat. Uhani so izdelani iz srebra. Izberete lahko med zlato, srebrno in roza zlato barvo.\",\n  \"brand\": \"Le Boxi\",\n  \"sku\": \"U1-2-1\",\n  \"offers\": {\n    \"@type\": \"Offer\",\n    \"url\": \"https:\/\/leboxi.eu\/izdelki\/uhani-louise\/\",\n    \"priceCurrency\": \"EUR\",\n    \"price\": \"38,2\",\n    \"priceValidUntil\": \"2022-12-31\",\n    \"availability\": \"https:\/\/schema.org\/InStock\",\n    \"itemCondition\": \"https:\/\/schema.org\/NewCondition\"\n  },\n  \"aggregateRating\": {\n    \"@type\": \"AggregateRating\",\n    \"ratingValue\": \"5\",\n    \"bestRating\": \"5\",\n    \"worstRating\": \"1\",\n    \"ratingCount\": \"3\"\n  }\n}\n<\/script><\/p>\n<p>&nbsp;|||UNTRANSLATED_CONTENT_END|||<\/p>\n","protected":false},"excerpt":{"rendered":"<p>A LOUISE szem\u00e9lyre sz\u00f3l\u00f3 eleg\u00e1ns f\u00fclbeval\u00f3k n\u00e9vvel egy igazi egyedi aj\u00e1nd\u00e9k\u00f6tlet. A f\u00fclbeval\u00f3k ez\u00fcstb\u0151l k\u00e9sz\u00fclnek. Arany, ez\u00fcst \u00e9s r\u00f3zsaarany sz\u00ednek k\u00f6z\u00fcl v\u00e1laszthat.<\/p>\n<p>Tov\u00e1bbi inform\u00e1ci\u00f3k:<\/p>\n<ul>\n<li>Anyag: ez\u00fcst 925\n<\/li>\n<li>A k\u00fcls\u0151 r\u00e9teg aranyozott 14K vagy ez\u00fcst\u00f6z\u00f6tt (\u00f6n v\u00e1lasztja ki)\n<\/li>\n<li>100% hipoallerg\u00e9n\n<\/li>\n<li><strong>Sz\u00e1ll\u00edt\u00e1si id\u0151: 20-30 nap (gy\u00e1rt\u00e1si id\u0151 + sz\u00e1ll\u00edt\u00e1s)<br \/>\n<\/strong><\/li>\n<\/ul>\n<p>Ha aj\u00e1nd\u00e9kba szeretn\u00e9 adni a nyakl\u00e1ncot, becsomagolhatjuk egy eleg\u00e1ns aj\u00e1nd\u00e9kdobozba. Ha szeretn\u00e9, az aj\u00e1nd\u00e9k\u00e1t mi k\u00e9zbes\u00edtj\u00fck a c\u00edmzettnek, de a sz\u00e1ml\u00e1t term\u00e9szetesen nem mell\u00e9kelj\u00fck a sz\u00e1ll\u00edt\u00e1skor. A sz\u00e1ml\u00e1t \u00f6n kapja meg.<\/p>\n","protected":false},"featured_media":20765,"comment_status":"open","ping_status":"closed","template":"","meta":{"site-sidebar-layout":"default","site-content-layout":"default","ast-site-content-layout":"default","site-content-style":"default","site-sidebar-style":"default","ast-global-header-display":"","ast-banner-title-visibility":"","ast-main-header-display":"","ast-hfb-above-header-display":"","ast-hfb-below-header-display":"","ast-hfb-mobile-header-display":"","site-post-title":"","ast-breadcrumbs-content":"","ast-featured-img":"","footer-sml-layout":"","ast-disable-related-posts":"","theme-transparent-header-meta":"default","adv-header-id-meta":"","stick-header-meta":"","header-above-stick-meta":"","header-main-stick-meta":"","header-below-stick-meta":"","astra-migrate-meta-layouts":"default","ast-page-background-enabled":"default","ast-page-background-meta":{"desktop":{"background-color":"","background-image":"","background-repeat":"repeat","background-position":"center center","background-size":"auto","background-attachment":"scroll","background-type":"","background-media":"","overlay-type":"","overlay-color":"","overlay-opacity":"","overlay-gradient":""},"tablet":{"background-color":"","background-image":"","background-repeat":"repeat","background-position":"center center","background-size":"auto","background-attachment":"scroll","background-type":"","background-media":"","overlay-type":"","overlay-color":"","overlay-opacity":"","overlay-gradient":""},"mobile":{"background-color":"","background-image":"","background-repeat":"repeat","background-position":"center center","background-size":"auto","background-attachment":"scroll","background-type":"","background-media":"","overlay-type":"","overlay-color":"","overlay-opacity":"","overlay-gradient":""}},"ast-content-background-meta":{"desktop":{"background-color":"var(--ast-global-color-5)","background-image":"","background-repeat":"repeat","background-position":"center center","background-size":"auto","background-attachment":"scroll","background-type":"","background-media":"","overlay-type":"","overlay-color":"","overlay-opacity":"","overlay-gradient":""},"tablet":{"background-color":"var(--ast-global-color-5)","background-image":"","background-repeat":"repeat","background-position":"center center","background-size":"auto","background-attachment":"scroll","background-type":"","background-media":"","overlay-type":"","overlay-color":"","overlay-opacity":"","overlay-gradient":""},"mobile":{"background-color":"var(--ast-global-color-5)","background-image":"","background-repeat":"repeat","background-position":"center center","background-size":"auto","background-attachment":"scroll","background-type":"","background-media":"","overlay-type":"","overlay-color":"","overlay-opacity":"","overlay-gradient":""}}},"product_brand":[],"product_cat":[387,388,389,390,382,362,330,379,339,380,332,383,331,384],"product_tag":[],"class_list":{"0":"post-20764","1":"product","2":"type-product","3":"status-publish","4":"has-post-thumbnail","6":"product_cat-ajandekok-anyanak","7":"product_cat-ajandekok-baratnonek","8":"product_cat-ajandekok-noi-partnernek","9":"product_cat-ajandekok-noknek","10":"product_cat-anyak-napi-ajandekok","11":"product_cat-szemelyre-szabott-ekszer","12":"product_cat-karacsonyi-ajandekok","13":"product_cat-karacsonyi-ajandekok-noknek","14":"product_cat-nok","15":"product_cat-nonapi-ajandekok","16":"product_cat-szuletesnapi-ajandekok-hu","17":"product_cat-szuletesnapi-ajandekok-noknek","18":"product_cat-valentin-napi-ajandekok","19":"product_cat-valentin-napi-ajandekok-noknek","20":"pa_nakit-arany-diszdobozban","21":"pa_nakit-arany-nincs-diszdoboz","22":"pa_nakit-ezust-diszdoboz-nelkul","23":"pa_nakit-ezust-diszdobozban","24":"pa_nakit-rose-gold-diszdobozban","25":"pa_nakit-rozsarany-nincs-diszdoboz","26":"desktop-align-left","27":"tablet-align-left","28":"mobile-align-left","30":"first","31":"instock","32":"taxable","33":"shipping-taxable","34":"purchasable","35":"product-type-variable"},"yoast_head":"<!-- This site is optimized with the Yoast SEO plugin v27.3 - https:\/\/yoast.com\/product\/yoast-seo-wordpress\/ -->\n<title>Egyedi f\u00fclbeval\u00f3k | Szem\u00e9lyre sz\u00f3l\u00f3 f\u00fclbeval\u00f3k | Le Boxi<\/title>\n<meta name=\"description\" content=\"Egyedi f\u00fclbeval\u00f3k n\u00e9vvel. Arany, ez\u00fcst vagy r\u00f3zsaarany sz\u00edn k\u00f6z\u00fcl v\u00e1laszthat. Nagyszer\u0171 aj\u00e1nd\u00e9k magunknak vagy szeretteinknek. Eleg\u00e1ns aj\u00e1nd\u00e9kdobozzal egy\u00fctt v\u00e1s\u00e1rolhat\u00f3.\" \/>\n<meta name=\"robots\" content=\"index, follow, max-snippet:-1, max-image-preview:large, max-video-preview:-1\" \/>\n<link rel=\"canonical\" href=\"https:\/\/leboxi.eu\/hu\/termekek\/louise-fulbevalok-nevvel\/\" \/>\n<meta property=\"og:locale\" content=\"hu_HU\" \/>\n<meta property=\"og:type\" content=\"article\" \/>\n<meta property=\"og:title\" content=\"Egyedi f\u00fclbeval\u00f3k | Szem\u00e9lyre sz\u00f3l\u00f3 f\u00fclbeval\u00f3k | Le Boxi\" \/>\n<meta property=\"og:description\" content=\"Egyedi f\u00fclbeval\u00f3k n\u00e9vvel. Arany, ez\u00fcst vagy r\u00f3zsaarany sz\u00edn k\u00f6z\u00fcl v\u00e1laszthat. Nagyszer\u0171 aj\u00e1nd\u00e9k magunknak vagy szeretteinknek. Eleg\u00e1ns aj\u00e1nd\u00e9kdobozzal egy\u00fctt v\u00e1s\u00e1rolhat\u00f3.\" \/>\n<meta property=\"og:url\" content=\"https:\/\/leboxi.eu\/hu\/termekek\/louise-fulbevalok-nevvel\/\" \/>\n<meta property=\"og:site_name\" content=\"Le Boxi | Unikatna darila za vsakogar\" \/>\n<meta property=\"article:publisher\" content=\"https:\/\/www.facebook.com\/leboxi.eu\" \/>\n<meta property=\"article:modified_time\" content=\"2025-02-23T15:42:43+00:00\" \/>\n<meta property=\"og:image\" content=\"https:\/\/leboxi.eu\/wp-content\/uploads\/2021\/08\/Uhani-LOUISE-6.jpg\" \/>\n\t<meta property=\"og:image:width\" content=\"1000\" \/>\n\t<meta property=\"og:image:height\" content=\"1000\" \/>\n\t<meta property=\"og:image:type\" content=\"image\/jpeg\" \/>\n<meta name=\"twitter:card\" content=\"summary_large_image\" \/>\n<meta name=\"twitter:label1\" content=\"Becs\u00fclt olvas\u00e1si id\u0151\" \/>\n\t<meta name=\"twitter:data1\" content=\"1 perc\" \/>\n<script type=\"application\/ld+json\" class=\"yoast-schema-graph\">{\"@context\":\"https:\\\/\\\/schema.org\",\"@graph\":[{\"@type\":\"WebPage\",\"@id\":\"https:\\\/\\\/leboxi.eu\\\/hu\\\/termekek\\\/louise-fulbevalok-nevvel\\\/\",\"url\":\"https:\\\/\\\/leboxi.eu\\\/hu\\\/termekek\\\/louise-fulbevalok-nevvel\\\/\",\"name\":\"Egyedi f\u00fclbeval\u00f3k | Szem\u00e9lyre sz\u00f3l\u00f3 f\u00fclbeval\u00f3k | Le Boxi\",\"isPartOf\":{\"@id\":\"https:\\\/\\\/leboxi.eu\\\/hu\\\/#website\"},\"primaryImageOfPage\":{\"@id\":\"https:\\\/\\\/leboxi.eu\\\/hu\\\/termekek\\\/louise-fulbevalok-nevvel\\\/#primaryimage\"},\"image\":{\"@id\":\"https:\\\/\\\/leboxi.eu\\\/hu\\\/termekek\\\/louise-fulbevalok-nevvel\\\/#primaryimage\"},\"thumbnailUrl\":\"https:\\\/\\\/leboxi.eu\\\/wp-content\\\/uploads\\\/2021\\\/08\\\/Uhani-LOUISE-6.jpg\",\"datePublished\":\"2024-10-08T07:27:52+00:00\",\"dateModified\":\"2025-02-23T15:42:43+00:00\",\"description\":\"Egyedi f\u00fclbeval\u00f3k n\u00e9vvel. Arany, ez\u00fcst vagy r\u00f3zsaarany sz\u00edn k\u00f6z\u00fcl v\u00e1laszthat. Nagyszer\u0171 aj\u00e1nd\u00e9k magunknak vagy szeretteinknek. Eleg\u00e1ns aj\u00e1nd\u00e9kdobozzal egy\u00fctt v\u00e1s\u00e1rolhat\u00f3.\",\"breadcrumb\":{\"@id\":\"https:\\\/\\\/leboxi.eu\\\/hu\\\/termekek\\\/louise-fulbevalok-nevvel\\\/#breadcrumb\"},\"inLanguage\":\"hu\",\"potentialAction\":[{\"@type\":\"ReadAction\",\"target\":[\"https:\\\/\\\/leboxi.eu\\\/hu\\\/termekek\\\/louise-fulbevalok-nevvel\\\/\"]}]},{\"@type\":\"ImageObject\",\"inLanguage\":\"hu\",\"@id\":\"https:\\\/\\\/leboxi.eu\\\/hu\\\/termekek\\\/louise-fulbevalok-nevvel\\\/#primaryimage\",\"url\":\"https:\\\/\\\/leboxi.eu\\\/wp-content\\\/uploads\\\/2021\\\/08\\\/Uhani-LOUISE-6.jpg\",\"contentUrl\":\"https:\\\/\\\/leboxi.eu\\\/wp-content\\\/uploads\\\/2021\\\/08\\\/Uhani-LOUISE-6.jpg\",\"width\":1000,\"height\":1000},{\"@type\":\"BreadcrumbList\",\"@id\":\"https:\\\/\\\/leboxi.eu\\\/hu\\\/termekek\\\/louise-fulbevalok-nevvel\\\/#breadcrumb\",\"itemListElement\":[{\"@type\":\"ListItem\",\"position\":1,\"name\":\"Doma\",\"item\":\"https:\\\/\\\/leboxi.eu\\\/hu\\\/egyedi-szuletesnapi-ajandekok-noknek-ferfiaknak-es-ujszulotteknek\\\/\"},{\"@type\":\"ListItem\",\"position\":2,\"name\":\"\u00fczlet\",\"item\":\"https:\\\/\\\/leboxi.eu\\\/hu\\\/uzlet\\\/\"},{\"@type\":\"ListItem\",\"position\":3,\"name\":\"LOUISE f\u00fclbeval\u00f3k n\u00e9vvel\"}]},{\"@type\":\"WebSite\",\"@id\":\"https:\\\/\\\/leboxi.eu\\\/hu\\\/#website\",\"url\":\"https:\\\/\\\/leboxi.eu\\\/hu\\\/\",\"name\":\"Le Boxi | Unikatna darila za vsakogar\",\"description\":\"Unikatna darila in darilne \u0161katle za vse prilo\u017enosti.\",\"publisher\":{\"@id\":\"https:\\\/\\\/leboxi.eu\\\/hu\\\/#organization\"},\"potentialAction\":[{\"@type\":\"SearchAction\",\"target\":{\"@type\":\"EntryPoint\",\"urlTemplate\":\"https:\\\/\\\/leboxi.eu\\\/hu\\\/?s={search_term_string}\"},\"query-input\":{\"@type\":\"PropertyValueSpecification\",\"valueRequired\":true,\"valueName\":\"search_term_string\"}}],\"inLanguage\":\"hu\"},{\"@type\":\"Organization\",\"@id\":\"https:\\\/\\\/leboxi.eu\\\/hu\\\/#organization\",\"name\":\"LE BOXI\",\"url\":\"https:\\\/\\\/leboxi.eu\\\/hu\\\/\",\"logo\":{\"@type\":\"ImageObject\",\"inLanguage\":\"hu\",\"@id\":\"https:\\\/\\\/leboxi.eu\\\/hu\\\/#\\\/schema\\\/logo\\\/image\\\/\",\"url\":\"https:\\\/\\\/leboxi.eu\\\/wp-content\\\/uploads\\\/2021\\\/02\\\/LeBoxi-manjsi-png.png\",\"contentUrl\":\"https:\\\/\\\/leboxi.eu\\\/wp-content\\\/uploads\\\/2021\\\/02\\\/LeBoxi-manjsi-png.png\",\"width\":389,\"height\":164,\"caption\":\"LE BOXI\"},\"image\":{\"@id\":\"https:\\\/\\\/leboxi.eu\\\/hu\\\/#\\\/schema\\\/logo\\\/image\\\/\"},\"sameAs\":[\"https:\\\/\\\/www.facebook.com\\\/leboxi.eu\",\"https:\\\/\\\/www.instagram.com\\\/le.boxi\\\/\"]}]}<\/script>\n<!-- \/ Yoast SEO plugin. -->","yoast_head_json":{"title":"Egyedi f\u00fclbeval\u00f3k | Szem\u00e9lyre sz\u00f3l\u00f3 f\u00fclbeval\u00f3k | Le Boxi","description":"Egyedi f\u00fclbeval\u00f3k n\u00e9vvel. Arany, ez\u00fcst vagy r\u00f3zsaarany sz\u00edn k\u00f6z\u00fcl v\u00e1laszthat. Nagyszer\u0171 aj\u00e1nd\u00e9k magunknak vagy szeretteinknek. Eleg\u00e1ns aj\u00e1nd\u00e9kdobozzal egy\u00fctt v\u00e1s\u00e1rolhat\u00f3.","robots":{"index":"index","follow":"follow","max-snippet":"max-snippet:-1","max-image-preview":"max-image-preview:large","max-video-preview":"max-video-preview:-1"},"canonical":"https:\/\/leboxi.eu\/hu\/termekek\/louise-fulbevalok-nevvel\/","og_locale":"hu_HU","og_type":"article","og_title":"Egyedi f\u00fclbeval\u00f3k | Szem\u00e9lyre sz\u00f3l\u00f3 f\u00fclbeval\u00f3k | Le Boxi","og_description":"Egyedi f\u00fclbeval\u00f3k n\u00e9vvel. Arany, ez\u00fcst vagy r\u00f3zsaarany sz\u00edn k\u00f6z\u00fcl v\u00e1laszthat. Nagyszer\u0171 aj\u00e1nd\u00e9k magunknak vagy szeretteinknek. Eleg\u00e1ns aj\u00e1nd\u00e9kdobozzal egy\u00fctt v\u00e1s\u00e1rolhat\u00f3.","og_url":"https:\/\/leboxi.eu\/hu\/termekek\/louise-fulbevalok-nevvel\/","og_site_name":"Le Boxi | Unikatna darila za vsakogar","article_publisher":"https:\/\/www.facebook.com\/leboxi.eu","article_modified_time":"2025-02-23T15:42:43+00:00","og_image":[{"width":1000,"height":1000,"url":"https:\/\/leboxi.eu\/wp-content\/uploads\/2021\/08\/Uhani-LOUISE-6.jpg","type":"image\/jpeg"}],"twitter_card":"summary_large_image","twitter_misc":{"Becs\u00fclt olvas\u00e1si id\u0151":"1 perc"},"schema":{"@context":"https:\/\/schema.org","@graph":[{"@type":"WebPage","@id":"https:\/\/leboxi.eu\/hu\/termekek\/louise-fulbevalok-nevvel\/","url":"https:\/\/leboxi.eu\/hu\/termekek\/louise-fulbevalok-nevvel\/","name":"Egyedi f\u00fclbeval\u00f3k | Szem\u00e9lyre sz\u00f3l\u00f3 f\u00fclbeval\u00f3k | Le Boxi","isPartOf":{"@id":"https:\/\/leboxi.eu\/hu\/#website"},"primaryImageOfPage":{"@id":"https:\/\/leboxi.eu\/hu\/termekek\/louise-fulbevalok-nevvel\/#primaryimage"},"image":{"@id":"https:\/\/leboxi.eu\/hu\/termekek\/louise-fulbevalok-nevvel\/#primaryimage"},"thumbnailUrl":"https:\/\/leboxi.eu\/wp-content\/uploads\/2021\/08\/Uhani-LOUISE-6.jpg","datePublished":"2024-10-08T07:27:52+00:00","dateModified":"2025-02-23T15:42:43+00:00","description":"Egyedi f\u00fclbeval\u00f3k n\u00e9vvel. Arany, ez\u00fcst vagy r\u00f3zsaarany sz\u00edn k\u00f6z\u00fcl v\u00e1laszthat. Nagyszer\u0171 aj\u00e1nd\u00e9k magunknak vagy szeretteinknek. Eleg\u00e1ns aj\u00e1nd\u00e9kdobozzal egy\u00fctt v\u00e1s\u00e1rolhat\u00f3.","breadcrumb":{"@id":"https:\/\/leboxi.eu\/hu\/termekek\/louise-fulbevalok-nevvel\/#breadcrumb"},"inLanguage":"hu","potentialAction":[{"@type":"ReadAction","target":["https:\/\/leboxi.eu\/hu\/termekek\/louise-fulbevalok-nevvel\/"]}]},{"@type":"ImageObject","inLanguage":"hu","@id":"https:\/\/leboxi.eu\/hu\/termekek\/louise-fulbevalok-nevvel\/#primaryimage","url":"https:\/\/leboxi.eu\/wp-content\/uploads\/2021\/08\/Uhani-LOUISE-6.jpg","contentUrl":"https:\/\/leboxi.eu\/wp-content\/uploads\/2021\/08\/Uhani-LOUISE-6.jpg","width":1000,"height":1000},{"@type":"BreadcrumbList","@id":"https:\/\/leboxi.eu\/hu\/termekek\/louise-fulbevalok-nevvel\/#breadcrumb","itemListElement":[{"@type":"ListItem","position":1,"name":"Doma","item":"https:\/\/leboxi.eu\/hu\/egyedi-szuletesnapi-ajandekok-noknek-ferfiaknak-es-ujszulotteknek\/"},{"@type":"ListItem","position":2,"name":"\u00fczlet","item":"https:\/\/leboxi.eu\/hu\/uzlet\/"},{"@type":"ListItem","position":3,"name":"LOUISE f\u00fclbeval\u00f3k n\u00e9vvel"}]},{"@type":"WebSite","@id":"https:\/\/leboxi.eu\/hu\/#website","url":"https:\/\/leboxi.eu\/hu\/","name":"Le Boxi | Unikatna darila za vsakogar","description":"Unikatna darila in darilne \u0161katle za vse prilo\u017enosti.","publisher":{"@id":"https:\/\/leboxi.eu\/hu\/#organization"},"potentialAction":[{"@type":"SearchAction","target":{"@type":"EntryPoint","urlTemplate":"https:\/\/leboxi.eu\/hu\/?s={search_term_string}"},"query-input":{"@type":"PropertyValueSpecification","valueRequired":true,"valueName":"search_term_string"}}],"inLanguage":"hu"},{"@type":"Organization","@id":"https:\/\/leboxi.eu\/hu\/#organization","name":"LE BOXI","url":"https:\/\/leboxi.eu\/hu\/","logo":{"@type":"ImageObject","inLanguage":"hu","@id":"https:\/\/leboxi.eu\/hu\/#\/schema\/logo\/image\/","url":"https:\/\/leboxi.eu\/wp-content\/uploads\/2021\/02\/LeBoxi-manjsi-png.png","contentUrl":"https:\/\/leboxi.eu\/wp-content\/uploads\/2021\/02\/LeBoxi-manjsi-png.png","width":389,"height":164,"caption":"LE BOXI"},"image":{"@id":"https:\/\/leboxi.eu\/hu\/#\/schema\/logo\/image\/"},"sameAs":["https:\/\/www.facebook.com\/leboxi.eu","https:\/\/www.instagram.com\/le.boxi\/"]}]}},"tiered_pricing_type":"fixed","tiered_pricing_fixed_rules":[],"tiered_pricing_product_settings":{"layout":"default","base_unit_name":{"singular":null,"plural":null},"default_variation":null},"tiered_pricing_minimum_quantity":null,"tiered_pricing_roles_data":[],"tiered_pricing_percentage_rules":[],"_links":{"self":[{"href":"https:\/\/leboxi.eu\/hu\/wp-json\/wp\/v2\/product\/20764","targetHints":{"allow":["GET"]}}],"collection":[{"href":"https:\/\/leboxi.eu\/hu\/wp-json\/wp\/v2\/product"}],"about":[{"href":"https:\/\/leboxi.eu\/hu\/wp-json\/wp\/v2\/types\/product"}],"replies":[{"embeddable":true,"href":"https:\/\/leboxi.eu\/hu\/wp-json\/wp\/v2\/comments?post=20764"}],"version-history":[{"count":0,"href":"https:\/\/leboxi.eu\/hu\/wp-json\/wp\/v2\/product\/20764\/revisions"}],"wp:featuredmedia":[{"embeddable":true,"href":"https:\/\/leboxi.eu\/hu\/wp-json\/wp\/v2\/media\/20765"}],"wp:attachment":[{"href":"https:\/\/leboxi.eu\/hu\/wp-json\/wp\/v2\/media?parent=20764"}],"wp:term":[{"taxonomy":"product_brand","embeddable":true,"href":"https:\/\/leboxi.eu\/hu\/wp-json\/wp\/v2\/product_brand?post=20764"},{"taxonomy":"product_cat","embeddable":true,"href":"https:\/\/leboxi.eu\/hu\/wp-json\/wp\/v2\/product_cat?post=20764"},{"taxonomy":"product_tag","embeddable":true,"href":"https:\/\/leboxi.eu\/hu\/wp-json\/wp\/v2\/product_tag?post=20764"}],"curies":[{"name":"wp","href":"https:\/\/api.w.org\/{rel}","templated":true}]}}