{"id":20732,"date":"2022-01-05T19:54:47","date_gmt":"2022-01-05T18:54:47","guid":{"rendered":"https:\/\/leboxi.eu\/izdelki\/heart-nyaklanc-nevvel\/"},"modified":"2025-02-23T16:42:21","modified_gmt":"2025-02-23T15:42:21","slug":"heart-nyaklanc-nevvel","status":"publish","type":"product","link":"https:\/\/leboxi.eu\/hu\/termekek\/heart-nyaklanc-nevvel\/","title":{"rendered":"HEART nyakl\u00e1nc n\u00e9vvel"},"content":{"rendered":"<p><strong>Nyakl\u00e1nc gyermekek vagy m\u00e1s szeretteink nev\u00e9vel.<\/p>\n<p><\/strong>Sz\u00edn: arany 14K\/ez\u00fcst\/r\u00f3zsa arany<\/p>\n<p>Anyag: ez\u00fcst 925<\/p>\n<p>L\u00e1nchossz: 37 cm\u00a0 &#8211; 45 cm (\u00e1ll\u00edthat\u00f3 hossz 37 cm + 2 cm + 2 cm + 3 cm)<\/p>\n<p>Med\u00e1l m\u00e9rete: 27,8 mm* 24,2 mm*1 mm<\/p>\n<p>N\u00e9v maxim\u00e1lis hossza: 1. n\u00e9v (3 &#8211; 8 bet\u0171), 2. n\u00e9v (3 &#8211; 13 bet\u0171)<\/p>\n<p>A nevekn\u00e9l nem haszn\u00e1lhat\u00f3k \u00e9kezetes bet\u0171k.<\/p>\n<p>\tA gyermekek vagy m\u00e1s szeretteink nev\u00e9vel ell\u00e1tott nyakl\u00e1nccal mindenkit nagyon meg lehet lepni. A nyakl\u00e1nc val\u00f3di 925 ez\u00fcstb\u0151l k\u00e9sz\u00fcl. Ha aj\u00e1nd\u00e9kba szeretn\u00e9 adni a nyakl\u00e1ncot, becsomagolhatjuk egy eleg\u00e1ns aj\u00e1nd\u00e9kdobozba<\/p>\n<p>Felhaszn\u00e1l\u00e1si javaslat: Javasoljuk, hogy t\u00e1vol\u00edtsa el az \u00e9kszert f\u00fcrd\u00e9s\/zuhanyoz\u00e1s el\u0151tt, alv\u00e1s k\u00f6zben \u00e9s sporttev\u00e9kenys\u00e9gek k\u00f6zben, hogy ne s\u00e9r\u00fclj\u00f6n meg, \u00e9s hossz\u00fa ideig a lehet\u0151 legf\u00e9nyesebb maradjon. Az \u00e9kszer nem hagy foltokat, nem sz\u00ednez\u0151dik el, nem festi z\u00f6ldre a b\u0151rt \u00e9s v\u00edz\u00e1ll\u00f3.<\/p>\n<p><strong>A szem\u00e9lyre sz\u00f3l\u00f3 l\u00e1nc elk\u00e9sz\u00edt\u00e9s\u00e9nek \u00e9s a c\u00edmre t\u00f6rt\u00e9n\u0151 k\u00e9zbes\u00edt\u00e9s\u00e9nek teljes folyamata 20-30 napot vesz ig\u00e9nybe. A nyakl\u00e1nc ezen id\u0151szak el\u0151tt nem ker\u00fcl kisz\u00e1ll\u00edt\u00e1sra. Ha m\u00e1s term\u00e9keket is rendel, azokat k\u00fcl\u00f6n sz\u00e1ll\u00edtm\u00e1nyban sz\u00e1ll\u00edtjuk ki. A jelenlegi rendk\u00edv\u00fcli piaci helyzet miatt sz\u00e1ll\u00edt\u00e1si k\u00e9sedelmek fordulhatnak el\u0151.<\/p>\n<p><\/strong><\/p>\n<h6>\n<\/h6>\n<p>Utols\u00f3 sim\u00edt\u00e1sk\u00e9nt<a href=\"https:\/\/leboxi.eu\/blog\/posvetilo-darilni-listki\/\">aj\u00e1nd\u00e9kos c\u00edmk\u00e9kkel<\/a> is feldobhatja az aj\u00e1nd\u00e9kcsomagj\u00e1t, melyek elk\u00e9sz\u00edt\u00e9s\u00e9hez a blogunkon tal\u00e1l \u00fatmutat\u00f3t.<\/p>\n<p>Ha szeretn\u00e9, az aj\u00e1nd\u00e9k\u00e1t mi k\u00e9zbes\u00edtj\u00fck a c\u00edmzettnek, de a sz\u00e1ml\u00e1t term\u00e9szetesen nem mell\u00e9kelj\u00fck a sz\u00e1ll\u00edt\u00e1skor. A sz\u00e1ml\u00e1t \u00f6n kapja meg.<\/p>\n<p>Szem\u00e9lyre szabott term\u00e9kek eset\u00e9ben a vev\u0151nek <strong>nem \u00e1ll jog\u00e1nak<\/strong> el\u00e1llni az ad\u00e1sv\u00e9teli szerz\u0151d\u00e9st\u0151l. A gyakorlatban ez azt jelenti, hogy a fogyaszt\u00f3 a megrendel\u0151 k\u00edv\u00e1ns\u00e1ga szerint k\u00e9sz\u00fclt valamennyi term\u00e9k eset\u00e9ben nem k\u00fcldheti vissza a term\u00e9ket, \u00e9s k\u00f6teles a megk\u00f6t\u00f6tt szerz\u0151d\u00e9s szerint fizetni. A szolg\u00e1ltat\u00f3 nem v\u00e1llal felel\u0151ss\u00e9get a v\u00e1s\u00e1rl\u00e1skor helytelen\u00fcl kiv\u00e1lasztott szem\u00e9lyre szab\u00e1si opci\u00f3k\u00e9rt (pl. helytelen\u00fcl kiv\u00e1lasztott szem\u00e9lyre szabott term\u00e9kt\u00edpus, szem\u00e9lyre szab\u00e1si minta helytelen kiv\u00e1laszt\u00e1sa, helyes\u00edr\u00e1si hib\u00e1k, d\u00e1tumhib\u00e1k stb.).<\/p>\n","protected":false},"excerpt":{"rendered":"<p>Az eleg\u00e1ns, szem\u00e9lyre sz\u00f3l\u00f3 HEART nyakl\u00e1nc egy egyed\u00fcl\u00e1ll\u00f3 darab. Ez\u00fcstb\u0151l k\u00e9sz\u00fclt. Az arany, az ez\u00fcst \u00e9s a r\u00f3zsaarany sz\u00ednek k\u00f6z\u00fcl v\u00e1laszthat, \u00e9s r\u00e1\u00edrhatja k\u00e9t szeretett szem\u00e9ly nev\u00e9t.<\/p>\n<p>Tov\u00e1bbi inform\u00e1ci\u00f3k:<\/p>\n<ul>\n<li>L\u00e1nc hossza: 38 cm &#8211; 45 cm (a hossz ig\u00e9ny szerint v\u00e1laszthat\u00f3)\n<\/li>\n<li>Anyag: ez\u00fcst 925\n<\/li>\n<li>A k\u00fcls\u0151 r\u00e9teg aranyozott 14K vagy ez\u00fcst\u00f6z\u00f6tt (\u00f6n v\u00e1lasztja ki)\n<\/li>\n<li>100% hipoallerg\u00e9n, 100% nem hagy foltokat a b\u0151r\u00f6n\n<\/li>\n<li><strong>Sz\u00e1ll\u00edt\u00e1si id\u0151: 20-30 nap (gy\u00e1rt\u00e1si id\u0151 + sz\u00e1ll\u00edt\u00e1s)<br \/>\n<\/strong><\/li>\n<\/ul>\n<p>Ha aj\u00e1nd\u00e9kba szeretn\u00e9 adni a nyakl\u00e1ncot, becsomagolhatjuk egy eleg\u00e1ns aj\u00e1nd\u00e9kdobozba. Ha szeretn\u00e9, az aj\u00e1nd\u00e9k\u00e1t mi k\u00e9zbes\u00edtj\u00fck a c\u00edmzettnek, de a sz\u00e1ml\u00e1t term\u00e9szetesen nem mell\u00e9kelj\u00fck a sz\u00e1ll\u00edt\u00e1skor. A sz\u00e1ml\u00e1t \u00f6n kapja meg.<\/p>\n","protected":false},"featured_media":20733,"comment_status":"open","ping_status":"closed","template":"","meta":{"site-sidebar-layout":"default","site-content-layout":"default","ast-site-content-layout":"default","site-content-style":"default","site-sidebar-style":"default","ast-global-header-display":"","ast-banner-title-visibility":"","ast-main-header-display":"","ast-hfb-above-header-display":"","ast-hfb-below-header-display":"","ast-hfb-mobile-header-display":"","site-post-title":"","ast-breadcrumbs-content":"","ast-featured-img":"","footer-sml-layout":"","ast-disable-related-posts":"","theme-transparent-header-meta":"default","adv-header-id-meta":"","stick-header-meta":"","header-above-stick-meta":"","header-main-stick-meta":"","header-below-stick-meta":"","astra-migrate-meta-layouts":"default","ast-page-background-enabled":"default","ast-page-background-meta":{"desktop":{"background-color":"","background-image":"","background-repeat":"repeat","background-position":"center center","background-size":"auto","background-attachment":"scroll","background-type":"","background-media":"","overlay-type":"","overlay-color":"","overlay-opacity":"","overlay-gradient":""},"tablet":{"background-color":"","background-image":"","background-repeat":"repeat","background-position":"center center","background-size":"auto","background-attachment":"scroll","background-type":"","background-media":"","overlay-type":"","overlay-color":"","overlay-opacity":"","overlay-gradient":""},"mobile":{"background-color":"","background-image":"","background-repeat":"repeat","background-position":"center center","background-size":"auto","background-attachment":"scroll","background-type":"","background-media":"","overlay-type":"","overlay-color":"","overlay-opacity":"","overlay-gradient":""}},"ast-content-background-meta":{"desktop":{"background-color":"var(--ast-global-color-5)","background-image":"","background-repeat":"repeat","background-position":"center center","background-size":"auto","background-attachment":"scroll","background-type":"","background-media":"","overlay-type":"","overlay-color":"","overlay-opacity":"","overlay-gradient":""},"tablet":{"background-color":"var(--ast-global-color-5)","background-image":"","background-repeat":"repeat","background-position":"center center","background-size":"auto","background-attachment":"scroll","background-type":"","background-media":"","overlay-type":"","overlay-color":"","overlay-opacity":"","overlay-gradient":""},"mobile":{"background-color":"var(--ast-global-color-5)","background-image":"","background-repeat":"repeat","background-position":"center center","background-size":"auto","background-attachment":"scroll","background-type":"","background-media":"","overlay-type":"","overlay-color":"","overlay-opacity":"","overlay-gradient":""}}},"product_brand":[],"product_cat":[387,388,389,390,359,329,382,362,379,339,380,364,365,332,378,383,338,337,331,384],"product_tag":[],"class_list":{"0":"post-20732","1":"product","2":"type-product","3":"status-publish","4":"has-post-thumbnail","6":"product_cat-ajandekok-anyanak","7":"product_cat-ajandekok-baratnonek","8":"product_cat-ajandekok-noi-partnernek","9":"product_cat-ajandekok-noknek","10":"product_cat-akcio","11":"product_cat-alkalmak","12":"product_cat-anyak-napi-ajandekok","13":"product_cat-szemelyre-szabott-ekszer","14":"product_cat-karacsonyi-ajandekok-noknek","15":"product_cat-nok","16":"product_cat-nonapi-ajandekok","17":"product_cat-nyaklancok","18":"product_cat-nyaklancok-nevvel","19":"product_cat-szuletesnapi-ajandekok-hu","20":"product_cat-szuletesnapi-ajandekok","21":"product_cat-szuletesnapi-ajandekok-noknek","22":"product_cat-tavaszi-kiarusitas","23":"product_cat-teli-kiarusitas","24":"product_cat-valentin-napi-ajandekok","25":"product_cat-valentin-napi-ajandekok-noknek","26":"pa_nakit-arany-diszdobozban","27":"pa_nakit-arany-nincs-diszdoboz","28":"pa_nakit-ezust-diszdoboz-nelkul","29":"pa_nakit-ezust-diszdobozban","30":"pa_nakit-rose-gold-diszdobozban","31":"pa_nakit-rozsarany-nincs-diszdoboz","32":"desktop-align-left","33":"tablet-align-left","34":"mobile-align-left","36":"first","37":"outofstock","38":"taxable","39":"shipping-taxable","40":"purchasable","41":"product-type-variable"},"yoast_head":"<!-- This site is optimized with the Yoast SEO plugin v27.3 - https:\/\/yoast.com\/product\/yoast-seo-wordpress\/ -->\n<title>Nyakl\u00e1nc gyermekek nev\u00e9vel | Szem\u00e9lyre sz\u00f3l\u00f3 nyakl\u00e1nc | Le Boxi<\/title>\n<meta name=\"description\" content=\"St\u00edlusos nyakl\u00e1nc a gyermekek nev\u00e9vel. Arany, ez\u00fcst vagy r\u00f3zsaarany sz\u00edn k\u00f6z\u00fcl v\u00e1laszthat. Nagyszer\u0171 aj\u00e1nd\u00e9k magunknak vagy szeretteinknek. Eleg\u00e1ns aj\u00e1nd\u00e9kdobozzal egy\u00fctt v\u00e1s\u00e1rolhat\u00f3.\" \/>\n<meta name=\"robots\" content=\"index, follow, max-snippet:-1, max-image-preview:large, max-video-preview:-1\" \/>\n<link rel=\"canonical\" href=\"https:\/\/leboxi.eu\/hu\/termekek\/heart-nyaklanc-nevvel\/\" \/>\n<meta property=\"og:locale\" content=\"hu_HU\" \/>\n<meta property=\"og:type\" content=\"article\" \/>\n<meta property=\"og:title\" content=\"Nyakl\u00e1nc gyermekek nev\u00e9vel | Szem\u00e9lyre sz\u00f3l\u00f3 nyakl\u00e1nc | Le Boxi\" \/>\n<meta property=\"og:description\" content=\"St\u00edlusos nyakl\u00e1nc a gyermekek nev\u00e9vel. Arany, ez\u00fcst vagy r\u00f3zsaarany sz\u00edn k\u00f6z\u00fcl v\u00e1laszthat. Nagyszer\u0171 aj\u00e1nd\u00e9k magunknak vagy szeretteinknek. Eleg\u00e1ns aj\u00e1nd\u00e9kdobozzal egy\u00fctt v\u00e1s\u00e1rolhat\u00f3.\" \/>\n<meta property=\"og:url\" content=\"https:\/\/leboxi.eu\/hu\/termekek\/heart-nyaklanc-nevvel\/\" \/>\n<meta property=\"og:site_name\" content=\"Le Boxi | Unikatna darila za vsakogar\" \/>\n<meta property=\"article:publisher\" content=\"https:\/\/www.facebook.com\/leboxi.eu\" \/>\n<meta property=\"article:modified_time\" content=\"2025-02-23T15:42:21+00:00\" \/>\n<meta property=\"og:image\" content=\"https:\/\/leboxi.eu\/wp-content\/uploads\/2022\/01\/verizica-heart-zlata-2.jpg\" \/>\n\t<meta property=\"og:image:width\" content=\"1000\" \/>\n\t<meta property=\"og:image:height\" content=\"1000\" \/>\n\t<meta property=\"og:image:type\" content=\"image\/jpeg\" \/>\n<meta name=\"twitter:card\" content=\"summary_large_image\" \/>\n<meta name=\"twitter:label1\" content=\"Becs\u00fclt olvas\u00e1si id\u0151\" \/>\n\t<meta name=\"twitter:data1\" content=\"2 perc\" \/>\n<script type=\"application\/ld+json\" class=\"yoast-schema-graph\">{\"@context\":\"https:\\\/\\\/schema.org\",\"@graph\":[{\"@type\":\"WebPage\",\"@id\":\"https:\\\/\\\/leboxi.eu\\\/hu\\\/termekek\\\/heart-nyaklanc-nevvel\\\/\",\"url\":\"https:\\\/\\\/leboxi.eu\\\/hu\\\/termekek\\\/heart-nyaklanc-nevvel\\\/\",\"name\":\"Nyakl\u00e1nc gyermekek nev\u00e9vel | Szem\u00e9lyre sz\u00f3l\u00f3 nyakl\u00e1nc | Le Boxi\",\"isPartOf\":{\"@id\":\"https:\\\/\\\/leboxi.eu\\\/hu\\\/#website\"},\"primaryImageOfPage\":{\"@id\":\"https:\\\/\\\/leboxi.eu\\\/hu\\\/termekek\\\/heart-nyaklanc-nevvel\\\/#primaryimage\"},\"image\":{\"@id\":\"https:\\\/\\\/leboxi.eu\\\/hu\\\/termekek\\\/heart-nyaklanc-nevvel\\\/#primaryimage\"},\"thumbnailUrl\":\"https:\\\/\\\/leboxi.eu\\\/wp-content\\\/uploads\\\/2022\\\/01\\\/verizica-heart-zlata-2.jpg\",\"datePublished\":\"2022-01-05T18:54:47+00:00\",\"dateModified\":\"2025-02-23T15:42:21+00:00\",\"description\":\"St\u00edlusos nyakl\u00e1nc a gyermekek nev\u00e9vel. Arany, ez\u00fcst vagy r\u00f3zsaarany sz\u00edn k\u00f6z\u00fcl v\u00e1laszthat. Nagyszer\u0171 aj\u00e1nd\u00e9k magunknak vagy szeretteinknek. Eleg\u00e1ns aj\u00e1nd\u00e9kdobozzal egy\u00fctt v\u00e1s\u00e1rolhat\u00f3.\",\"breadcrumb\":{\"@id\":\"https:\\\/\\\/leboxi.eu\\\/hu\\\/termekek\\\/heart-nyaklanc-nevvel\\\/#breadcrumb\"},\"inLanguage\":\"hu\",\"potentialAction\":[{\"@type\":\"ReadAction\",\"target\":[\"https:\\\/\\\/leboxi.eu\\\/hu\\\/termekek\\\/heart-nyaklanc-nevvel\\\/\"]}]},{\"@type\":\"ImageObject\",\"inLanguage\":\"hu\",\"@id\":\"https:\\\/\\\/leboxi.eu\\\/hu\\\/termekek\\\/heart-nyaklanc-nevvel\\\/#primaryimage\",\"url\":\"https:\\\/\\\/leboxi.eu\\\/wp-content\\\/uploads\\\/2022\\\/01\\\/verizica-heart-zlata-2.jpg\",\"contentUrl\":\"https:\\\/\\\/leboxi.eu\\\/wp-content\\\/uploads\\\/2022\\\/01\\\/verizica-heart-zlata-2.jpg\",\"width\":1000,\"height\":1000},{\"@type\":\"BreadcrumbList\",\"@id\":\"https:\\\/\\\/leboxi.eu\\\/hu\\\/termekek\\\/heart-nyaklanc-nevvel\\\/#breadcrumb\",\"itemListElement\":[{\"@type\":\"ListItem\",\"position\":1,\"name\":\"Doma\",\"item\":\"https:\\\/\\\/leboxi.eu\\\/hu\\\/egyedi-szuletesnapi-ajandekok-noknek-ferfiaknak-es-ujszulotteknek\\\/\"},{\"@type\":\"ListItem\",\"position\":2,\"name\":\"\u00fczlet\",\"item\":\"https:\\\/\\\/leboxi.eu\\\/hu\\\/uzlet\\\/\"},{\"@type\":\"ListItem\",\"position\":3,\"name\":\"HEART nyakl\u00e1nc n\u00e9vvel\"}]},{\"@type\":\"WebSite\",\"@id\":\"https:\\\/\\\/leboxi.eu\\\/hu\\\/#website\",\"url\":\"https:\\\/\\\/leboxi.eu\\\/hu\\\/\",\"name\":\"Le Boxi | Unikatna darila za vsakogar\",\"description\":\"Unikatna darila in darilne \u0161katle za vse prilo\u017enosti.\",\"publisher\":{\"@id\":\"https:\\\/\\\/leboxi.eu\\\/hu\\\/#organization\"},\"potentialAction\":[{\"@type\":\"SearchAction\",\"target\":{\"@type\":\"EntryPoint\",\"urlTemplate\":\"https:\\\/\\\/leboxi.eu\\\/hu\\\/?s={search_term_string}\"},\"query-input\":{\"@type\":\"PropertyValueSpecification\",\"valueRequired\":true,\"valueName\":\"search_term_string\"}}],\"inLanguage\":\"hu\"},{\"@type\":\"Organization\",\"@id\":\"https:\\\/\\\/leboxi.eu\\\/hu\\\/#organization\",\"name\":\"LE BOXI\",\"url\":\"https:\\\/\\\/leboxi.eu\\\/hu\\\/\",\"logo\":{\"@type\":\"ImageObject\",\"inLanguage\":\"hu\",\"@id\":\"https:\\\/\\\/leboxi.eu\\\/hu\\\/#\\\/schema\\\/logo\\\/image\\\/\",\"url\":\"https:\\\/\\\/leboxi.eu\\\/wp-content\\\/uploads\\\/2021\\\/02\\\/LeBoxi-manjsi-png.png\",\"contentUrl\":\"https:\\\/\\\/leboxi.eu\\\/wp-content\\\/uploads\\\/2021\\\/02\\\/LeBoxi-manjsi-png.png\",\"width\":389,\"height\":164,\"caption\":\"LE BOXI\"},\"image\":{\"@id\":\"https:\\\/\\\/leboxi.eu\\\/hu\\\/#\\\/schema\\\/logo\\\/image\\\/\"},\"sameAs\":[\"https:\\\/\\\/www.facebook.com\\\/leboxi.eu\",\"https:\\\/\\\/www.instagram.com\\\/le.boxi\\\/\"]}]}<\/script>\n<!-- \/ Yoast SEO plugin. -->","yoast_head_json":{"title":"Nyakl\u00e1nc gyermekek nev\u00e9vel | Szem\u00e9lyre sz\u00f3l\u00f3 nyakl\u00e1nc | Le Boxi","description":"St\u00edlusos nyakl\u00e1nc a gyermekek nev\u00e9vel. Arany, ez\u00fcst vagy r\u00f3zsaarany sz\u00edn k\u00f6z\u00fcl v\u00e1laszthat. Nagyszer\u0171 aj\u00e1nd\u00e9k magunknak vagy szeretteinknek. Eleg\u00e1ns aj\u00e1nd\u00e9kdobozzal egy\u00fctt v\u00e1s\u00e1rolhat\u00f3.","robots":{"index":"index","follow":"follow","max-snippet":"max-snippet:-1","max-image-preview":"max-image-preview:large","max-video-preview":"max-video-preview:-1"},"canonical":"https:\/\/leboxi.eu\/hu\/termekek\/heart-nyaklanc-nevvel\/","og_locale":"hu_HU","og_type":"article","og_title":"Nyakl\u00e1nc gyermekek nev\u00e9vel | Szem\u00e9lyre sz\u00f3l\u00f3 nyakl\u00e1nc | Le Boxi","og_description":"St\u00edlusos nyakl\u00e1nc a gyermekek nev\u00e9vel. Arany, ez\u00fcst vagy r\u00f3zsaarany sz\u00edn k\u00f6z\u00fcl v\u00e1laszthat. Nagyszer\u0171 aj\u00e1nd\u00e9k magunknak vagy szeretteinknek. Eleg\u00e1ns aj\u00e1nd\u00e9kdobozzal egy\u00fctt v\u00e1s\u00e1rolhat\u00f3.","og_url":"https:\/\/leboxi.eu\/hu\/termekek\/heart-nyaklanc-nevvel\/","og_site_name":"Le Boxi | Unikatna darila za vsakogar","article_publisher":"https:\/\/www.facebook.com\/leboxi.eu","article_modified_time":"2025-02-23T15:42:21+00:00","og_image":[{"width":1000,"height":1000,"url":"https:\/\/leboxi.eu\/wp-content\/uploads\/2022\/01\/verizica-heart-zlata-2.jpg","type":"image\/jpeg"}],"twitter_card":"summary_large_image","twitter_misc":{"Becs\u00fclt olvas\u00e1si id\u0151":"2 perc"},"schema":{"@context":"https:\/\/schema.org","@graph":[{"@type":"WebPage","@id":"https:\/\/leboxi.eu\/hu\/termekek\/heart-nyaklanc-nevvel\/","url":"https:\/\/leboxi.eu\/hu\/termekek\/heart-nyaklanc-nevvel\/","name":"Nyakl\u00e1nc gyermekek nev\u00e9vel | Szem\u00e9lyre sz\u00f3l\u00f3 nyakl\u00e1nc | Le Boxi","isPartOf":{"@id":"https:\/\/leboxi.eu\/hu\/#website"},"primaryImageOfPage":{"@id":"https:\/\/leboxi.eu\/hu\/termekek\/heart-nyaklanc-nevvel\/#primaryimage"},"image":{"@id":"https:\/\/leboxi.eu\/hu\/termekek\/heart-nyaklanc-nevvel\/#primaryimage"},"thumbnailUrl":"https:\/\/leboxi.eu\/wp-content\/uploads\/2022\/01\/verizica-heart-zlata-2.jpg","datePublished":"2022-01-05T18:54:47+00:00","dateModified":"2025-02-23T15:42:21+00:00","description":"St\u00edlusos nyakl\u00e1nc a gyermekek nev\u00e9vel. Arany, ez\u00fcst vagy r\u00f3zsaarany sz\u00edn k\u00f6z\u00fcl v\u00e1laszthat. Nagyszer\u0171 aj\u00e1nd\u00e9k magunknak vagy szeretteinknek. Eleg\u00e1ns aj\u00e1nd\u00e9kdobozzal egy\u00fctt v\u00e1s\u00e1rolhat\u00f3.","breadcrumb":{"@id":"https:\/\/leboxi.eu\/hu\/termekek\/heart-nyaklanc-nevvel\/#breadcrumb"},"inLanguage":"hu","potentialAction":[{"@type":"ReadAction","target":["https:\/\/leboxi.eu\/hu\/termekek\/heart-nyaklanc-nevvel\/"]}]},{"@type":"ImageObject","inLanguage":"hu","@id":"https:\/\/leboxi.eu\/hu\/termekek\/heart-nyaklanc-nevvel\/#primaryimage","url":"https:\/\/leboxi.eu\/wp-content\/uploads\/2022\/01\/verizica-heart-zlata-2.jpg","contentUrl":"https:\/\/leboxi.eu\/wp-content\/uploads\/2022\/01\/verizica-heart-zlata-2.jpg","width":1000,"height":1000},{"@type":"BreadcrumbList","@id":"https:\/\/leboxi.eu\/hu\/termekek\/heart-nyaklanc-nevvel\/#breadcrumb","itemListElement":[{"@type":"ListItem","position":1,"name":"Doma","item":"https:\/\/leboxi.eu\/hu\/egyedi-szuletesnapi-ajandekok-noknek-ferfiaknak-es-ujszulotteknek\/"},{"@type":"ListItem","position":2,"name":"\u00fczlet","item":"https:\/\/leboxi.eu\/hu\/uzlet\/"},{"@type":"ListItem","position":3,"name":"HEART nyakl\u00e1nc n\u00e9vvel"}]},{"@type":"WebSite","@id":"https:\/\/leboxi.eu\/hu\/#website","url":"https:\/\/leboxi.eu\/hu\/","name":"Le Boxi | Unikatna darila za vsakogar","description":"Unikatna darila in darilne \u0161katle za vse prilo\u017enosti.","publisher":{"@id":"https:\/\/leboxi.eu\/hu\/#organization"},"potentialAction":[{"@type":"SearchAction","target":{"@type":"EntryPoint","urlTemplate":"https:\/\/leboxi.eu\/hu\/?s={search_term_string}"},"query-input":{"@type":"PropertyValueSpecification","valueRequired":true,"valueName":"search_term_string"}}],"inLanguage":"hu"},{"@type":"Organization","@id":"https:\/\/leboxi.eu\/hu\/#organization","name":"LE BOXI","url":"https:\/\/leboxi.eu\/hu\/","logo":{"@type":"ImageObject","inLanguage":"hu","@id":"https:\/\/leboxi.eu\/hu\/#\/schema\/logo\/image\/","url":"https:\/\/leboxi.eu\/wp-content\/uploads\/2021\/02\/LeBoxi-manjsi-png.png","contentUrl":"https:\/\/leboxi.eu\/wp-content\/uploads\/2021\/02\/LeBoxi-manjsi-png.png","width":389,"height":164,"caption":"LE BOXI"},"image":{"@id":"https:\/\/leboxi.eu\/hu\/#\/schema\/logo\/image\/"},"sameAs":["https:\/\/www.facebook.com\/leboxi.eu","https:\/\/www.instagram.com\/le.boxi\/"]}]}},"tiered_pricing_type":"fixed","tiered_pricing_fixed_rules":[],"tiered_pricing_product_settings":{"layout":"default","base_unit_name":{"singular":null,"plural":null},"default_variation":null},"tiered_pricing_minimum_quantity":null,"tiered_pricing_roles_data":[],"tiered_pricing_percentage_rules":[],"_links":{"self":[{"href":"https:\/\/leboxi.eu\/hu\/wp-json\/wp\/v2\/product\/20732","targetHints":{"allow":["GET"]}}],"collection":[{"href":"https:\/\/leboxi.eu\/hu\/wp-json\/wp\/v2\/product"}],"about":[{"href":"https:\/\/leboxi.eu\/hu\/wp-json\/wp\/v2\/types\/product"}],"replies":[{"embeddable":true,"href":"https:\/\/leboxi.eu\/hu\/wp-json\/wp\/v2\/comments?post=20732"}],"version-history":[{"count":0,"href":"https:\/\/leboxi.eu\/hu\/wp-json\/wp\/v2\/product\/20732\/revisions"}],"wp:featuredmedia":[{"embeddable":true,"href":"https:\/\/leboxi.eu\/hu\/wp-json\/wp\/v2\/media\/20733"}],"wp:attachment":[{"href":"https:\/\/leboxi.eu\/hu\/wp-json\/wp\/v2\/media?parent=20732"}],"wp:term":[{"taxonomy":"product_brand","embeddable":true,"href":"https:\/\/leboxi.eu\/hu\/wp-json\/wp\/v2\/product_brand?post=20732"},{"taxonomy":"product_cat","embeddable":true,"href":"https:\/\/leboxi.eu\/hu\/wp-json\/wp\/v2\/product_cat?post=20732"},{"taxonomy":"product_tag","embeddable":true,"href":"https:\/\/leboxi.eu\/hu\/wp-json\/wp\/v2\/product_tag?post=20732"}],"curies":[{"name":"wp","href":"https:\/\/api.w.org\/{rel}","templated":true}]}}