{"id":20599,"date":"2023-06-27T17:32:16","date_gmt":"2024-10-08T07:24:51","guid":{"rendered":"https:\/\/leboxi.eu\/izdelki\/szemelyre-szolo-ejjeli-lampa\/"},"modified":"2025-02-23T16:40:08","modified_gmt":"2025-02-23T15:40:08","slug":"szemelyre-szolo-ejjeli-lampa","status":"publish","type":"product","link":"https:\/\/leboxi.eu\/hu\/termekek\/szemelyre-szolo-ejjeli-lampa\/","title":{"rendered":"Szem\u00e9lyre sz\u00f3l\u00f3 \u00e9jjeli l\u00e1mpa"},"content":{"rendered":"<p><strong>Szem\u00e9lyre sz\u00f3l\u00f3 \u00e9jjeli l\u00e1mpa.<\/p>\n<p><\/strong>Alap: feh\u00e9r \/ fekete \/ fa<\/p>\n<p>Anyag: m\u0171anyag \/ fa<\/p>\n<p>Az \u00e1tl\u00e1tsz\u00f3 akril m\u00e9rete =\u00a014,1 cm x 15 cm<\/p>\n<p>Haszn\u00e1lati utas\u00edt\u00e1s: Haszn\u00e1lat el\u0151tt t\u00e1vol\u00edtsa el az \u00e1tl\u00e1tsz\u00f3 v\u00e9d\u0151f\u00f3li\u00e1t<\/p>\n<p><strong>Az \u00e9jjeli l\u00e1mpa elk\u00e9sz\u00edt\u00e9s\u00e9nek \u00e9s kisz\u00e1ll\u00edt\u00e1s\u00e1nak teljes folyamata 20-30 napot vesz ig\u00e9nybe. Az \u00e9jjeli l\u00e1mpa ezen id\u0151szak el\u0151tt nem ker\u00fcl kisz\u00e1ll\u00edt\u00e1sra. Ha m\u00e1s term\u00e9keket is rendel, azokat k\u00fcl\u00f6n sz\u00e1ll\u00edtm\u00e1nyban sz\u00e1ll\u00edtjuk ki.<br \/>\n\u00a0<\/strong><\/p>\n<p>&nbsp;<\/p>\n<h6>Kieg\u00e9sz\u00edt\u0151 szolg\u00e1latat\u00e1s:<\/h6>\n<p>Utols\u00f3 sim\u00edt\u00e1sk\u00e9nt<a href=\"https:\/\/leboxi.eu\/blog\/posvetilo-darilni-listki\/\">aj\u00e1nd\u00e9kos c\u00edmk\u00e9kkel<\/a> is feldobhatja az aj\u00e1nd\u00e9kcsomagj\u00e1t, melyek elk\u00e9sz\u00edt\u00e9s\u00e9hez a blogunkon tal\u00e1l \u00fatmutat\u00f3t.<\/p>\n<p>Ha szeretn\u00e9, az aj\u00e1nd\u00e9k\u00e1t mi k\u00e9zbes\u00edtj\u00fck a c\u00edmzettnek, de a sz\u00e1ml\u00e1t term\u00e9szetesen nem mell\u00e9kelj\u00fck a sz\u00e1ll\u00edt\u00e1skor. A sz\u00e1ml\u00e1t \u00f6n kapja meg.<\/p>\n<p>Szem\u00e9lyre szabott term\u00e9kek eset\u00e9ben a vev\u0151nek <strong>nem \u00e1ll jog\u00e1nak<\/strong> el\u00e1llni az ad\u00e1sv\u00e9teli szerz\u0151d\u00e9st\u0151l. A gyakorlatban ez azt jelenti, hogy a fogyaszt\u00f3 a megrendel\u0151 k\u00edv\u00e1ns\u00e1ga szerint k\u00e9sz\u00fclt valamennyi term\u00e9k eset\u00e9ben nem k\u00fcldheti vissza a term\u00e9ket, \u00e9s k\u00f6teles a megk\u00f6t\u00f6tt szerz\u0151d\u00e9s szerint fizetni. A szolg\u00e1ltat\u00f3 nem v\u00e1llal felel\u0151ss\u00e9get a v\u00e1s\u00e1rl\u00e1skor helytelen\u00fcl kiv\u00e1lasztott szem\u00e9lyre szab\u00e1si opci\u00f3k\u00e9rt (pl. helytelen\u00fcl kiv\u00e1lasztott szem\u00e9lyre szabott term\u00e9kt\u00edpus, szem\u00e9lyre szab\u00e1si minta helytelen kiv\u00e1laszt\u00e1sa, helyes\u00edr\u00e1si hib\u00e1k, d\u00e1tumhib\u00e1k stb.).<\/p>\n","protected":false},"excerpt":{"rendered":"<p>A szem\u00e9lyre sz\u00f3l\u00f3 \u00e9jszakai l\u00e1mpa nagyszer\u0171 aj\u00e1nd\u00e9k minden gyermek vagy \u00fajsz\u00fcl\u00f6tt sz\u00e1m\u00e1ra. Gyeng\u00e9d f\u00e9ny\u00e9vel seg\u00edt megnyugtatni \u00e9s \u00e1lomba ringatni a gyermeket. Gyeng\u00e9d f\u00e9ny\u00e9nek k\u00f6sz\u00f6nhet\u0151en a l\u00e1mpa \u00e9jjeli etet\u00e9sre vagy ruhacser\u00e9re is haszn\u00e1lhat\u00f3. Minden gyermeknek saj\u00e1t, szem\u00e9lyre sz\u00f3l\u00f3 felirata lehet a l\u00e1mpa \u00e1tl\u00e1tsz\u00f3 r\u00e9sz\u00e9n.<\/p>\n<p>Tov\u00e1bbi inform\u00e1ci\u00f3k:<\/p>\n<ul>\n<li>Az \u00e9jjeli l\u00e1mpa alapj\u00e1nak v\u00e1laszthat\u00f3 a sz\u00edne\/anyaga\n<\/li>\n<li>Az \u00e9jjeli f\u00e9ny akril r\u00e9sz\u00e9nek j\u00f3 a f\u00e9ny\u00e1tereszt\u00e9se\n<\/li>\n<li>USB t\u00e1pell\u00e1t\u00e1s, biztons\u00e1gos \u00e9s praktikus\n<\/li>\n<li>A feh\u00e9r \u00e9s fekete alapoknak 7 k\u00fcl\u00f6nb\u00f6z\u0151 vil\u00e1g\u00edt\u00e1si sz\u00edne van\n<\/li>\n<li>A fa alap egy megvil\u00e1g\u00edt\u00e1si sz\u00ednnel rendelkezik (meleg f\u00e9ny)\n<\/li>\n<li><strong>Sz\u00e1ll\u00edt\u00e1si id\u0151: 20-30 nap (gy\u00e1rt\u00e1si id\u0151 + sz\u00e1ll\u00edt\u00e1s)<br \/>\n<\/strong><\/li>\n<\/ul>\n<p>Ha szeretn\u00e9, az aj\u00e1nd\u00e9k\u00e1t mi k\u00e9zbes\u00edtj\u00fck a c\u00edmzettnek, de a sz\u00e1ml\u00e1t term\u00e9szetesen nem mell\u00e9kelj\u00fck a sz\u00e1ll\u00edt\u00e1skor. A sz\u00e1ml\u00e1t \u00f6n kapja meg.<\/p>\n","protected":false},"featured_media":20600,"comment_status":"open","ping_status":"closed","template":"","meta":{"site-sidebar-layout":"default","site-content-layout":"default","ast-site-content-layout":"default","site-content-style":"default","site-sidebar-style":"default","ast-global-header-display":"","ast-banner-title-visibility":"","ast-main-header-display":"","ast-hfb-above-header-display":"","ast-hfb-below-header-display":"","ast-hfb-mobile-header-display":"","site-post-title":"","ast-breadcrumbs-content":"","ast-featured-img":"","footer-sml-layout":"","ast-disable-related-posts":"","theme-transparent-header-meta":"default","adv-header-id-meta":"","stick-header-meta":"","header-above-stick-meta":"","header-main-stick-meta":"","header-below-stick-meta":"","astra-migrate-meta-layouts":"default","ast-page-background-enabled":"default","ast-page-background-meta":{"desktop":{"background-color":"","background-image":"","background-repeat":"repeat","background-position":"center center","background-size":"auto","background-attachment":"scroll","background-type":"","background-media":"","overlay-type":"","overlay-color":"","overlay-opacity":"","overlay-gradient":""},"tablet":{"background-color":"","background-image":"","background-repeat":"repeat","background-position":"center center","background-size":"auto","background-attachment":"scroll","background-type":"","background-media":"","overlay-type":"","overlay-color":"","overlay-opacity":"","overlay-gradient":""},"mobile":{"background-color":"","background-image":"","background-repeat":"repeat","background-position":"center center","background-size":"auto","background-attachment":"scroll","background-type":"","background-media":"","overlay-type":"","overlay-color":"","overlay-opacity":"","overlay-gradient":""}},"ast-content-background-meta":{"desktop":{"background-color":"var(--ast-global-color-5)","background-image":"","background-repeat":"repeat","background-position":"center center","background-size":"auto","background-attachment":"scroll","background-type":"","background-media":"","overlay-type":"","overlay-color":"","overlay-opacity":"","overlay-gradient":""},"tablet":{"background-color":"var(--ast-global-color-5)","background-image":"","background-repeat":"repeat","background-position":"center center","background-size":"auto","background-attachment":"scroll","background-type":"","background-media":"","overlay-type":"","overlay-color":"","overlay-opacity":"","overlay-gradient":""},"mobile":{"background-color":"var(--ast-global-color-5)","background-image":"","background-repeat":"repeat","background-position":"center center","background-size":"auto","background-attachment":"scroll","background-type":"","background-media":"","overlay-type":"","overlay-color":"","overlay-opacity":"","overlay-gradient":""}}},"product_brand":[],"product_cat":[377,376],"product_tag":[],"class_list":{"0":"post-20599","1":"product","2":"type-product","3":"status-publish","4":"has-post-thumbnail","6":"product_cat-ajandekok-ujszulotteknek","7":"product_cat-ujszulottek","8":"desktop-align-left","9":"tablet-align-left","10":"mobile-align-left","12":"first","13":"instock","14":"taxable","15":"shipping-taxable","16":"product-type-variable","17":"has-default-attributes"},"yoast_head":"<!-- This site is optimized with the Yoast SEO plugin v27.5 - https:\/\/yoast.com\/product\/yoast-seo-wordpress\/ -->\n<title>Szem\u00e9lyre sz\u00f3l\u00f3 \u00e9jjeli l\u00e1mpa | \u00c9jjeli l\u00e1mpa | Le Boxi<\/title>\n<meta name=\"description\" content=\"A szem\u00e9lyre sz\u00f3l\u00f3 \u00e9jszakai l\u00e1mpa nagyszer\u0171 aj\u00e1nd\u00e9k minden gyermek vagy \u00fajsz\u00fcl\u00f6tt sz\u00e1m\u00e1ra. Gyeng\u00e9d f\u00e9ny\u00e9vel seg\u00edt megnyugtatni \u00e9s \u00e1lomba ringatni a gyermeket.\" \/>\n<meta name=\"robots\" content=\"index, follow, max-snippet:-1, max-image-preview:large, max-video-preview:-1\" \/>\n<link rel=\"canonical\" href=\"https:\/\/leboxi.eu\/hu\/termekek\/szemelyre-szolo-ejjeli-lampa\/\" \/>\n<meta property=\"og:locale\" content=\"hu_HU\" \/>\n<meta property=\"og:type\" content=\"article\" \/>\n<meta property=\"og:title\" content=\"Szem\u00e9lyre sz\u00f3l\u00f3 \u00e9jjeli l\u00e1mpa | \u00c9jjeli l\u00e1mpa | Le Boxi\" \/>\n<meta property=\"og:description\" content=\"A szem\u00e9lyre sz\u00f3l\u00f3 \u00e9jszakai l\u00e1mpa nagyszer\u0171 aj\u00e1nd\u00e9k minden gyermek vagy \u00fajsz\u00fcl\u00f6tt sz\u00e1m\u00e1ra. Gyeng\u00e9d f\u00e9ny\u00e9vel seg\u00edt megnyugtatni \u00e9s \u00e1lomba ringatni a gyermeket.\" \/>\n<meta property=\"og:url\" content=\"https:\/\/leboxi.eu\/hu\/termekek\/szemelyre-szolo-ejjeli-lampa\/\" \/>\n<meta property=\"og:site_name\" content=\"Le Boxi | Unikatna darila za vsakogar\" \/>\n<meta property=\"article:publisher\" content=\"https:\/\/www.facebook.com\/leboxi.eu\" \/>\n<meta property=\"article:modified_time\" content=\"2025-02-23T15:40:08+00:00\" \/>\n<meta property=\"og:image\" content=\"https:\/\/leboxi.eu\/wp-content\/uploads\/2023\/06\/IMG_0314-2.jpg\" \/>\n\t<meta property=\"og:image:width\" content=\"1000\" \/>\n\t<meta property=\"og:image:height\" content=\"1000\" \/>\n\t<meta property=\"og:image:type\" content=\"image\/jpeg\" \/>\n<meta name=\"twitter:card\" content=\"summary_large_image\" \/>\n<meta name=\"twitter:label1\" content=\"Becs\u00fclt olvas\u00e1si id\u0151\" \/>\n\t<meta name=\"twitter:data1\" content=\"1 perc\" \/>\n<script type=\"application\/ld+json\" class=\"yoast-schema-graph\">{\"@context\":\"https:\\\/\\\/schema.org\",\"@graph\":[{\"@type\":\"WebPage\",\"@id\":\"https:\\\/\\\/leboxi.eu\\\/hu\\\/termekek\\\/szemelyre-szolo-ejjeli-lampa\\\/\",\"url\":\"https:\\\/\\\/leboxi.eu\\\/hu\\\/termekek\\\/szemelyre-szolo-ejjeli-lampa\\\/\",\"name\":\"Szem\u00e9lyre sz\u00f3l\u00f3 \u00e9jjeli l\u00e1mpa | \u00c9jjeli l\u00e1mpa | Le Boxi\",\"isPartOf\":{\"@id\":\"https:\\\/\\\/leboxi.eu\\\/hu\\\/#website\"},\"primaryImageOfPage\":{\"@id\":\"https:\\\/\\\/leboxi.eu\\\/hu\\\/termekek\\\/szemelyre-szolo-ejjeli-lampa\\\/#primaryimage\"},\"image\":{\"@id\":\"https:\\\/\\\/leboxi.eu\\\/hu\\\/termekek\\\/szemelyre-szolo-ejjeli-lampa\\\/#primaryimage\"},\"thumbnailUrl\":\"https:\\\/\\\/leboxi.eu\\\/wp-content\\\/uploads\\\/2023\\\/06\\\/IMG_0314-2.jpg\",\"datePublished\":\"2024-10-08T07:24:51+00:00\",\"dateModified\":\"2025-02-23T15:40:08+00:00\",\"description\":\"A szem\u00e9lyre sz\u00f3l\u00f3 \u00e9jszakai l\u00e1mpa nagyszer\u0171 aj\u00e1nd\u00e9k minden gyermek vagy \u00fajsz\u00fcl\u00f6tt sz\u00e1m\u00e1ra. Gyeng\u00e9d f\u00e9ny\u00e9vel seg\u00edt megnyugtatni \u00e9s \u00e1lomba ringatni a gyermeket.\",\"breadcrumb\":{\"@id\":\"https:\\\/\\\/leboxi.eu\\\/hu\\\/termekek\\\/szemelyre-szolo-ejjeli-lampa\\\/#breadcrumb\"},\"inLanguage\":\"hu\",\"potentialAction\":[{\"@type\":\"ReadAction\",\"target\":[\"https:\\\/\\\/leboxi.eu\\\/hu\\\/termekek\\\/szemelyre-szolo-ejjeli-lampa\\\/\"]}]},{\"@type\":\"ImageObject\",\"inLanguage\":\"hu\",\"@id\":\"https:\\\/\\\/leboxi.eu\\\/hu\\\/termekek\\\/szemelyre-szolo-ejjeli-lampa\\\/#primaryimage\",\"url\":\"https:\\\/\\\/leboxi.eu\\\/wp-content\\\/uploads\\\/2023\\\/06\\\/IMG_0314-2.jpg\",\"contentUrl\":\"https:\\\/\\\/leboxi.eu\\\/wp-content\\\/uploads\\\/2023\\\/06\\\/IMG_0314-2.jpg\",\"width\":1000,\"height\":1000},{\"@type\":\"BreadcrumbList\",\"@id\":\"https:\\\/\\\/leboxi.eu\\\/hu\\\/termekek\\\/szemelyre-szolo-ejjeli-lampa\\\/#breadcrumb\",\"itemListElement\":[{\"@type\":\"ListItem\",\"position\":1,\"name\":\"Doma\",\"item\":\"https:\\\/\\\/leboxi.eu\\\/hu\\\/egyedi-szuletesnapi-ajandekok-noknek-ferfiaknak-es-ujszulotteknek\\\/\"},{\"@type\":\"ListItem\",\"position\":2,\"name\":\"\u00fczlet\",\"item\":\"https:\\\/\\\/leboxi.eu\\\/hu\\\/uzlet\\\/\"},{\"@type\":\"ListItem\",\"position\":3,\"name\":\"Szem\u00e9lyre sz\u00f3l\u00f3 \u00e9jjeli l\u00e1mpa\"}]},{\"@type\":\"WebSite\",\"@id\":\"https:\\\/\\\/leboxi.eu\\\/hu\\\/#website\",\"url\":\"https:\\\/\\\/leboxi.eu\\\/hu\\\/\",\"name\":\"Le Boxi | Unikatna darila za vsakogar\",\"description\":\"Unikatna darila in darilne \u0161katle za vse prilo\u017enosti.\",\"publisher\":{\"@id\":\"https:\\\/\\\/leboxi.eu\\\/hu\\\/#organization\"},\"potentialAction\":[{\"@type\":\"SearchAction\",\"target\":{\"@type\":\"EntryPoint\",\"urlTemplate\":\"https:\\\/\\\/leboxi.eu\\\/hu\\\/?s={search_term_string}\"},\"query-input\":{\"@type\":\"PropertyValueSpecification\",\"valueRequired\":true,\"valueName\":\"search_term_string\"}}],\"inLanguage\":\"hu\"},{\"@type\":\"Organization\",\"@id\":\"https:\\\/\\\/leboxi.eu\\\/hu\\\/#organization\",\"name\":\"LE BOXI\",\"url\":\"https:\\\/\\\/leboxi.eu\\\/hu\\\/\",\"logo\":{\"@type\":\"ImageObject\",\"inLanguage\":\"hu\",\"@id\":\"https:\\\/\\\/leboxi.eu\\\/hu\\\/#\\\/schema\\\/logo\\\/image\\\/\",\"url\":\"https:\\\/\\\/leboxi.eu\\\/wp-content\\\/uploads\\\/2021\\\/02\\\/LeBoxi-manjsi-png.png\",\"contentUrl\":\"https:\\\/\\\/leboxi.eu\\\/wp-content\\\/uploads\\\/2021\\\/02\\\/LeBoxi-manjsi-png.png\",\"width\":389,\"height\":164,\"caption\":\"LE BOXI\"},\"image\":{\"@id\":\"https:\\\/\\\/leboxi.eu\\\/hu\\\/#\\\/schema\\\/logo\\\/image\\\/\"},\"sameAs\":[\"https:\\\/\\\/www.facebook.com\\\/leboxi.eu\",\"https:\\\/\\\/www.instagram.com\\\/le.boxi\\\/\"]}]}<\/script>\n<!-- \/ Yoast SEO plugin. -->","yoast_head_json":{"title":"Szem\u00e9lyre sz\u00f3l\u00f3 \u00e9jjeli l\u00e1mpa | \u00c9jjeli l\u00e1mpa | Le Boxi","description":"A szem\u00e9lyre sz\u00f3l\u00f3 \u00e9jszakai l\u00e1mpa nagyszer\u0171 aj\u00e1nd\u00e9k minden gyermek vagy \u00fajsz\u00fcl\u00f6tt sz\u00e1m\u00e1ra. Gyeng\u00e9d f\u00e9ny\u00e9vel seg\u00edt megnyugtatni \u00e9s \u00e1lomba ringatni a gyermeket.","robots":{"index":"index","follow":"follow","max-snippet":"max-snippet:-1","max-image-preview":"max-image-preview:large","max-video-preview":"max-video-preview:-1"},"canonical":"https:\/\/leboxi.eu\/hu\/termekek\/szemelyre-szolo-ejjeli-lampa\/","og_locale":"hu_HU","og_type":"article","og_title":"Szem\u00e9lyre sz\u00f3l\u00f3 \u00e9jjeli l\u00e1mpa | \u00c9jjeli l\u00e1mpa | Le Boxi","og_description":"A szem\u00e9lyre sz\u00f3l\u00f3 \u00e9jszakai l\u00e1mpa nagyszer\u0171 aj\u00e1nd\u00e9k minden gyermek vagy \u00fajsz\u00fcl\u00f6tt sz\u00e1m\u00e1ra. Gyeng\u00e9d f\u00e9ny\u00e9vel seg\u00edt megnyugtatni \u00e9s \u00e1lomba ringatni a gyermeket.","og_url":"https:\/\/leboxi.eu\/hu\/termekek\/szemelyre-szolo-ejjeli-lampa\/","og_site_name":"Le Boxi | Unikatna darila za vsakogar","article_publisher":"https:\/\/www.facebook.com\/leboxi.eu","article_modified_time":"2025-02-23T15:40:08+00:00","og_image":[{"width":1000,"height":1000,"url":"https:\/\/leboxi.eu\/wp-content\/uploads\/2023\/06\/IMG_0314-2.jpg","type":"image\/jpeg"}],"twitter_card":"summary_large_image","twitter_misc":{"Becs\u00fclt olvas\u00e1si id\u0151":"1 perc"},"schema":{"@context":"https:\/\/schema.org","@graph":[{"@type":"WebPage","@id":"https:\/\/leboxi.eu\/hu\/termekek\/szemelyre-szolo-ejjeli-lampa\/","url":"https:\/\/leboxi.eu\/hu\/termekek\/szemelyre-szolo-ejjeli-lampa\/","name":"Szem\u00e9lyre sz\u00f3l\u00f3 \u00e9jjeli l\u00e1mpa | \u00c9jjeli l\u00e1mpa | Le Boxi","isPartOf":{"@id":"https:\/\/leboxi.eu\/hu\/#website"},"primaryImageOfPage":{"@id":"https:\/\/leboxi.eu\/hu\/termekek\/szemelyre-szolo-ejjeli-lampa\/#primaryimage"},"image":{"@id":"https:\/\/leboxi.eu\/hu\/termekek\/szemelyre-szolo-ejjeli-lampa\/#primaryimage"},"thumbnailUrl":"https:\/\/leboxi.eu\/wp-content\/uploads\/2023\/06\/IMG_0314-2.jpg","datePublished":"2024-10-08T07:24:51+00:00","dateModified":"2025-02-23T15:40:08+00:00","description":"A szem\u00e9lyre sz\u00f3l\u00f3 \u00e9jszakai l\u00e1mpa nagyszer\u0171 aj\u00e1nd\u00e9k minden gyermek vagy \u00fajsz\u00fcl\u00f6tt sz\u00e1m\u00e1ra. Gyeng\u00e9d f\u00e9ny\u00e9vel seg\u00edt megnyugtatni \u00e9s \u00e1lomba ringatni a gyermeket.","breadcrumb":{"@id":"https:\/\/leboxi.eu\/hu\/termekek\/szemelyre-szolo-ejjeli-lampa\/#breadcrumb"},"inLanguage":"hu","potentialAction":[{"@type":"ReadAction","target":["https:\/\/leboxi.eu\/hu\/termekek\/szemelyre-szolo-ejjeli-lampa\/"]}]},{"@type":"ImageObject","inLanguage":"hu","@id":"https:\/\/leboxi.eu\/hu\/termekek\/szemelyre-szolo-ejjeli-lampa\/#primaryimage","url":"https:\/\/leboxi.eu\/wp-content\/uploads\/2023\/06\/IMG_0314-2.jpg","contentUrl":"https:\/\/leboxi.eu\/wp-content\/uploads\/2023\/06\/IMG_0314-2.jpg","width":1000,"height":1000},{"@type":"BreadcrumbList","@id":"https:\/\/leboxi.eu\/hu\/termekek\/szemelyre-szolo-ejjeli-lampa\/#breadcrumb","itemListElement":[{"@type":"ListItem","position":1,"name":"Doma","item":"https:\/\/leboxi.eu\/hu\/egyedi-szuletesnapi-ajandekok-noknek-ferfiaknak-es-ujszulotteknek\/"},{"@type":"ListItem","position":2,"name":"\u00fczlet","item":"https:\/\/leboxi.eu\/hu\/uzlet\/"},{"@type":"ListItem","position":3,"name":"Szem\u00e9lyre sz\u00f3l\u00f3 \u00e9jjeli l\u00e1mpa"}]},{"@type":"WebSite","@id":"https:\/\/leboxi.eu\/hu\/#website","url":"https:\/\/leboxi.eu\/hu\/","name":"Le Boxi | Unikatna darila za vsakogar","description":"Unikatna darila in darilne \u0161katle za vse prilo\u017enosti.","publisher":{"@id":"https:\/\/leboxi.eu\/hu\/#organization"},"potentialAction":[{"@type":"SearchAction","target":{"@type":"EntryPoint","urlTemplate":"https:\/\/leboxi.eu\/hu\/?s={search_term_string}"},"query-input":{"@type":"PropertyValueSpecification","valueRequired":true,"valueName":"search_term_string"}}],"inLanguage":"hu"},{"@type":"Organization","@id":"https:\/\/leboxi.eu\/hu\/#organization","name":"LE BOXI","url":"https:\/\/leboxi.eu\/hu\/","logo":{"@type":"ImageObject","inLanguage":"hu","@id":"https:\/\/leboxi.eu\/hu\/#\/schema\/logo\/image\/","url":"https:\/\/leboxi.eu\/wp-content\/uploads\/2021\/02\/LeBoxi-manjsi-png.png","contentUrl":"https:\/\/leboxi.eu\/wp-content\/uploads\/2021\/02\/LeBoxi-manjsi-png.png","width":389,"height":164,"caption":"LE BOXI"},"image":{"@id":"https:\/\/leboxi.eu\/hu\/#\/schema\/logo\/image\/"},"sameAs":["https:\/\/www.facebook.com\/leboxi.eu","https:\/\/www.instagram.com\/le.boxi\/"]}]}},"tiered_pricing_type":"fixed","tiered_pricing_fixed_rules":[],"tiered_pricing_product_settings":{"layout":"default","base_unit_name":{"singular":null,"plural":null},"default_variation":null},"tiered_pricing_minimum_quantity":null,"tiered_pricing_roles_data":[],"tiered_pricing_percentage_rules":[],"_links":{"self":[{"href":"https:\/\/leboxi.eu\/hu\/wp-json\/wp\/v2\/product\/20599","targetHints":{"allow":["GET"]}}],"collection":[{"href":"https:\/\/leboxi.eu\/hu\/wp-json\/wp\/v2\/product"}],"about":[{"href":"https:\/\/leboxi.eu\/hu\/wp-json\/wp\/v2\/types\/product"}],"replies":[{"embeddable":true,"href":"https:\/\/leboxi.eu\/hu\/wp-json\/wp\/v2\/comments?post=20599"}],"version-history":[{"count":0,"href":"https:\/\/leboxi.eu\/hu\/wp-json\/wp\/v2\/product\/20599\/revisions"}],"wp:featuredmedia":[{"embeddable":true,"href":"https:\/\/leboxi.eu\/hu\/wp-json\/wp\/v2\/media\/20600"}],"wp:attachment":[{"href":"https:\/\/leboxi.eu\/hu\/wp-json\/wp\/v2\/media?parent=20599"}],"wp:term":[{"taxonomy":"product_brand","embeddable":true,"href":"https:\/\/leboxi.eu\/hu\/wp-json\/wp\/v2\/product_brand?post=20599"},{"taxonomy":"product_cat","embeddable":true,"href":"https:\/\/leboxi.eu\/hu\/wp-json\/wp\/v2\/product_cat?post=20599"},{"taxonomy":"product_tag","embeddable":true,"href":"https:\/\/leboxi.eu\/hu\/wp-json\/wp\/v2\/product_tag?post=20599"}],"curies":[{"name":"wp","href":"https:\/\/api.w.org\/{rel}","templated":true}]}}