{"id":20580,"date":"2023-11-29T20:15:02","date_gmt":"2023-11-29T19:15:02","guid":{"rendered":"https:\/\/leboxi.eu\/izdelki\/aromaterapias-illoolaj-ajandekcsomag\/"},"modified":"2026-01-05T13:46:41","modified_gmt":"2026-01-05T12:46:41","slug":"aromaterapias-illoolaj-ajandekcsomag","status":"publish","type":"product","link":"https:\/\/leboxi.eu\/hu\/termekek\/aromaterapias-illoolaj-ajandekcsomag\/","title":{"rendered":"Aromater\u00e1pi\u00e1s ill\u00f3olaj aj\u00e1nd\u00e9kcsomag"},"content":{"rendered":"<p>Haszn\u00e1lja ki az ill\u00f3olajok erej\u00e9t, hogy minden nap jav\u00edts\u00e1k k\u00f6z\u00e9rzet\u00e9t, \u00e9s bar\u00e1ts\u00e1gos k\u00f6rnyezetet teremtsenek otthon\u00e1ban. Az ill\u00f3olajok a k\u00fcl\u00f6nb\u00f6z\u0151 gy\u00f3gy\u00edt\u00f3 tulajdons\u00e1gokkal \u00e9s b\u00f3d\u00edt\u00f3 illatokkal rendelkez\u0151 n\u00f6v\u00e9nyek koncentr\u00e1lt esszenci\u00e1ja. \u00cdme n\u00e9h\u00e1ny m\u00f3dszer az ill\u00f3olajok haszn\u00e1lat\u00e1ra a mindennapokban:<\/p>\n<ol>\n<li><strong>Aromater\u00e1pia<\/strong>: Tegye az ill\u00f3olajokat aromater\u00e1pi\u00e1s diff\u00fazorba, \u00e9s k\u00e9nyeztesse mag\u00e1t relax\u00e1l\u00f3 pillanatokkal minden nap. Az illatos molekul\u00e1k sz\u00e9tsz\u00f3r\u00e1sa relax\u00e1l\u00f3 k\u00f6rnyezetet teremt, amely folyamatosan k\u00e9nyezteti az \u00e9rz\u00e9keket.\n<\/li>\n<li><strong>Ill\u00f3olajos massz\u00e1zs:<\/strong> K\u00e9nyeztesse mag\u00e1t egy egyed\u00fcl\u00e1ll\u00f3, ill\u00f3olajokkal gazdag\u00edtott massz\u00e1zs\u00e9lm\u00e9nnyel. Testi \u00e9s lelki szinten egyar\u00e1nt fokozza a relax\u00e1ci\u00f3s hat\u00e1st.\n<\/li>\n<li><strong>Luxus f\u00fcrd\u0151 ill\u00f3olajokkal:<\/strong> Legyen minden f\u00fcrd\u0151 luxus \u00e9lm\u00e9ny n\u00e9h\u00e1ny csepp ill\u00f3olaj hozz\u00e1ad\u00e1s\u00e1val. Nyugtat\u00f3 hat\u00e1ssal van a b\u0151r\u00e9re \u00e9s az elm\u00e9j\u00e9re.\n<\/li>\n<li><strong>B\u0151r\u00e1pol\u00e1s ill\u00f3olajokkal:<\/strong> K\u00e9nyeztesse b\u0151r\u00e9t h\u00edg\u00edtott ill\u00f3olajok alkalmaz\u00e1s\u00e1val minden nap. Ez a b\u0151r\u00e1pol\u00e1si ritu\u00e1l\u00e9 a napi rutin n\u00e9lk\u00fcl\u00f6zhetetlen r\u00e9sz\u00e9v\u00e9 fog v\u00e1lni.\n<\/li>\n<li><strong>Term\u00e9szetes tiszt\u00edt\u00f3szerek k\u00e9sz\u00edt\u00e9se ill\u00f3olajokkal:<\/strong> Alak\u00edtsa \u00e1t otthon\u00e1t kellemes illatokkal \u00fagy, hogy ill\u00f3olajokat ad hozz\u00e1 az otthoni tiszt\u00edt\u00f3szerekhez. A tisztas\u00e1g mellett otthona relax\u00e1l\u00f3 illatokkal is friss\u00fcl.\n<\/li>\n<\/ol>\n<p>Mi\u00e9rt n\u00e9lk\u00fcl\u00f6zhetetlenek az ill\u00f3olajok a mindennapi \u00e9letben?<\/p>\n<ul>\n<li><strong>Az eg\u00e9szs\u00e9g term\u00e9szetes t\u00e1mogat\u00e1sa:<\/strong> Az ill\u00f3olajok term\u00e9szetes t\u00e1mogat\u00e1st ny\u00fajtanak az eg\u00e9szs\u00e9g k\u00fcl\u00f6nb\u00f6z\u0151 szempontjaihoz, p\u00e9ld\u00e1ul a l\u00e9gz\u00e9sfunkci\u00f3hoz, a fejf\u00e1j\u00e1s enyh\u00edt\u00e9s\u00e9hez \u00e9s a jobb em\u00e9szt\u00e9shez.\n<\/li>\n<li><strong>Nyugtat\u00f3 hat\u00e1s:<\/strong> Sz\u00e1mos ill\u00f3olajnak van nyugtat\u00f3 hat\u00e1sa, ami cs\u00f6kkenti a stresszt, enyh\u00edti a szorong\u00e1st \u00e9s jav\u00edtja az alv\u00e1s min\u0151s\u00e9g\u00e9t.\n<\/li>\n<li><strong>Var\u00e1zslatos illatok:<\/strong> Az ill\u00f3olajok haszn\u00e1lata otthon\u00e1ban nemcsak illatos\u00edtja a leveg\u0151t, hanem kellemes \u00e9s friss k\u00f6rnyezetet is teremt.\n<\/li>\n<\/ul>\n<p>Az ill\u00f3olajok seg\u00edts\u00e9g\u00e9vel minden pillanat k\u00fcl\u00f6nlegess\u00e9 v\u00e1lik, mivel elmer\u00edtik \u00f6nt a var\u00e1zslatos erej\u00fckben, amely eg\u00e9sz nap k\u00e9nyeztetni fogja.<\/p>\n<p>&nbsp;<\/p>\n<p>A k\u00e9szlet tartalma:<\/p>\n<ul>\n<li>5 ml citrom ill\u00f3olaj (sz\u00e1rmaz\u00e1s: Olaszorsz\u00e1g)\n<\/li>\n<li>5 ml mandarin ill\u00f3olaj (sz\u00e1rmaz\u00e1s: Argent\u00edna)\n<\/li>\n<li>5 ml k\u00e1mforfa ill\u00f3olaj &#8211; Ho Wood (sz\u00e1rmaz\u00e1s: K\u00edna)\n<\/li>\n<li>5 ml Ylang III ill\u00f3olaj (sz\u00e1rmaz\u00e1s: Comore-szigetek)\n<\/li>\n<li>5 ml fajdbogy\u00f3 ill\u00f3olaj &#8211; Wintergreen (sz\u00e1rmaz\u00e1s: K\u00edna)\n<\/li>\n<li>5 ml faggy\u00fafa (May Chung) ill\u00f3olaj (sz\u00e1rmaz\u00e1s: K\u00edna)\n<\/li>\n<li>5 ml eukaliptusz ill\u00f3olaj (sz\u00e1rmaz\u00e1s: K\u00edna)\n<\/li>\n<li>5 ml menta ill\u00f3olaj (sz\u00e1rmaz\u00e1s: India)\n<\/li>\n<li>5 ml teafa ill\u00f3olaj (sz\u00e1rmaz\u00e1s: Ausztr\u00e1lia)\n<\/li>\n<li>5 ml levendula ill\u00f3olaj (sz\u00e1rmaz\u00e1s: Franciaorsz\u00e1g)\n<\/li>\n<li>5 ml csillag\u00e1nizs ill\u00f3olaj &#8211; Star Anise (sz\u00e1rmaz\u00e1s: Olaszorsz\u00e1g)\n<\/li>\n<li>5 ml k\u00e1mfor ill\u00f3olaj &#8211; Camphor (sz\u00e1rmaz\u00e1s: Argent\u00edna)\n<\/li>\n<li>2x cseppent\u0151\n<\/li>\n<\/ul>\n<h6>Kieg\u00e9sz\u00edt\u0151 szolg\u00e1ltat\u00e1s:<br \/>\n<\/h6>\n<p>Az aj\u00e1nd\u00e9kcsomaghoz\u00a0<strong>szem\u00e9lyre sz\u00f3l\u00f3 \u00fcdv\u00f6zl\u0151k\u00e1rty\u00e1t<\/strong>\u00a0is csatolhat.<\/p>\n<p>Ha szeretn\u00e9, az aj\u00e1nd\u00e9k\u00e1t mi k\u00e9zbes\u00edtj\u00fck a c\u00edmzettnek, de a sz\u00e1ml\u00e1t term\u00e9szetesen nem mell\u00e9kelj\u00fck a sz\u00e1ll\u00edt\u00e1skor. A sz\u00e1ml\u00e1t \u00f6n kapja meg.<\/p>\n<p>Utols\u00f3 sim\u00edt\u00e1sk\u00e9nt<a href=\"https:\/\/leboxi.eu\/blog\/posvetilo-darilni-listki\/\">aj\u00e1nd\u00e9kos c\u00edmk\u00e9kkel<\/a> is feldobhatja az aj\u00e1nd\u00e9kcsomagj\u00e1t, melyek elk\u00e9sz\u00edt\u00e9s\u00e9hez a blogunkon tal\u00e1l \u00fatmutat\u00f3t. Az aj\u00e1nd\u00e9kdoboz n\u0151i partnernek is aj\u00e1nd\u00e9kozhat\u00f3 kar\u00e1csonyra vagy m\u00e1s alkalomra.<\/p>\n","protected":false},"excerpt":{"rendered":"<p>Kapcsol\u00f3dj ki \u00e9s laz\u00edts aromater\u00e1pi\u00e1s ill\u00f3olaj k\u00e9szlet\u00fcnkkel. Az ill\u00f3olajok kiv\u00e9teles aj\u00e1nd\u00e9kot jelentenek otthona \u00e9s elm\u00e9je sz\u00e1m\u00e1ra. Ez a gy\u00f6ny\u00f6r\u0171 k\u00e9szlet 12 egyedi, 5 ml-es ill\u00f3olajat \u00e9s 2 praktikus csepegtet\u0151t tartalmaz.<\/p>\n<p>A term\u00e9k <strong>100% tisztas\u00e1g\u00fa<\/strong>, <strong>k\u00e9zzel k\u00e9sz\u00edtett<\/strong>, <strong>veg\u00e1nok sz\u00e1m\u00e1ra alkalmas<\/strong> \u00e9s <strong>\u00e1llatk\u00eds\u00e9rlet-mentesen<\/strong> k\u00e9sz\u00fclt. Ezzel a <strong>kiv\u00e9teles ill\u00f3olaj <\/strong>k\u00e9szlettel var\u00e1zslatos hangulatot teremthet otthona k\u00e9nyelm\u00e9ben. V\u00e1s\u00e1roljon most, \u00e9s fedezze fel a term\u00e9szetes illatok erej\u00e9t, amelyek felpezsd\u00edtik a hangulatot \u00e9s lehet\u0151v\u00e9 teszik a teljes kikapcsol\u00f3d\u00e1st.<\/p>\n<p>Haszn\u00e1lja ki az ill\u00f3olajok erej\u00e9t, hogy minden nap jav\u00edts\u00e1k k\u00f6z\u00e9rzet\u00e9t, \u00e9s bar\u00e1ts\u00e1gos k\u00f6rnyezetet teremtsenek otthon\u00e1ban. Az ill\u00f3olajok a k\u00fcl\u00f6nb\u00f6z\u0151 gy\u00f3gy\u00edt\u00f3 tulajdons\u00e1gokkal \u00e9s b\u00f3d\u00edt\u00f3 illatokkal rendelkez\u0151 n\u00f6v\u00e9nyek koncentr\u00e1lt esszenci\u00e1ja. Az ill\u00f3olajok term\u00e9szetes t\u00e1mogat\u00e1st ny\u00fajtanak a szorong\u00e1s k\u00fcl\u00f6nb\u00f6z\u0151 t\u00fcnetei ellen, \u00e9s jav\u00edtj\u00e1k az alv\u00e1s min\u0151s\u00e9g\u00e9t.\u00a0Az ill\u00f3olajok haszn\u00e1lata otthon\u00e1ban nemcsak illat\u00f3s\u00edtja a leveg\u0151t, hanem kellemes \u00e9s friss k\u00f6rnyezetet teremt.<\/p>\n<p>&nbsp;<\/p>\n<p>Ha szeretn\u00e9, az aj\u00e1nd\u00e9kot mi k\u00e9zbes\u00edtj\u00fck a c\u00edmzettnek, de term\u00e9szetesen nem mell\u00e9kelj\u00fck a sz\u00e1ml\u00e1t a k\u00e9zbes\u00edt\u00e9skor. A sz\u00e1ml\u00e1t \u00f6n kapja meg.<\/p>\n<p>Lent elolvashatja, mi mindenre haszn\u00e1lhat\u00f3k az ill\u00f3olajok.<\/p>\n","protected":false},"featured_media":20581,"comment_status":"open","ping_status":"closed","template":"","meta":{"site-sidebar-layout":"default","site-content-layout":"default","ast-site-content-layout":"default","site-content-style":"default","site-sidebar-style":"default","ast-global-header-display":"","ast-banner-title-visibility":"","ast-main-header-display":"","ast-hfb-above-header-display":"","ast-hfb-below-header-display":"","ast-hfb-mobile-header-display":"","site-post-title":"","ast-breadcrumbs-content":"","ast-featured-img":"","footer-sml-layout":"","ast-disable-related-posts":"","theme-transparent-header-meta":"default","adv-header-id-meta":"","stick-header-meta":"","header-above-stick-meta":"","header-main-stick-meta":"","header-below-stick-meta":"","astra-migrate-meta-layouts":"default","ast-page-background-enabled":"default","ast-page-background-meta":{"desktop":{"background-color":"","background-image":"","background-repeat":"repeat","background-position":"center center","background-size":"auto","background-attachment":"scroll","background-type":"","background-media":"","overlay-type":"","overlay-color":"","overlay-opacity":"","overlay-gradient":""},"tablet":{"background-color":"","background-image":"","background-repeat":"repeat","background-position":"center center","background-size":"auto","background-attachment":"scroll","background-type":"","background-media":"","overlay-type":"","overlay-color":"","overlay-opacity":"","overlay-gradient":""},"mobile":{"background-color":"","background-image":"","background-repeat":"repeat","background-position":"center center","background-size":"auto","background-attachment":"scroll","background-type":"","background-media":"","overlay-type":"","overlay-color":"","overlay-opacity":"","overlay-gradient":""}},"ast-content-background-meta":{"desktop":{"background-color":"var(--ast-global-color-5)","background-image":"","background-repeat":"repeat","background-position":"center center","background-size":"auto","background-attachment":"scroll","background-type":"","background-media":"","overlay-type":"","overlay-color":"","overlay-opacity":"","overlay-gradient":""},"tablet":{"background-color":"var(--ast-global-color-5)","background-image":"","background-repeat":"repeat","background-position":"center center","background-size":"auto","background-attachment":"scroll","background-type":"","background-media":"","overlay-type":"","overlay-color":"","overlay-opacity":"","overlay-gradient":""},"mobile":{"background-color":"var(--ast-global-color-5)","background-image":"","background-repeat":"repeat","background-position":"center center","background-size":"auto","background-attachment":"scroll","background-type":"","background-media":"","overlay-type":"","overlay-color":"","overlay-opacity":"","overlay-gradient":""}}},"product_brand":[],"product_cat":[391,392,387,388,389,390,329,382,330,379,339,380,332,383,325,331,384],"product_tag":[],"class_list":{"0":"post-20580","1":"product","2":"type-product","3":"status-publish","4":"has-post-thumbnail","6":"product_cat-ajandekcsomagok","7":"product_cat-ajandekdobozok","8":"product_cat-ajandekok-anyanak","9":"product_cat-ajandekok-baratnonek","10":"product_cat-ajandekok-noi-partnernek","11":"product_cat-ajandekok-noknek","12":"product_cat-alkalmak","13":"product_cat-anyak-napi-ajandekok","14":"product_cat-karacsonyi-ajandekok","15":"product_cat-karacsonyi-ajandekok-noknek","16":"product_cat-nok","17":"product_cat-nonapi-ajandekok","18":"product_cat-szuletesnapi-ajandekok-hu","19":"product_cat-szuletesnapi-ajandekok-noknek","20":"product_cat-tabornok","21":"product_cat-valentin-napi-ajandekok","22":"product_cat-valentin-napi-ajandekok-noknek","23":"desktop-align-left","24":"tablet-align-left","25":"mobile-align-left","27":"first","28":"instock","29":"taxable","30":"shipping-taxable","31":"purchasable","32":"product-type-simple"},"yoast_head":"<!-- This site is optimized with the Yoast SEO plugin v27.4 - https:\/\/yoast.com\/product\/yoast-seo-wordpress\/ -->\n<title>12 r\u00e9szes ill\u00f3olaj k\u00e9szlet | Aj\u00e1nd\u00e9kk\u00e9szlet - Ill\u00f3olajok | Le Boxi<\/title>\n<meta name=\"description\" content=\"Az aj\u00e1nd\u00e9kcsomagban egy 100%-ban biol\u00f3giailag leboml\u00f3 sziz\u00e1l szivacs, egy k\u00e9zm\u0171ves f\u00fcrd\u0151bomba \u00e9s sz\u00e9p k\u00e9mcs\u0151ben t\u00e1rolt himal\u00e1jai f\u00fcrd\u0151s\u00f3 tal\u00e1lhat\u00f3.\" \/>\n<meta name=\"robots\" content=\"index, follow, max-snippet:-1, max-image-preview:large, max-video-preview:-1\" \/>\n<link rel=\"canonical\" href=\"https:\/\/leboxi.eu\/hu\/termekek\/aromaterapias-illoolaj-ajandekcsomag\/\" \/>\n<meta property=\"og:locale\" content=\"hu_HU\" \/>\n<meta property=\"og:type\" content=\"article\" \/>\n<meta property=\"og:title\" content=\"12 r\u00e9szes ill\u00f3olaj k\u00e9szlet | Aj\u00e1nd\u00e9kk\u00e9szlet - Ill\u00f3olajok | Le Boxi\" \/>\n<meta property=\"og:description\" content=\"Az aj\u00e1nd\u00e9kcsomagban egy 100%-ban biol\u00f3giailag leboml\u00f3 sziz\u00e1l szivacs, egy k\u00e9zm\u0171ves f\u00fcrd\u0151bomba \u00e9s sz\u00e9p k\u00e9mcs\u0151ben t\u00e1rolt himal\u00e1jai f\u00fcrd\u0151s\u00f3 tal\u00e1lhat\u00f3.\" \/>\n<meta property=\"og:url\" content=\"https:\/\/leboxi.eu\/hu\/termekek\/aromaterapias-illoolaj-ajandekcsomag\/\" \/>\n<meta property=\"og:site_name\" content=\"Le Boxi | Unikatna darila za vsakogar\" \/>\n<meta property=\"article:publisher\" content=\"https:\/\/www.facebook.com\/leboxi.eu\" \/>\n<meta property=\"article:modified_time\" content=\"2026-01-05T12:46:41+00:00\" \/>\n<meta property=\"og:image\" content=\"https:\/\/leboxi.eu\/wp-content\/uploads\/2023\/11\/set-etericnih-olj1.jpg\" \/>\n\t<meta property=\"og:image:width\" content=\"1000\" \/>\n\t<meta property=\"og:image:height\" content=\"1000\" \/>\n\t<meta property=\"og:image:type\" content=\"image\/jpeg\" \/>\n<meta name=\"twitter:card\" content=\"summary_large_image\" \/>\n<meta name=\"twitter:label1\" content=\"Becs\u00fclt olvas\u00e1si id\u0151\" \/>\n\t<meta name=\"twitter:data1\" content=\"3 perc\" \/>\n<script type=\"application\/ld+json\" class=\"yoast-schema-graph\">{\"@context\":\"https:\\\/\\\/schema.org\",\"@graph\":[{\"@type\":\"WebPage\",\"@id\":\"https:\\\/\\\/leboxi.eu\\\/hu\\\/termekek\\\/aromaterapias-illoolaj-ajandekcsomag\\\/\",\"url\":\"https:\\\/\\\/leboxi.eu\\\/hu\\\/termekek\\\/aromaterapias-illoolaj-ajandekcsomag\\\/\",\"name\":\"12 r\u00e9szes ill\u00f3olaj k\u00e9szlet | Aj\u00e1nd\u00e9kk\u00e9szlet - Ill\u00f3olajok | Le Boxi\",\"isPartOf\":{\"@id\":\"https:\\\/\\\/leboxi.eu\\\/hu\\\/#website\"},\"primaryImageOfPage\":{\"@id\":\"https:\\\/\\\/leboxi.eu\\\/hu\\\/termekek\\\/aromaterapias-illoolaj-ajandekcsomag\\\/#primaryimage\"},\"image\":{\"@id\":\"https:\\\/\\\/leboxi.eu\\\/hu\\\/termekek\\\/aromaterapias-illoolaj-ajandekcsomag\\\/#primaryimage\"},\"thumbnailUrl\":\"https:\\\/\\\/leboxi.eu\\\/wp-content\\\/uploads\\\/2023\\\/11\\\/set-etericnih-olj1.jpg\",\"datePublished\":\"2023-11-29T19:15:02+00:00\",\"dateModified\":\"2026-01-05T12:46:41+00:00\",\"description\":\"Az aj\u00e1nd\u00e9kcsomagban egy 100%-ban biol\u00f3giailag leboml\u00f3 sziz\u00e1l szivacs, egy k\u00e9zm\u0171ves f\u00fcrd\u0151bomba \u00e9s sz\u00e9p k\u00e9mcs\u0151ben t\u00e1rolt himal\u00e1jai f\u00fcrd\u0151s\u00f3 tal\u00e1lhat\u00f3.\",\"breadcrumb\":{\"@id\":\"https:\\\/\\\/leboxi.eu\\\/hu\\\/termekek\\\/aromaterapias-illoolaj-ajandekcsomag\\\/#breadcrumb\"},\"inLanguage\":\"hu\",\"potentialAction\":[{\"@type\":\"ReadAction\",\"target\":[\"https:\\\/\\\/leboxi.eu\\\/hu\\\/termekek\\\/aromaterapias-illoolaj-ajandekcsomag\\\/\"]}]},{\"@type\":\"ImageObject\",\"inLanguage\":\"hu\",\"@id\":\"https:\\\/\\\/leboxi.eu\\\/hu\\\/termekek\\\/aromaterapias-illoolaj-ajandekcsomag\\\/#primaryimage\",\"url\":\"https:\\\/\\\/leboxi.eu\\\/wp-content\\\/uploads\\\/2023\\\/11\\\/set-etericnih-olj1.jpg\",\"contentUrl\":\"https:\\\/\\\/leboxi.eu\\\/wp-content\\\/uploads\\\/2023\\\/11\\\/set-etericnih-olj1.jpg\",\"width\":1000,\"height\":1000},{\"@type\":\"BreadcrumbList\",\"@id\":\"https:\\\/\\\/leboxi.eu\\\/hu\\\/termekek\\\/aromaterapias-illoolaj-ajandekcsomag\\\/#breadcrumb\",\"itemListElement\":[{\"@type\":\"ListItem\",\"position\":1,\"name\":\"Doma\",\"item\":\"https:\\\/\\\/leboxi.eu\\\/hu\\\/egyedi-szuletesnapi-ajandekok-noknek-ferfiaknak-es-ujszulotteknek\\\/\"},{\"@type\":\"ListItem\",\"position\":2,\"name\":\"\u00fczlet\",\"item\":\"https:\\\/\\\/leboxi.eu\\\/hu\\\/uzlet\\\/\"},{\"@type\":\"ListItem\",\"position\":3,\"name\":\"Aromater\u00e1pi\u00e1s ill\u00f3olaj aj\u00e1nd\u00e9kcsomag\"}]},{\"@type\":\"WebSite\",\"@id\":\"https:\\\/\\\/leboxi.eu\\\/hu\\\/#website\",\"url\":\"https:\\\/\\\/leboxi.eu\\\/hu\\\/\",\"name\":\"Le Boxi | Unikatna darila za vsakogar\",\"description\":\"Unikatna darila in darilne \u0161katle za vse prilo\u017enosti.\",\"publisher\":{\"@id\":\"https:\\\/\\\/leboxi.eu\\\/hu\\\/#organization\"},\"potentialAction\":[{\"@type\":\"SearchAction\",\"target\":{\"@type\":\"EntryPoint\",\"urlTemplate\":\"https:\\\/\\\/leboxi.eu\\\/hu\\\/?s={search_term_string}\"},\"query-input\":{\"@type\":\"PropertyValueSpecification\",\"valueRequired\":true,\"valueName\":\"search_term_string\"}}],\"inLanguage\":\"hu\"},{\"@type\":\"Organization\",\"@id\":\"https:\\\/\\\/leboxi.eu\\\/hu\\\/#organization\",\"name\":\"LE BOXI\",\"url\":\"https:\\\/\\\/leboxi.eu\\\/hu\\\/\",\"logo\":{\"@type\":\"ImageObject\",\"inLanguage\":\"hu\",\"@id\":\"https:\\\/\\\/leboxi.eu\\\/hu\\\/#\\\/schema\\\/logo\\\/image\\\/\",\"url\":\"https:\\\/\\\/leboxi.eu\\\/wp-content\\\/uploads\\\/2021\\\/02\\\/LeBoxi-manjsi-png.png\",\"contentUrl\":\"https:\\\/\\\/leboxi.eu\\\/wp-content\\\/uploads\\\/2021\\\/02\\\/LeBoxi-manjsi-png.png\",\"width\":389,\"height\":164,\"caption\":\"LE BOXI\"},\"image\":{\"@id\":\"https:\\\/\\\/leboxi.eu\\\/hu\\\/#\\\/schema\\\/logo\\\/image\\\/\"},\"sameAs\":[\"https:\\\/\\\/www.facebook.com\\\/leboxi.eu\",\"https:\\\/\\\/www.instagram.com\\\/le.boxi\\\/\"]}]}<\/script>\n<!-- \/ Yoast SEO plugin. -->","yoast_head_json":{"title":"12 r\u00e9szes ill\u00f3olaj k\u00e9szlet | Aj\u00e1nd\u00e9kk\u00e9szlet - Ill\u00f3olajok | Le Boxi","description":"Az aj\u00e1nd\u00e9kcsomagban egy 100%-ban biol\u00f3giailag leboml\u00f3 sziz\u00e1l szivacs, egy k\u00e9zm\u0171ves f\u00fcrd\u0151bomba \u00e9s sz\u00e9p k\u00e9mcs\u0151ben t\u00e1rolt himal\u00e1jai f\u00fcrd\u0151s\u00f3 tal\u00e1lhat\u00f3.","robots":{"index":"index","follow":"follow","max-snippet":"max-snippet:-1","max-image-preview":"max-image-preview:large","max-video-preview":"max-video-preview:-1"},"canonical":"https:\/\/leboxi.eu\/hu\/termekek\/aromaterapias-illoolaj-ajandekcsomag\/","og_locale":"hu_HU","og_type":"article","og_title":"12 r\u00e9szes ill\u00f3olaj k\u00e9szlet | Aj\u00e1nd\u00e9kk\u00e9szlet - Ill\u00f3olajok | Le Boxi","og_description":"Az aj\u00e1nd\u00e9kcsomagban egy 100%-ban biol\u00f3giailag leboml\u00f3 sziz\u00e1l szivacs, egy k\u00e9zm\u0171ves f\u00fcrd\u0151bomba \u00e9s sz\u00e9p k\u00e9mcs\u0151ben t\u00e1rolt himal\u00e1jai f\u00fcrd\u0151s\u00f3 tal\u00e1lhat\u00f3.","og_url":"https:\/\/leboxi.eu\/hu\/termekek\/aromaterapias-illoolaj-ajandekcsomag\/","og_site_name":"Le Boxi | Unikatna darila za vsakogar","article_publisher":"https:\/\/www.facebook.com\/leboxi.eu","article_modified_time":"2026-01-05T12:46:41+00:00","og_image":[{"width":1000,"height":1000,"url":"https:\/\/leboxi.eu\/wp-content\/uploads\/2023\/11\/set-etericnih-olj1.jpg","type":"image\/jpeg"}],"twitter_card":"summary_large_image","twitter_misc":{"Becs\u00fclt olvas\u00e1si id\u0151":"3 perc"},"schema":{"@context":"https:\/\/schema.org","@graph":[{"@type":"WebPage","@id":"https:\/\/leboxi.eu\/hu\/termekek\/aromaterapias-illoolaj-ajandekcsomag\/","url":"https:\/\/leboxi.eu\/hu\/termekek\/aromaterapias-illoolaj-ajandekcsomag\/","name":"12 r\u00e9szes ill\u00f3olaj k\u00e9szlet | Aj\u00e1nd\u00e9kk\u00e9szlet - Ill\u00f3olajok | Le Boxi","isPartOf":{"@id":"https:\/\/leboxi.eu\/hu\/#website"},"primaryImageOfPage":{"@id":"https:\/\/leboxi.eu\/hu\/termekek\/aromaterapias-illoolaj-ajandekcsomag\/#primaryimage"},"image":{"@id":"https:\/\/leboxi.eu\/hu\/termekek\/aromaterapias-illoolaj-ajandekcsomag\/#primaryimage"},"thumbnailUrl":"https:\/\/leboxi.eu\/wp-content\/uploads\/2023\/11\/set-etericnih-olj1.jpg","datePublished":"2023-11-29T19:15:02+00:00","dateModified":"2026-01-05T12:46:41+00:00","description":"Az aj\u00e1nd\u00e9kcsomagban egy 100%-ban biol\u00f3giailag leboml\u00f3 sziz\u00e1l szivacs, egy k\u00e9zm\u0171ves f\u00fcrd\u0151bomba \u00e9s sz\u00e9p k\u00e9mcs\u0151ben t\u00e1rolt himal\u00e1jai f\u00fcrd\u0151s\u00f3 tal\u00e1lhat\u00f3.","breadcrumb":{"@id":"https:\/\/leboxi.eu\/hu\/termekek\/aromaterapias-illoolaj-ajandekcsomag\/#breadcrumb"},"inLanguage":"hu","potentialAction":[{"@type":"ReadAction","target":["https:\/\/leboxi.eu\/hu\/termekek\/aromaterapias-illoolaj-ajandekcsomag\/"]}]},{"@type":"ImageObject","inLanguage":"hu","@id":"https:\/\/leboxi.eu\/hu\/termekek\/aromaterapias-illoolaj-ajandekcsomag\/#primaryimage","url":"https:\/\/leboxi.eu\/wp-content\/uploads\/2023\/11\/set-etericnih-olj1.jpg","contentUrl":"https:\/\/leboxi.eu\/wp-content\/uploads\/2023\/11\/set-etericnih-olj1.jpg","width":1000,"height":1000},{"@type":"BreadcrumbList","@id":"https:\/\/leboxi.eu\/hu\/termekek\/aromaterapias-illoolaj-ajandekcsomag\/#breadcrumb","itemListElement":[{"@type":"ListItem","position":1,"name":"Doma","item":"https:\/\/leboxi.eu\/hu\/egyedi-szuletesnapi-ajandekok-noknek-ferfiaknak-es-ujszulotteknek\/"},{"@type":"ListItem","position":2,"name":"\u00fczlet","item":"https:\/\/leboxi.eu\/hu\/uzlet\/"},{"@type":"ListItem","position":3,"name":"Aromater\u00e1pi\u00e1s ill\u00f3olaj aj\u00e1nd\u00e9kcsomag"}]},{"@type":"WebSite","@id":"https:\/\/leboxi.eu\/hu\/#website","url":"https:\/\/leboxi.eu\/hu\/","name":"Le Boxi | Unikatna darila za vsakogar","description":"Unikatna darila in darilne \u0161katle za vse prilo\u017enosti.","publisher":{"@id":"https:\/\/leboxi.eu\/hu\/#organization"},"potentialAction":[{"@type":"SearchAction","target":{"@type":"EntryPoint","urlTemplate":"https:\/\/leboxi.eu\/hu\/?s={search_term_string}"},"query-input":{"@type":"PropertyValueSpecification","valueRequired":true,"valueName":"search_term_string"}}],"inLanguage":"hu"},{"@type":"Organization","@id":"https:\/\/leboxi.eu\/hu\/#organization","name":"LE BOXI","url":"https:\/\/leboxi.eu\/hu\/","logo":{"@type":"ImageObject","inLanguage":"hu","@id":"https:\/\/leboxi.eu\/hu\/#\/schema\/logo\/image\/","url":"https:\/\/leboxi.eu\/wp-content\/uploads\/2021\/02\/LeBoxi-manjsi-png.png","contentUrl":"https:\/\/leboxi.eu\/wp-content\/uploads\/2021\/02\/LeBoxi-manjsi-png.png","width":389,"height":164,"caption":"LE BOXI"},"image":{"@id":"https:\/\/leboxi.eu\/hu\/#\/schema\/logo\/image\/"},"sameAs":["https:\/\/www.facebook.com\/leboxi.eu","https:\/\/www.instagram.com\/le.boxi\/"]}]}},"tiered_pricing_type":"fixed","tiered_pricing_fixed_rules":[],"tiered_pricing_product_settings":{"layout":"default","base_unit_name":{"singular":null,"plural":null},"default_variation":null},"tiered_pricing_minimum_quantity":null,"tiered_pricing_roles_data":[],"tiered_pricing_percentage_rules":[],"_links":{"self":[{"href":"https:\/\/leboxi.eu\/hu\/wp-json\/wp\/v2\/product\/20580","targetHints":{"allow":["GET"]}}],"collection":[{"href":"https:\/\/leboxi.eu\/hu\/wp-json\/wp\/v2\/product"}],"about":[{"href":"https:\/\/leboxi.eu\/hu\/wp-json\/wp\/v2\/types\/product"}],"replies":[{"embeddable":true,"href":"https:\/\/leboxi.eu\/hu\/wp-json\/wp\/v2\/comments?post=20580"}],"version-history":[{"count":0,"href":"https:\/\/leboxi.eu\/hu\/wp-json\/wp\/v2\/product\/20580\/revisions"}],"wp:featuredmedia":[{"embeddable":true,"href":"https:\/\/leboxi.eu\/hu\/wp-json\/wp\/v2\/media\/20581"}],"wp:attachment":[{"href":"https:\/\/leboxi.eu\/hu\/wp-json\/wp\/v2\/media?parent=20580"}],"wp:term":[{"taxonomy":"product_brand","embeddable":true,"href":"https:\/\/leboxi.eu\/hu\/wp-json\/wp\/v2\/product_brand?post=20580"},{"taxonomy":"product_cat","embeddable":true,"href":"https:\/\/leboxi.eu\/hu\/wp-json\/wp\/v2\/product_cat?post=20580"},{"taxonomy":"product_tag","embeddable":true,"href":"https:\/\/leboxi.eu\/hu\/wp-json\/wp\/v2\/product_tag?post=20580"}],"curies":[{"name":"wp","href":"https:\/\/api.w.org\/{rel}","templated":true}]}}