{"id":20559,"date":"2024-08-12T16:49:13","date_gmt":"2024-08-12T15:49:13","guid":{"rendered":"https:\/\/leboxi.eu\/izdelki\/dekanter-keszlet-tequilahoz\/"},"modified":"2025-02-23T16:39:02","modified_gmt":"2025-02-23T15:39:02","slug":"dekanter-keszlet-tequilahoz","status":"publish","type":"product","link":"https:\/\/leboxi.eu\/hu\/termekek\/dekanter-keszlet-tequilahoz\/","title":{"rendered":"Dekanter k\u00e9szlet \u2013 tequil\u00e1hoz"},"content":{"rendered":"<p>Ez a dekanter k\u00e9szlet nagyszer\u0171 aj\u00e1nd\u00e9k mindazok sz\u00e1m\u00e1ra, akik szeretik egy poh\u00e1r tequil\u00e1val k\u00e9nyeztetni magukat, ugyanakkor \u00e9rt\u00e9kelik a term\u00e9k kifinomult kialak\u00edt\u00e1s\u00e1t. A k\u00e9szlet mindent tartalmaz, ami a t\u00f6k\u00e9letes italfogyaszt\u00e1shoz sz\u00fcks\u00e9ges. A k\u00e9szlet egy eleg\u00e1ns dobozban tal\u00e1lhat\u00f3, ami m\u00e9g luxusosabb megjelen\u00e9st k\u00f6lcs\u00f6n\u00f6z a k\u00e9szletnek.<\/p>\n<p>&nbsp;<\/p>\n<p>Anyag: \u00dcveg \u00e9s Bambusz<br \/>\nM\u00e9retek: 40 x 21 x 22 cm<br \/>\nNett\u00f3 s\u00faly: 1,6 kg<br \/>\nBrutt\u00f3 s\u00faly: 1,9 kg<\/p>\n<h6><\/h6>\n<h6>Kieg\u00e9sz\u00edt\u0151 szolg\u00e1ltat\u00e1s:<br \/>\n<\/h6>\n<p>Az aj\u00e1nd\u00e9khoz utols\u00f3 sim\u00edt\u00e1sk\u00e9nt<a href=\"https:\/\/leboxi.eu\/izdelki\/cestitka-za-rojstni-dan\/\" target=\"_blank\" rel=\"noopener\">szem\u00e9lyre szabott levelet is mell\u00e9kelhet<\/a>.<\/p>\n<p>Ha szeretn\u00e9, az aj\u00e1nd\u00e9k\u00e1t mi k\u00e9zbes\u00edtj\u00fck a c\u00edmzettnek, de term\u00e9szetesen a kisz\u00e1ll\u00edt\u00e1skor nem mell\u00e9kelj\u00fck a sz\u00e1ml\u00e1t. A sz\u00e1ml\u00e1t \u00f6n kapja meg.<\/p>\n<p>&nbsp;<\/p>\n","protected":false},"excerpt":{"rendered":"<p>Ez a k\u00e9zm\u0171ves tequil\u00e1z\u00f3 k\u00e9szlet egy igazi m\u0171alkot\u00e1s, amely az ag\u00e1v\u00e9 el\u0151tt tiszteleg &#8211; az a n\u00f6v\u00e9ny el\u0151tt, amelyb\u0151l a tequila k\u00e9sz\u00fcl. A dekanter k\u00e9szlet \u00e9s a tequil\u00e1s cs\u00e9sz\u00e9k diz\u00e1jnj\u00e1nak k\u00f6z\u00e9ppontj\u00e1ban az ag\u00e1v\u00e9 eleg\u00e1ns \u00e1br\u00e1zol\u00e1sa rejlik, kiemelve ennek a tekint\u00e9lyes italnak az eredet\u00e9t. Ez a luxus k\u00e9szlet egy 840 ml-es krist\u00e1lytiszta \u00fcvegb\u0151l k\u00e9sz\u00fclt dekantert tartalmaz, amely rendk\u00edv\u00fcl k\u00f6nny\u0171 \u00e9s tart\u00f3s. A dekanter k\u00e9szlet parafadug\u00f3val van felszerelve, amely t\u00f6k\u00e9letes t\u00f6m\u00edt\u00e9st biztos\u00edt, \u00e9s frissen tartja \u00e9rt\u00e9kes ital\u00e1t. A k\u00e9szlet tartalmaz egy kiv\u00e1l\u00f3 min\u0151s\u00e9g\u0171 bambuszb\u00f3l k\u00e9sz\u00fclt t\u00e1lc\u00e1t is, amelyet gondosan grav\u00edroztak, hogy t\u00f6k\u00e9letesen megtartsa a dekantert, \u00e9s helyet biztos\u00edt a s\u00f3 \u00e9s a citrom felszolg\u00e1l\u00e1s\u00e1ra.<\/p>\n<p>Amikor ezt a k\u00e9szletet az asztalra teszi, azonnal \u00e9rezni fogja a preszt\u00edzst \u00e9s az eleganci\u00e1t, amit sug\u00e1roz. Minden poh\u00e1r \u00e9s minden csepp tequila \u00faj dimenzi\u00f3t nyer. Ez nem csak egy k\u00e9szlet, hanem egy \u00e9lm\u00e9ny, amely teljesen \u00faj szintre emeli a bar\u00e1tokkal \u00e9s a csal\u00e1ddal t\u00f6lt\u00f6tt pillanatokat. K\u00e9pzeld el, milyen \u00e9rz\u00e9s megfogni ezt az egyedi dekantert, tequil\u00e1t \u00f6nteni, \u00e9s \u00e9lvezni a benne rejl\u0151 t\u00f6k\u00e9letess\u00e9get. Ez t\u00f6bb, mint egy tequilak\u00e9szlet &#8211; a luxus \u00e9s az \u00f6r\u00f6m szimb\u00f3luma, amelyet minden pillanatban \u00e9rt\u00e9kelni fog.<\/p>\n<ul>\n<li>K\u00e9zm\u0171ves dekanter\n<\/li>\n<li>Kiv\u00e1l\u00f3 min\u0151s\u00e9g\n<\/li>\n<li>Parafadug\u00f3 a t\u00f6k\u00e9letes t\u00f6m\u00edt\u00e9s\u00e9rt\n<\/li>\n<li>Egyedi diz\u00e1jn\n<\/li>\n<\/ul>\n<p>Az aj\u00e1nd\u00e9khoz <a href=\"https:\/\/leboxi.eu\/izdelki\/cestitka-za-rojstni-dan\/\" target=\"_blank\" rel=\"noopener\">szem\u00e9lyre sz\u00f3l\u00f3 \u00fcdv\u00f6zl\u0151lapot<\/a> is mell\u00e9kelhet.<\/p>\n<p>&nbsp;<\/p>\n<p>Ha szeretn\u00e9, az aj\u00e1nd\u00e9kot mi k\u00e9zbes\u00edtj\u00fck a c\u00edmzettnek, de term\u00e9szetesen nem mell\u00e9kelj\u00fck a sz\u00e1ml\u00e1t a k\u00e9zbes\u00edt\u00e9skor. A sz\u00e1ml\u00e1t \u00f6n kapja meg.<\/p>\n<p>A r\u00e9szletes le\u00edr\u00e1st az al\u00e1bbiakban olvashatja el.<\/p>\n","protected":false},"featured_media":19318,"comment_status":"open","ping_status":"closed","template":"","meta":{"site-sidebar-layout":"default","site-content-layout":"default","ast-site-content-layout":"default","site-content-style":"default","site-sidebar-style":"default","ast-global-header-display":"","ast-banner-title-visibility":"","ast-main-header-display":"","ast-hfb-above-header-display":"","ast-hfb-below-header-display":"","ast-hfb-mobile-header-display":"","site-post-title":"","ast-breadcrumbs-content":"","ast-featured-img":"","footer-sml-layout":"","ast-disable-related-posts":"","theme-transparent-header-meta":"default","adv-header-id-meta":"","stick-header-meta":"","header-above-stick-meta":"","header-main-stick-meta":"","header-below-stick-meta":"","astra-migrate-meta-layouts":"default","ast-page-background-enabled":"default","ast-page-background-meta":{"desktop":{"background-color":"","background-image":"","background-repeat":"repeat","background-position":"center center","background-size":"auto","background-attachment":"scroll","background-type":"","background-media":"","overlay-type":"","overlay-color":"","overlay-opacity":"","overlay-gradient":""},"tablet":{"background-color":"","background-image":"","background-repeat":"repeat","background-position":"center center","background-size":"auto","background-attachment":"scroll","background-type":"","background-media":"","overlay-type":"","overlay-color":"","overlay-opacity":"","overlay-gradient":""},"mobile":{"background-color":"","background-image":"","background-repeat":"repeat","background-position":"center center","background-size":"auto","background-attachment":"scroll","background-type":"","background-media":"","overlay-type":"","overlay-color":"","overlay-opacity":"","overlay-gradient":""}},"ast-content-background-meta":{"desktop":{"background-color":"var(--ast-global-color-5)","background-image":"","background-repeat":"repeat","background-position":"center center","background-size":"auto","background-attachment":"scroll","background-type":"","background-media":"","overlay-type":"","overlay-color":"","overlay-opacity":"","overlay-gradient":""},"tablet":{"background-color":"var(--ast-global-color-5)","background-image":"","background-repeat":"repeat","background-position":"center center","background-size":"auto","background-attachment":"scroll","background-type":"","background-media":"","overlay-type":"","overlay-color":"","overlay-opacity":"","overlay-gradient":""},"mobile":{"background-color":"var(--ast-global-color-5)","background-image":"","background-repeat":"repeat","background-position":"center center","background-size":"auto","background-attachment":"scroll","background-type":"","background-media":"","overlay-type":"","overlay-color":"","overlay-opacity":"","overlay-gradient":""}}},"product_brand":[],"product_cat":[333,328,327,329,326,330,335,339,332],"product_tag":[],"class_list":{"0":"post-20559","1":"product","2":"type-product","3":"status-publish","4":"has-post-thumbnail","6":"product_cat-szuletesnapi-ajandekok-ferfiaknak","7":"product_cat-ajandekok-ferfi-partnernek","8":"product_cat-ajandekok-ferfiaknak","9":"product_cat-alkalmak","10":"product_cat-ferfi","11":"product_cat-karacsonyi-ajandekok","12":"product_cat-karacsonyi-ajandekok-ferfiaknak","13":"product_cat-nok","14":"product_cat-szuletesnapi-ajandekok-hu","15":"desktop-align-left","16":"tablet-align-left","17":"mobile-align-left","19":"first","20":"instock","21":"featured","22":"taxable","23":"shipping-taxable","24":"purchasable","25":"product-type-simple"},"yoast_head":"<!-- This site is optimized with the Yoast SEO plugin v27.3 - https:\/\/yoast.com\/product\/yoast-seo-wordpress\/ -->\n<title>Tequila dekanter k\u00e9szlet | Le Boxi<\/title>\n<meta name=\"description\" content=\"Ez a dekanter k\u00e9szlet nagyszer\u0171 aj\u00e1nd\u00e9k mindazok sz\u00e1m\u00e1ra, akik szeretik egy poh\u00e1r tequill\u00e1val k\u00e9nyeztetni magukat, ugyanakkor \u00e9rt\u00e9kelik a term\u00e9k kifinomult kialak\u00edt\u00e1s\u00e1t.\" \/>\n<meta name=\"robots\" content=\"index, follow, max-snippet:-1, max-image-preview:large, max-video-preview:-1\" \/>\n<link rel=\"canonical\" href=\"https:\/\/leboxi.eu\/hu\/termekek\/dekanter-keszlet-tequilahoz\/\" \/>\n<meta property=\"og:locale\" content=\"hu_HU\" \/>\n<meta property=\"og:type\" content=\"article\" \/>\n<meta property=\"og:title\" content=\"Tequila dekanter k\u00e9szlet | Le Boxi\" \/>\n<meta property=\"og:description\" content=\"Ez a dekanter k\u00e9szlet nagyszer\u0171 aj\u00e1nd\u00e9k mindazok sz\u00e1m\u00e1ra, akik szeretik egy poh\u00e1r tequill\u00e1val k\u00e9nyeztetni magukat, ugyanakkor \u00e9rt\u00e9kelik a term\u00e9k kifinomult kialak\u00edt\u00e1s\u00e1t.\" \/>\n<meta property=\"og:url\" content=\"https:\/\/leboxi.eu\/hu\/termekek\/dekanter-keszlet-tequilahoz\/\" \/>\n<meta property=\"og:site_name\" content=\"Le Boxi | Unikatna darila za vsakogar\" \/>\n<meta property=\"article:publisher\" content=\"https:\/\/www.facebook.com\/leboxi.eu\" \/>\n<meta property=\"article:modified_time\" content=\"2025-02-23T15:39:02+00:00\" \/>\n<meta property=\"og:image\" content=\"https:\/\/leboxi.eu\/wp-content\/uploads\/2024\/08\/tequila-decanter_1.jpg\" \/>\n\t<meta property=\"og:image:width\" content=\"1000\" \/>\n\t<meta property=\"og:image:height\" content=\"1000\" \/>\n\t<meta property=\"og:image:type\" content=\"image\/jpeg\" \/>\n<meta name=\"twitter:card\" content=\"summary_large_image\" \/>\n<meta name=\"twitter:label1\" content=\"Becs\u00fclt olvas\u00e1si id\u0151\" \/>\n\t<meta name=\"twitter:data1\" content=\"1 perc\" \/>\n<script type=\"application\/ld+json\" class=\"yoast-schema-graph\">{\"@context\":\"https:\\\/\\\/schema.org\",\"@graph\":[{\"@type\":\"WebPage\",\"@id\":\"https:\\\/\\\/leboxi.eu\\\/hu\\\/termekek\\\/dekanter-keszlet-tequilahoz\\\/\",\"url\":\"https:\\\/\\\/leboxi.eu\\\/hu\\\/termekek\\\/dekanter-keszlet-tequilahoz\\\/\",\"name\":\"Tequila dekanter k\u00e9szlet | Le Boxi\",\"isPartOf\":{\"@id\":\"https:\\\/\\\/leboxi.eu\\\/hu\\\/#website\"},\"primaryImageOfPage\":{\"@id\":\"https:\\\/\\\/leboxi.eu\\\/hu\\\/termekek\\\/dekanter-keszlet-tequilahoz\\\/#primaryimage\"},\"image\":{\"@id\":\"https:\\\/\\\/leboxi.eu\\\/hu\\\/termekek\\\/dekanter-keszlet-tequilahoz\\\/#primaryimage\"},\"thumbnailUrl\":\"https:\\\/\\\/leboxi.eu\\\/wp-content\\\/uploads\\\/2024\\\/08\\\/tequila-decanter_1.jpg\",\"datePublished\":\"2024-08-12T15:49:13+00:00\",\"dateModified\":\"2025-02-23T15:39:02+00:00\",\"description\":\"Ez a dekanter k\u00e9szlet nagyszer\u0171 aj\u00e1nd\u00e9k mindazok sz\u00e1m\u00e1ra, akik szeretik egy poh\u00e1r tequill\u00e1val k\u00e9nyeztetni magukat, ugyanakkor \u00e9rt\u00e9kelik a term\u00e9k kifinomult kialak\u00edt\u00e1s\u00e1t.\",\"breadcrumb\":{\"@id\":\"https:\\\/\\\/leboxi.eu\\\/hu\\\/termekek\\\/dekanter-keszlet-tequilahoz\\\/#breadcrumb\"},\"inLanguage\":\"hu\",\"potentialAction\":[{\"@type\":\"ReadAction\",\"target\":[\"https:\\\/\\\/leboxi.eu\\\/hu\\\/termekek\\\/dekanter-keszlet-tequilahoz\\\/\"]}]},{\"@type\":\"ImageObject\",\"inLanguage\":\"hu\",\"@id\":\"https:\\\/\\\/leboxi.eu\\\/hu\\\/termekek\\\/dekanter-keszlet-tequilahoz\\\/#primaryimage\",\"url\":\"https:\\\/\\\/leboxi.eu\\\/wp-content\\\/uploads\\\/2024\\\/08\\\/tequila-decanter_1.jpg\",\"contentUrl\":\"https:\\\/\\\/leboxi.eu\\\/wp-content\\\/uploads\\\/2024\\\/08\\\/tequila-decanter_1.jpg\",\"width\":1000,\"height\":1000},{\"@type\":\"BreadcrumbList\",\"@id\":\"https:\\\/\\\/leboxi.eu\\\/hu\\\/termekek\\\/dekanter-keszlet-tequilahoz\\\/#breadcrumb\",\"itemListElement\":[{\"@type\":\"ListItem\",\"position\":1,\"name\":\"Doma\",\"item\":\"https:\\\/\\\/leboxi.eu\\\/hu\\\/egyedi-szuletesnapi-ajandekok-noknek-ferfiaknak-es-ujszulotteknek\\\/\"},{\"@type\":\"ListItem\",\"position\":2,\"name\":\"\u00fczlet\",\"item\":\"https:\\\/\\\/leboxi.eu\\\/hu\\\/uzlet\\\/\"},{\"@type\":\"ListItem\",\"position\":3,\"name\":\"Dekanter k\u00e9szlet \u2013 tequil\u00e1hoz\"}]},{\"@type\":\"WebSite\",\"@id\":\"https:\\\/\\\/leboxi.eu\\\/hu\\\/#website\",\"url\":\"https:\\\/\\\/leboxi.eu\\\/hu\\\/\",\"name\":\"Le Boxi | Unikatna darila za vsakogar\",\"description\":\"Unikatna darila in darilne \u0161katle za vse prilo\u017enosti.\",\"publisher\":{\"@id\":\"https:\\\/\\\/leboxi.eu\\\/hu\\\/#organization\"},\"potentialAction\":[{\"@type\":\"SearchAction\",\"target\":{\"@type\":\"EntryPoint\",\"urlTemplate\":\"https:\\\/\\\/leboxi.eu\\\/hu\\\/?s={search_term_string}\"},\"query-input\":{\"@type\":\"PropertyValueSpecification\",\"valueRequired\":true,\"valueName\":\"search_term_string\"}}],\"inLanguage\":\"hu\"},{\"@type\":\"Organization\",\"@id\":\"https:\\\/\\\/leboxi.eu\\\/hu\\\/#organization\",\"name\":\"LE BOXI\",\"url\":\"https:\\\/\\\/leboxi.eu\\\/hu\\\/\",\"logo\":{\"@type\":\"ImageObject\",\"inLanguage\":\"hu\",\"@id\":\"https:\\\/\\\/leboxi.eu\\\/hu\\\/#\\\/schema\\\/logo\\\/image\\\/\",\"url\":\"https:\\\/\\\/leboxi.eu\\\/wp-content\\\/uploads\\\/2021\\\/02\\\/LeBoxi-manjsi-png.png\",\"contentUrl\":\"https:\\\/\\\/leboxi.eu\\\/wp-content\\\/uploads\\\/2021\\\/02\\\/LeBoxi-manjsi-png.png\",\"width\":389,\"height\":164,\"caption\":\"LE BOXI\"},\"image\":{\"@id\":\"https:\\\/\\\/leboxi.eu\\\/hu\\\/#\\\/schema\\\/logo\\\/image\\\/\"},\"sameAs\":[\"https:\\\/\\\/www.facebook.com\\\/leboxi.eu\",\"https:\\\/\\\/www.instagram.com\\\/le.boxi\\\/\"]}]}<\/script>\n<!-- \/ Yoast SEO plugin. -->","yoast_head_json":{"title":"Tequila dekanter k\u00e9szlet | Le Boxi","description":"Ez a dekanter k\u00e9szlet nagyszer\u0171 aj\u00e1nd\u00e9k mindazok sz\u00e1m\u00e1ra, akik szeretik egy poh\u00e1r tequill\u00e1val k\u00e9nyeztetni magukat, ugyanakkor \u00e9rt\u00e9kelik a term\u00e9k kifinomult kialak\u00edt\u00e1s\u00e1t.","robots":{"index":"index","follow":"follow","max-snippet":"max-snippet:-1","max-image-preview":"max-image-preview:large","max-video-preview":"max-video-preview:-1"},"canonical":"https:\/\/leboxi.eu\/hu\/termekek\/dekanter-keszlet-tequilahoz\/","og_locale":"hu_HU","og_type":"article","og_title":"Tequila dekanter k\u00e9szlet | Le Boxi","og_description":"Ez a dekanter k\u00e9szlet nagyszer\u0171 aj\u00e1nd\u00e9k mindazok sz\u00e1m\u00e1ra, akik szeretik egy poh\u00e1r tequill\u00e1val k\u00e9nyeztetni magukat, ugyanakkor \u00e9rt\u00e9kelik a term\u00e9k kifinomult kialak\u00edt\u00e1s\u00e1t.","og_url":"https:\/\/leboxi.eu\/hu\/termekek\/dekanter-keszlet-tequilahoz\/","og_site_name":"Le Boxi | Unikatna darila za vsakogar","article_publisher":"https:\/\/www.facebook.com\/leboxi.eu","article_modified_time":"2025-02-23T15:39:02+00:00","og_image":[{"width":1000,"height":1000,"url":"https:\/\/leboxi.eu\/wp-content\/uploads\/2024\/08\/tequila-decanter_1.jpg","type":"image\/jpeg"}],"twitter_card":"summary_large_image","twitter_misc":{"Becs\u00fclt olvas\u00e1si id\u0151":"1 perc"},"schema":{"@context":"https:\/\/schema.org","@graph":[{"@type":"WebPage","@id":"https:\/\/leboxi.eu\/hu\/termekek\/dekanter-keszlet-tequilahoz\/","url":"https:\/\/leboxi.eu\/hu\/termekek\/dekanter-keszlet-tequilahoz\/","name":"Tequila dekanter k\u00e9szlet | Le Boxi","isPartOf":{"@id":"https:\/\/leboxi.eu\/hu\/#website"},"primaryImageOfPage":{"@id":"https:\/\/leboxi.eu\/hu\/termekek\/dekanter-keszlet-tequilahoz\/#primaryimage"},"image":{"@id":"https:\/\/leboxi.eu\/hu\/termekek\/dekanter-keszlet-tequilahoz\/#primaryimage"},"thumbnailUrl":"https:\/\/leboxi.eu\/wp-content\/uploads\/2024\/08\/tequila-decanter_1.jpg","datePublished":"2024-08-12T15:49:13+00:00","dateModified":"2025-02-23T15:39:02+00:00","description":"Ez a dekanter k\u00e9szlet nagyszer\u0171 aj\u00e1nd\u00e9k mindazok sz\u00e1m\u00e1ra, akik szeretik egy poh\u00e1r tequill\u00e1val k\u00e9nyeztetni magukat, ugyanakkor \u00e9rt\u00e9kelik a term\u00e9k kifinomult kialak\u00edt\u00e1s\u00e1t.","breadcrumb":{"@id":"https:\/\/leboxi.eu\/hu\/termekek\/dekanter-keszlet-tequilahoz\/#breadcrumb"},"inLanguage":"hu","potentialAction":[{"@type":"ReadAction","target":["https:\/\/leboxi.eu\/hu\/termekek\/dekanter-keszlet-tequilahoz\/"]}]},{"@type":"ImageObject","inLanguage":"hu","@id":"https:\/\/leboxi.eu\/hu\/termekek\/dekanter-keszlet-tequilahoz\/#primaryimage","url":"https:\/\/leboxi.eu\/wp-content\/uploads\/2024\/08\/tequila-decanter_1.jpg","contentUrl":"https:\/\/leboxi.eu\/wp-content\/uploads\/2024\/08\/tequila-decanter_1.jpg","width":1000,"height":1000},{"@type":"BreadcrumbList","@id":"https:\/\/leboxi.eu\/hu\/termekek\/dekanter-keszlet-tequilahoz\/#breadcrumb","itemListElement":[{"@type":"ListItem","position":1,"name":"Doma","item":"https:\/\/leboxi.eu\/hu\/egyedi-szuletesnapi-ajandekok-noknek-ferfiaknak-es-ujszulotteknek\/"},{"@type":"ListItem","position":2,"name":"\u00fczlet","item":"https:\/\/leboxi.eu\/hu\/uzlet\/"},{"@type":"ListItem","position":3,"name":"Dekanter k\u00e9szlet \u2013 tequil\u00e1hoz"}]},{"@type":"WebSite","@id":"https:\/\/leboxi.eu\/hu\/#website","url":"https:\/\/leboxi.eu\/hu\/","name":"Le Boxi | Unikatna darila za vsakogar","description":"Unikatna darila in darilne \u0161katle za vse prilo\u017enosti.","publisher":{"@id":"https:\/\/leboxi.eu\/hu\/#organization"},"potentialAction":[{"@type":"SearchAction","target":{"@type":"EntryPoint","urlTemplate":"https:\/\/leboxi.eu\/hu\/?s={search_term_string}"},"query-input":{"@type":"PropertyValueSpecification","valueRequired":true,"valueName":"search_term_string"}}],"inLanguage":"hu"},{"@type":"Organization","@id":"https:\/\/leboxi.eu\/hu\/#organization","name":"LE BOXI","url":"https:\/\/leboxi.eu\/hu\/","logo":{"@type":"ImageObject","inLanguage":"hu","@id":"https:\/\/leboxi.eu\/hu\/#\/schema\/logo\/image\/","url":"https:\/\/leboxi.eu\/wp-content\/uploads\/2021\/02\/LeBoxi-manjsi-png.png","contentUrl":"https:\/\/leboxi.eu\/wp-content\/uploads\/2021\/02\/LeBoxi-manjsi-png.png","width":389,"height":164,"caption":"LE BOXI"},"image":{"@id":"https:\/\/leboxi.eu\/hu\/#\/schema\/logo\/image\/"},"sameAs":["https:\/\/www.facebook.com\/leboxi.eu","https:\/\/www.instagram.com\/le.boxi\/"]}]}},"tiered_pricing_type":"fixed","tiered_pricing_fixed_rules":{"2":71.82,"3":67.83},"tiered_pricing_product_settings":{"layout":"default","base_unit_name":{"singular":null,"plural":null},"default_variation":null},"tiered_pricing_minimum_quantity":null,"tiered_pricing_roles_data":[],"tiered_pricing_percentage_rules":[],"_links":{"self":[{"href":"https:\/\/leboxi.eu\/hu\/wp-json\/wp\/v2\/product\/20559","targetHints":{"allow":["GET"]}}],"collection":[{"href":"https:\/\/leboxi.eu\/hu\/wp-json\/wp\/v2\/product"}],"about":[{"href":"https:\/\/leboxi.eu\/hu\/wp-json\/wp\/v2\/types\/product"}],"replies":[{"embeddable":true,"href":"https:\/\/leboxi.eu\/hu\/wp-json\/wp\/v2\/comments?post=20559"}],"version-history":[{"count":0,"href":"https:\/\/leboxi.eu\/hu\/wp-json\/wp\/v2\/product\/20559\/revisions"}],"wp:featuredmedia":[{"embeddable":true,"href":"https:\/\/leboxi.eu\/hu\/wp-json\/wp\/v2\/media\/19318"}],"wp:attachment":[{"href":"https:\/\/leboxi.eu\/hu\/wp-json\/wp\/v2\/media?parent=20559"}],"wp:term":[{"taxonomy":"product_brand","embeddable":true,"href":"https:\/\/leboxi.eu\/hu\/wp-json\/wp\/v2\/product_brand?post=20559"},{"taxonomy":"product_cat","embeddable":true,"href":"https:\/\/leboxi.eu\/hu\/wp-json\/wp\/v2\/product_cat?post=20559"},{"taxonomy":"product_tag","embeddable":true,"href":"https:\/\/leboxi.eu\/hu\/wp-json\/wp\/v2\/product_tag?post=20559"}],"curies":[{"name":"wp","href":"https:\/\/api.w.org\/{rel}","templated":true}]}}