{"id":20111,"date":"2021-03-08T19:56:15","date_gmt":"2021-03-08T18:56:15","guid":{"rendered":"https:\/\/leboxi.eu\/izdelki\/minibar-uzemanyagtartaly-10-l-zold\/"},"modified":"2026-02-08T21:30:16","modified_gmt":"2026-02-08T20:30:16","slug":"minibar-uzemanyagtartaly-10-l-zold","status":"publish","type":"product","link":"https:\/\/leboxi.eu\/hu\/termekek\/minibar-uzemanyagtartaly-10-l-zold\/","title":{"rendered":"Minib\u00e1r \u00fczemanyagtart\u00e1ly 10 L \u2013 z\u00f6ld"},"content":{"rendered":"<p>Minib\u00e1r k\u00e9t \u00fcvegpoh\u00e1rral rozsdamentes ac\u00e9lb\u00f3l \u00e9s f\u00e1b\u00f3l 10 literes \u00fczemanyagtart\u00e1ly kialak\u00edt\u00e1ssal. A k\u00e9nyelmesen elk\u00e9sz\u00edtett foganty\u00fa megk\u00f6nny\u00edti a hordoz\u00e1st, a min\u0151s\u00e9gi v\u00e1z pedig biztons\u00e1got ny\u00fajt a tartalm\u00e1nak.<\/p>\n<ul>\n<li>K\u00e9t poharat tartalmaz alkoholos italhoz (a term\u00e9k italt nem tartalmazza!)<\/li>\n<li>Sz\u00edn: z\u00f6ld\n<\/li>\n<li>Kapacit\u00e1s: 10 l\n<\/li>\n<li>Anyag: ac\u00e9l \/ rozsdamentes ac\u00e9l \u00e9s fa\n<\/li>\n<li>M\u00e9retek: 39 x 29 x 13 cm\n<\/li>\n<li>Hozz\u00e1vet\u0151leges s\u00faly: 4 kg\n<\/li>\n<li>Alkalmas boros\u00fcveg m\u00e9ret: \u00e1tm\u00e9r\u0151 80 mm, hossz 340 mm (a legt\u00f6bb kb. 0,7 l palackhoz).\n<\/li>\n<\/ul>\n<p>Az aj\u00e1nd\u00e9khoz <a href=\"https:\/\/leboxi.eu\/izdelki\/personalizirana-cestitka\/\"> <strong>szem\u00e9lyre szabott \u00fcdv\u00f6zl\u0151lapot is<br \/>\nmell\u00e9kelhet<\/strong><\/a> (+2,95 EUR).Ha szeretn\u00e9, az aj\u00e1nd\u00e9k\u00e1t mi k\u00e9zbes\u00edtj\u00fck a c\u00edmzettnek, de a sz\u00e1ml\u00e1t term\u00e9szetesen nem mell\u00e9kelj\u00fck a sz\u00e1ll\u00edt\u00e1skor. A sz\u00e1ml\u00e1t \u00f6n kapja meg.<\/p>\n<p>&nbsp;<\/p>\n<p>Utols\u00f3 sim\u00edt\u00e1sk\u00e9nt <a href=\"https:\/\/leboxi.eu\/blog\/posvetilo-darilni-listki\/\"> aj\u00e1nd\u00e9kos c\u00edmk\u00e9kkel <\/a>is feldobhatja a minib\u00e1rt, melyek elk\u00e9sz\u00edt\u00e9s\u00e9hez a blogunkon tal\u00e1l \u00fatmutat\u00f3t.<\/p>\n","protected":false},"excerpt":{"rendered":"<p>Minib\u00e1r k\u00e9t \u00fcvegpoh\u00e1rral rozsdamentes ac\u00e9lb\u00f3l \u00e9s f\u00e1b\u00f3l 10 literes \u00fczemanyagtart\u00e1ly kialak\u00edt\u00e1ssal. Ide\u00e1lis aj\u00e1nd\u00e9k partner\u00e9nek, bar\u00e1tj\u00e1nak, testv\u00e9r\u00e9nek vagy koll\u00e9g\u00e1j\u00e1nak&#8230; akinek mindig lehetetlen egyedi aj\u00e1nd\u00e9kot v\u00e1lasztani. A minib\u00e1r k\u00e9zzel k\u00e9sz\u00fclt Hollandi\u00e1ban, \u00e9s sz\u00e1mos alkalomra alkalmas, p\u00e9ld\u00e1ul piknikekre, \u00f6sszej\u00f6vetelekre \u00e9s partikra. Megjelen\u00e9s\u00e9nek k\u00f6sz\u00f6nhet\u0151en mindig a figyelem k\u00f6z\u00e9ppontj\u00e1ban lesz, ugyanakkor funkcionalit\u00e1s\u00e1nak \u00e9s kapacit\u00e1s\u00e1nak k\u00f6sz\u00f6nhet\u0151en n\u00e9lk\u00fcl\u00f6zhetetlen t\u00e1rsa lesz mindenhol, ahol sz\u00f3rakoz\u00e1s van.<\/p>\n<p>A minib\u00e1r befoga:<\/p>\n<p>&#8211; k\u00e9t poharat,<\/p>\n<p>&#8211; egy \u00fcveg alkoholos italt (whiskey, gin stb.) \u00e9s<\/p>\n<p>&#8211; k\u00e9t doboz s\u00f6rt.<\/p>\n<p><iframe title=\"YouTube video player\" src=\"https:\/\/www.youtube.com\/embed\/E9xEd_NApVc?si=TPxG3XRv53hFUj9w&amp;start=3\" width=\"560\" height=\"315\" frameborder=\"0\" allowfullscreen=\"allowfullscreen\"><\/iframe><\/p>\n<p>Ha szeretn\u00e9, az aj\u00e1nd\u00e9k\u00e1t mi k\u00e9zbes\u00edtj\u00fck a c\u00edmzettnek, de term\u00e9szetesen nem mell\u00e9kelj\u00fck a sz\u00e1ml\u00e1t a sz\u00e1ll\u00edt\u00e1skor. A sz\u00e1ml\u00e1t \u00f6n kapja meg.<\/p>\n<p>A r\u00e9szletes le\u00edr\u00e1st az al\u00e1bbiakban olvashatja el.<\/p>\n","protected":false},"featured_media":20112,"comment_status":"open","ping_status":"closed","template":"","meta":{"site-sidebar-layout":"default","site-content-layout":"default","ast-site-content-layout":"default","site-content-style":"default","site-sidebar-style":"default","ast-global-header-display":"","ast-banner-title-visibility":"","ast-main-header-display":"","ast-hfb-above-header-display":"","ast-hfb-below-header-display":"","ast-hfb-mobile-header-display":"","site-post-title":"","ast-breadcrumbs-content":"","ast-featured-img":"","footer-sml-layout":"","ast-disable-related-posts":"","theme-transparent-header-meta":"default","adv-header-id-meta":"","stick-header-meta":"","header-above-stick-meta":"","header-main-stick-meta":"","header-below-stick-meta":"","astra-migrate-meta-layouts":"default","ast-page-background-enabled":"default","ast-page-background-meta":{"desktop":{"background-color":"","background-image":"","background-repeat":"repeat","background-position":"center center","background-size":"auto","background-attachment":"scroll","background-type":"","background-media":"","overlay-type":"","overlay-color":"","overlay-opacity":"","overlay-gradient":""},"tablet":{"background-color":"","background-image":"","background-repeat":"repeat","background-position":"center center","background-size":"auto","background-attachment":"scroll","background-type":"","background-media":"","overlay-type":"","overlay-color":"","overlay-opacity":"","overlay-gradient":""},"mobile":{"background-color":"","background-image":"","background-repeat":"repeat","background-position":"center center","background-size":"auto","background-attachment":"scroll","background-type":"","background-media":"","overlay-type":"","overlay-color":"","overlay-opacity":"","overlay-gradient":""}},"ast-content-background-meta":{"desktop":{"background-color":"var(--ast-global-color-5)","background-image":"","background-repeat":"repeat","background-position":"center center","background-size":"auto","background-attachment":"scroll","background-type":"","background-media":"","overlay-type":"","overlay-color":"","overlay-opacity":"","overlay-gradient":""},"tablet":{"background-color":"var(--ast-global-color-5)","background-image":"","background-repeat":"repeat","background-position":"center center","background-size":"auto","background-attachment":"scroll","background-type":"","background-media":"","overlay-type":"","overlay-color":"","overlay-opacity":"","overlay-gradient":""},"mobile":{"background-color":"var(--ast-global-color-5)","background-image":"","background-repeat":"repeat","background-position":"center center","background-size":"auto","background-attachment":"scroll","background-type":"","background-media":"","overlay-type":"","overlay-color":"","overlay-opacity":"","overlay-gradient":""}}},"product_brand":[],"product_cat":[333,328,327,359,329,360,326,330,335,336,332,325,331,334],"product_tag":[],"class_list":{"0":"post-20111","1":"product","2":"type-product","3":"status-publish","4":"has-post-thumbnail","6":"product_cat-szuletesnapi-ajandekok-ferfiaknak","7":"product_cat-ajandekok-ferfi-partnernek","8":"product_cat-ajandekok-ferfiaknak","9":"product_cat-akcio","10":"product_cat-alkalmak","11":"product_cat-black-friday-hu","12":"product_cat-ferfi","13":"product_cat-karacsonyi-ajandekok","14":"product_cat-karacsonyi-ajandekok-ferfiaknak","15":"product_cat-legkeresettebb-termekek","16":"product_cat-szuletesnapi-ajandekok-hu","17":"product_cat-tabornok","18":"product_cat-valentin-napi-ajandekok","19":"product_cat-valentin-napi-ajandekok-ferfiaknak","20":"desktop-align-left","21":"tablet-align-left","22":"mobile-align-left","24":"first","25":"instock","26":"sale","27":"featured","28":"taxable","29":"shipping-taxable","30":"purchasable","31":"product-type-simple"},"yoast_head":"<!-- This site is optimized with the Yoast SEO plugin v27.3 - https:\/\/yoast.com\/product\/yoast-seo-wordpress\/ -->\n<title>Le Boxi | Unikatna darila za vsakogar<\/title>\n<meta name=\"description\" content=\"Minib\u00e1r k\u00e9t \u00fcvegpoh\u00e1rral rozsdamentes ac\u00e9l 10 literes \u00fczemanyagtart\u00e1ly kialak\u00edt\u00e1ssal. K\u00f6nnyen hordozhat\u00f3 \u00e9s kiv\u00e1l\u00f3 min\u0151s\u00e9g\u0171 v\u00e1z.\" \/>\n<meta name=\"robots\" content=\"index, follow, max-snippet:-1, max-image-preview:large, max-video-preview:-1\" \/>\n<link rel=\"canonical\" href=\"https:\/\/leboxi.eu\/hu\/termekek\/minibar-uzemanyagtartaly-10-l-zold\/\" \/>\n<meta property=\"og:locale\" content=\"hu_HU\" \/>\n<meta property=\"og:type\" content=\"article\" \/>\n<meta property=\"og:title\" content=\"Le Boxi | Unikatna darila za vsakogar\" \/>\n<meta property=\"og:description\" content=\"Minib\u00e1r k\u00e9t \u00fcvegpoh\u00e1rral rozsdamentes ac\u00e9l 10 literes \u00fczemanyagtart\u00e1ly kialak\u00edt\u00e1ssal. K\u00f6nnyen hordozhat\u00f3 \u00e9s kiv\u00e1l\u00f3 min\u0151s\u00e9g\u0171 v\u00e1z.\" \/>\n<meta property=\"og:url\" content=\"https:\/\/leboxi.eu\/hu\/termekek\/minibar-uzemanyagtartaly-10-l-zold\/\" \/>\n<meta property=\"og:site_name\" content=\"Le Boxi | Unikatna darila za vsakogar\" \/>\n<meta property=\"article:publisher\" content=\"https:\/\/www.facebook.com\/leboxi.eu\" \/>\n<meta property=\"article:modified_time\" content=\"2026-02-08T20:30:16+00:00\" \/>\n<meta property=\"og:image\" content=\"https:\/\/leboxi.eu\/wp-content\/uploads\/2021\/03\/Minibar-posoda-za-gorivo.jpg\" \/>\n\t<meta property=\"og:image:width\" content=\"1000\" \/>\n\t<meta property=\"og:image:height\" content=\"1000\" \/>\n\t<meta property=\"og:image:type\" content=\"image\/jpeg\" \/>\n<meta name=\"twitter:card\" content=\"summary_large_image\" \/>\n<meta name=\"twitter:label1\" content=\"Becs\u00fclt olvas\u00e1si id\u0151\" \/>\n\t<meta name=\"twitter:data1\" content=\"1 perc\" \/>\n<script type=\"application\/ld+json\" class=\"yoast-schema-graph\">{\"@context\":\"https:\\\/\\\/schema.org\",\"@graph\":[{\"@type\":\"WebPage\",\"@id\":\"https:\\\/\\\/leboxi.eu\\\/hu\\\/termekek\\\/minibar-uzemanyagtartaly-10-l-zold\\\/\",\"url\":\"https:\\\/\\\/leboxi.eu\\\/hu\\\/termekek\\\/minibar-uzemanyagtartaly-10-l-zold\\\/\",\"name\":\"Le Boxi | Unikatna darila za vsakogar\",\"isPartOf\":{\"@id\":\"https:\\\/\\\/leboxi.eu\\\/hu\\\/#website\"},\"primaryImageOfPage\":{\"@id\":\"https:\\\/\\\/leboxi.eu\\\/hu\\\/termekek\\\/minibar-uzemanyagtartaly-10-l-zold\\\/#primaryimage\"},\"image\":{\"@id\":\"https:\\\/\\\/leboxi.eu\\\/hu\\\/termekek\\\/minibar-uzemanyagtartaly-10-l-zold\\\/#primaryimage\"},\"thumbnailUrl\":\"https:\\\/\\\/leboxi.eu\\\/wp-content\\\/uploads\\\/2021\\\/03\\\/Minibar-posoda-za-gorivo.jpg\",\"datePublished\":\"2021-03-08T18:56:15+00:00\",\"dateModified\":\"2026-02-08T20:30:16+00:00\",\"description\":\"Minib\u00e1r k\u00e9t \u00fcvegpoh\u00e1rral rozsdamentes ac\u00e9l 10 literes \u00fczemanyagtart\u00e1ly kialak\u00edt\u00e1ssal. K\u00f6nnyen hordozhat\u00f3 \u00e9s kiv\u00e1l\u00f3 min\u0151s\u00e9g\u0171 v\u00e1z.\",\"breadcrumb\":{\"@id\":\"https:\\\/\\\/leboxi.eu\\\/hu\\\/termekek\\\/minibar-uzemanyagtartaly-10-l-zold\\\/#breadcrumb\"},\"inLanguage\":\"hu\",\"potentialAction\":[{\"@type\":\"ReadAction\",\"target\":[\"https:\\\/\\\/leboxi.eu\\\/hu\\\/termekek\\\/minibar-uzemanyagtartaly-10-l-zold\\\/\"]}]},{\"@type\":\"ImageObject\",\"inLanguage\":\"hu\",\"@id\":\"https:\\\/\\\/leboxi.eu\\\/hu\\\/termekek\\\/minibar-uzemanyagtartaly-10-l-zold\\\/#primaryimage\",\"url\":\"https:\\\/\\\/leboxi.eu\\\/wp-content\\\/uploads\\\/2021\\\/03\\\/Minibar-posoda-za-gorivo.jpg\",\"contentUrl\":\"https:\\\/\\\/leboxi.eu\\\/wp-content\\\/uploads\\\/2021\\\/03\\\/Minibar-posoda-za-gorivo.jpg\",\"width\":1000,\"height\":1000},{\"@type\":\"BreadcrumbList\",\"@id\":\"https:\\\/\\\/leboxi.eu\\\/hu\\\/termekek\\\/minibar-uzemanyagtartaly-10-l-zold\\\/#breadcrumb\",\"itemListElement\":[{\"@type\":\"ListItem\",\"position\":1,\"name\":\"Doma\",\"item\":\"https:\\\/\\\/leboxi.eu\\\/hu\\\/egyedi-szuletesnapi-ajandekok-noknek-ferfiaknak-es-ujszulotteknek\\\/\"},{\"@type\":\"ListItem\",\"position\":2,\"name\":\"\u00fczlet\",\"item\":\"https:\\\/\\\/leboxi.eu\\\/hu\\\/uzlet\\\/\"},{\"@type\":\"ListItem\",\"position\":3,\"name\":\"Minib\u00e1r \u00fczemanyagtart\u00e1ly 10 L \u2013 z\u00f6ld\"}]},{\"@type\":\"WebSite\",\"@id\":\"https:\\\/\\\/leboxi.eu\\\/hu\\\/#website\",\"url\":\"https:\\\/\\\/leboxi.eu\\\/hu\\\/\",\"name\":\"Le Boxi | Unikatna darila za vsakogar\",\"description\":\"Unikatna darila in darilne \u0161katle za vse prilo\u017enosti.\",\"publisher\":{\"@id\":\"https:\\\/\\\/leboxi.eu\\\/hu\\\/#organization\"},\"potentialAction\":[{\"@type\":\"SearchAction\",\"target\":{\"@type\":\"EntryPoint\",\"urlTemplate\":\"https:\\\/\\\/leboxi.eu\\\/hu\\\/?s={search_term_string}\"},\"query-input\":{\"@type\":\"PropertyValueSpecification\",\"valueRequired\":true,\"valueName\":\"search_term_string\"}}],\"inLanguage\":\"hu\"},{\"@type\":\"Organization\",\"@id\":\"https:\\\/\\\/leboxi.eu\\\/hu\\\/#organization\",\"name\":\"LE BOXI\",\"url\":\"https:\\\/\\\/leboxi.eu\\\/hu\\\/\",\"logo\":{\"@type\":\"ImageObject\",\"inLanguage\":\"hu\",\"@id\":\"https:\\\/\\\/leboxi.eu\\\/hu\\\/#\\\/schema\\\/logo\\\/image\\\/\",\"url\":\"https:\\\/\\\/leboxi.eu\\\/wp-content\\\/uploads\\\/2021\\\/02\\\/LeBoxi-manjsi-png.png\",\"contentUrl\":\"https:\\\/\\\/leboxi.eu\\\/wp-content\\\/uploads\\\/2021\\\/02\\\/LeBoxi-manjsi-png.png\",\"width\":389,\"height\":164,\"caption\":\"LE BOXI\"},\"image\":{\"@id\":\"https:\\\/\\\/leboxi.eu\\\/hu\\\/#\\\/schema\\\/logo\\\/image\\\/\"},\"sameAs\":[\"https:\\\/\\\/www.facebook.com\\\/leboxi.eu\",\"https:\\\/\\\/www.instagram.com\\\/le.boxi\\\/\"]}]}<\/script>\n<!-- \/ Yoast SEO plugin. -->","yoast_head_json":{"title":"Le Boxi | Unikatna darila za vsakogar","description":"Minib\u00e1r k\u00e9t \u00fcvegpoh\u00e1rral rozsdamentes ac\u00e9l 10 literes \u00fczemanyagtart\u00e1ly kialak\u00edt\u00e1ssal. K\u00f6nnyen hordozhat\u00f3 \u00e9s kiv\u00e1l\u00f3 min\u0151s\u00e9g\u0171 v\u00e1z.","robots":{"index":"index","follow":"follow","max-snippet":"max-snippet:-1","max-image-preview":"max-image-preview:large","max-video-preview":"max-video-preview:-1"},"canonical":"https:\/\/leboxi.eu\/hu\/termekek\/minibar-uzemanyagtartaly-10-l-zold\/","og_locale":"hu_HU","og_type":"article","og_title":"Le Boxi | Unikatna darila za vsakogar","og_description":"Minib\u00e1r k\u00e9t \u00fcvegpoh\u00e1rral rozsdamentes ac\u00e9l 10 literes \u00fczemanyagtart\u00e1ly kialak\u00edt\u00e1ssal. K\u00f6nnyen hordozhat\u00f3 \u00e9s kiv\u00e1l\u00f3 min\u0151s\u00e9g\u0171 v\u00e1z.","og_url":"https:\/\/leboxi.eu\/hu\/termekek\/minibar-uzemanyagtartaly-10-l-zold\/","og_site_name":"Le Boxi | Unikatna darila za vsakogar","article_publisher":"https:\/\/www.facebook.com\/leboxi.eu","article_modified_time":"2026-02-08T20:30:16+00:00","og_image":[{"width":1000,"height":1000,"url":"https:\/\/leboxi.eu\/wp-content\/uploads\/2021\/03\/Minibar-posoda-za-gorivo.jpg","type":"image\/jpeg"}],"twitter_card":"summary_large_image","twitter_misc":{"Becs\u00fclt olvas\u00e1si id\u0151":"1 perc"},"schema":{"@context":"https:\/\/schema.org","@graph":[{"@type":"WebPage","@id":"https:\/\/leboxi.eu\/hu\/termekek\/minibar-uzemanyagtartaly-10-l-zold\/","url":"https:\/\/leboxi.eu\/hu\/termekek\/minibar-uzemanyagtartaly-10-l-zold\/","name":"Le Boxi | Unikatna darila za vsakogar","isPartOf":{"@id":"https:\/\/leboxi.eu\/hu\/#website"},"primaryImageOfPage":{"@id":"https:\/\/leboxi.eu\/hu\/termekek\/minibar-uzemanyagtartaly-10-l-zold\/#primaryimage"},"image":{"@id":"https:\/\/leboxi.eu\/hu\/termekek\/minibar-uzemanyagtartaly-10-l-zold\/#primaryimage"},"thumbnailUrl":"https:\/\/leboxi.eu\/wp-content\/uploads\/2021\/03\/Minibar-posoda-za-gorivo.jpg","datePublished":"2021-03-08T18:56:15+00:00","dateModified":"2026-02-08T20:30:16+00:00","description":"Minib\u00e1r k\u00e9t \u00fcvegpoh\u00e1rral rozsdamentes ac\u00e9l 10 literes \u00fczemanyagtart\u00e1ly kialak\u00edt\u00e1ssal. K\u00f6nnyen hordozhat\u00f3 \u00e9s kiv\u00e1l\u00f3 min\u0151s\u00e9g\u0171 v\u00e1z.","breadcrumb":{"@id":"https:\/\/leboxi.eu\/hu\/termekek\/minibar-uzemanyagtartaly-10-l-zold\/#breadcrumb"},"inLanguage":"hu","potentialAction":[{"@type":"ReadAction","target":["https:\/\/leboxi.eu\/hu\/termekek\/minibar-uzemanyagtartaly-10-l-zold\/"]}]},{"@type":"ImageObject","inLanguage":"hu","@id":"https:\/\/leboxi.eu\/hu\/termekek\/minibar-uzemanyagtartaly-10-l-zold\/#primaryimage","url":"https:\/\/leboxi.eu\/wp-content\/uploads\/2021\/03\/Minibar-posoda-za-gorivo.jpg","contentUrl":"https:\/\/leboxi.eu\/wp-content\/uploads\/2021\/03\/Minibar-posoda-za-gorivo.jpg","width":1000,"height":1000},{"@type":"BreadcrumbList","@id":"https:\/\/leboxi.eu\/hu\/termekek\/minibar-uzemanyagtartaly-10-l-zold\/#breadcrumb","itemListElement":[{"@type":"ListItem","position":1,"name":"Doma","item":"https:\/\/leboxi.eu\/hu\/egyedi-szuletesnapi-ajandekok-noknek-ferfiaknak-es-ujszulotteknek\/"},{"@type":"ListItem","position":2,"name":"\u00fczlet","item":"https:\/\/leboxi.eu\/hu\/uzlet\/"},{"@type":"ListItem","position":3,"name":"Minib\u00e1r \u00fczemanyagtart\u00e1ly 10 L \u2013 z\u00f6ld"}]},{"@type":"WebSite","@id":"https:\/\/leboxi.eu\/hu\/#website","url":"https:\/\/leboxi.eu\/hu\/","name":"Le Boxi | Unikatna darila za vsakogar","description":"Unikatna darila in darilne \u0161katle za vse prilo\u017enosti.","publisher":{"@id":"https:\/\/leboxi.eu\/hu\/#organization"},"potentialAction":[{"@type":"SearchAction","target":{"@type":"EntryPoint","urlTemplate":"https:\/\/leboxi.eu\/hu\/?s={search_term_string}"},"query-input":{"@type":"PropertyValueSpecification","valueRequired":true,"valueName":"search_term_string"}}],"inLanguage":"hu"},{"@type":"Organization","@id":"https:\/\/leboxi.eu\/hu\/#organization","name":"LE BOXI","url":"https:\/\/leboxi.eu\/hu\/","logo":{"@type":"ImageObject","inLanguage":"hu","@id":"https:\/\/leboxi.eu\/hu\/#\/schema\/logo\/image\/","url":"https:\/\/leboxi.eu\/wp-content\/uploads\/2021\/02\/LeBoxi-manjsi-png.png","contentUrl":"https:\/\/leboxi.eu\/wp-content\/uploads\/2021\/02\/LeBoxi-manjsi-png.png","width":389,"height":164,"caption":"LE BOXI"},"image":{"@id":"https:\/\/leboxi.eu\/hu\/#\/schema\/logo\/image\/"},"sameAs":["https:\/\/www.facebook.com\/leboxi.eu","https:\/\/www.instagram.com\/le.boxi\/"]}]}},"tiered_pricing_type":"fixed","tiered_pricing_fixed_rules":[],"tiered_pricing_product_settings":{"layout":"default","base_unit_name":{"singular":null,"plural":null},"default_variation":null},"tiered_pricing_minimum_quantity":null,"tiered_pricing_roles_data":[],"tiered_pricing_percentage_rules":[],"_links":{"self":[{"href":"https:\/\/leboxi.eu\/hu\/wp-json\/wp\/v2\/product\/20111","targetHints":{"allow":["GET"]}}],"collection":[{"href":"https:\/\/leboxi.eu\/hu\/wp-json\/wp\/v2\/product"}],"about":[{"href":"https:\/\/leboxi.eu\/hu\/wp-json\/wp\/v2\/types\/product"}],"replies":[{"embeddable":true,"href":"https:\/\/leboxi.eu\/hu\/wp-json\/wp\/v2\/comments?post=20111"}],"version-history":[{"count":0,"href":"https:\/\/leboxi.eu\/hu\/wp-json\/wp\/v2\/product\/20111\/revisions"}],"wp:featuredmedia":[{"embeddable":true,"href":"https:\/\/leboxi.eu\/hu\/wp-json\/wp\/v2\/media\/20112"}],"wp:attachment":[{"href":"https:\/\/leboxi.eu\/hu\/wp-json\/wp\/v2\/media?parent=20111"}],"wp:term":[{"taxonomy":"product_brand","embeddable":true,"href":"https:\/\/leboxi.eu\/hu\/wp-json\/wp\/v2\/product_brand?post=20111"},{"taxonomy":"product_cat","embeddable":true,"href":"https:\/\/leboxi.eu\/hu\/wp-json\/wp\/v2\/product_cat?post=20111"},{"taxonomy":"product_tag","embeddable":true,"href":"https:\/\/leboxi.eu\/hu\/wp-json\/wp\/v2\/product_tag?post=20111"}],"curies":[{"name":"wp","href":"https:\/\/api.w.org\/{rel}","templated":true}]}}