{"id":20061,"date":"2021-04-08T19:57:33","date_gmt":"2021-04-08T18:57:33","guid":{"rendered":"https:\/\/leboxi.eu\/izdelki\/flaska-barna-150-ml\/"},"modified":"2026-01-22T19:06:23","modified_gmt":"2026-01-22T18:06:23","slug":"flaska-barna-150-ml","status":"publish","type":"product","link":"https:\/\/leboxi.eu\/hu\/termekek\/flaska-barna-150-ml\/","title":{"rendered":"flaska barna \u2013 150 ml"},"content":{"rendered":"<p><strong>Flaska<\/strong><\/p>\n<p>Sz\u00edn: Barna<\/p>\n<p>Anyag: Rozsdamentes ac\u00e9l \u00e9s PU b\u0151r<\/p>\n<p>Kapacit\u00e1s: 150 ml<\/p>\n<p>Sz\u00e9less\u00e9g: 9,5 cm<\/p>\n<p>M\u00e9lys\u00e9g: 11 cm<\/p>\n<p>Vastags\u00e1g: 2,2 cm<\/p>\n<p>S\u00faly: 101g<\/p>\n<p>Ha nem v\u00e1lasztja mell\u00e9 a f\u00e1b\u00f3l k\u00e9sz\u00fclt eleg\u00e1ns d\u00edszdobozt, a flask\u00e1t az eredeti csomagol\u00e1s\u00e1ban kapja meg (kartondoboz).<\/p>\n<p>&nbsp;<\/p>\n<p><strong>Min\u0151s\u00e9gi \u00e9s eleg\u00e1ns d\u00edszdoboz<\/strong><\/p>\n<p>Alkalmas a flaska k\u00edn\u00e1latunkhoz, 150 ml.<\/p>\n<p>Fekete-sz\u00fcrke habbet\u00e9ttel b\u00e9lelve a ki\u00f6nt\u0151 dug\u00f3 \u00e9s a kulacs elhelyez\u00e9s\u00e9hez.<\/p>\n<p>A doboz m\u00e9retei: 16,5 cm hossz\u00fa, 14,5 cm sz\u00e9les, 4,5 cm m\u00e9ly.<\/p>\n<p>F\u00e9m z\u00e1r\u00f3szerkezet.<\/p>\n<p>F\u00e9m ki\u00f6nt\u0151 dug\u00f3 a kulacs felt\u00f6lt\u00e9s\u00e9hez.<\/p>\n<h6>Kieg\u00e9sz\u00edt\u0151 szolg\u00e1ltat\u00e1s:<\/h6>\n<p>Az aj\u00e1nd\u00e9kcsomaghoz\u00a0<strong>szem\u00e9lyre sz\u00f3l\u00f3 \u00fcdv\u00f6zl\u0151k\u00e1rty\u00e1t<\/strong>\u00a0(+ 2,95 \u20ac) is csatolhat.<\/p>\n<p>Ha szeretn\u00e9, az aj\u00e1nd\u00e9k\u00e1t mi k\u00e9zbes\u00edtj\u00fck a c\u00edmzettnek, de a sz\u00e1ml\u00e1t term\u00e9szetesen nem mell\u00e9kelj\u00fck a sz\u00e1ll\u00edt\u00e1skor. A sz\u00e1ml\u00e1t \u00f6n kapja meg.<\/p>\n<p>Utols\u00f3 sim\u00edt\u00e1sk\u00e9nt<a href=\"https:\/\/leboxi.eu\/blog\/posvetilo-darilni-listki\/\">aj\u00e1nd\u00e9kos c\u00edmk\u00e9kkel<\/a> is feldobhatja az aj\u00e1nd\u00e9kcsomagj\u00e1t, melyek elk\u00e9sz\u00edt\u00e9s\u00e9hez a blogunkon tal\u00e1l \u00fatmutat\u00f3t.<\/p>\n<p>Szem\u00e9lyre sz\u00f3l\u00f3 term\u00e9kek eset\u00e9ben a vev\u0151nek <strong>nem \u00e1ll jog\u00e1nak<\/strong> el\u00e1llni az ad\u00e1sv\u00e9teli szerz\u0151d\u00e9st\u0151l. A gyakorlatban ez azt jelenti, hogy a fogyaszt\u00f3 a megrendel\u0151 k\u00edv\u00e1ns\u00e1ga szerint k\u00e9sz\u00fclt valamennyi term\u00e9k eset\u00e9ben nem k\u00fcldheti vissza a term\u00e9ket, \u00e9s k\u00f6teles a megk\u00f6t\u00f6tt szerz\u0151d\u00e9s szerint fizetni. A szolg\u00e1ltat\u00f3 nem v\u00e1llal felel\u0151ss\u00e9get a v\u00e1s\u00e1rl\u00e1skor helytelen\u00fcl kiv\u00e1lasztott szem\u00e9lyre szab\u00e1si opci\u00f3k\u00e9rt (pl. helytelen\u00fcl kiv\u00e1lasztott szem\u00e9lyre sz\u00f3l\u00f3 term\u00e9kt\u00edpus, szem\u00e9lyre szab\u00e1si minta helytelen kiv\u00e1laszt\u00e1sa, helyes\u00edr\u00e1si hib\u00e1k, d\u00e1tumhib\u00e1k stb.).<\/p>\n","protected":false},"excerpt":{"rendered":"<p>Barna m\u0171b\u0151r flaska f\u00e9mkupakkal. Rendelhet\u0151 kezd\u0151bet\u0171k vagy a c\u00edmzett nev\u00e9nek eleg\u00e1ns grav\u00edroz\u00e1s\u00e1val is, \u00edgy olyan aj\u00e1nd\u00e9kk\u00e1 v\u00e1lik a flaska, amelyet az aj\u00e1nd\u00e9kozott sosem fog elfelejteni. A kulacs tart\u00f3s rozsdamentes ac\u00e9lb\u00f3l \u00e9s b\u0151rb\u0151l k\u00e9sz\u00fcl, \u00e9s ak\u00e1r 150 ml-t is bele\u00f6nthet kedvenc ital\u00e1b\u00f3l, \u00edgy azt b\u00e1rhov\u00e1 mag\u00e1val viheti. A r\u00f6gz\u00edtett ac\u00e9l kupak biztos\u00edtja, hogy az ital soha ne folyjon ki, \u00e9s hogy a kupak soha ne vesszen el.<\/p>\n<p>Aj\u00e1nd\u00e9kozzon szem\u00e9lyre sz\u00f3l\u00f3 kulacsot min\u0151s\u00e9gi, eleg\u00e1ns fa ut\u00e1nzatb\u00f3l k\u00e9sz\u00fclt d\u00edszdobozban. Az d\u00edszdobozban egy f\u00e9m t\u00f6lcs\u00e9r is van, amely megk\u00f6nny\u00edti a folyad\u00e9k flask\u00e1ba \u00f6nt\u00e9s\u00e9t.<\/p>\n<p><iframe title=\"YouTube video player\" src=\"https:\/\/www.youtube.com\/embed\/SFRwh3m3rOA?si=vVdIowOQdNWMVz26\" width=\"560\" height=\"315\" frameborder=\"0\" allowfullscreen=\"allowfullscreen\"><\/iframe><\/p>\n<p><a href=\"https:\/\/leboxi.eu\/izdelki\/personalizirana-cestitka\/\">Szem\u00e9lyre sz\u00f3l\u00f3 aj\u00e1nd\u00e9kk\u00e1rty\u00e1t<\/a> (fel\u00e1ras) is mell\u00e9kelhet az aj\u00e1nd\u00e9khoz.<\/p>\n<p>&nbsp;<\/p>\n<p>Ha szeretn\u00e9, az aj\u00e1nd\u00e9kot mi k\u00e9zbes\u00edtj\u00fck a c\u00edmzettnek, de term\u00e9szetesen nem mell\u00e9kelj\u00fck a sz\u00e1ml\u00e1t a k\u00e9zbes\u00edt\u00e9skor. A sz\u00e1ml\u00e1t \u00f6n kapja meg.<\/p>\n","protected":false},"featured_media":20062,"comment_status":"open","ping_status":"closed","template":"","meta":{"site-sidebar-layout":"default","site-content-layout":"default","ast-site-content-layout":"default","site-content-style":"default","site-sidebar-style":"default","ast-global-header-display":"","ast-banner-title-visibility":"","ast-main-header-display":"","ast-hfb-above-header-display":"","ast-hfb-below-header-display":"","ast-hfb-mobile-header-display":"","site-post-title":"","ast-breadcrumbs-content":"","ast-featured-img":"","footer-sml-layout":"","ast-disable-related-posts":"","theme-transparent-header-meta":"default","adv-header-id-meta":"","stick-header-meta":"","header-above-stick-meta":"","header-main-stick-meta":"","header-below-stick-meta":"","astra-migrate-meta-layouts":"set","ast-page-background-enabled":"default","ast-page-background-meta":{"desktop":{"background-color":"","background-image":"","background-repeat":"repeat","background-position":"center center","background-size":"auto","background-attachment":"scroll","background-type":"","background-media":"","overlay-type":"","overlay-color":"","overlay-opacity":"","overlay-gradient":""},"tablet":{"background-color":"","background-image":"","background-repeat":"repeat","background-position":"center center","background-size":"auto","background-attachment":"scroll","background-type":"","background-media":"","overlay-type":"","overlay-color":"","overlay-opacity":"","overlay-gradient":""},"mobile":{"background-color":"","background-image":"","background-repeat":"repeat","background-position":"center center","background-size":"auto","background-attachment":"scroll","background-type":"","background-media":"","overlay-type":"","overlay-color":"","overlay-opacity":"","overlay-gradient":""}},"ast-content-background-meta":{"desktop":{"background-color":"var(--ast-global-color-5)","background-image":"","background-repeat":"repeat","background-position":"center center","background-size":"auto","background-attachment":"scroll","background-type":"","background-media":"","overlay-type":"","overlay-color":"","overlay-opacity":"","overlay-gradient":""},"tablet":{"background-color":"var(--ast-global-color-5)","background-image":"","background-repeat":"repeat","background-position":"center center","background-size":"auto","background-attachment":"scroll","background-type":"","background-media":"","overlay-type":"","overlay-color":"","overlay-opacity":"","overlay-gradient":""},"mobile":{"background-color":"var(--ast-global-color-5)","background-image":"","background-repeat":"repeat","background-position":"center center","background-size":"auto","background-attachment":"scroll","background-type":"","background-media":"","overlay-type":"","overlay-color":"","overlay-opacity":"","overlay-gradient":""}}},"product_brand":[],"product_cat":[333,328,327,329,326,361,330,335,336,332,325,337,331,334],"product_tag":[],"class_list":{"0":"post-20061","1":"product","2":"type-product","3":"status-publish","4":"has-post-thumbnail","6":"product_cat-szuletesnapi-ajandekok-ferfiaknak","7":"product_cat-ajandekok-ferfi-partnernek","8":"product_cat-ajandekok-ferfiaknak","9":"product_cat-alkalmak","10":"product_cat-ferfi","11":"product_cat-flaska","12":"product_cat-karacsonyi-ajandekok","13":"product_cat-karacsonyi-ajandekok-ferfiaknak","14":"product_cat-legkeresettebb-termekek","15":"product_cat-szuletesnapi-ajandekok-hu","16":"product_cat-tabornok","17":"product_cat-teli-kiarusitas","18":"product_cat-valentin-napi-ajandekok","19":"product_cat-valentin-napi-ajandekok-ferfiaknak","20":"pa_prisrcnica-personalizacija-nincs-szemelyre-szabas-nincs-diszdoboz","21":"pa_prisrcnica-personalizacija-szemelyre-szabas-nelkul-diszdoboz","22":"pa_prisrcnica-personalizacija-szemelyre-szabas-nelkul-fem-diszdoboz","23":"pa_prisrcnica-personalizacija-szemelyre-szabassal-ajandekdoboz-nelkul","24":"pa_prisrcnica-personalizacija-szemelyre-szabassal-diszdoboz","25":"pa_prisrcnica-personalizacija-szemelyre-szabassal-fem-diszdoboz","26":"desktop-align-left","27":"tablet-align-left","28":"mobile-align-left","30":"first","31":"outofstock","32":"taxable","33":"shipping-taxable","34":"purchasable","35":"product-type-variable"},"yoast_head":"<!-- This site is optimized with the Yoast SEO plugin v27.3 - https:\/\/yoast.com\/product\/yoast-seo-wordpress\/ -->\n<title>flaska | flaska barna b\u0151r | Le Boxi<\/title>\n<meta name=\"description\" content=\"Barna m\u0171b\u0151r flaska f\u00e9mkupakkal. Rendelhet\u0151 kezd\u0151bet\u0171k vagy a c\u00edmzett nev\u00e9nek eleg\u00e1ns grav\u00edroz\u00e1s\u00e1val is.\" \/>\n<meta name=\"robots\" content=\"index, follow, max-snippet:-1, max-image-preview:large, max-video-preview:-1\" \/>\n<link rel=\"canonical\" href=\"https:\/\/leboxi.eu\/hu\/termekek\/flaska-barna-150-ml\/\" \/>\n<meta property=\"og:locale\" content=\"hu_HU\" \/>\n<meta property=\"og:type\" content=\"article\" \/>\n<meta property=\"og:title\" content=\"flaska | flaska barna b\u0151r | Le Boxi\" \/>\n<meta property=\"og:description\" content=\"Barna m\u0171b\u0151r flaska f\u00e9mkupakkal. Rendelhet\u0151 kezd\u0151bet\u0171k vagy a c\u00edmzett nev\u00e9nek eleg\u00e1ns grav\u00edroz\u00e1s\u00e1val is.\" \/>\n<meta property=\"og:url\" content=\"https:\/\/leboxi.eu\/hu\/termekek\/flaska-barna-150-ml\/\" \/>\n<meta property=\"og:site_name\" content=\"Le Boxi | Unikatna darila za vsakogar\" \/>\n<meta property=\"article:publisher\" content=\"https:\/\/www.facebook.com\/leboxi.eu\" \/>\n<meta property=\"article:modified_time\" content=\"2026-01-22T18:06:23+00:00\" \/>\n<meta property=\"og:image\" content=\"https:\/\/leboxi.eu\/wp-content\/uploads\/2021\/04\/Izdelek-11-of-43.jpg\" \/>\n\t<meta property=\"og:image:width\" content=\"1000\" \/>\n\t<meta property=\"og:image:height\" content=\"1000\" \/>\n\t<meta property=\"og:image:type\" content=\"image\/jpeg\" \/>\n<meta name=\"twitter:card\" content=\"summary_large_image\" \/>\n<meta name=\"twitter:label1\" content=\"Becs\u00fclt olvas\u00e1si id\u0151\" \/>\n\t<meta name=\"twitter:data1\" content=\"2 perc\" \/>\n<script type=\"application\/ld+json\" class=\"yoast-schema-graph\">{\"@context\":\"https:\\\/\\\/schema.org\",\"@graph\":[{\"@type\":\"WebPage\",\"@id\":\"https:\\\/\\\/leboxi.eu\\\/hu\\\/termekek\\\/flaska-barna-150-ml\\\/\",\"url\":\"https:\\\/\\\/leboxi.eu\\\/hu\\\/termekek\\\/flaska-barna-150-ml\\\/\",\"name\":\"flaska | flaska barna b\u0151r | Le Boxi\",\"isPartOf\":{\"@id\":\"https:\\\/\\\/leboxi.eu\\\/hu\\\/#website\"},\"primaryImageOfPage\":{\"@id\":\"https:\\\/\\\/leboxi.eu\\\/hu\\\/termekek\\\/flaska-barna-150-ml\\\/#primaryimage\"},\"image\":{\"@id\":\"https:\\\/\\\/leboxi.eu\\\/hu\\\/termekek\\\/flaska-barna-150-ml\\\/#primaryimage\"},\"thumbnailUrl\":\"https:\\\/\\\/leboxi.eu\\\/wp-content\\\/uploads\\\/2021\\\/04\\\/Izdelek-11-of-43.jpg\",\"datePublished\":\"2021-04-08T18:57:33+00:00\",\"dateModified\":\"2026-01-22T18:06:23+00:00\",\"description\":\"Barna m\u0171b\u0151r flaska f\u00e9mkupakkal. Rendelhet\u0151 kezd\u0151bet\u0171k vagy a c\u00edmzett nev\u00e9nek eleg\u00e1ns grav\u00edroz\u00e1s\u00e1val is.\",\"breadcrumb\":{\"@id\":\"https:\\\/\\\/leboxi.eu\\\/hu\\\/termekek\\\/flaska-barna-150-ml\\\/#breadcrumb\"},\"inLanguage\":\"hu\",\"potentialAction\":[{\"@type\":\"ReadAction\",\"target\":[\"https:\\\/\\\/leboxi.eu\\\/hu\\\/termekek\\\/flaska-barna-150-ml\\\/\"]}]},{\"@type\":\"ImageObject\",\"inLanguage\":\"hu\",\"@id\":\"https:\\\/\\\/leboxi.eu\\\/hu\\\/termekek\\\/flaska-barna-150-ml\\\/#primaryimage\",\"url\":\"https:\\\/\\\/leboxi.eu\\\/wp-content\\\/uploads\\\/2021\\\/04\\\/Izdelek-11-of-43.jpg\",\"contentUrl\":\"https:\\\/\\\/leboxi.eu\\\/wp-content\\\/uploads\\\/2021\\\/04\\\/Izdelek-11-of-43.jpg\",\"width\":1000,\"height\":1000},{\"@type\":\"BreadcrumbList\",\"@id\":\"https:\\\/\\\/leboxi.eu\\\/hu\\\/termekek\\\/flaska-barna-150-ml\\\/#breadcrumb\",\"itemListElement\":[{\"@type\":\"ListItem\",\"position\":1,\"name\":\"Doma\",\"item\":\"https:\\\/\\\/leboxi.eu\\\/hu\\\/egyedi-szuletesnapi-ajandekok-noknek-ferfiaknak-es-ujszulotteknek\\\/\"},{\"@type\":\"ListItem\",\"position\":2,\"name\":\"\u00fczlet\",\"item\":\"https:\\\/\\\/leboxi.eu\\\/hu\\\/uzlet\\\/\"},{\"@type\":\"ListItem\",\"position\":3,\"name\":\"flaska barna \u2013 150 ml\"}]},{\"@type\":\"WebSite\",\"@id\":\"https:\\\/\\\/leboxi.eu\\\/hu\\\/#website\",\"url\":\"https:\\\/\\\/leboxi.eu\\\/hu\\\/\",\"name\":\"Le Boxi | Unikatna darila za vsakogar\",\"description\":\"Unikatna darila in darilne \u0161katle za vse prilo\u017enosti.\",\"publisher\":{\"@id\":\"https:\\\/\\\/leboxi.eu\\\/hu\\\/#organization\"},\"potentialAction\":[{\"@type\":\"SearchAction\",\"target\":{\"@type\":\"EntryPoint\",\"urlTemplate\":\"https:\\\/\\\/leboxi.eu\\\/hu\\\/?s={search_term_string}\"},\"query-input\":{\"@type\":\"PropertyValueSpecification\",\"valueRequired\":true,\"valueName\":\"search_term_string\"}}],\"inLanguage\":\"hu\"},{\"@type\":\"Organization\",\"@id\":\"https:\\\/\\\/leboxi.eu\\\/hu\\\/#organization\",\"name\":\"LE BOXI\",\"url\":\"https:\\\/\\\/leboxi.eu\\\/hu\\\/\",\"logo\":{\"@type\":\"ImageObject\",\"inLanguage\":\"hu\",\"@id\":\"https:\\\/\\\/leboxi.eu\\\/hu\\\/#\\\/schema\\\/logo\\\/image\\\/\",\"url\":\"https:\\\/\\\/leboxi.eu\\\/wp-content\\\/uploads\\\/2021\\\/02\\\/LeBoxi-manjsi-png.png\",\"contentUrl\":\"https:\\\/\\\/leboxi.eu\\\/wp-content\\\/uploads\\\/2021\\\/02\\\/LeBoxi-manjsi-png.png\",\"width\":389,\"height\":164,\"caption\":\"LE BOXI\"},\"image\":{\"@id\":\"https:\\\/\\\/leboxi.eu\\\/hu\\\/#\\\/schema\\\/logo\\\/image\\\/\"},\"sameAs\":[\"https:\\\/\\\/www.facebook.com\\\/leboxi.eu\",\"https:\\\/\\\/www.instagram.com\\\/le.boxi\\\/\"]}]}<\/script>\n<!-- \/ Yoast SEO plugin. -->","yoast_head_json":{"title":"flaska | flaska barna b\u0151r | Le Boxi","description":"Barna m\u0171b\u0151r flaska f\u00e9mkupakkal. Rendelhet\u0151 kezd\u0151bet\u0171k vagy a c\u00edmzett nev\u00e9nek eleg\u00e1ns grav\u00edroz\u00e1s\u00e1val is.","robots":{"index":"index","follow":"follow","max-snippet":"max-snippet:-1","max-image-preview":"max-image-preview:large","max-video-preview":"max-video-preview:-1"},"canonical":"https:\/\/leboxi.eu\/hu\/termekek\/flaska-barna-150-ml\/","og_locale":"hu_HU","og_type":"article","og_title":"flaska | flaska barna b\u0151r | Le Boxi","og_description":"Barna m\u0171b\u0151r flaska f\u00e9mkupakkal. Rendelhet\u0151 kezd\u0151bet\u0171k vagy a c\u00edmzett nev\u00e9nek eleg\u00e1ns grav\u00edroz\u00e1s\u00e1val is.","og_url":"https:\/\/leboxi.eu\/hu\/termekek\/flaska-barna-150-ml\/","og_site_name":"Le Boxi | Unikatna darila za vsakogar","article_publisher":"https:\/\/www.facebook.com\/leboxi.eu","article_modified_time":"2026-01-22T18:06:23+00:00","og_image":[{"width":1000,"height":1000,"url":"https:\/\/leboxi.eu\/wp-content\/uploads\/2021\/04\/Izdelek-11-of-43.jpg","type":"image\/jpeg"}],"twitter_card":"summary_large_image","twitter_misc":{"Becs\u00fclt olvas\u00e1si id\u0151":"2 perc"},"schema":{"@context":"https:\/\/schema.org","@graph":[{"@type":"WebPage","@id":"https:\/\/leboxi.eu\/hu\/termekek\/flaska-barna-150-ml\/","url":"https:\/\/leboxi.eu\/hu\/termekek\/flaska-barna-150-ml\/","name":"flaska | flaska barna b\u0151r | Le Boxi","isPartOf":{"@id":"https:\/\/leboxi.eu\/hu\/#website"},"primaryImageOfPage":{"@id":"https:\/\/leboxi.eu\/hu\/termekek\/flaska-barna-150-ml\/#primaryimage"},"image":{"@id":"https:\/\/leboxi.eu\/hu\/termekek\/flaska-barna-150-ml\/#primaryimage"},"thumbnailUrl":"https:\/\/leboxi.eu\/wp-content\/uploads\/2021\/04\/Izdelek-11-of-43.jpg","datePublished":"2021-04-08T18:57:33+00:00","dateModified":"2026-01-22T18:06:23+00:00","description":"Barna m\u0171b\u0151r flaska f\u00e9mkupakkal. Rendelhet\u0151 kezd\u0151bet\u0171k vagy a c\u00edmzett nev\u00e9nek eleg\u00e1ns grav\u00edroz\u00e1s\u00e1val is.","breadcrumb":{"@id":"https:\/\/leboxi.eu\/hu\/termekek\/flaska-barna-150-ml\/#breadcrumb"},"inLanguage":"hu","potentialAction":[{"@type":"ReadAction","target":["https:\/\/leboxi.eu\/hu\/termekek\/flaska-barna-150-ml\/"]}]},{"@type":"ImageObject","inLanguage":"hu","@id":"https:\/\/leboxi.eu\/hu\/termekek\/flaska-barna-150-ml\/#primaryimage","url":"https:\/\/leboxi.eu\/wp-content\/uploads\/2021\/04\/Izdelek-11-of-43.jpg","contentUrl":"https:\/\/leboxi.eu\/wp-content\/uploads\/2021\/04\/Izdelek-11-of-43.jpg","width":1000,"height":1000},{"@type":"BreadcrumbList","@id":"https:\/\/leboxi.eu\/hu\/termekek\/flaska-barna-150-ml\/#breadcrumb","itemListElement":[{"@type":"ListItem","position":1,"name":"Doma","item":"https:\/\/leboxi.eu\/hu\/egyedi-szuletesnapi-ajandekok-noknek-ferfiaknak-es-ujszulotteknek\/"},{"@type":"ListItem","position":2,"name":"\u00fczlet","item":"https:\/\/leboxi.eu\/hu\/uzlet\/"},{"@type":"ListItem","position":3,"name":"flaska barna \u2013 150 ml"}]},{"@type":"WebSite","@id":"https:\/\/leboxi.eu\/hu\/#website","url":"https:\/\/leboxi.eu\/hu\/","name":"Le Boxi | Unikatna darila za vsakogar","description":"Unikatna darila in darilne \u0161katle za vse prilo\u017enosti.","publisher":{"@id":"https:\/\/leboxi.eu\/hu\/#organization"},"potentialAction":[{"@type":"SearchAction","target":{"@type":"EntryPoint","urlTemplate":"https:\/\/leboxi.eu\/hu\/?s={search_term_string}"},"query-input":{"@type":"PropertyValueSpecification","valueRequired":true,"valueName":"search_term_string"}}],"inLanguage":"hu"},{"@type":"Organization","@id":"https:\/\/leboxi.eu\/hu\/#organization","name":"LE BOXI","url":"https:\/\/leboxi.eu\/hu\/","logo":{"@type":"ImageObject","inLanguage":"hu","@id":"https:\/\/leboxi.eu\/hu\/#\/schema\/logo\/image\/","url":"https:\/\/leboxi.eu\/wp-content\/uploads\/2021\/02\/LeBoxi-manjsi-png.png","contentUrl":"https:\/\/leboxi.eu\/wp-content\/uploads\/2021\/02\/LeBoxi-manjsi-png.png","width":389,"height":164,"caption":"LE BOXI"},"image":{"@id":"https:\/\/leboxi.eu\/hu\/#\/schema\/logo\/image\/"},"sameAs":["https:\/\/www.facebook.com\/leboxi.eu","https:\/\/www.instagram.com\/le.boxi\/"]}]}},"tiered_pricing_type":"fixed","tiered_pricing_fixed_rules":[],"tiered_pricing_product_settings":{"layout":"default","base_unit_name":{"singular":null,"plural":null},"default_variation":null},"tiered_pricing_minimum_quantity":null,"tiered_pricing_roles_data":[],"tiered_pricing_percentage_rules":[],"_links":{"self":[{"href":"https:\/\/leboxi.eu\/hu\/wp-json\/wp\/v2\/product\/20061","targetHints":{"allow":["GET"]}}],"collection":[{"href":"https:\/\/leboxi.eu\/hu\/wp-json\/wp\/v2\/product"}],"about":[{"href":"https:\/\/leboxi.eu\/hu\/wp-json\/wp\/v2\/types\/product"}],"replies":[{"embeddable":true,"href":"https:\/\/leboxi.eu\/hu\/wp-json\/wp\/v2\/comments?post=20061"}],"version-history":[{"count":0,"href":"https:\/\/leboxi.eu\/hu\/wp-json\/wp\/v2\/product\/20061\/revisions"}],"wp:featuredmedia":[{"embeddable":true,"href":"https:\/\/leboxi.eu\/hu\/wp-json\/wp\/v2\/media\/20062"}],"wp:attachment":[{"href":"https:\/\/leboxi.eu\/hu\/wp-json\/wp\/v2\/media?parent=20061"}],"wp:term":[{"taxonomy":"product_brand","embeddable":true,"href":"https:\/\/leboxi.eu\/hu\/wp-json\/wp\/v2\/product_brand?post=20061"},{"taxonomy":"product_cat","embeddable":true,"href":"https:\/\/leboxi.eu\/hu\/wp-json\/wp\/v2\/product_cat?post=20061"},{"taxonomy":"product_tag","embeddable":true,"href":"https:\/\/leboxi.eu\/hu\/wp-json\/wp\/v2\/product_tag?post=20061"}],"curies":[{"name":"wp","href":"https:\/\/api.w.org\/{rel}","templated":true}]}}