{"id":19980,"date":"2021-10-10T14:18:57","date_gmt":"2021-10-10T13:18:57","guid":{"rendered":"https:\/\/leboxi.eu\/izdelki\/tekercses-fagyi-keszito-keszlet\/"},"modified":"2026-01-15T16:49:09","modified_gmt":"2026-01-15T15:49:09","slug":"tekercses-fagyi-keszito-keszlet","status":"publish","type":"product","link":"https:\/\/leboxi.eu\/hu\/termekek\/tekercses-fagyi-keszito-keszlet\/","title":{"rendered":"Tekercses fagyi k\u00e9sz\u00edt\u0151 k\u00e9szlet"},"content":{"rendered":"<p>Ez a kiv\u00e1l\u00f3 tekercses fagyi k\u00e9sz\u00edt\u0151 k\u00e9szlet lehet\u0151v\u00e9 teszi, hogy otthona k\u00e9nyelm\u00e9b\u0151l k\u00e9sz\u00edtse el a jelenleg legfelkapottabb fagylaltot &#8211; a tekercses fagyit. Mind\u00f6ssze annyit kell tennie, hogy egy id\u0151re beteszi a tekercses fagyit a fagyaszt\u00f3ba. Amikor az \u00e9tel el\u00e9g hideg, vegye ki a fagyaszt\u00f3b\u00f3l, \u00e9s \u00f6ntse r\u00e1 a fagylaltkever\u00e9ket, amelyet a k\u00e9szlethez mell\u00e9kelt receptf\u00fczet seg\u00edts\u00e9g\u00e9vel k\u00e9sz\u00edthet el. K\u00f6vesse a receptf\u00fczet utas\u00edt\u00e1sait &#8211; amikor a kever\u00e9k megkem\u00e9nyedik, egy spatul\u00e1val feltekerheti, \u00e9s egy sz\u00e9p cs\u00e9sz\u00e9ben vagy t\u00e1ny\u00e9ron t\u00e1lalhatja. A fagylalt \u00e9rdekes elk\u00e9sz\u00edt\u00e9se egyed\u00fcl\u00e1ll\u00f3 \u00edzt \u00e9s egyedi megjelen\u00e9st k\u00f6lcs\u00f6n\u00f6z a fagylaltnak &#8211; az aranyos tekercseket pedig k\u00fcl\u00f6nf\u00e9le \u00f6ntetekkel \u00e9s d\u00edsz\u00edt\u00e9sekkel is gazdag\u00edthatjuk, hogy \u00ednycsiklandoz\u00f3 desszertet hozzunk l\u00e9tre.<\/p>\n<p>A k\u00e9szlet tartalma:<\/p>\n<ul>\n<li>H\u0171t\u0151lap, amely megk\u00f6nny\u00edti a kedvenc tekercses fagylalt elk\u00e9sz\u00edt\u00e9s\u00e9t.\n<\/li>\n<li>K\u00e9t m\u0171anyag spatula, amelyekkel tetsz\u00e9s szerint alak\u00edthatja \u00e9s forgathatja a fagylaltot.\n<\/li>\n<li>Sz\u00edv\u00f3sz\u00e1l \/ kan\u00e1l a k\u00f3stol\u00e1shoz \u00e9s fogyaszt\u00e1shoz.\n<\/li>\n<li>6 forma saj\u00e1t egyedi tekercses fagylaltform\u00e1k l\u00e9trehoz\u00e1s\u00e1hoz.\n<\/li>\n<li>Receptf\u00fczet, amely inspir\u00e1ci\u00f3t \u00e9s \u00f6tleteket ad a tekercses fagylalt v\u00e1ltozatos \u00edzeihez.\n<\/li>\n<\/ul>\n<h6><\/h6>\n<h6>Kieg\u00e9sz\u00edt\u0151 szolg\u00e1ltat\u00e1s:<br \/>\n<\/h6>\n<p>Az aj\u00e1nd\u00e9khoz utols\u00f3 sim\u00edt\u00e1sk\u00e9nt<a href=\"https:\/\/leboxi.eu\/izdelki\/cestitka-za-rojstni-dan\/\" target=\"_blank\" rel=\"noopener\">szem\u00e9lyre szabott levelet is mell\u00e9kelhet<\/a>.<\/p>\n<p>Ha szeretn\u00e9, az aj\u00e1nd\u00e9k\u00e1t mi k\u00e9zbes\u00edtj\u00fck a c\u00edmzettnek, de term\u00e9szetesen a kisz\u00e1ll\u00edt\u00e1skor nem mell\u00e9kelj\u00fck a sz\u00e1ml\u00e1t. A sz\u00e1ml\u00e1t \u00f6nnek adjuk \u00e1t.<\/p>\n<p>&nbsp;<\/p>\n","protected":false},"excerpt":{"rendered":"<p>Felejtse el a szok\u00e1sos desszerteket &#8211; itt az ideje, hogy var\u00e1zslatos tekercses fagylalt ragyogjon a konyh\u00e1ban! Exkluz\u00edv tekercses fagylalt k\u00e9sz\u00edt\u0151 k\u00e9szlet\u00fcnk lehet\u0151v\u00e9 teszi, hogy a jelenleg legfelkapottabb desszertet &#8211; a tekercses fagylaltot &#8211; k\u00f6zvetlen\u00fcl otthona k\u00e9nyelm\u00e9ben k\u00e9sz\u00edtse el.<\/p>\n<p>Mind\u00f6ssze erre az egyedi k\u00e9szletre van sz\u00fcks\u00e9ge, amely lehet\u0151v\u00e9 teszi, hogy mesteri fagylaltk\u00e9sz\u00edt\u0151v\u00e9 v\u00e1ljon. A mell\u00e9kelt receptf\u00fczetben le\u00edrt egyszer\u0171 elj\u00e1r\u00e1ssal azonnal elsaj\u00e1t\u00edthatja a friss\u00edt\u0151 fagylalt k\u00e9sz\u00edt\u00e9s\u00e9nek m\u0171v\u00e9szet\u00e9t. \u00c9s ami a legjobb, az aj\u00e1nd\u00e9k egyar\u00e1nt alkalmas feln\u0151tteknek \u00e9s gyerekeknek &#8211; mindenki \u00e9lvezni fogja ezt a var\u00e1zslatos kulin\u00e1ris kalandot.<\/p>\n<p><iframe title=\"YouTube video player\" src=\"https:\/\/www.youtube.com\/embed\/urIDaujVT_w\" width=\"560\" height=\"315\" frameborder=\"0\" allowfullscreen=\"allowfullscreen\"><\/iframe><\/p>\n<p>A k\u00e9szlet tartalma:<\/p>\n<ul>\n<li>H\u0171t\u0151lap, amely megk\u00f6nny\u00edti a kedvenc tekercses fagylalt elk\u00e9sz\u00edt\u00e9s\u00e9t.\n<\/li>\n<li>K\u00e9t m\u0171anyag spatula, amelyekkel tetsz\u00e9s szerint alak\u00edthatja \u00e9s forgathatja a fagylaltot.\n<\/li>\n<li>Sz\u00edv\u00f3sz\u00e1l \/ kan\u00e1l a k\u00f3stol\u00e1shoz \u00e9s fogyaszt\u00e1shoz.\n<\/li>\n<li>6 forma saj\u00e1t egyedi tekercses fagylaltform\u00e1k l\u00e9trehoz\u00e1s\u00e1hoz.\n<\/li>\n<li>Receptf\u00fczet, amely inspir\u00e1ci\u00f3t \u00e9s \u00f6tleteket ad a tekercses fagylalt v\u00e1ltozatos \u00edzeihez.\n<\/li>\n<\/ul>\n<p>Tekercses fagylalt k\u00e9sz\u00edt\u0151 k\u00e9szlet\u00fcnkkel nemcsak leny\u0171g\u00f6zheti gyermekeit, hanem igazi cukr\u00e1szmesternek is \u00e9rezheti mag\u00e1t. Rendelje meg k\u00e9szlet\u00e9t m\u00e9g ma, \u00e9s kezdje el a sz\u00f3rakoztat\u00f3 \u00e9s \u00edzletes meglepet\u00e9sekkel teli kulin\u00e1ris kalandj\u00e1t.<\/p>\n<p>Az aj\u00e1nd\u00e9khoz <a href=\"https:\/\/leboxi.eu\/izdelki\/cestitka-za-rojstni-dan\/\" target=\"_blank\" rel=\"noopener\">szem\u00e9lyre sz\u00f3l\u00f3 \u00fcdv\u00f6zl\u0151lapot is mell\u00e9kelhet<\/a>.<\/p>\n<p>Ha szeretn\u00e9, az aj\u00e1nd\u00e9k\u00e1t mi k\u00e9zbes\u00edtj\u00fck a c\u00edmzettnek, de a sz\u00e1ml\u00e1t term\u00e9szetesen nem mell\u00e9kelj\u00fck a sz\u00e1ll\u00edt\u00e1skor. A sz\u00e1ml\u00e1t \u00f6nnek adjuk \u00e1t.<\/p>\n<p>&nbsp;<\/p>\n","protected":false},"featured_media":19981,"comment_status":"open","ping_status":"closed","template":"","meta":{"site-sidebar-layout":"default","site-content-layout":"default","ast-site-content-layout":"default","site-content-style":"default","site-sidebar-style":"default","ast-global-header-display":"","ast-banner-title-visibility":"","ast-main-header-display":"","ast-hfb-above-header-display":"","ast-hfb-below-header-display":"","ast-hfb-mobile-header-display":"","site-post-title":"","ast-breadcrumbs-content":"","ast-featured-img":"","footer-sml-layout":"","ast-disable-related-posts":"","theme-transparent-header-meta":"default","adv-header-id-meta":"","stick-header-meta":"","header-above-stick-meta":"","header-main-stick-meta":"","header-below-stick-meta":"","astra-migrate-meta-layouts":"default","ast-page-background-enabled":"default","ast-page-background-meta":{"desktop":{"background-color":"","background-image":"","background-repeat":"repeat","background-position":"center center","background-size":"auto","background-attachment":"scroll","background-type":"","background-media":"","overlay-type":"","overlay-color":"","overlay-opacity":"","overlay-gradient":""},"tablet":{"background-color":"","background-image":"","background-repeat":"repeat","background-position":"center center","background-size":"auto","background-attachment":"scroll","background-type":"","background-media":"","overlay-type":"","overlay-color":"","overlay-opacity":"","overlay-gradient":""},"mobile":{"background-color":"","background-image":"","background-repeat":"repeat","background-position":"center center","background-size":"auto","background-attachment":"scroll","background-type":"","background-media":"","overlay-type":"","overlay-color":"","overlay-opacity":"","overlay-gradient":""}},"ast-content-background-meta":{"desktop":{"background-color":"var(--ast-global-color-5)","background-image":"","background-repeat":"repeat","background-position":"center center","background-size":"auto","background-attachment":"scroll","background-type":"","background-media":"","overlay-type":"","overlay-color":"","overlay-opacity":"","overlay-gradient":""},"tablet":{"background-color":"var(--ast-global-color-5)","background-image":"","background-repeat":"repeat","background-position":"center center","background-size":"auto","background-attachment":"scroll","background-type":"","background-media":"","overlay-type":"","overlay-color":"","overlay-opacity":"","overlay-gradient":""},"mobile":{"background-color":"var(--ast-global-color-5)","background-image":"","background-repeat":"repeat","background-position":"center center","background-size":"auto","background-attachment":"scroll","background-type":"","background-media":"","overlay-type":"","overlay-color":"","overlay-opacity":"","overlay-gradient":""}}},"product_brand":[],"product_cat":[333,388,328,327,389,390,359,329,326,330,335,379,339,332,383,338],"product_tag":[],"class_list":{"0":"post-19980","1":"product","2":"type-product","3":"status-publish","4":"has-post-thumbnail","6":"product_cat-szuletesnapi-ajandekok-ferfiaknak","7":"product_cat-ajandekok-baratnonek","8":"product_cat-ajandekok-ferfi-partnernek","9":"product_cat-ajandekok-ferfiaknak","10":"product_cat-ajandekok-noi-partnernek","11":"product_cat-ajandekok-noknek","12":"product_cat-akcio","13":"product_cat-alkalmak","14":"product_cat-ferfi","15":"product_cat-karacsonyi-ajandekok","16":"product_cat-karacsonyi-ajandekok-ferfiaknak","17":"product_cat-karacsonyi-ajandekok-noknek","18":"product_cat-nok","19":"product_cat-szuletesnapi-ajandekok-hu","20":"product_cat-szuletesnapi-ajandekok-noknek","21":"product_cat-tavaszi-kiarusitas","22":"desktop-align-left","23":"tablet-align-left","24":"mobile-align-left","26":"first","27":"instock","28":"sale","29":"taxable","30":"shipping-taxable","31":"purchasable","32":"product-type-simple"},"yoast_head":"<!-- This site is optimized with the Yoast SEO plugin v27.3 - https:\/\/yoast.com\/product\/yoast-seo-wordpress\/ -->\n<title>Tekercses fagyi k\u00e9sz\u00edt\u0151 k\u00e9szlet | Le Boxi<\/title>\n<meta name=\"description\" content=\"Azok a j\u00e9gkr\u00e9mek a legeg\u00e9szs\u00e9gesebbek \u00e9s a leg\u00edzletesebbek, amelyeket otthon k\u00e9sz\u00edthet! Ny\u0171g\u00f6zze le kicsinyeit ezzel a k\u00e9szlettel h\u00e1zi fagyi k\u00e9sz\u00edt\u00e9s\u00e9hez.\" \/>\n<meta name=\"robots\" content=\"index, follow, max-snippet:-1, max-image-preview:large, max-video-preview:-1\" \/>\n<link rel=\"canonical\" href=\"https:\/\/leboxi.eu\/hu\/termekek\/tekercses-fagyi-keszito-keszlet\/\" \/>\n<meta property=\"og:locale\" content=\"hu_HU\" \/>\n<meta property=\"og:type\" content=\"article\" \/>\n<meta property=\"og:title\" content=\"Tekercses fagyi k\u00e9sz\u00edt\u0151 k\u00e9szlet | Le Boxi\" \/>\n<meta property=\"og:description\" content=\"Azok a j\u00e9gkr\u00e9mek a legeg\u00e9szs\u00e9gesebbek \u00e9s a leg\u00edzletesebbek, amelyeket otthon k\u00e9sz\u00edthet! Ny\u0171g\u00f6zze le kicsinyeit ezzel a k\u00e9szlettel h\u00e1zi fagyi k\u00e9sz\u00edt\u00e9s\u00e9hez.\" \/>\n<meta property=\"og:url\" content=\"https:\/\/leboxi.eu\/hu\/termekek\/tekercses-fagyi-keszito-keszlet\/\" \/>\n<meta property=\"og:site_name\" content=\"Le Boxi | Unikatna darila za vsakogar\" \/>\n<meta property=\"article:publisher\" content=\"https:\/\/www.facebook.com\/leboxi.eu\" \/>\n<meta property=\"article:modified_time\" content=\"2026-01-15T15:49:09+00:00\" \/>\n<meta property=\"og:image\" content=\"https:\/\/leboxi.eu\/wp-content\/uploads\/2021\/10\/Set-za-pripravo-sladolednih-rolic.jpg\" \/>\n\t<meta property=\"og:image:width\" content=\"1000\" \/>\n\t<meta property=\"og:image:height\" content=\"1000\" \/>\n\t<meta property=\"og:image:type\" content=\"image\/jpeg\" \/>\n<meta name=\"twitter:card\" content=\"summary_large_image\" \/>\n<meta name=\"twitter:label1\" content=\"Becs\u00fclt olvas\u00e1si id\u0151\" \/>\n\t<meta name=\"twitter:data1\" content=\"1 perc\" \/>\n<script type=\"application\/ld+json\" class=\"yoast-schema-graph\">{\"@context\":\"https:\\\/\\\/schema.org\",\"@graph\":[{\"@type\":\"WebPage\",\"@id\":\"https:\\\/\\\/leboxi.eu\\\/hu\\\/termekek\\\/tekercses-fagyi-keszito-keszlet\\\/\",\"url\":\"https:\\\/\\\/leboxi.eu\\\/hu\\\/termekek\\\/tekercses-fagyi-keszito-keszlet\\\/\",\"name\":\"Tekercses fagyi k\u00e9sz\u00edt\u0151 k\u00e9szlet | Le Boxi\",\"isPartOf\":{\"@id\":\"https:\\\/\\\/leboxi.eu\\\/hu\\\/#website\"},\"primaryImageOfPage\":{\"@id\":\"https:\\\/\\\/leboxi.eu\\\/hu\\\/termekek\\\/tekercses-fagyi-keszito-keszlet\\\/#primaryimage\"},\"image\":{\"@id\":\"https:\\\/\\\/leboxi.eu\\\/hu\\\/termekek\\\/tekercses-fagyi-keszito-keszlet\\\/#primaryimage\"},\"thumbnailUrl\":\"https:\\\/\\\/leboxi.eu\\\/wp-content\\\/uploads\\\/2021\\\/10\\\/Set-za-pripravo-sladolednih-rolic.jpg\",\"datePublished\":\"2021-10-10T13:18:57+00:00\",\"dateModified\":\"2026-01-15T15:49:09+00:00\",\"description\":\"Azok a j\u00e9gkr\u00e9mek a legeg\u00e9szs\u00e9gesebbek \u00e9s a leg\u00edzletesebbek, amelyeket otthon k\u00e9sz\u00edthet! Ny\u0171g\u00f6zze le kicsinyeit ezzel a k\u00e9szlettel h\u00e1zi fagyi k\u00e9sz\u00edt\u00e9s\u00e9hez.\",\"breadcrumb\":{\"@id\":\"https:\\\/\\\/leboxi.eu\\\/hu\\\/termekek\\\/tekercses-fagyi-keszito-keszlet\\\/#breadcrumb\"},\"inLanguage\":\"hu\",\"potentialAction\":[{\"@type\":\"ReadAction\",\"target\":[\"https:\\\/\\\/leboxi.eu\\\/hu\\\/termekek\\\/tekercses-fagyi-keszito-keszlet\\\/\"]}]},{\"@type\":\"ImageObject\",\"inLanguage\":\"hu\",\"@id\":\"https:\\\/\\\/leboxi.eu\\\/hu\\\/termekek\\\/tekercses-fagyi-keszito-keszlet\\\/#primaryimage\",\"url\":\"https:\\\/\\\/leboxi.eu\\\/wp-content\\\/uploads\\\/2021\\\/10\\\/Set-za-pripravo-sladolednih-rolic.jpg\",\"contentUrl\":\"https:\\\/\\\/leboxi.eu\\\/wp-content\\\/uploads\\\/2021\\\/10\\\/Set-za-pripravo-sladolednih-rolic.jpg\",\"width\":1000,\"height\":1000},{\"@type\":\"BreadcrumbList\",\"@id\":\"https:\\\/\\\/leboxi.eu\\\/hu\\\/termekek\\\/tekercses-fagyi-keszito-keszlet\\\/#breadcrumb\",\"itemListElement\":[{\"@type\":\"ListItem\",\"position\":1,\"name\":\"Doma\",\"item\":\"https:\\\/\\\/leboxi.eu\\\/hu\\\/egyedi-szuletesnapi-ajandekok-noknek-ferfiaknak-es-ujszulotteknek\\\/\"},{\"@type\":\"ListItem\",\"position\":2,\"name\":\"\u00fczlet\",\"item\":\"https:\\\/\\\/leboxi.eu\\\/hu\\\/uzlet\\\/\"},{\"@type\":\"ListItem\",\"position\":3,\"name\":\"Tekercses fagyi k\u00e9sz\u00edt\u0151 k\u00e9szlet\"}]},{\"@type\":\"WebSite\",\"@id\":\"https:\\\/\\\/leboxi.eu\\\/hu\\\/#website\",\"url\":\"https:\\\/\\\/leboxi.eu\\\/hu\\\/\",\"name\":\"Le Boxi | Unikatna darila za vsakogar\",\"description\":\"Unikatna darila in darilne \u0161katle za vse prilo\u017enosti.\",\"publisher\":{\"@id\":\"https:\\\/\\\/leboxi.eu\\\/hu\\\/#organization\"},\"potentialAction\":[{\"@type\":\"SearchAction\",\"target\":{\"@type\":\"EntryPoint\",\"urlTemplate\":\"https:\\\/\\\/leboxi.eu\\\/hu\\\/?s={search_term_string}\"},\"query-input\":{\"@type\":\"PropertyValueSpecification\",\"valueRequired\":true,\"valueName\":\"search_term_string\"}}],\"inLanguage\":\"hu\"},{\"@type\":\"Organization\",\"@id\":\"https:\\\/\\\/leboxi.eu\\\/hu\\\/#organization\",\"name\":\"LE BOXI\",\"url\":\"https:\\\/\\\/leboxi.eu\\\/hu\\\/\",\"logo\":{\"@type\":\"ImageObject\",\"inLanguage\":\"hu\",\"@id\":\"https:\\\/\\\/leboxi.eu\\\/hu\\\/#\\\/schema\\\/logo\\\/image\\\/\",\"url\":\"https:\\\/\\\/leboxi.eu\\\/wp-content\\\/uploads\\\/2021\\\/02\\\/LeBoxi-manjsi-png.png\",\"contentUrl\":\"https:\\\/\\\/leboxi.eu\\\/wp-content\\\/uploads\\\/2021\\\/02\\\/LeBoxi-manjsi-png.png\",\"width\":389,\"height\":164,\"caption\":\"LE BOXI\"},\"image\":{\"@id\":\"https:\\\/\\\/leboxi.eu\\\/hu\\\/#\\\/schema\\\/logo\\\/image\\\/\"},\"sameAs\":[\"https:\\\/\\\/www.facebook.com\\\/leboxi.eu\",\"https:\\\/\\\/www.instagram.com\\\/le.boxi\\\/\"]}]}<\/script>\n<!-- \/ Yoast SEO plugin. -->","yoast_head_json":{"title":"Tekercses fagyi k\u00e9sz\u00edt\u0151 k\u00e9szlet | Le Boxi","description":"Azok a j\u00e9gkr\u00e9mek a legeg\u00e9szs\u00e9gesebbek \u00e9s a leg\u00edzletesebbek, amelyeket otthon k\u00e9sz\u00edthet! Ny\u0171g\u00f6zze le kicsinyeit ezzel a k\u00e9szlettel h\u00e1zi fagyi k\u00e9sz\u00edt\u00e9s\u00e9hez.","robots":{"index":"index","follow":"follow","max-snippet":"max-snippet:-1","max-image-preview":"max-image-preview:large","max-video-preview":"max-video-preview:-1"},"canonical":"https:\/\/leboxi.eu\/hu\/termekek\/tekercses-fagyi-keszito-keszlet\/","og_locale":"hu_HU","og_type":"article","og_title":"Tekercses fagyi k\u00e9sz\u00edt\u0151 k\u00e9szlet | Le Boxi","og_description":"Azok a j\u00e9gkr\u00e9mek a legeg\u00e9szs\u00e9gesebbek \u00e9s a leg\u00edzletesebbek, amelyeket otthon k\u00e9sz\u00edthet! Ny\u0171g\u00f6zze le kicsinyeit ezzel a k\u00e9szlettel h\u00e1zi fagyi k\u00e9sz\u00edt\u00e9s\u00e9hez.","og_url":"https:\/\/leboxi.eu\/hu\/termekek\/tekercses-fagyi-keszito-keszlet\/","og_site_name":"Le Boxi | Unikatna darila za vsakogar","article_publisher":"https:\/\/www.facebook.com\/leboxi.eu","article_modified_time":"2026-01-15T15:49:09+00:00","og_image":[{"width":1000,"height":1000,"url":"https:\/\/leboxi.eu\/wp-content\/uploads\/2021\/10\/Set-za-pripravo-sladolednih-rolic.jpg","type":"image\/jpeg"}],"twitter_card":"summary_large_image","twitter_misc":{"Becs\u00fclt olvas\u00e1si id\u0151":"1 perc"},"schema":{"@context":"https:\/\/schema.org","@graph":[{"@type":"WebPage","@id":"https:\/\/leboxi.eu\/hu\/termekek\/tekercses-fagyi-keszito-keszlet\/","url":"https:\/\/leboxi.eu\/hu\/termekek\/tekercses-fagyi-keszito-keszlet\/","name":"Tekercses fagyi k\u00e9sz\u00edt\u0151 k\u00e9szlet | Le Boxi","isPartOf":{"@id":"https:\/\/leboxi.eu\/hu\/#website"},"primaryImageOfPage":{"@id":"https:\/\/leboxi.eu\/hu\/termekek\/tekercses-fagyi-keszito-keszlet\/#primaryimage"},"image":{"@id":"https:\/\/leboxi.eu\/hu\/termekek\/tekercses-fagyi-keszito-keszlet\/#primaryimage"},"thumbnailUrl":"https:\/\/leboxi.eu\/wp-content\/uploads\/2021\/10\/Set-za-pripravo-sladolednih-rolic.jpg","datePublished":"2021-10-10T13:18:57+00:00","dateModified":"2026-01-15T15:49:09+00:00","description":"Azok a j\u00e9gkr\u00e9mek a legeg\u00e9szs\u00e9gesebbek \u00e9s a leg\u00edzletesebbek, amelyeket otthon k\u00e9sz\u00edthet! Ny\u0171g\u00f6zze le kicsinyeit ezzel a k\u00e9szlettel h\u00e1zi fagyi k\u00e9sz\u00edt\u00e9s\u00e9hez.","breadcrumb":{"@id":"https:\/\/leboxi.eu\/hu\/termekek\/tekercses-fagyi-keszito-keszlet\/#breadcrumb"},"inLanguage":"hu","potentialAction":[{"@type":"ReadAction","target":["https:\/\/leboxi.eu\/hu\/termekek\/tekercses-fagyi-keszito-keszlet\/"]}]},{"@type":"ImageObject","inLanguage":"hu","@id":"https:\/\/leboxi.eu\/hu\/termekek\/tekercses-fagyi-keszito-keszlet\/#primaryimage","url":"https:\/\/leboxi.eu\/wp-content\/uploads\/2021\/10\/Set-za-pripravo-sladolednih-rolic.jpg","contentUrl":"https:\/\/leboxi.eu\/wp-content\/uploads\/2021\/10\/Set-za-pripravo-sladolednih-rolic.jpg","width":1000,"height":1000},{"@type":"BreadcrumbList","@id":"https:\/\/leboxi.eu\/hu\/termekek\/tekercses-fagyi-keszito-keszlet\/#breadcrumb","itemListElement":[{"@type":"ListItem","position":1,"name":"Doma","item":"https:\/\/leboxi.eu\/hu\/egyedi-szuletesnapi-ajandekok-noknek-ferfiaknak-es-ujszulotteknek\/"},{"@type":"ListItem","position":2,"name":"\u00fczlet","item":"https:\/\/leboxi.eu\/hu\/uzlet\/"},{"@type":"ListItem","position":3,"name":"Tekercses fagyi k\u00e9sz\u00edt\u0151 k\u00e9szlet"}]},{"@type":"WebSite","@id":"https:\/\/leboxi.eu\/hu\/#website","url":"https:\/\/leboxi.eu\/hu\/","name":"Le Boxi | Unikatna darila za vsakogar","description":"Unikatna darila in darilne \u0161katle za vse prilo\u017enosti.","publisher":{"@id":"https:\/\/leboxi.eu\/hu\/#organization"},"potentialAction":[{"@type":"SearchAction","target":{"@type":"EntryPoint","urlTemplate":"https:\/\/leboxi.eu\/hu\/?s={search_term_string}"},"query-input":{"@type":"PropertyValueSpecification","valueRequired":true,"valueName":"search_term_string"}}],"inLanguage":"hu"},{"@type":"Organization","@id":"https:\/\/leboxi.eu\/hu\/#organization","name":"LE BOXI","url":"https:\/\/leboxi.eu\/hu\/","logo":{"@type":"ImageObject","inLanguage":"hu","@id":"https:\/\/leboxi.eu\/hu\/#\/schema\/logo\/image\/","url":"https:\/\/leboxi.eu\/wp-content\/uploads\/2021\/02\/LeBoxi-manjsi-png.png","contentUrl":"https:\/\/leboxi.eu\/wp-content\/uploads\/2021\/02\/LeBoxi-manjsi-png.png","width":389,"height":164,"caption":"LE BOXI"},"image":{"@id":"https:\/\/leboxi.eu\/hu\/#\/schema\/logo\/image\/"},"sameAs":["https:\/\/www.facebook.com\/leboxi.eu","https:\/\/www.instagram.com\/le.boxi\/"]}]}},"tiered_pricing_type":"fixed","tiered_pricing_fixed_rules":{"2":36.73,"3":34.89},"tiered_pricing_product_settings":{"layout":"default","base_unit_name":{"singular":null,"plural":null},"default_variation":null},"tiered_pricing_minimum_quantity":null,"tiered_pricing_roles_data":[],"tiered_pricing_percentage_rules":[],"_links":{"self":[{"href":"https:\/\/leboxi.eu\/hu\/wp-json\/wp\/v2\/product\/19980","targetHints":{"allow":["GET"]}}],"collection":[{"href":"https:\/\/leboxi.eu\/hu\/wp-json\/wp\/v2\/product"}],"about":[{"href":"https:\/\/leboxi.eu\/hu\/wp-json\/wp\/v2\/types\/product"}],"replies":[{"embeddable":true,"href":"https:\/\/leboxi.eu\/hu\/wp-json\/wp\/v2\/comments?post=19980"}],"version-history":[{"count":0,"href":"https:\/\/leboxi.eu\/hu\/wp-json\/wp\/v2\/product\/19980\/revisions"}],"wp:featuredmedia":[{"embeddable":true,"href":"https:\/\/leboxi.eu\/hu\/wp-json\/wp\/v2\/media\/19981"}],"wp:attachment":[{"href":"https:\/\/leboxi.eu\/hu\/wp-json\/wp\/v2\/media?parent=19980"}],"wp:term":[{"taxonomy":"product_brand","embeddable":true,"href":"https:\/\/leboxi.eu\/hu\/wp-json\/wp\/v2\/product_brand?post=19980"},{"taxonomy":"product_cat","embeddable":true,"href":"https:\/\/leboxi.eu\/hu\/wp-json\/wp\/v2\/product_cat?post=19980"},{"taxonomy":"product_tag","embeddable":true,"href":"https:\/\/leboxi.eu\/hu\/wp-json\/wp\/v2\/product_tag?post=19980"}],"curies":[{"name":"wp","href":"https:\/\/api.w.org\/{rel}","templated":true}]}}