{"id":24083,"date":"2025-02-23T16:47:49","date_gmt":"2025-02-23T15:47:49","guid":{"rendered":"https:\/\/leboxi.eu\/cookie-k-sutik\/"},"modified":"2025-02-23T16:47:49","modified_gmt":"2025-02-23T15:47:49","slug":"cookie-k-sutik","status":"publish","type":"page","link":"https:\/\/leboxi.eu\/hu\/cookie-k-sutik\/","title":{"rendered":"Cookie-k (s\u00fctik)"},"content":{"rendered":"\t\t<div data-elementor-type=\"wp-page\" data-elementor-id=\"24083\" class=\"elementor elementor-24083 elementor-1957\" data-elementor-post-type=\"page\">\n\t\t\t\t\t\t<section class=\"elementor-section elementor-top-section elementor-element elementor-element-cbff03f elementor-section-boxed elementor-section-height-default elementor-section-height-default\" data-id=\"cbff03f\" data-element_type=\"section\" data-e-type=\"section\" data-settings=\"{&quot;background_background&quot;:&quot;classic&quot;}\">\n\t\t\t\t\t\t<div class=\"elementor-container elementor-column-gap-default\">\n\t\t\t\t\t<div class=\"elementor-column elementor-col-100 elementor-top-column elementor-element elementor-element-a04f73e\" data-id=\"a04f73e\" data-element_type=\"column\" data-e-type=\"column\">\n\t\t\t<div class=\"elementor-widget-wrap elementor-element-populated\">\n\t\t\t\t\t\t<div class=\"elementor-element elementor-element-dec0636 elementor-widget elementor-widget-text-editor\" data-id=\"dec0636\" data-element_type=\"widget\" data-e-type=\"widget\" data-widget_type=\"text-editor.default\">\n\t\t\t\t<div class=\"elementor-widget-container\">\n\t\t\t\t\t\t\t\t\t<p>Cookie-k (s\u00fctik)<\/p>\n\t\t\t\t\t\t\t\t<\/div>\n\t\t\t\t<\/div>\n\t\t\t\t\t<\/div>\n\t\t<\/div>\n\t\t\t\t\t<\/div>\n\t\t<\/section>\n\t\t\t\t<section class=\"elementor-section elementor-top-section elementor-element elementor-element-ba118e9 elementor-section-boxed elementor-section-height-default elementor-section-height-default\" data-id=\"ba118e9\" data-element_type=\"section\" data-e-type=\"section\">\n\t\t\t\t\t\t<div class=\"elementor-container elementor-column-gap-default\">\n\t\t\t\t\t<div class=\"elementor-column elementor-col-100 elementor-top-column elementor-element elementor-element-c5fd118\" data-id=\"c5fd118\" data-element_type=\"column\" data-e-type=\"column\">\n\t\t\t<div class=\"elementor-widget-wrap elementor-element-populated\">\n\t\t\t\t\t\t<div class=\"elementor-element elementor-element-f670d51 elementor-widget elementor-widget-text-editor\" data-id=\"f670d51\" data-element_type=\"widget\" data-e-type=\"widget\" data-widget_type=\"text-editor.default\">\n\t\t\t\t<div class=\"elementor-widget-container\">\n\t\t\t\t\t\t\t\t\t<p><strong>Cookie-k (s\u00fctik)<\/strong><\/p><p>A cookie-k (s\u00fctik) olyan l\u00e1thatatlan f\u00e1jlok, amelyek ideiglenesen t\u00e1rol\u00f3dnak az \u00d6n merevlemez\u00e9n, \u00e9s lehet\u0151v\u00e9 teszik a szolg\u00e1ltat\u00f3 sz\u00e1m\u00e1ra, hogy felismerje a sz\u00e1m\u00edt\u00f3g\u00e9pet, amikor legk\u00f6zelebb megl\u00e1togatja a webhelyet. A szolg\u00e1ltat\u00f3 a cookie-kat kiz\u00e1r\u00f3lag a weboldal haszn\u00e1lat\u00e1val kapcsolatos inform\u00e1ci\u00f3k gy\u0171jt\u00e9s\u00e9re \u00e9s az internetes hirdet\u00e9si tev\u00e9kenys\u00e9g\u00e9nek optimaliz\u00e1l\u00e1s\u00e1ra haszn\u00e1lja.<\/p><p>A hirdet\u00e9si cookie-k figyelemmel k\u00eds\u00e9rik, hogy az egy\u00e9n hogyan haszn\u00e1lja a szolg\u00e1ltat\u00f3 webhely\u00e9t, kiv\u00e9ve, ha az egy\u00e9n nem \u00e9rt egyet a cookie-k haszn\u00e1lat\u00e1val a webhelyen.<\/p><p><strong>&nbsp;<\/strong><strong style=\"font-size: 15px;\">A Le Boxi web\u00e1ruh\u00e1z \u00e1ltal gy\u0171jt\u00f6tt cookie-k list\u00e1ja\n<\/strong><\/p><table>\n<tbody>\n<tr>\n<td width=\"214\">\n<p><strong>N\u00e9v\n<\/strong><\/p><\/td>\n<td width=\"195\">\n<p><strong>Le\u00edr\u00e1s\n<\/strong><\/p><\/td>\n<td width=\"195\">\n<p><strong>Id\u0151tartam\n<\/strong><\/p><\/td>\n<\/tr>\n<tr>\n<td width=\"214\">\n<p>_fbp\n<\/p><\/td>\n<td width=\"195\">\n<p>Ezt a cookie-t a Facebook \u00e1ll\u00edtja be, hogy hirdet\u00e9seket jelen\u00edtsen meg a Facebookon vagy a Facebook-hirdet\u00e9sek \u00e1ltal m\u0171k\u00f6dtetett digit\u00e1lis platformon, miut\u00e1n \u00d6n megl\u00e1togatta a webhelyet.\n<\/p><\/td>\n<td width=\"195\">\n<p>3 h\u00f3nap\n<\/p><\/td>\n<\/tr>\n<tr>\n<td width=\"214\">\n<p>fr<\/p>\n<\/td>\n<td width=\"195\">\n<p>A Facebook ezt a cookie-t az\u00e9rt \u00e1ll\u00edtja be, hogy relev\u00e1ns hirdet\u00e9seket jelen\u00edtsen meg a felhaszn\u00e1l\u00f3knak az\u00e1ltal, hogy nyomon k\u00f6veti a felhaszn\u00e1l\u00f3 viselked\u00e9s\u00e9t az internet Facebook-k\u00e9pponttal vagy Facebook k\u00f6z\u00f6ss\u00e9gi b\u0151v\u00edtm\u00e9nnyel rendelkez\u0151 webhelyein.\n<\/p><\/td>\n<td width=\"195\">\n<p>3 h\u00f3nap\n<\/p><\/td>\n<\/tr>\n<tr>\n<td width=\"214\">\n<p>_gcl_au<\/p>\n<\/td>\n\n<td width=\"195\"><p>\nA Google C\u00edmkekezel\u0151 biztos\u00edtja, hogy tesztelje a hirdet\u00e9si szolg\u00e1ltat\u00e1saikat haszn\u00e1l\u00f3 webhelyek hat\u00e9konys\u00e1g\u00e1t.\n<\/p><\/td>\n<td width=\"195\">\n<p>3 h\u00f3nap\n<\/p><\/td>\n<\/tr>\n<tr>\n<td width=\"214\">\n<p>_ga<\/p>\n<\/td>\n<td width=\"195\">\n<p>Kisz\u00e1m\u00edtja a l\u00e1togat\u00f3kra, a munkamenetekre \u00e9s a hirdet\u00e9si kamp\u00e1nyokra vonatkoz\u00f3 adatokat, \u00e9s figyelemmel k\u00eds\u00e9ri a webhely haszn\u00e1lat\u00e1t elemz\u00e9si jelent\u00e9s k\u00e9sz\u00edt\u00e9se c\u00e9lj\u00e1b\u00f3l.\n<\/p><\/td>\n<td width=\"195\">\n<p>2 \u00e9v\n<\/p><\/td>\n<\/tr>\n<tr>\n<td width=\"214\">\n<p>_gid<\/p>\n<\/td>\n<td width=\"195\">\n<p>Inform\u00e1ci\u00f3t t\u00e1roljon arr\u00f3l, hogy a l\u00e1togat\u00f3k hogyan haszn\u00e1lj\u00e1k a webhelyet, \u00e9s seg\u00edtsen l\u00e9trehozni egy analitikus jelent\u00e9st a webhely m\u0171k\u00f6d\u00e9s\u00e9r\u0151l.\n<\/p><\/td>\n<td width=\"195\">\n<p>1 nap\n<\/p><\/td>\n<\/tr>\n<tr>\n<td width=\"214\">\n<p>_gat_gtag_[property_id]<\/p>\n<\/td>\n<td width=\"195\">\n<p>A Google \u00e1ll\u00edtotja be a felhaszn\u00e1l\u00f3k megk\u00fcl\u00f6nb\u00f6ztet\u00e9se c\u00e9lj\u00e1b\u00f3l.\n<\/p><\/td>\n<td width=\"195\">\n<p>1 perc\n<\/p><\/td>\n<\/tr>\n<tr>\n<td width=\"214\">\n<p>_mcid<\/p>\n<\/td>\n<td width=\"195\">\n<p>Ez egy Mailchimp funkcionalit\u00e1s cookie, amely a UI\/UX \u00e9s a platform k\u00f6z\u00f6tti interakci\u00f3 \u00e9rt\u00e9kel\u00e9s\u00e9re szolg\u00e1l\n<\/p><\/td>\n<td width=\"195\">\n<p>1 nap\n<\/p><\/td>\n<\/tr>\n<tr>\n<td width=\"214\">\n<p>_abck<\/p>\n<\/td>\n<td width=\"195\">\n<p>Ez a cookie \u00e9szlel\u00e9sre \u00e9s v\u00e9delemre szolg\u00e1l, amikor a l\u00e1togat\u00f3 megpr\u00f3b\u00e1l \u00fajra lej\u00e1tszani egy s\u00fctit. Ez a cookie kezeli a webes botokkal val\u00f3 interakci\u00f3t, \u00e9s v\u00e9grehajtja a megfelel\u0151 l\u00e9p\u00e9seket.\n<\/p><\/td>\n<td width=\"195\">\n<p>1 nap\n<\/p><\/td>\n<\/tr>\n<tr>\n<td width=\"214\">\n<p>ak_bmsc<\/p>\n<\/td>\n<td width=\"195\">\n<p>Ezt a cookie-t az Akamai haszn\u00e1lja arra, hogy optimaliz\u00e1lja a webhely biztons\u00e1g\u00e1t az\u00e1ltal, hogy k\u00fcl\u00f6nbs\u00e9get tesz az emberek \u00e9s a botok k\u00f6z\u00f6tt\n<\/p><\/td>\n<td width=\"195\">\n<p>2 \u00f3ra\n<\/p><\/td>\n<\/tr>\n<tr>\n<td width=\"214\">\n<p>bm_sz<\/p>\n<\/td>\n<td width=\"195\">\n<p>Ezt a cookie-t az Akamai Bot Manager \u00e1ll\u00edtja be. Ez a cookie a webes botokkal val\u00f3 interakci\u00f3 kezel\u00e9s\u00e9re szolg\u00e1l. Seg\u00edt a csal\u00e1s megel\u0151z\u00e9s\u00e9ben is.\n<\/p><\/td>\n<td width=\"195\">\n<p>4 \u00f3ra\n<\/p><\/td>\n<\/tr>\n<tr>\n<td width=\"214\">\n<p>wp-wpml_current_language<\/p>\n<\/td>\n\n<td width=\"195\"><p>A felhaszn\u00e1l\u00f3 nyelvi be\u00e1ll\u00edt\u00e1sainak nyomon k\u00f6vet\u00e9s\u00e9re szolg\u00e1l.\n<\/p><\/td>\n<td width=\"195\">\n<p>Munkamenet\n<\/p><\/td>\n<\/tr>\n<tr>\n<td width=\"214\">\n<p>wooptpmReferrer<\/p>\n<\/td>\n<td width=\"195\">\n<p>\/<\/p>\n<\/td>\n<td width=\"195\">\n<p>Munkamenet\n<\/p><\/td>\n<\/tr>\n<tr>\n<td width=\"214\">\n<p>wordpress_logged_in_[hash]<\/p>\n<\/td>\n\n<td width=\"195\"><p>A felhaszn\u00e1l\u00f3 \u00e9s annak bejelentkez\u00e9si \u00e1llapot\u00e1nak azonos\u00edt\u00e1s\u00e1ra szolg\u00e1l.\n<\/p><\/td>\n<td width=\"195\">\n<p>14 nap\n<\/p><\/td>\n<\/tr>\n<tr>\n<td width=\"214\">\n<p>wordpress_sec_[hash]<\/p>\n<\/td>\n\n<td width=\"195\"><p>Az \u00d6n hiteles\u00edt\u00e9si adatai t\u00e1rol\u00e1s\u00e1ra szolg\u00e1l.\n<\/p><\/td>\n<td width=\"195\">\n<p>14 nap\n<\/p><\/td>\n<\/tr>\n<tr>\n<td width=\"214\">\n<p>wp_woocommerce_session_\n<\/p><\/td>\n\n<td width=\"195\"><p>Egyedi k\u00f3dot tartalmaz minden \u00fcgyf\u00e9l sz\u00e1m\u00e1ra, hogy webhely\u00fcnk tudja, hol tal\u00e1lja meg az egyes \u00fcgyfelek kos\u00e1rinform\u00e1ci\u00f3it az adatb\u00e1zisban. Szem\u00e9lyes adatok t\u00e1rol\u00e1s\u00e1ra nem ker\u00fcl sor.\n<\/p><\/td>\n<td width=\"195\">\n<p>1 nap\n<\/p><\/td>\n<\/tr>\n<tr>\n<td width=\"214\">\n<p>woocommerce_cart_hash\n<\/p><\/td>\n<td width=\"195\">\n<p>Annak meghat\u00e1roz\u00e1s\u00e1ra szolg\u00e1l, hogy mikor m\u00f3dosulnak az adatok vagy a kos\u00e1r tartalma.\n<\/p><\/td>\n<td width=\"195\">\n<p>Munkamenet\n<\/p><\/td>\n<\/tr>\n<tr>\n<td width=\"214\">\n<p>woocommerce_items_in_cart<\/p>\n<\/td>\n<td width=\"195\">\n<p>Annak meghat\u00e1roz\u00e1s\u00e1ra szolg\u00e1l, hogy mikor m\u00f3dosulnak az adatok vagy a kos\u00e1r tartalma.\n<\/p><\/td>\n<td width=\"195\">\n<p>Munkamenet\n<\/p><\/td>\n<\/tr>\n<tr>\n<td width=\"214\">\n<p>__stripe_mid\n<\/p><\/td>\n<td width=\"195\">\n<p>Ez a cookie a webhelyen t\u00f6rt\u00e9n\u0151 hitelk\u00e1rtya-tranzakci\u00f3k v\u00e9grehajt\u00e1s\u00e1hoz sz\u00fcks\u00e9ges. A szolg\u00e1ltat\u00e1st a Stripe.com biztos\u00edtja, amely hitelk\u00e1rtya-adatok t\u00e1rol\u00e1sa n\u00e9lk\u00fcl teszi lehet\u0151v\u00e9 az online tranzakci\u00f3kat.\n<\/p><\/td>\n<td width=\"195\">\n<p>1 nap\n<\/p><\/td>\n<\/tr>\n<\/tbody>\n<\/table>\n<p><strong style=\"font-size: 15px;\">&nbsp;<\/strong><\/p>\n<p><\/p>\n<p class=\"MsoNormal\">\n<\/p>\t\t\t\t\t\t\t\t<\/div>\n\t\t\t\t<\/div>\n\t\t\t\t\t<\/div>\n\t\t<\/div>\n\t\t\t\t\t<\/div>\n\t\t<\/section>\n\t\t\t\t<\/div>\n\t\t","protected":false},"excerpt":{"rendered":"<p>Cookie-k (s\u00fctik) Cookie-k (s\u00fctik) A cookie-k (s\u00fctik) olyan l\u00e1thatatlan f\u00e1jlok, amelyek ideiglenesen t\u00e1rol\u00f3dnak az \u00d6n merevlemez\u00e9n, \u00e9s lehet\u0151v\u00e9 teszik a szolg\u00e1ltat\u00f3 sz\u00e1m\u00e1ra, hogy felismerje a sz\u00e1m\u00edt\u00f3g\u00e9pet, amikor legk\u00f6zelebb megl\u00e1togatja a webhelyet. A szolg\u00e1ltat\u00f3 a cookie-kat kiz\u00e1r\u00f3lag a weboldal haszn\u00e1lat\u00e1val kapcsolatos inform\u00e1ci\u00f3k gy\u0171jt\u00e9s\u00e9re \u00e9s az internetes hirdet\u00e9si tev\u00e9kenys\u00e9g\u00e9nek optimaliz\u00e1l\u00e1s\u00e1ra haszn\u00e1lja. A hirdet\u00e9si cookie-k figyelemmel k\u00eds\u00e9rik, hogy [&hellip;]<\/p>\n","protected":false},"author":2,"featured_media":0,"parent":0,"menu_order":0,"comment_status":"closed","ping_status":"closed","template":"","meta":{"site-sidebar-layout":"no-sidebar","site-content-layout":"page-builder","ast-site-content-layout":"default","site-content-style":"default","site-sidebar-style":"default","ast-global-header-display":"","ast-banner-title-visibility":"","ast-main-header-display":"","ast-hfb-above-header-display":"","ast-hfb-below-header-display":"","ast-hfb-mobile-header-display":"","site-post-title":"disabled","ast-breadcrumbs-content":"","ast-featured-img":"disabled","footer-sml-layout":"","ast-disable-related-posts":"","theme-transparent-header-meta":"default","adv-header-id-meta":"","stick-header-meta":"","header-above-stick-meta":"","header-main-stick-meta":"","header-below-stick-meta":"","astra-migrate-meta-layouts":"default","ast-page-background-enabled":"default","ast-page-background-meta":{"desktop":{"background-color":"","background-image":"","background-repeat":"repeat","background-position":"center center","background-size":"auto","background-attachment":"scroll","background-type":"","background-media":"","overlay-type":"","overlay-color":"","overlay-opacity":"","overlay-gradient":""},"tablet":{"background-color":"","background-image":"","background-repeat":"repeat","background-position":"center center","background-size":"auto","background-attachment":"scroll","background-type":"","background-media":"","overlay-type":"","overlay-color":"","overlay-opacity":"","overlay-gradient":""},"mobile":{"background-color":"","background-image":"","background-repeat":"repeat","background-position":"center center","background-size":"auto","background-attachment":"scroll","background-type":"","background-media":"","overlay-type":"","overlay-color":"","overlay-opacity":"","overlay-gradient":""}},"ast-content-background-meta":{"desktop":{"background-color":"var(--ast-global-color-5)","background-image":"","background-repeat":"repeat","background-position":"center center","background-size":"auto","background-attachment":"scroll","background-type":"","background-media":"","overlay-type":"","overlay-color":"","overlay-opacity":"","overlay-gradient":""},"tablet":{"background-color":"var(--ast-global-color-5)","background-image":"","background-repeat":"repeat","background-position":"center center","background-size":"auto","background-attachment":"scroll","background-type":"","background-media":"","overlay-type":"","overlay-color":"","overlay-opacity":"","overlay-gradient":""},"mobile":{"background-color":"var(--ast-global-color-5)","background-image":"","background-repeat":"repeat","background-position":"center center","background-size":"auto","background-attachment":"scroll","background-type":"","background-media":"","overlay-type":"","overlay-color":"","overlay-opacity":"","overlay-gradient":""}},"footnotes":""},"class_list":["post-24083","page","type-page","status-publish","hentry"],"yoast_head":"<!-- This site is optimized with the Yoast SEO plugin v27.4 - https:\/\/yoast.com\/product\/yoast-seo-wordpress\/ -->\n<title>Cookie-k (s\u00fctik) | Le Boxi | Unikatna darila za vsakogar<\/title>\n<meta name=\"robots\" content=\"index, follow, max-snippet:-1, max-image-preview:large, max-video-preview:-1\" \/>\n<link rel=\"canonical\" href=\"https:\/\/leboxi.eu\/hu\/cookie-k-sutik\/\" \/>\n<meta property=\"og:locale\" content=\"hu_HU\" \/>\n<meta property=\"og:type\" content=\"article\" \/>\n<meta property=\"og:title\" content=\"Cookie-k (s\u00fctik) | Le Boxi | Unikatna darila za vsakogar\" \/>\n<meta property=\"og:description\" content=\"Cookie-k (s\u00fctik) Cookie-k (s\u00fctik) A cookie-k (s\u00fctik) olyan l\u00e1thatatlan f\u00e1jlok, amelyek ideiglenesen t\u00e1rol\u00f3dnak az \u00d6n merevlemez\u00e9n, \u00e9s lehet\u0151v\u00e9 teszik a szolg\u00e1ltat\u00f3 sz\u00e1m\u00e1ra, hogy felismerje a sz\u00e1m\u00edt\u00f3g\u00e9pet, amikor legk\u00f6zelebb megl\u00e1togatja a webhelyet. A szolg\u00e1ltat\u00f3 a cookie-kat kiz\u00e1r\u00f3lag a weboldal haszn\u00e1lat\u00e1val kapcsolatos inform\u00e1ci\u00f3k gy\u0171jt\u00e9s\u00e9re \u00e9s az internetes hirdet\u00e9si tev\u00e9kenys\u00e9g\u00e9nek optimaliz\u00e1l\u00e1s\u00e1ra haszn\u00e1lja. A hirdet\u00e9si cookie-k figyelemmel k\u00eds\u00e9rik, hogy [&hellip;]\" \/>\n<meta property=\"og:url\" content=\"https:\/\/leboxi.eu\/hu\/cookie-k-sutik\/\" \/>\n<meta property=\"og:site_name\" content=\"Le Boxi | Unikatna darila za vsakogar\" \/>\n<meta property=\"article:publisher\" content=\"https:\/\/www.facebook.com\/leboxi.eu\" \/>\n<meta name=\"twitter:card\" content=\"summary_large_image\" \/>\n<meta name=\"twitter:label1\" content=\"Becs\u00fclt olvas\u00e1si id\u0151\" \/>\n\t<meta name=\"twitter:data1\" content=\"3 perc\" \/>\n<script type=\"application\/ld+json\" class=\"yoast-schema-graph\">{\"@context\":\"https:\\\/\\\/schema.org\",\"@graph\":[{\"@type\":\"WebPage\",\"@id\":\"https:\\\/\\\/leboxi.eu\\\/hu\\\/cookie-k-sutik\\\/\",\"url\":\"https:\\\/\\\/leboxi.eu\\\/hu\\\/cookie-k-sutik\\\/\",\"name\":\"Cookie-k (s\u00fctik) | Le Boxi | Unikatna darila za vsakogar\",\"isPartOf\":{\"@id\":\"https:\\\/\\\/leboxi.eu\\\/hu\\\/#website\"},\"datePublished\":\"2025-02-23T15:47:49+00:00\",\"breadcrumb\":{\"@id\":\"https:\\\/\\\/leboxi.eu\\\/hu\\\/cookie-k-sutik\\\/#breadcrumb\"},\"inLanguage\":\"hu\",\"potentialAction\":[{\"@type\":\"ReadAction\",\"target\":[\"https:\\\/\\\/leboxi.eu\\\/hu\\\/cookie-k-sutik\\\/\"]}]},{\"@type\":\"BreadcrumbList\",\"@id\":\"https:\\\/\\\/leboxi.eu\\\/hu\\\/cookie-k-sutik\\\/#breadcrumb\",\"itemListElement\":[{\"@type\":\"ListItem\",\"position\":1,\"name\":\"Doma\",\"item\":\"https:\\\/\\\/leboxi.eu\\\/hu\\\/egyedi-szuletesnapi-ajandekok-noknek-ferfiaknak-es-ujszulotteknek\\\/\"},{\"@type\":\"ListItem\",\"position\":2,\"name\":\"Cookie-k (s\u00fctik)\"}]},{\"@type\":\"WebSite\",\"@id\":\"https:\\\/\\\/leboxi.eu\\\/hu\\\/#website\",\"url\":\"https:\\\/\\\/leboxi.eu\\\/hu\\\/\",\"name\":\"Le Boxi | Unikatna darila za vsakogar\",\"description\":\"Unikatna darila in darilne \u0161katle za vse prilo\u017enosti.\",\"publisher\":{\"@id\":\"https:\\\/\\\/leboxi.eu\\\/hu\\\/#organization\"},\"potentialAction\":[{\"@type\":\"SearchAction\",\"target\":{\"@type\":\"EntryPoint\",\"urlTemplate\":\"https:\\\/\\\/leboxi.eu\\\/hu\\\/?s={search_term_string}\"},\"query-input\":{\"@type\":\"PropertyValueSpecification\",\"valueRequired\":true,\"valueName\":\"search_term_string\"}}],\"inLanguage\":\"hu\"},{\"@type\":\"Organization\",\"@id\":\"https:\\\/\\\/leboxi.eu\\\/hu\\\/#organization\",\"name\":\"LE BOXI\",\"url\":\"https:\\\/\\\/leboxi.eu\\\/hu\\\/\",\"logo\":{\"@type\":\"ImageObject\",\"inLanguage\":\"hu\",\"@id\":\"https:\\\/\\\/leboxi.eu\\\/hu\\\/#\\\/schema\\\/logo\\\/image\\\/\",\"url\":\"https:\\\/\\\/leboxi.eu\\\/wp-content\\\/uploads\\\/2021\\\/02\\\/LeBoxi-manjsi-png.png\",\"contentUrl\":\"https:\\\/\\\/leboxi.eu\\\/wp-content\\\/uploads\\\/2021\\\/02\\\/LeBoxi-manjsi-png.png\",\"width\":389,\"height\":164,\"caption\":\"LE BOXI\"},\"image\":{\"@id\":\"https:\\\/\\\/leboxi.eu\\\/hu\\\/#\\\/schema\\\/logo\\\/image\\\/\"},\"sameAs\":[\"https:\\\/\\\/www.facebook.com\\\/leboxi.eu\",\"https:\\\/\\\/www.instagram.com\\\/le.boxi\\\/\"]}]}<\/script>\n<!-- \/ Yoast SEO plugin. -->","yoast_head_json":{"title":"Cookie-k (s\u00fctik) | Le Boxi | Unikatna darila za vsakogar","robots":{"index":"index","follow":"follow","max-snippet":"max-snippet:-1","max-image-preview":"max-image-preview:large","max-video-preview":"max-video-preview:-1"},"canonical":"https:\/\/leboxi.eu\/hu\/cookie-k-sutik\/","og_locale":"hu_HU","og_type":"article","og_title":"Cookie-k (s\u00fctik) | Le Boxi | Unikatna darila za vsakogar","og_description":"Cookie-k (s\u00fctik) Cookie-k (s\u00fctik) A cookie-k (s\u00fctik) olyan l\u00e1thatatlan f\u00e1jlok, amelyek ideiglenesen t\u00e1rol\u00f3dnak az \u00d6n merevlemez\u00e9n, \u00e9s lehet\u0151v\u00e9 teszik a szolg\u00e1ltat\u00f3 sz\u00e1m\u00e1ra, hogy felismerje a sz\u00e1m\u00edt\u00f3g\u00e9pet, amikor legk\u00f6zelebb megl\u00e1togatja a webhelyet. A szolg\u00e1ltat\u00f3 a cookie-kat kiz\u00e1r\u00f3lag a weboldal haszn\u00e1lat\u00e1val kapcsolatos inform\u00e1ci\u00f3k gy\u0171jt\u00e9s\u00e9re \u00e9s az internetes hirdet\u00e9si tev\u00e9kenys\u00e9g\u00e9nek optimaliz\u00e1l\u00e1s\u00e1ra haszn\u00e1lja. A hirdet\u00e9si cookie-k figyelemmel k\u00eds\u00e9rik, hogy [&hellip;]","og_url":"https:\/\/leboxi.eu\/hu\/cookie-k-sutik\/","og_site_name":"Le Boxi | Unikatna darila za vsakogar","article_publisher":"https:\/\/www.facebook.com\/leboxi.eu","twitter_card":"summary_large_image","twitter_misc":{"Becs\u00fclt olvas\u00e1si id\u0151":"3 perc"},"schema":{"@context":"https:\/\/schema.org","@graph":[{"@type":"WebPage","@id":"https:\/\/leboxi.eu\/hu\/cookie-k-sutik\/","url":"https:\/\/leboxi.eu\/hu\/cookie-k-sutik\/","name":"Cookie-k (s\u00fctik) | Le Boxi | Unikatna darila za vsakogar","isPartOf":{"@id":"https:\/\/leboxi.eu\/hu\/#website"},"datePublished":"2025-02-23T15:47:49+00:00","breadcrumb":{"@id":"https:\/\/leboxi.eu\/hu\/cookie-k-sutik\/#breadcrumb"},"inLanguage":"hu","potentialAction":[{"@type":"ReadAction","target":["https:\/\/leboxi.eu\/hu\/cookie-k-sutik\/"]}]},{"@type":"BreadcrumbList","@id":"https:\/\/leboxi.eu\/hu\/cookie-k-sutik\/#breadcrumb","itemListElement":[{"@type":"ListItem","position":1,"name":"Doma","item":"https:\/\/leboxi.eu\/hu\/egyedi-szuletesnapi-ajandekok-noknek-ferfiaknak-es-ujszulotteknek\/"},{"@type":"ListItem","position":2,"name":"Cookie-k (s\u00fctik)"}]},{"@type":"WebSite","@id":"https:\/\/leboxi.eu\/hu\/#website","url":"https:\/\/leboxi.eu\/hu\/","name":"Le Boxi | Unikatna darila za vsakogar","description":"Unikatna darila in darilne \u0161katle za vse prilo\u017enosti.","publisher":{"@id":"https:\/\/leboxi.eu\/hu\/#organization"},"potentialAction":[{"@type":"SearchAction","target":{"@type":"EntryPoint","urlTemplate":"https:\/\/leboxi.eu\/hu\/?s={search_term_string}"},"query-input":{"@type":"PropertyValueSpecification","valueRequired":true,"valueName":"search_term_string"}}],"inLanguage":"hu"},{"@type":"Organization","@id":"https:\/\/leboxi.eu\/hu\/#organization","name":"LE BOXI","url":"https:\/\/leboxi.eu\/hu\/","logo":{"@type":"ImageObject","inLanguage":"hu","@id":"https:\/\/leboxi.eu\/hu\/#\/schema\/logo\/image\/","url":"https:\/\/leboxi.eu\/wp-content\/uploads\/2021\/02\/LeBoxi-manjsi-png.png","contentUrl":"https:\/\/leboxi.eu\/wp-content\/uploads\/2021\/02\/LeBoxi-manjsi-png.png","width":389,"height":164,"caption":"LE BOXI"},"image":{"@id":"https:\/\/leboxi.eu\/hu\/#\/schema\/logo\/image\/"},"sameAs":["https:\/\/www.facebook.com\/leboxi.eu","https:\/\/www.instagram.com\/le.boxi\/"]}]}},"_links":{"self":[{"href":"https:\/\/leboxi.eu\/hu\/wp-json\/wp\/v2\/pages\/24083","targetHints":{"allow":["GET"]}}],"collection":[{"href":"https:\/\/leboxi.eu\/hu\/wp-json\/wp\/v2\/pages"}],"about":[{"href":"https:\/\/leboxi.eu\/hu\/wp-json\/wp\/v2\/types\/page"}],"author":[{"embeddable":true,"href":"https:\/\/leboxi.eu\/hu\/wp-json\/wp\/v2\/users\/2"}],"replies":[{"embeddable":true,"href":"https:\/\/leboxi.eu\/hu\/wp-json\/wp\/v2\/comments?post=24083"}],"version-history":[{"count":0,"href":"https:\/\/leboxi.eu\/hu\/wp-json\/wp\/v2\/pages\/24083\/revisions"}],"wp:attachment":[{"href":"https:\/\/leboxi.eu\/hu\/wp-json\/wp\/v2\/media?parent=24083"}],"curies":[{"name":"wp","href":"https:\/\/api.w.org\/{rel}","templated":true}]}}