{"id":7530,"date":"2021-04-07T20:10:47","date_gmt":"2022-04-17T18:32:47","guid":{"rendered":"https:\/\/leboxi.eu\/izdelki\/darilna-skatla-sapun-za-dragu\/"},"modified":"2022-06-18T15:02:54","modified_gmt":"2022-06-18T14:02:54","slug":"darila-za-zenske","status":"publish","type":"product","link":"https:\/\/leboxi.eu\/hr\/proizvodi\/darila-za-zenske\/","title":{"rendered":"Poklon kutija &#8211; Sapun za dragu"},"content":{"rendered":"<p>Jedinstveni Le Boxi darovi za \u017eene odli\u010dan su odabir za sve prigode.<\/p>\n<h5><\/h5>\n<h5>Poklon kutija sadr\u017ei:<\/h5>\n<p>&nbsp;<\/p>\n<ol>\n<li>\n<h6><strong>Prirodni, ru\u010dno ra\u0111eni sapun KAKAO MASLAC (120 g)<\/strong><\/h6>\n<\/li>\n<\/ol>\n<p>Sapun za kosu, lice i tijelo iz kombinacije izvrsnih, njeguju\u0107ih ulja izvrstan je za osjetljivu ko\u017eu. Ostavit \u0107e va\u0161u ko\u017eu i kosu potpuno mekom i hidratiziranom. Sapun od kakao maslaca stvara tako bogatu, kremastu pjenu da \u0107ete te\u0161ko iza\u0107i iz tu\u0161a.<\/p>\n<p>Sastojci: Sodium olivate, sodium cocoate, sodium sheabutterate, sodium sweet almondate, sodium castorate, sodium cocoa butterate, Cocoa Powder (bio)<\/p>\n<p>Miris: bez dodanih mirisa<\/p>\n<ol start=\"2\">\n<li>\n<h6><strong>Ru\u010dno ra\u0111ena posuda za sapun od mahagonija<\/strong><\/h6>\n<p>Omogu\u0107uje da se sapun pravilno osu\u0161i, \u010dime se produ\u017euje njegov vijek trajanja.<\/li>\n<\/ol>\n<h6>Dodatno:<\/h6>\n<p>Na poklon set mo\u017eete prilo\u017eiti i <strong>personaliziranu \u010destitku<\/strong> (+2,95 eura).<\/p>\n<p>Po \u017eelji \u0107emo dostaviti va\u0161 poklon primatelju, a podrazumijeva se da u paket ne\u0107emo prilo\u017eiti ra\u010dun tijekom isporuke. Ra\u010dun \u0107emo poslati vama.<\/p>\n<p>Povrh svega, svoj poklon set mo\u017eete nadograditi <a href=\"https:\/\/leboxi.eu\/hr\/blog\/le-boxi-proljetne-poklon-kartice-i-rodendanske-posvete\/\">poklon listi\u0107ima<\/a> za izradu \u010dije upute mo\u017eete prona\u0107i na na\u0161em blogu. \/<\/p>\n<p>&nbsp;<\/p>\n","protected":false},"excerpt":{"rendered":"<p>Ovaj slatki komplet sadr\u017ei sve za va\u0161 izlet u svijet prirodne kozmetike. U njemu se nalazi ru\u010dno izra\u0111eni prirodni sapun i ru\u010dno ra\u0111ena posuda za sapun od mahagonija. Hranjivi sapun u\u010dinit \u0107e va\u0161u ko\u017eu nevjerojatno mekanom, a prekrasna prirodna aroma vanilije pratit \u0107e vas satima nakon kupanja. Ru\u010dno izra\u0111eno postolje omogu\u0107uje da se sapun pravilno osu\u0161i, \u010dime se produ\u017euje njegov vijek trajanja. Jedinstveni Le Boxi darovi za \u017eene odli\u010dan su odabir za sve prigode.<\/p>\n<p>Na\u0161i prirodni sapuni pakirani su u ve\u0107im koli\u010dinama nego ina\u010de za prirodne, ru\u010dno ra\u0111ene sapune &#8211; 120g. U kutiju mo\u017eete prilo\u017eiti i personaliziranu \u010destitku (uz nadoplatu)<\/p>\n<p>Poklon kutija sadr\u017ei:<\/p>\n<ul>\n<li>1x prirodni ru\u010dno ra\u0111eni sapun (120g),<\/li>\n<li>Posuda za sapun<\/li>\n<\/ul>\n<p>Po \u017eelji \u0107emo dostaviti va\u0161 poklon primatelju, a podrazumijeva se da u paket ne\u0107emo prilo\u017eiti ra\u010dun tijekom isporuke. Ra\u010dun \u0107emo poslati vama.<\/p>\n<p>Iscrpan opis mo\u017eete pro\u010ditati u nastavku.<\/p>\n","protected":false},"featured_media":5311,"comment_status":"open","ping_status":"closed","template":"","meta":{"site-sidebar-layout":"default","site-content-layout":"default","ast-site-content-layout":"default","site-content-style":"default","site-sidebar-style":"default","ast-global-header-display":"","ast-banner-title-visibility":"","ast-main-header-display":"","ast-hfb-above-header-display":"","ast-hfb-below-header-display":"","ast-hfb-mobile-header-display":"","site-post-title":"","ast-breadcrumbs-content":"","ast-featured-img":"","footer-sml-layout":"","ast-disable-related-posts":"","theme-transparent-header-meta":"default","adv-header-id-meta":"","stick-header-meta":"","header-above-stick-meta":"","header-main-stick-meta":"","header-below-stick-meta":"","astra-migrate-meta-layouts":"default","ast-page-background-enabled":"default","ast-page-background-meta":{"desktop":{"background-color":"","background-image":"","background-repeat":"repeat","background-position":"center center","background-size":"auto","background-attachment":"scroll","background-type":"","background-media":"","overlay-type":"","overlay-color":"","overlay-opacity":"","overlay-gradient":""},"tablet":{"background-color":"","background-image":"","background-repeat":"repeat","background-position":"center center","background-size":"auto","background-attachment":"scroll","background-type":"","background-media":"","overlay-type":"","overlay-color":"","overlay-opacity":"","overlay-gradient":""},"mobile":{"background-color":"","background-image":"","background-repeat":"repeat","background-position":"center center","background-size":"auto","background-attachment":"scroll","background-type":"","background-media":"","overlay-type":"","overlay-color":"","overlay-opacity":"","overlay-gradient":""}},"ast-content-background-meta":{"desktop":{"background-color":"var(--ast-global-color-5)","background-image":"","background-repeat":"repeat","background-position":"center center","background-size":"auto","background-attachment":"scroll","background-type":"","background-media":"","overlay-type":"","overlay-color":"","overlay-opacity":"","overlay-gradient":""},"tablet":{"background-color":"var(--ast-global-color-5)","background-image":"","background-repeat":"repeat","background-position":"center center","background-size":"auto","background-attachment":"scroll","background-type":"","background-media":"","overlay-type":"","overlay-color":"","overlay-opacity":"","overlay-gradient":""},"mobile":{"background-color":"var(--ast-global-color-5)","background-image":"","background-repeat":"repeat","background-position":"center center","background-size":"auto","background-attachment":"scroll","background-type":"","background-media":"","overlay-type":"","overlay-color":"","overlay-opacity":"","overlay-gradient":""}}},"product_brand":[],"product_cat":[211],"product_tag":[],"class_list":{"0":"post-7530","1":"product","2":"type-product","3":"status-publish","4":"has-post-thumbnail","6":"product_cat-pokloni-za-valentinovo-za-nju","7":"desktop-align-left","8":"tablet-align-left","9":"mobile-align-left","11":"first","12":"outofstock","13":"taxable","14":"shipping-taxable","15":"purchasable","16":"product-type-simple"},"yoast_head":"<!-- This site is optimized with the Yoast SEO plugin v27.4 - https:\/\/yoast.com\/product\/yoast-seo-wordpress\/ -->\n<title>Darovi za \u017eene | Darilna \u0161katla - Sapun za dragu | Le Boxi<\/title>\n<meta name=\"description\" content=\"Ovaj slatki komplet sadr\u017ei sve za va\u0161 izlet u svijet prirodne kozmetike. U njemu se nalazi ru\u010dno izra\u0111eni prirodni sapun i ru\u010dno ra\u0111ena posuda za sapun od mahagonija. Jedinstveni pokloni za \u017eene.\" \/>\n<meta name=\"robots\" content=\"index, follow, max-snippet:-1, max-image-preview:large, max-video-preview:-1\" \/>\n<link rel=\"canonical\" href=\"https:\/\/leboxi.eu\/hr\/proizvodi\/darila-za-zenske\/\" \/>\n<meta property=\"og:locale\" content=\"hr_HR\" \/>\n<meta property=\"og:type\" content=\"article\" \/>\n<meta property=\"og:title\" content=\"Darovi za \u017eene | Darilna \u0161katla - Sapun za dragu | Le Boxi\" \/>\n<meta property=\"og:description\" content=\"Ovaj slatki komplet sadr\u017ei sve za va\u0161 izlet u svijet prirodne kozmetike. U njemu se nalazi ru\u010dno izra\u0111eni prirodni sapun i ru\u010dno ra\u0111ena posuda za sapun od mahagonija. Jedinstveni pokloni za \u017eene.\" \/>\n<meta property=\"og:url\" content=\"https:\/\/leboxi.eu\/hr\/proizvodi\/darila-za-zenske\/\" \/>\n<meta property=\"og:site_name\" content=\"Le Boxi | Unikatna darila za vsakogar\" \/>\n<meta property=\"article:publisher\" content=\"https:\/\/www.facebook.com\/leboxi.eu\" \/>\n<meta property=\"article:modified_time\" content=\"2022-06-18T14:02:54+00:00\" \/>\n<meta property=\"og:image\" content=\"https:\/\/leboxi.eu\/wp-content\/uploads\/2021\/04\/Izdelek-131-of-339.jpg\" \/>\n\t<meta property=\"og:image:width\" content=\"1000\" \/>\n\t<meta property=\"og:image:height\" content=\"1000\" \/>\n\t<meta property=\"og:image:type\" content=\"image\/jpeg\" \/>\n<meta name=\"twitter:card\" content=\"summary_large_image\" \/>\n<meta name=\"twitter:label1\" content=\"Procijenjeno vrijeme \u010ditanja\" \/>\n\t<meta name=\"twitter:data1\" content=\"1 minuta\" \/>\n<script type=\"application\/ld+json\" class=\"yoast-schema-graph\">{\"@context\":\"https:\\\/\\\/schema.org\",\"@graph\":[{\"@type\":\"WebPage\",\"@id\":\"https:\\\/\\\/leboxi.eu\\\/hr\\\/proizvodi\\\/darila-za-zenske\\\/\",\"url\":\"https:\\\/\\\/leboxi.eu\\\/hr\\\/proizvodi\\\/darila-za-zenske\\\/\",\"name\":\"Darovi za \u017eene | Darilna \u0161katla - Sapun za dragu | Le Boxi\",\"isPartOf\":{\"@id\":\"https:\\\/\\\/leboxi.eu\\\/hr\\\/#website\"},\"primaryImageOfPage\":{\"@id\":\"https:\\\/\\\/leboxi.eu\\\/hr\\\/proizvodi\\\/darila-za-zenske\\\/#primaryimage\"},\"image\":{\"@id\":\"https:\\\/\\\/leboxi.eu\\\/hr\\\/proizvodi\\\/darila-za-zenske\\\/#primaryimage\"},\"thumbnailUrl\":\"https:\\\/\\\/leboxi.eu\\\/wp-content\\\/uploads\\\/2021\\\/04\\\/Izdelek-131-of-339.jpg\",\"datePublished\":\"2022-04-17T18:32:47+00:00\",\"dateModified\":\"2022-06-18T14:02:54+00:00\",\"description\":\"Ovaj slatki komplet sadr\u017ei sve za va\u0161 izlet u svijet prirodne kozmetike. U njemu se nalazi ru\u010dno izra\u0111eni prirodni sapun i ru\u010dno ra\u0111ena posuda za sapun od mahagonija. Jedinstveni pokloni za \u017eene.\",\"breadcrumb\":{\"@id\":\"https:\\\/\\\/leboxi.eu\\\/hr\\\/proizvodi\\\/darila-za-zenske\\\/#breadcrumb\"},\"inLanguage\":\"hr\",\"potentialAction\":[{\"@type\":\"ReadAction\",\"target\":[\"https:\\\/\\\/leboxi.eu\\\/hr\\\/proizvodi\\\/darila-za-zenske\\\/\"]}]},{\"@type\":\"ImageObject\",\"inLanguage\":\"hr\",\"@id\":\"https:\\\/\\\/leboxi.eu\\\/hr\\\/proizvodi\\\/darila-za-zenske\\\/#primaryimage\",\"url\":\"https:\\\/\\\/leboxi.eu\\\/wp-content\\\/uploads\\\/2021\\\/04\\\/Izdelek-131-of-339.jpg\",\"contentUrl\":\"https:\\\/\\\/leboxi.eu\\\/wp-content\\\/uploads\\\/2021\\\/04\\\/Izdelek-131-of-339.jpg\",\"width\":1000,\"height\":1000,\"caption\":\"Darilna \u0161katla z naravnim milom kakavovo maslo ter podstavkom za milo iz mahagonija - darila za \u017eenske\"},{\"@type\":\"BreadcrumbList\",\"@id\":\"https:\\\/\\\/leboxi.eu\\\/hr\\\/proizvodi\\\/darila-za-zenske\\\/#breadcrumb\",\"itemListElement\":[{\"@type\":\"ListItem\",\"position\":1,\"name\":\"Doma\",\"item\":\"https:\\\/\\\/leboxi.eu\\\/hr\\\/originalni-rodendanski-pokloni-za-zene-muskarce-i-novorodencad\\\/\"},{\"@type\":\"ListItem\",\"position\":2,\"name\":\"Trgovina\",\"item\":\"https:\\\/\\\/leboxi.eu\\\/hr\\\/trgovina\\\/\"},{\"@type\":\"ListItem\",\"position\":3,\"name\":\"Poklon kutija &#8211; Sapun za dragu\"}]},{\"@type\":\"WebSite\",\"@id\":\"https:\\\/\\\/leboxi.eu\\\/hr\\\/#website\",\"url\":\"https:\\\/\\\/leboxi.eu\\\/hr\\\/\",\"name\":\"Le Boxi | Unikatna darila za vsakogar\",\"description\":\"Unikatna darila in darilne \u0161katle za vse prilo\u017enosti.\",\"publisher\":{\"@id\":\"https:\\\/\\\/leboxi.eu\\\/hr\\\/#organization\"},\"potentialAction\":[{\"@type\":\"SearchAction\",\"target\":{\"@type\":\"EntryPoint\",\"urlTemplate\":\"https:\\\/\\\/leboxi.eu\\\/hr\\\/?s={search_term_string}\"},\"query-input\":{\"@type\":\"PropertyValueSpecification\",\"valueRequired\":true,\"valueName\":\"search_term_string\"}}],\"inLanguage\":\"hr\"},{\"@type\":\"Organization\",\"@id\":\"https:\\\/\\\/leboxi.eu\\\/hr\\\/#organization\",\"name\":\"LE BOXI\",\"url\":\"https:\\\/\\\/leboxi.eu\\\/hr\\\/\",\"logo\":{\"@type\":\"ImageObject\",\"inLanguage\":\"hr\",\"@id\":\"https:\\\/\\\/leboxi.eu\\\/hr\\\/#\\\/schema\\\/logo\\\/image\\\/\",\"url\":\"https:\\\/\\\/leboxi.eu\\\/wp-content\\\/uploads\\\/2021\\\/02\\\/LeBoxi-manjsi-png.png\",\"contentUrl\":\"https:\\\/\\\/leboxi.eu\\\/wp-content\\\/uploads\\\/2021\\\/02\\\/LeBoxi-manjsi-png.png\",\"width\":389,\"height\":164,\"caption\":\"LE BOXI\"},\"image\":{\"@id\":\"https:\\\/\\\/leboxi.eu\\\/hr\\\/#\\\/schema\\\/logo\\\/image\\\/\"},\"sameAs\":[\"https:\\\/\\\/www.facebook.com\\\/leboxi.eu\",\"https:\\\/\\\/www.instagram.com\\\/le.boxi\\\/\"]}]}<\/script>\n<!-- \/ Yoast SEO plugin. -->","yoast_head_json":{"title":"Darovi za \u017eene | Darilna \u0161katla - Sapun za dragu | Le Boxi","description":"Ovaj slatki komplet sadr\u017ei sve za va\u0161 izlet u svijet prirodne kozmetike. U njemu se nalazi ru\u010dno izra\u0111eni prirodni sapun i ru\u010dno ra\u0111ena posuda za sapun od mahagonija. Jedinstveni pokloni za \u017eene.","robots":{"index":"index","follow":"follow","max-snippet":"max-snippet:-1","max-image-preview":"max-image-preview:large","max-video-preview":"max-video-preview:-1"},"canonical":"https:\/\/leboxi.eu\/hr\/proizvodi\/darila-za-zenske\/","og_locale":"hr_HR","og_type":"article","og_title":"Darovi za \u017eene | Darilna \u0161katla - Sapun za dragu | Le Boxi","og_description":"Ovaj slatki komplet sadr\u017ei sve za va\u0161 izlet u svijet prirodne kozmetike. U njemu se nalazi ru\u010dno izra\u0111eni prirodni sapun i ru\u010dno ra\u0111ena posuda za sapun od mahagonija. Jedinstveni pokloni za \u017eene.","og_url":"https:\/\/leboxi.eu\/hr\/proizvodi\/darila-za-zenske\/","og_site_name":"Le Boxi | Unikatna darila za vsakogar","article_publisher":"https:\/\/www.facebook.com\/leboxi.eu","article_modified_time":"2022-06-18T14:02:54+00:00","og_image":[{"width":1000,"height":1000,"url":"https:\/\/leboxi.eu\/wp-content\/uploads\/2021\/04\/Izdelek-131-of-339.jpg","type":"image\/jpeg"}],"twitter_card":"summary_large_image","twitter_misc":{"Procijenjeno vrijeme \u010ditanja":"1 minuta"},"schema":{"@context":"https:\/\/schema.org","@graph":[{"@type":"WebPage","@id":"https:\/\/leboxi.eu\/hr\/proizvodi\/darila-za-zenske\/","url":"https:\/\/leboxi.eu\/hr\/proizvodi\/darila-za-zenske\/","name":"Darovi za \u017eene | Darilna \u0161katla - Sapun za dragu | Le Boxi","isPartOf":{"@id":"https:\/\/leboxi.eu\/hr\/#website"},"primaryImageOfPage":{"@id":"https:\/\/leboxi.eu\/hr\/proizvodi\/darila-za-zenske\/#primaryimage"},"image":{"@id":"https:\/\/leboxi.eu\/hr\/proizvodi\/darila-za-zenske\/#primaryimage"},"thumbnailUrl":"https:\/\/leboxi.eu\/wp-content\/uploads\/2021\/04\/Izdelek-131-of-339.jpg","datePublished":"2022-04-17T18:32:47+00:00","dateModified":"2022-06-18T14:02:54+00:00","description":"Ovaj slatki komplet sadr\u017ei sve za va\u0161 izlet u svijet prirodne kozmetike. U njemu se nalazi ru\u010dno izra\u0111eni prirodni sapun i ru\u010dno ra\u0111ena posuda za sapun od mahagonija. Jedinstveni pokloni za \u017eene.","breadcrumb":{"@id":"https:\/\/leboxi.eu\/hr\/proizvodi\/darila-za-zenske\/#breadcrumb"},"inLanguage":"hr","potentialAction":[{"@type":"ReadAction","target":["https:\/\/leboxi.eu\/hr\/proizvodi\/darila-za-zenske\/"]}]},{"@type":"ImageObject","inLanguage":"hr","@id":"https:\/\/leboxi.eu\/hr\/proizvodi\/darila-za-zenske\/#primaryimage","url":"https:\/\/leboxi.eu\/wp-content\/uploads\/2021\/04\/Izdelek-131-of-339.jpg","contentUrl":"https:\/\/leboxi.eu\/wp-content\/uploads\/2021\/04\/Izdelek-131-of-339.jpg","width":1000,"height":1000,"caption":"Darilna \u0161katla z naravnim milom kakavovo maslo ter podstavkom za milo iz mahagonija - darila za \u017eenske"},{"@type":"BreadcrumbList","@id":"https:\/\/leboxi.eu\/hr\/proizvodi\/darila-za-zenske\/#breadcrumb","itemListElement":[{"@type":"ListItem","position":1,"name":"Doma","item":"https:\/\/leboxi.eu\/hr\/originalni-rodendanski-pokloni-za-zene-muskarce-i-novorodencad\/"},{"@type":"ListItem","position":2,"name":"Trgovina","item":"https:\/\/leboxi.eu\/hr\/trgovina\/"},{"@type":"ListItem","position":3,"name":"Poklon kutija &#8211; Sapun za dragu"}]},{"@type":"WebSite","@id":"https:\/\/leboxi.eu\/hr\/#website","url":"https:\/\/leboxi.eu\/hr\/","name":"Le Boxi | Unikatna darila za vsakogar","description":"Unikatna darila in darilne \u0161katle za vse prilo\u017enosti.","publisher":{"@id":"https:\/\/leboxi.eu\/hr\/#organization"},"potentialAction":[{"@type":"SearchAction","target":{"@type":"EntryPoint","urlTemplate":"https:\/\/leboxi.eu\/hr\/?s={search_term_string}"},"query-input":{"@type":"PropertyValueSpecification","valueRequired":true,"valueName":"search_term_string"}}],"inLanguage":"hr"},{"@type":"Organization","@id":"https:\/\/leboxi.eu\/hr\/#organization","name":"LE BOXI","url":"https:\/\/leboxi.eu\/hr\/","logo":{"@type":"ImageObject","inLanguage":"hr","@id":"https:\/\/leboxi.eu\/hr\/#\/schema\/logo\/image\/","url":"https:\/\/leboxi.eu\/wp-content\/uploads\/2021\/02\/LeBoxi-manjsi-png.png","contentUrl":"https:\/\/leboxi.eu\/wp-content\/uploads\/2021\/02\/LeBoxi-manjsi-png.png","width":389,"height":164,"caption":"LE BOXI"},"image":{"@id":"https:\/\/leboxi.eu\/hr\/#\/schema\/logo\/image\/"},"sameAs":["https:\/\/www.facebook.com\/leboxi.eu","https:\/\/www.instagram.com\/le.boxi\/"]}]}},"tiered_pricing_type":"fixed","tiered_pricing_fixed_rules":[],"tiered_pricing_product_settings":{"layout":"default","base_unit_name":{"singular":null,"plural":null},"default_variation":null},"tiered_pricing_minimum_quantity":null,"tiered_pricing_roles_data":[],"tiered_pricing_percentage_rules":[],"_links":{"self":[{"href":"https:\/\/leboxi.eu\/hr\/wp-json\/wp\/v2\/product\/7530","targetHints":{"allow":["GET"]}}],"collection":[{"href":"https:\/\/leboxi.eu\/hr\/wp-json\/wp\/v2\/product"}],"about":[{"href":"https:\/\/leboxi.eu\/hr\/wp-json\/wp\/v2\/types\/product"}],"replies":[{"embeddable":true,"href":"https:\/\/leboxi.eu\/hr\/wp-json\/wp\/v2\/comments?post=7530"}],"version-history":[{"count":0,"href":"https:\/\/leboxi.eu\/hr\/wp-json\/wp\/v2\/product\/7530\/revisions"}],"wp:featuredmedia":[{"embeddable":true,"href":"https:\/\/leboxi.eu\/hr\/wp-json\/wp\/v2\/media\/5311"}],"wp:attachment":[{"href":"https:\/\/leboxi.eu\/hr\/wp-json\/wp\/v2\/media?parent=7530"}],"wp:term":[{"taxonomy":"product_brand","embeddable":true,"href":"https:\/\/leboxi.eu\/hr\/wp-json\/wp\/v2\/product_brand?post=7530"},{"taxonomy":"product_cat","embeddable":true,"href":"https:\/\/leboxi.eu\/hr\/wp-json\/wp\/v2\/product_cat?post=7530"},{"taxonomy":"product_tag","embeddable":true,"href":"https:\/\/leboxi.eu\/hr\/wp-json\/wp\/v2\/product_tag?post=7530"}],"curies":[{"name":"wp","href":"https:\/\/api.w.org\/{rel}","templated":true}]}}