{"id":7512,"date":"2022-04-17T17:44:24","date_gmt":"2022-04-17T16:44:24","guid":{"rendered":"https:\/\/leboxi.eu\/?post_type=product&#038;p=7512"},"modified":"2024-08-18T19:36:52","modified_gmt":"2024-08-18T18:36:52","slug":"pokloni-za-djevojku-2","status":"publish","type":"product","link":"https:\/\/leboxi.eu\/hr\/proizvodi\/pokloni-za-djevojku-2\/","title":{"rendered":"Poklon kutija \u2013 Viva la Diva"},"content":{"rendered":"<p><strong>Le Boxi pokloni za djevojke i \u017eene stvarno su ne\u0161to posebno! Ovaj <\/strong><strong> bo\u017eanski komplet za nju sadr\u017ei:<\/strong><\/p>\n<p>&nbsp;<\/p>\n<ol>\n<li>\n<h6><strong>Bijela emajlirana \u0161alica srebrnog ruba, 360 ml<\/strong><\/h6>\n<\/li>\n<\/ol>\n<p>\u0160alica se mo\u017ee prati u perilici posu\u0111a.<\/p>\n<p>&nbsp;<\/p>\n<ol start=\"2\">\n<li>\n<h6><strong>2. Himalajska sol za kupanje (35 g) \/ SENZUALNOST: eteri\u010dna ulja ylang ylanga + kokosovo ulje <\/strong><\/h6>\n<\/li>\n<\/ol>\n<p>Himalajska sol bogata mineralima, sadr\u017ei 100 % eteri\u010dna ulja, kokosovo ulje i suhe latice ru\u017ee. Budu\u0107i da je himalajska sol tako bogata mineralima (to\u010dnije sadr\u017ei 84 minerala), namakanje u slanoj vodi umiruje i obnavlja o\u0161te\u0107enu ko\u017eu te poti\u010de obnovu stanica. Dodana ulja njeguju i hidratiziraju ko\u017eu. Kad se \u017eelite razmaziti, samo dodajte 2 \u2013 3 \u017eli\u010dice soli za kupanje u toplu vodu u kadi i u\u017eivajte u aromati\u010dnoj kupki.<\/p>\n<p>Sastojci: Sodium Chloride, Rose Centifolia Flowers, Cananga Odorata Oil, Cocos Nucifera oil, *Linalool, *Benzyl Benzoate, Farnesol. * Prirodni sastojci eteri\u010dnih ulja<\/p>\n<p>&nbsp;<\/p>\n<ol>\n<li>\n<h6><strong>Prirodni, ru\u010dno ra\u0111eni sapun VANILIJA I ZVJEZDASTI ANIS (120 g)<\/strong><\/h6>\n<\/li>\n<\/ol>\n<p>Veganski sapun za ruke i tijelo. Opojni miris zvjezdastog anisa i eteri\u010dnog ulja vanilije. Sapun sadr\u017ei aktivni ugljen, koji je izvrstan za uklanjanje toksina iz ko\u017ee. U kombinaciji s eteri\u010dnim uljem anisa va\u0161a \u0107e ko\u017ea nakon upotrebe ovog sapuna biti meka, glatka i blistava te nevjerojatno mirisna.<\/p>\n<p>Sastojci: Olea Europea (Olive) Oil, Cocos Nucifera (Coconut) Oil, Butyrospermum Parkii (Shea) butter, Apricot Kernel Oil Prunus Armeniaca (Apricot) Kernel Oil Persea Gratissima, Castor Oil Ricinus Communis (Castor) Seed Oil, charcoal, Anise Essential Oil Pimpinella Ansium (Anise) Oil, Parfum, Poppyseed Papaver Orientale (Poppy) Seed, Himalayan pink salt.<\/p>\n<p>Miris: eteri\u010dno ulje zvjezdastog anisa, parfem<\/p>\n<p><strong>Napomene:<\/strong><\/p>\n<p>\u27a4 Zbog ru\u010dne izrade izgled sapuna mo\u017ee se neznatno razlikovati od onog na slici.<\/p>\n<p>\u27a4 Sapuni su ve\u0107i od standardne koli\u010dine za prirodne, ru\u010dno ra\u0111ene sapune \u2013 120 g.<\/p>\n<p>&nbsp;<\/p>\n<ol start=\"3\">\n<li>\n<h6><strong>Aromati\u010dna mirisna svije\u0107a od sojinog voska<\/strong><\/h6>\n<p>s mirisom ljubi\u010dice, napravljena od sojinog voska, koji je obnovljiv izvor, te \u010dak 3 % mirisnog ulja, koje \u0107e evocirati uspomenu na proljetni miris procvjetalih ljubi\u010dica.<\/li>\n<\/ol>\n<p>Svije\u0107a od sojinog voska daje mek\u0161i plamen, \u010di\u0161\u0107i miris i du\u017ee gori. Izra\u0111ene su od vrlo kvalitetnog \u010distog voska i hidratiziranog sojinog ulja.<\/p>\n<p>SAVJET: Kada se prvi put koristi, ostavite svije\u0107u da gori oko 2 sata kako bi va\u0161a svije\u0107a stvorila svoju izvornu memoriju. To \u0107e pove\u0107ati miris i potpunije otapanje voska. Fitilj uvijek treba biti u sredini.<\/p>\n<p>&nbsp;<\/p>\n<ol start=\"4\">\n<li>\n<h6><strong>Bomba za kupanje \u2013 BADEM<\/strong><\/h6>\n<\/li>\n<\/ol>\n<p>Priu\u0161tite si luksuzno spa opu\u0161tanje unutar doma uz ru\u010dno izra\u0111enu bombu za kupanje, koja \u0107e svojom aromom badema opustiti sve va\u0161e napete mi\u0161i\u0107e i misli te ostaviti ko\u017eu mekom poput svile.<\/p>\n<p>Sastojci: sodium bicarbonate, citric acid, sodium chloride, persea gratissima (avocado) oil, parfum, aqua, cinnamyl alcohol, CI 19140, CI 16255, CI 28440<\/p>\n<p>&nbsp;<\/p>\n<ol start=\"5\">\n<li>\n<h6><strong>Strugalica od vulkanskog kamena<\/strong><\/h6>\n<p>nikada ne gubi svoj oblik. Prirodni vulkanski kamen omogu\u0107uje sigurno skidanje suhe, mrtve ko\u017ee s tijela, ruku i posebno stopala. Terapeutska mje\u0161avina minerala i kisika lako uklanja suhu i mrtvu ko\u017eu s tijela, ruku i stopala. Nje\u017eno trljajte ko\u017eu tijela, ruku, nogu i posebno stopala kru\u017enim pokretima i u\u017eivajte u mekanoj ko\u017ei.<\/li>\n<\/ol>\n<p>&nbsp;<\/p>\n<ol start=\"6\">\n<li>\n<h6><strong>\u017digice.<\/strong><\/h6>\n<\/li>\n<\/ol>\n<p>&nbsp;<\/p>\n<ol start=\"7\">\n<li>\n<h6><strong>Torba od jute.<\/strong><\/h6>\n<\/li>\n<\/ol>\n<h6>Dodatno:<\/h6>\n<p>Na poklon set mo\u017eete prilo\u017eiti i <strong>personaliziranu \u010destitku<\/strong> (+2,95 eura).<\/p>\n<p>Po \u017eelji \u0107emo dostaviti va\u0161 poklon primatelju, a podrazumijeva se da u paket ne\u0107emo prilo\u017eiti ra\u010dun tijekom isporuke. Ra\u010dun \u0107emo poslati vama.<\/p>\n<p>&nbsp;<\/p>\n<p>Povrh svega, svoj poklon set mo\u017eete nadograditi <a href=\"https:\/\/leboxi.eu\/blog\/posvetilo-darilni-listki\/\">poklon listi\u0107ima<\/a> za izradu \u010dije upute mo\u017eete prona\u0107i na na\u0161em blogu. Bez obzira na godine, djevojkama i \u017eenama kupite jedinstvene poklone.<\/p>\n<p>&nbsp;<\/p>\n","protected":false},"excerpt":{"rendered":"<p>\u2665 Luksuzna poklon kutija koja \u0107e joj omogu\u0107iti da u\u017eiva i opusti se! U ovom luksuznom poklon kompletu prona\u0107i \u0107e sve \u0161to joj je potrebno za opu\u0161taju\u0107u ve\u010der jer smo za nju odabrali samo ono najbolje &#8211; prirodni ru\u010dno ra\u0111eni sapun sa sastojcima iz ju\u017ene Francuske, ru\u010dno ra\u0111enu bombu za kupanje, mirisnu svije\u0107u opojnog mirisa, himalajsku sol za kupanje u lijepoj epruveti, prirodnu strugalicu za pete od vulkanskog kamena i \u0161ibice u ukrasnoj vre\u0107ici od jute. Pritom mo\u017ee i ispijati svoj omiljeni \u010daj iz emajlirane \u0161alice s motivom srca. Priu\u0161tite joj (ili poklonite sebi) rasko\u0161no spa opu\u0161tanje kod ku\u0107e! Odli\u010dni pokloni za djevojke i \u017eene bez obzira na godine.<\/p>\n<p>Sve je zapakirano u lijepu poklon kutiju oblo\u017eenu slamom. Sapuni su ve\u0107i od standardne koli\u010dine za prirodne, ru\u010dno ra\u0111ene sapune \u2013 120 g.<\/p>\n<p>U poklon kutiju mo\u017eete uklju\u010diti i personaliziranu \u010destitku (uz nadoplatu).<\/p>\n<p><strong>Luksuzna poklon kutija za Dive sadr\u017ei:<\/strong><\/p>\n<ul>\n<li>1x bijela emajlirana \u0161alica srebrnog ruba, 360 ml,<\/li>\n<li>1x prirodni ru\u010dno ra\u0111eni sapun, 120 g<\/li>\n<li>1x ru\u010dno izra\u0111ena bomba za kupanje,<\/li>\n<li>1x aromati\u010dna mirisna svije\u0107a od sojinog voska,<\/li>\n<li>1x himalajsku sol za kupanje u epruveti (35g),<\/li>\n<li>1x prirodnu strugalicu za pete od vulkanskog kamena,<\/li>\n<li>\u017eigice,<\/li>\n<li>1x torba od jute.<\/li>\n<\/ul>\n<p>&nbsp;<\/p>\n<p>Po \u017eelji \u0107emo dostaviti va\u0161 poklon primatelju, a podrazumijeva se da u paket ne\u0107emo prilo\u017eiti ra\u010dun tijekom isporuke. Ra\u010dun \u0107emo poslati vama.<\/p>\n<p>Is\u010drpan opis mo\u017eete pro\u010ditati u nastavku.<\/p>\n","protected":false},"featured_media":5306,"comment_status":"open","ping_status":"closed","template":"","meta":{"site-sidebar-layout":"default","site-content-layout":"default","ast-site-content-layout":"default","site-content-style":"default","site-sidebar-style":"default","ast-global-header-display":"","ast-banner-title-visibility":"","ast-main-header-display":"","ast-hfb-above-header-display":"","ast-hfb-below-header-display":"","ast-hfb-mobile-header-display":"","site-post-title":"","ast-breadcrumbs-content":"","ast-featured-img":"","footer-sml-layout":"","ast-disable-related-posts":"","theme-transparent-header-meta":"default","adv-header-id-meta":"","stick-header-meta":"","header-above-stick-meta":"","header-main-stick-meta":"","header-below-stick-meta":"","astra-migrate-meta-layouts":"set","ast-page-background-enabled":"default","ast-page-background-meta":{"desktop":{"background-color":"","background-image":"","background-repeat":"repeat","background-position":"center center","background-size":"auto","background-attachment":"scroll","background-type":"","background-media":"","overlay-type":"","overlay-color":"","overlay-opacity":"","overlay-gradient":""},"tablet":{"background-color":"","background-image":"","background-repeat":"repeat","background-position":"center center","background-size":"auto","background-attachment":"scroll","background-type":"","background-media":"","overlay-type":"","overlay-color":"","overlay-opacity":"","overlay-gradient":""},"mobile":{"background-color":"","background-image":"","background-repeat":"repeat","background-position":"center center","background-size":"auto","background-attachment":"scroll","background-type":"","background-media":"","overlay-type":"","overlay-color":"","overlay-opacity":"","overlay-gradient":""}},"ast-content-background-meta":{"desktop":{"background-color":"var(--ast-global-color-5)","background-image":"","background-repeat":"repeat","background-position":"center center","background-size":"auto","background-attachment":"scroll","background-type":"","background-media":"","overlay-type":"","overlay-color":"","overlay-opacity":"","overlay-gradient":""},"tablet":{"background-color":"var(--ast-global-color-5)","background-image":"","background-repeat":"repeat","background-position":"center center","background-size":"auto","background-attachment":"scroll","background-type":"","background-media":"","overlay-type":"","overlay-color":"","overlay-opacity":"","overlay-gradient":""},"mobile":{"background-color":"var(--ast-global-color-5)","background-image":"","background-repeat":"repeat","background-position":"center center","background-size":"auto","background-attachment":"scroll","background-type":"","background-media":"","overlay-type":"","overlay-color":"","overlay-opacity":"","overlay-gradient":""}}},"product_brand":[],"product_cat":[358],"product_tag":[],"class_list":{"0":"post-7512","1":"product","2":"type-product","3":"status-publish","4":"has-post-thumbnail","6":"product_cat-nema-zaliha","7":"desktop-align-left","8":"tablet-align-left","9":"mobile-align-left","11":"first","12":"outofstock","13":"taxable","14":"shipping-taxable","15":"purchasable","16":"product-type-simple"},"yoast_head":"<!-- This site is optimized with the Yoast SEO plugin v27.3 - https:\/\/yoast.com\/product\/yoast-seo-wordpress\/ -->\n<title>Pokloni za djevojku | Poklon kutija Viva la Diva | Le Boxi<\/title>\n<meta name=\"description\" content=\"\u2665 Luksuzna poklon kutija koja \u0107e joj omogu\u0107iti da u\u017eiva i opusti se! U ovom poklon kompletu prona\u0107i \u0107e sve \u0161to joj je potrebno za opu\u0161taju\u0107u ve\u010der. Le Boxi-jevi pokloni za djevojku.\" \/>\n<meta name=\"robots\" content=\"index, follow, max-snippet:-1, max-image-preview:large, max-video-preview:-1\" \/>\n<link rel=\"canonical\" href=\"https:\/\/leboxi.eu\/hr\/proizvodi\/pokloni-za-djevojku-2\/\" \/>\n<meta property=\"og:locale\" content=\"hr_HR\" \/>\n<meta property=\"og:type\" content=\"article\" \/>\n<meta property=\"og:title\" content=\"Pokloni za djevojku | Poklon kutija Viva la Diva | Le Boxi\" \/>\n<meta property=\"og:description\" content=\"\u2665 Luksuzna poklon kutija koja \u0107e joj omogu\u0107iti da u\u017eiva i opusti se! U ovom poklon kompletu prona\u0107i \u0107e sve \u0161to joj je potrebno za opu\u0161taju\u0107u ve\u010der. Le Boxi-jevi pokloni za djevojku.\" \/>\n<meta property=\"og:url\" content=\"https:\/\/leboxi.eu\/hr\/proizvodi\/pokloni-za-djevojku-2\/\" \/>\n<meta property=\"og:site_name\" content=\"Le Boxi | Unikatna darila za vsakogar\" \/>\n<meta property=\"article:publisher\" content=\"https:\/\/www.facebook.com\/leboxi.eu\" \/>\n<meta property=\"article:modified_time\" content=\"2024-08-18T18:36:52+00:00\" \/>\n<meta property=\"og:image\" content=\"https:\/\/leboxi.eu\/wp-content\/uploads\/2021\/04\/Izdelek-148-of-339.jpg\" \/>\n\t<meta property=\"og:image:width\" content=\"1000\" \/>\n\t<meta property=\"og:image:height\" content=\"1000\" \/>\n\t<meta property=\"og:image:type\" content=\"image\/jpeg\" \/>\n<meta name=\"twitter:card\" content=\"summary_large_image\" \/>\n<meta name=\"twitter:label1\" content=\"Procijenjeno vrijeme \u010ditanja\" \/>\n\t<meta name=\"twitter:data1\" content=\"4 minuta\" \/>\n<script type=\"application\/ld+json\" class=\"yoast-schema-graph\">{\"@context\":\"https:\\\/\\\/schema.org\",\"@graph\":[{\"@type\":\"WebPage\",\"@id\":\"https:\\\/\\\/leboxi.eu\\\/hr\\\/proizvodi\\\/pokloni-za-djevojku-2\\\/\",\"url\":\"https:\\\/\\\/leboxi.eu\\\/hr\\\/proizvodi\\\/pokloni-za-djevojku-2\\\/\",\"name\":\"Pokloni za djevojku | Poklon kutija Viva la Diva | Le Boxi\",\"isPartOf\":{\"@id\":\"https:\\\/\\\/leboxi.eu\\\/hr\\\/#website\"},\"primaryImageOfPage\":{\"@id\":\"https:\\\/\\\/leboxi.eu\\\/hr\\\/proizvodi\\\/pokloni-za-djevojku-2\\\/#primaryimage\"},\"image\":{\"@id\":\"https:\\\/\\\/leboxi.eu\\\/hr\\\/proizvodi\\\/pokloni-za-djevojku-2\\\/#primaryimage\"},\"thumbnailUrl\":\"https:\\\/\\\/leboxi.eu\\\/wp-content\\\/uploads\\\/2021\\\/04\\\/Izdelek-148-of-339.jpg\",\"datePublished\":\"2022-04-17T16:44:24+00:00\",\"dateModified\":\"2024-08-18T18:36:52+00:00\",\"description\":\"\u2665 Luksuzna poklon kutija koja \u0107e joj omogu\u0107iti da u\u017eiva i opusti se! U ovom poklon kompletu prona\u0107i \u0107e sve \u0161to joj je potrebno za opu\u0161taju\u0107u ve\u010der. Le Boxi-jevi pokloni za djevojku.\",\"breadcrumb\":{\"@id\":\"https:\\\/\\\/leboxi.eu\\\/hr\\\/proizvodi\\\/pokloni-za-djevojku-2\\\/#breadcrumb\"},\"inLanguage\":\"hr\",\"potentialAction\":[{\"@type\":\"ReadAction\",\"target\":[\"https:\\\/\\\/leboxi.eu\\\/hr\\\/proizvodi\\\/pokloni-za-djevojku-2\\\/\"]}]},{\"@type\":\"ImageObject\",\"inLanguage\":\"hr\",\"@id\":\"https:\\\/\\\/leboxi.eu\\\/hr\\\/proizvodi\\\/pokloni-za-djevojku-2\\\/#primaryimage\",\"url\":\"https:\\\/\\\/leboxi.eu\\\/wp-content\\\/uploads\\\/2021\\\/04\\\/Izdelek-148-of-339.jpg\",\"contentUrl\":\"https:\\\/\\\/leboxi.eu\\\/wp-content\\\/uploads\\\/2021\\\/04\\\/Izdelek-148-of-339.jpg\",\"width\":1000,\"height\":1000,\"caption\":\"Poklon kutija s metalnom \u0161alicom, prirodnim sapunom, struga\u010dem za pete od vulkanskog kamena, bademom bombom za kupanje, mirisnom svije\u0107om i soli za kupanje\"},{\"@type\":\"BreadcrumbList\",\"@id\":\"https:\\\/\\\/leboxi.eu\\\/hr\\\/proizvodi\\\/pokloni-za-djevojku-2\\\/#breadcrumb\",\"itemListElement\":[{\"@type\":\"ListItem\",\"position\":1,\"name\":\"Doma\",\"item\":\"https:\\\/\\\/leboxi.eu\\\/hr\\\/originalni-rodendanski-pokloni-za-zene-muskarce-i-novorodencad\\\/\"},{\"@type\":\"ListItem\",\"position\":2,\"name\":\"Trgovina\",\"item\":\"https:\\\/\\\/leboxi.eu\\\/hr\\\/trgovina\\\/\"},{\"@type\":\"ListItem\",\"position\":3,\"name\":\"Poklon kutija \u2013 Viva la Diva\"}]},{\"@type\":\"WebSite\",\"@id\":\"https:\\\/\\\/leboxi.eu\\\/hr\\\/#website\",\"url\":\"https:\\\/\\\/leboxi.eu\\\/hr\\\/\",\"name\":\"Le Boxi | Unikatna darila za vsakogar\",\"description\":\"Unikatna darila in darilne \u0161katle za vse prilo\u017enosti.\",\"publisher\":{\"@id\":\"https:\\\/\\\/leboxi.eu\\\/hr\\\/#organization\"},\"potentialAction\":[{\"@type\":\"SearchAction\",\"target\":{\"@type\":\"EntryPoint\",\"urlTemplate\":\"https:\\\/\\\/leboxi.eu\\\/hr\\\/?s={search_term_string}\"},\"query-input\":{\"@type\":\"PropertyValueSpecification\",\"valueRequired\":true,\"valueName\":\"search_term_string\"}}],\"inLanguage\":\"hr\"},{\"@type\":\"Organization\",\"@id\":\"https:\\\/\\\/leboxi.eu\\\/hr\\\/#organization\",\"name\":\"LE BOXI\",\"url\":\"https:\\\/\\\/leboxi.eu\\\/hr\\\/\",\"logo\":{\"@type\":\"ImageObject\",\"inLanguage\":\"hr\",\"@id\":\"https:\\\/\\\/leboxi.eu\\\/hr\\\/#\\\/schema\\\/logo\\\/image\\\/\",\"url\":\"https:\\\/\\\/leboxi.eu\\\/wp-content\\\/uploads\\\/2021\\\/02\\\/LeBoxi-manjsi-png.png\",\"contentUrl\":\"https:\\\/\\\/leboxi.eu\\\/wp-content\\\/uploads\\\/2021\\\/02\\\/LeBoxi-manjsi-png.png\",\"width\":389,\"height\":164,\"caption\":\"LE BOXI\"},\"image\":{\"@id\":\"https:\\\/\\\/leboxi.eu\\\/hr\\\/#\\\/schema\\\/logo\\\/image\\\/\"},\"sameAs\":[\"https:\\\/\\\/www.facebook.com\\\/leboxi.eu\",\"https:\\\/\\\/www.instagram.com\\\/le.boxi\\\/\"]}]}<\/script>\n<!-- \/ Yoast SEO plugin. -->","yoast_head_json":{"title":"Pokloni za djevojku | Poklon kutija Viva la Diva | Le Boxi","description":"\u2665 Luksuzna poklon kutija koja \u0107e joj omogu\u0107iti da u\u017eiva i opusti se! U ovom poklon kompletu prona\u0107i \u0107e sve \u0161to joj je potrebno za opu\u0161taju\u0107u ve\u010der. Le Boxi-jevi pokloni za djevojku.","robots":{"index":"index","follow":"follow","max-snippet":"max-snippet:-1","max-image-preview":"max-image-preview:large","max-video-preview":"max-video-preview:-1"},"canonical":"https:\/\/leboxi.eu\/hr\/proizvodi\/pokloni-za-djevojku-2\/","og_locale":"hr_HR","og_type":"article","og_title":"Pokloni za djevojku | Poklon kutija Viva la Diva | Le Boxi","og_description":"\u2665 Luksuzna poklon kutija koja \u0107e joj omogu\u0107iti da u\u017eiva i opusti se! U ovom poklon kompletu prona\u0107i \u0107e sve \u0161to joj je potrebno za opu\u0161taju\u0107u ve\u010der. Le Boxi-jevi pokloni za djevojku.","og_url":"https:\/\/leboxi.eu\/hr\/proizvodi\/pokloni-za-djevojku-2\/","og_site_name":"Le Boxi | Unikatna darila za vsakogar","article_publisher":"https:\/\/www.facebook.com\/leboxi.eu","article_modified_time":"2024-08-18T18:36:52+00:00","og_image":[{"width":1000,"height":1000,"url":"https:\/\/leboxi.eu\/wp-content\/uploads\/2021\/04\/Izdelek-148-of-339.jpg","type":"image\/jpeg"}],"twitter_card":"summary_large_image","twitter_misc":{"Procijenjeno vrijeme \u010ditanja":"4 minuta"},"schema":{"@context":"https:\/\/schema.org","@graph":[{"@type":"WebPage","@id":"https:\/\/leboxi.eu\/hr\/proizvodi\/pokloni-za-djevojku-2\/","url":"https:\/\/leboxi.eu\/hr\/proizvodi\/pokloni-za-djevojku-2\/","name":"Pokloni za djevojku | Poklon kutija Viva la Diva | Le Boxi","isPartOf":{"@id":"https:\/\/leboxi.eu\/hr\/#website"},"primaryImageOfPage":{"@id":"https:\/\/leboxi.eu\/hr\/proizvodi\/pokloni-za-djevojku-2\/#primaryimage"},"image":{"@id":"https:\/\/leboxi.eu\/hr\/proizvodi\/pokloni-za-djevojku-2\/#primaryimage"},"thumbnailUrl":"https:\/\/leboxi.eu\/wp-content\/uploads\/2021\/04\/Izdelek-148-of-339.jpg","datePublished":"2022-04-17T16:44:24+00:00","dateModified":"2024-08-18T18:36:52+00:00","description":"\u2665 Luksuzna poklon kutija koja \u0107e joj omogu\u0107iti da u\u017eiva i opusti se! U ovom poklon kompletu prona\u0107i \u0107e sve \u0161to joj je potrebno za opu\u0161taju\u0107u ve\u010der. Le Boxi-jevi pokloni za djevojku.","breadcrumb":{"@id":"https:\/\/leboxi.eu\/hr\/proizvodi\/pokloni-za-djevojku-2\/#breadcrumb"},"inLanguage":"hr","potentialAction":[{"@type":"ReadAction","target":["https:\/\/leboxi.eu\/hr\/proizvodi\/pokloni-za-djevojku-2\/"]}]},{"@type":"ImageObject","inLanguage":"hr","@id":"https:\/\/leboxi.eu\/hr\/proizvodi\/pokloni-za-djevojku-2\/#primaryimage","url":"https:\/\/leboxi.eu\/wp-content\/uploads\/2021\/04\/Izdelek-148-of-339.jpg","contentUrl":"https:\/\/leboxi.eu\/wp-content\/uploads\/2021\/04\/Izdelek-148-of-339.jpg","width":1000,"height":1000,"caption":"Poklon kutija s metalnom \u0161alicom, prirodnim sapunom, struga\u010dem za pete od vulkanskog kamena, bademom bombom za kupanje, mirisnom svije\u0107om i soli za kupanje"},{"@type":"BreadcrumbList","@id":"https:\/\/leboxi.eu\/hr\/proizvodi\/pokloni-za-djevojku-2\/#breadcrumb","itemListElement":[{"@type":"ListItem","position":1,"name":"Doma","item":"https:\/\/leboxi.eu\/hr\/originalni-rodendanski-pokloni-za-zene-muskarce-i-novorodencad\/"},{"@type":"ListItem","position":2,"name":"Trgovina","item":"https:\/\/leboxi.eu\/hr\/trgovina\/"},{"@type":"ListItem","position":3,"name":"Poklon kutija \u2013 Viva la Diva"}]},{"@type":"WebSite","@id":"https:\/\/leboxi.eu\/hr\/#website","url":"https:\/\/leboxi.eu\/hr\/","name":"Le Boxi | Unikatna darila za vsakogar","description":"Unikatna darila in darilne \u0161katle za vse prilo\u017enosti.","publisher":{"@id":"https:\/\/leboxi.eu\/hr\/#organization"},"potentialAction":[{"@type":"SearchAction","target":{"@type":"EntryPoint","urlTemplate":"https:\/\/leboxi.eu\/hr\/?s={search_term_string}"},"query-input":{"@type":"PropertyValueSpecification","valueRequired":true,"valueName":"search_term_string"}}],"inLanguage":"hr"},{"@type":"Organization","@id":"https:\/\/leboxi.eu\/hr\/#organization","name":"LE BOXI","url":"https:\/\/leboxi.eu\/hr\/","logo":{"@type":"ImageObject","inLanguage":"hr","@id":"https:\/\/leboxi.eu\/hr\/#\/schema\/logo\/image\/","url":"https:\/\/leboxi.eu\/wp-content\/uploads\/2021\/02\/LeBoxi-manjsi-png.png","contentUrl":"https:\/\/leboxi.eu\/wp-content\/uploads\/2021\/02\/LeBoxi-manjsi-png.png","width":389,"height":164,"caption":"LE BOXI"},"image":{"@id":"https:\/\/leboxi.eu\/hr\/#\/schema\/logo\/image\/"},"sameAs":["https:\/\/www.facebook.com\/leboxi.eu","https:\/\/www.instagram.com\/le.boxi\/"]}]}},"tiered_pricing_type":"fixed","tiered_pricing_fixed_rules":[],"tiered_pricing_product_settings":{"layout":"default","base_unit_name":{"singular":null,"plural":null},"default_variation":null},"tiered_pricing_minimum_quantity":null,"tiered_pricing_roles_data":[],"tiered_pricing_percentage_rules":[],"_links":{"self":[{"href":"https:\/\/leboxi.eu\/hr\/wp-json\/wp\/v2\/product\/7512","targetHints":{"allow":["GET"]}}],"collection":[{"href":"https:\/\/leboxi.eu\/hr\/wp-json\/wp\/v2\/product"}],"about":[{"href":"https:\/\/leboxi.eu\/hr\/wp-json\/wp\/v2\/types\/product"}],"replies":[{"embeddable":true,"href":"https:\/\/leboxi.eu\/hr\/wp-json\/wp\/v2\/comments?post=7512"}],"version-history":[{"count":0,"href":"https:\/\/leboxi.eu\/hr\/wp-json\/wp\/v2\/product\/7512\/revisions"}],"wp:featuredmedia":[{"embeddable":true,"href":"https:\/\/leboxi.eu\/hr\/wp-json\/wp\/v2\/media\/5306"}],"wp:attachment":[{"href":"https:\/\/leboxi.eu\/hr\/wp-json\/wp\/v2\/media?parent=7512"}],"wp:term":[{"taxonomy":"product_brand","embeddable":true,"href":"https:\/\/leboxi.eu\/hr\/wp-json\/wp\/v2\/product_brand?post=7512"},{"taxonomy":"product_cat","embeddable":true,"href":"https:\/\/leboxi.eu\/hr\/wp-json\/wp\/v2\/product_cat?post=7512"},{"taxonomy":"product_tag","embeddable":true,"href":"https:\/\/leboxi.eu\/hr\/wp-json\/wp\/v2\/product_tag?post=7512"}],"curies":[{"name":"wp","href":"https:\/\/api.w.org\/{rel}","templated":true}]}}