{"id":7333,"date":"2022-04-06T16:34:21","date_gmt":"2022-04-06T15:34:21","guid":{"rendered":"https:\/\/leboxi.eu\/?post_type=product&#038;p=7333"},"modified":"2022-09-27T16:03:49","modified_gmt":"2022-09-27T15:03:49","slug":"torba-za-kupovinu-torba-za-seksi-igrace","status":"publish","type":"product","link":"https:\/\/leboxi.eu\/hr\/proizvodi\/torba-za-kupovinu-torba-za-seksi-igrace\/","title":{"rendered":"Torba za kupovinu &#8211; Torba za seksi igra\u010de"},"content":{"rendered":"<p>\u0160aljive torbe za kupovinu za vi\u0161ekratnu upotrebu. Tko ne bi \u017eelio imati takvu zanimljivu \u0161aljivu torbu za kupovinu za vi\u0161ekratnu upotrebu koja \u0107e zasigurno izmamiti osmijeh na lice svakome tko je vidi?<\/p>\n<p>Materijal: pamu\u010dna tkanina<\/p>\n<p>Dimenzije: 38 cm x 42 cm<\/p>\n<p>&nbsp;<\/p>\n<h6>Dodatno:<\/h6>\n<p>Poklon mo\u017eete prilo\u017eiti i <a href=\"https:\/\/leboxi.eu\/hr\/izdelki\/cestitka-za-rodendan\/\">personaliziranu \u010destitku<\/a>.<\/p>\n<p>Po \u017eelji \u0107emo dostaviti va\u0161 poklon primatelju, a podrazumijeva se da u paket ne\u0107emo prilo\u017eiti ra\u010dun tijekom isporuke. Ra\u010dun \u0107emo poslati vama.<\/p>\n<p>Kao to\u010dku na i svojem poklonu mo\u017eete dodati i <a href=\"https:\/\/leboxi.eu\/hr\/blog\/le-boxi-proljetne-poklon-kartice-i-rodendanske-posvete\/\">poklon kartice<\/a>, a upute za njihovu izradu mo\u017eete prona\u0107i na na\u0161em blogu.<\/p>\n","protected":false},"excerpt":{"rendered":"<p>Biste li radije imali dosadnu obi\u010dnu torbu za kupovinu ili preferirate ne\u0161to \u0161to nadopunjuje va\u0161 stil i osobnost? Poka\u017eite svoje pravo lice torbom koja \u0107e privu\u0107i pa\u017enju i izmamiti osmijeh na lice \u2013 vama i prolaznicima. Torba je izdr\u017eljiva i mo\u017ee nositi va\u0161e te\u0161ke namirnice iz dana u dan. Ako se zaprlja, samo je ru\u010dno operite i ponovno \u0107e biti kao nova.<\/p>\n<p>Ova \u0161aljiva torba za kupovinu tako\u0111er mo\u017ee biti izvrstan poklon.<\/p>\n<p>&nbsp;<\/p>\n<p>Po \u017eelji \u0107emo dostaviti va\u0161 poklon primatelju, a podrazumijeva se da u paket ne\u0107emo prilo\u017eiti ra\u010dun tijekom isporuke. Ra\u010dun \u0107emo poslati vama.<\/p>\n<p>Iscrpan opis mo\u017eete pro\u010ditati u nastavku.<\/p>\n","protected":false},"featured_media":7193,"comment_status":"open","ping_status":"closed","template":"","meta":{"site-sidebar-layout":"default","site-content-layout":"default","ast-site-content-layout":"default","site-content-style":"default","site-sidebar-style":"default","ast-global-header-display":"","ast-banner-title-visibility":"","ast-main-header-display":"","ast-hfb-above-header-display":"","ast-hfb-below-header-display":"","ast-hfb-mobile-header-display":"","site-post-title":"","ast-breadcrumbs-content":"","ast-featured-img":"","footer-sml-layout":"","ast-disable-related-posts":"","theme-transparent-header-meta":"default","adv-header-id-meta":"","stick-header-meta":"","header-above-stick-meta":"","header-main-stick-meta":"","header-below-stick-meta":"","astra-migrate-meta-layouts":"default","ast-page-background-enabled":"default","ast-page-background-meta":{"desktop":{"background-color":"","background-image":"","background-repeat":"repeat","background-position":"center center","background-size":"auto","background-attachment":"scroll","background-type":"","background-media":"","overlay-type":"","overlay-color":"","overlay-opacity":"","overlay-gradient":""},"tablet":{"background-color":"","background-image":"","background-repeat":"repeat","background-position":"center center","background-size":"auto","background-attachment":"scroll","background-type":"","background-media":"","overlay-type":"","overlay-color":"","overlay-opacity":"","overlay-gradient":""},"mobile":{"background-color":"","background-image":"","background-repeat":"repeat","background-position":"center center","background-size":"auto","background-attachment":"scroll","background-type":"","background-media":"","overlay-type":"","overlay-color":"","overlay-opacity":"","overlay-gradient":""}},"ast-content-background-meta":{"desktop":{"background-color":"var(--ast-global-color-5)","background-image":"","background-repeat":"repeat","background-position":"center center","background-size":"auto","background-attachment":"scroll","background-type":"","background-media":"","overlay-type":"","overlay-color":"","overlay-opacity":"","overlay-gradient":""},"tablet":{"background-color":"var(--ast-global-color-5)","background-image":"","background-repeat":"repeat","background-position":"center center","background-size":"auto","background-attachment":"scroll","background-type":"","background-media":"","overlay-type":"","overlay-color":"","overlay-opacity":"","overlay-gradient":""},"mobile":{"background-color":"var(--ast-global-color-5)","background-image":"","background-repeat":"repeat","background-position":"center center","background-size":"auto","background-attachment":"scroll","background-type":"","background-media":"","overlay-type":"","overlay-color":"","overlay-opacity":"","overlay-gradient":""}}},"product_brand":[],"product_cat":[74,73,222,219],"product_tag":[],"class_list":{"0":"post-7333","1":"product","2":"type-product","3":"status-publish","4":"has-post-thumbnail","6":"product_cat-nepristojni","7":"product_cat-opcenito","8":"product_cat-smijesni-darovi","9":"product_cat-torbe-za-kupovinu","10":"desktop-align-left","11":"tablet-align-left","12":"mobile-align-left","14":"first","15":"instock","16":"taxable","17":"shipping-taxable","18":"purchasable","19":"product-type-simple"},"yoast_head":"<!-- This site is optimized with the Yoast SEO plugin v27.3 - https:\/\/yoast.com\/product\/yoast-seo-wordpress\/ -->\n<title>Torbe za kupovinu - Torba za seksi igra\u010de | Le Boxi<\/title>\n<meta name=\"description\" content=\"Biste li radije imali dosadnu obi\u010dnu torbu za kupovinu ili preferirate ne\u0161to \u0161to nadopunjuje va\u0161 stil i osobnost?\" \/>\n<meta name=\"robots\" content=\"index, follow, max-snippet:-1, max-image-preview:large, max-video-preview:-1\" \/>\n<link rel=\"canonical\" href=\"https:\/\/leboxi.eu\/hr\/proizvodi\/torba-za-kupovinu-torba-za-seksi-igrace\/\" \/>\n<meta property=\"og:locale\" content=\"hr_HR\" \/>\n<meta property=\"og:type\" content=\"article\" \/>\n<meta property=\"og:title\" content=\"Torbe za kupovinu - Torba za seksi igra\u010de | Le Boxi\" \/>\n<meta property=\"og:description\" content=\"Biste li radije imali dosadnu obi\u010dnu torbu za kupovinu ili preferirate ne\u0161to \u0161to nadopunjuje va\u0161 stil i osobnost?\" \/>\n<meta property=\"og:url\" content=\"https:\/\/leboxi.eu\/hr\/proizvodi\/torba-za-kupovinu-torba-za-seksi-igrace\/\" \/>\n<meta property=\"og:site_name\" content=\"Le Boxi | Unikatna darila za vsakogar\" \/>\n<meta property=\"article:publisher\" content=\"https:\/\/www.facebook.com\/leboxi.eu\" \/>\n<meta property=\"article:modified_time\" content=\"2022-09-27T15:03:49+00:00\" \/>\n<meta property=\"og:image\" content=\"https:\/\/leboxi.eu\/wp-content\/uploads\/2022\/04\/DSC0018.jpg\" \/>\n\t<meta property=\"og:image:width\" content=\"1000\" \/>\n\t<meta property=\"og:image:height\" content=\"1000\" \/>\n\t<meta property=\"og:image:type\" content=\"image\/jpeg\" \/>\n<meta name=\"twitter:card\" content=\"summary_large_image\" \/>\n<meta name=\"twitter:label1\" content=\"Procijenjeno vrijeme \u010ditanja\" \/>\n\t<meta name=\"twitter:data1\" content=\"1 minuta\" \/>\n<script type=\"application\/ld+json\" class=\"yoast-schema-graph\">{\"@context\":\"https:\\\/\\\/schema.org\",\"@graph\":[{\"@type\":\"WebPage\",\"@id\":\"https:\\\/\\\/leboxi.eu\\\/hr\\\/proizvodi\\\/torba-za-kupovinu-torba-za-seksi-igrace\\\/\",\"url\":\"https:\\\/\\\/leboxi.eu\\\/hr\\\/proizvodi\\\/torba-za-kupovinu-torba-za-seksi-igrace\\\/\",\"name\":\"Torbe za kupovinu - Torba za seksi igra\u010de | Le Boxi\",\"isPartOf\":{\"@id\":\"https:\\\/\\\/leboxi.eu\\\/hr\\\/#website\"},\"primaryImageOfPage\":{\"@id\":\"https:\\\/\\\/leboxi.eu\\\/hr\\\/proizvodi\\\/torba-za-kupovinu-torba-za-seksi-igrace\\\/#primaryimage\"},\"image\":{\"@id\":\"https:\\\/\\\/leboxi.eu\\\/hr\\\/proizvodi\\\/torba-za-kupovinu-torba-za-seksi-igrace\\\/#primaryimage\"},\"thumbnailUrl\":\"https:\\\/\\\/leboxi.eu\\\/wp-content\\\/uploads\\\/2022\\\/04\\\/DSC0018.jpg\",\"datePublished\":\"2022-04-06T15:34:21+00:00\",\"dateModified\":\"2022-09-27T15:03:49+00:00\",\"description\":\"Biste li radije imali dosadnu obi\u010dnu torbu za kupovinu ili preferirate ne\u0161to \u0161to nadopunjuje va\u0161 stil i osobnost?\",\"breadcrumb\":{\"@id\":\"https:\\\/\\\/leboxi.eu\\\/hr\\\/proizvodi\\\/torba-za-kupovinu-torba-za-seksi-igrace\\\/#breadcrumb\"},\"inLanguage\":\"hr\",\"potentialAction\":[{\"@type\":\"ReadAction\",\"target\":[\"https:\\\/\\\/leboxi.eu\\\/hr\\\/proizvodi\\\/torba-za-kupovinu-torba-za-seksi-igrace\\\/\"]}]},{\"@type\":\"ImageObject\",\"inLanguage\":\"hr\",\"@id\":\"https:\\\/\\\/leboxi.eu\\\/hr\\\/proizvodi\\\/torba-za-kupovinu-torba-za-seksi-igrace\\\/#primaryimage\",\"url\":\"https:\\\/\\\/leboxi.eu\\\/wp-content\\\/uploads\\\/2022\\\/04\\\/DSC0018.jpg\",\"contentUrl\":\"https:\\\/\\\/leboxi.eu\\\/wp-content\\\/uploads\\\/2022\\\/04\\\/DSC0018.jpg\",\"width\":1000,\"height\":1000},{\"@type\":\"BreadcrumbList\",\"@id\":\"https:\\\/\\\/leboxi.eu\\\/hr\\\/proizvodi\\\/torba-za-kupovinu-torba-za-seksi-igrace\\\/#breadcrumb\",\"itemListElement\":[{\"@type\":\"ListItem\",\"position\":1,\"name\":\"Doma\",\"item\":\"https:\\\/\\\/leboxi.eu\\\/hr\\\/originalni-rodendanski-pokloni-za-zene-muskarce-i-novorodencad\\\/\"},{\"@type\":\"ListItem\",\"position\":2,\"name\":\"Trgovina\",\"item\":\"https:\\\/\\\/leboxi.eu\\\/hr\\\/trgovina\\\/\"},{\"@type\":\"ListItem\",\"position\":3,\"name\":\"Torba za kupovinu &#8211; Torba za seksi igra\u010de\"}]},{\"@type\":\"WebSite\",\"@id\":\"https:\\\/\\\/leboxi.eu\\\/hr\\\/#website\",\"url\":\"https:\\\/\\\/leboxi.eu\\\/hr\\\/\",\"name\":\"Le Boxi | Unikatna darila za vsakogar\",\"description\":\"Unikatna darila in darilne \u0161katle za vse prilo\u017enosti.\",\"publisher\":{\"@id\":\"https:\\\/\\\/leboxi.eu\\\/hr\\\/#organization\"},\"potentialAction\":[{\"@type\":\"SearchAction\",\"target\":{\"@type\":\"EntryPoint\",\"urlTemplate\":\"https:\\\/\\\/leboxi.eu\\\/hr\\\/?s={search_term_string}\"},\"query-input\":{\"@type\":\"PropertyValueSpecification\",\"valueRequired\":true,\"valueName\":\"search_term_string\"}}],\"inLanguage\":\"hr\"},{\"@type\":\"Organization\",\"@id\":\"https:\\\/\\\/leboxi.eu\\\/hr\\\/#organization\",\"name\":\"LE BOXI\",\"url\":\"https:\\\/\\\/leboxi.eu\\\/hr\\\/\",\"logo\":{\"@type\":\"ImageObject\",\"inLanguage\":\"hr\",\"@id\":\"https:\\\/\\\/leboxi.eu\\\/hr\\\/#\\\/schema\\\/logo\\\/image\\\/\",\"url\":\"https:\\\/\\\/leboxi.eu\\\/wp-content\\\/uploads\\\/2021\\\/02\\\/LeBoxi-manjsi-png.png\",\"contentUrl\":\"https:\\\/\\\/leboxi.eu\\\/wp-content\\\/uploads\\\/2021\\\/02\\\/LeBoxi-manjsi-png.png\",\"width\":389,\"height\":164,\"caption\":\"LE BOXI\"},\"image\":{\"@id\":\"https:\\\/\\\/leboxi.eu\\\/hr\\\/#\\\/schema\\\/logo\\\/image\\\/\"},\"sameAs\":[\"https:\\\/\\\/www.facebook.com\\\/leboxi.eu\",\"https:\\\/\\\/www.instagram.com\\\/le.boxi\\\/\"]}]}<\/script>\n<!-- \/ Yoast SEO plugin. -->","yoast_head_json":{"title":"Torbe za kupovinu - Torba za seksi igra\u010de | Le Boxi","description":"Biste li radije imali dosadnu obi\u010dnu torbu za kupovinu ili preferirate ne\u0161to \u0161to nadopunjuje va\u0161 stil i osobnost?","robots":{"index":"index","follow":"follow","max-snippet":"max-snippet:-1","max-image-preview":"max-image-preview:large","max-video-preview":"max-video-preview:-1"},"canonical":"https:\/\/leboxi.eu\/hr\/proizvodi\/torba-za-kupovinu-torba-za-seksi-igrace\/","og_locale":"hr_HR","og_type":"article","og_title":"Torbe za kupovinu - Torba za seksi igra\u010de | Le Boxi","og_description":"Biste li radije imali dosadnu obi\u010dnu torbu za kupovinu ili preferirate ne\u0161to \u0161to nadopunjuje va\u0161 stil i osobnost?","og_url":"https:\/\/leboxi.eu\/hr\/proizvodi\/torba-za-kupovinu-torba-za-seksi-igrace\/","og_site_name":"Le Boxi | Unikatna darila za vsakogar","article_publisher":"https:\/\/www.facebook.com\/leboxi.eu","article_modified_time":"2022-09-27T15:03:49+00:00","og_image":[{"width":1000,"height":1000,"url":"https:\/\/leboxi.eu\/wp-content\/uploads\/2022\/04\/DSC0018.jpg","type":"image\/jpeg"}],"twitter_card":"summary_large_image","twitter_misc":{"Procijenjeno vrijeme \u010ditanja":"1 minuta"},"schema":{"@context":"https:\/\/schema.org","@graph":[{"@type":"WebPage","@id":"https:\/\/leboxi.eu\/hr\/proizvodi\/torba-za-kupovinu-torba-za-seksi-igrace\/","url":"https:\/\/leboxi.eu\/hr\/proizvodi\/torba-za-kupovinu-torba-za-seksi-igrace\/","name":"Torbe za kupovinu - Torba za seksi igra\u010de | Le Boxi","isPartOf":{"@id":"https:\/\/leboxi.eu\/hr\/#website"},"primaryImageOfPage":{"@id":"https:\/\/leboxi.eu\/hr\/proizvodi\/torba-za-kupovinu-torba-za-seksi-igrace\/#primaryimage"},"image":{"@id":"https:\/\/leboxi.eu\/hr\/proizvodi\/torba-za-kupovinu-torba-za-seksi-igrace\/#primaryimage"},"thumbnailUrl":"https:\/\/leboxi.eu\/wp-content\/uploads\/2022\/04\/DSC0018.jpg","datePublished":"2022-04-06T15:34:21+00:00","dateModified":"2022-09-27T15:03:49+00:00","description":"Biste li radije imali dosadnu obi\u010dnu torbu za kupovinu ili preferirate ne\u0161to \u0161to nadopunjuje va\u0161 stil i osobnost?","breadcrumb":{"@id":"https:\/\/leboxi.eu\/hr\/proizvodi\/torba-za-kupovinu-torba-za-seksi-igrace\/#breadcrumb"},"inLanguage":"hr","potentialAction":[{"@type":"ReadAction","target":["https:\/\/leboxi.eu\/hr\/proizvodi\/torba-za-kupovinu-torba-za-seksi-igrace\/"]}]},{"@type":"ImageObject","inLanguage":"hr","@id":"https:\/\/leboxi.eu\/hr\/proizvodi\/torba-za-kupovinu-torba-za-seksi-igrace\/#primaryimage","url":"https:\/\/leboxi.eu\/wp-content\/uploads\/2022\/04\/DSC0018.jpg","contentUrl":"https:\/\/leboxi.eu\/wp-content\/uploads\/2022\/04\/DSC0018.jpg","width":1000,"height":1000},{"@type":"BreadcrumbList","@id":"https:\/\/leboxi.eu\/hr\/proizvodi\/torba-za-kupovinu-torba-za-seksi-igrace\/#breadcrumb","itemListElement":[{"@type":"ListItem","position":1,"name":"Doma","item":"https:\/\/leboxi.eu\/hr\/originalni-rodendanski-pokloni-za-zene-muskarce-i-novorodencad\/"},{"@type":"ListItem","position":2,"name":"Trgovina","item":"https:\/\/leboxi.eu\/hr\/trgovina\/"},{"@type":"ListItem","position":3,"name":"Torba za kupovinu &#8211; Torba za seksi igra\u010de"}]},{"@type":"WebSite","@id":"https:\/\/leboxi.eu\/hr\/#website","url":"https:\/\/leboxi.eu\/hr\/","name":"Le Boxi | Unikatna darila za vsakogar","description":"Unikatna darila in darilne \u0161katle za vse prilo\u017enosti.","publisher":{"@id":"https:\/\/leboxi.eu\/hr\/#organization"},"potentialAction":[{"@type":"SearchAction","target":{"@type":"EntryPoint","urlTemplate":"https:\/\/leboxi.eu\/hr\/?s={search_term_string}"},"query-input":{"@type":"PropertyValueSpecification","valueRequired":true,"valueName":"search_term_string"}}],"inLanguage":"hr"},{"@type":"Organization","@id":"https:\/\/leboxi.eu\/hr\/#organization","name":"LE BOXI","url":"https:\/\/leboxi.eu\/hr\/","logo":{"@type":"ImageObject","inLanguage":"hr","@id":"https:\/\/leboxi.eu\/hr\/#\/schema\/logo\/image\/","url":"https:\/\/leboxi.eu\/wp-content\/uploads\/2021\/02\/LeBoxi-manjsi-png.png","contentUrl":"https:\/\/leboxi.eu\/wp-content\/uploads\/2021\/02\/LeBoxi-manjsi-png.png","width":389,"height":164,"caption":"LE BOXI"},"image":{"@id":"https:\/\/leboxi.eu\/hr\/#\/schema\/logo\/image\/"},"sameAs":["https:\/\/www.facebook.com\/leboxi.eu","https:\/\/www.instagram.com\/le.boxi\/"]}]}},"tiered_pricing_type":"fixed","tiered_pricing_fixed_rules":[],"tiered_pricing_product_settings":{"layout":"default","base_unit_name":{"singular":null,"plural":null},"default_variation":null},"tiered_pricing_minimum_quantity":null,"tiered_pricing_roles_data":[],"tiered_pricing_percentage_rules":[],"_links":{"self":[{"href":"https:\/\/leboxi.eu\/hr\/wp-json\/wp\/v2\/product\/7333","targetHints":{"allow":["GET"]}}],"collection":[{"href":"https:\/\/leboxi.eu\/hr\/wp-json\/wp\/v2\/product"}],"about":[{"href":"https:\/\/leboxi.eu\/hr\/wp-json\/wp\/v2\/types\/product"}],"replies":[{"embeddable":true,"href":"https:\/\/leboxi.eu\/hr\/wp-json\/wp\/v2\/comments?post=7333"}],"version-history":[{"count":0,"href":"https:\/\/leboxi.eu\/hr\/wp-json\/wp\/v2\/product\/7333\/revisions"}],"wp:featuredmedia":[{"embeddable":true,"href":"https:\/\/leboxi.eu\/hr\/wp-json\/wp\/v2\/media\/7193"}],"wp:attachment":[{"href":"https:\/\/leboxi.eu\/hr\/wp-json\/wp\/v2\/media?parent=7333"}],"wp:term":[{"taxonomy":"product_brand","embeddable":true,"href":"https:\/\/leboxi.eu\/hr\/wp-json\/wp\/v2\/product_brand?post=7333"},{"taxonomy":"product_cat","embeddable":true,"href":"https:\/\/leboxi.eu\/hr\/wp-json\/wp\/v2\/product_cat?post=7333"},{"taxonomy":"product_tag","embeddable":true,"href":"https:\/\/leboxi.eu\/hr\/wp-json\/wp\/v2\/product_tag?post=7333"}],"curies":[{"name":"wp","href":"https:\/\/api.w.org\/{rel}","templated":true}]}}