{"id":7100,"date":"2021-04-08T17:01:30","date_gmt":"2022-04-03T08:39:53","guid":{"rendered":"https:\/\/leboxi.eu\/izdelki\/vrijeme-je-za-kupanje-medvjedic\/"},"modified":"2022-04-03T10:02:38","modified_gmt":"2022-04-03T09:02:38","slug":"vrijeme-za-kupanje-medvjedic","status":"publish","type":"product","link":"https:\/\/leboxi.eu\/hr\/proizvodi\/vrijeme-za-kupanje-medvjedic\/","title":{"rendered":"Poklon kutija &#8211; vrijeme je za kupanje \u2013 medvjedi\u0107"},"content":{"rendered":"<p>U kompletu se nalazi:<\/p>\n<ul>\n<li><strong>Mekani kvalitetni dje\u010dji pamu\u010dni ru\u010dnik<\/strong> s kapulja\u010dom napravljen kako bi djeci bilo ugodno Najmla\u0111e \u0107e odu\u0161eviti izvezeni motiv medvjeda. Jako dobro upija i mekan je. Dimenzije: 70 x 70 cm . Sastav: 90 % pamuk, 10 % poliester<\/li>\n<\/ul>\n<p>&nbsp;<\/p>\n<ul>\n<li><strong>Prirodni, ru\u010dno ra\u0111eni sapun: 100 % KOKOSOVO ULJE, 120 g<\/strong><\/li>\n<\/ul>\n<p>Veganski sapun za kosu i tijelo, ru\u010dno izra\u0111en od certificiranog organskog, hladno pre\u0161anog, djevi\u010danskog, nerafiniranog kokosovog ulja i pro\u010di\u0161\u0107ene vode. Mnogi minerali i hranjivi sastojci kokosa izvrsni su za va\u0161u ko\u017eu te poma\u017eu pobolj\u0161ati elasti\u010dnost i hidrataciju ko\u017ee. Ulje mo\u017ee pomo\u0107i u uklanjanju prljav\u0161tine i mrtvih stanica s ko\u017ee, a hranjive tvari koje sadr\u017ei izvrsne su i za vla\u017eenje i pranje kose. Sapun treba \u010duvati u posudi za sapun, iz koje voda mo\u017ee istjecati i u kojoj se sapun mo\u017ee osu\u0161iti nakon upotrebe. Neupotrebljeni sapun \u010duvajte na hladnom, suhom i tamnom mjestu. SASTOJCI: Sodium cocoate<\/p>\n<p><strong>Bilje\u0161ke:<\/strong><\/p>\n<p>\u27a4 Zbog ru\u010dne izrade, izgled sapuna mo\u017ee se neznatno razlikovati od onog na slici.<\/p>\n<p>\u27a4 Sapuni su pakirani u ve\u0107im koli\u010dinama nego ina\u010de za prirodne, ru\u010dno ra\u0111ene sapune &#8211; 120g.<\/p>\n<p>&nbsp;<\/p>\n<ul>\n<li><strong>Kov\u010deg<\/strong> sive boje s bijelim zvjezdicama, koji slu\u017ei kao kutija u kojoj se sla\u017eu proizvodi. Roditelji ga kasnije mogu iskoristiti kao kutiju za spremanje dje\u010djih uspomena. Dimenzije: (D x \u0160 x V) 25,5cm x 8,5 cm x18 cm.<\/li>\n<li>Dodatno: Poklonu mo\u017eete prilo\u017eiti i <strong>personaliziranu \u010destitku<\/strong> koju mo\u017eete odabrati na stranici s odabranom poklon kutijom (+2,95 eur).<\/li>\n<\/ul>\n<p>Po \u017eelji \u0107emo dostaviti va\u0161 poklon primatelju, a podrazumijeva se da u paket ne\u0107emo prilo\u017eiti ra\u010dun tijekom isporuke. Ra\u010dun \u0107emo poslati vama.<\/p>\n","protected":false},"excerpt":{"rendered":"<p>Poklonite komplet koji se sastoji od mekanog i upijaju\u0107eg pamu\u010dnog ru\u010dnika s kapulja\u010dom i razigranim uzorkom medvjedi\u0107a te ru\u010dno izra\u0111enog sapuna od kokosovog ulja za pranje i njegu nje\u017ene ko\u017ee novoro\u0111en\u010deta. Sve skupa lijepo je zapakirano u prekrasnu kutiju u obliku kov\u010dega koju obitelj kasnije mo\u017ee iskoristiti za spremanje dragocjenih uspomena.<\/p>\n<p>U kutiju mo\u017eete prilo\u017eiti i personaliziranu \u010destitku (uz nadoplatu).<\/p>\n<p>U nastavku pogledajte detaljan opis poklon kutije.<\/p>\n<p>&nbsp;<\/p>\n<p>Po \u017eelji \u0107emo dostaviti va\u0161 poklon primatelju, a podrazumijeva se da u paket ne\u0107emo prilo\u017eiti ra\u010dun tijekom isporuke. Ra\u010dun \u0107emo poslati vama.<\/p>\n","protected":false},"featured_media":5341,"comment_status":"open","ping_status":"closed","template":"","meta":{"site-sidebar-layout":"default","site-content-layout":"default","ast-site-content-layout":"default","site-content-style":"default","site-sidebar-style":"default","ast-global-header-display":"","ast-banner-title-visibility":"","ast-main-header-display":"","ast-hfb-above-header-display":"","ast-hfb-below-header-display":"","ast-hfb-mobile-header-display":"","site-post-title":"","ast-breadcrumbs-content":"","ast-featured-img":"","footer-sml-layout":"","ast-disable-related-posts":"","theme-transparent-header-meta":"default","adv-header-id-meta":"","stick-header-meta":"","header-above-stick-meta":"","header-main-stick-meta":"","header-below-stick-meta":"","astra-migrate-meta-layouts":"default","ast-page-background-enabled":"default","ast-page-background-meta":{"desktop":{"background-color":"","background-image":"","background-repeat":"repeat","background-position":"center center","background-size":"auto","background-attachment":"scroll","background-type":"","background-media":"","overlay-type":"","overlay-color":"","overlay-opacity":"","overlay-gradient":""},"tablet":{"background-color":"","background-image":"","background-repeat":"repeat","background-position":"center center","background-size":"auto","background-attachment":"scroll","background-type":"","background-media":"","overlay-type":"","overlay-color":"","overlay-opacity":"","overlay-gradient":""},"mobile":{"background-color":"","background-image":"","background-repeat":"repeat","background-position":"center center","background-size":"auto","background-attachment":"scroll","background-type":"","background-media":"","overlay-type":"","overlay-color":"","overlay-opacity":"","overlay-gradient":""}},"ast-content-background-meta":{"desktop":{"background-color":"var(--ast-global-color-5)","background-image":"","background-repeat":"repeat","background-position":"center center","background-size":"auto","background-attachment":"scroll","background-type":"","background-media":"","overlay-type":"","overlay-color":"","overlay-opacity":"","overlay-gradient":""},"tablet":{"background-color":"var(--ast-global-color-5)","background-image":"","background-repeat":"repeat","background-position":"center center","background-size":"auto","background-attachment":"scroll","background-type":"","background-media":"","overlay-type":"","overlay-color":"","overlay-opacity":"","overlay-gradient":""},"mobile":{"background-color":"var(--ast-global-color-5)","background-image":"","background-repeat":"repeat","background-position":"center center","background-size":"auto","background-attachment":"scroll","background-type":"","background-media":"","overlay-type":"","overlay-color":"","overlay-opacity":"","overlay-gradient":""}}},"product_brand":[],"product_cat":[15],"product_tag":[],"class_list":{"0":"post-7100","1":"product","2":"type-product","3":"status-publish","4":"has-post-thumbnail","6":"product_cat-splosna","7":"desktop-align-left","8":"tablet-align-left","9":"mobile-align-left","11":"first","12":"outofstock","13":"taxable","14":"shipping-taxable","15":"purchasable","16":"product-type-simple"},"yoast_head":"<!-- This site is optimized with the Yoast SEO plugin v27.3 - https:\/\/yoast.com\/product\/yoast-seo-wordpress\/ -->\n<title>Le Boxi | Unikatna darila za vsakogar<\/title>\n<meta name=\"description\" content=\"Poklonite komplet koji se sastoji od mekanog i upijaju\u0107eg pamu\u010dnog ru\u010dnika s kapulja\u010dom i razigranim uzorkom medvjedi\u0107a te ru\u010dno izra\u0111enog sapuna od kokosovog ulja za pranje i njegu nje\u017ene ko\u017ee novoro\u0111en\u010deta. Sve skupa lijepo je zapakirano u prekrasnu kutiju u obliku kov\u010dega koju obitelj kasnije mo\u017ee iskoristiti za spremanje dragocjenih uspomena.\" \/>\n<meta name=\"robots\" content=\"index, follow, max-snippet:-1, max-image-preview:large, max-video-preview:-1\" \/>\n<link rel=\"canonical\" href=\"https:\/\/leboxi.eu\/hr\/proizvodi\/vrijeme-za-kupanje-medvjedic\/\" \/>\n<meta property=\"og:locale\" content=\"hr_HR\" \/>\n<meta property=\"og:type\" content=\"article\" \/>\n<meta property=\"og:title\" content=\"Le Boxi | Unikatna darila za vsakogar\" \/>\n<meta property=\"og:description\" content=\"Poklonite komplet koji se sastoji od mekanog i upijaju\u0107eg pamu\u010dnog ru\u010dnika s kapulja\u010dom i razigranim uzorkom medvjedi\u0107a te ru\u010dno izra\u0111enog sapuna od kokosovog ulja za pranje i njegu nje\u017ene ko\u017ee novoro\u0111en\u010deta. Sve skupa lijepo je zapakirano u prekrasnu kutiju u obliku kov\u010dega koju obitelj kasnije mo\u017ee iskoristiti za spremanje dragocjenih uspomena.\" \/>\n<meta property=\"og:url\" content=\"https:\/\/leboxi.eu\/hr\/proizvodi\/vrijeme-za-kupanje-medvjedic\/\" \/>\n<meta property=\"og:site_name\" content=\"Le Boxi | Unikatna darila za vsakogar\" \/>\n<meta property=\"article:publisher\" content=\"https:\/\/www.facebook.com\/leboxi.eu\" \/>\n<meta property=\"article:modified_time\" content=\"2022-04-03T09:02:38+00:00\" \/>\n<meta property=\"og:image\" content=\"https:\/\/leboxi.eu\/wp-content\/uploads\/2021\/04\/Izdelek-168-of-339.jpg\" \/>\n\t<meta property=\"og:image:width\" content=\"1000\" \/>\n\t<meta property=\"og:image:height\" content=\"1000\" \/>\n\t<meta property=\"og:image:type\" content=\"image\/jpeg\" \/>\n<meta name=\"twitter:card\" content=\"summary_large_image\" \/>\n<meta name=\"twitter:label1\" content=\"Procijenjeno vrijeme \u010ditanja\" \/>\n\t<meta name=\"twitter:data1\" content=\"2 minuta\" \/>\n<script type=\"application\/ld+json\" class=\"yoast-schema-graph\">{\"@context\":\"https:\\\/\\\/schema.org\",\"@graph\":[{\"@type\":\"WebPage\",\"@id\":\"https:\\\/\\\/leboxi.eu\\\/hr\\\/proizvodi\\\/vrijeme-za-kupanje-medvjedic\\\/\",\"url\":\"https:\\\/\\\/leboxi.eu\\\/hr\\\/proizvodi\\\/vrijeme-za-kupanje-medvjedic\\\/\",\"name\":\"Le Boxi | Unikatna darila za vsakogar\",\"isPartOf\":{\"@id\":\"https:\\\/\\\/leboxi.eu\\\/hr\\\/#website\"},\"primaryImageOfPage\":{\"@id\":\"https:\\\/\\\/leboxi.eu\\\/hr\\\/proizvodi\\\/vrijeme-za-kupanje-medvjedic\\\/#primaryimage\"},\"image\":{\"@id\":\"https:\\\/\\\/leboxi.eu\\\/hr\\\/proizvodi\\\/vrijeme-za-kupanje-medvjedic\\\/#primaryimage\"},\"thumbnailUrl\":\"https:\\\/\\\/leboxi.eu\\\/wp-content\\\/uploads\\\/2021\\\/04\\\/Izdelek-168-of-339.jpg\",\"datePublished\":\"2022-04-03T08:39:53+00:00\",\"dateModified\":\"2022-04-03T09:02:38+00:00\",\"description\":\"Poklonite komplet koji se sastoji od mekanog i upijaju\u0107eg pamu\u010dnog ru\u010dnika s kapulja\u010dom i razigranim uzorkom medvjedi\u0107a te ru\u010dno izra\u0111enog sapuna od kokosovog ulja za pranje i njegu nje\u017ene ko\u017ee novoro\u0111en\u010deta. Sve skupa lijepo je zapakirano u prekrasnu kutiju u obliku kov\u010dega koju obitelj kasnije mo\u017ee iskoristiti za spremanje dragocjenih uspomena.\",\"breadcrumb\":{\"@id\":\"https:\\\/\\\/leboxi.eu\\\/hr\\\/proizvodi\\\/vrijeme-za-kupanje-medvjedic\\\/#breadcrumb\"},\"inLanguage\":\"hr\",\"potentialAction\":[{\"@type\":\"ReadAction\",\"target\":[\"https:\\\/\\\/leboxi.eu\\\/hr\\\/proizvodi\\\/vrijeme-za-kupanje-medvjedic\\\/\"]}]},{\"@type\":\"ImageObject\",\"inLanguage\":\"hr\",\"@id\":\"https:\\\/\\\/leboxi.eu\\\/hr\\\/proizvodi\\\/vrijeme-za-kupanje-medvjedic\\\/#primaryimage\",\"url\":\"https:\\\/\\\/leboxi.eu\\\/wp-content\\\/uploads\\\/2021\\\/04\\\/Izdelek-168-of-339.jpg\",\"contentUrl\":\"https:\\\/\\\/leboxi.eu\\\/wp-content\\\/uploads\\\/2021\\\/04\\\/Izdelek-168-of-339.jpg\",\"width\":1000,\"height\":1000,\"caption\":\"Siva poklon kov\u010deg s bijelim zvjezdicama sadr\u017ei ru\u010dno izra\u0111eni prirodni sapun i dje\u010dji ru\u010dnik s kapulja\u010dom s izvezenim motivom medvjeda\"},{\"@type\":\"BreadcrumbList\",\"@id\":\"https:\\\/\\\/leboxi.eu\\\/hr\\\/proizvodi\\\/vrijeme-za-kupanje-medvjedic\\\/#breadcrumb\",\"itemListElement\":[{\"@type\":\"ListItem\",\"position\":1,\"name\":\"Doma\",\"item\":\"https:\\\/\\\/leboxi.eu\\\/hr\\\/originalni-rodendanski-pokloni-za-zene-muskarce-i-novorodencad\\\/\"},{\"@type\":\"ListItem\",\"position\":2,\"name\":\"Trgovina\",\"item\":\"https:\\\/\\\/leboxi.eu\\\/hr\\\/trgovina\\\/\"},{\"@type\":\"ListItem\",\"position\":3,\"name\":\"Poklon kutija &#8211; vrijeme je za kupanje \u2013 medvjedi\u0107\"}]},{\"@type\":\"WebSite\",\"@id\":\"https:\\\/\\\/leboxi.eu\\\/hr\\\/#website\",\"url\":\"https:\\\/\\\/leboxi.eu\\\/hr\\\/\",\"name\":\"Le Boxi | Unikatna darila za vsakogar\",\"description\":\"Unikatna darila in darilne \u0161katle za vse prilo\u017enosti.\",\"publisher\":{\"@id\":\"https:\\\/\\\/leboxi.eu\\\/hr\\\/#organization\"},\"potentialAction\":[{\"@type\":\"SearchAction\",\"target\":{\"@type\":\"EntryPoint\",\"urlTemplate\":\"https:\\\/\\\/leboxi.eu\\\/hr\\\/?s={search_term_string}\"},\"query-input\":{\"@type\":\"PropertyValueSpecification\",\"valueRequired\":true,\"valueName\":\"search_term_string\"}}],\"inLanguage\":\"hr\"},{\"@type\":\"Organization\",\"@id\":\"https:\\\/\\\/leboxi.eu\\\/hr\\\/#organization\",\"name\":\"LE BOXI\",\"url\":\"https:\\\/\\\/leboxi.eu\\\/hr\\\/\",\"logo\":{\"@type\":\"ImageObject\",\"inLanguage\":\"hr\",\"@id\":\"https:\\\/\\\/leboxi.eu\\\/hr\\\/#\\\/schema\\\/logo\\\/image\\\/\",\"url\":\"https:\\\/\\\/leboxi.eu\\\/wp-content\\\/uploads\\\/2021\\\/02\\\/LeBoxi-manjsi-png.png\",\"contentUrl\":\"https:\\\/\\\/leboxi.eu\\\/wp-content\\\/uploads\\\/2021\\\/02\\\/LeBoxi-manjsi-png.png\",\"width\":389,\"height\":164,\"caption\":\"LE BOXI\"},\"image\":{\"@id\":\"https:\\\/\\\/leboxi.eu\\\/hr\\\/#\\\/schema\\\/logo\\\/image\\\/\"},\"sameAs\":[\"https:\\\/\\\/www.facebook.com\\\/leboxi.eu\",\"https:\\\/\\\/www.instagram.com\\\/le.boxi\\\/\"]}]}<\/script>\n<!-- \/ Yoast SEO plugin. -->","yoast_head_json":{"title":"Le Boxi | Unikatna darila za vsakogar","description":"Poklonite komplet koji se sastoji od mekanog i upijaju\u0107eg pamu\u010dnog ru\u010dnika s kapulja\u010dom i razigranim uzorkom medvjedi\u0107a te ru\u010dno izra\u0111enog sapuna od kokosovog ulja za pranje i njegu nje\u017ene ko\u017ee novoro\u0111en\u010deta. Sve skupa lijepo je zapakirano u prekrasnu kutiju u obliku kov\u010dega koju obitelj kasnije mo\u017ee iskoristiti za spremanje dragocjenih uspomena.","robots":{"index":"index","follow":"follow","max-snippet":"max-snippet:-1","max-image-preview":"max-image-preview:large","max-video-preview":"max-video-preview:-1"},"canonical":"https:\/\/leboxi.eu\/hr\/proizvodi\/vrijeme-za-kupanje-medvjedic\/","og_locale":"hr_HR","og_type":"article","og_title":"Le Boxi | Unikatna darila za vsakogar","og_description":"Poklonite komplet koji se sastoji od mekanog i upijaju\u0107eg pamu\u010dnog ru\u010dnika s kapulja\u010dom i razigranim uzorkom medvjedi\u0107a te ru\u010dno izra\u0111enog sapuna od kokosovog ulja za pranje i njegu nje\u017ene ko\u017ee novoro\u0111en\u010deta. Sve skupa lijepo je zapakirano u prekrasnu kutiju u obliku kov\u010dega koju obitelj kasnije mo\u017ee iskoristiti za spremanje dragocjenih uspomena.","og_url":"https:\/\/leboxi.eu\/hr\/proizvodi\/vrijeme-za-kupanje-medvjedic\/","og_site_name":"Le Boxi | Unikatna darila za vsakogar","article_publisher":"https:\/\/www.facebook.com\/leboxi.eu","article_modified_time":"2022-04-03T09:02:38+00:00","og_image":[{"width":1000,"height":1000,"url":"https:\/\/leboxi.eu\/wp-content\/uploads\/2021\/04\/Izdelek-168-of-339.jpg","type":"image\/jpeg"}],"twitter_card":"summary_large_image","twitter_misc":{"Procijenjeno vrijeme \u010ditanja":"2 minuta"},"schema":{"@context":"https:\/\/schema.org","@graph":[{"@type":"WebPage","@id":"https:\/\/leboxi.eu\/hr\/proizvodi\/vrijeme-za-kupanje-medvjedic\/","url":"https:\/\/leboxi.eu\/hr\/proizvodi\/vrijeme-za-kupanje-medvjedic\/","name":"Le Boxi | Unikatna darila za vsakogar","isPartOf":{"@id":"https:\/\/leboxi.eu\/hr\/#website"},"primaryImageOfPage":{"@id":"https:\/\/leboxi.eu\/hr\/proizvodi\/vrijeme-za-kupanje-medvjedic\/#primaryimage"},"image":{"@id":"https:\/\/leboxi.eu\/hr\/proizvodi\/vrijeme-za-kupanje-medvjedic\/#primaryimage"},"thumbnailUrl":"https:\/\/leboxi.eu\/wp-content\/uploads\/2021\/04\/Izdelek-168-of-339.jpg","datePublished":"2022-04-03T08:39:53+00:00","dateModified":"2022-04-03T09:02:38+00:00","description":"Poklonite komplet koji se sastoji od mekanog i upijaju\u0107eg pamu\u010dnog ru\u010dnika s kapulja\u010dom i razigranim uzorkom medvjedi\u0107a te ru\u010dno izra\u0111enog sapuna od kokosovog ulja za pranje i njegu nje\u017ene ko\u017ee novoro\u0111en\u010deta. Sve skupa lijepo je zapakirano u prekrasnu kutiju u obliku kov\u010dega koju obitelj kasnije mo\u017ee iskoristiti za spremanje dragocjenih uspomena.","breadcrumb":{"@id":"https:\/\/leboxi.eu\/hr\/proizvodi\/vrijeme-za-kupanje-medvjedic\/#breadcrumb"},"inLanguage":"hr","potentialAction":[{"@type":"ReadAction","target":["https:\/\/leboxi.eu\/hr\/proizvodi\/vrijeme-za-kupanje-medvjedic\/"]}]},{"@type":"ImageObject","inLanguage":"hr","@id":"https:\/\/leboxi.eu\/hr\/proizvodi\/vrijeme-za-kupanje-medvjedic\/#primaryimage","url":"https:\/\/leboxi.eu\/wp-content\/uploads\/2021\/04\/Izdelek-168-of-339.jpg","contentUrl":"https:\/\/leboxi.eu\/wp-content\/uploads\/2021\/04\/Izdelek-168-of-339.jpg","width":1000,"height":1000,"caption":"Siva poklon kov\u010deg s bijelim zvjezdicama sadr\u017ei ru\u010dno izra\u0111eni prirodni sapun i dje\u010dji ru\u010dnik s kapulja\u010dom s izvezenim motivom medvjeda"},{"@type":"BreadcrumbList","@id":"https:\/\/leboxi.eu\/hr\/proizvodi\/vrijeme-za-kupanje-medvjedic\/#breadcrumb","itemListElement":[{"@type":"ListItem","position":1,"name":"Doma","item":"https:\/\/leboxi.eu\/hr\/originalni-rodendanski-pokloni-za-zene-muskarce-i-novorodencad\/"},{"@type":"ListItem","position":2,"name":"Trgovina","item":"https:\/\/leboxi.eu\/hr\/trgovina\/"},{"@type":"ListItem","position":3,"name":"Poklon kutija &#8211; vrijeme je za kupanje \u2013 medvjedi\u0107"}]},{"@type":"WebSite","@id":"https:\/\/leboxi.eu\/hr\/#website","url":"https:\/\/leboxi.eu\/hr\/","name":"Le Boxi | Unikatna darila za vsakogar","description":"Unikatna darila in darilne \u0161katle za vse prilo\u017enosti.","publisher":{"@id":"https:\/\/leboxi.eu\/hr\/#organization"},"potentialAction":[{"@type":"SearchAction","target":{"@type":"EntryPoint","urlTemplate":"https:\/\/leboxi.eu\/hr\/?s={search_term_string}"},"query-input":{"@type":"PropertyValueSpecification","valueRequired":true,"valueName":"search_term_string"}}],"inLanguage":"hr"},{"@type":"Organization","@id":"https:\/\/leboxi.eu\/hr\/#organization","name":"LE BOXI","url":"https:\/\/leboxi.eu\/hr\/","logo":{"@type":"ImageObject","inLanguage":"hr","@id":"https:\/\/leboxi.eu\/hr\/#\/schema\/logo\/image\/","url":"https:\/\/leboxi.eu\/wp-content\/uploads\/2021\/02\/LeBoxi-manjsi-png.png","contentUrl":"https:\/\/leboxi.eu\/wp-content\/uploads\/2021\/02\/LeBoxi-manjsi-png.png","width":389,"height":164,"caption":"LE BOXI"},"image":{"@id":"https:\/\/leboxi.eu\/hr\/#\/schema\/logo\/image\/"},"sameAs":["https:\/\/www.facebook.com\/leboxi.eu","https:\/\/www.instagram.com\/le.boxi\/"]}]}},"tiered_pricing_type":"fixed","tiered_pricing_fixed_rules":[],"tiered_pricing_product_settings":{"layout":"default","base_unit_name":{"singular":null,"plural":null},"default_variation":null},"tiered_pricing_minimum_quantity":null,"tiered_pricing_roles_data":[],"tiered_pricing_percentage_rules":[],"_links":{"self":[{"href":"https:\/\/leboxi.eu\/hr\/wp-json\/wp\/v2\/product\/7100","targetHints":{"allow":["GET"]}}],"collection":[{"href":"https:\/\/leboxi.eu\/hr\/wp-json\/wp\/v2\/product"}],"about":[{"href":"https:\/\/leboxi.eu\/hr\/wp-json\/wp\/v2\/types\/product"}],"replies":[{"embeddable":true,"href":"https:\/\/leboxi.eu\/hr\/wp-json\/wp\/v2\/comments?post=7100"}],"version-history":[{"count":0,"href":"https:\/\/leboxi.eu\/hr\/wp-json\/wp\/v2\/product\/7100\/revisions"}],"wp:featuredmedia":[{"embeddable":true,"href":"https:\/\/leboxi.eu\/hr\/wp-json\/wp\/v2\/media\/5341"}],"wp:attachment":[{"href":"https:\/\/leboxi.eu\/hr\/wp-json\/wp\/v2\/media?parent=7100"}],"wp:term":[{"taxonomy":"product_brand","embeddable":true,"href":"https:\/\/leboxi.eu\/hr\/wp-json\/wp\/v2\/product_brand?post=7100"},{"taxonomy":"product_cat","embeddable":true,"href":"https:\/\/leboxi.eu\/hr\/wp-json\/wp\/v2\/product_cat?post=7100"},{"taxonomy":"product_tag","embeddable":true,"href":"https:\/\/leboxi.eu\/hr\/wp-json\/wp\/v2\/product_tag?post=7100"}],"curies":[{"name":"wp","href":"https:\/\/api.w.org\/{rel}","templated":true}]}}