{"id":7042,"date":"2021-04-10T11:14:40","date_gmt":"2022-03-26T19:05:00","guid":{"rendered":"https:\/\/leboxi.eu\/izdelki\/pljoska-narukvica-crna-100-ml\/"},"modified":"2022-11-06T16:56:06","modified_gmt":"2022-11-06T15:56:06","slug":"pljoska-narukvica","status":"publish","type":"product","link":"https:\/\/leboxi.eu\/hr\/proizvodi\/pljoska-narukvica\/","title":{"rendered":"Pljoska narukvica &#8211; crna, 100 ml"},"content":{"rendered":"<p><strong>Pljoska je namijenjena \u017eenama i mo\u017ee se nositi kao narukvica.<\/strong><\/p>\n<p>Boja: Metalik crna<\/p>\n<p>Kapacitet: 100 ml<\/p>\n<p>Unutarnji promjer: 7 cm<\/p>\n<p>Vanjski promjer: 9,5 cm<\/p>\n<p>Visina: 12 cm<\/p>\n<p>Materijal: Nehr\u0111aju\u0107i \u010delik<\/p>\n<p>&nbsp;<\/p>\n<p>Upozorenje:<\/p>\n<p>Pa\u017eljivo provjerite veli\u010dinu jer narukvica mo\u017eda nije prikladna za velika ili mala zape\u0161\u0107a.<\/p>\n<h6><\/h6>\n<h6>Dodatno:<\/h6>\n<p>Na poklon set mo\u017eete prilo\u017eiti i <strong>personaliziranu \u010destitku<\/strong> (+2,95 eura).<\/p>\n<p>Po \u017eelji \u0107emo dostaviti va\u0161 poklon primatelju, a podrazumijeva se da u paket ne\u0107emo prilo\u017eiti ra\u010dun tijekom isporuke. Ra\u010dun \u0107emo poslati vama.<\/p>\n<p>Povrh svega, svoj poklon set mo\u017eete nadograditi <a href=\"https:\/\/leboxi.eu\/hr\/blog\/le-boxi-proljetne-poklon-kartice-i-rodendanske-posvete\/\">poklon listi\u0107ima<\/a> za izradu \u010dije upute mo\u017eete prona\u0107i na na\u0161em blogu.<\/p>\n<p>&nbsp;<\/p>\n","protected":false},"excerpt":{"rendered":"<p>Ova luksuzna pljoska, skrivena u narukvici atraktivne crne metalik boje, postat \u0107e va\u0161a najbolja prijateljica na svim zabavama. Pljoska je izra\u0111ena od izdr\u017eljivog \u010delika, u nju mo\u017eete uliti do 100 ml omiljenog pi\u0107a koje tako mo\u017eete sa sobom ponijeti gdje god krenete. Zapakirana je u poklon kutiju sa srebrnom satenskom podlogom i metalnim lijevkom.<\/p>\n<p>U poklon kutiju mo\u017eete uklju\u010diti i personaliziranu <a href=\"https:\/\/leboxi.eu\/izdelki\/personalizirana-cestitka\/\">darilnu karticu<\/a> (uz nadoplatu)<\/p>\n<p>&nbsp;<\/p>\n<p>Po \u017eelji \u0107emo dostaviti va\u0161 poklon primatelju, a podrazumijeva se da u paket ne\u0107emo prilo\u017eiti ra\u010dun tijekom isporuke. Ra\u010dun \u0107emo poslati vama.<\/p>\n","protected":false},"featured_media":5415,"comment_status":"open","ping_status":"closed","template":"","meta":{"site-sidebar-layout":"default","site-content-layout":"default","ast-site-content-layout":"default","site-content-style":"default","site-sidebar-style":"default","ast-global-header-display":"","ast-banner-title-visibility":"","ast-main-header-display":"","ast-hfb-above-header-display":"","ast-hfb-below-header-display":"","ast-hfb-mobile-header-display":"","site-post-title":"","ast-breadcrumbs-content":"","ast-featured-img":"","footer-sml-layout":"","ast-disable-related-posts":"","theme-transparent-header-meta":"default","adv-header-id-meta":"","stick-header-meta":"","header-above-stick-meta":"","header-main-stick-meta":"","header-below-stick-meta":"","astra-migrate-meta-layouts":"default","ast-page-background-enabled":"default","ast-page-background-meta":{"desktop":{"background-color":"","background-image":"","background-repeat":"repeat","background-position":"center center","background-size":"auto","background-attachment":"scroll","background-type":"","background-media":"","overlay-type":"","overlay-color":"","overlay-opacity":"","overlay-gradient":""},"tablet":{"background-color":"","background-image":"","background-repeat":"repeat","background-position":"center center","background-size":"auto","background-attachment":"scroll","background-type":"","background-media":"","overlay-type":"","overlay-color":"","overlay-opacity":"","overlay-gradient":""},"mobile":{"background-color":"","background-image":"","background-repeat":"repeat","background-position":"center center","background-size":"auto","background-attachment":"scroll","background-type":"","background-media":"","overlay-type":"","overlay-color":"","overlay-opacity":"","overlay-gradient":""}},"ast-content-background-meta":{"desktop":{"background-color":"var(--ast-global-color-5)","background-image":"","background-repeat":"repeat","background-position":"center center","background-size":"auto","background-attachment":"scroll","background-type":"","background-media":"","overlay-type":"","overlay-color":"","overlay-opacity":"","overlay-gradient":""},"tablet":{"background-color":"var(--ast-global-color-5)","background-image":"","background-repeat":"repeat","background-position":"center center","background-size":"auto","background-attachment":"scroll","background-type":"","background-media":"","overlay-type":"","overlay-color":"","overlay-opacity":"","overlay-gradient":""},"mobile":{"background-color":"var(--ast-global-color-5)","background-image":"","background-repeat":"repeat","background-position":"center center","background-size":"auto","background-attachment":"scroll","background-type":"","background-media":"","overlay-type":"","overlay-color":"","overlay-opacity":"","overlay-gradient":""}}},"product_brand":[],"product_cat":[274,212,75,73,215,207,201,199,203,209,210,198,202,87],"product_tag":[],"class_list":{"0":"post-7042","1":"product","2":"type-product","3":"status-publish","4":"has-post-thumbnail","6":"product_cat-akcija-hr","7":"product_cat-bozicni-pokloni-za-zene","8":"product_cat-muski","9":"product_cat-opcenito","10":"product_cat-pljoska","11":"product_cat-pokloni-za-bozic","12":"product_cat-pokloni-za-djevojku","13":"product_cat-pokloni-za-mamu","14":"product_cat-pokloni-za-prijateljicu","15":"product_cat-pokloni-za-rodendan-hr","16":"product_cat-pokloni-za-rodendan-za-zene","17":"product_cat-pokloni-za-zene","18":"product_cat-prilike","19":"product_cat-zene","20":"pa_prisrcnica-personalizacija-bez-personalizacije-poklon-kutija","21":"pa_prisrcnica-personalizacija-s-personalizacijom-poklon-kutija","22":"desktop-align-left","23":"tablet-align-left","24":"mobile-align-left","26":"first","27":"outofstock","28":"sale","29":"taxable","30":"shipping-taxable","31":"purchasable","32":"product-type-simple"},"yoast_head":"<!-- This site is optimized with the Yoast SEO plugin v27.3 - https:\/\/yoast.com\/product\/yoast-seo-wordpress\/ -->\n<title>Pljoska narukvica | \u017denska pljoska | Le Boxi<\/title>\n<meta name=\"description\" content=\"Ova luksuzna pljoska, skrivena u narukvici atraktivne crne metalik boje, postat \u0107e va\u0161a najbolja prijateljica na svim zabavama.\" \/>\n<meta name=\"robots\" content=\"index, follow, max-snippet:-1, max-image-preview:large, max-video-preview:-1\" \/>\n<link rel=\"canonical\" href=\"https:\/\/leboxi.eu\/hr\/proizvodi\/pljoska-narukvica\/\" \/>\n<meta property=\"og:locale\" content=\"hr_HR\" \/>\n<meta property=\"og:type\" content=\"article\" \/>\n<meta property=\"og:title\" content=\"Pljoska narukvica | \u017denska pljoska | Le Boxi\" \/>\n<meta property=\"og:description\" content=\"Ova luksuzna pljoska, skrivena u narukvici atraktivne crne metalik boje, postat \u0107e va\u0161a najbolja prijateljica na svim zabavama.\" \/>\n<meta property=\"og:url\" content=\"https:\/\/leboxi.eu\/hr\/proizvodi\/pljoska-narukvica\/\" \/>\n<meta property=\"og:site_name\" content=\"Le Boxi | Unikatna darila za vsakogar\" \/>\n<meta property=\"article:publisher\" content=\"https:\/\/www.facebook.com\/leboxi.eu\" \/>\n<meta property=\"article:modified_time\" content=\"2022-11-06T15:56:06+00:00\" \/>\n<meta property=\"og:image\" content=\"https:\/\/leboxi.eu\/wp-content\/uploads\/2021\/04\/zapestnica6.jpg\" \/>\n\t<meta property=\"og:image:width\" content=\"1000\" \/>\n\t<meta property=\"og:image:height\" content=\"1000\" \/>\n\t<meta property=\"og:image:type\" content=\"image\/jpeg\" \/>\n<meta name=\"twitter:card\" content=\"summary_large_image\" \/>\n<meta name=\"twitter:label1\" content=\"Procijenjeno vrijeme \u010ditanja\" \/>\n\t<meta name=\"twitter:data1\" content=\"1 minuta\" \/>\n<script type=\"application\/ld+json\" class=\"yoast-schema-graph\">{\"@context\":\"https:\\\/\\\/schema.org\",\"@graph\":[{\"@type\":\"WebPage\",\"@id\":\"https:\\\/\\\/leboxi.eu\\\/hr\\\/proizvodi\\\/pljoska-narukvica\\\/\",\"url\":\"https:\\\/\\\/leboxi.eu\\\/hr\\\/proizvodi\\\/pljoska-narukvica\\\/\",\"name\":\"Pljoska narukvica | \u017denska pljoska | Le Boxi\",\"isPartOf\":{\"@id\":\"https:\\\/\\\/leboxi.eu\\\/hr\\\/#website\"},\"primaryImageOfPage\":{\"@id\":\"https:\\\/\\\/leboxi.eu\\\/hr\\\/proizvodi\\\/pljoska-narukvica\\\/#primaryimage\"},\"image\":{\"@id\":\"https:\\\/\\\/leboxi.eu\\\/hr\\\/proizvodi\\\/pljoska-narukvica\\\/#primaryimage\"},\"thumbnailUrl\":\"https:\\\/\\\/leboxi.eu\\\/wp-content\\\/uploads\\\/2021\\\/04\\\/zapestnica6.jpg\",\"datePublished\":\"2022-03-26T19:05:00+00:00\",\"dateModified\":\"2022-11-06T15:56:06+00:00\",\"description\":\"Ova luksuzna pljoska, skrivena u narukvici atraktivne crne metalik boje, postat \u0107e va\u0161a najbolja prijateljica na svim zabavama.\",\"breadcrumb\":{\"@id\":\"https:\\\/\\\/leboxi.eu\\\/hr\\\/proizvodi\\\/pljoska-narukvica\\\/#breadcrumb\"},\"inLanguage\":\"hr\",\"potentialAction\":[{\"@type\":\"ReadAction\",\"target\":[\"https:\\\/\\\/leboxi.eu\\\/hr\\\/proizvodi\\\/pljoska-narukvica\\\/\"]}]},{\"@type\":\"ImageObject\",\"inLanguage\":\"hr\",\"@id\":\"https:\\\/\\\/leboxi.eu\\\/hr\\\/proizvodi\\\/pljoska-narukvica\\\/#primaryimage\",\"url\":\"https:\\\/\\\/leboxi.eu\\\/wp-content\\\/uploads\\\/2021\\\/04\\\/zapestnica6.jpg\",\"contentUrl\":\"https:\\\/\\\/leboxi.eu\\\/wp-content\\\/uploads\\\/2021\\\/04\\\/zapestnica6.jpg\",\"width\":1000,\"height\":1000,\"caption\":\"Crna metalna pljoska narukvica u obliku srca s metalnim lijevkom na \u017eenskoj ruci\"},{\"@type\":\"BreadcrumbList\",\"@id\":\"https:\\\/\\\/leboxi.eu\\\/hr\\\/proizvodi\\\/pljoska-narukvica\\\/#breadcrumb\",\"itemListElement\":[{\"@type\":\"ListItem\",\"position\":1,\"name\":\"Doma\",\"item\":\"https:\\\/\\\/leboxi.eu\\\/hr\\\/originalni-rodendanski-pokloni-za-zene-muskarce-i-novorodencad\\\/\"},{\"@type\":\"ListItem\",\"position\":2,\"name\":\"Trgovina\",\"item\":\"https:\\\/\\\/leboxi.eu\\\/hr\\\/trgovina\\\/\"},{\"@type\":\"ListItem\",\"position\":3,\"name\":\"Pljoska narukvica &#8211; crna, 100 ml\"}]},{\"@type\":\"WebSite\",\"@id\":\"https:\\\/\\\/leboxi.eu\\\/hr\\\/#website\",\"url\":\"https:\\\/\\\/leboxi.eu\\\/hr\\\/\",\"name\":\"Le Boxi | Unikatna darila za vsakogar\",\"description\":\"Unikatna darila in darilne \u0161katle za vse prilo\u017enosti.\",\"publisher\":{\"@id\":\"https:\\\/\\\/leboxi.eu\\\/hr\\\/#organization\"},\"potentialAction\":[{\"@type\":\"SearchAction\",\"target\":{\"@type\":\"EntryPoint\",\"urlTemplate\":\"https:\\\/\\\/leboxi.eu\\\/hr\\\/?s={search_term_string}\"},\"query-input\":{\"@type\":\"PropertyValueSpecification\",\"valueRequired\":true,\"valueName\":\"search_term_string\"}}],\"inLanguage\":\"hr\"},{\"@type\":\"Organization\",\"@id\":\"https:\\\/\\\/leboxi.eu\\\/hr\\\/#organization\",\"name\":\"LE BOXI\",\"url\":\"https:\\\/\\\/leboxi.eu\\\/hr\\\/\",\"logo\":{\"@type\":\"ImageObject\",\"inLanguage\":\"hr\",\"@id\":\"https:\\\/\\\/leboxi.eu\\\/hr\\\/#\\\/schema\\\/logo\\\/image\\\/\",\"url\":\"https:\\\/\\\/leboxi.eu\\\/wp-content\\\/uploads\\\/2021\\\/02\\\/LeBoxi-manjsi-png.png\",\"contentUrl\":\"https:\\\/\\\/leboxi.eu\\\/wp-content\\\/uploads\\\/2021\\\/02\\\/LeBoxi-manjsi-png.png\",\"width\":389,\"height\":164,\"caption\":\"LE BOXI\"},\"image\":{\"@id\":\"https:\\\/\\\/leboxi.eu\\\/hr\\\/#\\\/schema\\\/logo\\\/image\\\/\"},\"sameAs\":[\"https:\\\/\\\/www.facebook.com\\\/leboxi.eu\",\"https:\\\/\\\/www.instagram.com\\\/le.boxi\\\/\"]}]}<\/script>\n<!-- \/ Yoast SEO plugin. -->","yoast_head_json":{"title":"Pljoska narukvica | \u017denska pljoska | Le Boxi","description":"Ova luksuzna pljoska, skrivena u narukvici atraktivne crne metalik boje, postat \u0107e va\u0161a najbolja prijateljica na svim zabavama.","robots":{"index":"index","follow":"follow","max-snippet":"max-snippet:-1","max-image-preview":"max-image-preview:large","max-video-preview":"max-video-preview:-1"},"canonical":"https:\/\/leboxi.eu\/hr\/proizvodi\/pljoska-narukvica\/","og_locale":"hr_HR","og_type":"article","og_title":"Pljoska narukvica | \u017denska pljoska | Le Boxi","og_description":"Ova luksuzna pljoska, skrivena u narukvici atraktivne crne metalik boje, postat \u0107e va\u0161a najbolja prijateljica na svim zabavama.","og_url":"https:\/\/leboxi.eu\/hr\/proizvodi\/pljoska-narukvica\/","og_site_name":"Le Boxi | Unikatna darila za vsakogar","article_publisher":"https:\/\/www.facebook.com\/leboxi.eu","article_modified_time":"2022-11-06T15:56:06+00:00","og_image":[{"width":1000,"height":1000,"url":"https:\/\/leboxi.eu\/wp-content\/uploads\/2021\/04\/zapestnica6.jpg","type":"image\/jpeg"}],"twitter_card":"summary_large_image","twitter_misc":{"Procijenjeno vrijeme \u010ditanja":"1 minuta"},"schema":{"@context":"https:\/\/schema.org","@graph":[{"@type":"WebPage","@id":"https:\/\/leboxi.eu\/hr\/proizvodi\/pljoska-narukvica\/","url":"https:\/\/leboxi.eu\/hr\/proizvodi\/pljoska-narukvica\/","name":"Pljoska narukvica | \u017denska pljoska | Le Boxi","isPartOf":{"@id":"https:\/\/leboxi.eu\/hr\/#website"},"primaryImageOfPage":{"@id":"https:\/\/leboxi.eu\/hr\/proizvodi\/pljoska-narukvica\/#primaryimage"},"image":{"@id":"https:\/\/leboxi.eu\/hr\/proizvodi\/pljoska-narukvica\/#primaryimage"},"thumbnailUrl":"https:\/\/leboxi.eu\/wp-content\/uploads\/2021\/04\/zapestnica6.jpg","datePublished":"2022-03-26T19:05:00+00:00","dateModified":"2022-11-06T15:56:06+00:00","description":"Ova luksuzna pljoska, skrivena u narukvici atraktivne crne metalik boje, postat \u0107e va\u0161a najbolja prijateljica na svim zabavama.","breadcrumb":{"@id":"https:\/\/leboxi.eu\/hr\/proizvodi\/pljoska-narukvica\/#breadcrumb"},"inLanguage":"hr","potentialAction":[{"@type":"ReadAction","target":["https:\/\/leboxi.eu\/hr\/proizvodi\/pljoska-narukvica\/"]}]},{"@type":"ImageObject","inLanguage":"hr","@id":"https:\/\/leboxi.eu\/hr\/proizvodi\/pljoska-narukvica\/#primaryimage","url":"https:\/\/leboxi.eu\/wp-content\/uploads\/2021\/04\/zapestnica6.jpg","contentUrl":"https:\/\/leboxi.eu\/wp-content\/uploads\/2021\/04\/zapestnica6.jpg","width":1000,"height":1000,"caption":"Crna metalna pljoska narukvica u obliku srca s metalnim lijevkom na \u017eenskoj ruci"},{"@type":"BreadcrumbList","@id":"https:\/\/leboxi.eu\/hr\/proizvodi\/pljoska-narukvica\/#breadcrumb","itemListElement":[{"@type":"ListItem","position":1,"name":"Doma","item":"https:\/\/leboxi.eu\/hr\/originalni-rodendanski-pokloni-za-zene-muskarce-i-novorodencad\/"},{"@type":"ListItem","position":2,"name":"Trgovina","item":"https:\/\/leboxi.eu\/hr\/trgovina\/"},{"@type":"ListItem","position":3,"name":"Pljoska narukvica &#8211; crna, 100 ml"}]},{"@type":"WebSite","@id":"https:\/\/leboxi.eu\/hr\/#website","url":"https:\/\/leboxi.eu\/hr\/","name":"Le Boxi | Unikatna darila za vsakogar","description":"Unikatna darila in darilne \u0161katle za vse prilo\u017enosti.","publisher":{"@id":"https:\/\/leboxi.eu\/hr\/#organization"},"potentialAction":[{"@type":"SearchAction","target":{"@type":"EntryPoint","urlTemplate":"https:\/\/leboxi.eu\/hr\/?s={search_term_string}"},"query-input":{"@type":"PropertyValueSpecification","valueRequired":true,"valueName":"search_term_string"}}],"inLanguage":"hr"},{"@type":"Organization","@id":"https:\/\/leboxi.eu\/hr\/#organization","name":"LE BOXI","url":"https:\/\/leboxi.eu\/hr\/","logo":{"@type":"ImageObject","inLanguage":"hr","@id":"https:\/\/leboxi.eu\/hr\/#\/schema\/logo\/image\/","url":"https:\/\/leboxi.eu\/wp-content\/uploads\/2021\/02\/LeBoxi-manjsi-png.png","contentUrl":"https:\/\/leboxi.eu\/wp-content\/uploads\/2021\/02\/LeBoxi-manjsi-png.png","width":389,"height":164,"caption":"LE BOXI"},"image":{"@id":"https:\/\/leboxi.eu\/hr\/#\/schema\/logo\/image\/"},"sameAs":["https:\/\/www.facebook.com\/leboxi.eu","https:\/\/www.instagram.com\/le.boxi\/"]}]}},"tiered_pricing_type":"fixed","tiered_pricing_fixed_rules":[],"tiered_pricing_product_settings":{"layout":"default","base_unit_name":{"singular":null,"plural":null},"default_variation":null},"tiered_pricing_minimum_quantity":null,"tiered_pricing_roles_data":[],"tiered_pricing_percentage_rules":[],"_links":{"self":[{"href":"https:\/\/leboxi.eu\/hr\/wp-json\/wp\/v2\/product\/7042","targetHints":{"allow":["GET"]}}],"collection":[{"href":"https:\/\/leboxi.eu\/hr\/wp-json\/wp\/v2\/product"}],"about":[{"href":"https:\/\/leboxi.eu\/hr\/wp-json\/wp\/v2\/types\/product"}],"replies":[{"embeddable":true,"href":"https:\/\/leboxi.eu\/hr\/wp-json\/wp\/v2\/comments?post=7042"}],"version-history":[{"count":0,"href":"https:\/\/leboxi.eu\/hr\/wp-json\/wp\/v2\/product\/7042\/revisions"}],"wp:featuredmedia":[{"embeddable":true,"href":"https:\/\/leboxi.eu\/hr\/wp-json\/wp\/v2\/media\/5415"}],"wp:attachment":[{"href":"https:\/\/leboxi.eu\/hr\/wp-json\/wp\/v2\/media?parent=7042"}],"wp:term":[{"taxonomy":"product_brand","embeddable":true,"href":"https:\/\/leboxi.eu\/hr\/wp-json\/wp\/v2\/product_brand?post=7042"},{"taxonomy":"product_cat","embeddable":true,"href":"https:\/\/leboxi.eu\/hr\/wp-json\/wp\/v2\/product_cat?post=7042"},{"taxonomy":"product_tag","embeddable":true,"href":"https:\/\/leboxi.eu\/hr\/wp-json\/wp\/v2\/product_tag?post=7042"}],"curies":[{"name":"wp","href":"https:\/\/api.w.org\/{rel}","templated":true}]}}