{"id":7032,"date":"2021-04-07T20:28:23","date_gmt":"2022-03-26T15:34:39","guid":{"rendered":"https:\/\/leboxi.eu\/izdelki\/poklon-kutija-super-trio\/"},"modified":"2022-07-23T17:53:06","modified_gmt":"2022-07-23T16:53:06","slug":"bozicni-poklon-za-zenu","status":"publish","type":"product","link":"https:\/\/leboxi.eu\/hr\/proizvodi\/bozicni-poklon-za-zenu\/","title":{"rendered":"Poklon kutija &#8211; Super trio"},"content":{"rendered":"<p>Le Boxi poklon komplet prikladan je za ro\u0111endanski poklon, poklon za godi\u0161njicu, kao bo\u017ei\u0107ni poklon za \u017eenu ili za drugu posebnu prigodu.<\/p>\n<h5>Poklon kutija sadr\u017ei:<\/h5>\n<p>&nbsp;<\/p>\n<ol>\n<li>\n<h6><strong>Prirodni, ru\u010dno ra\u0111eni sapun od kurkume s naran\u010dom, klin\u010di\u0107ima i pa\u010dulijem (120g) -&gt; Zbog manjka zaliha u kutiji je sapun ru\u010dno ra\u0111en u Francuskoj (kozje mlijeko i mrkva)<\/strong><\/h6>\n<\/li>\n<\/ol>\n<p>Mirisni sapun za lice i tijelo. Kurkuma ima sna\u017ena antioksidativna i ljekovita svojstva te je vrlo u\u010dinkovita u lije\u010denju mnogih ko\u017enih problema. Znanstveno je dokazano da je u\u010dinkovit u lije\u010denju akni, ekcema, osipa, upala i modrica. Kurkuma tako\u0111er ima antibakterijska svojstva koja poma\u017eu u zacjeljivanju rana i ubrzanju zacjeljivanja te na taj na\u010din sprje\u010davaju \u0161irenje infekcije. Predivna aroma sapuna pratit \u0107e vas na ko\u017ei satima nakon kupanja.<\/p>\n<p>Sastojci: natrijev olivat, natrijev kokoat, natrijev \u0161ibuterat, natrijev slatki badem, natrijev kastorat, natrijev hempat, kurkuma \/ kurkuma \/ Haldi Curcuma Longa (kurkuma), ulje od kore citrusa (naran\u010de), Pogostemon Cablin (Patchulllove C) ) Cvjetno ulje, kora Cinnamomum Cassia (cimet), kora citrusa Aurantium Dulcis (naran\u010de), Pimpinella Anisum<\/p>\n<p>Miris: Eteri\u010dna ulja naran\u010de, klin\u010di\u0107a i pa\u010dulija<\/p>\n<p><strong>Savjet: <\/strong><\/p>\n<p>Dr\u017eite sapun u posudama za sapun tijekom upotrebe, gdje voda mo\u017ee otjecati i sapun se osu\u0161i nakon upotrebe. Neupotrebljeni sapun \u010duvajte na hladnom, suhom i tamnom mjestu.<\/p>\n<p><strong>Bilje\u0161ke:<\/strong><\/p>\n<p>\u27a4 Zbog ru\u010dne izrade, izgled sapuna mo\u017ee se neznatno razlikovati od onog na slici.<\/p>\n<p>\u27a4 Sapuni su pakirani u ve\u0107im koli\u010dinama nego ina\u010de za prirodne, ru\u010dno ra\u0111ene sapune &#8211; 120g.<\/p>\n<p>&nbsp;<\/p>\n<ol start=\"2\">\n<li>\n<h6><strong>Mekana spu\u017eva za piling od sisala<\/strong><\/h6>\n<\/li>\n<\/ol>\n<p>Ova 100 % biorazgradiva spu\u017eva od sisala izvrsna je za piling cijelog tijela, a posebno za uklanjanje uraslih dla\u010dica i borbu protiv celulita, zbog svojih masiraju\u0107ih i osna\u017euju\u0107ih svojstava. Va\u0161a \u0107e ko\u017ea nakon upotrebe biti meka i regenerirana. Prirodna mo\u0107 pilinga spu\u017evicom od sisala pobolj\u0161at \u0107e protok krvi, \u010dime \u0107e se ubrzati uklanjanje toksina iz ko\u017ee i potaknuti osloba\u0111anje energije od glave do pete. Proizvodi od sisala potpuno su prirodni, vrlo odr\u017eivi i ekolo\u0161ki prihvatljivi.<\/p>\n<p>&nbsp;<\/p>\n<ol start=\"3\">\n<li>\n<h6><strong>\u010cetka i strugalica za petu<\/strong><\/h6>\n<\/li>\n<\/ol>\n<p>2 u 1! Nema vi\u0161e gomile pribora u va\u0161oj kupaonici, s ovim strugalicom i ujedno \u010detkom od prirodnih materijala vratit \u0107ete meko\u0107u svojim petama. S jedne strane je strugalica koja u\u010dinkovito skida keratiniziranu ko\u017eu, a s druge su strane nje\u017ene \u010dekinje kojima \u0107ete zagladiti ko\u017eu i vratiti joj meko\u0107u. <\/p>\n<h6>Dodatno:<\/h6>\n<p>Na poklon set mo\u017eete prilo\u017eiti i <strong>personaliziranu \u010destitku<\/strong> (+2,95 eura).<\/p>\n<p>Po \u017eelji \u0107emo dostaviti va\u0161 poklon primatelju, a podrazumijeva se da u paket ne\u0107emo prilo\u017eiti ra\u010dun tijekom isporuke. Ra\u010dun \u0107emo poslati vama.<\/p>\n<p>Povrh svega, svoj poklon set mo\u017eete nadograditi <a href=\"https:\/\/leboxi.eu\/blog\/posvetilo-darilni-listki\/\">poklon listi\u0107ima<\/a> za izradu \u010dije upute mo\u017eete prona\u0107i na na\u0161em blogu. Jedinstveni bo\u017ei\u0107ni poklon za \u017eenu ili neku drugu posebnu priliku.<\/p>\n<p>&nbsp;<\/p>\n<p><script type=\"application\/ld+json\">\n{\n  \"@context\": \"https:\/\/schema.org\/\", \n  \"@type\": \"Product\", \n  \"name\": \"Darilna \u0161katla \u2013 Super trio\",\n  \"image\": \"https:\/\/leboxi.eu\/wp-content\/uploads\/2021\/04\/Izdelek-115-of-339.jpg\",\n  \"description\": \"Na\u0161 Super trio izbor predstavlja tri najpomembnej\u0161e izdelke, ki jih bo obdarovanka potebovala za nego svoje ko\u017ee! V posteljici iz ne\u017ene slame bo prejela naravno ro\u010dno izdelano milo iz pode\u017eelja ju\u017ene Francije za mehko in di\u0161e\u010do ko\u017eo, 100% biolo\u0161ko razgradljivo gobico iz sisala za ne\u017een piling odmrle ko\u017ee in strgalo s krta\u010dko iz naravnih materialov za povrnitev mehkobe va\u0161ih stopal. Odli\u010dna ideja za darilo za bo\u017ei\u010d ali za obdarovanje ob drugi posebni prilo\u017enosti.<\/p>\n<p>Na\u0161a mila so pakirana v ve\u010djih koli\u010dinah, kot je obi\u010dajno za naravna, ro\u010dno izdelana mila \u2013 120g. V \u0161katlo lahko prilo\u017eite tudi personalizirano \u010destitko (za dopla\u010dilo).\",\n  \"brand\": \"Le Boxi\",\n  \"sku\": \"K-17\",\n  \"offers\": {\n    \"@type\": \"Offer\",\n    \"url\": \"https:\/\/leboxi.eu\/izdelki\/darilo-za-bozic\/\",\n    \"priceCurrency\": \"EUR\",\n    \"price\": \"27.5\",\n    \"priceValidUntil\": \"2023-12-31\",\n    \"availability\": \"https:\/\/schema.org\/InStock\",\n    \"itemCondition\": \"https:\/\/schema.org\/NewCondition\"\n  },\n  \"aggregateRating\": {\n    \"@type\": \"AggregateRating\",\n    \"ratingValue\": \"4.6\",\n    \"bestRating\": \"5\",\n    \"worstRating\": \"1\",\n    \"ratingCount\": \"2\"\n  }\n}\n<\/script><\/p>\n<p>&nbsp;<\/p>\n","protected":false},"excerpt":{"rendered":"<p>Za Super trio odabrali smo tri najva\u017enija proizvoda koja \u0107e slavljenica trebati za njegu svoje ko\u017ee! Na posteljici od mekane slame dobit \u0107e prirodni ru\u010dno ra\u0111eni sapun iz ju\u017ene Francuske za mekanu i mirisnu ko\u017eu, 100 % biorazgradivu spu\u017evu od sisala za nje\u017eni piling koji \u0107e skinuti mrtve stanice ko\u017ee te strugalicu s \u010detkom od prirodnih materijala koja \u0107e va\u0161im stopalima vratiti meko\u0107u. Izvrsna ideja za bo\u017ei\u0107ni poklon za \u017eenu, djevojku, k\u0107er ili za neku drugu posebnu prigodu.  <\/p>\n<p>Sapuni su ve\u0107i od standardne koli\u010dine za prirodne, ru\u010dno ra\u0111ene sapune \u2013 120 g. U kutiju mo\u017eete prilo\u017eiti i personaliziranu \u010destitku (uz nadoplatu)<\/p>\n<p>Poklon kutija sadr\u017ei:<\/p>\n<ul>\n<li>1x Prirodni, ru\u010dno ra\u0111eni sapun (120g) &#8211; Zbog nedostatka zaliha, kutija sadr\u017ei sapun od kozjeg mlijeka i mrkvu<\/li>\n<li>1x spu\u017eva za piling od sisala,<\/li>\n<li>1x \u010detka i strugalica za petu<\/li>\n<\/ul>\n<p>&nbsp;<\/p>\n<p>Po \u017eelji \u0107emo dostaviti va\u0161 poklon primatelju, a podrazumijeva se da u paket ne\u0107emo prilo\u017eiti ra\u010dun tijekom isporuke. Ra\u010dun \u0107emo poslati vama.<\/p>\n<p>Detaljan opis mo\u017eete pro\u010ditati u nastavku.<\/p>\n","protected":false},"featured_media":5317,"comment_status":"open","ping_status":"closed","template":"","meta":{"site-sidebar-layout":"default","site-content-layout":"default","ast-site-content-layout":"default","site-content-style":"default","site-sidebar-style":"default","ast-global-header-display":"","ast-banner-title-visibility":"","ast-main-header-display":"","ast-hfb-above-header-display":"","ast-hfb-below-header-display":"","ast-hfb-mobile-header-display":"","site-post-title":"","ast-breadcrumbs-content":"","ast-featured-img":"","footer-sml-layout":"","ast-disable-related-posts":"","theme-transparent-header-meta":"default","adv-header-id-meta":"","stick-header-meta":"","header-above-stick-meta":"","header-main-stick-meta":"","header-below-stick-meta":"","astra-migrate-meta-layouts":"default","ast-page-background-enabled":"default","ast-page-background-meta":{"desktop":{"background-color":"","background-image":"","background-repeat":"repeat","background-position":"center center","background-size":"auto","background-attachment":"scroll","background-type":"","background-media":"","overlay-type":"","overlay-color":"","overlay-opacity":"","overlay-gradient":""},"tablet":{"background-color":"","background-image":"","background-repeat":"repeat","background-position":"center center","background-size":"auto","background-attachment":"scroll","background-type":"","background-media":"","overlay-type":"","overlay-color":"","overlay-opacity":"","overlay-gradient":""},"mobile":{"background-color":"","background-image":"","background-repeat":"repeat","background-position":"center center","background-size":"auto","background-attachment":"scroll","background-type":"","background-media":"","overlay-type":"","overlay-color":"","overlay-opacity":"","overlay-gradient":""}},"ast-content-background-meta":{"desktop":{"background-color":"var(--ast-global-color-5)","background-image":"","background-repeat":"repeat","background-position":"center center","background-size":"auto","background-attachment":"scroll","background-type":"","background-media":"","overlay-type":"","overlay-color":"","overlay-opacity":"","overlay-gradient":""},"tablet":{"background-color":"var(--ast-global-color-5)","background-image":"","background-repeat":"repeat","background-position":"center center","background-size":"auto","background-attachment":"scroll","background-type":"","background-media":"","overlay-type":"","overlay-color":"","overlay-opacity":"","overlay-gradient":""},"mobile":{"background-color":"var(--ast-global-color-5)","background-image":"","background-repeat":"repeat","background-position":"center center","background-size":"auto","background-attachment":"scroll","background-type":"","background-media":"","overlay-type":"","overlay-color":"","overlay-opacity":"","overlay-gradient":""}}},"product_brand":[],"product_cat":[358],"product_tag":[],"class_list":{"0":"post-7032","1":"product","2":"type-product","3":"status-publish","4":"has-post-thumbnail","6":"product_cat-nema-zaliha","7":"desktop-align-left","8":"tablet-align-left","9":"mobile-align-left","11":"first","12":"outofstock","13":"taxable","14":"shipping-taxable","15":"purchasable","16":"product-type-simple"},"yoast_head":"<!-- This site is optimized with the Yoast SEO plugin v27.4 - https:\/\/yoast.com\/product\/yoast-seo-wordpress\/ -->\n<title>Bo\u017ei\u0107ni poklon za \u017eenu | Poklon kutija - Super trio | Le Boxi<\/title>\n<meta name=\"description\" content=\"Set sadr\u017ei prirodni ru\u010dno ra\u0111eni sapun s juga Francuske, 100 % biorazgradiva spu\u017eva od sisala i strugalicu za petu. Prekrasan bo\u017ei\u0107ni poklon za \u017eenu.\" \/>\n<meta name=\"robots\" content=\"index, follow, max-snippet:-1, max-image-preview:large, max-video-preview:-1\" \/>\n<link rel=\"canonical\" href=\"https:\/\/leboxi.eu\/hr\/proizvodi\/bozicni-poklon-za-zenu\/\" \/>\n<meta property=\"og:locale\" content=\"hr_HR\" \/>\n<meta property=\"og:type\" content=\"article\" \/>\n<meta property=\"og:title\" content=\"Bo\u017ei\u0107ni poklon za \u017eenu | Poklon kutija - Super trio | Le Boxi\" \/>\n<meta property=\"og:description\" content=\"Set sadr\u017ei prirodni ru\u010dno ra\u0111eni sapun s juga Francuske, 100 % biorazgradiva spu\u017eva od sisala i strugalicu za petu. Prekrasan bo\u017ei\u0107ni poklon za \u017eenu.\" \/>\n<meta property=\"og:url\" content=\"https:\/\/leboxi.eu\/hr\/proizvodi\/bozicni-poklon-za-zenu\/\" \/>\n<meta property=\"og:site_name\" content=\"Le Boxi | Unikatna darila za vsakogar\" \/>\n<meta property=\"article:publisher\" content=\"https:\/\/www.facebook.com\/leboxi.eu\" \/>\n<meta property=\"article:modified_time\" content=\"2022-07-23T16:53:06+00:00\" \/>\n<meta property=\"og:image\" content=\"https:\/\/leboxi.eu\/wp-content\/uploads\/2021\/04\/Izdelek-115-of-339.jpg\" \/>\n\t<meta property=\"og:image:width\" content=\"1000\" \/>\n\t<meta property=\"og:image:height\" content=\"1000\" \/>\n\t<meta property=\"og:image:type\" content=\"image\/jpeg\" \/>\n<meta name=\"twitter:card\" content=\"summary_large_image\" \/>\n<meta name=\"twitter:label1\" content=\"Procijenjeno vrijeme \u010ditanja\" \/>\n\t<meta name=\"twitter:data1\" content=\"3 minuta\" \/>\n<script type=\"application\/ld+json\" class=\"yoast-schema-graph\">{\"@context\":\"https:\\\/\\\/schema.org\",\"@graph\":[{\"@type\":\"WebPage\",\"@id\":\"https:\\\/\\\/leboxi.eu\\\/hr\\\/proizvodi\\\/bozicni-poklon-za-zenu\\\/\",\"url\":\"https:\\\/\\\/leboxi.eu\\\/hr\\\/proizvodi\\\/bozicni-poklon-za-zenu\\\/\",\"name\":\"Bo\u017ei\u0107ni poklon za \u017eenu | Poklon kutija - Super trio | Le Boxi\",\"isPartOf\":{\"@id\":\"https:\\\/\\\/leboxi.eu\\\/hr\\\/#website\"},\"primaryImageOfPage\":{\"@id\":\"https:\\\/\\\/leboxi.eu\\\/hr\\\/proizvodi\\\/bozicni-poklon-za-zenu\\\/#primaryimage\"},\"image\":{\"@id\":\"https:\\\/\\\/leboxi.eu\\\/hr\\\/proizvodi\\\/bozicni-poklon-za-zenu\\\/#primaryimage\"},\"thumbnailUrl\":\"https:\\\/\\\/leboxi.eu\\\/wp-content\\\/uploads\\\/2021\\\/04\\\/Izdelek-115-of-339.jpg\",\"datePublished\":\"2022-03-26T15:34:39+00:00\",\"dateModified\":\"2022-07-23T16:53:06+00:00\",\"description\":\"Set sadr\u017ei prirodni ru\u010dno ra\u0111eni sapun s juga Francuske, 100 % biorazgradiva spu\u017eva od sisala i strugalicu za petu. Prekrasan bo\u017ei\u0107ni poklon za \u017eenu.\",\"breadcrumb\":{\"@id\":\"https:\\\/\\\/leboxi.eu\\\/hr\\\/proizvodi\\\/bozicni-poklon-za-zenu\\\/#breadcrumb\"},\"inLanguage\":\"hr\",\"potentialAction\":[{\"@type\":\"ReadAction\",\"target\":[\"https:\\\/\\\/leboxi.eu\\\/hr\\\/proizvodi\\\/bozicni-poklon-za-zenu\\\/\"]}]},{\"@type\":\"ImageObject\",\"inLanguage\":\"hr\",\"@id\":\"https:\\\/\\\/leboxi.eu\\\/hr\\\/proizvodi\\\/bozicni-poklon-za-zenu\\\/#primaryimage\",\"url\":\"https:\\\/\\\/leboxi.eu\\\/wp-content\\\/uploads\\\/2021\\\/04\\\/Izdelek-115-of-339.jpg\",\"contentUrl\":\"https:\\\/\\\/leboxi.eu\\\/wp-content\\\/uploads\\\/2021\\\/04\\\/Izdelek-115-of-339.jpg\",\"width\":1000,\"height\":1000,\"caption\":\"Poklon kutija s \u010detkom i strugalicom za pete, spu\u017evom za pranje od sisala i prirodnim ru\u010dno ra\u0111enim sapunom - bo\u017ei\u0107ni dar za \u017eenu\"},{\"@type\":\"BreadcrumbList\",\"@id\":\"https:\\\/\\\/leboxi.eu\\\/hr\\\/proizvodi\\\/bozicni-poklon-za-zenu\\\/#breadcrumb\",\"itemListElement\":[{\"@type\":\"ListItem\",\"position\":1,\"name\":\"Doma\",\"item\":\"https:\\\/\\\/leboxi.eu\\\/hr\\\/originalni-rodendanski-pokloni-za-zene-muskarce-i-novorodencad\\\/\"},{\"@type\":\"ListItem\",\"position\":2,\"name\":\"Trgovina\",\"item\":\"https:\\\/\\\/leboxi.eu\\\/hr\\\/trgovina\\\/\"},{\"@type\":\"ListItem\",\"position\":3,\"name\":\"Poklon kutija &#8211; Super trio\"}]},{\"@type\":\"WebSite\",\"@id\":\"https:\\\/\\\/leboxi.eu\\\/hr\\\/#website\",\"url\":\"https:\\\/\\\/leboxi.eu\\\/hr\\\/\",\"name\":\"Le Boxi | Unikatna darila za vsakogar\",\"description\":\"Unikatna darila in darilne \u0161katle za vse prilo\u017enosti.\",\"publisher\":{\"@id\":\"https:\\\/\\\/leboxi.eu\\\/hr\\\/#organization\"},\"potentialAction\":[{\"@type\":\"SearchAction\",\"target\":{\"@type\":\"EntryPoint\",\"urlTemplate\":\"https:\\\/\\\/leboxi.eu\\\/hr\\\/?s={search_term_string}\"},\"query-input\":{\"@type\":\"PropertyValueSpecification\",\"valueRequired\":true,\"valueName\":\"search_term_string\"}}],\"inLanguage\":\"hr\"},{\"@type\":\"Organization\",\"@id\":\"https:\\\/\\\/leboxi.eu\\\/hr\\\/#organization\",\"name\":\"LE BOXI\",\"url\":\"https:\\\/\\\/leboxi.eu\\\/hr\\\/\",\"logo\":{\"@type\":\"ImageObject\",\"inLanguage\":\"hr\",\"@id\":\"https:\\\/\\\/leboxi.eu\\\/hr\\\/#\\\/schema\\\/logo\\\/image\\\/\",\"url\":\"https:\\\/\\\/leboxi.eu\\\/wp-content\\\/uploads\\\/2021\\\/02\\\/LeBoxi-manjsi-png.png\",\"contentUrl\":\"https:\\\/\\\/leboxi.eu\\\/wp-content\\\/uploads\\\/2021\\\/02\\\/LeBoxi-manjsi-png.png\",\"width\":389,\"height\":164,\"caption\":\"LE BOXI\"},\"image\":{\"@id\":\"https:\\\/\\\/leboxi.eu\\\/hr\\\/#\\\/schema\\\/logo\\\/image\\\/\"},\"sameAs\":[\"https:\\\/\\\/www.facebook.com\\\/leboxi.eu\",\"https:\\\/\\\/www.instagram.com\\\/le.boxi\\\/\"]}]}<\/script>\n<!-- \/ Yoast SEO plugin. -->","yoast_head_json":{"title":"Bo\u017ei\u0107ni poklon za \u017eenu | Poklon kutija - Super trio | Le Boxi","description":"Set sadr\u017ei prirodni ru\u010dno ra\u0111eni sapun s juga Francuske, 100 % biorazgradiva spu\u017eva od sisala i strugalicu za petu. Prekrasan bo\u017ei\u0107ni poklon za \u017eenu.","robots":{"index":"index","follow":"follow","max-snippet":"max-snippet:-1","max-image-preview":"max-image-preview:large","max-video-preview":"max-video-preview:-1"},"canonical":"https:\/\/leboxi.eu\/hr\/proizvodi\/bozicni-poklon-za-zenu\/","og_locale":"hr_HR","og_type":"article","og_title":"Bo\u017ei\u0107ni poklon za \u017eenu | Poklon kutija - Super trio | Le Boxi","og_description":"Set sadr\u017ei prirodni ru\u010dno ra\u0111eni sapun s juga Francuske, 100 % biorazgradiva spu\u017eva od sisala i strugalicu za petu. Prekrasan bo\u017ei\u0107ni poklon za \u017eenu.","og_url":"https:\/\/leboxi.eu\/hr\/proizvodi\/bozicni-poklon-za-zenu\/","og_site_name":"Le Boxi | Unikatna darila za vsakogar","article_publisher":"https:\/\/www.facebook.com\/leboxi.eu","article_modified_time":"2022-07-23T16:53:06+00:00","og_image":[{"width":1000,"height":1000,"url":"https:\/\/leboxi.eu\/wp-content\/uploads\/2021\/04\/Izdelek-115-of-339.jpg","type":"image\/jpeg"}],"twitter_card":"summary_large_image","twitter_misc":{"Procijenjeno vrijeme \u010ditanja":"3 minuta"},"schema":{"@context":"https:\/\/schema.org","@graph":[{"@type":"WebPage","@id":"https:\/\/leboxi.eu\/hr\/proizvodi\/bozicni-poklon-za-zenu\/","url":"https:\/\/leboxi.eu\/hr\/proizvodi\/bozicni-poklon-za-zenu\/","name":"Bo\u017ei\u0107ni poklon za \u017eenu | Poklon kutija - Super trio | Le Boxi","isPartOf":{"@id":"https:\/\/leboxi.eu\/hr\/#website"},"primaryImageOfPage":{"@id":"https:\/\/leboxi.eu\/hr\/proizvodi\/bozicni-poklon-za-zenu\/#primaryimage"},"image":{"@id":"https:\/\/leboxi.eu\/hr\/proizvodi\/bozicni-poklon-za-zenu\/#primaryimage"},"thumbnailUrl":"https:\/\/leboxi.eu\/wp-content\/uploads\/2021\/04\/Izdelek-115-of-339.jpg","datePublished":"2022-03-26T15:34:39+00:00","dateModified":"2022-07-23T16:53:06+00:00","description":"Set sadr\u017ei prirodni ru\u010dno ra\u0111eni sapun s juga Francuske, 100 % biorazgradiva spu\u017eva od sisala i strugalicu za petu. Prekrasan bo\u017ei\u0107ni poklon za \u017eenu.","breadcrumb":{"@id":"https:\/\/leboxi.eu\/hr\/proizvodi\/bozicni-poklon-za-zenu\/#breadcrumb"},"inLanguage":"hr","potentialAction":[{"@type":"ReadAction","target":["https:\/\/leboxi.eu\/hr\/proizvodi\/bozicni-poklon-za-zenu\/"]}]},{"@type":"ImageObject","inLanguage":"hr","@id":"https:\/\/leboxi.eu\/hr\/proizvodi\/bozicni-poklon-za-zenu\/#primaryimage","url":"https:\/\/leboxi.eu\/wp-content\/uploads\/2021\/04\/Izdelek-115-of-339.jpg","contentUrl":"https:\/\/leboxi.eu\/wp-content\/uploads\/2021\/04\/Izdelek-115-of-339.jpg","width":1000,"height":1000,"caption":"Poklon kutija s \u010detkom i strugalicom za pete, spu\u017evom za pranje od sisala i prirodnim ru\u010dno ra\u0111enim sapunom - bo\u017ei\u0107ni dar za \u017eenu"},{"@type":"BreadcrumbList","@id":"https:\/\/leboxi.eu\/hr\/proizvodi\/bozicni-poklon-za-zenu\/#breadcrumb","itemListElement":[{"@type":"ListItem","position":1,"name":"Doma","item":"https:\/\/leboxi.eu\/hr\/originalni-rodendanski-pokloni-za-zene-muskarce-i-novorodencad\/"},{"@type":"ListItem","position":2,"name":"Trgovina","item":"https:\/\/leboxi.eu\/hr\/trgovina\/"},{"@type":"ListItem","position":3,"name":"Poklon kutija &#8211; Super trio"}]},{"@type":"WebSite","@id":"https:\/\/leboxi.eu\/hr\/#website","url":"https:\/\/leboxi.eu\/hr\/","name":"Le Boxi | Unikatna darila za vsakogar","description":"Unikatna darila in darilne \u0161katle za vse prilo\u017enosti.","publisher":{"@id":"https:\/\/leboxi.eu\/hr\/#organization"},"potentialAction":[{"@type":"SearchAction","target":{"@type":"EntryPoint","urlTemplate":"https:\/\/leboxi.eu\/hr\/?s={search_term_string}"},"query-input":{"@type":"PropertyValueSpecification","valueRequired":true,"valueName":"search_term_string"}}],"inLanguage":"hr"},{"@type":"Organization","@id":"https:\/\/leboxi.eu\/hr\/#organization","name":"LE BOXI","url":"https:\/\/leboxi.eu\/hr\/","logo":{"@type":"ImageObject","inLanguage":"hr","@id":"https:\/\/leboxi.eu\/hr\/#\/schema\/logo\/image\/","url":"https:\/\/leboxi.eu\/wp-content\/uploads\/2021\/02\/LeBoxi-manjsi-png.png","contentUrl":"https:\/\/leboxi.eu\/wp-content\/uploads\/2021\/02\/LeBoxi-manjsi-png.png","width":389,"height":164,"caption":"LE BOXI"},"image":{"@id":"https:\/\/leboxi.eu\/hr\/#\/schema\/logo\/image\/"},"sameAs":["https:\/\/www.facebook.com\/leboxi.eu","https:\/\/www.instagram.com\/le.boxi\/"]}]}},"tiered_pricing_type":"fixed","tiered_pricing_fixed_rules":[],"tiered_pricing_product_settings":{"layout":"default","base_unit_name":{"singular":null,"plural":null},"default_variation":null},"tiered_pricing_minimum_quantity":null,"tiered_pricing_roles_data":[],"tiered_pricing_percentage_rules":[],"_links":{"self":[{"href":"https:\/\/leboxi.eu\/hr\/wp-json\/wp\/v2\/product\/7032","targetHints":{"allow":["GET"]}}],"collection":[{"href":"https:\/\/leboxi.eu\/hr\/wp-json\/wp\/v2\/product"}],"about":[{"href":"https:\/\/leboxi.eu\/hr\/wp-json\/wp\/v2\/types\/product"}],"replies":[{"embeddable":true,"href":"https:\/\/leboxi.eu\/hr\/wp-json\/wp\/v2\/comments?post=7032"}],"version-history":[{"count":0,"href":"https:\/\/leboxi.eu\/hr\/wp-json\/wp\/v2\/product\/7032\/revisions"}],"wp:featuredmedia":[{"embeddable":true,"href":"https:\/\/leboxi.eu\/hr\/wp-json\/wp\/v2\/media\/5317"}],"wp:attachment":[{"href":"https:\/\/leboxi.eu\/hr\/wp-json\/wp\/v2\/media?parent=7032"}],"wp:term":[{"taxonomy":"product_brand","embeddable":true,"href":"https:\/\/leboxi.eu\/hr\/wp-json\/wp\/v2\/product_brand?post=7032"},{"taxonomy":"product_cat","embeddable":true,"href":"https:\/\/leboxi.eu\/hr\/wp-json\/wp\/v2\/product_cat?post=7032"},{"taxonomy":"product_tag","embeddable":true,"href":"https:\/\/leboxi.eu\/hr\/wp-json\/wp\/v2\/product_tag?post=7032"}],"curies":[{"name":"wp","href":"https:\/\/api.w.org\/{rel}","templated":true}]}}