{"id":7017,"date":"2021-04-07T20:32:29","date_gmt":"2022-03-26T13:25:17","guid":{"rendered":"https:\/\/leboxi.eu\/izdelki\/poklon-kutija-bez-stresa\/"},"modified":"2022-03-26T14:27:05","modified_gmt":"2022-03-26T13:27:05","slug":"poklon-za-djevojku-za-bozic","status":"publish","type":"product","link":"https:\/\/leboxi.eu\/hr\/proizvodi\/poklon-za-djevojku-za-bozic\/","title":{"rendered":"Poklon kutija &#8211; Bez stresa"},"content":{"rendered":"<p><strong>Bo\u017eanstveni poklon komplet za nju prikladan je za ro\u0111endanske poklone, bo\u017ei\u0107ne poklone za djevojku ili \u017eenu te poklone za sve druge posebne prilike.<\/strong><\/p>\n<h5><\/h5>\n<h5><strong>Poklon kutija sadr\u017ei:<\/strong><\/h5>\n<p>&nbsp;<\/p>\n<ol>\n<li>\n<h6><strong>Mekana spu\u017eva za piling od sisala<\/strong><\/h6>\n<\/li>\n<\/ol>\n<p>Ova 100 % biorazgradiva spu\u017eva od sisala izvrsna je za piling cijelog tijela, a posebno za uklanjanje uraslih dla\u010dica i borbu protiv celulita, zbog svojih masiraju\u0107ih i osna\u017euju\u0107ih svojstava. Va\u0161a \u0107e ko\u017ea nakon upotrebe biti meka i regenerirana. Prirodna mo\u0107 pilinga spu\u017evicom od sisala pobolj\u0161at \u0107e protok krvi, \u010dime \u0107e se ubrzati uklanjanje toksina iz ko\u017ee i potaknuti osloba\u0111anje energije od glave do pete. Proizvodi od sisala potpuno su prirodni, vrlo odr\u017eivi i ekolo\u0161ki prihvatljivi.<\/p>\n<p>&nbsp;<\/p>\n<ol start=\"2\">\n<li>\n<h6><strong>Aromati\u010dna mirisna svije\u0107a od sojinog voska<\/strong><\/h6>\n<\/li>\n<\/ol>\n<p>Aromati\u010dna mirisna svije\u0107a od sojinog voska s mirisom ljubi\u010dice, napravljena od sojinog voska, koji je obnovljiv izvor, te \u010dak 3 % mirisnog ulja, koje \u0107e evocirati uspomenu na proljetni miris procvjetalih ljubi\u010dica.<\/p>\n<p>Svije\u0107a od sojinog voska daje mek\u0161i plamen, \u010di\u0161\u0107i miris i du\u017ee gori. Izra\u0111ene su od vrlo kvalitetnog \u010distog voska i hidratiziranog sojinog ulja.<\/p>\n<p>SAVJET: Kada se prvi put koristi, ostavite svije\u0107u da gori oko 2 sata kako bi va\u0161a svije\u0107a stvorila svoju izvornu memoriju. To \u0107e pove\u0107ati miris i potpunije otapanje voska. Fitilj uvijek treba biti u sredini.<\/p>\n<p>&nbsp;<\/p>\n<ol start=\"3\">\n<li>\n<h6><strong>Himalajska sol za kupanje (35 g) \/ SENZUALNOST: eteri\u010dna ulja ylang ylanga + kokosovo ulje <\/strong><\/h6>\n<\/li>\n<\/ol>\n<p>Himalajska sol bogata mineralima, sadr\u017ei 100 % eteri\u010dna ulja, kokosovo ulje i suhe latice ru\u017ee. Budu\u0107i da je himalajska sol tako bogata mineralima (to\u010dnije sadr\u017ei 84 minerala), namakanje u slanoj vodi umiruje i obnavlja o\u0161te\u0107enu ko\u017eu te poti\u010de obnovu stanica. Dodana ulja njeguju i hidratiziraju ko\u017eu. Kad se \u017eelite razmaziti, samo dodajte 2 \u2013 3 \u017eli\u010dice soli za kupanje u toplu vodu u kadi i u\u017eivajte u aromati\u010dnoj kupki.<\/p>\n<p>SASTOJCI: Sodium Chloride, Rose Centifolia Flowers, Cananga Odorata Oil, Cocos Nucifera oil, *Linalool, *Benzyl Benzoate, Farnesol. * Prirodni sastojci eteri\u010dnih ulja<\/p>\n<p>&nbsp;<\/p>\n<ol start=\"4\">\n<li>\n<h6><strong>Bomba za kupanje \u2013 BADEM<\/strong><\/h6>\n<\/li>\n<\/ol>\n<p>Priu\u0161tite si luksuzno spa opu\u0161tanje unutar doma uz ru\u010dno izra\u0111enu bombu za kupanje, koja \u0107e svojom aromom badema opustiti sve va\u0161e napete mi\u0161i\u0107e i misli te ostaviti ko\u017eu mekom poput svile.<\/p>\n<p>Sastojci: sodium bicarbonate, citric acid, sodium chloride, persea gratissima (avocado) oil, parfum, aqua, cinnamyl alcohol, CI 19140, CI 16255, CI 28440<\/p>\n<p>&nbsp;<\/p>\n<ol start=\"5\">\n<li>\n<h6><strong>\u017digice.<\/strong><\/h6>\n<\/li>\n<\/ol>\n<p>&nbsp;<\/p>\n<ol start=\"6\">\n<li>\n<h6><strong>Torba od jute.<\/strong><\/h6>\n<\/li>\n<\/ol>\n<h6>Dodatno:<\/h6>\n<p>Na poklon set mo\u017eete prilo\u017eiti i <strong>personaliziranu \u010destitku<\/strong> (+2,95 eura).<\/p>\n<p>Ukoliko \u017eelite, Va\u0161 dar \u0107emo dostaviti primatelju, ali naravno ne\u0107emo prilo\u017eiti ra\u010dun prilikom isporuke. Primit \u0107ete ga.<\/p>\n<p>Povrh svega, svoj poklon set mo\u017eete nadograditi <a href=\"https:\/\/leboxi.eu\/hr\/blog\/le-boxi-proljetne-poklon-kartice-i-rodendanske-posvete\/\">poklon listi\u0107ima<\/a> za izradu \u010dije upute mo\u017eete prona\u0107i na na\u0161em blogu. Poklon kutija prikladna je i kao bo\u017ei\u0107ni dar za djevojku ili dar za druge posebne prigode.<\/p>\n<p>&nbsp;<\/p>\n","protected":false},"excerpt":{"rendered":"<p>Rije\u0161ite se stresa i priu\u0161tite si u\u017eitak uz ovaj hranjivi poklon komplet koji \u0107e omek\u0161ati va\u0161u ko\u017eu i u\u010diniti je ugodno mirisnom! U njemu \u0107ete prona\u0107i 100 % biorazgradivu spu\u017evu od sisala za nje\u017eni piling, ru\u010dno ra\u0111enu bombu za kupanje i himalajsku sol za kupanje u lijepoj epruveti za opu\u0161taju\u0107e kupke te aromati\u010dnu svije\u0107u opojnog mirisa i \u0161ibice u ukrasnoj vre\u0107ici od jute za ugodnu atmosferu. Priu\u0161tite si (ili poklonite nekome) opu\u0161taju\u0107e spa iskustvo kod ku\u0107e! Izvrsna ideja za poklon za djevojku za Bo\u017ei\u0107 ili poklon za druge posebne prilike kao \u0161to su godi\u0161njica, ro\u0111endan ili Valentinovo.<\/p>\n<p>U poklon kutiju mo\u017eete uklju\u010diti i personaliziranu \u010destitku (uz nadoplatu).<\/p>\n<p>Poklon kutija sadr\u017ei:<\/p>\n<ul>\n<li>1x mekana spu\u017eva za piling od sisala<\/li>\n<li>1x ru\u010dno izra\u0111ena bomba za kupanje,<\/li>\n<li>1x himalajsku sol za kupanje u epruveti (35g)<\/li>\n<li>1x aromati\u010dna mirisna svije\u0107a od sojinog voska,<\/li>\n<li>\u017eigice,<\/li>\n<li>1x torba od jute.<\/li>\n<\/ul>\n<p>Ukoliko \u017eelite, Va\u0161 dar \u0107emo dostaviti primatelju, ali naravno ne\u0107emo prilo\u017eiti ra\u010dun prilikom isporuke. Primit \u0107ete ga.<\/p>\n<p>Iscrpan opis mo\u017eete pro\u010ditati u nastavku.<\/p>\n","protected":false},"featured_media":5319,"comment_status":"open","ping_status":"closed","template":"","meta":{"site-sidebar-layout":"default","site-content-layout":"default","ast-site-content-layout":"default","site-content-style":"default","site-sidebar-style":"default","ast-global-header-display":"","ast-banner-title-visibility":"","ast-main-header-display":"","ast-hfb-above-header-display":"","ast-hfb-below-header-display":"","ast-hfb-mobile-header-display":"","site-post-title":"","ast-breadcrumbs-content":"","ast-featured-img":"","footer-sml-layout":"","ast-disable-related-posts":"","theme-transparent-header-meta":"default","adv-header-id-meta":"","stick-header-meta":"","header-above-stick-meta":"","header-main-stick-meta":"","header-below-stick-meta":"","astra-migrate-meta-layouts":"default","ast-page-background-enabled":"default","ast-page-background-meta":{"desktop":{"background-color":"","background-image":"","background-repeat":"repeat","background-position":"center center","background-size":"auto","background-attachment":"scroll","background-type":"","background-media":"","overlay-type":"","overlay-color":"","overlay-opacity":"","overlay-gradient":""},"tablet":{"background-color":"","background-image":"","background-repeat":"repeat","background-position":"center center","background-size":"auto","background-attachment":"scroll","background-type":"","background-media":"","overlay-type":"","overlay-color":"","overlay-opacity":"","overlay-gradient":""},"mobile":{"background-color":"","background-image":"","background-repeat":"repeat","background-position":"center center","background-size":"auto","background-attachment":"scroll","background-type":"","background-media":"","overlay-type":"","overlay-color":"","overlay-opacity":"","overlay-gradient":""}},"ast-content-background-meta":{"desktop":{"background-color":"var(--ast-global-color-5)","background-image":"","background-repeat":"repeat","background-position":"center center","background-size":"auto","background-attachment":"scroll","background-type":"","background-media":"","overlay-type":"","overlay-color":"","overlay-opacity":"","overlay-gradient":""},"tablet":{"background-color":"var(--ast-global-color-5)","background-image":"","background-repeat":"repeat","background-position":"center center","background-size":"auto","background-attachment":"scroll","background-type":"","background-media":"","overlay-type":"","overlay-color":"","overlay-opacity":"","overlay-gradient":""},"mobile":{"background-color":"var(--ast-global-color-5)","background-image":"","background-repeat":"repeat","background-position":"center center","background-size":"auto","background-attachment":"scroll","background-type":"","background-media":"","overlay-type":"","overlay-color":"","overlay-opacity":"","overlay-gradient":""}}},"product_brand":[],"product_cat":[358],"product_tag":[],"class_list":{"0":"post-7017","1":"product","2":"type-product","3":"status-publish","4":"has-post-thumbnail","6":"product_cat-nema-zaliha","7":"desktop-align-left","8":"tablet-align-left","9":"mobile-align-left","11":"first","12":"outofstock","13":"taxable","14":"shipping-taxable","15":"purchasable","16":"product-type-simple"},"yoast_head":"<!-- This site is optimized with the Yoast SEO plugin v27.3 - https:\/\/yoast.com\/product\/yoast-seo-wordpress\/ -->\n<title>Poklon za djevojku za bo\u017ei\u0107 | Poklon kutija - Bez stresa | Le Boxi<\/title>\n<meta name=\"description\" content=\"U poklon setu \u0107ete na\u0107i 100 % biorazgradivu spu\u017evu od sisala, ru\u010dno izra\u0111enu bombu za kupanje i himalajsku sol za kupanje u epruveti . Odli\u010dan poklon za djevojku za bo\u017ei\u0107\" \/>\n<meta name=\"robots\" content=\"index, follow, max-snippet:-1, max-image-preview:large, max-video-preview:-1\" \/>\n<link rel=\"canonical\" href=\"https:\/\/leboxi.eu\/hr\/proizvodi\/poklon-za-djevojku-za-bozic\/\" \/>\n<meta property=\"og:locale\" content=\"hr_HR\" \/>\n<meta property=\"og:type\" content=\"article\" \/>\n<meta property=\"og:title\" content=\"Poklon za djevojku za bo\u017ei\u0107 | Poklon kutija - Bez stresa | Le Boxi\" \/>\n<meta property=\"og:description\" content=\"U poklon setu \u0107ete na\u0107i 100 % biorazgradivu spu\u017evu od sisala, ru\u010dno izra\u0111enu bombu za kupanje i himalajsku sol za kupanje u epruveti . Odli\u010dan poklon za djevojku za bo\u017ei\u0107\" \/>\n<meta property=\"og:url\" content=\"https:\/\/leboxi.eu\/hr\/proizvodi\/poklon-za-djevojku-za-bozic\/\" \/>\n<meta property=\"og:site_name\" content=\"Le Boxi | Unikatna darila za vsakogar\" \/>\n<meta property=\"article:publisher\" content=\"https:\/\/www.facebook.com\/leboxi.eu\" \/>\n<meta property=\"article:modified_time\" content=\"2022-03-26T13:27:05+00:00\" \/>\n<meta property=\"og:image\" content=\"https:\/\/leboxi.eu\/wp-content\/uploads\/2021\/04\/Izdelek-120-of-339.jpg\" \/>\n\t<meta property=\"og:image:width\" content=\"1000\" \/>\n\t<meta property=\"og:image:height\" content=\"1000\" \/>\n\t<meta property=\"og:image:type\" content=\"image\/jpeg\" \/>\n<meta name=\"twitter:card\" content=\"summary_large_image\" \/>\n<meta name=\"twitter:label1\" content=\"Procijenjeno vrijeme \u010ditanja\" \/>\n\t<meta name=\"twitter:data1\" content=\"3 minuta\" \/>\n<script type=\"application\/ld+json\" class=\"yoast-schema-graph\">{\"@context\":\"https:\\\/\\\/schema.org\",\"@graph\":[{\"@type\":\"WebPage\",\"@id\":\"https:\\\/\\\/leboxi.eu\\\/hr\\\/proizvodi\\\/poklon-za-djevojku-za-bozic\\\/\",\"url\":\"https:\\\/\\\/leboxi.eu\\\/hr\\\/proizvodi\\\/poklon-za-djevojku-za-bozic\\\/\",\"name\":\"Poklon za djevojku za bo\u017ei\u0107 | Poklon kutija - Bez stresa | Le Boxi\",\"isPartOf\":{\"@id\":\"https:\\\/\\\/leboxi.eu\\\/hr\\\/#website\"},\"primaryImageOfPage\":{\"@id\":\"https:\\\/\\\/leboxi.eu\\\/hr\\\/proizvodi\\\/poklon-za-djevojku-za-bozic\\\/#primaryimage\"},\"image\":{\"@id\":\"https:\\\/\\\/leboxi.eu\\\/hr\\\/proizvodi\\\/poklon-za-djevojku-za-bozic\\\/#primaryimage\"},\"thumbnailUrl\":\"https:\\\/\\\/leboxi.eu\\\/wp-content\\\/uploads\\\/2021\\\/04\\\/Izdelek-120-of-339.jpg\",\"datePublished\":\"2022-03-26T13:25:17+00:00\",\"dateModified\":\"2022-03-26T13:27:05+00:00\",\"description\":\"U poklon setu \u0107ete na\u0107i 100 % biorazgradivu spu\u017evu od sisala, ru\u010dno izra\u0111enu bombu za kupanje i himalajsku sol za kupanje u epruveti . Odli\u010dan poklon za djevojku za bo\u017ei\u0107\",\"breadcrumb\":{\"@id\":\"https:\\\/\\\/leboxi.eu\\\/hr\\\/proizvodi\\\/poklon-za-djevojku-za-bozic\\\/#breadcrumb\"},\"inLanguage\":\"hr\",\"potentialAction\":[{\"@type\":\"ReadAction\",\"target\":[\"https:\\\/\\\/leboxi.eu\\\/hr\\\/proizvodi\\\/poklon-za-djevojku-za-bozic\\\/\"]}]},{\"@type\":\"ImageObject\",\"inLanguage\":\"hr\",\"@id\":\"https:\\\/\\\/leboxi.eu\\\/hr\\\/proizvodi\\\/poklon-za-djevojku-za-bozic\\\/#primaryimage\",\"url\":\"https:\\\/\\\/leboxi.eu\\\/wp-content\\\/uploads\\\/2021\\\/04\\\/Izdelek-120-of-339.jpg\",\"contentUrl\":\"https:\\\/\\\/leboxi.eu\\\/wp-content\\\/uploads\\\/2021\\\/04\\\/Izdelek-120-of-339.jpg\",\"width\":1000,\"height\":1000,\"caption\":\"Poklon kutija sa spu\u017evom za pranje od sisala, bombom za kupanje, mirisnom svije\u0107om i soli za kupanje u staklenoj tubi s plutenim poklopcem - bo\u017ei\u0107ni dar za djevoj\u010dice\"},{\"@type\":\"BreadcrumbList\",\"@id\":\"https:\\\/\\\/leboxi.eu\\\/hr\\\/proizvodi\\\/poklon-za-djevojku-za-bozic\\\/#breadcrumb\",\"itemListElement\":[{\"@type\":\"ListItem\",\"position\":1,\"name\":\"Doma\",\"item\":\"https:\\\/\\\/leboxi.eu\\\/hr\\\/originalni-rodendanski-pokloni-za-zene-muskarce-i-novorodencad\\\/\"},{\"@type\":\"ListItem\",\"position\":2,\"name\":\"Trgovina\",\"item\":\"https:\\\/\\\/leboxi.eu\\\/hr\\\/trgovina\\\/\"},{\"@type\":\"ListItem\",\"position\":3,\"name\":\"Poklon kutija &#8211; Bez stresa\"}]},{\"@type\":\"WebSite\",\"@id\":\"https:\\\/\\\/leboxi.eu\\\/hr\\\/#website\",\"url\":\"https:\\\/\\\/leboxi.eu\\\/hr\\\/\",\"name\":\"Le Boxi | Unikatna darila za vsakogar\",\"description\":\"Unikatna darila in darilne \u0161katle za vse prilo\u017enosti.\",\"publisher\":{\"@id\":\"https:\\\/\\\/leboxi.eu\\\/hr\\\/#organization\"},\"potentialAction\":[{\"@type\":\"SearchAction\",\"target\":{\"@type\":\"EntryPoint\",\"urlTemplate\":\"https:\\\/\\\/leboxi.eu\\\/hr\\\/?s={search_term_string}\"},\"query-input\":{\"@type\":\"PropertyValueSpecification\",\"valueRequired\":true,\"valueName\":\"search_term_string\"}}],\"inLanguage\":\"hr\"},{\"@type\":\"Organization\",\"@id\":\"https:\\\/\\\/leboxi.eu\\\/hr\\\/#organization\",\"name\":\"LE BOXI\",\"url\":\"https:\\\/\\\/leboxi.eu\\\/hr\\\/\",\"logo\":{\"@type\":\"ImageObject\",\"inLanguage\":\"hr\",\"@id\":\"https:\\\/\\\/leboxi.eu\\\/hr\\\/#\\\/schema\\\/logo\\\/image\\\/\",\"url\":\"https:\\\/\\\/leboxi.eu\\\/wp-content\\\/uploads\\\/2021\\\/02\\\/LeBoxi-manjsi-png.png\",\"contentUrl\":\"https:\\\/\\\/leboxi.eu\\\/wp-content\\\/uploads\\\/2021\\\/02\\\/LeBoxi-manjsi-png.png\",\"width\":389,\"height\":164,\"caption\":\"LE BOXI\"},\"image\":{\"@id\":\"https:\\\/\\\/leboxi.eu\\\/hr\\\/#\\\/schema\\\/logo\\\/image\\\/\"},\"sameAs\":[\"https:\\\/\\\/www.facebook.com\\\/leboxi.eu\",\"https:\\\/\\\/www.instagram.com\\\/le.boxi\\\/\"]}]}<\/script>\n<!-- \/ Yoast SEO plugin. -->","yoast_head_json":{"title":"Poklon za djevojku za bo\u017ei\u0107 | Poklon kutija - Bez stresa | Le Boxi","description":"U poklon setu \u0107ete na\u0107i 100 % biorazgradivu spu\u017evu od sisala, ru\u010dno izra\u0111enu bombu za kupanje i himalajsku sol za kupanje u epruveti . Odli\u010dan poklon za djevojku za bo\u017ei\u0107","robots":{"index":"index","follow":"follow","max-snippet":"max-snippet:-1","max-image-preview":"max-image-preview:large","max-video-preview":"max-video-preview:-1"},"canonical":"https:\/\/leboxi.eu\/hr\/proizvodi\/poklon-za-djevojku-za-bozic\/","og_locale":"hr_HR","og_type":"article","og_title":"Poklon za djevojku za bo\u017ei\u0107 | Poklon kutija - Bez stresa | Le Boxi","og_description":"U poklon setu \u0107ete na\u0107i 100 % biorazgradivu spu\u017evu od sisala, ru\u010dno izra\u0111enu bombu za kupanje i himalajsku sol za kupanje u epruveti . Odli\u010dan poklon za djevojku za bo\u017ei\u0107","og_url":"https:\/\/leboxi.eu\/hr\/proizvodi\/poklon-za-djevojku-za-bozic\/","og_site_name":"Le Boxi | Unikatna darila za vsakogar","article_publisher":"https:\/\/www.facebook.com\/leboxi.eu","article_modified_time":"2022-03-26T13:27:05+00:00","og_image":[{"width":1000,"height":1000,"url":"https:\/\/leboxi.eu\/wp-content\/uploads\/2021\/04\/Izdelek-120-of-339.jpg","type":"image\/jpeg"}],"twitter_card":"summary_large_image","twitter_misc":{"Procijenjeno vrijeme \u010ditanja":"3 minuta"},"schema":{"@context":"https:\/\/schema.org","@graph":[{"@type":"WebPage","@id":"https:\/\/leboxi.eu\/hr\/proizvodi\/poklon-za-djevojku-za-bozic\/","url":"https:\/\/leboxi.eu\/hr\/proizvodi\/poklon-za-djevojku-za-bozic\/","name":"Poklon za djevojku za bo\u017ei\u0107 | Poklon kutija - Bez stresa | Le Boxi","isPartOf":{"@id":"https:\/\/leboxi.eu\/hr\/#website"},"primaryImageOfPage":{"@id":"https:\/\/leboxi.eu\/hr\/proizvodi\/poklon-za-djevojku-za-bozic\/#primaryimage"},"image":{"@id":"https:\/\/leboxi.eu\/hr\/proizvodi\/poklon-za-djevojku-za-bozic\/#primaryimage"},"thumbnailUrl":"https:\/\/leboxi.eu\/wp-content\/uploads\/2021\/04\/Izdelek-120-of-339.jpg","datePublished":"2022-03-26T13:25:17+00:00","dateModified":"2022-03-26T13:27:05+00:00","description":"U poklon setu \u0107ete na\u0107i 100 % biorazgradivu spu\u017evu od sisala, ru\u010dno izra\u0111enu bombu za kupanje i himalajsku sol za kupanje u epruveti . Odli\u010dan poklon za djevojku za bo\u017ei\u0107","breadcrumb":{"@id":"https:\/\/leboxi.eu\/hr\/proizvodi\/poklon-za-djevojku-za-bozic\/#breadcrumb"},"inLanguage":"hr","potentialAction":[{"@type":"ReadAction","target":["https:\/\/leboxi.eu\/hr\/proizvodi\/poklon-za-djevojku-za-bozic\/"]}]},{"@type":"ImageObject","inLanguage":"hr","@id":"https:\/\/leboxi.eu\/hr\/proizvodi\/poklon-za-djevojku-za-bozic\/#primaryimage","url":"https:\/\/leboxi.eu\/wp-content\/uploads\/2021\/04\/Izdelek-120-of-339.jpg","contentUrl":"https:\/\/leboxi.eu\/wp-content\/uploads\/2021\/04\/Izdelek-120-of-339.jpg","width":1000,"height":1000,"caption":"Poklon kutija sa spu\u017evom za pranje od sisala, bombom za kupanje, mirisnom svije\u0107om i soli za kupanje u staklenoj tubi s plutenim poklopcem - bo\u017ei\u0107ni dar za djevoj\u010dice"},{"@type":"BreadcrumbList","@id":"https:\/\/leboxi.eu\/hr\/proizvodi\/poklon-za-djevojku-za-bozic\/#breadcrumb","itemListElement":[{"@type":"ListItem","position":1,"name":"Doma","item":"https:\/\/leboxi.eu\/hr\/originalni-rodendanski-pokloni-za-zene-muskarce-i-novorodencad\/"},{"@type":"ListItem","position":2,"name":"Trgovina","item":"https:\/\/leboxi.eu\/hr\/trgovina\/"},{"@type":"ListItem","position":3,"name":"Poklon kutija &#8211; Bez stresa"}]},{"@type":"WebSite","@id":"https:\/\/leboxi.eu\/hr\/#website","url":"https:\/\/leboxi.eu\/hr\/","name":"Le Boxi | Unikatna darila za vsakogar","description":"Unikatna darila in darilne \u0161katle za vse prilo\u017enosti.","publisher":{"@id":"https:\/\/leboxi.eu\/hr\/#organization"},"potentialAction":[{"@type":"SearchAction","target":{"@type":"EntryPoint","urlTemplate":"https:\/\/leboxi.eu\/hr\/?s={search_term_string}"},"query-input":{"@type":"PropertyValueSpecification","valueRequired":true,"valueName":"search_term_string"}}],"inLanguage":"hr"},{"@type":"Organization","@id":"https:\/\/leboxi.eu\/hr\/#organization","name":"LE BOXI","url":"https:\/\/leboxi.eu\/hr\/","logo":{"@type":"ImageObject","inLanguage":"hr","@id":"https:\/\/leboxi.eu\/hr\/#\/schema\/logo\/image\/","url":"https:\/\/leboxi.eu\/wp-content\/uploads\/2021\/02\/LeBoxi-manjsi-png.png","contentUrl":"https:\/\/leboxi.eu\/wp-content\/uploads\/2021\/02\/LeBoxi-manjsi-png.png","width":389,"height":164,"caption":"LE BOXI"},"image":{"@id":"https:\/\/leboxi.eu\/hr\/#\/schema\/logo\/image\/"},"sameAs":["https:\/\/www.facebook.com\/leboxi.eu","https:\/\/www.instagram.com\/le.boxi\/"]}]}},"tiered_pricing_type":"fixed","tiered_pricing_fixed_rules":[],"tiered_pricing_product_settings":{"layout":"default","base_unit_name":{"singular":null,"plural":null},"default_variation":null},"tiered_pricing_minimum_quantity":null,"tiered_pricing_roles_data":[],"tiered_pricing_percentage_rules":[],"_links":{"self":[{"href":"https:\/\/leboxi.eu\/hr\/wp-json\/wp\/v2\/product\/7017","targetHints":{"allow":["GET"]}}],"collection":[{"href":"https:\/\/leboxi.eu\/hr\/wp-json\/wp\/v2\/product"}],"about":[{"href":"https:\/\/leboxi.eu\/hr\/wp-json\/wp\/v2\/types\/product"}],"replies":[{"embeddable":true,"href":"https:\/\/leboxi.eu\/hr\/wp-json\/wp\/v2\/comments?post=7017"}],"version-history":[{"count":0,"href":"https:\/\/leboxi.eu\/hr\/wp-json\/wp\/v2\/product\/7017\/revisions"}],"wp:featuredmedia":[{"embeddable":true,"href":"https:\/\/leboxi.eu\/hr\/wp-json\/wp\/v2\/media\/5319"}],"wp:attachment":[{"href":"https:\/\/leboxi.eu\/hr\/wp-json\/wp\/v2\/media?parent=7017"}],"wp:term":[{"taxonomy":"product_brand","embeddable":true,"href":"https:\/\/leboxi.eu\/hr\/wp-json\/wp\/v2\/product_brand?post=7017"},{"taxonomy":"product_cat","embeddable":true,"href":"https:\/\/leboxi.eu\/hr\/wp-json\/wp\/v2\/product_cat?post=7017"},{"taxonomy":"product_tag","embeddable":true,"href":"https:\/\/leboxi.eu\/hr\/wp-json\/wp\/v2\/product_tag?post=7017"}],"curies":[{"name":"wp","href":"https:\/\/api.w.org\/{rel}","templated":true}]}}