{"id":7015,"date":"2021-04-07T19:31:29","date_gmt":"2021-04-07T18:31:29","guid":{"rendered":"https:\/\/leboxi.eu\/izdelki\/poklon-kutija-5-minuta-za-mene\/"},"modified":"2022-07-23T17:59:17","modified_gmt":"2022-07-23T16:59:17","slug":"pokloni-za-mame","status":"publish","type":"product","link":"https:\/\/leboxi.eu\/hr\/proizvodi\/pokloni-za-mame\/","title":{"rendered":"Poklon kutija &#8211; 5 minuta za mene"},"content":{"rendered":"<p><strong>Le Boxi pokloni za mame, djevoj\u010dice i sve \u017eene odu\u0161evit \u0107e i najzahtjevnije primateljice. Luksuzna poklon kutija sadr\u017ei:<\/strong><\/p>\n<p>&nbsp;<\/p>\n<ol>\n<li>\n<h6><strong>Prirodni, ru\u010dno ra\u0111eni sapun VANILIJA I ZVJEZDASTI ANIS (120 g)<\/strong><\/h6>\n<\/li>\n<\/ol>\n<p>Veganski sapun za ruke i tijelo. Opojni miris zvjezdastog anisa i eteri\u010dnog ulja vanilije. Sapun sadr\u017ei aktivni ugljen, koji je izvrstan za uklanjanje toksina iz ko\u017ee. U kombinaciji s eteri\u010dnim uljem anisa va\u0161a \u0107e ko\u017ea nakon upotrebe ovog sapuna biti meka, glatka i blistava te nevjerojatno mirisna.<\/p>\n<p>Sastojci: Olea Europea (Olive) Oil, Cocos Nucifera (Coconut) Oil, Butyrospermum Parkii (Shea) butter, Apricot Kernel Oil Prunus Armeniaca (Apricot) Kernel Oil Persea Gratissima, Castor Oil Ricinus Communis (Castor) Seed Oil, charcoal, Anise Essential Oil Pimpinella Ansium (Anise) Oil, Parfum, Poppyseed Papaver Orientale (Poppy) Seed, Himalayan pink salt.<\/p>\n<p>Miris: eteri\u010dno ulje zvjezdastog anisa, parfem<\/p>\n<p>&nbsp;<\/p>\n<ol start=\"2\">\n<li>\n<h6><strong>Prirodni, ru\u010dno ra\u0111eni sapun od kurkume s naran\u010dom, klin\u010di\u0107ima i pa\u010dulijem (120g) -&gt;<\/strong><\/h6>\n<p><strong>Zbog manjka zaliha u kutiji je sapun ru\u010dno ra\u0111en u Francuskoj (kozje mlijeko i mrkva)<\/strong><\/li>\n<\/ol>\n<p>Mirisni sapun za lice i tijelo. Kurkuma ima sna\u017ena antioksidativna i ljekovita svojstva te je vrlo u\u010dinkovita u lije\u010denju mnogih ko\u017enih problema. Znanstveno je dokazano da je u\u010dinkovit u lije\u010denju akni, ekcema, osipa, upala i modrica. Kurkuma tako\u0111er ima antibakterijska svojstva koja poma\u017eu u zacjeljivanju rana i ubrzanju zacjeljivanja te na taj na\u010din sprje\u010davaju \u0161irenje infekcije. Predivna aroma sapuna pratit \u0107e vas na ko\u017ei satima nakon kupanja.<\/p>\n<p>Sastojci: natrijev olivat, natrijev kokoat, natrijev \u0161ibuterat, natrijev slatki badem, natrijev kastorat, natrijev hempat, kurkuma \/ kurkuma \/ Haldi Curcuma Longa (kurkuma), ulje od kore citrusa (naran\u010de), Pogostemon Cablin (Patchulllove C) ) Cvjetno ulje, kora Cinnamomum Cassia (cimet), kora citrusa Aurantium Dulcis (naran\u010de), Pimpinella Anisum<\/p>\n<p>Miris: Eteri\u010dna ulja naran\u010de, klin\u010di\u0107a i pa\u010dulija<\/p>\n<p><strong>Bilje\u0161ke:<\/strong><\/p>\n<p>\u27a4 Zbog ru\u010dne izrade, izgled sapuna mo\u017ee se neznatno razlikovati od onog na slici.<\/p>\n<p>\u27a4 Sapuni su pakirani u ve\u0107im koli\u010dinama nego ina\u010de za prirodne, ru\u010dno ra\u0111ene sapune &#8211; 120g.<\/p>\n<p>&nbsp;<\/p>\n<ol start=\"3\">\n<li>\n<h6><strong>3. Himalajska sol za kupanje (35 g) \/ OSVJE\u017dENJE: eteri\u010dna ulja limuna, \u0111umbira i naran\u010de + ulje avokada<\/strong><\/h6>\n<\/li>\n<\/ol>\n<p>bogato je mineralima, sadr\u017ei 100 % eteri\u010dna ulja, ulje avokada i cvjetove nevena. Budu\u0107i da je himalajska sol tako bogata mineralima (to\u010dnije sadr\u017ei 84 minerala), namakanje u slanoj vodi umiruje i obnavlja o\u0161te\u0107enu ko\u017eu te poti\u010de obnovu stanica. Dodana ulja njeguju i hidratiziraju ko\u017eu. Kad se \u017eelite razmaziti, samo dodajte 2 \u2013 3 \u017eli\u010dice soli za kupanje u toplu vodu u kadi i u\u017eivajte u aromati\u010dnoj kupki.<\/p>\n<p>Sastojci: Sodium Chloride, Persea Gratissima Oil, Calendula Officinalis Flowers, Citrus Limon Oil, Citrus Sinensis Oil, Zingiber Officinale, *Limonene. *Geraniol. * Prirodni sastojci eteri\u010dnih ulja<\/p>\n<p>&nbsp;<\/p>\n<ol start=\"4\">\n<li>\n<h6><strong>Himalajska sol za kupanje (35 g) \/ SENZUALNOST: eteri\u010dna ulja ylang ylanga + kokosovo ulje <\/strong><\/h6>\n<\/li>\n<\/ol>\n<p>Himalajska sol bogata mineralima, sadr\u017ei 100 % eteri\u010dna ulja, kokosovo ulje i suhe latice ru\u017ee. Budu\u0107i da je himalajska sol tako bogata mineralima (to\u010dnije sadr\u017ei 84 minerala), namakanje u slanoj vodi umiruje i obnavlja o\u0161te\u0107enu ko\u017eu te poti\u010de obnovu stanica. Dodana ulja njeguju i hidratiziraju ko\u017eu. Kad se \u017eelite razmaziti, samo dodajte 2 \u2013 3 \u017eli\u010dice soli za kupanje u toplu vodu u kadi i u\u017eivajte u aromati\u010dnoj kupki.<\/p>\n<p>SASTOJCI: Sodium Chloride, Rose Centifolia Flowers, Cananga Odorata Oil, Cocos Nucifera oil, *Linalool, *Benzyl Benzoate, Farnesol. * Prirodni sastojci eteri\u010dnih ulja<\/p>\n<p>&nbsp;<\/p>\n<ol start=\"5\">\n<li>\n<h6><strong>5. Himalajska sol za kupanje (35 g) \/ REVITALIZACIJA KO\u017dE: Eteri\u010dna ulja crvene iglice i grejpa + ulje vitamina E. <\/strong><\/h6>\n<\/li>\n<\/ol>\n<p>Himalajska sol bogata mineralima, sadr\u017ei 100 % eteri\u010dna ulja, ulje vitamina E i cvjetove kamilice. Budu\u0107i da je himalajska sol tako bogata mineralima (to\u010dnije sadr\u017ei 84 minerala), namakanje u slanoj vodi umiruje i obnavlja o\u0161te\u0107enu ko\u017eu te poti\u010de obnovu stanica. Dodana ulja njeguju i hidratiziraju ko\u017eu. Kad se \u017eelite razmaziti, samo dodajte 2 \u2013 3 \u017eli\u010dice soli za kupanje u toplu vodu u kadi i u\u017eivajte u aromati\u010dnoj kupki.<\/p>\n<p>Sastojci: Sodium Chloride, Citrus Paradisi Oil, Pelargonium Graveolens Oil, Matricaria Recutita Flowers, Triticum Vulgare Oil, Tocopherol, *Limonene, *Citronellol, *Geraniol, *Linalool . * Prirodni sastojci eteri\u010dnih ulja<\/p>\n<h6><\/h6>\n<h6>Dodatno:<\/h6>\n<p>Na poklon set mo\u017eete prilo\u017eiti i <strong>personaliziranu \u010destitku<\/strong> (+2,95 eura).<\/p>\n<p>Po \u017eelji \u0107emo dostaviti va\u0161 poklon primatelju, a podrazumijeva se da u paket ne\u0107emo prilo\u017eiti ra\u010dun tijekom isporuke. Ra\u010dun \u0107emo poslati vama.<\/p>\n<p>&nbsp;<\/p>\n<p>Povrh svega, svoj poklon set mo\u017eete nadograditi <a href=\"https:\/\/leboxi.eu\/blog\/posvetilo-darilni-listki\/\">poklon listi\u0107ima<\/a> za izradu \u010dije upute mo\u017eete prona\u0107i na na\u0161em blogu. Poklon kutija izvrstan je poklon za mame, djevojke ili prijateljice.<\/p>\n<p><script type=\"application\/ld+json\">\n{\n  \"@context\": \"https:\/\/schema.org\/\", \n  \"@type\": \"Product\", \n  \"name\": \"Darilna \u0161katla \u2013 5 minut zame\",\n  \"image\": \"https:\/\/leboxi.eu\/wp-content\/uploads\/2021\/04\/Izdelek-104-of-339.jpg\",\n  \"description\": \"Pri\u010dnite svoje potovanje v svet naravne nege ko\u017ee! Ta komplet 2 ro\u010dno izdelanih naravnih negovalnih mil iz najbolj\u0161ih sestavin pode\u017eelja ju\u017ene Francije, bo va\u0161o ko\u017eo pustil izredno mehko, negovano in di\u0161e\u010do. V ne\u017eni slami boste na\u0161li tudi kar 3 epruvete himalajske kopalne soli bogate z minerali, s katerimi bodo va\u0161e kopeli \u0161e bolj negovalne in spro\u0161\u010dujo\u010de. Darilna \u0161katla je lahko odli\u010dno darilo za mamo, babico ali drugo pomembno \u017eensko v va\u0161em \u017eivljenju.<\/p>\n<p>Na\u0161a mila so pakirana v ve\u010djih koli\u010dinah, kot je obi\u010dajno za naravna, ro\u010dno izdelana mila \u2013 120g.<\/p>\n<p>V darilno \u0161katlo lahko prilo\u017eite tudi personalizirano \u010destitko (za dopla\u010dilo). Darilna \u0161katla je odli\u010dni primerek darila za mame, punce ali prijateljice.<\/p>\n<p>Darilna \u0161katla vsebuje:<\/p>\n<p>2x naravno ro\u010dno izdelano milo (120g)\n3x himalajska kopalna sol v epruveti (3x 35g)<\/p>\n<p>\u010ce \u017eelite bomo va\u0161e darilo obdarovancu dostavili mi, seveda pa ob dostavi ne bomo prilo\u017eili ra\u010duna. Le-tega boste prejeli vi.\",\n  \"brand\": \"Le Boxi\",\n  \"sku\": \"K-9\",\n  \"offers\": {\n    \"@type\": \"Offer\",\n    \"url\": \"https:\/\/leboxi.eu\/izdelki\/darila-za-mame\/\",\n    \"priceCurrency\": \"EUR\",\n    \"price\": \"33.2\",\n    \"priceValidUntil\": \"2023-12-31\",\n    \"availability\": \"https:\/\/schema.org\/InStock\",\n    \"itemCondition\": \"https:\/\/schema.org\/NewCondition\"\n  },\n  \"aggregateRating\": {\n    \"@type\": \"AggregateRating\",\n    \"ratingValue\": \"4.6\",\n    \"bestRating\": \"5\",\n    \"worstRating\": \"1\",\n    \"ratingCount\": \"6\"\n  }\n}\n<\/script><\/p>\n<p>&nbsp;<\/p>\n","protected":false},"excerpt":{"rendered":"<p>Zapo\u010dnite svoje putovanje u svijet prirodne njege ko\u017ee! Ovaj komplet od 2 ru\u010dno ra\u0111ena prirodna sapuna za njegu sadr\u017ee najbolje sastojke iz ju\u017ene Francuske, a va\u0161u \u0107e ko\u017eu u\u010diniti izvanredno mekanom, njegovanom i mirisnom. U nje\u017enoj slami prona\u0107i \u0107ete i \u010dak 3 epruvete himalajske soli za kupanje bogate mineralima, koja \u0107e va\u0161e kupke u\u010diniti jo\u0161 hranjivijima i opu\u0161taju\u0107ima. Poklon kutija izvrstan je poklon za mame, djevojke ili prijateljice.<\/p>\n<p>Sapuni su ve\u0107i od standardne koli\u010dine za prirodne, ru\u010dno ra\u0111ene sapune \u2013 120 g.<\/p>\n<p>U poklon kutiju mo\u017eete uklju\u010diti i personaliziranu \u010destitku (uz nadoplatu). Poklon kutija izvrstan je poklon za mame, djevojke ili prijateljice.<\/p>\n<p>Poklon kutija sadr\u017ei:<\/p>\n<ul>\n<li>2x prirodni ru\u010dno ra\u0111eni sapun (120 g)<\/li>\n<li>3x himalajsku sol za kupanje u epruveti (3x 35g)<\/li>\n<\/ul>\n<p>&nbsp;<\/p>\n<p>Po \u017eelji \u0107emo dostaviti va\u0161 poklon primatelju, a podrazumijeva se da u paket ne\u0107emo prilo\u017eiti ra\u010dun tijekom isporuke. Ra\u010dun \u0107emo poslati vama.<\/p>\n<p>Detaljan opis mo\u017eete pro\u010ditati u nastavku.<\/p>\n","protected":false},"featured_media":17609,"comment_status":"open","ping_status":"closed","template":"","meta":{"site-sidebar-layout":"default","site-content-layout":"default","ast-site-content-layout":"default","site-content-style":"default","site-sidebar-style":"default","ast-global-header-display":"","ast-banner-title-visibility":"","ast-main-header-display":"","ast-hfb-above-header-display":"","ast-hfb-below-header-display":"","ast-hfb-mobile-header-display":"","site-post-title":"","ast-breadcrumbs-content":"","ast-featured-img":"","footer-sml-layout":"","ast-disable-related-posts":"","theme-transparent-header-meta":"default","adv-header-id-meta":"","stick-header-meta":"","header-above-stick-meta":"","header-main-stick-meta":"","header-below-stick-meta":"","astra-migrate-meta-layouts":"default","ast-page-background-enabled":"default","ast-page-background-meta":{"desktop":{"background-color":"","background-image":"","background-repeat":"repeat","background-position":"center center","background-size":"auto","background-attachment":"scroll","background-type":"","background-media":"","overlay-type":"","overlay-color":"","overlay-opacity":"","overlay-gradient":""},"tablet":{"background-color":"","background-image":"","background-repeat":"repeat","background-position":"center center","background-size":"auto","background-attachment":"scroll","background-type":"","background-media":"","overlay-type":"","overlay-color":"","overlay-opacity":"","overlay-gradient":""},"mobile":{"background-color":"","background-image":"","background-repeat":"repeat","background-position":"center center","background-size":"auto","background-attachment":"scroll","background-type":"","background-media":"","overlay-type":"","overlay-color":"","overlay-opacity":"","overlay-gradient":""}},"ast-content-background-meta":{"desktop":{"background-color":"var(--ast-global-color-5)","background-image":"","background-repeat":"repeat","background-position":"center center","background-size":"auto","background-attachment":"scroll","background-type":"","background-media":"","overlay-type":"","overlay-color":"","overlay-opacity":"","overlay-gradient":""},"tablet":{"background-color":"var(--ast-global-color-5)","background-image":"","background-repeat":"repeat","background-position":"center center","background-size":"auto","background-attachment":"scroll","background-type":"","background-media":"","overlay-type":"","overlay-color":"","overlay-opacity":"","overlay-gradient":""},"mobile":{"background-color":"var(--ast-global-color-5)","background-image":"","background-repeat":"repeat","background-position":"center center","background-size":"auto","background-attachment":"scroll","background-type":"","background-media":"","overlay-type":"","overlay-color":"","overlay-opacity":"","overlay-gradient":""}}},"product_brand":[],"product_cat":[212,73,200,207,206,201,205,199,203,209,210,208,211,198,202,87],"product_tag":[],"class_list":{"0":"post-7015","1":"product","2":"type-product","3":"status-publish","4":"has-post-thumbnail","6":"product_cat-bozicni-pokloni-za-zene","7":"product_cat-opcenito","8":"product_cat-poklon-paketi","9":"product_cat-pokloni-za-bozic","10":"product_cat-pokloni-za-dan-zena","11":"product_cat-pokloni-za-djevojku","12":"product_cat-pokloni-za-majcin-dan","13":"product_cat-pokloni-za-mamu","14":"product_cat-pokloni-za-prijateljicu","15":"product_cat-pokloni-za-rodendan-hr","16":"product_cat-pokloni-za-rodendan-za-zene","17":"product_cat-pokloni-za-valentinovo","18":"product_cat-pokloni-za-valentinovo-za-nju","19":"product_cat-pokloni-za-zene","20":"product_cat-prilike","21":"product_cat-zene","22":"desktop-align-left","23":"tablet-align-left","24":"mobile-align-left","26":"first","27":"instock","28":"sale","29":"taxable","30":"shipping-taxable","31":"purchasable","32":"product-type-simple"},"yoast_head":"<!-- This site is optimized with the Yoast SEO plugin v27.3 - https:\/\/yoast.com\/product\/yoast-seo-wordpress\/ -->\n<title>Pokloni za mame | Poklon kutija - 5 minuta za mene | Le Boxi<\/title>\n<meta name=\"description\" content=\"Zapo\u010dnite svoje putovanje u svijet prirodne njege ko\u017ee! Ovaj komplet od 2 ru\u010dno ra\u0111ena prirodna sapuna za njegu sadr\u017ee najbolje sastojke iz ju\u017ene Francuske. Divni pokloni za mame.\" \/>\n<meta name=\"robots\" content=\"index, follow, max-snippet:-1, max-image-preview:large, max-video-preview:-1\" \/>\n<link rel=\"canonical\" href=\"https:\/\/leboxi.eu\/hr\/proizvodi\/pokloni-za-mame\/\" \/>\n<meta property=\"og:locale\" content=\"hr_HR\" \/>\n<meta property=\"og:type\" content=\"article\" \/>\n<meta property=\"og:title\" content=\"Pokloni za mame | Poklon kutija - 5 minuta za mene | Le Boxi\" \/>\n<meta property=\"og:description\" content=\"Zapo\u010dnite svoje putovanje u svijet prirodne njege ko\u017ee! Ovaj komplet od 2 ru\u010dno ra\u0111ena prirodna sapuna za njegu sadr\u017ee najbolje sastojke iz ju\u017ene Francuske. Divni pokloni za mame.\" \/>\n<meta property=\"og:url\" content=\"https:\/\/leboxi.eu\/hr\/proizvodi\/pokloni-za-mame\/\" \/>\n<meta property=\"og:site_name\" content=\"Le Boxi | Unikatna darila za vsakogar\" \/>\n<meta property=\"article:publisher\" content=\"https:\/\/www.facebook.com\/leboxi.eu\" \/>\n<meta property=\"article:modified_time\" content=\"2022-07-23T16:59:17+00:00\" \/>\n<meta property=\"og:image\" content=\"https:\/\/leboxi.eu\/wp-content\/uploads\/2021\/04\/mix-soli-3.jpg\" \/>\n\t<meta property=\"og:image:width\" content=\"1000\" \/>\n\t<meta property=\"og:image:height\" content=\"1000\" \/>\n\t<meta property=\"og:image:type\" content=\"image\/jpeg\" \/>\n<meta name=\"twitter:card\" content=\"summary_large_image\" \/>\n<meta name=\"twitter:label1\" content=\"Procijenjeno vrijeme \u010ditanja\" \/>\n\t<meta name=\"twitter:data1\" content=\"4 minuta\" \/>\n<script type=\"application\/ld+json\" class=\"yoast-schema-graph\">{\"@context\":\"https:\\\/\\\/schema.org\",\"@graph\":[{\"@type\":\"WebPage\",\"@id\":\"https:\\\/\\\/leboxi.eu\\\/hr\\\/proizvodi\\\/pokloni-za-mame\\\/\",\"url\":\"https:\\\/\\\/leboxi.eu\\\/hr\\\/proizvodi\\\/pokloni-za-mame\\\/\",\"name\":\"Pokloni za mame | Poklon kutija - 5 minuta za mene | Le Boxi\",\"isPartOf\":{\"@id\":\"https:\\\/\\\/leboxi.eu\\\/hr\\\/#website\"},\"primaryImageOfPage\":{\"@id\":\"https:\\\/\\\/leboxi.eu\\\/hr\\\/proizvodi\\\/pokloni-za-mame\\\/#primaryimage\"},\"image\":{\"@id\":\"https:\\\/\\\/leboxi.eu\\\/hr\\\/proizvodi\\\/pokloni-za-mame\\\/#primaryimage\"},\"thumbnailUrl\":\"https:\\\/\\\/leboxi.eu\\\/wp-content\\\/uploads\\\/2021\\\/04\\\/mix-soli-3.jpg\",\"datePublished\":\"2021-04-07T18:31:29+00:00\",\"dateModified\":\"2022-07-23T16:59:17+00:00\",\"description\":\"Zapo\u010dnite svoje putovanje u svijet prirodne njege ko\u017ee! Ovaj komplet od 2 ru\u010dno ra\u0111ena prirodna sapuna za njegu sadr\u017ee najbolje sastojke iz ju\u017ene Francuske. Divni pokloni za mame.\",\"breadcrumb\":{\"@id\":\"https:\\\/\\\/leboxi.eu\\\/hr\\\/proizvodi\\\/pokloni-za-mame\\\/#breadcrumb\"},\"inLanguage\":\"hr\",\"potentialAction\":[{\"@type\":\"ReadAction\",\"target\":[\"https:\\\/\\\/leboxi.eu\\\/hr\\\/proizvodi\\\/pokloni-za-mame\\\/\"]}]},{\"@type\":\"ImageObject\",\"inLanguage\":\"hr\",\"@id\":\"https:\\\/\\\/leboxi.eu\\\/hr\\\/proizvodi\\\/pokloni-za-mame\\\/#primaryimage\",\"url\":\"https:\\\/\\\/leboxi.eu\\\/wp-content\\\/uploads\\\/2021\\\/04\\\/mix-soli-3.jpg\",\"contentUrl\":\"https:\\\/\\\/leboxi.eu\\\/wp-content\\\/uploads\\\/2021\\\/04\\\/mix-soli-3.jpg\",\"width\":1000,\"height\":1000,\"caption\":\"darilna \u0161katla v kateri so kopalne soli v epruvetah\"},{\"@type\":\"BreadcrumbList\",\"@id\":\"https:\\\/\\\/leboxi.eu\\\/hr\\\/proizvodi\\\/pokloni-za-mame\\\/#breadcrumb\",\"itemListElement\":[{\"@type\":\"ListItem\",\"position\":1,\"name\":\"Doma\",\"item\":\"https:\\\/\\\/leboxi.eu\\\/hr\\\/originalni-rodendanski-pokloni-za-zene-muskarce-i-novorodencad\\\/\"},{\"@type\":\"ListItem\",\"position\":2,\"name\":\"Trgovina\",\"item\":\"https:\\\/\\\/leboxi.eu\\\/hr\\\/trgovina\\\/\"},{\"@type\":\"ListItem\",\"position\":3,\"name\":\"Poklon kutija &#8211; 5 minuta za mene\"}]},{\"@type\":\"WebSite\",\"@id\":\"https:\\\/\\\/leboxi.eu\\\/hr\\\/#website\",\"url\":\"https:\\\/\\\/leboxi.eu\\\/hr\\\/\",\"name\":\"Le Boxi | Unikatna darila za vsakogar\",\"description\":\"Unikatna darila in darilne \u0161katle za vse prilo\u017enosti.\",\"publisher\":{\"@id\":\"https:\\\/\\\/leboxi.eu\\\/hr\\\/#organization\"},\"potentialAction\":[{\"@type\":\"SearchAction\",\"target\":{\"@type\":\"EntryPoint\",\"urlTemplate\":\"https:\\\/\\\/leboxi.eu\\\/hr\\\/?s={search_term_string}\"},\"query-input\":{\"@type\":\"PropertyValueSpecification\",\"valueRequired\":true,\"valueName\":\"search_term_string\"}}],\"inLanguage\":\"hr\"},{\"@type\":\"Organization\",\"@id\":\"https:\\\/\\\/leboxi.eu\\\/hr\\\/#organization\",\"name\":\"LE BOXI\",\"url\":\"https:\\\/\\\/leboxi.eu\\\/hr\\\/\",\"logo\":{\"@type\":\"ImageObject\",\"inLanguage\":\"hr\",\"@id\":\"https:\\\/\\\/leboxi.eu\\\/hr\\\/#\\\/schema\\\/logo\\\/image\\\/\",\"url\":\"https:\\\/\\\/leboxi.eu\\\/wp-content\\\/uploads\\\/2021\\\/02\\\/LeBoxi-manjsi-png.png\",\"contentUrl\":\"https:\\\/\\\/leboxi.eu\\\/wp-content\\\/uploads\\\/2021\\\/02\\\/LeBoxi-manjsi-png.png\",\"width\":389,\"height\":164,\"caption\":\"LE BOXI\"},\"image\":{\"@id\":\"https:\\\/\\\/leboxi.eu\\\/hr\\\/#\\\/schema\\\/logo\\\/image\\\/\"},\"sameAs\":[\"https:\\\/\\\/www.facebook.com\\\/leboxi.eu\",\"https:\\\/\\\/www.instagram.com\\\/le.boxi\\\/\"]}]}<\/script>\n<!-- \/ Yoast SEO plugin. -->","yoast_head_json":{"title":"Pokloni za mame | Poklon kutija - 5 minuta za mene | Le Boxi","description":"Zapo\u010dnite svoje putovanje u svijet prirodne njege ko\u017ee! Ovaj komplet od 2 ru\u010dno ra\u0111ena prirodna sapuna za njegu sadr\u017ee najbolje sastojke iz ju\u017ene Francuske. Divni pokloni za mame.","robots":{"index":"index","follow":"follow","max-snippet":"max-snippet:-1","max-image-preview":"max-image-preview:large","max-video-preview":"max-video-preview:-1"},"canonical":"https:\/\/leboxi.eu\/hr\/proizvodi\/pokloni-za-mame\/","og_locale":"hr_HR","og_type":"article","og_title":"Pokloni za mame | Poklon kutija - 5 minuta za mene | Le Boxi","og_description":"Zapo\u010dnite svoje putovanje u svijet prirodne njege ko\u017ee! Ovaj komplet od 2 ru\u010dno ra\u0111ena prirodna sapuna za njegu sadr\u017ee najbolje sastojke iz ju\u017ene Francuske. Divni pokloni za mame.","og_url":"https:\/\/leboxi.eu\/hr\/proizvodi\/pokloni-za-mame\/","og_site_name":"Le Boxi | Unikatna darila za vsakogar","article_publisher":"https:\/\/www.facebook.com\/leboxi.eu","article_modified_time":"2022-07-23T16:59:17+00:00","og_image":[{"width":1000,"height":1000,"url":"https:\/\/leboxi.eu\/wp-content\/uploads\/2021\/04\/mix-soli-3.jpg","type":"image\/jpeg"}],"twitter_card":"summary_large_image","twitter_misc":{"Procijenjeno vrijeme \u010ditanja":"4 minuta"},"schema":{"@context":"https:\/\/schema.org","@graph":[{"@type":"WebPage","@id":"https:\/\/leboxi.eu\/hr\/proizvodi\/pokloni-za-mame\/","url":"https:\/\/leboxi.eu\/hr\/proizvodi\/pokloni-za-mame\/","name":"Pokloni za mame | Poklon kutija - 5 minuta za mene | Le Boxi","isPartOf":{"@id":"https:\/\/leboxi.eu\/hr\/#website"},"primaryImageOfPage":{"@id":"https:\/\/leboxi.eu\/hr\/proizvodi\/pokloni-za-mame\/#primaryimage"},"image":{"@id":"https:\/\/leboxi.eu\/hr\/proizvodi\/pokloni-za-mame\/#primaryimage"},"thumbnailUrl":"https:\/\/leboxi.eu\/wp-content\/uploads\/2021\/04\/mix-soli-3.jpg","datePublished":"2021-04-07T18:31:29+00:00","dateModified":"2022-07-23T16:59:17+00:00","description":"Zapo\u010dnite svoje putovanje u svijet prirodne njege ko\u017ee! Ovaj komplet od 2 ru\u010dno ra\u0111ena prirodna sapuna za njegu sadr\u017ee najbolje sastojke iz ju\u017ene Francuske. Divni pokloni za mame.","breadcrumb":{"@id":"https:\/\/leboxi.eu\/hr\/proizvodi\/pokloni-za-mame\/#breadcrumb"},"inLanguage":"hr","potentialAction":[{"@type":"ReadAction","target":["https:\/\/leboxi.eu\/hr\/proizvodi\/pokloni-za-mame\/"]}]},{"@type":"ImageObject","inLanguage":"hr","@id":"https:\/\/leboxi.eu\/hr\/proizvodi\/pokloni-za-mame\/#primaryimage","url":"https:\/\/leboxi.eu\/wp-content\/uploads\/2021\/04\/mix-soli-3.jpg","contentUrl":"https:\/\/leboxi.eu\/wp-content\/uploads\/2021\/04\/mix-soli-3.jpg","width":1000,"height":1000,"caption":"darilna \u0161katla v kateri so kopalne soli v epruvetah"},{"@type":"BreadcrumbList","@id":"https:\/\/leboxi.eu\/hr\/proizvodi\/pokloni-za-mame\/#breadcrumb","itemListElement":[{"@type":"ListItem","position":1,"name":"Doma","item":"https:\/\/leboxi.eu\/hr\/originalni-rodendanski-pokloni-za-zene-muskarce-i-novorodencad\/"},{"@type":"ListItem","position":2,"name":"Trgovina","item":"https:\/\/leboxi.eu\/hr\/trgovina\/"},{"@type":"ListItem","position":3,"name":"Poklon kutija &#8211; 5 minuta za mene"}]},{"@type":"WebSite","@id":"https:\/\/leboxi.eu\/hr\/#website","url":"https:\/\/leboxi.eu\/hr\/","name":"Le Boxi | Unikatna darila za vsakogar","description":"Unikatna darila in darilne \u0161katle za vse prilo\u017enosti.","publisher":{"@id":"https:\/\/leboxi.eu\/hr\/#organization"},"potentialAction":[{"@type":"SearchAction","target":{"@type":"EntryPoint","urlTemplate":"https:\/\/leboxi.eu\/hr\/?s={search_term_string}"},"query-input":{"@type":"PropertyValueSpecification","valueRequired":true,"valueName":"search_term_string"}}],"inLanguage":"hr"},{"@type":"Organization","@id":"https:\/\/leboxi.eu\/hr\/#organization","name":"LE BOXI","url":"https:\/\/leboxi.eu\/hr\/","logo":{"@type":"ImageObject","inLanguage":"hr","@id":"https:\/\/leboxi.eu\/hr\/#\/schema\/logo\/image\/","url":"https:\/\/leboxi.eu\/wp-content\/uploads\/2021\/02\/LeBoxi-manjsi-png.png","contentUrl":"https:\/\/leboxi.eu\/wp-content\/uploads\/2021\/02\/LeBoxi-manjsi-png.png","width":389,"height":164,"caption":"LE BOXI"},"image":{"@id":"https:\/\/leboxi.eu\/hr\/#\/schema\/logo\/image\/"},"sameAs":["https:\/\/www.facebook.com\/leboxi.eu","https:\/\/www.instagram.com\/le.boxi\/"]}]}},"tiered_pricing_type":"fixed","tiered_pricing_fixed_rules":[],"tiered_pricing_product_settings":{"layout":"default","base_unit_name":{"singular":null,"plural":null},"default_variation":null},"tiered_pricing_minimum_quantity":null,"tiered_pricing_roles_data":[],"tiered_pricing_percentage_rules":[],"_links":{"self":[{"href":"https:\/\/leboxi.eu\/hr\/wp-json\/wp\/v2\/product\/7015","targetHints":{"allow":["GET"]}}],"collection":[{"href":"https:\/\/leboxi.eu\/hr\/wp-json\/wp\/v2\/product"}],"about":[{"href":"https:\/\/leboxi.eu\/hr\/wp-json\/wp\/v2\/types\/product"}],"replies":[{"embeddable":true,"href":"https:\/\/leboxi.eu\/hr\/wp-json\/wp\/v2\/comments?post=7015"}],"version-history":[{"count":0,"href":"https:\/\/leboxi.eu\/hr\/wp-json\/wp\/v2\/product\/7015\/revisions"}],"wp:featuredmedia":[{"embeddable":true,"href":"https:\/\/leboxi.eu\/hr\/wp-json\/wp\/v2\/media\/17609"}],"wp:attachment":[{"href":"https:\/\/leboxi.eu\/hr\/wp-json\/wp\/v2\/media?parent=7015"}],"wp:term":[{"taxonomy":"product_brand","embeddable":true,"href":"https:\/\/leboxi.eu\/hr\/wp-json\/wp\/v2\/product_brand?post=7015"},{"taxonomy":"product_cat","embeddable":true,"href":"https:\/\/leboxi.eu\/hr\/wp-json\/wp\/v2\/product_cat?post=7015"},{"taxonomy":"product_tag","embeddable":true,"href":"https:\/\/leboxi.eu\/hr\/wp-json\/wp\/v2\/product_tag?post=7015"}],"curies":[{"name":"wp","href":"https:\/\/api.w.org\/{rel}","templated":true}]}}