{"id":6924,"date":"2021-08-26T18:14:48","date_gmt":"2022-03-23T20:56:26","guid":{"rendered":"https:\/\/leboxi.eu\/izdelki\/ogrlica-flow-s-imenom\/"},"modified":"2022-03-23T21:58:25","modified_gmt":"2022-03-23T20:58:25","slug":"srebrna-ogrlica-s-imenom-flow","status":"publish","type":"product","link":"https:\/\/leboxi.eu\/hr\/proizvodi\/srebrna-ogrlica-s-imenom-flow\/","title":{"rendered":"Ogrlica FLOW s imenom"},"content":{"rendered":"<p><strong>Ogrlica FLOW s imenom<\/strong><\/p>\n<p>Srebrna ogrlica s imenom jedinstven je dar koji nikad ne stari. Mo\u017eete odabrati i druge boje.<\/p>\n<p>Boja: 14K zlato \/ srebro \/ ru\u017ei\u010dasto zlato<\/p>\n<p>Materijal: srebro 925<\/p>\n<p>Duljina ogrlice: 38 cm \u2013 45 cm (mogu\u0107nost prilagodbe duljine 37 cm + 2 cm + 2 cm + 3 cm )<\/p>\n<p>Nije mogu\u0107a personalizacija imena koja sadr\u017ee dijakriti\u010dne znakove (\u010d, \u0107, \u017e, \u0111).<\/p>\n<p>Ogrlica s imenom odli\u010dno je iznena\u0111enje za va\u0161u voljenu osobu. Ogrlica s imenom izra\u0111ena je od pravog srebra 925. Ako ogrlicu \u017eelite pokloniti, mo\u017eemo je zapakirati u lijepu poklon kutiju.<\/p>\n<p>Preporuke za upotrebu: Preporu\u010dujemo da nakit skinete prije kupanja\/tu\u0161iranja, prije spavanja te prije sportskih aktivnosti kako se ne bi o\u0161tetio te kako bi \u0161to dulje ostao sjajan. Nakit ne ostavlja mrlje, ne gubi boju, ne ostavlja zelene tragove na ko\u017ei i vodootporan je.<\/p>\n<p><strong>Cijeli postupak izrade personalizirane ogrlice i dostave na va\u0161u adresu traje 20 \u2013 30 dana. Ogrlicu ne mo\u017eemo isporu\u010diti prije tog roka. Ako naru\u010dite i druge proizvode, njih \u0107emo dostaviti u zasebnoj po\u0161iljci. <\/strong><\/p>\n<h6><\/h6>\n<h6>Dodatno:<\/h6>\n<p>Povrh svega, svoj poklon set mo\u017eete nadograditi <a href=\"https:\/\/leboxi.eu\/hr\/blog\/le-boxi-proljetne-poklon-kartice-i-rodendanske-posvete\/\">poklon listi\u0107ima<\/a> za izradu \u010dije upute mo\u017eete prona\u0107i na na\u0161em blogu.<\/p>\n<p>Po \u017eelji \u0107emo dostaviti va\u0161 poklon primatelju, a podrazumijeva se da u paket ne\u0107emo prilo\u017eiti ra\u010dun tijekom isporuke. Ra\u010dun \u0107emo poslati vama.<\/p>\n<p>U slu\u010daju personaliziranih proizvoda kupac <strong>nema pravo<\/strong> odustati od kupoprodajnog ugovora. U praksi to zna\u010di da za sve proizvode izra\u0111ene na zahtjev kupca potro\u0161a\u010d ne mo\u017ee vratiti proizvod, ve\u0107 je obavezan platiti prema ugovoru. Ponu\u0111a\u010d ne odgovara za nepravilno odabrane zna\u010dajke prilagodbe (npr. pogre\u0161no odabrana vrsta prilago\u0111enog proizvoda, pogre\u0161no odabran obrazac prilagodbe, pravopisne podr\u0161ke, pogre\u0161an datum itd.) pri naru\u010divanju.<\/p>\n<p>&nbsp;<\/p>\n","protected":false},"excerpt":{"rendered":"<p>Elegantna ogrlica FLOW s personaliziranim imenom stvarno je jedinstvena. Ogrlica je izra\u0111ena od srebra. Dostupne su boje zlata, srebra i ru\u017ei\u010dastog zlata.<\/p>\n<p>Dodatne informacije:<\/p>\n<ul>\n<li>Duljina ogrlice: 38 cm \u2013 45 cm (mogu\u0107nost prilagodbe duljine)<\/li>\n<li>Materijal: srebro 925<\/li>\n<li>Vanjski sloj dodatno je pozla\u0107en s 14K ili posrebren (ovisno o odabiru)<\/li>\n<li>100 % hipoalergena, 100 % ne ostavlja mrlje na ko\u017ei,<\/li>\n<li><strong>Vrijeme dostave: 20 \u2013 30 dana (vrijeme izrade + dostava)<\/strong><\/li>\n<\/ul>\n<p>Ako ogrlicu \u017eelite pokloniti, mo\u017eemo je zapakirati u lijepu poklon kutiju. Po \u017eelji \u0107emo dostaviti va\u0161 poklon primatelju, a podrazumijeva se da u paket ne\u0107emo prilo\u017eiti ra\u010dun tijekom isporuke. Ra\u010dun \u0107emo poslati vama.<\/p>\n","protected":false},"featured_media":5544,"comment_status":"open","ping_status":"closed","template":"","meta":{"site-sidebar-layout":"default","site-content-layout":"default","ast-site-content-layout":"default","site-content-style":"default","site-sidebar-style":"default","ast-global-header-display":"","ast-banner-title-visibility":"","ast-main-header-display":"","ast-hfb-above-header-display":"","ast-hfb-below-header-display":"","ast-hfb-mobile-header-display":"","site-post-title":"","ast-breadcrumbs-content":"","ast-featured-img":"","footer-sml-layout":"","ast-disable-related-posts":"","theme-transparent-header-meta":"default","adv-header-id-meta":"","stick-header-meta":"","header-above-stick-meta":"","header-main-stick-meta":"","header-below-stick-meta":"","astra-migrate-meta-layouts":"default","ast-page-background-enabled":"default","ast-page-background-meta":{"desktop":{"background-color":"","background-image":"","background-repeat":"repeat","background-position":"center center","background-size":"auto","background-attachment":"scroll","background-type":"","background-media":"","overlay-type":"","overlay-color":"","overlay-opacity":"","overlay-gradient":""},"tablet":{"background-color":"","background-image":"","background-repeat":"repeat","background-position":"center center","background-size":"auto","background-attachment":"scroll","background-type":"","background-media":"","overlay-type":"","overlay-color":"","overlay-opacity":"","overlay-gradient":""},"mobile":{"background-color":"","background-image":"","background-repeat":"repeat","background-position":"center center","background-size":"auto","background-attachment":"scroll","background-type":"","background-media":"","overlay-type":"","overlay-color":"","overlay-opacity":"","overlay-gradient":""}},"ast-content-background-meta":{"desktop":{"background-color":"var(--ast-global-color-5)","background-image":"","background-repeat":"repeat","background-position":"center center","background-size":"auto","background-attachment":"scroll","background-type":"","background-media":"","overlay-type":"","overlay-color":"","overlay-opacity":"","overlay-gradient":""},"tablet":{"background-color":"var(--ast-global-color-5)","background-image":"","background-repeat":"repeat","background-position":"center center","background-size":"auto","background-attachment":"scroll","background-type":"","background-media":"","overlay-type":"","overlay-color":"","overlay-opacity":"","overlay-gradient":""},"mobile":{"background-color":"var(--ast-global-color-5)","background-image":"","background-repeat":"repeat","background-position":"center center","background-size":"auto","background-attachment":"scroll","background-type":"","background-media":"","overlay-type":"","overlay-color":"","overlay-opacity":"","overlay-gradient":""}}},"product_brand":[],"product_cat":[212,216,217,218,207,206,201,205,199,203,209,210,208,211,198,202,87],"product_tag":[],"class_list":{"0":"post-6924","1":"product","2":"type-product","3":"status-publish","4":"has-post-thumbnail","6":"product_cat-bozicni-pokloni-za-zene","7":"product_cat-nakit-hr","8":"product_cat-ogrlice","9":"product_cat-ogrlice-s-imenom","10":"product_cat-pokloni-za-bozic","11":"product_cat-pokloni-za-dan-zena","12":"product_cat-pokloni-za-djevojku","13":"product_cat-pokloni-za-majcin-dan","14":"product_cat-pokloni-za-mamu","15":"product_cat-pokloni-za-prijateljicu","16":"product_cat-pokloni-za-rodendan-hr","17":"product_cat-pokloni-za-rodendan-za-zene","18":"product_cat-pokloni-za-valentinovo","19":"product_cat-pokloni-za-valentinovo-za-nju","20":"product_cat-pokloni-za-zene","21":"product_cat-prilike","22":"product_cat-zene","23":"pa_nakit-roza-zlato-hr","24":"pa_nakit-roza-zlato-darilno-hr","25":"pa_nakit-srebrno-hr","26":"pa_nakit-srebrno-darilno-hr","27":"pa_nakit-zlato-hr","28":"pa_nakit-zlato-darilno-hr","29":"desktop-align-left","30":"tablet-align-left","31":"mobile-align-left","33":"first","34":"instock","35":"taxable","36":"shipping-taxable","37":"purchasable","38":"product-type-variable"},"yoast_head":"<!-- This site is optimized with the Yoast SEO plugin v27.3 - https:\/\/yoast.com\/product\/yoast-seo-wordpress\/ -->\n<title>Srebrne ogrlice s imenom | Personalizirana ogrlica | Le Boxi<\/title>\n<meta name=\"description\" content=\"Elegantna srebrne ogrlice s imenom. Mogu\u0107nost zlatne, srebrne ili ru\u017ei\u010dasto zlatne boje. Izvrstan poklon za sebe ili. na\u0161i najbli\u017ei.\" \/>\n<meta name=\"robots\" content=\"index, follow, max-snippet:-1, max-image-preview:large, max-video-preview:-1\" \/>\n<link rel=\"canonical\" href=\"https:\/\/leboxi.eu\/hr\/proizvodi\/srebrna-ogrlica-s-imenom-flow\/\" \/>\n<meta property=\"og:locale\" content=\"hr_HR\" \/>\n<meta property=\"og:type\" content=\"article\" \/>\n<meta property=\"og:title\" content=\"Srebrne ogrlice s imenom | Personalizirana ogrlica | Le Boxi\" \/>\n<meta property=\"og:description\" content=\"Elegantna srebrne ogrlice s imenom. Mogu\u0107nost zlatne, srebrne ili ru\u017ei\u010dasto zlatne boje. Izvrstan poklon za sebe ili. na\u0161i najbli\u017ei.\" \/>\n<meta property=\"og:url\" content=\"https:\/\/leboxi.eu\/hr\/proizvodi\/srebrna-ogrlica-s-imenom-flow\/\" \/>\n<meta property=\"og:site_name\" content=\"Le Boxi | Unikatna darila za vsakogar\" \/>\n<meta property=\"article:publisher\" content=\"https:\/\/www.facebook.com\/leboxi.eu\" \/>\n<meta property=\"article:modified_time\" content=\"2022-03-23T20:58:25+00:00\" \/>\n<meta property=\"og:image\" content=\"https:\/\/leboxi.eu\/wp-content\/uploads\/2021\/08\/Verizica-Flow.jpg\" \/>\n\t<meta property=\"og:image:width\" content=\"750\" \/>\n\t<meta property=\"og:image:height\" content=\"750\" \/>\n\t<meta property=\"og:image:type\" content=\"image\/jpeg\" \/>\n<meta name=\"twitter:card\" content=\"summary_large_image\" \/>\n<meta name=\"twitter:label1\" content=\"Procijenjeno vrijeme \u010ditanja\" \/>\n\t<meta name=\"twitter:data1\" content=\"2 minuta\" \/>\n<script type=\"application\/ld+json\" class=\"yoast-schema-graph\">{\"@context\":\"https:\\\/\\\/schema.org\",\"@graph\":[{\"@type\":\"WebPage\",\"@id\":\"https:\\\/\\\/leboxi.eu\\\/hr\\\/proizvodi\\\/srebrna-ogrlica-s-imenom-flow\\\/\",\"url\":\"https:\\\/\\\/leboxi.eu\\\/hr\\\/proizvodi\\\/srebrna-ogrlica-s-imenom-flow\\\/\",\"name\":\"Srebrne ogrlice s imenom | Personalizirana ogrlica | Le Boxi\",\"isPartOf\":{\"@id\":\"https:\\\/\\\/leboxi.eu\\\/hr\\\/#website\"},\"primaryImageOfPage\":{\"@id\":\"https:\\\/\\\/leboxi.eu\\\/hr\\\/proizvodi\\\/srebrna-ogrlica-s-imenom-flow\\\/#primaryimage\"},\"image\":{\"@id\":\"https:\\\/\\\/leboxi.eu\\\/hr\\\/proizvodi\\\/srebrna-ogrlica-s-imenom-flow\\\/#primaryimage\"},\"thumbnailUrl\":\"https:\\\/\\\/leboxi.eu\\\/wp-content\\\/uploads\\\/2021\\\/08\\\/Verizica-Flow.jpg\",\"datePublished\":\"2022-03-23T20:56:26+00:00\",\"dateModified\":\"2022-03-23T20:58:25+00:00\",\"description\":\"Elegantna srebrne ogrlice s imenom. Mogu\u0107nost zlatne, srebrne ili ru\u017ei\u010dasto zlatne boje. Izvrstan poklon za sebe ili. na\u0161i najbli\u017ei.\",\"breadcrumb\":{\"@id\":\"https:\\\/\\\/leboxi.eu\\\/hr\\\/proizvodi\\\/srebrna-ogrlica-s-imenom-flow\\\/#breadcrumb\"},\"inLanguage\":\"hr\",\"potentialAction\":[{\"@type\":\"ReadAction\",\"target\":[\"https:\\\/\\\/leboxi.eu\\\/hr\\\/proizvodi\\\/srebrna-ogrlica-s-imenom-flow\\\/\"]}]},{\"@type\":\"ImageObject\",\"inLanguage\":\"hr\",\"@id\":\"https:\\\/\\\/leboxi.eu\\\/hr\\\/proizvodi\\\/srebrna-ogrlica-s-imenom-flow\\\/#primaryimage\",\"url\":\"https:\\\/\\\/leboxi.eu\\\/wp-content\\\/uploads\\\/2021\\\/08\\\/Verizica-Flow.jpg\",\"contentUrl\":\"https:\\\/\\\/leboxi.eu\\\/wp-content\\\/uploads\\\/2021\\\/08\\\/Verizica-Flow.jpg\",\"width\":750,\"height\":750,\"caption\":\"srebrna ogrlica s imenom\"},{\"@type\":\"BreadcrumbList\",\"@id\":\"https:\\\/\\\/leboxi.eu\\\/hr\\\/proizvodi\\\/srebrna-ogrlica-s-imenom-flow\\\/#breadcrumb\",\"itemListElement\":[{\"@type\":\"ListItem\",\"position\":1,\"name\":\"Doma\",\"item\":\"https:\\\/\\\/leboxi.eu\\\/hr\\\/originalni-rodendanski-pokloni-za-zene-muskarce-i-novorodencad\\\/\"},{\"@type\":\"ListItem\",\"position\":2,\"name\":\"Trgovina\",\"item\":\"https:\\\/\\\/leboxi.eu\\\/hr\\\/trgovina\\\/\"},{\"@type\":\"ListItem\",\"position\":3,\"name\":\"Ogrlica FLOW s imenom\"}]},{\"@type\":\"WebSite\",\"@id\":\"https:\\\/\\\/leboxi.eu\\\/hr\\\/#website\",\"url\":\"https:\\\/\\\/leboxi.eu\\\/hr\\\/\",\"name\":\"Le Boxi | Unikatna darila za vsakogar\",\"description\":\"Unikatna darila in darilne \u0161katle za vse prilo\u017enosti.\",\"publisher\":{\"@id\":\"https:\\\/\\\/leboxi.eu\\\/hr\\\/#organization\"},\"potentialAction\":[{\"@type\":\"SearchAction\",\"target\":{\"@type\":\"EntryPoint\",\"urlTemplate\":\"https:\\\/\\\/leboxi.eu\\\/hr\\\/?s={search_term_string}\"},\"query-input\":{\"@type\":\"PropertyValueSpecification\",\"valueRequired\":true,\"valueName\":\"search_term_string\"}}],\"inLanguage\":\"hr\"},{\"@type\":\"Organization\",\"@id\":\"https:\\\/\\\/leboxi.eu\\\/hr\\\/#organization\",\"name\":\"LE BOXI\",\"url\":\"https:\\\/\\\/leboxi.eu\\\/hr\\\/\",\"logo\":{\"@type\":\"ImageObject\",\"inLanguage\":\"hr\",\"@id\":\"https:\\\/\\\/leboxi.eu\\\/hr\\\/#\\\/schema\\\/logo\\\/image\\\/\",\"url\":\"https:\\\/\\\/leboxi.eu\\\/wp-content\\\/uploads\\\/2021\\\/02\\\/LeBoxi-manjsi-png.png\",\"contentUrl\":\"https:\\\/\\\/leboxi.eu\\\/wp-content\\\/uploads\\\/2021\\\/02\\\/LeBoxi-manjsi-png.png\",\"width\":389,\"height\":164,\"caption\":\"LE BOXI\"},\"image\":{\"@id\":\"https:\\\/\\\/leboxi.eu\\\/hr\\\/#\\\/schema\\\/logo\\\/image\\\/\"},\"sameAs\":[\"https:\\\/\\\/www.facebook.com\\\/leboxi.eu\",\"https:\\\/\\\/www.instagram.com\\\/le.boxi\\\/\"]}]}<\/script>\n<!-- \/ Yoast SEO plugin. -->","yoast_head_json":{"title":"Srebrne ogrlice s imenom | Personalizirana ogrlica | Le Boxi","description":"Elegantna srebrne ogrlice s imenom. Mogu\u0107nost zlatne, srebrne ili ru\u017ei\u010dasto zlatne boje. Izvrstan poklon za sebe ili. na\u0161i najbli\u017ei.","robots":{"index":"index","follow":"follow","max-snippet":"max-snippet:-1","max-image-preview":"max-image-preview:large","max-video-preview":"max-video-preview:-1"},"canonical":"https:\/\/leboxi.eu\/hr\/proizvodi\/srebrna-ogrlica-s-imenom-flow\/","og_locale":"hr_HR","og_type":"article","og_title":"Srebrne ogrlice s imenom | Personalizirana ogrlica | Le Boxi","og_description":"Elegantna srebrne ogrlice s imenom. Mogu\u0107nost zlatne, srebrne ili ru\u017ei\u010dasto zlatne boje. Izvrstan poklon za sebe ili. na\u0161i najbli\u017ei.","og_url":"https:\/\/leboxi.eu\/hr\/proizvodi\/srebrna-ogrlica-s-imenom-flow\/","og_site_name":"Le Boxi | Unikatna darila za vsakogar","article_publisher":"https:\/\/www.facebook.com\/leboxi.eu","article_modified_time":"2022-03-23T20:58:25+00:00","og_image":[{"width":750,"height":750,"url":"https:\/\/leboxi.eu\/wp-content\/uploads\/2021\/08\/Verizica-Flow.jpg","type":"image\/jpeg"}],"twitter_card":"summary_large_image","twitter_misc":{"Procijenjeno vrijeme \u010ditanja":"2 minuta"},"schema":{"@context":"https:\/\/schema.org","@graph":[{"@type":"WebPage","@id":"https:\/\/leboxi.eu\/hr\/proizvodi\/srebrna-ogrlica-s-imenom-flow\/","url":"https:\/\/leboxi.eu\/hr\/proizvodi\/srebrna-ogrlica-s-imenom-flow\/","name":"Srebrne ogrlice s imenom | Personalizirana ogrlica | Le Boxi","isPartOf":{"@id":"https:\/\/leboxi.eu\/hr\/#website"},"primaryImageOfPage":{"@id":"https:\/\/leboxi.eu\/hr\/proizvodi\/srebrna-ogrlica-s-imenom-flow\/#primaryimage"},"image":{"@id":"https:\/\/leboxi.eu\/hr\/proizvodi\/srebrna-ogrlica-s-imenom-flow\/#primaryimage"},"thumbnailUrl":"https:\/\/leboxi.eu\/wp-content\/uploads\/2021\/08\/Verizica-Flow.jpg","datePublished":"2022-03-23T20:56:26+00:00","dateModified":"2022-03-23T20:58:25+00:00","description":"Elegantna srebrne ogrlice s imenom. Mogu\u0107nost zlatne, srebrne ili ru\u017ei\u010dasto zlatne boje. Izvrstan poklon za sebe ili. na\u0161i najbli\u017ei.","breadcrumb":{"@id":"https:\/\/leboxi.eu\/hr\/proizvodi\/srebrna-ogrlica-s-imenom-flow\/#breadcrumb"},"inLanguage":"hr","potentialAction":[{"@type":"ReadAction","target":["https:\/\/leboxi.eu\/hr\/proizvodi\/srebrna-ogrlica-s-imenom-flow\/"]}]},{"@type":"ImageObject","inLanguage":"hr","@id":"https:\/\/leboxi.eu\/hr\/proizvodi\/srebrna-ogrlica-s-imenom-flow\/#primaryimage","url":"https:\/\/leboxi.eu\/wp-content\/uploads\/2021\/08\/Verizica-Flow.jpg","contentUrl":"https:\/\/leboxi.eu\/wp-content\/uploads\/2021\/08\/Verizica-Flow.jpg","width":750,"height":750,"caption":"srebrna ogrlica s imenom"},{"@type":"BreadcrumbList","@id":"https:\/\/leboxi.eu\/hr\/proizvodi\/srebrna-ogrlica-s-imenom-flow\/#breadcrumb","itemListElement":[{"@type":"ListItem","position":1,"name":"Doma","item":"https:\/\/leboxi.eu\/hr\/originalni-rodendanski-pokloni-za-zene-muskarce-i-novorodencad\/"},{"@type":"ListItem","position":2,"name":"Trgovina","item":"https:\/\/leboxi.eu\/hr\/trgovina\/"},{"@type":"ListItem","position":3,"name":"Ogrlica FLOW s imenom"}]},{"@type":"WebSite","@id":"https:\/\/leboxi.eu\/hr\/#website","url":"https:\/\/leboxi.eu\/hr\/","name":"Le Boxi | Unikatna darila za vsakogar","description":"Unikatna darila in darilne \u0161katle za vse prilo\u017enosti.","publisher":{"@id":"https:\/\/leboxi.eu\/hr\/#organization"},"potentialAction":[{"@type":"SearchAction","target":{"@type":"EntryPoint","urlTemplate":"https:\/\/leboxi.eu\/hr\/?s={search_term_string}"},"query-input":{"@type":"PropertyValueSpecification","valueRequired":true,"valueName":"search_term_string"}}],"inLanguage":"hr"},{"@type":"Organization","@id":"https:\/\/leboxi.eu\/hr\/#organization","name":"LE BOXI","url":"https:\/\/leboxi.eu\/hr\/","logo":{"@type":"ImageObject","inLanguage":"hr","@id":"https:\/\/leboxi.eu\/hr\/#\/schema\/logo\/image\/","url":"https:\/\/leboxi.eu\/wp-content\/uploads\/2021\/02\/LeBoxi-manjsi-png.png","contentUrl":"https:\/\/leboxi.eu\/wp-content\/uploads\/2021\/02\/LeBoxi-manjsi-png.png","width":389,"height":164,"caption":"LE BOXI"},"image":{"@id":"https:\/\/leboxi.eu\/hr\/#\/schema\/logo\/image\/"},"sameAs":["https:\/\/www.facebook.com\/leboxi.eu","https:\/\/www.instagram.com\/le.boxi\/"]}]}},"tiered_pricing_type":"fixed","tiered_pricing_fixed_rules":[],"tiered_pricing_product_settings":{"layout":"default","base_unit_name":{"singular":null,"plural":null},"default_variation":null},"tiered_pricing_minimum_quantity":null,"tiered_pricing_roles_data":[],"tiered_pricing_percentage_rules":[],"_links":{"self":[{"href":"https:\/\/leboxi.eu\/hr\/wp-json\/wp\/v2\/product\/6924","targetHints":{"allow":["GET"]}}],"collection":[{"href":"https:\/\/leboxi.eu\/hr\/wp-json\/wp\/v2\/product"}],"about":[{"href":"https:\/\/leboxi.eu\/hr\/wp-json\/wp\/v2\/types\/product"}],"replies":[{"embeddable":true,"href":"https:\/\/leboxi.eu\/hr\/wp-json\/wp\/v2\/comments?post=6924"}],"version-history":[{"count":0,"href":"https:\/\/leboxi.eu\/hr\/wp-json\/wp\/v2\/product\/6924\/revisions"}],"wp:featuredmedia":[{"embeddable":true,"href":"https:\/\/leboxi.eu\/hr\/wp-json\/wp\/v2\/media\/5544"}],"wp:attachment":[{"href":"https:\/\/leboxi.eu\/hr\/wp-json\/wp\/v2\/media?parent=6924"}],"wp:term":[{"taxonomy":"product_brand","embeddable":true,"href":"https:\/\/leboxi.eu\/hr\/wp-json\/wp\/v2\/product_brand?post=6924"},{"taxonomy":"product_cat","embeddable":true,"href":"https:\/\/leboxi.eu\/hr\/wp-json\/wp\/v2\/product_cat?post=6924"},{"taxonomy":"product_tag","embeddable":true,"href":"https:\/\/leboxi.eu\/hr\/wp-json\/wp\/v2\/product_tag?post=6924"}],"curies":[{"name":"wp","href":"https:\/\/api.w.org\/{rel}","templated":true}]}}