{"id":6886,"date":"2022-01-27T17:44:29","date_gmt":"2022-01-27T16:44:29","guid":{"rendered":"https:\/\/leboxi.eu\/izdelki\/ogrtac-za-sisanje-brade-i-kose\/"},"modified":"2026-01-15T16:23:23","modified_gmt":"2026-01-15T15:23:23","slug":"ogrtac-za-britje-brade","status":"publish","type":"product","link":"https:\/\/leboxi.eu\/hr\/proizvodi\/ogrtac-za-britje-brade\/","title":{"rendered":"Ogrta\u010d za \u0161i\u0161anje brade i kose"},"content":{"rendered":"<p>Ogrta\u010d za \u0161i\u0161anje brade vrlo je koristan dodatak zahvaljuju\u0107i kojem ne\u0107ete morati \u010distiti cijelu kupaonicu zbog dla\u010dica nakon brijanja. Dla\u010dice ostaju na ogrta\u010du i potom ih uredno mo\u017eete baciti u sme\u0107e. <\/p>\n<p>Materijal: polyester<\/p>\n<p>Dimenzije: 109 x 65 cm<\/p>\n<p>Po \u017eelji \u0107emo dostaviti va\u0161 poklon primatelju, a podrazumijeva se da u paket ne\u0107emo prilo\u017eiti ra\u010dun tijekom isporuke. Ra\u010dun \u0107emo poslati vama. <\/p>\n<p>&nbsp;<\/p>\n","protected":false},"excerpt":{"rendered":"<p>Mu\u010de li vas dlake i \u010di\u0161\u0107enje cijele kupaonice nakon brijanja? Ovaj ogrta\u010d za \u0161i\u0161anje brade pobrinut \u0107e se da va\u0161a kupaonica uvijek bude besprijekorna. Izvrstan poklon za svakog mu\u0161karca. Pri\u010dvrstite ogrta\u010d oko vrata, postavite gumene dr\u017ea\u010de na ogledalo i objesite ogrta\u010d na njih. Proizvod je visoke kvalitete s prikladnom putnom torbom koju svuda mo\u017eete ponijeti sa sobom.    <\/p>\n<p>Po \u017eelji \u0107emo dostaviti va\u0161 poklon primatelju, a podrazumijeva se da u paket ne\u0107emo prilo\u017eiti ra\u010dun tijekom isporuke. Ra\u010dun \u0107emo poslati vama. <\/p>\n<p>Detaljan opis mo\u017eete pro\u010ditati u nastavku.<\/p>\n<p>&nbsp;<\/p>\n","protected":false},"featured_media":10537,"comment_status":"open","ping_status":"closed","template":"","meta":{"site-sidebar-layout":"default","site-content-layout":"default","ast-site-content-layout":"default","site-content-style":"default","site-sidebar-style":"default","ast-global-header-display":"","ast-banner-title-visibility":"","ast-main-header-display":"","ast-hfb-above-header-display":"","ast-hfb-below-header-display":"","ast-hfb-mobile-header-display":"","site-post-title":"","ast-breadcrumbs-content":"","ast-featured-img":"","footer-sml-layout":"","ast-disable-related-posts":"","theme-transparent-header-meta":"default","adv-header-id-meta":"","stick-header-meta":"","header-above-stick-meta":"","header-main-stick-meta":"","header-below-stick-meta":"","astra-migrate-meta-layouts":"default","ast-page-background-enabled":"default","ast-page-background-meta":{"desktop":{"background-color":"","background-image":"","background-repeat":"repeat","background-position":"center center","background-size":"auto","background-attachment":"scroll","background-type":"","background-media":"","overlay-type":"","overlay-color":"","overlay-opacity":"","overlay-gradient":""},"tablet":{"background-color":"","background-image":"","background-repeat":"repeat","background-position":"center center","background-size":"auto","background-attachment":"scroll","background-type":"","background-media":"","overlay-type":"","overlay-color":"","overlay-opacity":"","overlay-gradient":""},"mobile":{"background-color":"","background-image":"","background-repeat":"repeat","background-position":"center center","background-size":"auto","background-attachment":"scroll","background-type":"","background-media":"","overlay-type":"","overlay-color":"","overlay-opacity":"","overlay-gradient":""}},"ast-content-background-meta":{"desktop":{"background-color":"var(--ast-global-color-5)","background-image":"","background-repeat":"repeat","background-position":"center center","background-size":"auto","background-attachment":"scroll","background-type":"","background-media":"","overlay-type":"","overlay-color":"","overlay-opacity":"","overlay-gradient":""},"tablet":{"background-color":"var(--ast-global-color-5)","background-image":"","background-repeat":"repeat","background-position":"center center","background-size":"auto","background-attachment":"scroll","background-type":"","background-media":"","overlay-type":"","overlay-color":"","overlay-opacity":"","overlay-gradient":""},"mobile":{"background-color":"var(--ast-global-color-5)","background-image":"","background-repeat":"repeat","background-position":"center center","background-size":"auto","background-attachment":"scroll","background-type":"","background-media":"","overlay-type":"","overlay-color":"","overlay-opacity":"","overlay-gradient":""}}},"product_brand":[],"product_cat":[358,207],"product_tag":[],"class_list":{"0":"post-6886","1":"product","2":"type-product","3":"status-publish","4":"has-post-thumbnail","6":"product_cat-nema-zaliha","7":"product_cat-pokloni-za-bozic","8":"desktop-align-left","9":"tablet-align-left","10":"mobile-align-left","12":"first","13":"outofstock","14":"taxable","15":"shipping-taxable","16":"purchasable","17":"product-type-simple"},"yoast_head":"<!-- This site is optimized with the Yoast SEO plugin v27.3 - https:\/\/yoast.com\/product\/yoast-seo-wordpress\/ -->\n<title>Ogrta\u010d za \u0161i\u0161anje brade | Jedinstveni pokloni | Le Boxi<\/title>\n<meta name=\"description\" content=\"Mu\u010de vas dlake i \u010di\u0161\u0107enje cijele kupaonice nakon brijanja? Ovaj ogrta\u010d za brijanje \u0107e va\u0161u kupaonicu uvijek odr\u017eavati besprijekornom.\" \/>\n<meta name=\"robots\" content=\"index, follow, max-snippet:-1, max-image-preview:large, max-video-preview:-1\" \/>\n<link rel=\"canonical\" href=\"https:\/\/leboxi.eu\/hr\/proizvodi\/ogrtac-za-britje-brade\/\" \/>\n<meta property=\"og:locale\" content=\"hr_HR\" \/>\n<meta property=\"og:type\" content=\"article\" \/>\n<meta property=\"og:title\" content=\"Ogrta\u010d za \u0161i\u0161anje brade | Jedinstveni pokloni | Le Boxi\" \/>\n<meta property=\"og:description\" content=\"Mu\u010de vas dlake i \u010di\u0161\u0107enje cijele kupaonice nakon brijanja? Ovaj ogrta\u010d za brijanje \u0107e va\u0161u kupaonicu uvijek odr\u017eavati besprijekornom.\" \/>\n<meta property=\"og:url\" content=\"https:\/\/leboxi.eu\/hr\/proizvodi\/ogrtac-za-britje-brade\/\" \/>\n<meta property=\"og:site_name\" content=\"Le Boxi | Unikatna darila za vsakogar\" \/>\n<meta property=\"article:publisher\" content=\"https:\/\/www.facebook.com\/leboxi.eu\" \/>\n<meta property=\"article:modified_time\" content=\"2026-01-15T15:23:23+00:00\" \/>\n<meta property=\"og:image\" content=\"https:\/\/leboxi.eu\/wp-content\/uploads\/2022\/01\/ogrinjaloz-2.jpg\" \/>\n\t<meta property=\"og:image:width\" content=\"1000\" \/>\n\t<meta property=\"og:image:height\" content=\"1000\" \/>\n\t<meta property=\"og:image:type\" content=\"image\/jpeg\" \/>\n<meta name=\"twitter:card\" content=\"summary_large_image\" \/>\n<meta name=\"twitter:label1\" content=\"Procijenjeno vrijeme \u010ditanja\" \/>\n\t<meta name=\"twitter:data1\" content=\"1 minuta\" \/>\n<script type=\"application\/ld+json\" class=\"yoast-schema-graph\">{\"@context\":\"https:\\\/\\\/schema.org\",\"@graph\":[{\"@type\":\"WebPage\",\"@id\":\"https:\\\/\\\/leboxi.eu\\\/hr\\\/proizvodi\\\/ogrtac-za-britje-brade\\\/\",\"url\":\"https:\\\/\\\/leboxi.eu\\\/hr\\\/proizvodi\\\/ogrtac-za-britje-brade\\\/\",\"name\":\"Ogrta\u010d za \u0161i\u0161anje brade | Jedinstveni pokloni | Le Boxi\",\"isPartOf\":{\"@id\":\"https:\\\/\\\/leboxi.eu\\\/hr\\\/#website\"},\"primaryImageOfPage\":{\"@id\":\"https:\\\/\\\/leboxi.eu\\\/hr\\\/proizvodi\\\/ogrtac-za-britje-brade\\\/#primaryimage\"},\"image\":{\"@id\":\"https:\\\/\\\/leboxi.eu\\\/hr\\\/proizvodi\\\/ogrtac-za-britje-brade\\\/#primaryimage\"},\"thumbnailUrl\":\"https:\\\/\\\/leboxi.eu\\\/wp-content\\\/uploads\\\/2022\\\/01\\\/ogrinjaloz-2.jpg\",\"datePublished\":\"2022-01-27T16:44:29+00:00\",\"dateModified\":\"2026-01-15T15:23:23+00:00\",\"description\":\"Mu\u010de vas dlake i \u010di\u0161\u0107enje cijele kupaonice nakon brijanja? Ovaj ogrta\u010d za brijanje \u0107e va\u0161u kupaonicu uvijek odr\u017eavati besprijekornom.\",\"breadcrumb\":{\"@id\":\"https:\\\/\\\/leboxi.eu\\\/hr\\\/proizvodi\\\/ogrtac-za-britje-brade\\\/#breadcrumb\"},\"inLanguage\":\"hr\",\"potentialAction\":[{\"@type\":\"ReadAction\",\"target\":[\"https:\\\/\\\/leboxi.eu\\\/hr\\\/proizvodi\\\/ogrtac-za-britje-brade\\\/\"]}]},{\"@type\":\"ImageObject\",\"inLanguage\":\"hr\",\"@id\":\"https:\\\/\\\/leboxi.eu\\\/hr\\\/proizvodi\\\/ogrtac-za-britje-brade\\\/#primaryimage\",\"url\":\"https:\\\/\\\/leboxi.eu\\\/wp-content\\\/uploads\\\/2022\\\/01\\\/ogrinjaloz-2.jpg\",\"contentUrl\":\"https:\\\/\\\/leboxi.eu\\\/wp-content\\\/uploads\\\/2022\\\/01\\\/ogrinjaloz-2.jpg\",\"width\":1000,\"height\":1000},{\"@type\":\"BreadcrumbList\",\"@id\":\"https:\\\/\\\/leboxi.eu\\\/hr\\\/proizvodi\\\/ogrtac-za-britje-brade\\\/#breadcrumb\",\"itemListElement\":[{\"@type\":\"ListItem\",\"position\":1,\"name\":\"Doma\",\"item\":\"https:\\\/\\\/leboxi.eu\\\/hr\\\/originalni-rodendanski-pokloni-za-zene-muskarce-i-novorodencad\\\/\"},{\"@type\":\"ListItem\",\"position\":2,\"name\":\"Trgovina\",\"item\":\"https:\\\/\\\/leboxi.eu\\\/hr\\\/trgovina\\\/\"},{\"@type\":\"ListItem\",\"position\":3,\"name\":\"Ogrta\u010d za \u0161i\u0161anje brade i kose\"}]},{\"@type\":\"WebSite\",\"@id\":\"https:\\\/\\\/leboxi.eu\\\/hr\\\/#website\",\"url\":\"https:\\\/\\\/leboxi.eu\\\/hr\\\/\",\"name\":\"Le Boxi | Unikatna darila za vsakogar\",\"description\":\"Unikatna darila in darilne \u0161katle za vse prilo\u017enosti.\",\"publisher\":{\"@id\":\"https:\\\/\\\/leboxi.eu\\\/hr\\\/#organization\"},\"potentialAction\":[{\"@type\":\"SearchAction\",\"target\":{\"@type\":\"EntryPoint\",\"urlTemplate\":\"https:\\\/\\\/leboxi.eu\\\/hr\\\/?s={search_term_string}\"},\"query-input\":{\"@type\":\"PropertyValueSpecification\",\"valueRequired\":true,\"valueName\":\"search_term_string\"}}],\"inLanguage\":\"hr\"},{\"@type\":\"Organization\",\"@id\":\"https:\\\/\\\/leboxi.eu\\\/hr\\\/#organization\",\"name\":\"LE BOXI\",\"url\":\"https:\\\/\\\/leboxi.eu\\\/hr\\\/\",\"logo\":{\"@type\":\"ImageObject\",\"inLanguage\":\"hr\",\"@id\":\"https:\\\/\\\/leboxi.eu\\\/hr\\\/#\\\/schema\\\/logo\\\/image\\\/\",\"url\":\"https:\\\/\\\/leboxi.eu\\\/wp-content\\\/uploads\\\/2021\\\/02\\\/LeBoxi-manjsi-png.png\",\"contentUrl\":\"https:\\\/\\\/leboxi.eu\\\/wp-content\\\/uploads\\\/2021\\\/02\\\/LeBoxi-manjsi-png.png\",\"width\":389,\"height\":164,\"caption\":\"LE BOXI\"},\"image\":{\"@id\":\"https:\\\/\\\/leboxi.eu\\\/hr\\\/#\\\/schema\\\/logo\\\/image\\\/\"},\"sameAs\":[\"https:\\\/\\\/www.facebook.com\\\/leboxi.eu\",\"https:\\\/\\\/www.instagram.com\\\/le.boxi\\\/\"]}]}<\/script>\n<!-- \/ Yoast SEO plugin. -->","yoast_head_json":{"title":"Ogrta\u010d za \u0161i\u0161anje brade | Jedinstveni pokloni | Le Boxi","description":"Mu\u010de vas dlake i \u010di\u0161\u0107enje cijele kupaonice nakon brijanja? Ovaj ogrta\u010d za brijanje \u0107e va\u0161u kupaonicu uvijek odr\u017eavati besprijekornom.","robots":{"index":"index","follow":"follow","max-snippet":"max-snippet:-1","max-image-preview":"max-image-preview:large","max-video-preview":"max-video-preview:-1"},"canonical":"https:\/\/leboxi.eu\/hr\/proizvodi\/ogrtac-za-britje-brade\/","og_locale":"hr_HR","og_type":"article","og_title":"Ogrta\u010d za \u0161i\u0161anje brade | Jedinstveni pokloni | Le Boxi","og_description":"Mu\u010de vas dlake i \u010di\u0161\u0107enje cijele kupaonice nakon brijanja? Ovaj ogrta\u010d za brijanje \u0107e va\u0161u kupaonicu uvijek odr\u017eavati besprijekornom.","og_url":"https:\/\/leboxi.eu\/hr\/proizvodi\/ogrtac-za-britje-brade\/","og_site_name":"Le Boxi | Unikatna darila za vsakogar","article_publisher":"https:\/\/www.facebook.com\/leboxi.eu","article_modified_time":"2026-01-15T15:23:23+00:00","og_image":[{"width":1000,"height":1000,"url":"https:\/\/leboxi.eu\/wp-content\/uploads\/2022\/01\/ogrinjaloz-2.jpg","type":"image\/jpeg"}],"twitter_card":"summary_large_image","twitter_misc":{"Procijenjeno vrijeme \u010ditanja":"1 minuta"},"schema":{"@context":"https:\/\/schema.org","@graph":[{"@type":"WebPage","@id":"https:\/\/leboxi.eu\/hr\/proizvodi\/ogrtac-za-britje-brade\/","url":"https:\/\/leboxi.eu\/hr\/proizvodi\/ogrtac-za-britje-brade\/","name":"Ogrta\u010d za \u0161i\u0161anje brade | Jedinstveni pokloni | Le Boxi","isPartOf":{"@id":"https:\/\/leboxi.eu\/hr\/#website"},"primaryImageOfPage":{"@id":"https:\/\/leboxi.eu\/hr\/proizvodi\/ogrtac-za-britje-brade\/#primaryimage"},"image":{"@id":"https:\/\/leboxi.eu\/hr\/proizvodi\/ogrtac-za-britje-brade\/#primaryimage"},"thumbnailUrl":"https:\/\/leboxi.eu\/wp-content\/uploads\/2022\/01\/ogrinjaloz-2.jpg","datePublished":"2022-01-27T16:44:29+00:00","dateModified":"2026-01-15T15:23:23+00:00","description":"Mu\u010de vas dlake i \u010di\u0161\u0107enje cijele kupaonice nakon brijanja? Ovaj ogrta\u010d za brijanje \u0107e va\u0161u kupaonicu uvijek odr\u017eavati besprijekornom.","breadcrumb":{"@id":"https:\/\/leboxi.eu\/hr\/proizvodi\/ogrtac-za-britje-brade\/#breadcrumb"},"inLanguage":"hr","potentialAction":[{"@type":"ReadAction","target":["https:\/\/leboxi.eu\/hr\/proizvodi\/ogrtac-za-britje-brade\/"]}]},{"@type":"ImageObject","inLanguage":"hr","@id":"https:\/\/leboxi.eu\/hr\/proizvodi\/ogrtac-za-britje-brade\/#primaryimage","url":"https:\/\/leboxi.eu\/wp-content\/uploads\/2022\/01\/ogrinjaloz-2.jpg","contentUrl":"https:\/\/leboxi.eu\/wp-content\/uploads\/2022\/01\/ogrinjaloz-2.jpg","width":1000,"height":1000},{"@type":"BreadcrumbList","@id":"https:\/\/leboxi.eu\/hr\/proizvodi\/ogrtac-za-britje-brade\/#breadcrumb","itemListElement":[{"@type":"ListItem","position":1,"name":"Doma","item":"https:\/\/leboxi.eu\/hr\/originalni-rodendanski-pokloni-za-zene-muskarce-i-novorodencad\/"},{"@type":"ListItem","position":2,"name":"Trgovina","item":"https:\/\/leboxi.eu\/hr\/trgovina\/"},{"@type":"ListItem","position":3,"name":"Ogrta\u010d za \u0161i\u0161anje brade i kose"}]},{"@type":"WebSite","@id":"https:\/\/leboxi.eu\/hr\/#website","url":"https:\/\/leboxi.eu\/hr\/","name":"Le Boxi | Unikatna darila za vsakogar","description":"Unikatna darila in darilne \u0161katle za vse prilo\u017enosti.","publisher":{"@id":"https:\/\/leboxi.eu\/hr\/#organization"},"potentialAction":[{"@type":"SearchAction","target":{"@type":"EntryPoint","urlTemplate":"https:\/\/leboxi.eu\/hr\/?s={search_term_string}"},"query-input":{"@type":"PropertyValueSpecification","valueRequired":true,"valueName":"search_term_string"}}],"inLanguage":"hr"},{"@type":"Organization","@id":"https:\/\/leboxi.eu\/hr\/#organization","name":"LE BOXI","url":"https:\/\/leboxi.eu\/hr\/","logo":{"@type":"ImageObject","inLanguage":"hr","@id":"https:\/\/leboxi.eu\/hr\/#\/schema\/logo\/image\/","url":"https:\/\/leboxi.eu\/wp-content\/uploads\/2021\/02\/LeBoxi-manjsi-png.png","contentUrl":"https:\/\/leboxi.eu\/wp-content\/uploads\/2021\/02\/LeBoxi-manjsi-png.png","width":389,"height":164,"caption":"LE BOXI"},"image":{"@id":"https:\/\/leboxi.eu\/hr\/#\/schema\/logo\/image\/"},"sameAs":["https:\/\/www.facebook.com\/leboxi.eu","https:\/\/www.instagram.com\/le.boxi\/"]}]}},"tiered_pricing_type":"fixed","tiered_pricing_fixed_rules":[],"tiered_pricing_product_settings":{"layout":"default","base_unit_name":{"singular":null,"plural":null},"default_variation":null},"tiered_pricing_minimum_quantity":null,"tiered_pricing_roles_data":[],"tiered_pricing_percentage_rules":[],"_links":{"self":[{"href":"https:\/\/leboxi.eu\/hr\/wp-json\/wp\/v2\/product\/6886","targetHints":{"allow":["GET"]}}],"collection":[{"href":"https:\/\/leboxi.eu\/hr\/wp-json\/wp\/v2\/product"}],"about":[{"href":"https:\/\/leboxi.eu\/hr\/wp-json\/wp\/v2\/types\/product"}],"replies":[{"embeddable":true,"href":"https:\/\/leboxi.eu\/hr\/wp-json\/wp\/v2\/comments?post=6886"}],"version-history":[{"count":0,"href":"https:\/\/leboxi.eu\/hr\/wp-json\/wp\/v2\/product\/6886\/revisions"}],"wp:featuredmedia":[{"embeddable":true,"href":"https:\/\/leboxi.eu\/hr\/wp-json\/wp\/v2\/media\/10537"}],"wp:attachment":[{"href":"https:\/\/leboxi.eu\/hr\/wp-json\/wp\/v2\/media?parent=6886"}],"wp:term":[{"taxonomy":"product_brand","embeddable":true,"href":"https:\/\/leboxi.eu\/hr\/wp-json\/wp\/v2\/product_brand?post=6886"},{"taxonomy":"product_cat","embeddable":true,"href":"https:\/\/leboxi.eu\/hr\/wp-json\/wp\/v2\/product_cat?post=6886"},{"taxonomy":"product_tag","embeddable":true,"href":"https:\/\/leboxi.eu\/hr\/wp-json\/wp\/v2\/product_tag?post=6886"}],"curies":[{"name":"wp","href":"https:\/\/api.w.org\/{rel}","templated":true}]}}