{"id":6773,"date":"2021-03-08T19:56:15","date_gmt":"2021-03-08T18:56:15","guid":{"rendered":"https:\/\/leboxi.eu\/izdelki\/minibar-u-obliku-kanistera-za-gorivo-od-10-l-zelena\/"},"modified":"2026-02-08T21:30:16","modified_gmt":"2026-02-08T20:30:16","slug":"minibar-kanister-za-gorivo","status":"publish","type":"product","link":"https:\/\/leboxi.eu\/hr\/proizvodi\/minibar-kanister-za-gorivo\/","title":{"rendered":"Minibar u obliku kanistera za gorivo od 10 L \u2013 zelena"},"content":{"rendered":"<p>Minibar u obliku spremnika za gorivo od 10 l od nehr\u0111aju\u0107eg \u010delika i drveta s pri\u010dvr\u0161\u0107enim staklenim \u010da\u0161ama. Zahvaljuju\u0107i udobnoj ru\u010dki, jednostavan je za no\u0161enje, a kvalitetno izra\u0111eno ku\u0107i\u0161te za\u0161titit \u0107e sadr\u017eaj.<\/p>\n<ul>\n<li>Sadr\u017ei dvije \u010da\u0161e za alkoholna pi\u0107a (pi\u0107a nisu uklju\u010dena!)<\/li>\n<li>Boja: zelena<\/li>\n<li>Volumen: 10 l<\/li>\n<li>Materijal: \u010delik \/ nehr\u0111aju\u0107i \u010delik i drvo<\/li>\n<li>Dimenzije : 39 x 29 x 13 cm<\/li>\n<li>Pribli\u017ena te\u017eina: 4 kg<\/li>\n<li>Prikladno za veli\u010dinu boce: promjer, duljina (odgovara ve\u0107ini boca od pribli\u017eno 0,7 l)<\/li>\n<\/ul>\n<p>U poklon kutiju mo\u017eete uklju\u010diti i <a href=\"https:\/\/leboxi.eu\/izdelki\/personalizirana-cestitka\/\"><strong>personaliziranu \u010destitku <\/strong><\/a> (+2,95 eur).<\/p>\n<p>Ukoliko \u017eelite, Va\u0161 dar \u0107emo dostaviti primatelju, ali naravno ne\u0107emo prilo\u017eiti ra\u010dun prilikom isporuke. Primit \u0107ete ga.<\/p>\n<p>&nbsp;<\/p>\n<p>Povrh svega, svoj minibar mo\u017eete nadograditi <a href=\"https:\/\/leboxi.eu\/hr\/blog\/le-boxi-proljetne-poklon-kartice-i-rodendanske-posvete\/\">poklon karticama<\/a> za izradu \u010dije upute mo\u017eete prona\u0107i na na\u0161em blogu.<\/p>\n<p><script type=\"application\/ld+json\">\n{\n  \"@context\": \"https:\/\/schema.org\/\", \n  \"@type\": \"Product\", \n  \"name\": \"Minibar posoda za gorivo 10 L - zelena\",\n  \"image\": \"https:\/\/leboxi.eu\/wp-content\/uploads\/2021\/03\/Minibar-posoda-za-gorivo.jpg\",\n  \"description\": \"Minibar v obliki 10 L posode za gorivo iz nerjave\u010dega jekla in lesa s prilo\u017eenima steklenima kozarcema. Idealno darilo za va\u0161ega prijatelja, fanta, brata ali sodelavca\u2026za katerega je vedno nemogo\u010de izbrati izvirno darilo. Minibar je ro\u010dno narejen na Nizozemskem in je primeren za \u0161tevilne prilo\u017enosti, kot so pikniki, dru\u017eenja in zabave. Zaradi svojega videza bo vedno v sredi\u0161\u010du pozornosti, hkrati pa zaradi svoje funkcionalnosti in prostornine nepogre\u0161ljiv spremljevalec povsod, kjer je zabava.<\/p>\n<p>Vanj lahko spravite:<\/p>\n<p>\u2013 dva kozarca,<\/p>\n<p>-steklenico alkoholne pija\u010de (viski, gin itd.) in<\/p>\n<p>-dve plo\u010devinki.<\/p>\n<p>\u010ce \u017eelite bomo va\u0161e darilo obdarovancu dostavili mi, seveda pa ob dostavi ne bomo prilo\u017eili ra\u010duna. Le-tega boste prejeli vi.\",\n  \"brand\": \"Le Boxi\",\n  \"sku\": \"0021\",\n  \"offers\": {\n    \"@type\": \"Offer\",\n    \"url\": \"https:\/\/leboxi.eu\/izdelki\/minibar-posoda-za-gorivo\/\",\n    \"priceCurrency\": \"EUR\",\n    \"price\": \"134\",\n    \"priceValidUntil\": \"2023-12-31\",\n    \"availability\": \"https:\/\/schema.org\/InStock\",\n    \"itemCondition\": \"https:\/\/schema.org\/NewCondition\"\n  },\n  \"aggregateRating\": {\n    \"@type\": \"AggregateRating\",\n    \"ratingValue\": \"4.9\",\n    \"bestRating\": \"5\",\n    \"worstRating\": \"1\",\n    \"ratingCount\": \"6\"\n  }\n}\n<\/script><\/p>\n<p>&nbsp;<\/p>\n","protected":false},"excerpt":{"rendered":"<p>Minibar v obliki 10 L posode za gorivo iz nerjave\u010dega jekla in lesa s prilo\u017eenima steklenima kozarcema. Idealno darilo za va\u0161ega prijatelja, fanta, brata ali sodelavca&#8230;za katerega je vedno nemogo\u010de izbrati izvirno darilo. Minibar je ro\u010dno narejen na Nizozemskem in je primeren za \u0161tevilne prilo\u017enosti, kot so pikniki, dru\u017eenja in zabave. Zaradi svojega videza bo vedno v sredi\u0161\u010du pozornosti, hkrati pa zaradi svoje funkcionalnosti in prostornine nepogre\u0161ljiv spremljevalec povsod, kjer je zabava.<\/p>\n<p>U njega mo\u017eete staviti:<\/p>\n<p>dvije \u010da\u0161e,<\/p>\n<p>bocu alkoholnog pi\u0107a (viski, gin itd.) i<\/p>\n<p>dvije limenke<\/p>\n<p>&nbsp;<\/p>\n<p>Ukoliko \u017eelite, Va\u0161 dar \u0107emo dostaviti primatelju, ali naravno ne\u0107emo prilo\u017eiti ra\u010dun prilikom isporuke. Primit \u0107ete ga.<\/p>\n<p>Detaljan opis mo\u017eete pro\u010ditati u nastavku.<\/p>\n","protected":false},"featured_media":5224,"comment_status":"open","ping_status":"closed","template":"","meta":{"site-sidebar-layout":"default","site-content-layout":"default","ast-site-content-layout":"default","site-content-style":"default","site-sidebar-style":"default","ast-global-header-display":"","ast-banner-title-visibility":"","ast-main-header-display":"","ast-hfb-above-header-display":"","ast-hfb-below-header-display":"","ast-hfb-mobile-header-display":"","site-post-title":"","ast-breadcrumbs-content":"","ast-featured-img":"","footer-sml-layout":"","ast-disable-related-posts":"","theme-transparent-header-meta":"default","adv-header-id-meta":"","stick-header-meta":"","header-above-stick-meta":"","header-main-stick-meta":"","header-below-stick-meta":"","astra-migrate-meta-layouts":"default","ast-page-background-enabled":"default","ast-page-background-meta":{"desktop":{"background-color":"","background-image":"","background-repeat":"repeat","background-position":"center center","background-size":"auto","background-attachment":"scroll","background-type":"","background-media":"","overlay-type":"","overlay-color":"","overlay-opacity":"","overlay-gradient":""},"tablet":{"background-color":"","background-image":"","background-repeat":"repeat","background-position":"center center","background-size":"auto","background-attachment":"scroll","background-type":"","background-media":"","overlay-type":"","overlay-color":"","overlay-opacity":"","overlay-gradient":""},"mobile":{"background-color":"","background-image":"","background-repeat":"repeat","background-position":"center center","background-size":"auto","background-attachment":"scroll","background-type":"","background-media":"","overlay-type":"","overlay-color":"","overlay-opacity":"","overlay-gradient":""}},"ast-content-background-meta":{"desktop":{"background-color":"var(--ast-global-color-5)","background-image":"","background-repeat":"repeat","background-position":"center center","background-size":"auto","background-attachment":"scroll","background-type":"","background-media":"","overlay-type":"","overlay-color":"","overlay-opacity":"","overlay-gradient":""},"tablet":{"background-color":"var(--ast-global-color-5)","background-image":"","background-repeat":"repeat","background-position":"center center","background-size":"auto","background-attachment":"scroll","background-type":"","background-media":"","overlay-type":"","overlay-color":"","overlay-opacity":"","overlay-gradient":""},"mobile":{"background-color":"var(--ast-global-color-5)","background-image":"","background-repeat":"repeat","background-position":"center center","background-size":"auto","background-attachment":"scroll","background-type":"","background-media":"","overlay-type":"","overlay-color":"","overlay-opacity":"","overlay-gradient":""}}},"product_brand":[],"product_cat":[274,310,225,75,306,73,227,207,213,214,209,226,208,202],"product_tag":[],"class_list":{"0":"post-6773","1":"product","2":"type-product","3":"status-publish","4":"has-post-thumbnail","6":"product_cat-akcija-hr","7":"product_cat-black-friday-hr","8":"product_cat-bozicni-pokloni-za-muskarce","9":"product_cat-muski","10":"product_cat-najprodavaniji","11":"product_cat-opcenito","12":"product_cat-poklon-za-valentinovo-za-njega","13":"product_cat-pokloni-za-bozic","14":"product_cat-pokloni-za-decka","15":"product_cat-pokloni-za-muskarce","16":"product_cat-pokloni-za-rodendan-hr","17":"product_cat-pokloni-za-rodendan-za-muskarce","18":"product_cat-pokloni-za-valentinovo","19":"product_cat-prilike","20":"desktop-align-left","21":"tablet-align-left","22":"mobile-align-left","24":"first","25":"instock","26":"sale","27":"featured","28":"taxable","29":"shipping-taxable","30":"purchasable","31":"product-type-simple"},"yoast_head":"<!-- This site is optimized with the Yoast SEO plugin v27.3 - https:\/\/yoast.com\/product\/yoast-seo-wordpress\/ -->\n<title>Minibar | Le Boxi | Unikatna darila za vsakogar<\/title>\n<meta name=\"description\" content=\"Minibar u obliku spremnika za gorivo od 10 l od nehr\u0111aju\u0107eg \u010delika i drveta s pri\u010dvr\u0161\u0107enim staklenim \u010da\u0161ama. Jednostavan za no\u0161enje i kvalitetno ku\u0107i\u0161te.\" \/>\n<meta name=\"robots\" content=\"index, follow, max-snippet:-1, max-image-preview:large, max-video-preview:-1\" \/>\n<link rel=\"canonical\" href=\"https:\/\/leboxi.eu\/hr\/proizvodi\/minibar-kanister-za-gorivo\/\" \/>\n<meta property=\"og:locale\" content=\"hr_HR\" \/>\n<meta property=\"og:type\" content=\"article\" \/>\n<meta property=\"og:title\" content=\"Minibar | Le Boxi | Unikatna darila za vsakogar\" \/>\n<meta property=\"og:description\" content=\"Minibar u obliku spremnika za gorivo od 10 l od nehr\u0111aju\u0107eg \u010delika i drveta s pri\u010dvr\u0161\u0107enim staklenim \u010da\u0161ama. Jednostavan za no\u0161enje i kvalitetno ku\u0107i\u0161te.\" \/>\n<meta property=\"og:url\" content=\"https:\/\/leboxi.eu\/hr\/proizvodi\/minibar-kanister-za-gorivo\/\" \/>\n<meta property=\"og:site_name\" content=\"Le Boxi | Unikatna darila za vsakogar\" \/>\n<meta property=\"article:publisher\" content=\"https:\/\/www.facebook.com\/leboxi.eu\" \/>\n<meta property=\"article:modified_time\" content=\"2026-02-08T20:30:16+00:00\" \/>\n<meta property=\"og:image\" content=\"https:\/\/leboxi.eu\/wp-content\/uploads\/2021\/03\/Minibar-posoda-za-gorivo.jpg\" \/>\n\t<meta property=\"og:image:width\" content=\"1000\" \/>\n\t<meta property=\"og:image:height\" content=\"1000\" \/>\n\t<meta property=\"og:image:type\" content=\"image\/jpeg\" \/>\n<meta name=\"twitter:card\" content=\"summary_large_image\" \/>\n<meta name=\"twitter:label1\" content=\"Procijenjeno vrijeme \u010ditanja\" \/>\n\t<meta name=\"twitter:data1\" content=\"1 minuta\" \/>\n<script type=\"application\/ld+json\" class=\"yoast-schema-graph\">{\"@context\":\"https:\\\/\\\/schema.org\",\"@graph\":[{\"@type\":\"WebPage\",\"@id\":\"https:\\\/\\\/leboxi.eu\\\/hr\\\/proizvodi\\\/minibar-kanister-za-gorivo\\\/\",\"url\":\"https:\\\/\\\/leboxi.eu\\\/hr\\\/proizvodi\\\/minibar-kanister-za-gorivo\\\/\",\"name\":\"Minibar | Le Boxi | Unikatna darila za vsakogar\",\"isPartOf\":{\"@id\":\"https:\\\/\\\/leboxi.eu\\\/hr\\\/#website\"},\"primaryImageOfPage\":{\"@id\":\"https:\\\/\\\/leboxi.eu\\\/hr\\\/proizvodi\\\/minibar-kanister-za-gorivo\\\/#primaryimage\"},\"image\":{\"@id\":\"https:\\\/\\\/leboxi.eu\\\/hr\\\/proizvodi\\\/minibar-kanister-za-gorivo\\\/#primaryimage\"},\"thumbnailUrl\":\"https:\\\/\\\/leboxi.eu\\\/wp-content\\\/uploads\\\/2021\\\/03\\\/Minibar-posoda-za-gorivo.jpg\",\"datePublished\":\"2021-03-08T18:56:15+00:00\",\"dateModified\":\"2026-02-08T20:30:16+00:00\",\"description\":\"Minibar u obliku spremnika za gorivo od 10 l od nehr\u0111aju\u0107eg \u010delika i drveta s pri\u010dvr\u0161\u0107enim staklenim \u010da\u0161ama. Jednostavan za no\u0161enje i kvalitetno ku\u0107i\u0161te.\",\"breadcrumb\":{\"@id\":\"https:\\\/\\\/leboxi.eu\\\/hr\\\/proizvodi\\\/minibar-kanister-za-gorivo\\\/#breadcrumb\"},\"inLanguage\":\"hr\",\"potentialAction\":[{\"@type\":\"ReadAction\",\"target\":[\"https:\\\/\\\/leboxi.eu\\\/hr\\\/proizvodi\\\/minibar-kanister-za-gorivo\\\/\"]}]},{\"@type\":\"ImageObject\",\"inLanguage\":\"hr\",\"@id\":\"https:\\\/\\\/leboxi.eu\\\/hr\\\/proizvodi\\\/minibar-kanister-za-gorivo\\\/#primaryimage\",\"url\":\"https:\\\/\\\/leboxi.eu\\\/wp-content\\\/uploads\\\/2021\\\/03\\\/Minibar-posoda-za-gorivo.jpg\",\"contentUrl\":\"https:\\\/\\\/leboxi.eu\\\/wp-content\\\/uploads\\\/2021\\\/03\\\/Minibar-posoda-za-gorivo.jpg\",\"width\":1000,\"height\":1000},{\"@type\":\"BreadcrumbList\",\"@id\":\"https:\\\/\\\/leboxi.eu\\\/hr\\\/proizvodi\\\/minibar-kanister-za-gorivo\\\/#breadcrumb\",\"itemListElement\":[{\"@type\":\"ListItem\",\"position\":1,\"name\":\"Doma\",\"item\":\"https:\\\/\\\/leboxi.eu\\\/hr\\\/originalni-rodendanski-pokloni-za-zene-muskarce-i-novorodencad\\\/\"},{\"@type\":\"ListItem\",\"position\":2,\"name\":\"Trgovina\",\"item\":\"https:\\\/\\\/leboxi.eu\\\/hr\\\/trgovina\\\/\"},{\"@type\":\"ListItem\",\"position\":3,\"name\":\"Minibar u obliku kanistera za gorivo od 10 L \u2013 zelena\"}]},{\"@type\":\"WebSite\",\"@id\":\"https:\\\/\\\/leboxi.eu\\\/hr\\\/#website\",\"url\":\"https:\\\/\\\/leboxi.eu\\\/hr\\\/\",\"name\":\"Le Boxi | Unikatna darila za vsakogar\",\"description\":\"Unikatna darila in darilne \u0161katle za vse prilo\u017enosti.\",\"publisher\":{\"@id\":\"https:\\\/\\\/leboxi.eu\\\/hr\\\/#organization\"},\"potentialAction\":[{\"@type\":\"SearchAction\",\"target\":{\"@type\":\"EntryPoint\",\"urlTemplate\":\"https:\\\/\\\/leboxi.eu\\\/hr\\\/?s={search_term_string}\"},\"query-input\":{\"@type\":\"PropertyValueSpecification\",\"valueRequired\":true,\"valueName\":\"search_term_string\"}}],\"inLanguage\":\"hr\"},{\"@type\":\"Organization\",\"@id\":\"https:\\\/\\\/leboxi.eu\\\/hr\\\/#organization\",\"name\":\"LE BOXI\",\"url\":\"https:\\\/\\\/leboxi.eu\\\/hr\\\/\",\"logo\":{\"@type\":\"ImageObject\",\"inLanguage\":\"hr\",\"@id\":\"https:\\\/\\\/leboxi.eu\\\/hr\\\/#\\\/schema\\\/logo\\\/image\\\/\",\"url\":\"https:\\\/\\\/leboxi.eu\\\/wp-content\\\/uploads\\\/2021\\\/02\\\/LeBoxi-manjsi-png.png\",\"contentUrl\":\"https:\\\/\\\/leboxi.eu\\\/wp-content\\\/uploads\\\/2021\\\/02\\\/LeBoxi-manjsi-png.png\",\"width\":389,\"height\":164,\"caption\":\"LE BOXI\"},\"image\":{\"@id\":\"https:\\\/\\\/leboxi.eu\\\/hr\\\/#\\\/schema\\\/logo\\\/image\\\/\"},\"sameAs\":[\"https:\\\/\\\/www.facebook.com\\\/leboxi.eu\",\"https:\\\/\\\/www.instagram.com\\\/le.boxi\\\/\"]}]}<\/script>\n<!-- \/ Yoast SEO plugin. -->","yoast_head_json":{"title":"Minibar | Le Boxi | Unikatna darila za vsakogar","description":"Minibar u obliku spremnika za gorivo od 10 l od nehr\u0111aju\u0107eg \u010delika i drveta s pri\u010dvr\u0161\u0107enim staklenim \u010da\u0161ama. Jednostavan za no\u0161enje i kvalitetno ku\u0107i\u0161te.","robots":{"index":"index","follow":"follow","max-snippet":"max-snippet:-1","max-image-preview":"max-image-preview:large","max-video-preview":"max-video-preview:-1"},"canonical":"https:\/\/leboxi.eu\/hr\/proizvodi\/minibar-kanister-za-gorivo\/","og_locale":"hr_HR","og_type":"article","og_title":"Minibar | Le Boxi | Unikatna darila za vsakogar","og_description":"Minibar u obliku spremnika za gorivo od 10 l od nehr\u0111aju\u0107eg \u010delika i drveta s pri\u010dvr\u0161\u0107enim staklenim \u010da\u0161ama. Jednostavan za no\u0161enje i kvalitetno ku\u0107i\u0161te.","og_url":"https:\/\/leboxi.eu\/hr\/proizvodi\/minibar-kanister-za-gorivo\/","og_site_name":"Le Boxi | Unikatna darila za vsakogar","article_publisher":"https:\/\/www.facebook.com\/leboxi.eu","article_modified_time":"2026-02-08T20:30:16+00:00","og_image":[{"width":1000,"height":1000,"url":"https:\/\/leboxi.eu\/wp-content\/uploads\/2021\/03\/Minibar-posoda-za-gorivo.jpg","type":"image\/jpeg"}],"twitter_card":"summary_large_image","twitter_misc":{"Procijenjeno vrijeme \u010ditanja":"1 minuta"},"schema":{"@context":"https:\/\/schema.org","@graph":[{"@type":"WebPage","@id":"https:\/\/leboxi.eu\/hr\/proizvodi\/minibar-kanister-za-gorivo\/","url":"https:\/\/leboxi.eu\/hr\/proizvodi\/minibar-kanister-za-gorivo\/","name":"Minibar | Le Boxi | Unikatna darila za vsakogar","isPartOf":{"@id":"https:\/\/leboxi.eu\/hr\/#website"},"primaryImageOfPage":{"@id":"https:\/\/leboxi.eu\/hr\/proizvodi\/minibar-kanister-za-gorivo\/#primaryimage"},"image":{"@id":"https:\/\/leboxi.eu\/hr\/proizvodi\/minibar-kanister-za-gorivo\/#primaryimage"},"thumbnailUrl":"https:\/\/leboxi.eu\/wp-content\/uploads\/2021\/03\/Minibar-posoda-za-gorivo.jpg","datePublished":"2021-03-08T18:56:15+00:00","dateModified":"2026-02-08T20:30:16+00:00","description":"Minibar u obliku spremnika za gorivo od 10 l od nehr\u0111aju\u0107eg \u010delika i drveta s pri\u010dvr\u0161\u0107enim staklenim \u010da\u0161ama. Jednostavan za no\u0161enje i kvalitetno ku\u0107i\u0161te.","breadcrumb":{"@id":"https:\/\/leboxi.eu\/hr\/proizvodi\/minibar-kanister-za-gorivo\/#breadcrumb"},"inLanguage":"hr","potentialAction":[{"@type":"ReadAction","target":["https:\/\/leboxi.eu\/hr\/proizvodi\/minibar-kanister-za-gorivo\/"]}]},{"@type":"ImageObject","inLanguage":"hr","@id":"https:\/\/leboxi.eu\/hr\/proizvodi\/minibar-kanister-za-gorivo\/#primaryimage","url":"https:\/\/leboxi.eu\/wp-content\/uploads\/2021\/03\/Minibar-posoda-za-gorivo.jpg","contentUrl":"https:\/\/leboxi.eu\/wp-content\/uploads\/2021\/03\/Minibar-posoda-za-gorivo.jpg","width":1000,"height":1000},{"@type":"BreadcrumbList","@id":"https:\/\/leboxi.eu\/hr\/proizvodi\/minibar-kanister-za-gorivo\/#breadcrumb","itemListElement":[{"@type":"ListItem","position":1,"name":"Doma","item":"https:\/\/leboxi.eu\/hr\/originalni-rodendanski-pokloni-za-zene-muskarce-i-novorodencad\/"},{"@type":"ListItem","position":2,"name":"Trgovina","item":"https:\/\/leboxi.eu\/hr\/trgovina\/"},{"@type":"ListItem","position":3,"name":"Minibar u obliku kanistera za gorivo od 10 L \u2013 zelena"}]},{"@type":"WebSite","@id":"https:\/\/leboxi.eu\/hr\/#website","url":"https:\/\/leboxi.eu\/hr\/","name":"Le Boxi | Unikatna darila za vsakogar","description":"Unikatna darila in darilne \u0161katle za vse prilo\u017enosti.","publisher":{"@id":"https:\/\/leboxi.eu\/hr\/#organization"},"potentialAction":[{"@type":"SearchAction","target":{"@type":"EntryPoint","urlTemplate":"https:\/\/leboxi.eu\/hr\/?s={search_term_string}"},"query-input":{"@type":"PropertyValueSpecification","valueRequired":true,"valueName":"search_term_string"}}],"inLanguage":"hr"},{"@type":"Organization","@id":"https:\/\/leboxi.eu\/hr\/#organization","name":"LE BOXI","url":"https:\/\/leboxi.eu\/hr\/","logo":{"@type":"ImageObject","inLanguage":"hr","@id":"https:\/\/leboxi.eu\/hr\/#\/schema\/logo\/image\/","url":"https:\/\/leboxi.eu\/wp-content\/uploads\/2021\/02\/LeBoxi-manjsi-png.png","contentUrl":"https:\/\/leboxi.eu\/wp-content\/uploads\/2021\/02\/LeBoxi-manjsi-png.png","width":389,"height":164,"caption":"LE BOXI"},"image":{"@id":"https:\/\/leboxi.eu\/hr\/#\/schema\/logo\/image\/"},"sameAs":["https:\/\/www.facebook.com\/leboxi.eu","https:\/\/www.instagram.com\/le.boxi\/"]}]}},"tiered_pricing_type":"fixed","tiered_pricing_fixed_rules":[],"tiered_pricing_product_settings":{"layout":"default","base_unit_name":{"singular":null,"plural":null},"default_variation":null},"tiered_pricing_minimum_quantity":null,"tiered_pricing_roles_data":[],"tiered_pricing_percentage_rules":[],"_links":{"self":[{"href":"https:\/\/leboxi.eu\/hr\/wp-json\/wp\/v2\/product\/6773","targetHints":{"allow":["GET"]}}],"collection":[{"href":"https:\/\/leboxi.eu\/hr\/wp-json\/wp\/v2\/product"}],"about":[{"href":"https:\/\/leboxi.eu\/hr\/wp-json\/wp\/v2\/types\/product"}],"replies":[{"embeddable":true,"href":"https:\/\/leboxi.eu\/hr\/wp-json\/wp\/v2\/comments?post=6773"}],"version-history":[{"count":0,"href":"https:\/\/leboxi.eu\/hr\/wp-json\/wp\/v2\/product\/6773\/revisions"}],"wp:featuredmedia":[{"embeddable":true,"href":"https:\/\/leboxi.eu\/hr\/wp-json\/wp\/v2\/media\/5224"}],"wp:attachment":[{"href":"https:\/\/leboxi.eu\/hr\/wp-json\/wp\/v2\/media?parent=6773"}],"wp:term":[{"taxonomy":"product_brand","embeddable":true,"href":"https:\/\/leboxi.eu\/hr\/wp-json\/wp\/v2\/product_brand?post=6773"},{"taxonomy":"product_cat","embeddable":true,"href":"https:\/\/leboxi.eu\/hr\/wp-json\/wp\/v2\/product_cat?post=6773"},{"taxonomy":"product_tag","embeddable":true,"href":"https:\/\/leboxi.eu\/hr\/wp-json\/wp\/v2\/product_tag?post=6773"}],"curies":[{"name":"wp","href":"https:\/\/api.w.org\/{rel}","templated":true}]}}