{"id":28555,"date":"2023-11-21T14:16:38","date_gmt":"2023-11-21T13:16:38","guid":{"rendered":"https:\/\/leboxi.eu\/izdelek\/blagdanska-cestitka-podrgni-i-otkrij\/"},"modified":"2025-12-14T21:12:00","modified_gmt":"2025-12-14T20:12:00","slug":"blagdanska-cestitka-podrgni-i-otkrij","status":"publish","type":"product","link":"https:\/\/leboxi.eu\/hr\/proizvodi\/blagdanska-cestitka-podrgni-i-otkrij\/","title":{"rendered":"Blagdanska \u010destitka &#8211; podrgni i otkrij"},"content":{"rendered":"<p>Ova bo\u017ei\u0107na \u010destitka sigurno \u0107e biti poklon koji jo\u0161 dugo ne\u0107e zaboraviti. <img decoding=\"async\" class=\"emoji\" role=\"img\" src=\"https:\/\/s.w.org\/images\/core\/emoji\/13.1.0\/svg\/1f609.svg\" alt=\"????\" \/>.<\/p>\n","protected":false},"excerpt":{"rendered":"<p style=\"font-weight: 400;\">Ova neprikladna blagdanska \u010destitka &#8220;trljaj me&#8221; zabavan je, jedinstven i seksi dodatak bo\u017ei\u0107noj ve\u010deri!<\/p>\n<p style=\"font-weight: 400;\">Poklonite ga kao zaseban poklon ili kao zavr\u0161ni detalj va\u0161eg bo\u017ei\u0107nog poklona. To \u0107e sigurno biti bo\u017ei\u0107ni dar koji vas dvoje ne\u0107ete dugo zaboraviti. Veli\u010dina kartice je 148 x 105 mm i nalazi se u omotnici. Na posljednjoj (praznoj) stranici mo\u017eete dodati svoju vru\u0107u poruku. 100% seksi, 100% zabavan i 100% nezaboravan poklon za vas oboje!<\/p>\n<p style=\"font-weight: 400;\">Ako \u017eelite, poklon mo\u017eemo dostaviti izravno primatelju. Ra\u010dun ne\u0107emo prilo\u017eiti uz dostavu, ve\u0107 \u0107emo ga poslati vama.<\/p>\n<p>&nbsp;<\/p>\n<p>&nbsp;<\/p>\n","protected":false},"featured_media":5625,"comment_status":"open","ping_status":"closed","template":"","meta":{"site-sidebar-layout":"default","site-content-layout":"","ast-site-content-layout":"default","site-content-style":"default","site-sidebar-style":"default","ast-global-header-display":"","ast-banner-title-visibility":"","ast-main-header-display":"","ast-hfb-above-header-display":"","ast-hfb-below-header-display":"","ast-hfb-mobile-header-display":"","site-post-title":"","ast-breadcrumbs-content":"","ast-featured-img":"","footer-sml-layout":"","ast-disable-related-posts":"","theme-transparent-header-meta":"default","adv-header-id-meta":"","stick-header-meta":"","header-above-stick-meta":"","header-main-stick-meta":"","header-below-stick-meta":"","astra-migrate-meta-layouts":"set","ast-page-background-enabled":"default","ast-page-background-meta":{"desktop":{"background-color":"","background-image":"","background-repeat":"repeat","background-position":"center center","background-size":"auto","background-attachment":"scroll","background-type":"","background-media":"","overlay-type":"","overlay-color":"","overlay-opacity":"","overlay-gradient":""},"tablet":{"background-color":"","background-image":"","background-repeat":"repeat","background-position":"center center","background-size":"auto","background-attachment":"scroll","background-type":"","background-media":"","overlay-type":"","overlay-color":"","overlay-opacity":"","overlay-gradient":""},"mobile":{"background-color":"","background-image":"","background-repeat":"repeat","background-position":"center center","background-size":"auto","background-attachment":"scroll","background-type":"","background-media":"","overlay-type":"","overlay-color":"","overlay-opacity":"","overlay-gradient":""}},"ast-content-background-meta":{"desktop":{"background-color":"var(--ast-global-color-5)","background-image":"","background-repeat":"repeat","background-position":"center center","background-size":"auto","background-attachment":"scroll","background-type":"","background-media":"","overlay-type":"","overlay-color":"","overlay-opacity":"","overlay-gradient":""},"tablet":{"background-color":"var(--ast-global-color-5)","background-image":"","background-repeat":"repeat","background-position":"center center","background-size":"auto","background-attachment":"scroll","background-type":"","background-media":"","overlay-type":"","overlay-color":"","overlay-opacity":"","overlay-gradient":""},"mobile":{"background-color":"var(--ast-global-color-5)","background-image":"","background-repeat":"repeat","background-position":"center center","background-size":"auto","background-attachment":"scroll","background-type":"","background-media":"","overlay-type":"","overlay-color":"","overlay-opacity":"","overlay-gradient":""}}},"product_brand":[],"product_cat":[225,212,75,308,74,73,207,213,201,214,209,226,210,198,202,222,228,87],"product_tag":[],"class_list":{"0":"post-28555","1":"product","2":"type-product","3":"status-publish","4":"has-post-thumbnail","6":"product_cat-bozicni-pokloni-za-muskarce","7":"product_cat-bozicni-pokloni-za-zene","8":"product_cat-muski","9":"product_cat-nepristojne-cestitke","10":"product_cat-nepristojni","11":"product_cat-opcenito","12":"product_cat-pokloni-za-bozic","13":"product_cat-pokloni-za-decka","14":"product_cat-pokloni-za-djevojku","15":"product_cat-pokloni-za-muskarce","16":"product_cat-pokloni-za-rodendan-hr","17":"product_cat-pokloni-za-rodendan-za-muskarce","18":"product_cat-pokloni-za-rodendan-za-zene","19":"product_cat-pokloni-za-zene","20":"product_cat-prilike","21":"product_cat-smijesni-darovi","22":"product_cat-smijesni-pokloni-za-bozic","23":"product_cat-zene","24":"desktop-align-left","25":"tablet-align-left","26":"mobile-align-left","28":"first","29":"instock","30":"taxable","31":"shipping-taxable","32":"purchasable","33":"product-type-simple"},"yoast_head":"<!-- This site is optimized with the Yoast SEO plugin v27.3 - https:\/\/yoast.com\/product\/yoast-seo-wordpress\/ -->\n<title>Le Boxi | Unikatna darila za vsakogar<\/title>\n<meta name=\"robots\" content=\"index, follow, max-snippet:-1, max-image-preview:large, max-video-preview:-1\" \/>\n<link rel=\"canonical\" href=\"https:\/\/leboxi.eu\/hr\/proizvodi\/blagdanska-cestitka-podrgni-i-otkrij\/\" \/>\n<meta property=\"og:locale\" content=\"hr_HR\" \/>\n<meta property=\"og:type\" content=\"article\" \/>\n<meta property=\"og:title\" content=\"Le Boxi | Unikatna darila za vsakogar\" \/>\n<meta property=\"og:description\" content=\"Ova neprikladna blagdanska \u010destitka &quot;trljaj me&quot; zabavan je, jedinstven i seksi dodatak bo\u017ei\u0107noj ve\u010deri! Poklonite ga kao zaseban poklon ili kao zavr\u0161ni detalj va\u0161eg bo\u017ei\u0107nog poklona. To \u0107e sigurno biti bo\u017ei\u0107ni dar koji vas dvoje ne\u0107ete dugo zaboraviti. Veli\u010dina kartice je 148 x 105 mm i nalazi se u omotnici. Na posljednjoj (praznoj) stranici mo\u017eete dodati svoju vru\u0107u poruku. 100% seksi, 100% zabavan i 100% nezaboravan poklon za vas oboje! Ako \u017eelite, poklon mo\u017eemo dostaviti izravno primatelju. Ra\u010dun ne\u0107emo prilo\u017eiti uz dostavu, ve\u0107 \u0107emo ga poslati vama. &nbsp;  &nbsp;\" \/>\n<meta property=\"og:url\" content=\"https:\/\/leboxi.eu\/hr\/proizvodi\/blagdanska-cestitka-podrgni-i-otkrij\/\" \/>\n<meta property=\"og:site_name\" content=\"Le Boxi | Unikatna darila za vsakogar\" \/>\n<meta property=\"article:publisher\" content=\"https:\/\/www.facebook.com\/leboxi.eu\" \/>\n<meta property=\"article:modified_time\" content=\"2025-12-14T20:12:00+00:00\" \/>\n<meta property=\"og:image\" content=\"https:\/\/leboxi.eu\/wp-content\/uploads\/2025\/12\/12-1.jpg\" \/>\n\t<meta property=\"og:image:width\" content=\"750\" \/>\n\t<meta property=\"og:image:height\" content=\"750\" \/>\n\t<meta property=\"og:image:type\" content=\"image\/jpeg\" \/>\n<meta name=\"twitter:card\" content=\"summary_large_image\" \/>\n<script type=\"application\/ld+json\" class=\"yoast-schema-graph\">{\"@context\":\"https:\\\/\\\/schema.org\",\"@graph\":[{\"@type\":\"WebPage\",\"@id\":\"https:\\\/\\\/leboxi.eu\\\/hr\\\/proizvodi\\\/blagdanska-cestitka-podrgni-i-otkrij\\\/\",\"url\":\"https:\\\/\\\/leboxi.eu\\\/hr\\\/proizvodi\\\/blagdanska-cestitka-podrgni-i-otkrij\\\/\",\"name\":\"Le Boxi | Unikatna darila za vsakogar\",\"isPartOf\":{\"@id\":\"https:\\\/\\\/leboxi.eu\\\/hr\\\/#website\"},\"primaryImageOfPage\":{\"@id\":\"https:\\\/\\\/leboxi.eu\\\/hr\\\/proizvodi\\\/blagdanska-cestitka-podrgni-i-otkrij\\\/#primaryimage\"},\"image\":{\"@id\":\"https:\\\/\\\/leboxi.eu\\\/hr\\\/proizvodi\\\/blagdanska-cestitka-podrgni-i-otkrij\\\/#primaryimage\"},\"thumbnailUrl\":\"https:\\\/\\\/leboxi.eu\\\/wp-content\\\/uploads\\\/2025\\\/12\\\/12-1.jpg\",\"datePublished\":\"2023-11-21T13:16:38+00:00\",\"dateModified\":\"2025-12-14T20:12:00+00:00\",\"breadcrumb\":{\"@id\":\"https:\\\/\\\/leboxi.eu\\\/hr\\\/proizvodi\\\/blagdanska-cestitka-podrgni-i-otkrij\\\/#breadcrumb\"},\"inLanguage\":\"hr\",\"potentialAction\":[{\"@type\":\"ReadAction\",\"target\":[\"https:\\\/\\\/leboxi.eu\\\/hr\\\/proizvodi\\\/blagdanska-cestitka-podrgni-i-otkrij\\\/\"]}]},{\"@type\":\"ImageObject\",\"inLanguage\":\"hr\",\"@id\":\"https:\\\/\\\/leboxi.eu\\\/hr\\\/proizvodi\\\/blagdanska-cestitka-podrgni-i-otkrij\\\/#primaryimage\",\"url\":\"https:\\\/\\\/leboxi.eu\\\/wp-content\\\/uploads\\\/2025\\\/12\\\/12-1.jpg\",\"contentUrl\":\"https:\\\/\\\/leboxi.eu\\\/wp-content\\\/uploads\\\/2025\\\/12\\\/12-1.jpg\",\"width\":750,\"height\":750},{\"@type\":\"BreadcrumbList\",\"@id\":\"https:\\\/\\\/leboxi.eu\\\/hr\\\/proizvodi\\\/blagdanska-cestitka-podrgni-i-otkrij\\\/#breadcrumb\",\"itemListElement\":[{\"@type\":\"ListItem\",\"position\":1,\"name\":\"Doma\",\"item\":\"https:\\\/\\\/leboxi.eu\\\/hr\\\/originalni-rodendanski-pokloni-za-zene-muskarce-i-novorodencad\\\/\"},{\"@type\":\"ListItem\",\"position\":2,\"name\":\"Trgovina\",\"item\":\"https:\\\/\\\/leboxi.eu\\\/hr\\\/trgovina\\\/\"},{\"@type\":\"ListItem\",\"position\":3,\"name\":\"Blagdanska \u010destitka &#8211; podrgni i otkrij\"}]},{\"@type\":\"WebSite\",\"@id\":\"https:\\\/\\\/leboxi.eu\\\/hr\\\/#website\",\"url\":\"https:\\\/\\\/leboxi.eu\\\/hr\\\/\",\"name\":\"Le Boxi | Unikatna darila za vsakogar\",\"description\":\"Unikatna darila in darilne \u0161katle za vse prilo\u017enosti.\",\"publisher\":{\"@id\":\"https:\\\/\\\/leboxi.eu\\\/hr\\\/#organization\"},\"potentialAction\":[{\"@type\":\"SearchAction\",\"target\":{\"@type\":\"EntryPoint\",\"urlTemplate\":\"https:\\\/\\\/leboxi.eu\\\/hr\\\/?s={search_term_string}\"},\"query-input\":{\"@type\":\"PropertyValueSpecification\",\"valueRequired\":true,\"valueName\":\"search_term_string\"}}],\"inLanguage\":\"hr\"},{\"@type\":\"Organization\",\"@id\":\"https:\\\/\\\/leboxi.eu\\\/hr\\\/#organization\",\"name\":\"LE BOXI\",\"url\":\"https:\\\/\\\/leboxi.eu\\\/hr\\\/\",\"logo\":{\"@type\":\"ImageObject\",\"inLanguage\":\"hr\",\"@id\":\"https:\\\/\\\/leboxi.eu\\\/hr\\\/#\\\/schema\\\/logo\\\/image\\\/\",\"url\":\"https:\\\/\\\/leboxi.eu\\\/wp-content\\\/uploads\\\/2021\\\/02\\\/LeBoxi-manjsi-png.png\",\"contentUrl\":\"https:\\\/\\\/leboxi.eu\\\/wp-content\\\/uploads\\\/2021\\\/02\\\/LeBoxi-manjsi-png.png\",\"width\":389,\"height\":164,\"caption\":\"LE BOXI\"},\"image\":{\"@id\":\"https:\\\/\\\/leboxi.eu\\\/hr\\\/#\\\/schema\\\/logo\\\/image\\\/\"},\"sameAs\":[\"https:\\\/\\\/www.facebook.com\\\/leboxi.eu\",\"https:\\\/\\\/www.instagram.com\\\/le.boxi\\\/\"]}]}<\/script>\n<!-- \/ Yoast SEO plugin. -->","yoast_head_json":{"title":"Le Boxi | Unikatna darila za vsakogar","robots":{"index":"index","follow":"follow","max-snippet":"max-snippet:-1","max-image-preview":"max-image-preview:large","max-video-preview":"max-video-preview:-1"},"canonical":"https:\/\/leboxi.eu\/hr\/proizvodi\/blagdanska-cestitka-podrgni-i-otkrij\/","og_locale":"hr_HR","og_type":"article","og_title":"Le Boxi | Unikatna darila za vsakogar","og_description":"Ova neprikladna blagdanska \u010destitka \"trljaj me\" zabavan je, jedinstven i seksi dodatak bo\u017ei\u0107noj ve\u010deri! Poklonite ga kao zaseban poklon ili kao zavr\u0161ni detalj va\u0161eg bo\u017ei\u0107nog poklona. To \u0107e sigurno biti bo\u017ei\u0107ni dar koji vas dvoje ne\u0107ete dugo zaboraviti. Veli\u010dina kartice je 148 x 105 mm i nalazi se u omotnici. Na posljednjoj (praznoj) stranici mo\u017eete dodati svoju vru\u0107u poruku. 100% seksi, 100% zabavan i 100% nezaboravan poklon za vas oboje! Ako \u017eelite, poklon mo\u017eemo dostaviti izravno primatelju. Ra\u010dun ne\u0107emo prilo\u017eiti uz dostavu, ve\u0107 \u0107emo ga poslati vama. &nbsp;  &nbsp;","og_url":"https:\/\/leboxi.eu\/hr\/proizvodi\/blagdanska-cestitka-podrgni-i-otkrij\/","og_site_name":"Le Boxi | Unikatna darila za vsakogar","article_publisher":"https:\/\/www.facebook.com\/leboxi.eu","article_modified_time":"2025-12-14T20:12:00+00:00","og_image":[{"width":750,"height":750,"url":"https:\/\/leboxi.eu\/wp-content\/uploads\/2025\/12\/12-1.jpg","type":"image\/jpeg"}],"twitter_card":"summary_large_image","schema":{"@context":"https:\/\/schema.org","@graph":[{"@type":"WebPage","@id":"https:\/\/leboxi.eu\/hr\/proizvodi\/blagdanska-cestitka-podrgni-i-otkrij\/","url":"https:\/\/leboxi.eu\/hr\/proizvodi\/blagdanska-cestitka-podrgni-i-otkrij\/","name":"Le Boxi | Unikatna darila za vsakogar","isPartOf":{"@id":"https:\/\/leboxi.eu\/hr\/#website"},"primaryImageOfPage":{"@id":"https:\/\/leboxi.eu\/hr\/proizvodi\/blagdanska-cestitka-podrgni-i-otkrij\/#primaryimage"},"image":{"@id":"https:\/\/leboxi.eu\/hr\/proizvodi\/blagdanska-cestitka-podrgni-i-otkrij\/#primaryimage"},"thumbnailUrl":"https:\/\/leboxi.eu\/wp-content\/uploads\/2025\/12\/12-1.jpg","datePublished":"2023-11-21T13:16:38+00:00","dateModified":"2025-12-14T20:12:00+00:00","breadcrumb":{"@id":"https:\/\/leboxi.eu\/hr\/proizvodi\/blagdanska-cestitka-podrgni-i-otkrij\/#breadcrumb"},"inLanguage":"hr","potentialAction":[{"@type":"ReadAction","target":["https:\/\/leboxi.eu\/hr\/proizvodi\/blagdanska-cestitka-podrgni-i-otkrij\/"]}]},{"@type":"ImageObject","inLanguage":"hr","@id":"https:\/\/leboxi.eu\/hr\/proizvodi\/blagdanska-cestitka-podrgni-i-otkrij\/#primaryimage","url":"https:\/\/leboxi.eu\/wp-content\/uploads\/2025\/12\/12-1.jpg","contentUrl":"https:\/\/leboxi.eu\/wp-content\/uploads\/2025\/12\/12-1.jpg","width":750,"height":750},{"@type":"BreadcrumbList","@id":"https:\/\/leboxi.eu\/hr\/proizvodi\/blagdanska-cestitka-podrgni-i-otkrij\/#breadcrumb","itemListElement":[{"@type":"ListItem","position":1,"name":"Doma","item":"https:\/\/leboxi.eu\/hr\/originalni-rodendanski-pokloni-za-zene-muskarce-i-novorodencad\/"},{"@type":"ListItem","position":2,"name":"Trgovina","item":"https:\/\/leboxi.eu\/hr\/trgovina\/"},{"@type":"ListItem","position":3,"name":"Blagdanska \u010destitka &#8211; podrgni i otkrij"}]},{"@type":"WebSite","@id":"https:\/\/leboxi.eu\/hr\/#website","url":"https:\/\/leboxi.eu\/hr\/","name":"Le Boxi | Unikatna darila za vsakogar","description":"Unikatna darila in darilne \u0161katle za vse prilo\u017enosti.","publisher":{"@id":"https:\/\/leboxi.eu\/hr\/#organization"},"potentialAction":[{"@type":"SearchAction","target":{"@type":"EntryPoint","urlTemplate":"https:\/\/leboxi.eu\/hr\/?s={search_term_string}"},"query-input":{"@type":"PropertyValueSpecification","valueRequired":true,"valueName":"search_term_string"}}],"inLanguage":"hr"},{"@type":"Organization","@id":"https:\/\/leboxi.eu\/hr\/#organization","name":"LE BOXI","url":"https:\/\/leboxi.eu\/hr\/","logo":{"@type":"ImageObject","inLanguage":"hr","@id":"https:\/\/leboxi.eu\/hr\/#\/schema\/logo\/image\/","url":"https:\/\/leboxi.eu\/wp-content\/uploads\/2021\/02\/LeBoxi-manjsi-png.png","contentUrl":"https:\/\/leboxi.eu\/wp-content\/uploads\/2021\/02\/LeBoxi-manjsi-png.png","width":389,"height":164,"caption":"LE BOXI"},"image":{"@id":"https:\/\/leboxi.eu\/hr\/#\/schema\/logo\/image\/"},"sameAs":["https:\/\/www.facebook.com\/leboxi.eu","https:\/\/www.instagram.com\/le.boxi\/"]}]}},"tiered_pricing_type":"fixed","tiered_pricing_fixed_rules":[],"tiered_pricing_product_settings":{"layout":"default","base_unit_name":{"singular":null,"plural":null},"default_variation":null},"tiered_pricing_minimum_quantity":null,"tiered_pricing_roles_data":[],"tiered_pricing_percentage_rules":[],"_links":{"self":[{"href":"https:\/\/leboxi.eu\/hr\/wp-json\/wp\/v2\/product\/28555","targetHints":{"allow":["GET"]}}],"collection":[{"href":"https:\/\/leboxi.eu\/hr\/wp-json\/wp\/v2\/product"}],"about":[{"href":"https:\/\/leboxi.eu\/hr\/wp-json\/wp\/v2\/types\/product"}],"replies":[{"embeddable":true,"href":"https:\/\/leboxi.eu\/hr\/wp-json\/wp\/v2\/comments?post=28555"}],"version-history":[{"count":1,"href":"https:\/\/leboxi.eu\/hr\/wp-json\/wp\/v2\/product\/28555\/revisions"}],"predecessor-version":[{"id":28556,"href":"https:\/\/leboxi.eu\/hr\/wp-json\/wp\/v2\/product\/28555\/revisions\/28556"}],"wp:featuredmedia":[{"embeddable":true,"href":"https:\/\/leboxi.eu\/hr\/wp-json\/wp\/v2\/media\/5625"}],"wp:attachment":[{"href":"https:\/\/leboxi.eu\/hr\/wp-json\/wp\/v2\/media?parent=28555"}],"wp:term":[{"taxonomy":"product_brand","embeddable":true,"href":"https:\/\/leboxi.eu\/hr\/wp-json\/wp\/v2\/product_brand?post=28555"},{"taxonomy":"product_cat","embeddable":true,"href":"https:\/\/leboxi.eu\/hr\/wp-json\/wp\/v2\/product_cat?post=28555"},{"taxonomy":"product_tag","embeddable":true,"href":"https:\/\/leboxi.eu\/hr\/wp-json\/wp\/v2\/product_tag?post=28555"}],"curies":[{"name":"wp","href":"https:\/\/api.w.org\/{rel}","templated":true}]}}