{"id":20927,"date":"2024-10-09T09:21:33","date_gmt":"2024-10-09T08:21:34","guid":{"rendered":"https:\/\/leboxi.eu\/?post_type=product&#038;p=20927"},"modified":"2026-02-01T20:04:29","modified_gmt":"2026-02-01T19:04:29","slug":"muska-narukvica-solid","status":"publish","type":"product","link":"https:\/\/leboxi.eu\/hr\/proizvodi\/muska-narukvica-solid\/","title":{"rendered":"Mu\u0161ka narukvica Solid"},"content":{"rendered":"<p>Poklonite vi\u0161e od modnog dodatka \u2013 poklonite simbol snage, samopouzdanja i bezvremenske elegancije. Mu\u0161ka narukvica od nehr\u0111aju\u0107eg \u010delika savr\u0161en je dar za svakog mu\u0161karca koji cijeni kvalitetu, stil i osobni zna\u010daj. Sa svojim minimalisti\u010dkim, ali odva\u017enim dizajnom donosi osje\u0107aj profinjenosti koji \u0107e impresionirati u posebnim prilikama, ali i u svakodnevnom \u017eivotu.<\/p>\n<p>Ovaj dar \u0107e primatelju biti podsjetnik na va\u0161u pa\u017enju i brigu, jer narukvica nije samo lijep dodatak, ve\u0107 i izraz va\u0161eg razumijevanja njegove osobnosti i vrijednosti. Svaki put kada je nosi, osjetit \u0107e jedinstvenu povezanost s vama, koji ste mu poklonili ne\u0161to tako osobno i promi\u0161ljeno.<\/p>\n<p><a href=\"https:\/\/leboxi.eu\/wp-content\/uploads\/2024\/10\/Moska-zapestnica-solid-8.jpg\"><img fetchpriority=\"high\" decoding=\"async\" class=\"alignnone wp-image-20937\" src=\"https:\/\/leboxi.eu\/wp-content\/uploads\/2024\/10\/Moska-zapestnica-solid-8.jpg\" alt=\"\" width=\"559\" height=\"559\" srcset=\"https:\/\/leboxi.eu\/wp-content\/uploads\/2024\/10\/Moska-zapestnica-solid-8.jpg 1000w, https:\/\/leboxi.eu\/wp-content\/uploads\/2024\/10\/Moska-zapestnica-solid-8-300x300.jpg 300w, https:\/\/leboxi.eu\/wp-content\/uploads\/2024\/10\/Moska-zapestnica-solid-8-100x100.jpg 100w, https:\/\/leboxi.eu\/wp-content\/uploads\/2024\/10\/Moska-zapestnica-solid-8-600x600.jpg 600w, https:\/\/leboxi.eu\/wp-content\/uploads\/2024\/10\/Moska-zapestnica-solid-8-150x150.jpg 150w, https:\/\/leboxi.eu\/wp-content\/uploads\/2024\/10\/Moska-zapestnica-solid-8-768x768.jpg 768w\" sizes=\"(max-width: 559px) 100vw, 559px\" \/><\/a><\/p>\n<p>Narukvica je idealan izbor za poklon za ro\u0111endan, obljetnicu, praznike ili jednostavno da poka\u017eete koliko vam zna\u010di. Bez obzira na priliku, ova elegantna narukvica zasigurno \u0107e postati njegov omiljeni komad nakita koji \u0107e nositi s ponosom i rado\u0161\u0107u.<\/p>\n<p><strong>Materijal:<\/strong> Nehr\u0111aju\u0107i \u010delik<br \/>\n<strong>Boja:<\/strong> Srebrna \/ zlatna<\/p>\n","protected":false},"excerpt":{"rendered":"<p>Istaknite svoju osobnost modernom mu\u0161kom narukvicom od nehr\u0111aju\u0107eg \u010delika koja spaja eleganciju i \u010dvrsto\u0107u. Izra\u0111ena od visokokvalitetnog nehr\u0111aju\u0107eg \u010delika, ova narukvica pru\u017ea vrhunsku izdr\u017eljivost i otpornost na koroziju, osiguravaju\u0107i dugovje\u010dnost bez gubitka sjaja. Njezin minimalisti\u010dki dizajn s karikama stvara suptilan, ali odva\u017ean izgled koji mo\u017eete nositi svakodnevno ili za posebne prilike.<\/p>\n<p>Ova narukvica savr\u0161en je izbor za modernog mu\u0161karca koji cijeni stil i funkcionalnost. Lako se prilago\u0111ava razli\u010ditim veli\u010dinama zape\u0161\u0107a i mo\u017ee se kombinirati s drugim modnim dodacima za personalizirani izgled. Idealna je i kao dar koji \u0107e odu\u0161eviti svakog mu\u0161karca s ukusom za sofisticirane modne detalje.<\/p>\n<p><strong>Zna\u010dajke:<\/strong><\/p>\n<ul>\n<li><strong>Veli\u010dina:<\/strong> Narukvica je univerzalne veli\u010dine, \u0161to zna\u010di da se mo\u017ee prilagoditi bilo kojoj veli\u010dini zape\u0161\u0107a. Tradicionalne narukvice zahtijevaju precizna mjerenja, ali ova je dizajnirana tako da uklanja brige o veli\u010dini. Idealna je kao poklon ili za vlastitu udobnost.<\/li>\n<li><strong>\u0160irina:<\/strong> 3,5 mm<\/li>\n<li><strong>Boja:<\/strong> srebrna \/ zlatna<\/li>\n<\/ul>\n<p>Ako \u017eelite, mo\u017eemo va\u0161e darilo dostaviti primatelju bez prilo\u017eenog ra\u010duna, dok \u0107ete vi ra\u010dun dobiti na svoju adresu.<\/p>\n","protected":false},"featured_media":20935,"comment_status":"open","ping_status":"closed","template":"","meta":{"site-sidebar-layout":"default","site-content-layout":"default","ast-site-content-layout":"default","site-content-style":"default","site-sidebar-style":"default","ast-global-header-display":"","ast-banner-title-visibility":"","ast-main-header-display":"","ast-hfb-above-header-display":"","ast-hfb-below-header-display":"","ast-hfb-mobile-header-display":"","site-post-title":"","ast-breadcrumbs-content":"","ast-featured-img":"","footer-sml-layout":"","ast-disable-related-posts":"","theme-transparent-header-meta":"default","adv-header-id-meta":"","stick-header-meta":"","header-above-stick-meta":"","header-main-stick-meta":"","header-below-stick-meta":"","astra-migrate-meta-layouts":"set","ast-page-background-enabled":"default","ast-page-background-meta":{"desktop":{"background-color":"","background-image":"","background-repeat":"repeat","background-position":"center center","background-size":"auto","background-attachment":"scroll","background-type":"","background-media":"","overlay-type":"","overlay-color":"","overlay-opacity":"","overlay-gradient":""},"tablet":{"background-color":"","background-image":"","background-repeat":"repeat","background-position":"center center","background-size":"auto","background-attachment":"scroll","background-type":"","background-media":"","overlay-type":"","overlay-color":"","overlay-opacity":"","overlay-gradient":""},"mobile":{"background-color":"","background-image":"","background-repeat":"repeat","background-position":"center center","background-size":"auto","background-attachment":"scroll","background-type":"","background-media":"","overlay-type":"","overlay-color":"","overlay-opacity":"","overlay-gradient":""}},"ast-content-background-meta":{"desktop":{"background-color":"var(--ast-global-color-5)","background-image":"","background-repeat":"repeat","background-position":"center center","background-size":"auto","background-attachment":"scroll","background-type":"","background-media":"","overlay-type":"","overlay-color":"","overlay-opacity":"","overlay-gradient":""},"tablet":{"background-color":"var(--ast-global-color-5)","background-image":"","background-repeat":"repeat","background-position":"center center","background-size":"auto","background-attachment":"scroll","background-type":"","background-media":"","overlay-type":"","overlay-color":"","overlay-opacity":"","overlay-gradient":""},"mobile":{"background-color":"var(--ast-global-color-5)","background-image":"","background-repeat":"repeat","background-position":"center center","background-size":"auto","background-attachment":"scroll","background-type":"","background-media":"","overlay-type":"","overlay-color":"","overlay-opacity":"","overlay-gradient":""}}},"product_brand":[],"product_cat":[225,75,227,207,213,214,209,226,208,202],"product_tag":[],"class_list":{"0":"post-20927","1":"product","2":"type-product","3":"status-publish","4":"has-post-thumbnail","6":"product_cat-bozicni-pokloni-za-muskarce","7":"product_cat-muski","8":"product_cat-poklon-za-valentinovo-za-njega","9":"product_cat-pokloni-za-bozic","10":"product_cat-pokloni-za-decka","11":"product_cat-pokloni-za-muskarce","12":"product_cat-pokloni-za-rodendan-hr","13":"product_cat-pokloni-za-rodendan-za-muskarce","14":"product_cat-pokloni-za-valentinovo","15":"product_cat-prilike","16":"desktop-align-left","17":"tablet-align-left","18":"mobile-align-left","20":"first","21":"instock","22":"sale","23":"taxable","24":"shipping-taxable","25":"purchasable","26":"product-type-variable"},"yoast_head":"<!-- This site is optimized with the Yoast SEO plugin v27.4 - https:\/\/yoast.com\/product\/yoast-seo-wordpress\/ -->\n<title>Le Boxi | Unikatna darila za vsakogar<\/title>\n<meta name=\"robots\" content=\"index, follow, max-snippet:-1, max-image-preview:large, max-video-preview:-1\" \/>\n<link rel=\"canonical\" href=\"https:\/\/leboxi.eu\/hr\/proizvodi\/muska-narukvica-solid\/\" \/>\n<meta property=\"og:locale\" content=\"hr_HR\" \/>\n<meta property=\"og:type\" content=\"article\" \/>\n<meta property=\"og:title\" content=\"Le Boxi | Unikatna darila za vsakogar\" \/>\n<meta property=\"og:description\" content=\"Istaknite svoju osobnost modernom mu\u0161kom narukvicom od nehr\u0111aju\u0107eg \u010delika koja spaja eleganciju i \u010dvrsto\u0107u. Izra\u0111ena od visokokvalitetnog nehr\u0111aju\u0107eg \u010delika, ova narukvica pru\u017ea vrhunsku izdr\u017eljivost i otpornost na koroziju, osiguravaju\u0107i dugovje\u010dnost bez gubitka sjaja. Njezin minimalisti\u010dki dizajn s karikama stvara suptilan, ali odva\u017ean izgled koji mo\u017eete nositi svakodnevno ili za posebne prilike.  Ova narukvica savr\u0161en je izbor za modernog mu\u0161karca koji cijeni stil i funkcionalnost. Lako se prilago\u0111ava razli\u010ditim veli\u010dinama zape\u0161\u0107a i mo\u017ee se kombinirati s drugim modnim dodacima za personalizirani izgled. Idealna je i kao dar koji \u0107e odu\u0161eviti svakog mu\u0161karca s ukusom za sofisticirane modne detalje.  Zna\u010dajke:   Veli\u010dina: Narukvica je univerzalne veli\u010dine, \u0161to zna\u010di da se mo\u017ee prilagoditi bilo kojoj veli\u010dini zape\u0161\u0107a. Tradicionalne narukvice zahtijevaju precizna mjerenja, ali ova je dizajnirana tako da uklanja brige o veli\u010dini. Idealna je kao poklon ili za vlastitu udobnost.  \u0160irina: 3,5 mm  Boja: srebrna \/ zlatna  Ako \u017eelite, mo\u017eemo va\u0161e darilo dostaviti primatelju bez prilo\u017eenog ra\u010duna, dok \u0107ete vi ra\u010dun dobiti na svoju adresu.\" \/>\n<meta property=\"og:url\" content=\"https:\/\/leboxi.eu\/hr\/proizvodi\/muska-narukvica-solid\/\" \/>\n<meta property=\"og:site_name\" content=\"Le Boxi | Unikatna darila za vsakogar\" \/>\n<meta property=\"article:publisher\" content=\"https:\/\/www.facebook.com\/leboxi.eu\" \/>\n<meta property=\"article:modified_time\" content=\"2026-02-01T19:04:29+00:00\" \/>\n<meta property=\"og:image\" content=\"https:\/\/leboxi.eu\/wp-content\/uploads\/2024\/10\/Moska-zapestnica-solid-7.jpg\" \/>\n\t<meta property=\"og:image:width\" content=\"1000\" \/>\n\t<meta property=\"og:image:height\" content=\"1000\" \/>\n\t<meta property=\"og:image:type\" content=\"image\/jpeg\" \/>\n<meta name=\"twitter:card\" content=\"summary_large_image\" \/>\n<meta name=\"twitter:label1\" content=\"Procijenjeno vrijeme \u010ditanja\" \/>\n\t<meta name=\"twitter:data1\" content=\"1 minuta\" \/>\n<script type=\"application\/ld+json\" class=\"yoast-schema-graph\">{\"@context\":\"https:\\\/\\\/schema.org\",\"@graph\":[{\"@type\":\"WebPage\",\"@id\":\"https:\\\/\\\/leboxi.eu\\\/hr\\\/proizvodi\\\/muska-narukvica-solid\\\/\",\"url\":\"https:\\\/\\\/leboxi.eu\\\/hr\\\/proizvodi\\\/muska-narukvica-solid\\\/\",\"name\":\"Le Boxi | Unikatna darila za vsakogar\",\"isPartOf\":{\"@id\":\"https:\\\/\\\/leboxi.eu\\\/hr\\\/#website\"},\"primaryImageOfPage\":{\"@id\":\"https:\\\/\\\/leboxi.eu\\\/hr\\\/proizvodi\\\/muska-narukvica-solid\\\/#primaryimage\"},\"image\":{\"@id\":\"https:\\\/\\\/leboxi.eu\\\/hr\\\/proizvodi\\\/muska-narukvica-solid\\\/#primaryimage\"},\"thumbnailUrl\":\"https:\\\/\\\/leboxi.eu\\\/wp-content\\\/uploads\\\/2024\\\/10\\\/Moska-zapestnica-solid-7.jpg\",\"datePublished\":\"2024-10-09T08:21:34+00:00\",\"dateModified\":\"2026-02-01T19:04:29+00:00\",\"breadcrumb\":{\"@id\":\"https:\\\/\\\/leboxi.eu\\\/hr\\\/proizvodi\\\/muska-narukvica-solid\\\/#breadcrumb\"},\"inLanguage\":\"hr\",\"potentialAction\":[{\"@type\":\"ReadAction\",\"target\":[\"https:\\\/\\\/leboxi.eu\\\/hr\\\/proizvodi\\\/muska-narukvica-solid\\\/\"]}]},{\"@type\":\"ImageObject\",\"inLanguage\":\"hr\",\"@id\":\"https:\\\/\\\/leboxi.eu\\\/hr\\\/proizvodi\\\/muska-narukvica-solid\\\/#primaryimage\",\"url\":\"https:\\\/\\\/leboxi.eu\\\/wp-content\\\/uploads\\\/2024\\\/10\\\/Moska-zapestnica-solid-7.jpg\",\"contentUrl\":\"https:\\\/\\\/leboxi.eu\\\/wp-content\\\/uploads\\\/2024\\\/10\\\/Moska-zapestnica-solid-7.jpg\",\"width\":1000,\"height\":1000},{\"@type\":\"BreadcrumbList\",\"@id\":\"https:\\\/\\\/leboxi.eu\\\/hr\\\/proizvodi\\\/muska-narukvica-solid\\\/#breadcrumb\",\"itemListElement\":[{\"@type\":\"ListItem\",\"position\":1,\"name\":\"Doma\",\"item\":\"https:\\\/\\\/leboxi.eu\\\/hr\\\/originalni-rodendanski-pokloni-za-zene-muskarce-i-novorodencad\\\/\"},{\"@type\":\"ListItem\",\"position\":2,\"name\":\"Trgovina\",\"item\":\"https:\\\/\\\/leboxi.eu\\\/hr\\\/trgovina\\\/\"},{\"@type\":\"ListItem\",\"position\":3,\"name\":\"Mu\u0161ka narukvica Solid\"}]},{\"@type\":\"WebSite\",\"@id\":\"https:\\\/\\\/leboxi.eu\\\/hr\\\/#website\",\"url\":\"https:\\\/\\\/leboxi.eu\\\/hr\\\/\",\"name\":\"Le Boxi | Unikatna darila za vsakogar\",\"description\":\"Unikatna darila in darilne \u0161katle za vse prilo\u017enosti.\",\"publisher\":{\"@id\":\"https:\\\/\\\/leboxi.eu\\\/hr\\\/#organization\"},\"potentialAction\":[{\"@type\":\"SearchAction\",\"target\":{\"@type\":\"EntryPoint\",\"urlTemplate\":\"https:\\\/\\\/leboxi.eu\\\/hr\\\/?s={search_term_string}\"},\"query-input\":{\"@type\":\"PropertyValueSpecification\",\"valueRequired\":true,\"valueName\":\"search_term_string\"}}],\"inLanguage\":\"hr\"},{\"@type\":\"Organization\",\"@id\":\"https:\\\/\\\/leboxi.eu\\\/hr\\\/#organization\",\"name\":\"LE BOXI\",\"url\":\"https:\\\/\\\/leboxi.eu\\\/hr\\\/\",\"logo\":{\"@type\":\"ImageObject\",\"inLanguage\":\"hr\",\"@id\":\"https:\\\/\\\/leboxi.eu\\\/hr\\\/#\\\/schema\\\/logo\\\/image\\\/\",\"url\":\"https:\\\/\\\/leboxi.eu\\\/wp-content\\\/uploads\\\/2021\\\/02\\\/LeBoxi-manjsi-png.png\",\"contentUrl\":\"https:\\\/\\\/leboxi.eu\\\/wp-content\\\/uploads\\\/2021\\\/02\\\/LeBoxi-manjsi-png.png\",\"width\":389,\"height\":164,\"caption\":\"LE BOXI\"},\"image\":{\"@id\":\"https:\\\/\\\/leboxi.eu\\\/hr\\\/#\\\/schema\\\/logo\\\/image\\\/\"},\"sameAs\":[\"https:\\\/\\\/www.facebook.com\\\/leboxi.eu\",\"https:\\\/\\\/www.instagram.com\\\/le.boxi\\\/\"]}]}<\/script>\n<!-- \/ Yoast SEO plugin. -->","yoast_head_json":{"title":"Le Boxi | Unikatna darila za vsakogar","robots":{"index":"index","follow":"follow","max-snippet":"max-snippet:-1","max-image-preview":"max-image-preview:large","max-video-preview":"max-video-preview:-1"},"canonical":"https:\/\/leboxi.eu\/hr\/proizvodi\/muska-narukvica-solid\/","og_locale":"hr_HR","og_type":"article","og_title":"Le Boxi | Unikatna darila za vsakogar","og_description":"Istaknite svoju osobnost modernom mu\u0161kom narukvicom od nehr\u0111aju\u0107eg \u010delika koja spaja eleganciju i \u010dvrsto\u0107u. Izra\u0111ena od visokokvalitetnog nehr\u0111aju\u0107eg \u010delika, ova narukvica pru\u017ea vrhunsku izdr\u017eljivost i otpornost na koroziju, osiguravaju\u0107i dugovje\u010dnost bez gubitka sjaja. Njezin minimalisti\u010dki dizajn s karikama stvara suptilan, ali odva\u017ean izgled koji mo\u017eete nositi svakodnevno ili za posebne prilike.  Ova narukvica savr\u0161en je izbor za modernog mu\u0161karca koji cijeni stil i funkcionalnost. Lako se prilago\u0111ava razli\u010ditim veli\u010dinama zape\u0161\u0107a i mo\u017ee se kombinirati s drugim modnim dodacima za personalizirani izgled. Idealna je i kao dar koji \u0107e odu\u0161eviti svakog mu\u0161karca s ukusom za sofisticirane modne detalje.  Zna\u010dajke:   Veli\u010dina: Narukvica je univerzalne veli\u010dine, \u0161to zna\u010di da se mo\u017ee prilagoditi bilo kojoj veli\u010dini zape\u0161\u0107a. Tradicionalne narukvice zahtijevaju precizna mjerenja, ali ova je dizajnirana tako da uklanja brige o veli\u010dini. Idealna je kao poklon ili za vlastitu udobnost.  \u0160irina: 3,5 mm  Boja: srebrna \/ zlatna  Ako \u017eelite, mo\u017eemo va\u0161e darilo dostaviti primatelju bez prilo\u017eenog ra\u010duna, dok \u0107ete vi ra\u010dun dobiti na svoju adresu.","og_url":"https:\/\/leboxi.eu\/hr\/proizvodi\/muska-narukvica-solid\/","og_site_name":"Le Boxi | Unikatna darila za vsakogar","article_publisher":"https:\/\/www.facebook.com\/leboxi.eu","article_modified_time":"2026-02-01T19:04:29+00:00","og_image":[{"width":1000,"height":1000,"url":"https:\/\/leboxi.eu\/wp-content\/uploads\/2024\/10\/Moska-zapestnica-solid-7.jpg","type":"image\/jpeg"}],"twitter_card":"summary_large_image","twitter_misc":{"Procijenjeno vrijeme \u010ditanja":"1 minuta"},"schema":{"@context":"https:\/\/schema.org","@graph":[{"@type":"WebPage","@id":"https:\/\/leboxi.eu\/hr\/proizvodi\/muska-narukvica-solid\/","url":"https:\/\/leboxi.eu\/hr\/proizvodi\/muska-narukvica-solid\/","name":"Le Boxi | Unikatna darila za vsakogar","isPartOf":{"@id":"https:\/\/leboxi.eu\/hr\/#website"},"primaryImageOfPage":{"@id":"https:\/\/leboxi.eu\/hr\/proizvodi\/muska-narukvica-solid\/#primaryimage"},"image":{"@id":"https:\/\/leboxi.eu\/hr\/proizvodi\/muska-narukvica-solid\/#primaryimage"},"thumbnailUrl":"https:\/\/leboxi.eu\/wp-content\/uploads\/2024\/10\/Moska-zapestnica-solid-7.jpg","datePublished":"2024-10-09T08:21:34+00:00","dateModified":"2026-02-01T19:04:29+00:00","breadcrumb":{"@id":"https:\/\/leboxi.eu\/hr\/proizvodi\/muska-narukvica-solid\/#breadcrumb"},"inLanguage":"hr","potentialAction":[{"@type":"ReadAction","target":["https:\/\/leboxi.eu\/hr\/proizvodi\/muska-narukvica-solid\/"]}]},{"@type":"ImageObject","inLanguage":"hr","@id":"https:\/\/leboxi.eu\/hr\/proizvodi\/muska-narukvica-solid\/#primaryimage","url":"https:\/\/leboxi.eu\/wp-content\/uploads\/2024\/10\/Moska-zapestnica-solid-7.jpg","contentUrl":"https:\/\/leboxi.eu\/wp-content\/uploads\/2024\/10\/Moska-zapestnica-solid-7.jpg","width":1000,"height":1000},{"@type":"BreadcrumbList","@id":"https:\/\/leboxi.eu\/hr\/proizvodi\/muska-narukvica-solid\/#breadcrumb","itemListElement":[{"@type":"ListItem","position":1,"name":"Doma","item":"https:\/\/leboxi.eu\/hr\/originalni-rodendanski-pokloni-za-zene-muskarce-i-novorodencad\/"},{"@type":"ListItem","position":2,"name":"Trgovina","item":"https:\/\/leboxi.eu\/hr\/trgovina\/"},{"@type":"ListItem","position":3,"name":"Mu\u0161ka narukvica Solid"}]},{"@type":"WebSite","@id":"https:\/\/leboxi.eu\/hr\/#website","url":"https:\/\/leboxi.eu\/hr\/","name":"Le Boxi | Unikatna darila za vsakogar","description":"Unikatna darila in darilne \u0161katle za vse prilo\u017enosti.","publisher":{"@id":"https:\/\/leboxi.eu\/hr\/#organization"},"potentialAction":[{"@type":"SearchAction","target":{"@type":"EntryPoint","urlTemplate":"https:\/\/leboxi.eu\/hr\/?s={search_term_string}"},"query-input":{"@type":"PropertyValueSpecification","valueRequired":true,"valueName":"search_term_string"}}],"inLanguage":"hr"},{"@type":"Organization","@id":"https:\/\/leboxi.eu\/hr\/#organization","name":"LE BOXI","url":"https:\/\/leboxi.eu\/hr\/","logo":{"@type":"ImageObject","inLanguage":"hr","@id":"https:\/\/leboxi.eu\/hr\/#\/schema\/logo\/image\/","url":"https:\/\/leboxi.eu\/wp-content\/uploads\/2021\/02\/LeBoxi-manjsi-png.png","contentUrl":"https:\/\/leboxi.eu\/wp-content\/uploads\/2021\/02\/LeBoxi-manjsi-png.png","width":389,"height":164,"caption":"LE BOXI"},"image":{"@id":"https:\/\/leboxi.eu\/hr\/#\/schema\/logo\/image\/"},"sameAs":["https:\/\/www.facebook.com\/leboxi.eu","https:\/\/www.instagram.com\/le.boxi\/"]}]}},"tiered_pricing_type":"fixed","tiered_pricing_fixed_rules":{"2":22.5,"3":21.4},"tiered_pricing_product_settings":{"layout":"default","base_unit_name":{"singular":null,"plural":null},"default_variation":null},"tiered_pricing_minimum_quantity":null,"tiered_pricing_roles_data":[],"tiered_pricing_percentage_rules":[],"_links":{"self":[{"href":"https:\/\/leboxi.eu\/hr\/wp-json\/wp\/v2\/product\/20927","targetHints":{"allow":["GET"]}}],"collection":[{"href":"https:\/\/leboxi.eu\/hr\/wp-json\/wp\/v2\/product"}],"about":[{"href":"https:\/\/leboxi.eu\/hr\/wp-json\/wp\/v2\/types\/product"}],"replies":[{"embeddable":true,"href":"https:\/\/leboxi.eu\/hr\/wp-json\/wp\/v2\/comments?post=20927"}],"version-history":[{"count":0,"href":"https:\/\/leboxi.eu\/hr\/wp-json\/wp\/v2\/product\/20927\/revisions"}],"wp:featuredmedia":[{"embeddable":true,"href":"https:\/\/leboxi.eu\/hr\/wp-json\/wp\/v2\/media\/20935"}],"wp:attachment":[{"href":"https:\/\/leboxi.eu\/hr\/wp-json\/wp\/v2\/media?parent=20927"}],"wp:term":[{"taxonomy":"product_brand","embeddable":true,"href":"https:\/\/leboxi.eu\/hr\/wp-json\/wp\/v2\/product_brand?post=20927"},{"taxonomy":"product_cat","embeddable":true,"href":"https:\/\/leboxi.eu\/hr\/wp-json\/wp\/v2\/product_cat?post=20927"},{"taxonomy":"product_tag","embeddable":true,"href":"https:\/\/leboxi.eu\/hr\/wp-json\/wp\/v2\/product_tag?post=20927"}],"curies":[{"name":"wp","href":"https:\/\/api.w.org\/{rel}","templated":true}]}}