{"id":19696,"date":"2024-08-30T19:53:09","date_gmt":"2024-08-30T18:53:09","guid":{"rendered":"https:\/\/leboxi.eu\/?post_type=product&#038;p=19696"},"modified":"2026-02-07T22:52:43","modified_gmt":"2026-02-07T21:52:43","slug":"muska-narukvica","status":"publish","type":"product","link":"https:\/\/leboxi.eu\/hr\/proizvodi\/muska-narukvica\/","title":{"rendered":"Mu\u0161ka narukvica Ivox"},"content":{"rendered":"<p>Poklonite vi\u0161e od modnog dodatka \u2013 poklonite simbol snage, samopouzdanja i bezvremenske elegancije. Mu\u0161ka narukvica od nehr\u0111aju\u0107eg \u010delika savr\u0161en je dar za svakog mu\u0161karca koji cijeni kvalitetu, stil i osobni zna\u010daj. Sa svojim minimalisti\u010dkim, ali smjelim dizajnom donosi osje\u0107aj profinjenosti, koji \u0107e impresionirati kako u posebnim prilikama, tako i u svakodnevnom \u017eivotu.<\/p>\n<p>Ovaj dar podsjetit \u0107e primatelja na va\u0161u pa\u017enju i brigu, jer narukvica nije samo lijep dodatak, ve\u0107 i izraz va\u0161eg razumijevanja njegove osobnosti i vrijednosti. Svaki put kad je nosi, osjetit \u0107e tu jedinstvenu povezanost s vama, koji ste mu darovali ne\u0161to tako osobno i promi\u0161ljeno.<\/p>\n<p>Narukvica je idealan izbor za poklon za ro\u0111endan, obljetnicu, praznike ili jednostavno da poka\u017eete koliko vam zna\u010di. Bez obzira na priliku, ova elegantna narukvica zasigurno \u0107e postati njegov omiljeni komad nakita, koji \u0107e nositi s ponosom i rado\u0161\u0107u.<\/p>\n<p><a href=\"https:\/\/leboxi.eu\/wp-content\/uploads\/2024\/08\/zapestnica-life.jpg\"><img fetchpriority=\"high\" decoding=\"async\" class=\"alignnone wp-image-20244\" src=\"https:\/\/leboxi.eu\/wp-content\/uploads\/2024\/08\/zapestnica-life.jpg\" alt=\"\" width=\"367\" height=\"367\" srcset=\"https:\/\/leboxi.eu\/wp-content\/uploads\/2024\/08\/zapestnica-life.jpg 1000w, https:\/\/leboxi.eu\/wp-content\/uploads\/2024\/08\/zapestnica-life-300x300.jpg 300w, https:\/\/leboxi.eu\/wp-content\/uploads\/2024\/08\/zapestnica-life-100x100.jpg 100w, https:\/\/leboxi.eu\/wp-content\/uploads\/2024\/08\/zapestnica-life-600x600.jpg 600w, https:\/\/leboxi.eu\/wp-content\/uploads\/2024\/08\/zapestnica-life-150x150.jpg 150w, https:\/\/leboxi.eu\/wp-content\/uploads\/2024\/08\/zapestnica-life-768x768.jpg 768w\" sizes=\"(max-width: 367px) 100vw, 367px\" \/><\/a><a href=\"https:\/\/leboxi.eu\/wp-content\/uploads\/2024\/08\/zapestnica-moski-square-srebrna-2.jpg\"> <img decoding=\"async\" class=\"alignnone wp-image-20225\" src=\"https:\/\/leboxi.eu\/wp-content\/uploads\/2024\/08\/zapestnica-moski-square-srebrna-2.jpg\" alt=\"\" width=\"370\" height=\"370\" srcset=\"https:\/\/leboxi.eu\/wp-content\/uploads\/2024\/08\/zapestnica-moski-square-srebrna-2.jpg 1000w, https:\/\/leboxi.eu\/wp-content\/uploads\/2024\/08\/zapestnica-moski-square-srebrna-2-300x300.jpg 300w, https:\/\/leboxi.eu\/wp-content\/uploads\/2024\/08\/zapestnica-moski-square-srebrna-2-100x100.jpg 100w, https:\/\/leboxi.eu\/wp-content\/uploads\/2024\/08\/zapestnica-moski-square-srebrna-2-600x600.jpg 600w, https:\/\/leboxi.eu\/wp-content\/uploads\/2024\/08\/zapestnica-moski-square-srebrna-2-150x150.jpg 150w, https:\/\/leboxi.eu\/wp-content\/uploads\/2024\/08\/zapestnica-moski-square-srebrna-2-768x768.jpg 768w\" sizes=\"(max-width: 370px) 100vw, 370px\" \/><\/a>\u00a0<a href=\"https:\/\/leboxi.eu\/wp-content\/uploads\/2024\/08\/zapestnica-moski-wire-srebrna-2.jpg\"><img decoding=\"async\" class=\"alignnone wp-image-20207\" src=\"https:\/\/leboxi.eu\/wp-content\/uploads\/2024\/08\/zapestnica-moski-wire-srebrna-2.jpg\" alt=\"\" width=\"275\" height=\"367\" srcset=\"https:\/\/leboxi.eu\/wp-content\/uploads\/2024\/08\/zapestnica-moski-wire-srebrna-2.jpg 750w, https:\/\/leboxi.eu\/wp-content\/uploads\/2024\/08\/zapestnica-moski-wire-srebrna-2-600x800.jpg 600w, https:\/\/leboxi.eu\/wp-content\/uploads\/2024\/08\/zapestnica-moski-wire-srebrna-2-225x300.jpg 225w\" sizes=\"(max-width: 275px) 100vw, 275px\" \/><\/a><\/p>\n<div class=\"flex max-w-full flex-col flex-grow\">\n<div class=\"min-h-8 text-message flex w-full flex-col items-end gap-2 whitespace-normal break-words [.text-message+&amp;]:mt-5\" dir=\"auto\" data-message-author-role=\"assistant\" data-message-id=\"69729578-d743-40d2-8c0e-ea2b378e5760\" data-message-model-slug=\"gpt-4o\">\n<div class=\"flex w-full flex-col gap-1 empty:hidden first:pt-[3px]\">\n<div class=\"markdown prose w-full break-words dark:prose-invert light\">\n<p>Materijal: Nehr\u0111aju\u0107i \u010delik<br \/>\nDu\u017eina: 18 + 2 cm<br \/>\nBoja: Srebrna<\/p>\n<\/div>\n<\/div>\n<\/div>\n<\/div>\n","protected":false},"excerpt":{"rendered":"<p>Istaknite svoju osobnost s modernom mu\u0161kom narukvicom od nehr\u0111aju\u0107eg \u010delika koja spaja eleganciju i snagu. Izra\u0111ena od visokokvalitetnog nehr\u0111aju\u0107eg \u010delika, ova narukvica pru\u017ea vrhunsku izdr\u017eljivost i otpornost na koroziju, osiguravaju\u0107i dugotrajnost bez gubitka sjaja. Njezin minimalisti\u010dki dizajn s karikama stvara suptilan, ali odva\u017ean izgled, prikladan za svakodnevno no\u0161enje ili posebne prilike.<\/p>\n<p>Ova narukvica savr\u0161en je izbor za modernog mu\u0161karca koji cijeni stil i funkcionalnost. Lako se prilago\u0111ava razli\u010ditim veli\u010dinama zape\u0161\u0107a i mo\u017ee se kombinirati s drugim modnim dodacima za personalizirani izgled. Idealna je kao dar koji \u0107e odu\u0161eviti svakog mu\u0161karca s ukusom za sofisticirane modne detalje.<\/p>\n<p>Ako \u017eelite, mo\u017eemo va\u0161 poklon dostaviti primatelju bez prilo\u017eenog ra\u010duna, dok \u0107ete vi ra\u010dun dobiti na va\u0161u adresu.<\/p>\n","protected":false},"featured_media":20245,"comment_status":"open","ping_status":"closed","template":"","meta":{"site-sidebar-layout":"default","site-content-layout":"default","ast-site-content-layout":"default","site-content-style":"default","site-sidebar-style":"default","ast-global-header-display":"","ast-banner-title-visibility":"","ast-main-header-display":"","ast-hfb-above-header-display":"","ast-hfb-below-header-display":"","ast-hfb-mobile-header-display":"","site-post-title":"","ast-breadcrumbs-content":"","ast-featured-img":"","footer-sml-layout":"","ast-disable-related-posts":"","theme-transparent-header-meta":"default","adv-header-id-meta":"","stick-header-meta":"","header-above-stick-meta":"","header-main-stick-meta":"","header-below-stick-meta":"","astra-migrate-meta-layouts":"set","ast-page-background-enabled":"default","ast-page-background-meta":{"desktop":{"background-color":"","background-image":"","background-repeat":"repeat","background-position":"center center","background-size":"auto","background-attachment":"scroll","background-type":"","background-media":"","overlay-type":"","overlay-color":"","overlay-opacity":"","overlay-gradient":""},"tablet":{"background-color":"","background-image":"","background-repeat":"repeat","background-position":"center center","background-size":"auto","background-attachment":"scroll","background-type":"","background-media":"","overlay-type":"","overlay-color":"","overlay-opacity":"","overlay-gradient":""},"mobile":{"background-color":"","background-image":"","background-repeat":"repeat","background-position":"center center","background-size":"auto","background-attachment":"scroll","background-type":"","background-media":"","overlay-type":"","overlay-color":"","overlay-opacity":"","overlay-gradient":""}},"ast-content-background-meta":{"desktop":{"background-color":"var(--ast-global-color-5)","background-image":"","background-repeat":"repeat","background-position":"center center","background-size":"auto","background-attachment":"scroll","background-type":"","background-media":"","overlay-type":"","overlay-color":"","overlay-opacity":"","overlay-gradient":""},"tablet":{"background-color":"var(--ast-global-color-5)","background-image":"","background-repeat":"repeat","background-position":"center center","background-size":"auto","background-attachment":"scroll","background-type":"","background-media":"","overlay-type":"","overlay-color":"","overlay-opacity":"","overlay-gradient":""},"mobile":{"background-color":"var(--ast-global-color-5)","background-image":"","background-repeat":"repeat","background-position":"center center","background-size":"auto","background-attachment":"scroll","background-type":"","background-media":"","overlay-type":"","overlay-color":"","overlay-opacity":"","overlay-gradient":""}}},"product_brand":[],"product_cat":[225,75,227,207,213,214,209,226,208,202],"product_tag":[],"class_list":{"0":"post-19696","1":"product","2":"type-product","3":"status-publish","4":"has-post-thumbnail","6":"product_cat-bozicni-pokloni-za-muskarce","7":"product_cat-muski","8":"product_cat-poklon-za-valentinovo-za-njega","9":"product_cat-pokloni-za-bozic","10":"product_cat-pokloni-za-decka","11":"product_cat-pokloni-za-muskarce","12":"product_cat-pokloni-za-rodendan-hr","13":"product_cat-pokloni-za-rodendan-za-muskarce","14":"product_cat-pokloni-za-valentinovo","15":"product_cat-prilike","16":"desktop-align-left","17":"tablet-align-left","18":"mobile-align-left","20":"first","21":"instock","22":"sale","23":"taxable","24":"shipping-taxable","25":"purchasable","26":"product-type-variable"},"yoast_head":"<!-- This site is optimized with the Yoast SEO plugin v27.4 - https:\/\/yoast.com\/product\/yoast-seo-wordpress\/ -->\n<title>Mu\u0161ka narukvica | Le Boxi<\/title>\n<meta name=\"description\" content=\"Istaknite svoju osobnost modernom mu\u0161kom narukvicom od nehr\u0111aju\u0107eg \u010delika koja spaja eleganciju i \u010dvrsto\u0107u.\" \/>\n<meta name=\"robots\" content=\"index, follow, max-snippet:-1, max-image-preview:large, max-video-preview:-1\" \/>\n<link rel=\"canonical\" href=\"https:\/\/leboxi.eu\/hr\/proizvodi\/muska-narukvica\/\" \/>\n<meta property=\"og:locale\" content=\"hr_HR\" \/>\n<meta property=\"og:type\" content=\"article\" \/>\n<meta property=\"og:title\" content=\"Mu\u0161ka narukvica | Le Boxi\" \/>\n<meta property=\"og:description\" content=\"Istaknite svoju osobnost modernom mu\u0161kom narukvicom od nehr\u0111aju\u0107eg \u010delika koja spaja eleganciju i \u010dvrsto\u0107u.\" \/>\n<meta property=\"og:url\" content=\"https:\/\/leboxi.eu\/hr\/proizvodi\/muska-narukvica\/\" \/>\n<meta property=\"og:site_name\" content=\"Le Boxi | Unikatna darila za vsakogar\" \/>\n<meta property=\"article:publisher\" content=\"https:\/\/www.facebook.com\/leboxi.eu\" \/>\n<meta property=\"article:modified_time\" content=\"2026-02-07T21:52:43+00:00\" \/>\n<meta property=\"og:image\" content=\"https:\/\/leboxi.eu\/wp-content\/uploads\/2024\/08\/zapestnica-life.jpg\" \/>\n\t<meta property=\"og:image:width\" content=\"1000\" \/>\n\t<meta property=\"og:image:height\" content=\"1000\" \/>\n\t<meta property=\"og:image:type\" content=\"image\/jpeg\" \/>\n<meta name=\"twitter:card\" content=\"summary_large_image\" \/>\n<meta name=\"twitter:label1\" content=\"Procijenjeno vrijeme \u010ditanja\" \/>\n\t<meta name=\"twitter:data1\" content=\"1 minuta\" \/>\n<script type=\"application\/ld+json\" class=\"yoast-schema-graph\">{\"@context\":\"https:\\\/\\\/schema.org\",\"@graph\":[{\"@type\":\"WebPage\",\"@id\":\"https:\\\/\\\/leboxi.eu\\\/hr\\\/proizvodi\\\/muska-narukvica\\\/\",\"url\":\"https:\\\/\\\/leboxi.eu\\\/hr\\\/proizvodi\\\/muska-narukvica\\\/\",\"name\":\"Mu\u0161ka narukvica | Le Boxi\",\"isPartOf\":{\"@id\":\"https:\\\/\\\/leboxi.eu\\\/hr\\\/#website\"},\"primaryImageOfPage\":{\"@id\":\"https:\\\/\\\/leboxi.eu\\\/hr\\\/proizvodi\\\/muska-narukvica\\\/#primaryimage\"},\"image\":{\"@id\":\"https:\\\/\\\/leboxi.eu\\\/hr\\\/proizvodi\\\/muska-narukvica\\\/#primaryimage\"},\"thumbnailUrl\":\"https:\\\/\\\/leboxi.eu\\\/wp-content\\\/uploads\\\/2024\\\/08\\\/zapestnica-life.jpg\",\"datePublished\":\"2024-08-30T18:53:09+00:00\",\"dateModified\":\"2026-02-07T21:52:43+00:00\",\"description\":\"Istaknite svoju osobnost modernom mu\u0161kom narukvicom od nehr\u0111aju\u0107eg \u010delika koja spaja eleganciju i \u010dvrsto\u0107u.\",\"breadcrumb\":{\"@id\":\"https:\\\/\\\/leboxi.eu\\\/hr\\\/proizvodi\\\/muska-narukvica\\\/#breadcrumb\"},\"inLanguage\":\"hr\",\"potentialAction\":[{\"@type\":\"ReadAction\",\"target\":[\"https:\\\/\\\/leboxi.eu\\\/hr\\\/proizvodi\\\/muska-narukvica\\\/\"]}]},{\"@type\":\"ImageObject\",\"inLanguage\":\"hr\",\"@id\":\"https:\\\/\\\/leboxi.eu\\\/hr\\\/proizvodi\\\/muska-narukvica\\\/#primaryimage\",\"url\":\"https:\\\/\\\/leboxi.eu\\\/wp-content\\\/uploads\\\/2024\\\/08\\\/zapestnica-life.jpg\",\"contentUrl\":\"https:\\\/\\\/leboxi.eu\\\/wp-content\\\/uploads\\\/2024\\\/08\\\/zapestnica-life.jpg\",\"width\":1000,\"height\":1000},{\"@type\":\"BreadcrumbList\",\"@id\":\"https:\\\/\\\/leboxi.eu\\\/hr\\\/proizvodi\\\/muska-narukvica\\\/#breadcrumb\",\"itemListElement\":[{\"@type\":\"ListItem\",\"position\":1,\"name\":\"Doma\",\"item\":\"https:\\\/\\\/leboxi.eu\\\/hr\\\/originalni-rodendanski-pokloni-za-zene-muskarce-i-novorodencad\\\/\"},{\"@type\":\"ListItem\",\"position\":2,\"name\":\"Trgovina\",\"item\":\"https:\\\/\\\/leboxi.eu\\\/hr\\\/trgovina\\\/\"},{\"@type\":\"ListItem\",\"position\":3,\"name\":\"Mu\u0161ka narukvica Ivox\"}]},{\"@type\":\"WebSite\",\"@id\":\"https:\\\/\\\/leboxi.eu\\\/hr\\\/#website\",\"url\":\"https:\\\/\\\/leboxi.eu\\\/hr\\\/\",\"name\":\"Le Boxi | Unikatna darila za vsakogar\",\"description\":\"Unikatna darila in darilne \u0161katle za vse prilo\u017enosti.\",\"publisher\":{\"@id\":\"https:\\\/\\\/leboxi.eu\\\/hr\\\/#organization\"},\"potentialAction\":[{\"@type\":\"SearchAction\",\"target\":{\"@type\":\"EntryPoint\",\"urlTemplate\":\"https:\\\/\\\/leboxi.eu\\\/hr\\\/?s={search_term_string}\"},\"query-input\":{\"@type\":\"PropertyValueSpecification\",\"valueRequired\":true,\"valueName\":\"search_term_string\"}}],\"inLanguage\":\"hr\"},{\"@type\":\"Organization\",\"@id\":\"https:\\\/\\\/leboxi.eu\\\/hr\\\/#organization\",\"name\":\"LE BOXI\",\"url\":\"https:\\\/\\\/leboxi.eu\\\/hr\\\/\",\"logo\":{\"@type\":\"ImageObject\",\"inLanguage\":\"hr\",\"@id\":\"https:\\\/\\\/leboxi.eu\\\/hr\\\/#\\\/schema\\\/logo\\\/image\\\/\",\"url\":\"https:\\\/\\\/leboxi.eu\\\/wp-content\\\/uploads\\\/2021\\\/02\\\/LeBoxi-manjsi-png.png\",\"contentUrl\":\"https:\\\/\\\/leboxi.eu\\\/wp-content\\\/uploads\\\/2021\\\/02\\\/LeBoxi-manjsi-png.png\",\"width\":389,\"height\":164,\"caption\":\"LE BOXI\"},\"image\":{\"@id\":\"https:\\\/\\\/leboxi.eu\\\/hr\\\/#\\\/schema\\\/logo\\\/image\\\/\"},\"sameAs\":[\"https:\\\/\\\/www.facebook.com\\\/leboxi.eu\",\"https:\\\/\\\/www.instagram.com\\\/le.boxi\\\/\"]}]}<\/script>\n<!-- \/ Yoast SEO plugin. -->","yoast_head_json":{"title":"Mu\u0161ka narukvica | Le Boxi","description":"Istaknite svoju osobnost modernom mu\u0161kom narukvicom od nehr\u0111aju\u0107eg \u010delika koja spaja eleganciju i \u010dvrsto\u0107u.","robots":{"index":"index","follow":"follow","max-snippet":"max-snippet:-1","max-image-preview":"max-image-preview:large","max-video-preview":"max-video-preview:-1"},"canonical":"https:\/\/leboxi.eu\/hr\/proizvodi\/muska-narukvica\/","og_locale":"hr_HR","og_type":"article","og_title":"Mu\u0161ka narukvica | Le Boxi","og_description":"Istaknite svoju osobnost modernom mu\u0161kom narukvicom od nehr\u0111aju\u0107eg \u010delika koja spaja eleganciju i \u010dvrsto\u0107u.","og_url":"https:\/\/leboxi.eu\/hr\/proizvodi\/muska-narukvica\/","og_site_name":"Le Boxi | Unikatna darila za vsakogar","article_publisher":"https:\/\/www.facebook.com\/leboxi.eu","article_modified_time":"2026-02-07T21:52:43+00:00","og_image":[{"width":1000,"height":1000,"url":"https:\/\/leboxi.eu\/wp-content\/uploads\/2024\/08\/zapestnica-life.jpg","type":"image\/jpeg"}],"twitter_card":"summary_large_image","twitter_misc":{"Procijenjeno vrijeme \u010ditanja":"1 minuta"},"schema":{"@context":"https:\/\/schema.org","@graph":[{"@type":"WebPage","@id":"https:\/\/leboxi.eu\/hr\/proizvodi\/muska-narukvica\/","url":"https:\/\/leboxi.eu\/hr\/proizvodi\/muska-narukvica\/","name":"Mu\u0161ka narukvica | Le Boxi","isPartOf":{"@id":"https:\/\/leboxi.eu\/hr\/#website"},"primaryImageOfPage":{"@id":"https:\/\/leboxi.eu\/hr\/proizvodi\/muska-narukvica\/#primaryimage"},"image":{"@id":"https:\/\/leboxi.eu\/hr\/proizvodi\/muska-narukvica\/#primaryimage"},"thumbnailUrl":"https:\/\/leboxi.eu\/wp-content\/uploads\/2024\/08\/zapestnica-life.jpg","datePublished":"2024-08-30T18:53:09+00:00","dateModified":"2026-02-07T21:52:43+00:00","description":"Istaknite svoju osobnost modernom mu\u0161kom narukvicom od nehr\u0111aju\u0107eg \u010delika koja spaja eleganciju i \u010dvrsto\u0107u.","breadcrumb":{"@id":"https:\/\/leboxi.eu\/hr\/proizvodi\/muska-narukvica\/#breadcrumb"},"inLanguage":"hr","potentialAction":[{"@type":"ReadAction","target":["https:\/\/leboxi.eu\/hr\/proizvodi\/muska-narukvica\/"]}]},{"@type":"ImageObject","inLanguage":"hr","@id":"https:\/\/leboxi.eu\/hr\/proizvodi\/muska-narukvica\/#primaryimage","url":"https:\/\/leboxi.eu\/wp-content\/uploads\/2024\/08\/zapestnica-life.jpg","contentUrl":"https:\/\/leboxi.eu\/wp-content\/uploads\/2024\/08\/zapestnica-life.jpg","width":1000,"height":1000},{"@type":"BreadcrumbList","@id":"https:\/\/leboxi.eu\/hr\/proizvodi\/muska-narukvica\/#breadcrumb","itemListElement":[{"@type":"ListItem","position":1,"name":"Doma","item":"https:\/\/leboxi.eu\/hr\/originalni-rodendanski-pokloni-za-zene-muskarce-i-novorodencad\/"},{"@type":"ListItem","position":2,"name":"Trgovina","item":"https:\/\/leboxi.eu\/hr\/trgovina\/"},{"@type":"ListItem","position":3,"name":"Mu\u0161ka narukvica Ivox"}]},{"@type":"WebSite","@id":"https:\/\/leboxi.eu\/hr\/#website","url":"https:\/\/leboxi.eu\/hr\/","name":"Le Boxi | Unikatna darila za vsakogar","description":"Unikatna darila in darilne \u0161katle za vse prilo\u017enosti.","publisher":{"@id":"https:\/\/leboxi.eu\/hr\/#organization"},"potentialAction":[{"@type":"SearchAction","target":{"@type":"EntryPoint","urlTemplate":"https:\/\/leboxi.eu\/hr\/?s={search_term_string}"},"query-input":{"@type":"PropertyValueSpecification","valueRequired":true,"valueName":"search_term_string"}}],"inLanguage":"hr"},{"@type":"Organization","@id":"https:\/\/leboxi.eu\/hr\/#organization","name":"LE BOXI","url":"https:\/\/leboxi.eu\/hr\/","logo":{"@type":"ImageObject","inLanguage":"hr","@id":"https:\/\/leboxi.eu\/hr\/#\/schema\/logo\/image\/","url":"https:\/\/leboxi.eu\/wp-content\/uploads\/2021\/02\/LeBoxi-manjsi-png.png","contentUrl":"https:\/\/leboxi.eu\/wp-content\/uploads\/2021\/02\/LeBoxi-manjsi-png.png","width":389,"height":164,"caption":"LE BOXI"},"image":{"@id":"https:\/\/leboxi.eu\/hr\/#\/schema\/logo\/image\/"},"sameAs":["https:\/\/www.facebook.com\/leboxi.eu","https:\/\/www.instagram.com\/le.boxi\/"]}]}},"tiered_pricing_type":"fixed","tiered_pricing_fixed_rules":{"2":20.7,"3":19.7},"tiered_pricing_product_settings":{"layout":"default","base_unit_name":{"singular":null,"plural":null},"default_variation":null},"tiered_pricing_minimum_quantity":null,"tiered_pricing_roles_data":[],"tiered_pricing_percentage_rules":[],"_links":{"self":[{"href":"https:\/\/leboxi.eu\/hr\/wp-json\/wp\/v2\/product\/19696","targetHints":{"allow":["GET"]}}],"collection":[{"href":"https:\/\/leboxi.eu\/hr\/wp-json\/wp\/v2\/product"}],"about":[{"href":"https:\/\/leboxi.eu\/hr\/wp-json\/wp\/v2\/types\/product"}],"replies":[{"embeddable":true,"href":"https:\/\/leboxi.eu\/hr\/wp-json\/wp\/v2\/comments?post=19696"}],"version-history":[{"count":0,"href":"https:\/\/leboxi.eu\/hr\/wp-json\/wp\/v2\/product\/19696\/revisions"}],"wp:featuredmedia":[{"embeddable":true,"href":"https:\/\/leboxi.eu\/hr\/wp-json\/wp\/v2\/media\/20245"}],"wp:attachment":[{"href":"https:\/\/leboxi.eu\/hr\/wp-json\/wp\/v2\/media?parent=19696"}],"wp:term":[{"taxonomy":"product_brand","embeddable":true,"href":"https:\/\/leboxi.eu\/hr\/wp-json\/wp\/v2\/product_brand?post=19696"},{"taxonomy":"product_cat","embeddable":true,"href":"https:\/\/leboxi.eu\/hr\/wp-json\/wp\/v2\/product_cat?post=19696"},{"taxonomy":"product_tag","embeddable":true,"href":"https:\/\/leboxi.eu\/hr\/wp-json\/wp\/v2\/product_tag?post=19696"}],"curies":[{"name":"wp","href":"https:\/\/api.w.org\/{rel}","templated":true}]}}