{"id":19547,"date":"2024-08-25T20:28:00","date_gmt":"2024-08-25T19:28:00","guid":{"rendered":"https:\/\/leboxi.eu\/?post_type=product&#038;p=19547"},"modified":"2026-02-07T22:57:55","modified_gmt":"2026-02-07T21:57:55","slug":"moska-ogrlica-s-privjeskom","status":"publish","type":"product","link":"https:\/\/leboxi.eu\/hr\/proizvodi\/moska-ogrlica-s-privjeskom\/","title":{"rendered":"Mo\u0161ka ogrlica s privjeskom"},"content":{"rendered":"<p>Tra\u017eite li elegantan, a istovremeno izdr\u017eljiv modni dodatak? Ova mu\u0161ka ogrlica s privjeskom savr\u0161en je izbor za one koji cijene stil i kvalitetu.<\/p>\n<h5><\/h5>\n<h5>Zna\u010dajke:<\/h5>\n<p>&nbsp;<\/p>\n<p><strong>Du\u017eina:<\/strong> 58 cm \u2013 idealna du\u017eina koja se udobno prilago\u0111ava i upotpunjuje svaki stil.<\/p>\n<p><strong>Boja:<\/strong> Srebrna \u2013 bezvremenska elegancija poliranog \u010delika, koja pristaje svakom izgledu \/ zlatna.<\/p>\n<p><strong>Materijal:<\/strong> Nehr\u0111aju\u0107i \u010delik (316L), kirur\u0161ka kvaliteta. Izuzetno izdr\u017eljiviji od srebra, zlata ili platine. Ne\u0107e zahr\u0111ati, korodirati, potamniti, promijeniti boju ko\u017ee niti izblijedjeti.<\/p>\n<p><strong>\u0160irina ogrlice:<\/strong> 1 mm \u2013 tanka, ali istovremeno izdr\u017eljiva i estetski savr\u0161ena.<\/p>\n<p><strong>Veli\u010dina privjeska:<\/strong> 13 x 3,5 mm \u2013 minimalisti\u010dki privjesak koji nagla\u0161ava osobnost nositelja.<\/p>\n<h6><a href=\"https:\/\/leboxi.eu\/wp-content\/uploads\/2024\/08\/Moska-verizica-srebrna.jpg\"><img fetchpriority=\"high\" decoding=\"async\" class=\"alignnone wp-image-19608\" src=\"https:\/\/leboxi.eu\/wp-content\/uploads\/2024\/08\/Moska-verizica-srebrna.jpg\" alt=\"\" width=\"399\" height=\"532\" srcset=\"https:\/\/leboxi.eu\/wp-content\/uploads\/2024\/08\/Moska-verizica-srebrna.jpg 750w, https:\/\/leboxi.eu\/wp-content\/uploads\/2024\/08\/Moska-verizica-srebrna-600x800.jpg 600w, https:\/\/leboxi.eu\/wp-content\/uploads\/2024\/08\/Moska-verizica-srebrna-225x300.jpg 225w\" sizes=\"(max-width: 399px) 100vw, 399px\" \/>\u00a0 \u00a0<\/a><a href=\"https:\/\/leboxi.eu\/wp-content\/uploads\/2024\/08\/Moska-verizica-box-zlata-3.jpg\"><img decoding=\"async\" class=\"alignnone wp-image-19578\" src=\"https:\/\/leboxi.eu\/wp-content\/uploads\/2024\/08\/Moska-verizica-box-zlata-3.jpg\" alt=\"\" width=\"396\" height=\"528\" srcset=\"https:\/\/leboxi.eu\/wp-content\/uploads\/2024\/08\/Moska-verizica-box-zlata-3.jpg 750w, https:\/\/leboxi.eu\/wp-content\/uploads\/2024\/08\/Moska-verizica-box-zlata-3-600x800.jpg 600w, https:\/\/leboxi.eu\/wp-content\/uploads\/2024\/08\/Moska-verizica-box-zlata-3-225x300.jpg 225w\" sizes=\"(max-width: 396px) 100vw, 396px\" \/><\/a><\/h6>\n<div class=\"flex max-w-full flex-col flex-grow\">\n<div class=\"min-h-8 text-message flex w-full flex-col items-end gap-2 whitespace-normal break-words [.text-message+&amp;]:mt-5\" dir=\"auto\" data-message-author-role=\"assistant\" data-message-id=\"074d4ada-7874-47b2-a692-aa358c96fcd5\" data-message-model-slug=\"gpt-4o\">\n<div class=\"flex w-full flex-col gap-1 empty:hidden first:pt-[3px]\">\n<div class=\"markdown prose w-full break-words dark:prose-invert light\">\n<p>&nbsp;<\/p>\n<p>Za\u0161to odabrati ovu ogrlicu? Jer spaja bezvremensku eleganciju s prakti\u010dno\u0161\u0107u i dugotrajno\u0161\u0107u. Izvrstan je izbor za svakog mu\u0161karca, bilo kao poklon ili kao modni dodatak za svaki dan. Dodajte je u svoju kolekciju ve\u0107 danas!<\/p>\n<\/div>\n<\/div>\n<\/div>\n<\/div>\n<div class=\"mb-2 flex gap-3 empty:hidden -ml-2\">\n<div class=\"items-center justify-start rounded-xl p-1 flex\">\n<div class=\"flex items-center\"><a href=\"https:\/\/leboxi.eu\/wp-content\/uploads\/2024\/08\/Moska-verizica-wire-srebrna-3.jpg\"><img decoding=\"async\" class=\"alignnone wp-image-19551\" src=\"https:\/\/leboxi.eu\/wp-content\/uploads\/2024\/08\/Moska-verizica-wire-srebrna-3.jpg\" alt=\"\" width=\"378\" height=\"504\" srcset=\"https:\/\/leboxi.eu\/wp-content\/uploads\/2024\/08\/Moska-verizica-wire-srebrna-3.jpg 750w, https:\/\/leboxi.eu\/wp-content\/uploads\/2024\/08\/Moska-verizica-wire-srebrna-3-600x800.jpg 600w, https:\/\/leboxi.eu\/wp-content\/uploads\/2024\/08\/Moska-verizica-wire-srebrna-3-225x300.jpg 225w\" sizes=\"(max-width: 378px) 100vw, 378px\" \/><\/a> <a href=\"https:\/\/leboxi.eu\/wp-content\/uploads\/2024\/08\/Moska-verizica-square-srebrna-4.jpg\"><img loading=\"lazy\" decoding=\"async\" class=\"alignnone wp-image-19614\" src=\"https:\/\/leboxi.eu\/wp-content\/uploads\/2024\/08\/Moska-verizica-square-srebrna-4.jpg\" alt=\"\" width=\"377\" height=\"502\" srcset=\"https:\/\/leboxi.eu\/wp-content\/uploads\/2024\/08\/Moska-verizica-square-srebrna-4.jpg 750w, https:\/\/leboxi.eu\/wp-content\/uploads\/2024\/08\/Moska-verizica-square-srebrna-4-600x800.jpg 600w, https:\/\/leboxi.eu\/wp-content\/uploads\/2024\/08\/Moska-verizica-square-srebrna-4-225x300.jpg 225w\" sizes=\"(max-width: 377px) 100vw, 377px\" \/><\/a> <a href=\"https:\/\/leboxi.eu\/wp-content\/uploads\/2024\/08\/Moska-verizica-box-srebrna.jpg\"><img loading=\"lazy\" decoding=\"async\" class=\"alignnone wp-image-19572\" src=\"https:\/\/leboxi.eu\/wp-content\/uploads\/2024\/08\/Moska-verizica-box-srebrna.jpg\" alt=\"\" width=\"376\" height=\"501\" srcset=\"https:\/\/leboxi.eu\/wp-content\/uploads\/2024\/08\/Moska-verizica-box-srebrna.jpg 750w, https:\/\/leboxi.eu\/wp-content\/uploads\/2024\/08\/Moska-verizica-box-srebrna-600x800.jpg 600w, https:\/\/leboxi.eu\/wp-content\/uploads\/2024\/08\/Moska-verizica-box-srebrna-225x300.jpg 225w\" sizes=\"(max-width: 376px) 100vw, 376px\" \/><\/a><\/div>\n<div><\/div>\n<\/div>\n<\/div>\n<h6>Dodatno:<\/h6>\n<p>U poklon kutiju mo\u017eete uklju\u010diti i <a href=\"https:\/\/leboxi.eu\/izdelki\/cestitka-za-rojstni-dan\/\" target=\"_blank\" rel=\"noopener\">personaliziranu \u010destitku.<\/a><\/p>\n<p>Po \u017eelji \u0107emo dostaviti va\u0161 poklon primatelju, a podrazumijeva se da u paket ne\u0107emo prilo\u017eiti ra\u010dun tijekom isporuke. Ra\u010dun \u0107emo poslati vama.<\/p>\n<p>&nbsp;<\/p>\n","protected":false},"excerpt":{"rendered":"<p>Ova ogrlica je nezaobilazan komad za svakog mu\u0161karca, jer nije samo modni dodatak, ve\u0107 izra\u017eava njegov osobni stil, samopouzdanje i profinjenost. To je ogrlica koju mo\u017ee nositi svakodnevno, jer s minimalisti\u010dkim dizajnom ne samo da nadopunjuje razli\u010dite stilove, ve\u0107 tako\u0111er nagla\u0161ava osobnost onoga tko je nosi.<\/p>\n<p>Izra\u0111ena od visokokvalitetnog nehr\u0111aju\u0107eg \u010delika, ova ogrlica simbol je izdr\u017eljivosti i pouzdanosti \u2013 osobine koje cijenimo kod pravog mu\u0161karca. Izuzetno je otporna, tako da nema potrebe za brigu o hr\u0111anju, promjeni boje ko\u017ee ili blije\u0111enju. S du\u017einom od 58 cm, savr\u0161eno pristaje svakom mu\u0161karcu, daju\u0107i osje\u0107aj snage i urednosti, a da nije previ\u0161e upadljiva.<\/p>\n<p>On je treba jer izra\u017eava eleganciju i funkcionalnost, dok ujedno predstavlja komad nakita o kojem se ne treba brinuti kada je u pitanju odr\u017eavanje. Savr\u0161ena je za onoga tko tra\u017ei jednostavan, ali sofisticiran dodatak koji \u0107e trajati godinama.<\/p>\n<p>Ako \u017eelite, mo\u017eemo va\u0161u poklon dostavu obaviti mi, bez prilo\u017eenog ra\u010duna. Ra\u010dun \u0107ete primiti vi.<\/p>\n","protected":false},"featured_media":19549,"comment_status":"open","ping_status":"closed","template":"","meta":{"site-sidebar-layout":"default","site-content-layout":"default","ast-site-content-layout":"default","site-content-style":"default","site-sidebar-style":"default","ast-global-header-display":"","ast-banner-title-visibility":"","ast-main-header-display":"","ast-hfb-above-header-display":"","ast-hfb-below-header-display":"","ast-hfb-mobile-header-display":"","site-post-title":"","ast-breadcrumbs-content":"","ast-featured-img":"","footer-sml-layout":"","ast-disable-related-posts":"","theme-transparent-header-meta":"default","adv-header-id-meta":"","stick-header-meta":"","header-above-stick-meta":"","header-main-stick-meta":"","header-below-stick-meta":"","astra-migrate-meta-layouts":"set","ast-page-background-enabled":"default","ast-page-background-meta":{"desktop":{"background-color":"","background-image":"","background-repeat":"repeat","background-position":"center center","background-size":"auto","background-attachment":"scroll","background-type":"","background-media":"","overlay-type":"","overlay-color":"","overlay-opacity":"","overlay-gradient":""},"tablet":{"background-color":"","background-image":"","background-repeat":"repeat","background-position":"center center","background-size":"auto","background-attachment":"scroll","background-type":"","background-media":"","overlay-type":"","overlay-color":"","overlay-opacity":"","overlay-gradient":""},"mobile":{"background-color":"","background-image":"","background-repeat":"repeat","background-position":"center center","background-size":"auto","background-attachment":"scroll","background-type":"","background-media":"","overlay-type":"","overlay-color":"","overlay-opacity":"","overlay-gradient":""}},"ast-content-background-meta":{"desktop":{"background-color":"var(--ast-global-color-5)","background-image":"","background-repeat":"repeat","background-position":"center center","background-size":"auto","background-attachment":"scroll","background-type":"","background-media":"","overlay-type":"","overlay-color":"","overlay-opacity":"","overlay-gradient":""},"tablet":{"background-color":"var(--ast-global-color-5)","background-image":"","background-repeat":"repeat","background-position":"center center","background-size":"auto","background-attachment":"scroll","background-type":"","background-media":"","overlay-type":"","overlay-color":"","overlay-opacity":"","overlay-gradient":""},"mobile":{"background-color":"var(--ast-global-color-5)","background-image":"","background-repeat":"repeat","background-position":"center center","background-size":"auto","background-attachment":"scroll","background-type":"","background-media":"","overlay-type":"","overlay-color":"","overlay-opacity":"","overlay-gradient":""}}},"product_brand":[],"product_cat":[225,75,217,73,204,227,207,213,214,209,226,208,202],"product_tag":[],"class_list":{"0":"post-19547","1":"product","2":"type-product","3":"status-publish","4":"has-post-thumbnail","6":"product_cat-bozicni-pokloni-za-muskarce","7":"product_cat-muski","8":"product_cat-ogrlice","9":"product_cat-opcenito","10":"product_cat-poklon-za-rodenje-djeteta","11":"product_cat-poklon-za-valentinovo-za-njega","12":"product_cat-pokloni-za-bozic","13":"product_cat-pokloni-za-decka","14":"product_cat-pokloni-za-muskarce","15":"product_cat-pokloni-za-rodendan-hr","16":"product_cat-pokloni-za-rodendan-za-muskarce","17":"product_cat-pokloni-za-valentinovo","18":"product_cat-prilike","19":"desktop-align-left","20":"tablet-align-left","21":"mobile-align-left","23":"first","24":"instock","25":"sale","26":"taxable","27":"shipping-taxable","28":"purchasable","29":"product-type-variable"},"yoast_head":"<!-- This site is optimized with the Yoast SEO plugin v27.3 - https:\/\/yoast.com\/product\/yoast-seo-wordpress\/ -->\n<title>Ogrlica za mu\u0161karce | Le Boxi<\/title>\n<meta name=\"description\" content=\"Set dekanter izvrstan je poklon za sve koji se vole po\u010dastiti \u010da\u0161om \u017eestokog pi\u0107a, a pritom cijene savr\u0161en dizajn proizvoda.\" \/>\n<meta name=\"robots\" content=\"index, follow, max-snippet:-1, max-image-preview:large, max-video-preview:-1\" \/>\n<link rel=\"canonical\" href=\"https:\/\/leboxi.eu\/hr\/proizvodi\/moska-ogrlica-s-privjeskom\/\" \/>\n<meta property=\"og:locale\" content=\"hr_HR\" \/>\n<meta property=\"og:type\" content=\"article\" \/>\n<meta property=\"og:title\" content=\"Ogrlica za mu\u0161karce | Le Boxi\" \/>\n<meta property=\"og:description\" content=\"Set dekanter izvrstan je poklon za sve koji se vole po\u010dastiti \u010da\u0161om \u017eestokog pi\u0107a, a pritom cijene savr\u0161en dizajn proizvoda.\" \/>\n<meta property=\"og:url\" content=\"https:\/\/leboxi.eu\/hr\/proizvodi\/moska-ogrlica-s-privjeskom\/\" \/>\n<meta property=\"og:site_name\" content=\"Le Boxi | Unikatna darila za vsakogar\" \/>\n<meta property=\"article:publisher\" content=\"https:\/\/www.facebook.com\/leboxi.eu\" \/>\n<meta property=\"article:modified_time\" content=\"2026-02-07T21:57:55+00:00\" \/>\n<meta property=\"og:image\" content=\"https:\/\/leboxi.eu\/wp-content\/uploads\/2024\/08\/Moska-verizica-square-srebrna-2.jpg\" \/>\n\t<meta property=\"og:image:width\" content=\"1000\" \/>\n\t<meta property=\"og:image:height\" content=\"1000\" \/>\n\t<meta property=\"og:image:type\" content=\"image\/jpeg\" \/>\n<meta name=\"twitter:card\" content=\"summary_large_image\" \/>\n<meta name=\"twitter:label1\" content=\"Procijenjeno vrijeme \u010ditanja\" \/>\n\t<meta name=\"twitter:data1\" content=\"1 minuta\" \/>\n<script type=\"application\/ld+json\" class=\"yoast-schema-graph\">{\"@context\":\"https:\\\/\\\/schema.org\",\"@graph\":[{\"@type\":\"WebPage\",\"@id\":\"https:\\\/\\\/leboxi.eu\\\/hr\\\/proizvodi\\\/moska-ogrlica-s-privjeskom\\\/\",\"url\":\"https:\\\/\\\/leboxi.eu\\\/hr\\\/proizvodi\\\/moska-ogrlica-s-privjeskom\\\/\",\"name\":\"Ogrlica za mu\u0161karce | Le Boxi\",\"isPartOf\":{\"@id\":\"https:\\\/\\\/leboxi.eu\\\/hr\\\/#website\"},\"primaryImageOfPage\":{\"@id\":\"https:\\\/\\\/leboxi.eu\\\/hr\\\/proizvodi\\\/moska-ogrlica-s-privjeskom\\\/#primaryimage\"},\"image\":{\"@id\":\"https:\\\/\\\/leboxi.eu\\\/hr\\\/proizvodi\\\/moska-ogrlica-s-privjeskom\\\/#primaryimage\"},\"thumbnailUrl\":\"https:\\\/\\\/leboxi.eu\\\/wp-content\\\/uploads\\\/2024\\\/08\\\/Moska-verizica-square-srebrna-2.jpg\",\"datePublished\":\"2024-08-25T19:28:00+00:00\",\"dateModified\":\"2026-02-07T21:57:55+00:00\",\"description\":\"Set dekanter izvrstan je poklon za sve koji se vole po\u010dastiti \u010da\u0161om \u017eestokog pi\u0107a, a pritom cijene savr\u0161en dizajn proizvoda.\",\"breadcrumb\":{\"@id\":\"https:\\\/\\\/leboxi.eu\\\/hr\\\/proizvodi\\\/moska-ogrlica-s-privjeskom\\\/#breadcrumb\"},\"inLanguage\":\"hr\",\"potentialAction\":[{\"@type\":\"ReadAction\",\"target\":[\"https:\\\/\\\/leboxi.eu\\\/hr\\\/proizvodi\\\/moska-ogrlica-s-privjeskom\\\/\"]}]},{\"@type\":\"ImageObject\",\"inLanguage\":\"hr\",\"@id\":\"https:\\\/\\\/leboxi.eu\\\/hr\\\/proizvodi\\\/moska-ogrlica-s-privjeskom\\\/#primaryimage\",\"url\":\"https:\\\/\\\/leboxi.eu\\\/wp-content\\\/uploads\\\/2024\\\/08\\\/Moska-verizica-square-srebrna-2.jpg\",\"contentUrl\":\"https:\\\/\\\/leboxi.eu\\\/wp-content\\\/uploads\\\/2024\\\/08\\\/Moska-verizica-square-srebrna-2.jpg\",\"width\":1000,\"height\":1000},{\"@type\":\"BreadcrumbList\",\"@id\":\"https:\\\/\\\/leboxi.eu\\\/hr\\\/proizvodi\\\/moska-ogrlica-s-privjeskom\\\/#breadcrumb\",\"itemListElement\":[{\"@type\":\"ListItem\",\"position\":1,\"name\":\"Doma\",\"item\":\"https:\\\/\\\/leboxi.eu\\\/hr\\\/originalni-rodendanski-pokloni-za-zene-muskarce-i-novorodencad\\\/\"},{\"@type\":\"ListItem\",\"position\":2,\"name\":\"Trgovina\",\"item\":\"https:\\\/\\\/leboxi.eu\\\/hr\\\/trgovina\\\/\"},{\"@type\":\"ListItem\",\"position\":3,\"name\":\"Mo\u0161ka ogrlica s privjeskom\"}]},{\"@type\":\"WebSite\",\"@id\":\"https:\\\/\\\/leboxi.eu\\\/hr\\\/#website\",\"url\":\"https:\\\/\\\/leboxi.eu\\\/hr\\\/\",\"name\":\"Le Boxi | Unikatna darila za vsakogar\",\"description\":\"Unikatna darila in darilne \u0161katle za vse prilo\u017enosti.\",\"publisher\":{\"@id\":\"https:\\\/\\\/leboxi.eu\\\/hr\\\/#organization\"},\"potentialAction\":[{\"@type\":\"SearchAction\",\"target\":{\"@type\":\"EntryPoint\",\"urlTemplate\":\"https:\\\/\\\/leboxi.eu\\\/hr\\\/?s={search_term_string}\"},\"query-input\":{\"@type\":\"PropertyValueSpecification\",\"valueRequired\":true,\"valueName\":\"search_term_string\"}}],\"inLanguage\":\"hr\"},{\"@type\":\"Organization\",\"@id\":\"https:\\\/\\\/leboxi.eu\\\/hr\\\/#organization\",\"name\":\"LE BOXI\",\"url\":\"https:\\\/\\\/leboxi.eu\\\/hr\\\/\",\"logo\":{\"@type\":\"ImageObject\",\"inLanguage\":\"hr\",\"@id\":\"https:\\\/\\\/leboxi.eu\\\/hr\\\/#\\\/schema\\\/logo\\\/image\\\/\",\"url\":\"https:\\\/\\\/leboxi.eu\\\/wp-content\\\/uploads\\\/2021\\\/02\\\/LeBoxi-manjsi-png.png\",\"contentUrl\":\"https:\\\/\\\/leboxi.eu\\\/wp-content\\\/uploads\\\/2021\\\/02\\\/LeBoxi-manjsi-png.png\",\"width\":389,\"height\":164,\"caption\":\"LE BOXI\"},\"image\":{\"@id\":\"https:\\\/\\\/leboxi.eu\\\/hr\\\/#\\\/schema\\\/logo\\\/image\\\/\"},\"sameAs\":[\"https:\\\/\\\/www.facebook.com\\\/leboxi.eu\",\"https:\\\/\\\/www.instagram.com\\\/le.boxi\\\/\"]}]}<\/script>\n<!-- \/ Yoast SEO plugin. -->","yoast_head_json":{"title":"Ogrlica za mu\u0161karce | Le Boxi","description":"Set dekanter izvrstan je poklon za sve koji se vole po\u010dastiti \u010da\u0161om \u017eestokog pi\u0107a, a pritom cijene savr\u0161en dizajn proizvoda.","robots":{"index":"index","follow":"follow","max-snippet":"max-snippet:-1","max-image-preview":"max-image-preview:large","max-video-preview":"max-video-preview:-1"},"canonical":"https:\/\/leboxi.eu\/hr\/proizvodi\/moska-ogrlica-s-privjeskom\/","og_locale":"hr_HR","og_type":"article","og_title":"Ogrlica za mu\u0161karce | Le Boxi","og_description":"Set dekanter izvrstan je poklon za sve koji se vole po\u010dastiti \u010da\u0161om \u017eestokog pi\u0107a, a pritom cijene savr\u0161en dizajn proizvoda.","og_url":"https:\/\/leboxi.eu\/hr\/proizvodi\/moska-ogrlica-s-privjeskom\/","og_site_name":"Le Boxi | Unikatna darila za vsakogar","article_publisher":"https:\/\/www.facebook.com\/leboxi.eu","article_modified_time":"2026-02-07T21:57:55+00:00","og_image":[{"width":1000,"height":1000,"url":"https:\/\/leboxi.eu\/wp-content\/uploads\/2024\/08\/Moska-verizica-square-srebrna-2.jpg","type":"image\/jpeg"}],"twitter_card":"summary_large_image","twitter_misc":{"Procijenjeno vrijeme \u010ditanja":"1 minuta"},"schema":{"@context":"https:\/\/schema.org","@graph":[{"@type":"WebPage","@id":"https:\/\/leboxi.eu\/hr\/proizvodi\/moska-ogrlica-s-privjeskom\/","url":"https:\/\/leboxi.eu\/hr\/proizvodi\/moska-ogrlica-s-privjeskom\/","name":"Ogrlica za mu\u0161karce | Le Boxi","isPartOf":{"@id":"https:\/\/leboxi.eu\/hr\/#website"},"primaryImageOfPage":{"@id":"https:\/\/leboxi.eu\/hr\/proizvodi\/moska-ogrlica-s-privjeskom\/#primaryimage"},"image":{"@id":"https:\/\/leboxi.eu\/hr\/proizvodi\/moska-ogrlica-s-privjeskom\/#primaryimage"},"thumbnailUrl":"https:\/\/leboxi.eu\/wp-content\/uploads\/2024\/08\/Moska-verizica-square-srebrna-2.jpg","datePublished":"2024-08-25T19:28:00+00:00","dateModified":"2026-02-07T21:57:55+00:00","description":"Set dekanter izvrstan je poklon za sve koji se vole po\u010dastiti \u010da\u0161om \u017eestokog pi\u0107a, a pritom cijene savr\u0161en dizajn proizvoda.","breadcrumb":{"@id":"https:\/\/leboxi.eu\/hr\/proizvodi\/moska-ogrlica-s-privjeskom\/#breadcrumb"},"inLanguage":"hr","potentialAction":[{"@type":"ReadAction","target":["https:\/\/leboxi.eu\/hr\/proizvodi\/moska-ogrlica-s-privjeskom\/"]}]},{"@type":"ImageObject","inLanguage":"hr","@id":"https:\/\/leboxi.eu\/hr\/proizvodi\/moska-ogrlica-s-privjeskom\/#primaryimage","url":"https:\/\/leboxi.eu\/wp-content\/uploads\/2024\/08\/Moska-verizica-square-srebrna-2.jpg","contentUrl":"https:\/\/leboxi.eu\/wp-content\/uploads\/2024\/08\/Moska-verizica-square-srebrna-2.jpg","width":1000,"height":1000},{"@type":"BreadcrumbList","@id":"https:\/\/leboxi.eu\/hr\/proizvodi\/moska-ogrlica-s-privjeskom\/#breadcrumb","itemListElement":[{"@type":"ListItem","position":1,"name":"Doma","item":"https:\/\/leboxi.eu\/hr\/originalni-rodendanski-pokloni-za-zene-muskarce-i-novorodencad\/"},{"@type":"ListItem","position":2,"name":"Trgovina","item":"https:\/\/leboxi.eu\/hr\/trgovina\/"},{"@type":"ListItem","position":3,"name":"Mo\u0161ka ogrlica s privjeskom"}]},{"@type":"WebSite","@id":"https:\/\/leboxi.eu\/hr\/#website","url":"https:\/\/leboxi.eu\/hr\/","name":"Le Boxi | Unikatna darila za vsakogar","description":"Unikatna darila in darilne \u0161katle za vse prilo\u017enosti.","publisher":{"@id":"https:\/\/leboxi.eu\/hr\/#organization"},"potentialAction":[{"@type":"SearchAction","target":{"@type":"EntryPoint","urlTemplate":"https:\/\/leboxi.eu\/hr\/?s={search_term_string}"},"query-input":{"@type":"PropertyValueSpecification","valueRequired":true,"valueName":"search_term_string"}}],"inLanguage":"hr"},{"@type":"Organization","@id":"https:\/\/leboxi.eu\/hr\/#organization","name":"LE BOXI","url":"https:\/\/leboxi.eu\/hr\/","logo":{"@type":"ImageObject","inLanguage":"hr","@id":"https:\/\/leboxi.eu\/hr\/#\/schema\/logo\/image\/","url":"https:\/\/leboxi.eu\/wp-content\/uploads\/2021\/02\/LeBoxi-manjsi-png.png","contentUrl":"https:\/\/leboxi.eu\/wp-content\/uploads\/2021\/02\/LeBoxi-manjsi-png.png","width":389,"height":164,"caption":"LE BOXI"},"image":{"@id":"https:\/\/leboxi.eu\/hr\/#\/schema\/logo\/image\/"},"sameAs":["https:\/\/www.facebook.com\/leboxi.eu","https:\/\/www.instagram.com\/le.boxi\/"]}]}},"tiered_pricing_type":"fixed","tiered_pricing_fixed_rules":{"2":26.1,"3":24.8},"tiered_pricing_product_settings":{"layout":"default","base_unit_name":{"singular":null,"plural":null},"default_variation":null},"tiered_pricing_minimum_quantity":null,"tiered_pricing_roles_data":[],"tiered_pricing_percentage_rules":[],"_links":{"self":[{"href":"https:\/\/leboxi.eu\/hr\/wp-json\/wp\/v2\/product\/19547","targetHints":{"allow":["GET"]}}],"collection":[{"href":"https:\/\/leboxi.eu\/hr\/wp-json\/wp\/v2\/product"}],"about":[{"href":"https:\/\/leboxi.eu\/hr\/wp-json\/wp\/v2\/types\/product"}],"replies":[{"embeddable":true,"href":"https:\/\/leboxi.eu\/hr\/wp-json\/wp\/v2\/comments?post=19547"}],"version-history":[{"count":0,"href":"https:\/\/leboxi.eu\/hr\/wp-json\/wp\/v2\/product\/19547\/revisions"}],"wp:featuredmedia":[{"embeddable":true,"href":"https:\/\/leboxi.eu\/hr\/wp-json\/wp\/v2\/media\/19549"}],"wp:attachment":[{"href":"https:\/\/leboxi.eu\/hr\/wp-json\/wp\/v2\/media?parent=19547"}],"wp:term":[{"taxonomy":"product_brand","embeddable":true,"href":"https:\/\/leboxi.eu\/hr\/wp-json\/wp\/v2\/product_brand?post=19547"},{"taxonomy":"product_cat","embeddable":true,"href":"https:\/\/leboxi.eu\/hr\/wp-json\/wp\/v2\/product_cat?post=19547"},{"taxonomy":"product_tag","embeddable":true,"href":"https:\/\/leboxi.eu\/hr\/wp-json\/wp\/v2\/product_tag?post=19547"}],"curies":[{"name":"wp","href":"https:\/\/api.w.org\/{rel}","templated":true}]}}