{"id":17468,"date":"2024-02-25T20:35:15","date_gmt":"2024-02-25T19:35:15","guid":{"rendered":"https:\/\/leboxi.eu\/?post_type=product&#038;p=17468"},"modified":"2024-04-01T21:43:33","modified_gmt":"2024-04-01T20:43:33","slug":"kozni-novcanik-pop-up-rfid-kopija","status":"publish","type":"product","link":"https:\/\/leboxi.eu\/hr\/proizvodi\/kozni-novcanik-pop-up-rfid-kopija\/","title":{"rendered":"Ko\u017eni nov\u010danik POP UP | RFID"},"content":{"rendered":"<p>Otkrijte vrhunsku udobnost i bezvremensku eleganciju s na\u0161im mu\u0161kim nov\u010danikom izra\u0111enim od visokokvalitetne ko\u017ee. Ova sofisticiranost spaja funkcionalnost, stil i izdr\u017eljivost, \u0161to \u0107e \u0161armirati i mu\u0161karce i \u017eene koji \u017eele samo najbolje.<\/p>\n<h5><strong>Puno prostora za pohranu<\/strong><\/h5>\n<ul>\n<li>Pretinac za sko\u010dne kartice dr\u017ei 5-6 kartica, vidljiv ID prozor i 4 dodatna unutarnja utora za kartice<\/li>\n<li>U sredini nov\u010danika ima mjesta za razne nov\u010danice<\/li>\n<li>Dodan je donji d\u017eep s patentnim zatvara\u010dem za spremanje kovanica.<\/li>\n<\/ul>\n<h5><strong>Materijal<\/strong><\/h5>\n<p>Mu\u0161ki nov\u010danik izra\u0111en je od ekolo\u0161ki \u0161tavljene prave ko\u017ee koja je luksuzna koliko i izdr\u017eljiva. S vremenom \u0107e va\u0161 nov\u010danik omek\u0161ati, savr\u0161eno se prilagoditi va\u0161em d\u017eepu i razvijati karakter kako stari.<\/p>\n<p>&nbsp;<\/p>\n<h5><strong>Precizna proizvodnja<\/strong><\/h5>\n<p>Ko\u017eni nov\u010danik izra\u0111en je preciznim \u0161avovima, u &#8220;vintage&#8221; stilu, koji je ugodan na dodir, a osigurava trajnost.<\/p>\n<p><a href=\"https:\/\/leboxi.eu\/wp-content\/uploads\/2023\/11\/denarinica-crna-11.jpg\"><img fetchpriority=\"high\" decoding=\"async\" class=\"alignnone wp-image-15473 size-full\" src=\"https:\/\/leboxi.eu\/wp-content\/uploads\/2023\/11\/denarinica-crna-11.jpg\" alt=\"\" width=\"900\" height=\"900\" srcset=\"https:\/\/leboxi.eu\/wp-content\/uploads\/2023\/11\/denarinica-crna-11.jpg 900w, https:\/\/leboxi.eu\/wp-content\/uploads\/2023\/11\/denarinica-crna-11-300x300.jpg 300w, https:\/\/leboxi.eu\/wp-content\/uploads\/2023\/11\/denarinica-crna-11-100x100.jpg 100w, https:\/\/leboxi.eu\/wp-content\/uploads\/2023\/11\/elementor\/thumbs\/denarinica-crna-11-r035zlens3nekm1yks8tjog1un4y054x7vdykb0d4g.jpg 600w, https:\/\/leboxi.eu\/wp-content\/uploads\/2023\/11\/denarinica-crna-11-150x150.jpg 150w, https:\/\/leboxi.eu\/wp-content\/uploads\/2023\/11\/denarinica-crna-11-768x768.jpg 768w\" sizes=\"(max-width: 900px) 100vw, 900px\" \/><\/a><\/p>\n<h5>Debela prava ko\u017ea<\/h5>\n<p>Pore \u200b\u200bna povr\u0161ini su fine i glatke, a tekstura je jasna i elegantna, \u0161to nov\u010daniku daje moderan i lijep izgled, a istovremeno zadr\u017eava njegovu \u010dvrsto\u0107u. S vremenom \u0107e va\u0161 nov\u010danik omek\u0161ati, savr\u0161eno se prilagoditi va\u0161em d\u017eepu i razvijati karakter kako stari.<\/p>\n<p><a href=\"https:\/\/leboxi.eu\/wp-content\/uploads\/2023\/11\/denarinica-crna-12.jpg\"><img decoding=\"async\" class=\"alignnone wp-image-15475 size-full\" src=\"https:\/\/leboxi.eu\/wp-content\/uploads\/2023\/11\/denarinica-crna-12.jpg\" alt=\"\" width=\"900\" height=\"900\" srcset=\"https:\/\/leboxi.eu\/wp-content\/uploads\/2023\/11\/denarinica-crna-12.jpg 900w, https:\/\/leboxi.eu\/wp-content\/uploads\/2023\/11\/denarinica-crna-12-300x300.jpg 300w, https:\/\/leboxi.eu\/wp-content\/uploads\/2023\/11\/denarinica-crna-12-100x100.jpg 100w, https:\/\/leboxi.eu\/wp-content\/uploads\/2023\/11\/denarinica-crna-12-600x600.jpg 600w, https:\/\/leboxi.eu\/wp-content\/uploads\/2023\/11\/denarinica-crna-12-150x150.jpg 150w, https:\/\/leboxi.eu\/wp-content\/uploads\/2023\/11\/denarinica-crna-12-768x768.jpg 768w\" sizes=\"(max-width: 900px) 100vw, 900px\" \/><\/a><\/p>\n<h5>Prostrani d\u017eep za nov\u010danice<\/h5>\n<p>Do 10 kartica i 8 nov\u010danica<\/p>\n<ul>\n<li>4 dodatna utora za kartice<\/li>\n<li>Prozor za osobnu iskaznicu ili voza\u010dku dozvolu<\/li>\n<li>Prostrani pretinci za nov\u010danice i pop-up dr\u017ea\u010d za kartice<\/li>\n<\/ul>\n<p><a href=\"https:\/\/leboxi.eu\/wp-content\/uploads\/2023\/11\/denarinica-9.jpg\"><img decoding=\"async\" class=\"alignnone wp-image-15469 size-full\" src=\"https:\/\/leboxi.eu\/wp-content\/uploads\/2023\/11\/denarinica-9.jpg\" alt=\"\" width=\"900\" height=\"900\" srcset=\"https:\/\/leboxi.eu\/wp-content\/uploads\/2023\/11\/denarinica-9.jpg 900w, https:\/\/leboxi.eu\/wp-content\/uploads\/2023\/11\/denarinica-9-300x300.jpg 300w, https:\/\/leboxi.eu\/wp-content\/uploads\/2023\/11\/denarinica-9-100x100.jpg 100w, https:\/\/leboxi.eu\/wp-content\/uploads\/2023\/11\/denarinica-9-600x600.jpg 600w, https:\/\/leboxi.eu\/wp-content\/uploads\/2023\/11\/denarinica-9-150x150.jpg 150w, https:\/\/leboxi.eu\/wp-content\/uploads\/2023\/11\/denarinica-9-768x768.jpg 768w\" sizes=\"(max-width: 900px) 100vw, 900px\" \/><\/a><\/p>\n<h5>Magnetno zatvaranje<\/h5>\n<p>Otvarajte i zatvarajte svoj nov\u010danik na prikladan na\u010din, s brzim pristupom karticama s bo\u010dnim kliznim gumbom.<\/p>\n<p><a href=\"https:\/\/leboxi.eu\/wp-content\/uploads\/2023\/11\/denarnica-crna-6.jpg\"><img loading=\"lazy\" decoding=\"async\" class=\"alignnone wp-image-15491 size-full\" src=\"https:\/\/leboxi.eu\/wp-content\/uploads\/2023\/11\/denarnica-crna-6.jpg\" alt=\"\" width=\"900\" height=\"900\" srcset=\"https:\/\/leboxi.eu\/wp-content\/uploads\/2023\/11\/denarnica-crna-6.jpg 900w, https:\/\/leboxi.eu\/wp-content\/uploads\/2023\/11\/denarnica-crna-6-300x300.jpg 300w, https:\/\/leboxi.eu\/wp-content\/uploads\/2023\/11\/denarnica-crna-6-100x100.jpg 100w, https:\/\/leboxi.eu\/wp-content\/uploads\/2023\/11\/denarnica-crna-6-600x600.jpg 600w, https:\/\/leboxi.eu\/wp-content\/uploads\/2023\/11\/denarnica-crna-6-150x150.jpg 150w, https:\/\/leboxi.eu\/wp-content\/uploads\/2023\/11\/denarnica-crna-6-768x768.jpg 768w\" sizes=\"(max-width: 900px) 100vw, 900px\" \/><\/a><\/p>\n<h5>D\u017eep s patentnim zatvara\u010dem<\/h5>\n<p>Za nekoliko nov\u010di\u0107a ili presavijenih nov\u010danica i tako\u0111er za pohranu va\u0161eg AirTaga za pra\u0107enje va\u0161eg nov\u010danika.<\/p>\n<p><a href=\"https:\/\/leboxi.eu\/wp-content\/uploads\/2023\/11\/denarnica-crna-5.png\"><img loading=\"lazy\" decoding=\"async\" class=\"alignnone wp-image-15481 size-full\" src=\"https:\/\/leboxi.eu\/wp-content\/uploads\/2023\/11\/denarnica-crna-5.png\" alt=\"\" width=\"460\" height=\"460\" srcset=\"https:\/\/leboxi.eu\/wp-content\/uploads\/2023\/11\/denarnica-crna-5.png 460w, https:\/\/leboxi.eu\/wp-content\/uploads\/2023\/11\/denarnica-crna-5-300x300.png 300w, https:\/\/leboxi.eu\/wp-content\/uploads\/2023\/11\/denarnica-crna-5-100x100.png 100w, https:\/\/leboxi.eu\/wp-content\/uploads\/2023\/11\/denarnica-crna-5-150x150.png 150w\" sizes=\"(max-width: 460px) 100vw, 460px\" \/><\/a> <a href=\"https:\/\/leboxi.eu\/wp-content\/uploads\/2023\/11\/denarnica-crna-7.jpg\"><img loading=\"lazy\" decoding=\"async\" class=\"alignnone wp-image-15485 size-full\" src=\"https:\/\/leboxi.eu\/wp-content\/uploads\/2023\/11\/denarnica-crna-7.jpg\" alt=\"\" width=\"460\" height=\"460\" srcset=\"https:\/\/leboxi.eu\/wp-content\/uploads\/2023\/11\/denarnica-crna-7.jpg 460w, https:\/\/leboxi.eu\/wp-content\/uploads\/2023\/11\/denarnica-crna-7-300x300.jpg 300w, https:\/\/leboxi.eu\/wp-content\/uploads\/2023\/11\/denarnica-crna-7-100x100.jpg 100w, https:\/\/leboxi.eu\/wp-content\/uploads\/2023\/11\/denarnica-crna-7-150x150.jpg 150w\" sizes=\"(max-width: 460px) 100vw, 460px\" \/><\/a><\/p>\n<h5>RFID BLOKIRANJE<\/h5>\n<p>\u0160titi od ne\u017eeljene be\u017ei\u010dne komunikacije i osigurava sigurnost va\u0161e privatne imovine.<\/p>\n<p><a href=\"https:\/\/leboxi.eu\/wp-content\/uploads\/2025\/10\/gif.jpg\"><img loading=\"lazy\" decoding=\"async\" class=\"alignnone wp-image-18472 size-full\" src=\"https:\/\/leboxi.eu\/wp-content\/uploads\/2025\/10\/gif.jpg\" alt=\"\" width=\"900\" height=\"900\" \/><\/a><\/p>\n<p>Po \u017eelji \u0107emo dostaviti va\u0161 poklon primatelju, a podrazumijeva se da u paket ne\u0107emo prilo\u017eiti ra\u010dun tijekom isporuke. Ra\u010dun \u0107emo poslati vama.<\/p>\n<p>&nbsp;<\/p>\n<p>&nbsp;<\/p>\n","protected":false},"excerpt":{"rendered":"<p>Otkrijte nezaboravnu udobnost i izrazitu eleganciju uz na\u0161 mu\u0161ki nov\u010danik od visokokvalitetne ko\u017ee. Ovo remek-djelo spaja funkcionalnost, stil i izdr\u017eljivost u jednom proizvodu koji \u0107e odu\u0161eviti i mu\u0161karce i \u017eene koji cijene vrhunsku kvalitetu.<\/p>\n<p>Izra\u0111en s iznimnom precizno\u0161\u0107u od vrhunske ko\u017ee, na\u0161 mu\u0161ki nov\u010danik nije samo prakti\u010dan dodatak, ve\u0107 i modni dodatak koji \u0107e naglasiti va\u0161 jedinstveni stil. Uz RFID za\u0161titu, imat \u0107ete potpunu sigurnost za svoje kartice, dok \u0107e se moderan dizajn svidjeti svima koji tra\u017ee sofisticiranost i vrhunsku izradu. Inovativna upotreba <strong>popup<\/strong> tehnologije omogu\u0107uje jednostavan pristup kreditnim karticama uz zadr\u017eavanje \u010distih linija i elegantnog izgleda nov\u010danika. S ugra\u0111enim prostorom za kartice, gotovinu i druge va\u017ene dokumente, ovaj \u0107e nov\u010danik postati va\u0161 vjerni pratilac u svakodnevnom \u017eivotu. Odaberite najbolje i do\u017eivite savr\u0161enstvo s autenti\u010dnim mu\u0161kim nov\u010danikom koji ne samo da dobro funkcionira, ve\u0107 i odi\u0161e bezvremenskom elegancijom.<\/p>\n<p>Nov\u010danik je izra\u0111en od anodiziranog aluminija i luksuzno \u0161tavljene ko\u017ee koja prelazi uobi\u010dajene standarde. Nov\u010danik ima RFID blokator za za\u0161titu va\u0161ih kartica, jer blokira elektromagnetske signale. Mu\u0161ki nov\u010danik ima ugra\u0111eno magnetsko zatvaranje koje sprje\u010dava ispadanje kartica i novca iz nov\u010danika. Njegovo kompaktno tijelo lak\u0161e je nositi i stane u svaki d\u017eep.<\/p>\n<p>Zna\u010dajke nov\u010danika:<\/p>\n<ul>\n<li>Materijal: <strong>Ekolo\u0161ki \u0161tavljena prava ko\u017ea<\/strong> vrlo visoke kvalitete i izdr\u017eljivosti, <strong>ku\u0107i\u0161te od eloksiranog aluminija<\/strong> koji daje snagu i svjetlost<\/li>\n<li>Mehanizam za brzi pristup karticama<\/li>\n<li>Gumb za bo\u010dno pomicanje<\/li>\n<li>Prima 1-12 kartica<\/li>\n<li>RFID tehnologija blokiranja<\/li>\n<li>Zapakiran u prefinu poklon kutiju<\/li>\n<\/ul>\n<p><iframe title=\"YouTube video player\" src=\"https:\/\/www.youtube.com\/embed\/a3RV5fovIVw?si=99Q89arPcqfWBcty\" width=\"560\" height=\"315\" frameborder=\"0\" allowfullscreen=\"allowfullscreen\"><\/iframe><br \/>\nPo \u017eelji \u0107emo dostaviti va\u0161 poklon primatelju, a podrazumijeva se da u paket ne\u0107emo prilo\u017eiti ra\u010dun tijekom isporuke. Ra\u010dun \u0107emo poslati vama.<\/p>\n<p>&nbsp;<\/p>\n","protected":false},"featured_media":17474,"comment_status":"open","ping_status":"closed","template":"","meta":{"site-sidebar-layout":"default","site-content-layout":"default","ast-site-content-layout":"default","site-content-style":"default","site-sidebar-style":"default","ast-global-header-display":"","ast-banner-title-visibility":"","ast-main-header-display":"","ast-hfb-above-header-display":"","ast-hfb-below-header-display":"","ast-hfb-mobile-header-display":"","site-post-title":"","ast-breadcrumbs-content":"","ast-featured-img":"","footer-sml-layout":"","ast-disable-related-posts":"","theme-transparent-header-meta":"default","adv-header-id-meta":"","stick-header-meta":"","header-above-stick-meta":"","header-main-stick-meta":"","header-below-stick-meta":"","astra-migrate-meta-layouts":"set","ast-page-background-enabled":"default","ast-page-background-meta":{"desktop":{"background-color":"","background-image":"","background-repeat":"repeat","background-position":"center center","background-size":"auto","background-attachment":"scroll","background-type":"","background-media":"","overlay-type":"","overlay-color":"","overlay-opacity":"","overlay-gradient":""},"tablet":{"background-color":"","background-image":"","background-repeat":"repeat","background-position":"center center","background-size":"auto","background-attachment":"scroll","background-type":"","background-media":"","overlay-type":"","overlay-color":"","overlay-opacity":"","overlay-gradient":""},"mobile":{"background-color":"","background-image":"","background-repeat":"repeat","background-position":"center center","background-size":"auto","background-attachment":"scroll","background-type":"","background-media":"","overlay-type":"","overlay-color":"","overlay-opacity":"","overlay-gradient":""}},"ast-content-background-meta":{"desktop":{"background-color":"var(--ast-global-color-5)","background-image":"","background-repeat":"repeat","background-position":"center center","background-size":"auto","background-attachment":"scroll","background-type":"","background-media":"","overlay-type":"","overlay-color":"","overlay-opacity":"","overlay-gradient":""},"tablet":{"background-color":"var(--ast-global-color-5)","background-image":"","background-repeat":"repeat","background-position":"center center","background-size":"auto","background-attachment":"scroll","background-type":"","background-media":"","overlay-type":"","overlay-color":"","overlay-opacity":"","overlay-gradient":""},"mobile":{"background-color":"var(--ast-global-color-5)","background-image":"","background-repeat":"repeat","background-position":"center center","background-size":"auto","background-attachment":"scroll","background-type":"","background-media":"","overlay-type":"","overlay-color":"","overlay-opacity":"","overlay-gradient":""}}},"product_brand":[],"product_cat":[310,225,75,73,227,207,213,214,209,226,208,202,320,314],"product_tag":[],"class_list":{"0":"post-17468","1":"product","2":"type-product","3":"status-publish","4":"has-post-thumbnail","6":"product_cat-black-friday-hr","7":"product_cat-bozicni-pokloni-za-muskarce","8":"product_cat-muski","9":"product_cat-opcenito","10":"product_cat-poklon-za-valentinovo-za-njega","11":"product_cat-pokloni-za-bozic","12":"product_cat-pokloni-za-decka","13":"product_cat-pokloni-za-muskarce","14":"product_cat-pokloni-za-rodendan-hr","15":"product_cat-pokloni-za-rodendan-za-muskarce","16":"product_cat-pokloni-za-valentinovo","17":"product_cat-prilike","18":"product_cat-proljetna-rasprodaja","19":"product_cat-zimska-rasprodaja","20":"desktop-align-left","21":"tablet-align-left","22":"mobile-align-left","24":"first","25":"instock","26":"sale","27":"featured","28":"taxable","29":"shipping-taxable","30":"purchasable","31":"product-type-simple"},"yoast_head":"<!-- This site is optimized with the Yoast SEO plugin v27.3 - https:\/\/yoast.com\/product\/yoast-seo-wordpress\/ -->\n<title>Mu\u0161ki nov\u010danik | POP UP tehnologija | Le Boxi<\/title>\n<meta name=\"description\" content=\"Otkrijte nezaboravnu udobnost i izrazitu eleganciju uz na\u0161 mu\u0161ki nov\u010danik od visokokvalitetne ko\u017ee. Mu\u0161ki nov\u010danik s POP UP tehnologijom pohrane kartica.\" \/>\n<meta name=\"robots\" content=\"index, follow, max-snippet:-1, max-image-preview:large, max-video-preview:-1\" \/>\n<link rel=\"canonical\" href=\"https:\/\/leboxi.eu\/hr\/proizvodi\/kozni-novcanik-pop-up-rfid-kopija\/\" \/>\n<meta property=\"og:locale\" content=\"hr_HR\" \/>\n<meta property=\"og:type\" content=\"article\" \/>\n<meta property=\"og:title\" content=\"Mu\u0161ki nov\u010danik | POP UP tehnologija | Le Boxi\" \/>\n<meta property=\"og:description\" content=\"Otkrijte nezaboravnu udobnost i izrazitu eleganciju uz na\u0161 mu\u0161ki nov\u010danik od visokokvalitetne ko\u017ee. Mu\u0161ki nov\u010danik s POP UP tehnologijom pohrane kartica.\" \/>\n<meta property=\"og:url\" content=\"https:\/\/leboxi.eu\/hr\/proizvodi\/kozni-novcanik-pop-up-rfid-kopija\/\" \/>\n<meta property=\"og:site_name\" content=\"Le Boxi | Unikatna darila za vsakogar\" \/>\n<meta property=\"article:publisher\" content=\"https:\/\/www.facebook.com\/leboxi.eu\" \/>\n<meta property=\"article:modified_time\" content=\"2024-04-01T20:43:33+00:00\" \/>\n<meta property=\"og:image\" content=\"https:\/\/leboxi.eu\/wp-content\/uploads\/2024\/02\/Izdelek-brez-naslova-6-1.jpg\" \/>\n\t<meta property=\"og:image:width\" content=\"1000\" \/>\n\t<meta property=\"og:image:height\" content=\"1000\" \/>\n\t<meta property=\"og:image:type\" content=\"image\/jpeg\" \/>\n<meta name=\"twitter:card\" content=\"summary_large_image\" \/>\n<meta name=\"twitter:label1\" content=\"Procijenjeno vrijeme \u010ditanja\" \/>\n\t<meta name=\"twitter:data1\" content=\"2 minuta\" \/>\n<script type=\"application\/ld+json\" class=\"yoast-schema-graph\">{\"@context\":\"https:\\\/\\\/schema.org\",\"@graph\":[{\"@type\":\"WebPage\",\"@id\":\"https:\\\/\\\/leboxi.eu\\\/hr\\\/proizvodi\\\/kozni-novcanik-pop-up-rfid-kopija\\\/\",\"url\":\"https:\\\/\\\/leboxi.eu\\\/hr\\\/proizvodi\\\/kozni-novcanik-pop-up-rfid-kopija\\\/\",\"name\":\"Mu\u0161ki nov\u010danik | POP UP tehnologija | Le Boxi\",\"isPartOf\":{\"@id\":\"https:\\\/\\\/leboxi.eu\\\/hr\\\/#website\"},\"primaryImageOfPage\":{\"@id\":\"https:\\\/\\\/leboxi.eu\\\/hr\\\/proizvodi\\\/kozni-novcanik-pop-up-rfid-kopija\\\/#primaryimage\"},\"image\":{\"@id\":\"https:\\\/\\\/leboxi.eu\\\/hr\\\/proizvodi\\\/kozni-novcanik-pop-up-rfid-kopija\\\/#primaryimage\"},\"thumbnailUrl\":\"https:\\\/\\\/leboxi.eu\\\/wp-content\\\/uploads\\\/2024\\\/02\\\/Izdelek-brez-naslova-6-1.jpg\",\"datePublished\":\"2024-02-25T19:35:15+00:00\",\"dateModified\":\"2024-04-01T20:43:33+00:00\",\"description\":\"Otkrijte nezaboravnu udobnost i izrazitu eleganciju uz na\u0161 mu\u0161ki nov\u010danik od visokokvalitetne ko\u017ee. Mu\u0161ki nov\u010danik s POP UP tehnologijom pohrane kartica.\",\"breadcrumb\":{\"@id\":\"https:\\\/\\\/leboxi.eu\\\/hr\\\/proizvodi\\\/kozni-novcanik-pop-up-rfid-kopija\\\/#breadcrumb\"},\"inLanguage\":\"hr\",\"potentialAction\":[{\"@type\":\"ReadAction\",\"target\":[\"https:\\\/\\\/leboxi.eu\\\/hr\\\/proizvodi\\\/kozni-novcanik-pop-up-rfid-kopija\\\/\"]}]},{\"@type\":\"ImageObject\",\"inLanguage\":\"hr\",\"@id\":\"https:\\\/\\\/leboxi.eu\\\/hr\\\/proizvodi\\\/kozni-novcanik-pop-up-rfid-kopija\\\/#primaryimage\",\"url\":\"https:\\\/\\\/leboxi.eu\\\/wp-content\\\/uploads\\\/2024\\\/02\\\/Izdelek-brez-naslova-6-1.jpg\",\"contentUrl\":\"https:\\\/\\\/leboxi.eu\\\/wp-content\\\/uploads\\\/2024\\\/02\\\/Izdelek-brez-naslova-6-1.jpg\",\"width\":1000,\"height\":1000},{\"@type\":\"BreadcrumbList\",\"@id\":\"https:\\\/\\\/leboxi.eu\\\/hr\\\/proizvodi\\\/kozni-novcanik-pop-up-rfid-kopija\\\/#breadcrumb\",\"itemListElement\":[{\"@type\":\"ListItem\",\"position\":1,\"name\":\"Doma\",\"item\":\"https:\\\/\\\/leboxi.eu\\\/hr\\\/originalni-rodendanski-pokloni-za-zene-muskarce-i-novorodencad\\\/\"},{\"@type\":\"ListItem\",\"position\":2,\"name\":\"Trgovina\",\"item\":\"https:\\\/\\\/leboxi.eu\\\/hr\\\/trgovina\\\/\"},{\"@type\":\"ListItem\",\"position\":3,\"name\":\"Ko\u017eni nov\u010danik POP UP | RFID\"}]},{\"@type\":\"WebSite\",\"@id\":\"https:\\\/\\\/leboxi.eu\\\/hr\\\/#website\",\"url\":\"https:\\\/\\\/leboxi.eu\\\/hr\\\/\",\"name\":\"Le Boxi | Unikatna darila za vsakogar\",\"description\":\"Unikatna darila in darilne \u0161katle za vse prilo\u017enosti.\",\"publisher\":{\"@id\":\"https:\\\/\\\/leboxi.eu\\\/hr\\\/#organization\"},\"potentialAction\":[{\"@type\":\"SearchAction\",\"target\":{\"@type\":\"EntryPoint\",\"urlTemplate\":\"https:\\\/\\\/leboxi.eu\\\/hr\\\/?s={search_term_string}\"},\"query-input\":{\"@type\":\"PropertyValueSpecification\",\"valueRequired\":true,\"valueName\":\"search_term_string\"}}],\"inLanguage\":\"hr\"},{\"@type\":\"Organization\",\"@id\":\"https:\\\/\\\/leboxi.eu\\\/hr\\\/#organization\",\"name\":\"LE BOXI\",\"url\":\"https:\\\/\\\/leboxi.eu\\\/hr\\\/\",\"logo\":{\"@type\":\"ImageObject\",\"inLanguage\":\"hr\",\"@id\":\"https:\\\/\\\/leboxi.eu\\\/hr\\\/#\\\/schema\\\/logo\\\/image\\\/\",\"url\":\"https:\\\/\\\/leboxi.eu\\\/wp-content\\\/uploads\\\/2021\\\/02\\\/LeBoxi-manjsi-png.png\",\"contentUrl\":\"https:\\\/\\\/leboxi.eu\\\/wp-content\\\/uploads\\\/2021\\\/02\\\/LeBoxi-manjsi-png.png\",\"width\":389,\"height\":164,\"caption\":\"LE BOXI\"},\"image\":{\"@id\":\"https:\\\/\\\/leboxi.eu\\\/hr\\\/#\\\/schema\\\/logo\\\/image\\\/\"},\"sameAs\":[\"https:\\\/\\\/www.facebook.com\\\/leboxi.eu\",\"https:\\\/\\\/www.instagram.com\\\/le.boxi\\\/\"]}]}<\/script>\n<!-- \/ Yoast SEO plugin. -->","yoast_head_json":{"title":"Mu\u0161ki nov\u010danik | POP UP tehnologija | Le Boxi","description":"Otkrijte nezaboravnu udobnost i izrazitu eleganciju uz na\u0161 mu\u0161ki nov\u010danik od visokokvalitetne ko\u017ee. Mu\u0161ki nov\u010danik s POP UP tehnologijom pohrane kartica.","robots":{"index":"index","follow":"follow","max-snippet":"max-snippet:-1","max-image-preview":"max-image-preview:large","max-video-preview":"max-video-preview:-1"},"canonical":"https:\/\/leboxi.eu\/hr\/proizvodi\/kozni-novcanik-pop-up-rfid-kopija\/","og_locale":"hr_HR","og_type":"article","og_title":"Mu\u0161ki nov\u010danik | POP UP tehnologija | Le Boxi","og_description":"Otkrijte nezaboravnu udobnost i izrazitu eleganciju uz na\u0161 mu\u0161ki nov\u010danik od visokokvalitetne ko\u017ee. Mu\u0161ki nov\u010danik s POP UP tehnologijom pohrane kartica.","og_url":"https:\/\/leboxi.eu\/hr\/proizvodi\/kozni-novcanik-pop-up-rfid-kopija\/","og_site_name":"Le Boxi | Unikatna darila za vsakogar","article_publisher":"https:\/\/www.facebook.com\/leboxi.eu","article_modified_time":"2024-04-01T20:43:33+00:00","og_image":[{"width":1000,"height":1000,"url":"https:\/\/leboxi.eu\/wp-content\/uploads\/2024\/02\/Izdelek-brez-naslova-6-1.jpg","type":"image\/jpeg"}],"twitter_card":"summary_large_image","twitter_misc":{"Procijenjeno vrijeme \u010ditanja":"2 minuta"},"schema":{"@context":"https:\/\/schema.org","@graph":[{"@type":"WebPage","@id":"https:\/\/leboxi.eu\/hr\/proizvodi\/kozni-novcanik-pop-up-rfid-kopija\/","url":"https:\/\/leboxi.eu\/hr\/proizvodi\/kozni-novcanik-pop-up-rfid-kopija\/","name":"Mu\u0161ki nov\u010danik | POP UP tehnologija | Le Boxi","isPartOf":{"@id":"https:\/\/leboxi.eu\/hr\/#website"},"primaryImageOfPage":{"@id":"https:\/\/leboxi.eu\/hr\/proizvodi\/kozni-novcanik-pop-up-rfid-kopija\/#primaryimage"},"image":{"@id":"https:\/\/leboxi.eu\/hr\/proizvodi\/kozni-novcanik-pop-up-rfid-kopija\/#primaryimage"},"thumbnailUrl":"https:\/\/leboxi.eu\/wp-content\/uploads\/2024\/02\/Izdelek-brez-naslova-6-1.jpg","datePublished":"2024-02-25T19:35:15+00:00","dateModified":"2024-04-01T20:43:33+00:00","description":"Otkrijte nezaboravnu udobnost i izrazitu eleganciju uz na\u0161 mu\u0161ki nov\u010danik od visokokvalitetne ko\u017ee. Mu\u0161ki nov\u010danik s POP UP tehnologijom pohrane kartica.","breadcrumb":{"@id":"https:\/\/leboxi.eu\/hr\/proizvodi\/kozni-novcanik-pop-up-rfid-kopija\/#breadcrumb"},"inLanguage":"hr","potentialAction":[{"@type":"ReadAction","target":["https:\/\/leboxi.eu\/hr\/proizvodi\/kozni-novcanik-pop-up-rfid-kopija\/"]}]},{"@type":"ImageObject","inLanguage":"hr","@id":"https:\/\/leboxi.eu\/hr\/proizvodi\/kozni-novcanik-pop-up-rfid-kopija\/#primaryimage","url":"https:\/\/leboxi.eu\/wp-content\/uploads\/2024\/02\/Izdelek-brez-naslova-6-1.jpg","contentUrl":"https:\/\/leboxi.eu\/wp-content\/uploads\/2024\/02\/Izdelek-brez-naslova-6-1.jpg","width":1000,"height":1000},{"@type":"BreadcrumbList","@id":"https:\/\/leboxi.eu\/hr\/proizvodi\/kozni-novcanik-pop-up-rfid-kopija\/#breadcrumb","itemListElement":[{"@type":"ListItem","position":1,"name":"Doma","item":"https:\/\/leboxi.eu\/hr\/originalni-rodendanski-pokloni-za-zene-muskarce-i-novorodencad\/"},{"@type":"ListItem","position":2,"name":"Trgovina","item":"https:\/\/leboxi.eu\/hr\/trgovina\/"},{"@type":"ListItem","position":3,"name":"Ko\u017eni nov\u010danik POP UP | RFID"}]},{"@type":"WebSite","@id":"https:\/\/leboxi.eu\/hr\/#website","url":"https:\/\/leboxi.eu\/hr\/","name":"Le Boxi | Unikatna darila za vsakogar","description":"Unikatna darila in darilne \u0161katle za vse prilo\u017enosti.","publisher":{"@id":"https:\/\/leboxi.eu\/hr\/#organization"},"potentialAction":[{"@type":"SearchAction","target":{"@type":"EntryPoint","urlTemplate":"https:\/\/leboxi.eu\/hr\/?s={search_term_string}"},"query-input":{"@type":"PropertyValueSpecification","valueRequired":true,"valueName":"search_term_string"}}],"inLanguage":"hr"},{"@type":"Organization","@id":"https:\/\/leboxi.eu\/hr\/#organization","name":"LE BOXI","url":"https:\/\/leboxi.eu\/hr\/","logo":{"@type":"ImageObject","inLanguage":"hr","@id":"https:\/\/leboxi.eu\/hr\/#\/schema\/logo\/image\/","url":"https:\/\/leboxi.eu\/wp-content\/uploads\/2021\/02\/LeBoxi-manjsi-png.png","contentUrl":"https:\/\/leboxi.eu\/wp-content\/uploads\/2021\/02\/LeBoxi-manjsi-png.png","width":389,"height":164,"caption":"LE BOXI"},"image":{"@id":"https:\/\/leboxi.eu\/hr\/#\/schema\/logo\/image\/"},"sameAs":["https:\/\/www.facebook.com\/leboxi.eu","https:\/\/www.instagram.com\/le.boxi\/"]}]}},"tiered_pricing_type":"fixed","tiered_pricing_fixed_rules":[],"tiered_pricing_product_settings":{"layout":"default","base_unit_name":{"singular":null,"plural":null},"default_variation":null},"tiered_pricing_minimum_quantity":null,"tiered_pricing_roles_data":[],"tiered_pricing_percentage_rules":[],"_links":{"self":[{"href":"https:\/\/leboxi.eu\/hr\/wp-json\/wp\/v2\/product\/17468","targetHints":{"allow":["GET"]}}],"collection":[{"href":"https:\/\/leboxi.eu\/hr\/wp-json\/wp\/v2\/product"}],"about":[{"href":"https:\/\/leboxi.eu\/hr\/wp-json\/wp\/v2\/types\/product"}],"replies":[{"embeddable":true,"href":"https:\/\/leboxi.eu\/hr\/wp-json\/wp\/v2\/comments?post=17468"}],"version-history":[{"count":0,"href":"https:\/\/leboxi.eu\/hr\/wp-json\/wp\/v2\/product\/17468\/revisions"}],"wp:featuredmedia":[{"embeddable":true,"href":"https:\/\/leboxi.eu\/hr\/wp-json\/wp\/v2\/media\/17474"}],"wp:attachment":[{"href":"https:\/\/leboxi.eu\/hr\/wp-json\/wp\/v2\/media?parent=17468"}],"wp:term":[{"taxonomy":"product_brand","embeddable":true,"href":"https:\/\/leboxi.eu\/hr\/wp-json\/wp\/v2\/product_brand?post=17468"},{"taxonomy":"product_cat","embeddable":true,"href":"https:\/\/leboxi.eu\/hr\/wp-json\/wp\/v2\/product_cat?post=17468"},{"taxonomy":"product_tag","embeddable":true,"href":"https:\/\/leboxi.eu\/hr\/wp-json\/wp\/v2\/product_tag?post=17468"}],"curies":[{"name":"wp","href":"https:\/\/api.w.org\/{rel}","templated":true}]}}