{"id":12800,"date":"2023-04-02T19:03:34","date_gmt":"2023-04-02T18:03:36","guid":{"rendered":"https:\/\/leboxi.eu\/?post_type=product&#038;p=12800"},"modified":"2023-09-03T20:40:33","modified_gmt":"2023-09-03T19:40:33","slug":"narukvica-mia-sa-slikom","status":"publish","type":"product","link":"https:\/\/leboxi.eu\/hr\/proizvodi\/narukvica-mia-sa-slikom\/","title":{"rendered":"Narukvica sa slikom MIA"},"content":{"rendered":"<p><strong>Narukvica sa slikom MIA<\/strong><\/p>\n<p>Boja: srebrna, ru\u017ei\u010dasto zlatna<\/p>\n<p>Materijal: srebro 925<\/p>\n<p>Boja: srebrna, ru\u017ei\u010dasto zlatna<\/p>\n<p>Narukvica MIA izvrstan je poklon za vas ili va\u0161e najmilije. Narukvica s imenom izra\u0111ena je od pravog srebra 925. Ako narukvicu \u017eelite darovati, mo\u017eemo je zapakirati u lijepu darovnu kutiju.<\/p>\n<p>Preporuke za upotrebu: Preporu\u010dujemo da nakit skinete prije kupanja\/tu\u0161iranja, prije spavanja te prije sportskih aktivnosti kako se ne bi o\u0161tetio te kako bi \u0161to dulje ostao sjajan. Nakit ne ostavlja mrlje, ne gubi boju, ne ostavlja zelene tragove na ko\u017ei i vodootporan je.<\/p>\n<h6><strong>Cijeli postupak izrade personalizirane narukvice i dostave na va\u0161u adresu traje 20 \u2013 30 dana. Narukvice ne mo\u017eemo isporu\u010diti prije tog roka. Ako naru\u010dite i druge proizvode, njih \u0107emo dostaviti u zasebnoj po\u0161iljci. <\/strong><\/h6>\n<p>&nbsp;<\/p>\n<h6>Dodatno:<\/h6>\n<p>Povrh svega, svoj poklon set mo\u017eete nadograditi <a href=\"https:\/\/leboxi.eu\/blog\/posvetilo-darilni-listki\/\">poklon listi\u0107ima<\/a> za izradu \u010dije upute mo\u017eete prona\u0107i na na\u0161em blogu.<\/p>\n<p>Po \u017eelji \u0107emo dostaviti va\u0161 poklon primatelju, a podrazumijeva se da u paket ne\u0107emo prilo\u017eiti ra\u010dun tijekom isporuke. Ra\u010dun \u0107emo poslati vama.<\/p>\n<p>&nbsp;<\/p>\n<p>U slu\u010daju personaliziranih proizvoda kupac <strong>nema pravo<\/strong> odustati od kupoprodajnog ugovora. U praksi to zna\u010di da za sve proizvode izra\u0111ene na zahtjev kupca potro\u0161a\u010d ne mo\u017ee vratiti proizvod, ve\u0107 je obavezan platiti prema ugovoru. Ponu\u0111a\u010d ne odgovara za nepravilno odabrane zna\u010dajke prilagodbe (npr. pogre\u0161no odabrana vrsta prilago\u0111enog proizvoda, pogre\u0161no odabran obrazac prilagodbe, pravopisne podr\u0161ke, pogre\u0161an datum itd.) pri naru\u010divanju.<\/p>\n","protected":false},"excerpt":{"rendered":"<p>Elegantna narukvica MIA jedinstven je dar za svaku \u017eenu. Izra\u0111ena je od pravog srebra 925. Posebnim postupkom na privjesak narukvice tiskamo \u017eeljenu fotografiju. Ako narukvicu \u017eelite darovati, mo\u017eemo je zapakirati u lijepu darovnu kutiju.<\/p>\n<ul>\n<li>Du\u017eina narukvice: 23 cm (prilagodljiva)<\/li>\n<li>Materijal: srebro S925<\/li>\n<li>100 % hipoalergena, 100 % ne ostavlja mrlje na ko\u017ei<\/li>\n<li><strong>Vrijeme dostave: 20 \u2013 30 dana (vrijeme izrade + dostava)<\/strong><\/li>\n<\/ul>\n<p>Po \u017eelji \u0107emo dostaviti va\u0161 poklon primatelju, a podrazumijeva se da u paket ne\u0107emo prilo\u017eiti ra\u010dun tijekom isporuke. Ra\u010dun \u0107emo poslati vama.<\/p>\n<p>Uz dar mo\u017eete prilo\u017eiti i <a href=\"https:\/\/leboxi.eu\/izdelki\/personalizirana-cestitka\/\"><strong>personaliziranu \u010destitku<\/strong><\/a>.<\/p>\n<p>&nbsp;<\/p>\n","protected":false},"featured_media":12747,"comment_status":"open","ping_status":"closed","template":"","meta":{"site-sidebar-layout":"default","site-content-layout":"default","ast-site-content-layout":"default","site-content-style":"default","site-sidebar-style":"default","ast-global-header-display":"","ast-banner-title-visibility":"","ast-main-header-display":"","ast-hfb-above-header-display":"","ast-hfb-below-header-display":"","ast-hfb-mobile-header-display":"","site-post-title":"","ast-breadcrumbs-content":"","ast-featured-img":"","footer-sml-layout":"","ast-disable-related-posts":"","theme-transparent-header-meta":"default","adv-header-id-meta":"","stick-header-meta":"","header-above-stick-meta":"","header-main-stick-meta":"","header-below-stick-meta":"","astra-migrate-meta-layouts":"set","ast-page-background-enabled":"default","ast-page-background-meta":{"desktop":{"background-color":"","background-image":"","background-repeat":"repeat","background-position":"center center","background-size":"auto","background-attachment":"scroll","background-type":"","background-media":"","overlay-type":"","overlay-color":"","overlay-opacity":"","overlay-gradient":""},"tablet":{"background-color":"","background-image":"","background-repeat":"repeat","background-position":"center center","background-size":"auto","background-attachment":"scroll","background-type":"","background-media":"","overlay-type":"","overlay-color":"","overlay-opacity":"","overlay-gradient":""},"mobile":{"background-color":"","background-image":"","background-repeat":"repeat","background-position":"center center","background-size":"auto","background-attachment":"scroll","background-type":"","background-media":"","overlay-type":"","overlay-color":"","overlay-opacity":"","overlay-gradient":""}},"ast-content-background-meta":{"desktop":{"background-color":"var(--ast-global-color-5)","background-image":"","background-repeat":"repeat","background-position":"center center","background-size":"auto","background-attachment":"scroll","background-type":"","background-media":"","overlay-type":"","overlay-color":"","overlay-opacity":"","overlay-gradient":""},"tablet":{"background-color":"var(--ast-global-color-5)","background-image":"","background-repeat":"repeat","background-position":"center center","background-size":"auto","background-attachment":"scroll","background-type":"","background-media":"","overlay-type":"","overlay-color":"","overlay-opacity":"","overlay-gradient":""},"mobile":{"background-color":"var(--ast-global-color-5)","background-image":"","background-repeat":"repeat","background-position":"center center","background-size":"auto","background-attachment":"scroll","background-type":"","background-media":"","overlay-type":"","overlay-color":"","overlay-opacity":"","overlay-gradient":""}}},"product_brand":[],"product_cat":[212,301,216,217,73,207,206,201,205,199,203,209,210,208,211,198,202,307,87],"product_tag":[],"class_list":{"0":"post-12800","1":"product","2":"type-product","3":"status-publish","4":"has-post-thumbnail","6":"product_cat-bozicni-pokloni-za-zene","7":"product_cat-najprodavanije-za-mjesec-zena","8":"product_cat-nakit-hr","9":"product_cat-ogrlice","10":"product_cat-opcenito","11":"product_cat-pokloni-za-bozic","12":"product_cat-pokloni-za-dan-zena","13":"product_cat-pokloni-za-djevojku","14":"product_cat-pokloni-za-majcin-dan","15":"product_cat-pokloni-za-mamu","16":"product_cat-pokloni-za-prijateljicu","17":"product_cat-pokloni-za-rodendan-hr","18":"product_cat-pokloni-za-rodendan-za-zene","19":"product_cat-pokloni-za-valentinovo","20":"product_cat-pokloni-za-valentinovo-za-nju","21":"product_cat-pokloni-za-zene","22":"product_cat-prilike","23":"product_cat-sa-slikom","24":"product_cat-zene","25":"pa_nakit-roza-zlato-hr","26":"pa_nakit-roza-zlato-darilno-hr","27":"pa_nakit-srebrno-hr","28":"pa_nakit-srebrno-darilno-hr","29":"pa_nakit-zlato-hr","30":"pa_nakit-zlato-darilno-hr","31":"desktop-align-left","32":"tablet-align-left","33":"mobile-align-left","35":"first","36":"instock","37":"taxable","38":"shipping-taxable","39":"purchasable","40":"product-type-variable"},"yoast_head":"<!-- This site is optimized with the Yoast SEO plugin v27.3 - https:\/\/yoast.com\/product\/yoast-seo-wordpress\/ -->\n<title>Narukvica MIA | Unikatni pokloni za svakoga | Le Boxi<\/title>\n<meta name=\"description\" content=\"Narukvica MIA jedinstven je dar za svaku \u017eenu. Posebnim postupkom na privjesak narukvice tiskamo \u017eeljenu fotografiju.\" \/>\n<meta name=\"robots\" content=\"index, follow, max-snippet:-1, max-image-preview:large, max-video-preview:-1\" \/>\n<link rel=\"canonical\" href=\"https:\/\/leboxi.eu\/hr\/proizvodi\/narukvica-mia-sa-slikom\/\" \/>\n<meta property=\"og:locale\" content=\"hr_HR\" \/>\n<meta property=\"og:type\" content=\"article\" \/>\n<meta property=\"og:title\" content=\"Narukvica MIA | Unikatni pokloni za svakoga | Le Boxi\" \/>\n<meta property=\"og:description\" content=\"Narukvica MIA jedinstven je dar za svaku \u017eenu. Posebnim postupkom na privjesak narukvice tiskamo \u017eeljenu fotografiju.\" \/>\n<meta property=\"og:url\" content=\"https:\/\/leboxi.eu\/hr\/proizvodi\/narukvica-mia-sa-slikom\/\" \/>\n<meta property=\"og:site_name\" content=\"Le Boxi | Unikatna darila za vsakogar\" \/>\n<meta property=\"article:publisher\" content=\"https:\/\/www.facebook.com\/leboxi.eu\" \/>\n<meta property=\"article:modified_time\" content=\"2023-09-03T19:40:33+00:00\" \/>\n<meta property=\"og:image\" content=\"https:\/\/leboxi.eu\/wp-content\/uploads\/2023\/03\/Zapestnica-MIA.webp\" \/>\n\t<meta property=\"og:image:width\" content=\"800\" \/>\n\t<meta property=\"og:image:height\" content=\"800\" \/>\n\t<meta property=\"og:image:type\" content=\"image\/webp\" \/>\n<meta name=\"twitter:card\" content=\"summary_large_image\" \/>\n<meta name=\"twitter:label1\" content=\"Procijenjeno vrijeme \u010ditanja\" \/>\n\t<meta name=\"twitter:data1\" content=\"1 minuta\" \/>\n<script type=\"application\/ld+json\" class=\"yoast-schema-graph\">{\"@context\":\"https:\\\/\\\/schema.org\",\"@graph\":[{\"@type\":\"WebPage\",\"@id\":\"https:\\\/\\\/leboxi.eu\\\/hr\\\/proizvodi\\\/narukvica-mia-sa-slikom\\\/\",\"url\":\"https:\\\/\\\/leboxi.eu\\\/hr\\\/proizvodi\\\/narukvica-mia-sa-slikom\\\/\",\"name\":\"Narukvica MIA | Unikatni pokloni za svakoga | Le Boxi\",\"isPartOf\":{\"@id\":\"https:\\\/\\\/leboxi.eu\\\/hr\\\/#website\"},\"primaryImageOfPage\":{\"@id\":\"https:\\\/\\\/leboxi.eu\\\/hr\\\/proizvodi\\\/narukvica-mia-sa-slikom\\\/#primaryimage\"},\"image\":{\"@id\":\"https:\\\/\\\/leboxi.eu\\\/hr\\\/proizvodi\\\/narukvica-mia-sa-slikom\\\/#primaryimage\"},\"thumbnailUrl\":\"https:\\\/\\\/leboxi.eu\\\/wp-content\\\/uploads\\\/2023\\\/03\\\/Zapestnica-MIA.webp\",\"datePublished\":\"2023-04-02T18:03:36+00:00\",\"dateModified\":\"2023-09-03T19:40:33+00:00\",\"description\":\"Narukvica MIA jedinstven je dar za svaku \u017eenu. Posebnim postupkom na privjesak narukvice tiskamo \u017eeljenu fotografiju.\",\"breadcrumb\":{\"@id\":\"https:\\\/\\\/leboxi.eu\\\/hr\\\/proizvodi\\\/narukvica-mia-sa-slikom\\\/#breadcrumb\"},\"inLanguage\":\"hr\",\"potentialAction\":[{\"@type\":\"ReadAction\",\"target\":[\"https:\\\/\\\/leboxi.eu\\\/hr\\\/proizvodi\\\/narukvica-mia-sa-slikom\\\/\"]}]},{\"@type\":\"ImageObject\",\"inLanguage\":\"hr\",\"@id\":\"https:\\\/\\\/leboxi.eu\\\/hr\\\/proizvodi\\\/narukvica-mia-sa-slikom\\\/#primaryimage\",\"url\":\"https:\\\/\\\/leboxi.eu\\\/wp-content\\\/uploads\\\/2023\\\/03\\\/Zapestnica-MIA.webp\",\"contentUrl\":\"https:\\\/\\\/leboxi.eu\\\/wp-content\\\/uploads\\\/2023\\\/03\\\/Zapestnica-MIA.webp\",\"width\":800,\"height\":800},{\"@type\":\"BreadcrumbList\",\"@id\":\"https:\\\/\\\/leboxi.eu\\\/hr\\\/proizvodi\\\/narukvica-mia-sa-slikom\\\/#breadcrumb\",\"itemListElement\":[{\"@type\":\"ListItem\",\"position\":1,\"name\":\"Doma\",\"item\":\"https:\\\/\\\/leboxi.eu\\\/hr\\\/originalni-rodendanski-pokloni-za-zene-muskarce-i-novorodencad\\\/\"},{\"@type\":\"ListItem\",\"position\":2,\"name\":\"Trgovina\",\"item\":\"https:\\\/\\\/leboxi.eu\\\/hr\\\/trgovina\\\/\"},{\"@type\":\"ListItem\",\"position\":3,\"name\":\"Narukvica sa slikom MIA\"}]},{\"@type\":\"WebSite\",\"@id\":\"https:\\\/\\\/leboxi.eu\\\/hr\\\/#website\",\"url\":\"https:\\\/\\\/leboxi.eu\\\/hr\\\/\",\"name\":\"Le Boxi | Unikatna darila za vsakogar\",\"description\":\"Unikatna darila in darilne \u0161katle za vse prilo\u017enosti.\",\"publisher\":{\"@id\":\"https:\\\/\\\/leboxi.eu\\\/hr\\\/#organization\"},\"potentialAction\":[{\"@type\":\"SearchAction\",\"target\":{\"@type\":\"EntryPoint\",\"urlTemplate\":\"https:\\\/\\\/leboxi.eu\\\/hr\\\/?s={search_term_string}\"},\"query-input\":{\"@type\":\"PropertyValueSpecification\",\"valueRequired\":true,\"valueName\":\"search_term_string\"}}],\"inLanguage\":\"hr\"},{\"@type\":\"Organization\",\"@id\":\"https:\\\/\\\/leboxi.eu\\\/hr\\\/#organization\",\"name\":\"LE BOXI\",\"url\":\"https:\\\/\\\/leboxi.eu\\\/hr\\\/\",\"logo\":{\"@type\":\"ImageObject\",\"inLanguage\":\"hr\",\"@id\":\"https:\\\/\\\/leboxi.eu\\\/hr\\\/#\\\/schema\\\/logo\\\/image\\\/\",\"url\":\"https:\\\/\\\/leboxi.eu\\\/wp-content\\\/uploads\\\/2021\\\/02\\\/LeBoxi-manjsi-png.png\",\"contentUrl\":\"https:\\\/\\\/leboxi.eu\\\/wp-content\\\/uploads\\\/2021\\\/02\\\/LeBoxi-manjsi-png.png\",\"width\":389,\"height\":164,\"caption\":\"LE BOXI\"},\"image\":{\"@id\":\"https:\\\/\\\/leboxi.eu\\\/hr\\\/#\\\/schema\\\/logo\\\/image\\\/\"},\"sameAs\":[\"https:\\\/\\\/www.facebook.com\\\/leboxi.eu\",\"https:\\\/\\\/www.instagram.com\\\/le.boxi\\\/\"]}]}<\/script>\n<!-- \/ Yoast SEO plugin. -->","yoast_head_json":{"title":"Narukvica MIA | Unikatni pokloni za svakoga | Le Boxi","description":"Narukvica MIA jedinstven je dar za svaku \u017eenu. Posebnim postupkom na privjesak narukvice tiskamo \u017eeljenu fotografiju.","robots":{"index":"index","follow":"follow","max-snippet":"max-snippet:-1","max-image-preview":"max-image-preview:large","max-video-preview":"max-video-preview:-1"},"canonical":"https:\/\/leboxi.eu\/hr\/proizvodi\/narukvica-mia-sa-slikom\/","og_locale":"hr_HR","og_type":"article","og_title":"Narukvica MIA | Unikatni pokloni za svakoga | Le Boxi","og_description":"Narukvica MIA jedinstven je dar za svaku \u017eenu. Posebnim postupkom na privjesak narukvice tiskamo \u017eeljenu fotografiju.","og_url":"https:\/\/leboxi.eu\/hr\/proizvodi\/narukvica-mia-sa-slikom\/","og_site_name":"Le Boxi | Unikatna darila za vsakogar","article_publisher":"https:\/\/www.facebook.com\/leboxi.eu","article_modified_time":"2023-09-03T19:40:33+00:00","og_image":[{"width":800,"height":800,"url":"https:\/\/leboxi.eu\/wp-content\/uploads\/2023\/03\/Zapestnica-MIA.webp","type":"image\/webp"}],"twitter_card":"summary_large_image","twitter_misc":{"Procijenjeno vrijeme \u010ditanja":"1 minuta"},"schema":{"@context":"https:\/\/schema.org","@graph":[{"@type":"WebPage","@id":"https:\/\/leboxi.eu\/hr\/proizvodi\/narukvica-mia-sa-slikom\/","url":"https:\/\/leboxi.eu\/hr\/proizvodi\/narukvica-mia-sa-slikom\/","name":"Narukvica MIA | Unikatni pokloni za svakoga | Le Boxi","isPartOf":{"@id":"https:\/\/leboxi.eu\/hr\/#website"},"primaryImageOfPage":{"@id":"https:\/\/leboxi.eu\/hr\/proizvodi\/narukvica-mia-sa-slikom\/#primaryimage"},"image":{"@id":"https:\/\/leboxi.eu\/hr\/proizvodi\/narukvica-mia-sa-slikom\/#primaryimage"},"thumbnailUrl":"https:\/\/leboxi.eu\/wp-content\/uploads\/2023\/03\/Zapestnica-MIA.webp","datePublished":"2023-04-02T18:03:36+00:00","dateModified":"2023-09-03T19:40:33+00:00","description":"Narukvica MIA jedinstven je dar za svaku \u017eenu. Posebnim postupkom na privjesak narukvice tiskamo \u017eeljenu fotografiju.","breadcrumb":{"@id":"https:\/\/leboxi.eu\/hr\/proizvodi\/narukvica-mia-sa-slikom\/#breadcrumb"},"inLanguage":"hr","potentialAction":[{"@type":"ReadAction","target":["https:\/\/leboxi.eu\/hr\/proizvodi\/narukvica-mia-sa-slikom\/"]}]},{"@type":"ImageObject","inLanguage":"hr","@id":"https:\/\/leboxi.eu\/hr\/proizvodi\/narukvica-mia-sa-slikom\/#primaryimage","url":"https:\/\/leboxi.eu\/wp-content\/uploads\/2023\/03\/Zapestnica-MIA.webp","contentUrl":"https:\/\/leboxi.eu\/wp-content\/uploads\/2023\/03\/Zapestnica-MIA.webp","width":800,"height":800},{"@type":"BreadcrumbList","@id":"https:\/\/leboxi.eu\/hr\/proizvodi\/narukvica-mia-sa-slikom\/#breadcrumb","itemListElement":[{"@type":"ListItem","position":1,"name":"Doma","item":"https:\/\/leboxi.eu\/hr\/originalni-rodendanski-pokloni-za-zene-muskarce-i-novorodencad\/"},{"@type":"ListItem","position":2,"name":"Trgovina","item":"https:\/\/leboxi.eu\/hr\/trgovina\/"},{"@type":"ListItem","position":3,"name":"Narukvica sa slikom MIA"}]},{"@type":"WebSite","@id":"https:\/\/leboxi.eu\/hr\/#website","url":"https:\/\/leboxi.eu\/hr\/","name":"Le Boxi | Unikatna darila za vsakogar","description":"Unikatna darila in darilne \u0161katle za vse prilo\u017enosti.","publisher":{"@id":"https:\/\/leboxi.eu\/hr\/#organization"},"potentialAction":[{"@type":"SearchAction","target":{"@type":"EntryPoint","urlTemplate":"https:\/\/leboxi.eu\/hr\/?s={search_term_string}"},"query-input":{"@type":"PropertyValueSpecification","valueRequired":true,"valueName":"search_term_string"}}],"inLanguage":"hr"},{"@type":"Organization","@id":"https:\/\/leboxi.eu\/hr\/#organization","name":"LE BOXI","url":"https:\/\/leboxi.eu\/hr\/","logo":{"@type":"ImageObject","inLanguage":"hr","@id":"https:\/\/leboxi.eu\/hr\/#\/schema\/logo\/image\/","url":"https:\/\/leboxi.eu\/wp-content\/uploads\/2021\/02\/LeBoxi-manjsi-png.png","contentUrl":"https:\/\/leboxi.eu\/wp-content\/uploads\/2021\/02\/LeBoxi-manjsi-png.png","width":389,"height":164,"caption":"LE BOXI"},"image":{"@id":"https:\/\/leboxi.eu\/hr\/#\/schema\/logo\/image\/"},"sameAs":["https:\/\/www.facebook.com\/leboxi.eu","https:\/\/www.instagram.com\/le.boxi\/"]}]}},"tiered_pricing_type":"fixed","tiered_pricing_fixed_rules":[],"tiered_pricing_product_settings":{"layout":"default","base_unit_name":{"singular":null,"plural":null},"default_variation":null},"tiered_pricing_minimum_quantity":null,"tiered_pricing_roles_data":[],"tiered_pricing_percentage_rules":[],"_links":{"self":[{"href":"https:\/\/leboxi.eu\/hr\/wp-json\/wp\/v2\/product\/12800","targetHints":{"allow":["GET"]}}],"collection":[{"href":"https:\/\/leboxi.eu\/hr\/wp-json\/wp\/v2\/product"}],"about":[{"href":"https:\/\/leboxi.eu\/hr\/wp-json\/wp\/v2\/types\/product"}],"replies":[{"embeddable":true,"href":"https:\/\/leboxi.eu\/hr\/wp-json\/wp\/v2\/comments?post=12800"}],"version-history":[{"count":0,"href":"https:\/\/leboxi.eu\/hr\/wp-json\/wp\/v2\/product\/12800\/revisions"}],"wp:featuredmedia":[{"embeddable":true,"href":"https:\/\/leboxi.eu\/hr\/wp-json\/wp\/v2\/media\/12747"}],"wp:attachment":[{"href":"https:\/\/leboxi.eu\/hr\/wp-json\/wp\/v2\/media?parent=12800"}],"wp:term":[{"taxonomy":"product_brand","embeddable":true,"href":"https:\/\/leboxi.eu\/hr\/wp-json\/wp\/v2\/product_brand?post=12800"},{"taxonomy":"product_cat","embeddable":true,"href":"https:\/\/leboxi.eu\/hr\/wp-json\/wp\/v2\/product_cat?post=12800"},{"taxonomy":"product_tag","embeddable":true,"href":"https:\/\/leboxi.eu\/hr\/wp-json\/wp\/v2\/product_tag?post=12800"}],"curies":[{"name":"wp","href":"https:\/\/api.w.org\/{rel}","templated":true}]}}