{"id":10415,"date":"2022-11-10T18:13:22","date_gmt":"2022-11-10T17:13:22","guid":{"rendered":"https:\/\/leboxi.eu\/?post_type=product&#038;p=10415"},"modified":"2025-10-11T19:19:30","modified_gmt":"2025-10-11T18:19:30","slug":"party-posuda-za-gorivo-10-l","status":"publish","type":"product","link":"https:\/\/leboxi.eu\/hr\/proizvodi\/party-posuda-za-gorivo-10-l\/","title":{"rendered":"Party spremnik za gorivo 10 L"},"content":{"rendered":"<p>\u0160to kupiti dje\u010daku za ro\u0111endan Tra\u017eite ne\u0161to jedinstveno i &#8220;kul&#8221; od obi\u010dnog dara? To je sjajan izbor Party spremnik u obliku kanistera za gorivo od nehr\u0111aju\u0107eg \u010delika od 20 l. Zahvaljuju\u0107i udobnoj ru\u010dki, jednostavan je za no\u0161enje, a kvalitetno izra\u0111eno ku\u0107i\u0161te za\u0161titit \u0107e sadr\u017eaj. Izvrstan poklon za de\u010dka, mu\u017ea, brata ili prijatelja. Ovaj poklon nije samo kul, on je i odr\u017eiv.<\/p>\n<ul>\n<li>Boja: zelena<\/li>\n<li>Volumen: 10 l<\/li>\n<li>Materijal: \u010delik \/ nehr\u0111aju\u0107i \u010delik i drvo<\/li>\n<li>Dimenzije : 39 x 29 x 13 cm<\/li>\n<li>Pribli\u017ena te\u017eina: 2,0 kg<\/li>\n<\/ul>\n<p><span style=\"color: #ff0000;\">Proizvodu nisu prilo\u017eena pi\u0107a prikazana na fotografijama.<\/span><\/p>\n<p>U poklon kutiju mo\u017eete uklju\u010diti i <a href=\"https:\/\/leboxi.eu\/izdelki\/personalizirana-cestitka\/\"><strong>personaliziranu \u010destitku <\/strong><\/a> (+2,95 eur).<\/p>\n<p>Povrh svega, svoj minibar mo\u017eete nadograditi <a href=\"https:\/\/leboxi.eu\/blog\/posvetilo-darilni-listki\/\">poklon karticama<\/a> za izradu \u010dije upute mo\u017eete prona\u0107i na na\u0161em blogu. \u0160to kupiti dje\u010daku za ro\u0111endan vje\u010dni je problem, stoga predla\u017eemo da pogledate preostale artikle u na\u0161oj <a href=\"https:\/\/leboxi.eu\/izdelek-kategorija\/splosna\/moski\/\">online trgovini<\/a>.<\/p>\n<p>Po \u017eelji \u0107emo dostaviti va\u0161 poklon primatelju, a podrazumijeva se da u paket ne\u0107emo prilo\u017eiti ra\u010dun tijekom isporuke. Ra\u010dun \u0107emo poslati vama.<\/p>\n","protected":false},"excerpt":{"rendered":"<p>Party spremnik u obliku kanistera za gorivo od nehr\u0111aju\u0107eg \u010delika od 20 l. Ako se uvijek pitate \u0161to pokloniti de\u010dku za ro\u0111endan, evo savr\u0161enog rje\u0161enja za vas! Spremnik je ru\u010dno izra\u0111en u Nizozemskoj i prikladan je za brojne prigode kao \u0161to su piknici, dru\u017eenja i zabave. Zbog svojeg izgleda uvijek \u0107e biti u centru pa\u017enje, a zbog svoje funkcionalnosti i obujma neizostavan je dio svake zabave. Ovaj poklon nije samo kul, on je i odr\u017eiv.<\/p>\n<p>U poklon kutiju mo\u017eete uklju\u010diti i <a href=\"https:\/\/leboxi.eu\/izdelki\/cestitka-za-rojstni-dan\/\">personaliziranu \u010destitku<\/a> (uz nadoplatu)<\/p>\n<p>Proizvodu nisu prilo\u017eena pi\u0107a prikazana na fotografijama. Budu\u0107i da su proizvodi ru\u010dno ra\u0111eni, svaki je unikatan te mo\u017ee do\u0107i do manjih odstupanja u izgledu. Vi\u0161e o proizvodu mo\u017eete pro\u010ditati u nastavku.<\/p>\n<p>Po \u017eelji \u0107emo dostaviti va\u0161 poklon primatelju, a podrazumijeva se da u paket ne\u0107emo prilo\u017eiti ra\u010dun tijekom isporuke. Ra\u010dun \u0107emo poslati vama.<\/p>\n","protected":false},"featured_media":10419,"comment_status":"open","ping_status":"closed","template":"","meta":{"site-sidebar-layout":"default","site-content-layout":"default","ast-site-content-layout":"default","site-content-style":"default","site-sidebar-style":"default","ast-global-header-display":"","ast-banner-title-visibility":"","ast-main-header-display":"","ast-hfb-above-header-display":"","ast-hfb-below-header-display":"","ast-hfb-mobile-header-display":"","site-post-title":"","ast-breadcrumbs-content":"","ast-featured-img":"","footer-sml-layout":"","ast-disable-related-posts":"","theme-transparent-header-meta":"default","adv-header-id-meta":"","stick-header-meta":"","header-above-stick-meta":"","header-main-stick-meta":"","header-below-stick-meta":"","astra-migrate-meta-layouts":"default","ast-page-background-enabled":"default","ast-page-background-meta":{"desktop":{"background-color":"","background-image":"","background-repeat":"repeat","background-position":"center center","background-size":"auto","background-attachment":"scroll","background-type":"","background-media":"","overlay-type":"","overlay-color":"","overlay-opacity":"","overlay-gradient":""},"tablet":{"background-color":"","background-image":"","background-repeat":"repeat","background-position":"center center","background-size":"auto","background-attachment":"scroll","background-type":"","background-media":"","overlay-type":"","overlay-color":"","overlay-opacity":"","overlay-gradient":""},"mobile":{"background-color":"","background-image":"","background-repeat":"repeat","background-position":"center center","background-size":"auto","background-attachment":"scroll","background-type":"","background-media":"","overlay-type":"","overlay-color":"","overlay-opacity":"","overlay-gradient":""}},"ast-content-background-meta":{"desktop":{"background-color":"var(--ast-global-color-5)","background-image":"","background-repeat":"repeat","background-position":"center center","background-size":"auto","background-attachment":"scroll","background-type":"","background-media":"","overlay-type":"","overlay-color":"","overlay-opacity":"","overlay-gradient":""},"tablet":{"background-color":"var(--ast-global-color-5)","background-image":"","background-repeat":"repeat","background-position":"center center","background-size":"auto","background-attachment":"scroll","background-type":"","background-media":"","overlay-type":"","overlay-color":"","overlay-opacity":"","overlay-gradient":""},"mobile":{"background-color":"var(--ast-global-color-5)","background-image":"","background-repeat":"repeat","background-position":"center center","background-size":"auto","background-attachment":"scroll","background-type":"","background-media":"","overlay-type":"","overlay-color":"","overlay-opacity":"","overlay-gradient":""}}},"product_brand":[],"product_cat":[274,225,75,73,227,207,213,214,209,226,208,202],"product_tag":[],"class_list":{"0":"post-10415","1":"product","2":"type-product","3":"status-publish","4":"has-post-thumbnail","6":"product_cat-akcija-hr","7":"product_cat-bozicni-pokloni-za-muskarce","8":"product_cat-muski","9":"product_cat-opcenito","10":"product_cat-poklon-za-valentinovo-za-njega","11":"product_cat-pokloni-za-bozic","12":"product_cat-pokloni-za-decka","13":"product_cat-pokloni-za-muskarce","14":"product_cat-pokloni-za-rodendan-hr","15":"product_cat-pokloni-za-rodendan-za-muskarce","16":"product_cat-pokloni-za-valentinovo","17":"product_cat-prilike","18":"desktop-align-left","19":"tablet-align-left","20":"mobile-align-left","22":"first","23":"outofstock","24":"sale","25":"taxable","26":"shipping-taxable","27":"purchasable","28":"product-type-simple"},"yoast_head":"<!-- This site is optimized with the Yoast SEO plugin v27.4 - https:\/\/yoast.com\/product\/yoast-seo-wordpress\/ -->\n<title>\u0160to kupiti dje\u010daku za ro\u0111endan | Party spremnik u obliku kanistera za gorivo | Le Boxi<\/title>\n<meta name=\"description\" content=\"\u0160to kupiti dje\u010daku za ro\u0111endan Unikatna Party posuda u obliku spremnika za gorivo od nehr\u0111aju\u0107eg \u010delika od 10 L. Jednostavan za no\u0161enje i kvalitetno ku\u0107i\u0161te.\" \/>\n<meta name=\"robots\" content=\"index, follow, max-snippet:-1, max-image-preview:large, max-video-preview:-1\" \/>\n<link rel=\"canonical\" href=\"https:\/\/leboxi.eu\/hr\/proizvodi\/party-posuda-za-gorivo-10-l\/\" \/>\n<meta property=\"og:locale\" content=\"hr_HR\" \/>\n<meta property=\"og:type\" content=\"article\" \/>\n<meta property=\"og:title\" content=\"\u0160to kupiti dje\u010daku za ro\u0111endan | Party spremnik u obliku kanistera za gorivo | Le Boxi\" \/>\n<meta property=\"og:description\" content=\"\u0160to kupiti dje\u010daku za ro\u0111endan Unikatna Party posuda u obliku spremnika za gorivo od nehr\u0111aju\u0107eg \u010delika od 10 L. Jednostavan za no\u0161enje i kvalitetno ku\u0107i\u0161te.\" \/>\n<meta property=\"og:url\" content=\"https:\/\/leboxi.eu\/hr\/proizvodi\/party-posuda-za-gorivo-10-l\/\" \/>\n<meta property=\"og:site_name\" content=\"Le Boxi | Unikatna darila za vsakogar\" \/>\n<meta property=\"article:publisher\" content=\"https:\/\/www.facebook.com\/leboxi.eu\" \/>\n<meta property=\"article:modified_time\" content=\"2025-10-11T18:19:30+00:00\" \/>\n<meta property=\"og:image\" content=\"https:\/\/leboxi.eu\/wp-content\/uploads\/2022\/11\/399300-Jerrycan-10L-box-sfeer-heineken-ice-6.jpg\" \/>\n\t<meta property=\"og:image:width\" content=\"1000\" \/>\n\t<meta property=\"og:image:height\" content=\"1000\" \/>\n\t<meta property=\"og:image:type\" content=\"image\/jpeg\" \/>\n<meta name=\"twitter:card\" content=\"summary_large_image\" \/>\n<meta name=\"twitter:label1\" content=\"Procijenjeno vrijeme \u010ditanja\" \/>\n\t<meta name=\"twitter:data1\" content=\"1 minuta\" \/>\n<script type=\"application\/ld+json\" class=\"yoast-schema-graph\">{\"@context\":\"https:\\\/\\\/schema.org\",\"@graph\":[{\"@type\":\"WebPage\",\"@id\":\"https:\\\/\\\/leboxi.eu\\\/hr\\\/proizvodi\\\/party-posuda-za-gorivo-10-l\\\/\",\"url\":\"https:\\\/\\\/leboxi.eu\\\/hr\\\/proizvodi\\\/party-posuda-za-gorivo-10-l\\\/\",\"name\":\"\u0160to kupiti dje\u010daku za ro\u0111endan | Party spremnik u obliku kanistera za gorivo | Le Boxi\",\"isPartOf\":{\"@id\":\"https:\\\/\\\/leboxi.eu\\\/hr\\\/#website\"},\"primaryImageOfPage\":{\"@id\":\"https:\\\/\\\/leboxi.eu\\\/hr\\\/proizvodi\\\/party-posuda-za-gorivo-10-l\\\/#primaryimage\"},\"image\":{\"@id\":\"https:\\\/\\\/leboxi.eu\\\/hr\\\/proizvodi\\\/party-posuda-za-gorivo-10-l\\\/#primaryimage\"},\"thumbnailUrl\":\"https:\\\/\\\/leboxi.eu\\\/wp-content\\\/uploads\\\/2022\\\/11\\\/399300-Jerrycan-10L-box-sfeer-heineken-ice-6.jpg\",\"datePublished\":\"2022-11-10T17:13:22+00:00\",\"dateModified\":\"2025-10-11T18:19:30+00:00\",\"description\":\"\u0160to kupiti dje\u010daku za ro\u0111endan Unikatna Party posuda u obliku spremnika za gorivo od nehr\u0111aju\u0107eg \u010delika od 10 L. Jednostavan za no\u0161enje i kvalitetno ku\u0107i\u0161te.\",\"breadcrumb\":{\"@id\":\"https:\\\/\\\/leboxi.eu\\\/hr\\\/proizvodi\\\/party-posuda-za-gorivo-10-l\\\/#breadcrumb\"},\"inLanguage\":\"hr\",\"potentialAction\":[{\"@type\":\"ReadAction\",\"target\":[\"https:\\\/\\\/leboxi.eu\\\/hr\\\/proizvodi\\\/party-posuda-za-gorivo-10-l\\\/\"]}]},{\"@type\":\"ImageObject\",\"inLanguage\":\"hr\",\"@id\":\"https:\\\/\\\/leboxi.eu\\\/hr\\\/proizvodi\\\/party-posuda-za-gorivo-10-l\\\/#primaryimage\",\"url\":\"https:\\\/\\\/leboxi.eu\\\/wp-content\\\/uploads\\\/2022\\\/11\\\/399300-Jerrycan-10L-box-sfeer-heineken-ice-6.jpg\",\"contentUrl\":\"https:\\\/\\\/leboxi.eu\\\/wp-content\\\/uploads\\\/2022\\\/11\\\/399300-Jerrycan-10L-box-sfeer-heineken-ice-6.jpg\",\"width\":1000,\"height\":1000,\"caption\":\"Zelena posoda za gorivo minibar\"},{\"@type\":\"BreadcrumbList\",\"@id\":\"https:\\\/\\\/leboxi.eu\\\/hr\\\/proizvodi\\\/party-posuda-za-gorivo-10-l\\\/#breadcrumb\",\"itemListElement\":[{\"@type\":\"ListItem\",\"position\":1,\"name\":\"Doma\",\"item\":\"https:\\\/\\\/leboxi.eu\\\/hr\\\/originalni-rodendanski-pokloni-za-zene-muskarce-i-novorodencad\\\/\"},{\"@type\":\"ListItem\",\"position\":2,\"name\":\"Trgovina\",\"item\":\"https:\\\/\\\/leboxi.eu\\\/hr\\\/trgovina\\\/\"},{\"@type\":\"ListItem\",\"position\":3,\"name\":\"Party spremnik za gorivo 10 L\"}]},{\"@type\":\"WebSite\",\"@id\":\"https:\\\/\\\/leboxi.eu\\\/hr\\\/#website\",\"url\":\"https:\\\/\\\/leboxi.eu\\\/hr\\\/\",\"name\":\"Le Boxi | Unikatna darila za vsakogar\",\"description\":\"Unikatna darila in darilne \u0161katle za vse prilo\u017enosti.\",\"publisher\":{\"@id\":\"https:\\\/\\\/leboxi.eu\\\/hr\\\/#organization\"},\"potentialAction\":[{\"@type\":\"SearchAction\",\"target\":{\"@type\":\"EntryPoint\",\"urlTemplate\":\"https:\\\/\\\/leboxi.eu\\\/hr\\\/?s={search_term_string}\"},\"query-input\":{\"@type\":\"PropertyValueSpecification\",\"valueRequired\":true,\"valueName\":\"search_term_string\"}}],\"inLanguage\":\"hr\"},{\"@type\":\"Organization\",\"@id\":\"https:\\\/\\\/leboxi.eu\\\/hr\\\/#organization\",\"name\":\"LE BOXI\",\"url\":\"https:\\\/\\\/leboxi.eu\\\/hr\\\/\",\"logo\":{\"@type\":\"ImageObject\",\"inLanguage\":\"hr\",\"@id\":\"https:\\\/\\\/leboxi.eu\\\/hr\\\/#\\\/schema\\\/logo\\\/image\\\/\",\"url\":\"https:\\\/\\\/leboxi.eu\\\/wp-content\\\/uploads\\\/2021\\\/02\\\/LeBoxi-manjsi-png.png\",\"contentUrl\":\"https:\\\/\\\/leboxi.eu\\\/wp-content\\\/uploads\\\/2021\\\/02\\\/LeBoxi-manjsi-png.png\",\"width\":389,\"height\":164,\"caption\":\"LE BOXI\"},\"image\":{\"@id\":\"https:\\\/\\\/leboxi.eu\\\/hr\\\/#\\\/schema\\\/logo\\\/image\\\/\"},\"sameAs\":[\"https:\\\/\\\/www.facebook.com\\\/leboxi.eu\",\"https:\\\/\\\/www.instagram.com\\\/le.boxi\\\/\"]}]}<\/script>\n<!-- \/ Yoast SEO plugin. -->","yoast_head_json":{"title":"\u0160to kupiti dje\u010daku za ro\u0111endan | Party spremnik u obliku kanistera za gorivo | Le Boxi","description":"\u0160to kupiti dje\u010daku za ro\u0111endan Unikatna Party posuda u obliku spremnika za gorivo od nehr\u0111aju\u0107eg \u010delika od 10 L. Jednostavan za no\u0161enje i kvalitetno ku\u0107i\u0161te.","robots":{"index":"index","follow":"follow","max-snippet":"max-snippet:-1","max-image-preview":"max-image-preview:large","max-video-preview":"max-video-preview:-1"},"canonical":"https:\/\/leboxi.eu\/hr\/proizvodi\/party-posuda-za-gorivo-10-l\/","og_locale":"hr_HR","og_type":"article","og_title":"\u0160to kupiti dje\u010daku za ro\u0111endan | Party spremnik u obliku kanistera za gorivo | Le Boxi","og_description":"\u0160to kupiti dje\u010daku za ro\u0111endan Unikatna Party posuda u obliku spremnika za gorivo od nehr\u0111aju\u0107eg \u010delika od 10 L. Jednostavan za no\u0161enje i kvalitetno ku\u0107i\u0161te.","og_url":"https:\/\/leboxi.eu\/hr\/proizvodi\/party-posuda-za-gorivo-10-l\/","og_site_name":"Le Boxi | Unikatna darila za vsakogar","article_publisher":"https:\/\/www.facebook.com\/leboxi.eu","article_modified_time":"2025-10-11T18:19:30+00:00","og_image":[{"width":1000,"height":1000,"url":"https:\/\/leboxi.eu\/wp-content\/uploads\/2022\/11\/399300-Jerrycan-10L-box-sfeer-heineken-ice-6.jpg","type":"image\/jpeg"}],"twitter_card":"summary_large_image","twitter_misc":{"Procijenjeno vrijeme \u010ditanja":"1 minuta"},"schema":{"@context":"https:\/\/schema.org","@graph":[{"@type":"WebPage","@id":"https:\/\/leboxi.eu\/hr\/proizvodi\/party-posuda-za-gorivo-10-l\/","url":"https:\/\/leboxi.eu\/hr\/proizvodi\/party-posuda-za-gorivo-10-l\/","name":"\u0160to kupiti dje\u010daku za ro\u0111endan | Party spremnik u obliku kanistera za gorivo | Le Boxi","isPartOf":{"@id":"https:\/\/leboxi.eu\/hr\/#website"},"primaryImageOfPage":{"@id":"https:\/\/leboxi.eu\/hr\/proizvodi\/party-posuda-za-gorivo-10-l\/#primaryimage"},"image":{"@id":"https:\/\/leboxi.eu\/hr\/proizvodi\/party-posuda-za-gorivo-10-l\/#primaryimage"},"thumbnailUrl":"https:\/\/leboxi.eu\/wp-content\/uploads\/2022\/11\/399300-Jerrycan-10L-box-sfeer-heineken-ice-6.jpg","datePublished":"2022-11-10T17:13:22+00:00","dateModified":"2025-10-11T18:19:30+00:00","description":"\u0160to kupiti dje\u010daku za ro\u0111endan Unikatna Party posuda u obliku spremnika za gorivo od nehr\u0111aju\u0107eg \u010delika od 10 L. Jednostavan za no\u0161enje i kvalitetno ku\u0107i\u0161te.","breadcrumb":{"@id":"https:\/\/leboxi.eu\/hr\/proizvodi\/party-posuda-za-gorivo-10-l\/#breadcrumb"},"inLanguage":"hr","potentialAction":[{"@type":"ReadAction","target":["https:\/\/leboxi.eu\/hr\/proizvodi\/party-posuda-za-gorivo-10-l\/"]}]},{"@type":"ImageObject","inLanguage":"hr","@id":"https:\/\/leboxi.eu\/hr\/proizvodi\/party-posuda-za-gorivo-10-l\/#primaryimage","url":"https:\/\/leboxi.eu\/wp-content\/uploads\/2022\/11\/399300-Jerrycan-10L-box-sfeer-heineken-ice-6.jpg","contentUrl":"https:\/\/leboxi.eu\/wp-content\/uploads\/2022\/11\/399300-Jerrycan-10L-box-sfeer-heineken-ice-6.jpg","width":1000,"height":1000,"caption":"Zelena posoda za gorivo minibar"},{"@type":"BreadcrumbList","@id":"https:\/\/leboxi.eu\/hr\/proizvodi\/party-posuda-za-gorivo-10-l\/#breadcrumb","itemListElement":[{"@type":"ListItem","position":1,"name":"Doma","item":"https:\/\/leboxi.eu\/hr\/originalni-rodendanski-pokloni-za-zene-muskarce-i-novorodencad\/"},{"@type":"ListItem","position":2,"name":"Trgovina","item":"https:\/\/leboxi.eu\/hr\/trgovina\/"},{"@type":"ListItem","position":3,"name":"Party spremnik za gorivo 10 L"}]},{"@type":"WebSite","@id":"https:\/\/leboxi.eu\/hr\/#website","url":"https:\/\/leboxi.eu\/hr\/","name":"Le Boxi | Unikatna darila za vsakogar","description":"Unikatna darila in darilne \u0161katle za vse prilo\u017enosti.","publisher":{"@id":"https:\/\/leboxi.eu\/hr\/#organization"},"potentialAction":[{"@type":"SearchAction","target":{"@type":"EntryPoint","urlTemplate":"https:\/\/leboxi.eu\/hr\/?s={search_term_string}"},"query-input":{"@type":"PropertyValueSpecification","valueRequired":true,"valueName":"search_term_string"}}],"inLanguage":"hr"},{"@type":"Organization","@id":"https:\/\/leboxi.eu\/hr\/#organization","name":"LE BOXI","url":"https:\/\/leboxi.eu\/hr\/","logo":{"@type":"ImageObject","inLanguage":"hr","@id":"https:\/\/leboxi.eu\/hr\/#\/schema\/logo\/image\/","url":"https:\/\/leboxi.eu\/wp-content\/uploads\/2021\/02\/LeBoxi-manjsi-png.png","contentUrl":"https:\/\/leboxi.eu\/wp-content\/uploads\/2021\/02\/LeBoxi-manjsi-png.png","width":389,"height":164,"caption":"LE BOXI"},"image":{"@id":"https:\/\/leboxi.eu\/hr\/#\/schema\/logo\/image\/"},"sameAs":["https:\/\/www.facebook.com\/leboxi.eu","https:\/\/www.instagram.com\/le.boxi\/"]}]}},"tiered_pricing_type":"fixed","tiered_pricing_fixed_rules":[],"tiered_pricing_product_settings":{"layout":"default","base_unit_name":{"singular":null,"plural":null},"default_variation":null},"tiered_pricing_minimum_quantity":null,"tiered_pricing_roles_data":[],"tiered_pricing_percentage_rules":[],"_links":{"self":[{"href":"https:\/\/leboxi.eu\/hr\/wp-json\/wp\/v2\/product\/10415","targetHints":{"allow":["GET"]}}],"collection":[{"href":"https:\/\/leboxi.eu\/hr\/wp-json\/wp\/v2\/product"}],"about":[{"href":"https:\/\/leboxi.eu\/hr\/wp-json\/wp\/v2\/types\/product"}],"replies":[{"embeddable":true,"href":"https:\/\/leboxi.eu\/hr\/wp-json\/wp\/v2\/comments?post=10415"}],"version-history":[{"count":0,"href":"https:\/\/leboxi.eu\/hr\/wp-json\/wp\/v2\/product\/10415\/revisions"}],"wp:featuredmedia":[{"embeddable":true,"href":"https:\/\/leboxi.eu\/hr\/wp-json\/wp\/v2\/media\/10419"}],"wp:attachment":[{"href":"https:\/\/leboxi.eu\/hr\/wp-json\/wp\/v2\/media?parent=10415"}],"wp:term":[{"taxonomy":"product_brand","embeddable":true,"href":"https:\/\/leboxi.eu\/hr\/wp-json\/wp\/v2\/product_brand?post=10415"},{"taxonomy":"product_cat","embeddable":true,"href":"https:\/\/leboxi.eu\/hr\/wp-json\/wp\/v2\/product_cat?post=10415"},{"taxonomy":"product_tag","embeddable":true,"href":"https:\/\/leboxi.eu\/hr\/wp-json\/wp\/v2\/product_tag?post=10415"}],"curies":[{"name":"wp","href":"https:\/\/api.w.org\/{rel}","templated":true}]}}